{"id":20,"date":"2016-10-14T09:05:21","date_gmt":"2016-10-14T07:05:21","guid":{"rendered":"https:\/\/wl.heimpixel.de\/vorlage\/weltladen-musterdorf\/"},"modified":"2026-01-24T10:10:34","modified_gmt":"2026-01-24T09:10:34","slug":"weltladen-tettnang-2-3","status":"publish","type":"page","link":"https:\/\/weltlaeden.de\/tettnang\/","title":{"rendered":"Weltladen Tettnang"},"content":{"rendered":"<div class=\"wpb-content-wrapper\"><p>[vc_section][vc_row][vc_column width=&#8220;1\/2&#8243;][vc_column_text css=&#8220;&#8220;]<strong>Upcycling f\u00fcr den Frieden<\/strong><\/p>\n<p>In Kambodscha findet man immer noch viele H\u00fclsen von Bomben und Patronen &#8211; eine traurige Erinnerung an schlimme Zeiten. Junge Kunsthandwerker verwandeln diese Relikte in wundervolle Schmuckst\u00fccke. Stolz und Freude \u00fcber diese Transformation spiegeln die Hoffnung auf einen dauerhaften Frieden wieder.[\/vc_column_text][\/vc_column][vc_column width=&#8220;1\/2&#8243;][vc_single_image image=&#8220;2385&#8243; css=&#8220;&#8220;][vc_single_image image=&#8220;2386&#8243; css=&#8220;&#8220;][\/vc_column][\/vc_row][vc_row][vc_column][vc_separator color=&#8220;sandy_brown&#8220; border_width=&#8220;3&#8243; css=&#8220;&#8220;][\/vc_column][\/vc_row][\/vc_section][vc_row][vc_column][vc_column_text]<\/p>\n<h2>Neuigkeiten<\/h2>\n<p>[\/vc_column_text]<section class=\"items-grid wf-container\"><div class=\"wf-cell wf-1-2\"><article class=\"post-format-standard\"><div class=\"mini-post-img\"><a class=\"alignleft post-rollover layzr-bg\" href=\"https:\/\/weltlaeden.de\/tettnang\/mitgliederversammlung-des-eine-welt-vereins-tettnang-e-v\/\" aria-label=\"Post image\"><img decoding=\"async\" class=\"preload-me lazy-load aspect\" src=\"data:image\/svg+xml,%3Csvg%20xmlns%3D&#39;http%3A%2F%2Fwww.w3.org%2F2000%2Fsvg&#39;%20viewBox%3D&#39;0%200%2060%2060&#39;%2F%3E\" data-src=\"https:\/\/weltlaeden.de\/tettnang\/wp-content\/uploads\/sites\/165\/2024\/09\/sdg-60x60.png\" data-srcset=\"https:\/\/weltlaeden.de\/tettnang\/wp-content\/uploads\/sites\/165\/2024\/09\/sdg-60x60.png 60w, https:\/\/weltlaeden.de\/tettnang\/wp-content\/uploads\/sites\/165\/2024\/09\/sdg-120x120.png 120w\" loading=\"eager\" style=\"--ratio: 60 \/ 60\" sizes=\"(max-width: 60px) 100vw, 60px\" width=\"60\" height=\"60\"  alt=\"\" \/><\/a><\/div><div class=\"post-content\"><a href=\"https:\/\/weltlaeden.de\/tettnang\/mitgliederversammlung-des-eine-welt-vereins-tettnang-e-v\/\">Mitgliederversammlung des Eine-Welt-Vereins Tettnang e.V.<\/a><br \/><time class=\"text-secondary\" datetime=\"2026-01-24T10:16:00+01:00\">24. Januar 2026<\/time><\/div><\/article><\/div><div class=\"wf-cell wf-1-2\"><article class=\"post-format-standard\"><div class=\"mini-post-img\"><a class=\"alignleft post-rollover layzr-bg\" href=\"https:\/\/weltlaeden.de\/tettnang\/2358-2\/\" aria-label=\"Post image\"><img decoding=\"async\" class=\"preload-me lazy-load aspect\" src=\"data:image\/svg+xml,%3Csvg%20xmlns%3D&#39;http%3A%2F%2Fwww.w3.org%2F2000%2Fsvg&#39;%20viewBox%3D&#39;0%200%2060%2060&#39;%2F%3E\" data-src=\"https:\/\/weltlaeden.de\/tettnang\/wp-content\/uploads\/sites\/165\/2025\/11\/573317553_1147348484208052_5745407507605368052_n-60x60.jpg\" data-srcset=\"https:\/\/weltlaeden.de\/tettnang\/wp-content\/uploads\/sites\/165\/2025\/11\/573317553_1147348484208052_5745407507605368052_n-60x60.jpg 60w, https:\/\/weltlaeden.de\/tettnang\/wp-content\/uploads\/sites\/165\/2025\/11\/573317553_1147348484208052_5745407507605368052_n-120x120.jpg 120w\" loading=\"eager\" style=\"--ratio: 60 \/ 60\" sizes=\"(max-width: 60px) 100vw, 60px\" width=\"60\" height=\"60\"  alt=\"\" \/><\/a><\/div><div class=\"post-content\"><a href=\"https:\/\/weltlaeden.de\/tettnang\/2358-2\/\">Dank den Weltladen Egg im Bregenzer Wald<\/a><br \/><time class=\"text-secondary\" datetime=\"2025-11-08T09:34:19+01:00\">8. November 2025<\/time><\/div><\/article><\/div><div class=\"wf-cell wf-1-2\"><article class=\"post-format-standard\"><div class=\"mini-post-img\"><a class=\"alignleft post-rollover layzr-bg\" href=\"https:\/\/weltlaeden.de\/tettnang\/2314-2\/\" aria-label=\"Post image\"><img decoding=\"async\" class=\"preload-me lazy-load aspect\" src=\"data:image\/svg+xml,%3Csvg%20xmlns%3D&#39;http%3A%2F%2Fwww.w3.org%2F2000%2Fsvg&#39;%20viewBox%3D&#39;0%200%2060%2060&#39;%2F%3E\" data-src=\"https:\/\/weltlaeden.de\/tettnang\/wp-content\/uploads\/sites\/165\/2025\/07\/conflictfood-safran-60x60.jpg\" data-srcset=\"https:\/\/weltlaeden.de\/tettnang\/wp-content\/uploads\/sites\/165\/2025\/07\/conflictfood-safran-60x60.jpg 60w, https:\/\/weltlaeden.de\/tettnang\/wp-content\/uploads\/sites\/165\/2025\/07\/conflictfood-safran-120x120.jpg 120w\" loading=\"eager\" style=\"--ratio: 60 \/ 60\" sizes=\"(max-width: 60px) 100vw, 60px\" width=\"60\" height=\"60\"  alt=\"\" \/><\/a><\/div><div class=\"post-content\"><a href=\"https:\/\/weltlaeden.de\/tettnang\/2314-2\/\">Ein anderer Blick auf das rote Gold<\/a><br \/><time class=\"text-secondary\" datetime=\"2025-08-26T14:45:21+02:00\">26. August 2025<\/time><\/div><\/article><\/div><div class=\"wf-cell wf-1-2\"><article class=\"post-format-standard\"><div class=\"mini-post-img\"><a class=\"alignleft post-rollover layzr-bg\" href=\"https:\/\/weltlaeden.de\/tettnang\/tour-de-fair\/\" aria-label=\"Post image\"><img decoding=\"async\" class=\"preload-me lazy-load aspect\" src=\"data:image\/svg+xml,%3Csvg%20xmlns%3D&#39;http%3A%2F%2Fwww.w3.org%2F2000%2Fsvg&#39;%20viewBox%3D&#39;0%200%2060%2060&#39;%2F%3E\" data-src=\"https:\/\/weltlaeden.de\/tettnang\/wp-content\/uploads\/sites\/165\/2025\/08\/signal-2025-08-06-153126_002-60x60.png\" data-srcset=\"https:\/\/weltlaeden.de\/tettnang\/wp-content\/uploads\/sites\/165\/2025\/08\/signal-2025-08-06-153126_002-60x60.png 60w, https:\/\/weltlaeden.de\/tettnang\/wp-content\/uploads\/sites\/165\/2025\/08\/signal-2025-08-06-153126_002-120x120.png 120w\" loading=\"eager\" style=\"--ratio: 60 \/ 60\" sizes=\"(max-width: 60px) 100vw, 60px\" width=\"60\" height=\"60\"  alt=\"\" \/><\/a><\/div><div class=\"post-content\"><a href=\"https:\/\/weltlaeden.de\/tettnang\/tour-de-fair\/\">Tour de Fair<\/a><br \/><time class=\"text-secondary\" datetime=\"2025-08-06T15:36:38+02:00\">6. August 2025<\/time><\/div><\/article><\/div><div class=\"wf-cell wf-1-2\"><article class=\"post-format-standard\"><div class=\"mini-post-img\"><a class=\"alignleft post-rollover no-avatar\" href=\"https:\/\/weltlaeden.de\/tettnang\/fair-radelt-mehr\/\"  style=\"width:60px; height: 60px;\" aria-label=\"Post image\"><\/a><\/div><div class=\"post-content\"><a href=\"https:\/\/weltlaeden.de\/tettnang\/fair-radelt-mehr\/\">FAIR radelt mehr<\/a><br \/><time class=\"text-secondary\" datetime=\"2025-07-22T09:27:13+02:00\">22. Juli 2025<\/time><\/div><\/article><\/div><div class=\"wf-cell wf-1-2\"><article class=\"post-format-standard\"><div class=\"mini-post-img\"><a class=\"alignleft post-rollover no-avatar\" href=\"https:\/\/weltlaeden.de\/tettnang\/das-maerchen-von-der-sauberen-schokolade\/\"  style=\"width:60px; height: 60px;\" aria-label=\"Post image\"><\/a><\/div><div class=\"post-content\"><a href=\"https:\/\/weltlaeden.de\/tettnang\/das-maerchen-von-der-sauberen-schokolade\/\">Das M\u00e4rchen von der sauberen Schokolade<\/a><br \/><time class=\"text-secondary\" datetime=\"2025-05-07T15:31:27+02:00\">7. Mai 2025<\/time><\/div><\/article><\/div><\/section><a href=\"https:\/\/weltlaeden.de\/tettnang\/neuigkeiten\/\" class=\"btn-shortcode dt-btn-s dt-btn default-btn-color default-btn-hover-color default-btn-bg-color default-btn-bg-hover-color\" id=\"dt-btn-1\"><span>Alle Neuigkeiten<\/span><\/a>[\/vc_column][\/vc_row]<\/p>\n<\/div>","protected":false},"excerpt":{"rendered":"<p>[vc_section][vc_row][vc_column width=&#8220;1\/2&#8243;][vc_column_text css=&#8220;&#8220;]Upcycling f\u00fcr den Frieden In Kambodscha findet man immer noch viele H\u00fclsen von Bomben und Patronen &#8211; eine traurige Erinnerung an schlimme Zeiten. Junge Kunsthandwerker verwandeln diese Relikte in wundervolle Schmuckst\u00fccke. Stolz und Freude \u00fcber diese Transformation spiegeln die Hoffnung auf einen dauerhaften Frieden wieder.[\/vc_column_text][\/vc_column][vc_column width=&#8220;1\/2&#8243;][vc_single_image image=&#8220;2385&#8243; css=&#8220;&#8220;][vc_single_image image=&#8220;2386&#8243; css=&#8220;&#8220;][\/vc_column][\/vc_row][vc_row][vc_column][vc_separator color=&#8220;sandy_brown&#8220; border_width=&#8220;3&#8243; css=&#8220;&#8220;][\/vc_column][\/vc_row][\/vc_section][vc_row][vc_column][vc_column_text]&hellip;<\/p>\n","protected":false},"author":1,"featured_media":0,"parent":0,"menu_order":0,"comment_status":"closed","ping_status":"closed","template":"","meta":{"footnotes":""},"class_list":["post-20","page","type-page","status-publish","hentry","description-off"],"yoast_head":"<!-- This site is optimized with the Yoast SEO plugin v26.8 - https:\/\/yoast.com\/product\/yoast-seo-wordpress\/ -->\n<title>Weltladen Tettnang - Weltladen Tettnang<\/title>\n<meta name=\"description\" content=\"Das Fachgesch\u00e4ft f\u00fcr Fairen Handel f\u00fcr Tettnang!\" \/>\n<meta name=\"robots\" content=\"index, follow, max-snippet:-1, max-image-preview:large, max-video-preview:-1\" \/>\n<link rel=\"canonical\" href=\"https:\/\/weltlaeden.de\/tettnang\/\" \/>\n<meta property=\"og:locale\" content=\"de_DE\" \/>\n<meta property=\"og:type\" content=\"article\" \/>\n<meta property=\"og:title\" content=\"Weltladen Tettnang - Weltladen Tettnang\" \/>\n<meta property=\"og:description\" content=\"Das Fachgesch\u00e4ft f\u00fcr Fairen Handel f\u00fcr Tettnang!\" \/>\n<meta property=\"og:url\" content=\"https:\/\/weltlaeden.de\/tettnang\/\" \/>\n<meta property=\"og:site_name\" content=\"Weltladen Tettnang\" \/>\n<meta property=\"article:modified_time\" content=\"2026-01-24T09:10:34+00:00\" \/>\n<meta name=\"twitter:card\" content=\"summary_large_image\" \/>\n<meta name=\"twitter:label1\" content=\"Gesch\u00e4tzte Lesezeit\" \/>\n\t<meta name=\"twitter:data1\" content=\"1\u00a0Minute\" \/>\n<script type=\"application\/ld+json\" class=\"yoast-schema-graph\">{\"@context\":\"https:\/\/schema.org\",\"@graph\":[{\"@type\":\"WebPage\",\"@id\":\"https:\/\/weltlaeden.de\/tettnang\/\",\"url\":\"https:\/\/weltlaeden.de\/tettnang\/\",\"name\":\"Weltladen Tettnang - Weltladen Tettnang\",\"isPartOf\":{\"@id\":\"https:\/\/weltlaeden.de\/tettnang\/#website\"},\"datePublished\":\"2016-10-14T07:05:21+00:00\",\"dateModified\":\"2026-01-24T09:10:34+00:00\",\"description\":\"Das Fachgesch\u00e4ft f\u00fcr Fairen Handel f\u00fcr Tettnang!\",\"breadcrumb\":{\"@id\":\"https:\/\/weltlaeden.de\/tettnang\/#breadcrumb\"},\"inLanguage\":\"de\",\"potentialAction\":[{\"@type\":\"ReadAction\",\"target\":[\"https:\/\/weltlaeden.de\/tettnang\/\"]}]},{\"@type\":\"BreadcrumbList\",\"@id\":\"https:\/\/weltlaeden.de\/tettnang\/#breadcrumb\",\"itemListElement\":[{\"@type\":\"ListItem\",\"position\":1,\"name\":\"Startseite\",\"item\":\"https:\/\/weltlaeden.de\/tettnang\/\"},{\"@type\":\"ListItem\",\"position\":2,\"name\":\"Weltladen Tettnang\"}]},{\"@type\":\"WebSite\",\"@id\":\"https:\/\/weltlaeden.de\/tettnang\/#website\",\"url\":\"https:\/\/weltlaeden.de\/tettnang\/\",\"name\":\"Weltladen Tettnang\",\"description\":\"Ein Fachgesch\u00e4ft des Fairen Handels f\u00fcr Tettnang!\",\"potentialAction\":[{\"@type\":\"SearchAction\",\"target\":{\"@type\":\"EntryPoint\",\"urlTemplate\":\"https:\/\/weltlaeden.de\/tettnang\/?s={search_term_string}\"},\"query-input\":{\"@type\":\"PropertyValueSpecification\",\"valueRequired\":true,\"valueName\":\"search_term_string\"}}],\"inLanguage\":\"de\"}]}<\/script>\n<!-- \/ Yoast SEO plugin. -->","yoast_head_json":{"title":"Weltladen Tettnang - Weltladen Tettnang","description":"Das Fachgesch\u00e4ft f\u00fcr Fairen Handel f\u00fcr Tettnang!","robots":{"index":"index","follow":"follow","max-snippet":"max-snippet:-1","max-image-preview":"max-image-preview:large","max-video-preview":"max-video-preview:-1"},"canonical":"https:\/\/weltlaeden.de\/tettnang\/","og_locale":"de_DE","og_type":"article","og_title":"Weltladen Tettnang - Weltladen Tettnang","og_description":"Das Fachgesch\u00e4ft f\u00fcr Fairen Handel f\u00fcr Tettnang!","og_url":"https:\/\/weltlaeden.de\/tettnang\/","og_site_name":"Weltladen Tettnang","article_modified_time":"2026-01-24T09:10:34+00:00","twitter_card":"summary_large_image","twitter_misc":{"Gesch\u00e4tzte Lesezeit":"1\u00a0Minute"},"schema":{"@context":"https:\/\/schema.org","@graph":[{"@type":"WebPage","@id":"https:\/\/weltlaeden.de\/tettnang\/","url":"https:\/\/weltlaeden.de\/tettnang\/","name":"Weltladen Tettnang - Weltladen Tettnang","isPartOf":{"@id":"https:\/\/weltlaeden.de\/tettnang\/#website"},"datePublished":"2016-10-14T07:05:21+00:00","dateModified":"2026-01-24T09:10:34+00:00","description":"Das Fachgesch\u00e4ft f\u00fcr Fairen Handel f\u00fcr Tettnang!","breadcrumb":{"@id":"https:\/\/weltlaeden.de\/tettnang\/#breadcrumb"},"inLanguage":"de","potentialAction":[{"@type":"ReadAction","target":["https:\/\/weltlaeden.de\/tettnang\/"]}]},{"@type":"BreadcrumbList","@id":"https:\/\/weltlaeden.de\/tettnang\/#breadcrumb","itemListElement":[{"@type":"ListItem","position":1,"name":"Startseite","item":"https:\/\/weltlaeden.de\/tettnang\/"},{"@type":"ListItem","position":2,"name":"Weltladen Tettnang"}]},{"@type":"WebSite","@id":"https:\/\/weltlaeden.de\/tettnang\/#website","url":"https:\/\/weltlaeden.de\/tettnang\/","name":"Weltladen Tettnang","description":"Ein Fachgesch\u00e4ft des Fairen Handels f\u00fcr Tettnang!","potentialAction":[{"@type":"SearchAction","target":{"@type":"EntryPoint","urlTemplate":"https:\/\/weltlaeden.de\/tettnang\/?s={search_term_string}"},"query-input":{"@type":"PropertyValueSpecification","valueRequired":true,"valueName":"search_term_string"}}],"inLanguage":"de"}]}},"_links":{"self":[{"href":"https:\/\/weltlaeden.de\/tettnang\/wp-json\/wp\/v2\/pages\/20","targetHints":{"allow":["GET"]}}],"collection":[{"href":"https:\/\/weltlaeden.de\/tettnang\/wp-json\/wp\/v2\/pages"}],"about":[{"href":"https:\/\/weltlaeden.de\/tettnang\/wp-json\/wp\/v2\/types\/page"}],"author":[{"embeddable":true,"href":"https:\/\/weltlaeden.de\/tettnang\/wp-json\/wp\/v2\/users\/1"}],"replies":[{"embeddable":true,"href":"https:\/\/weltlaeden.de\/tettnang\/wp-json\/wp\/v2\/comments?post=20"}],"version-history":[{"count":193,"href":"https:\/\/weltlaeden.de\/tettnang\/wp-json\/wp\/v2\/pages\/20\/revisions"}],"predecessor-version":[{"id":2387,"href":"https:\/\/weltlaeden.de\/tettnang\/wp-json\/wp\/v2\/pages\/20\/revisions\/2387"}],"wp:attachment":[{"href":"https:\/\/weltlaeden.de\/tettnang\/wp-json\/wp\/v2\/media?parent=20"}],"curies":[{"name":"wp","href":"https:\/\/api.w.org\/{rel}","templated":true}]}}