{"id":1921,"date":"2023-06-26T08:44:45","date_gmt":"2023-06-26T06:44:45","guid":{"rendered":"https:\/\/weltlaeden.de\/tettnang\/?page_id=1921"},"modified":"2023-06-26T08:56:15","modified_gmt":"2023-06-26T06:56:15","slug":"handelspartner-portrait-agropia","status":"publish","type":"page","link":"https:\/\/weltlaeden.de\/tettnang\/fairer-handel\/portraits-von-handelspartnern\/handelspartner-portrait-agropia\/","title":{"rendered":"Handelspartner-Portrait: AGROPIA"},"content":{"rendered":"<p><strong><em>Handelspartner-Portrait<\/em><\/strong><\/p>\n<div>\n<h2><u>AGROPIA in Peru<br \/>\n<\/u><\/h2>\n<p><b>Mehr Lebensqualit\u00e4t durch Anbau traditioneller Kartoffelsorten<\/b><\/p>\n<\/div>\n<p>Die Cooperativa Agraria AGROPIA Ltda. wurde 2008 gegr\u00fcndet. Sie umfasst heute etwa 90 Mitgliedsfamilien in den D\u00f6rfern Pazos und Huarimbamba in der s\u00fcdwestlichen Provinz Huancavellica, Peru. Die Kooperative hat es sich zum Ziel gemacht,\u00a0die Lebensqualit\u00e4t der Mitglieder und ihrer Familien mit Hilfe des Anbaus traditioneller Kartoffelsorten dauerhaft zu verbessern.<img loading=\"lazy\" decoding=\"async\" class=\"size-medium wp-image-1928 alignright\" src=\"https:\/\/weltlaeden.de\/tettnang\/wp-content\/uploads\/sites\/165\/2023\/06\/agropia-dwp-02-300x199.png\" alt=\"\" width=\"300\" height=\"199\" srcset=\"https:\/\/weltlaeden.de\/tettnang\/wp-content\/uploads\/sites\/165\/2023\/06\/agropia-dwp-02-300x199.png 300w, https:\/\/weltlaeden.de\/tettnang\/wp-content\/uploads\/sites\/165\/2023\/06\/agropia-dwp-02-1024x680.png 1024w, https:\/\/weltlaeden.de\/tettnang\/wp-content\/uploads\/sites\/165\/2023\/06\/agropia-dwp-02-768x510.png 768w, https:\/\/weltlaeden.de\/tettnang\/wp-content\/uploads\/sites\/165\/2023\/06\/agropia-dwp-02.png 1103w\" sizes=\"auto, (max-width: 300px) 100vw, 300px\" \/><\/p>\n<p>Das besondere Augenmerk, das AGROPIA auf die Bewahrung und wirtschaftliche Nutzung fast ausgestorbener Kartoffelsorten legt, ist einzigartig. Die in mehrere Gruppen aufgeteilten Kleinbauern unterhalten jeweils ihre eigene Saatgutbank mit etwa 100 verschiedenen Kartoffelsorten. Pro Sorte kultivieren die Mitglieder auf ihren kleinen Fl\u00e4chen 5-6 Pflanzen. Damit werden die verschiedenen Variet\u00e4ten, die teilweise schon in der Inka-Zeit angebaut wurden, vor dem Aussterben bewahrt. In Peru gibt es bis heute mehr als 400 verschiedene traditionelle Kartoffelsorten; AGROPIA hilft, dieses wichtige kulturelle Erbe zu bewahren.<\/p>\n<p>Seit 2017 verarbeitet AGROPIA f\u00fcr Weltpartner zudem den Cusco Riesenmais der noch jungen Kooperative Imillay, der 22 Kleinbauern angeh\u00f6ren. Daraus entstehen zum Beispiel die beliebten <em>Maiskracher<\/em> von WeltPartner. Ebenso wie bei den Kartoffelchips bleibt die gesamte Wertsch\u00f6pfung der Produktion vor Ort in Peru und kommt den Menschen der Region zugute.<\/p>\n<p><img loading=\"lazy\" decoding=\"async\" class=\"alignleft size-medium wp-image-1923\" src=\"https:\/\/weltlaeden.de\/tettnang\/wp-content\/uploads\/sites\/165\/2023\/06\/agropia-dwp-die-weltpartner-bild2-300x200.jpg\" alt=\"\" width=\"300\" height=\"200\" srcset=\"https:\/\/weltlaeden.de\/tettnang\/wp-content\/uploads\/sites\/165\/2023\/06\/agropia-dwp-die-weltpartner-bild2-300x200.jpg 300w, https:\/\/weltlaeden.de\/tettnang\/wp-content\/uploads\/sites\/165\/2023\/06\/agropia-dwp-die-weltpartner-bild2-1024x682.jpg 1024w, https:\/\/weltlaeden.de\/tettnang\/wp-content\/uploads\/sites\/165\/2023\/06\/agropia-dwp-die-weltpartner-bild2-768x512.jpg 768w, https:\/\/weltlaeden.de\/tettnang\/wp-content\/uploads\/sites\/165\/2023\/06\/agropia-dwp-die-weltpartner-bild2.jpg 1280w\" sizes=\"auto, (max-width: 300px) 100vw, 300px\" \/><img loading=\"lazy\" decoding=\"async\" class=\"alignleft size-medium wp-image-1924\" src=\"https:\/\/weltlaeden.de\/tettnang\/wp-content\/uploads\/sites\/165\/2023\/06\/agropia-dwp-die-weltpartner-bild5-300x200.jpg\" alt=\"\" width=\"300\" height=\"200\" srcset=\"https:\/\/weltlaeden.de\/tettnang\/wp-content\/uploads\/sites\/165\/2023\/06\/agropia-dwp-die-weltpartner-bild5-300x200.jpg 300w, https:\/\/weltlaeden.de\/tettnang\/wp-content\/uploads\/sites\/165\/2023\/06\/agropia-dwp-die-weltpartner-bild5-1024x683.jpg 1024w, https:\/\/weltlaeden.de\/tettnang\/wp-content\/uploads\/sites\/165\/2023\/06\/agropia-dwp-die-weltpartner-bild5-768x512.jpg 768w, https:\/\/weltlaeden.de\/tettnang\/wp-content\/uploads\/sites\/165\/2023\/06\/agropia-dwp-die-weltpartner-bild5.jpg 1280w\" sizes=\"auto, (max-width: 300px) 100vw, 300px\" \/><\/p>\n<p>&nbsp;<\/p>\n<p>&nbsp;<\/p>\n<p>&nbsp;<\/p>\n<p>&nbsp;<\/p>\n<p>&nbsp;<\/p>\n<p>&nbsp;<\/p>\n<p>&nbsp;<\/p>\n<p>F\u00fcr die Kleinbauern und ihre Familien bedeutet die Mitgliedschaft bei AGROPIA vielf\u00e4ltige Vorteile. Neben einem kontinuierlichen Absatz ihrer Produkte zu fairen Erzeugerpreisen erhalten sie vielf\u00e4ltige Schulungen in den Bereichen biologischer Anbau, Diversifizierung und Naturschutz. Verschiedene Bildungs- und Schulungsprogramme, technische Unterst\u00fctzung, Vorfinanzierung und Kleinkredite zu g\u00fcnstigen Zinsen erg\u00e4nzen die Leistungen.<\/p>\n<p>Die F\u00f6rderung und Unterst\u00fctzung von Frauen, die 37 % der Mitglieder stellen, ist ebenfalls ein wichtiges Anliegen von AGROPIA. So sind verschiedene leitende Positionen der Kooperative mit Frauen besetzt.<\/p>\n<p><img loading=\"lazy\" decoding=\"async\" class=\"alignleft size-medium wp-image-1927\" src=\"https:\/\/weltlaeden.de\/tettnang\/wp-content\/uploads\/sites\/165\/2023\/06\/agropia-dwp-01-300x200.png\" alt=\"\" width=\"300\" height=\"200\" srcset=\"https:\/\/weltlaeden.de\/tettnang\/wp-content\/uploads\/sites\/165\/2023\/06\/agropia-dwp-01-300x200.png 300w, https:\/\/weltlaeden.de\/tettnang\/wp-content\/uploads\/sites\/165\/2023\/06\/agropia-dwp-01-1024x682.png 1024w, https:\/\/weltlaeden.de\/tettnang\/wp-content\/uploads\/sites\/165\/2023\/06\/agropia-dwp-01-768x512.png 768w, https:\/\/weltlaeden.de\/tettnang\/wp-content\/uploads\/sites\/165\/2023\/06\/agropia-dwp-01.png 1109w\" sizes=\"auto, (max-width: 300px) 100vw, 300px\" \/><img loading=\"lazy\" decoding=\"async\" class=\"alignleft size-medium wp-image-1936\" src=\"https:\/\/weltlaeden.de\/tettnang\/wp-content\/uploads\/sites\/165\/2023\/06\/agropia-dwp-03-1-300x208.png\" alt=\"\" width=\"300\" height=\"208\" srcset=\"https:\/\/weltlaeden.de\/tettnang\/wp-content\/uploads\/sites\/165\/2023\/06\/agropia-dwp-03-1-300x208.png 300w, https:\/\/weltlaeden.de\/tettnang\/wp-content\/uploads\/sites\/165\/2023\/06\/agropia-dwp-03-1-768x532.png 768w, https:\/\/weltlaeden.de\/tettnang\/wp-content\/uploads\/sites\/165\/2023\/06\/agropia-dwp-03-1.png 1010w\" sizes=\"auto, (max-width: 300px) 100vw, 300px\" \/><\/p>\n<p>&nbsp;<\/p>\n<p>&nbsp;<\/p>\n","protected":false},"excerpt":{"rendered":"<p>Handelspartner-Portrait AGROPIA in Peru Mehr Lebensqualit\u00e4t durch Anbau traditioneller Kartoffelsorten Die Cooperativa Agraria AGROPIA Ltda. wurde 2008 gegr\u00fcndet. Sie umfasst heute etwa 90 Mitgliedsfamilien in den D\u00f6rfern Pazos und Huarimbamba in der s\u00fcdwestlichen Provinz Huancavellica, Peru. Die Kooperative hat es sich zum Ziel gemacht,\u00a0die Lebensqualit\u00e4t der Mitglieder und ihrer Familien mit Hilfe des Anbaus traditioneller&hellip;<\/p>\n","protected":false},"author":235,"featured_media":0,"parent":1663,"menu_order":0,"comment_status":"closed","ping_status":"closed","template":"","meta":{"footnotes":""},"class_list":["post-1921","page","type-page","status-publish","hentry","description-off"],"yoast_head":"<!-- This site is optimized with the Yoast SEO plugin v26.8 - https:\/\/yoast.com\/product\/yoast-seo-wordpress\/ -->\n<title>Handelspartner-Portrait: AGROPIA - Weltladen Tettnang<\/title>\n<meta name=\"robots\" content=\"index, follow, max-snippet:-1, max-image-preview:large, max-video-preview:-1\" \/>\n<link rel=\"canonical\" href=\"https:\/\/weltlaeden.de\/tettnang\/fairer-handel\/portraits-von-handelspartnern\/handelspartner-portrait-agropia\/\" \/>\n<meta property=\"og:locale\" content=\"de_DE\" \/>\n<meta property=\"og:type\" content=\"article\" \/>\n<meta property=\"og:title\" content=\"Handelspartner-Portrait: AGROPIA - Weltladen Tettnang\" \/>\n<meta property=\"og:description\" content=\"Handelspartner-Portrait AGROPIA in Peru Mehr Lebensqualit\u00e4t durch Anbau traditioneller Kartoffelsorten Die Cooperativa Agraria AGROPIA Ltda. wurde 2008 gegr\u00fcndet. Sie umfasst heute etwa 90 Mitgliedsfamilien in den D\u00f6rfern Pazos und Huarimbamba in der s\u00fcdwestlichen Provinz Huancavellica, Peru. Die Kooperative hat es sich zum Ziel gemacht,\u00a0die Lebensqualit\u00e4t der Mitglieder und ihrer Familien mit Hilfe des Anbaus traditioneller&hellip;\" \/>\n<meta property=\"og:url\" content=\"https:\/\/weltlaeden.de\/tettnang\/fairer-handel\/portraits-von-handelspartnern\/handelspartner-portrait-agropia\/\" \/>\n<meta property=\"og:site_name\" content=\"Weltladen Tettnang\" \/>\n<meta property=\"article:modified_time\" content=\"2023-06-26T06:56:15+00:00\" \/>\n<meta property=\"og:image\" content=\"https:\/\/weltlaeden.de\/tettnang\/wp-content\/uploads\/sites\/165\/2023\/06\/agropia-dwp-02-300x199.png\" \/>\n<meta name=\"twitter:card\" content=\"summary_large_image\" \/>\n<meta name=\"twitter:label1\" content=\"Gesch\u00e4tzte Lesezeit\" \/>\n\t<meta name=\"twitter:data1\" content=\"3\u00a0Minuten\" \/>\n<script type=\"application\/ld+json\" class=\"yoast-schema-graph\">{\"@context\":\"https:\/\/schema.org\",\"@graph\":[{\"@type\":\"WebPage\",\"@id\":\"https:\/\/weltlaeden.de\/tettnang\/fairer-handel\/portraits-von-handelspartnern\/handelspartner-portrait-agropia\/\",\"url\":\"https:\/\/weltlaeden.de\/tettnang\/fairer-handel\/portraits-von-handelspartnern\/handelspartner-portrait-agropia\/\",\"name\":\"Handelspartner-Portrait: AGROPIA - Weltladen Tettnang\",\"isPartOf\":{\"@id\":\"https:\/\/weltlaeden.de\/tettnang\/#website\"},\"primaryImageOfPage\":{\"@id\":\"https:\/\/weltlaeden.de\/tettnang\/fairer-handel\/portraits-von-handelspartnern\/handelspartner-portrait-agropia\/#primaryimage\"},\"image\":{\"@id\":\"https:\/\/weltlaeden.de\/tettnang\/fairer-handel\/portraits-von-handelspartnern\/handelspartner-portrait-agropia\/#primaryimage\"},\"thumbnailUrl\":\"https:\/\/weltlaeden.de\/tettnang\/wp-content\/uploads\/sites\/165\/2023\/06\/agropia-dwp-02-300x199.png\",\"datePublished\":\"2023-06-26T06:44:45+00:00\",\"dateModified\":\"2023-06-26T06:56:15+00:00\",\"breadcrumb\":{\"@id\":\"https:\/\/weltlaeden.de\/tettnang\/fairer-handel\/portraits-von-handelspartnern\/handelspartner-portrait-agropia\/#breadcrumb\"},\"inLanguage\":\"de\",\"potentialAction\":[{\"@type\":\"ReadAction\",\"target\":[\"https:\/\/weltlaeden.de\/tettnang\/fairer-handel\/portraits-von-handelspartnern\/handelspartner-portrait-agropia\/\"]}]},{\"@type\":\"ImageObject\",\"inLanguage\":\"de\",\"@id\":\"https:\/\/weltlaeden.de\/tettnang\/fairer-handel\/portraits-von-handelspartnern\/handelspartner-portrait-agropia\/#primaryimage\",\"url\":\"https:\/\/weltlaeden.de\/tettnang\/wp-content\/uploads\/sites\/165\/2023\/06\/agropia-dwp-02.png\",\"contentUrl\":\"https:\/\/weltlaeden.de\/tettnang\/wp-content\/uploads\/sites\/165\/2023\/06\/agropia-dwp-02.png\",\"width\":1103,\"height\":732},{\"@type\":\"BreadcrumbList\",\"@id\":\"https:\/\/weltlaeden.de\/tettnang\/fairer-handel\/portraits-von-handelspartnern\/handelspartner-portrait-agropia\/#breadcrumb\",\"itemListElement\":[{\"@type\":\"ListItem\",\"position\":1,\"name\":\"Startseite\",\"item\":\"https:\/\/weltlaeden.de\/tettnang\/\"},{\"@type\":\"ListItem\",\"position\":2,\"name\":\"Fairer Handel\",\"item\":\"https:\/\/weltlaeden.de\/tettnang\/fairer-handel\/\"},{\"@type\":\"ListItem\",\"position\":3,\"name\":\"Portraits von Handelspartnern: \u00dcbersichtsseite\",\"item\":\"https:\/\/weltlaeden.de\/tettnang\/fairer-handel\/portraits-von-handelspartnern\/\"},{\"@type\":\"ListItem\",\"position\":4,\"name\":\"Handelspartner-Portrait: AGROPIA\"}]},{\"@type\":\"WebSite\",\"@id\":\"https:\/\/weltlaeden.de\/tettnang\/#website\",\"url\":\"https:\/\/weltlaeden.de\/tettnang\/\",\"name\":\"Weltladen Tettnang\",\"description\":\"Ein Fachgesch\u00e4ft des Fairen Handels f\u00fcr Tettnang!\",\"potentialAction\":[{\"@type\":\"SearchAction\",\"target\":{\"@type\":\"EntryPoint\",\"urlTemplate\":\"https:\/\/weltlaeden.de\/tettnang\/?s={search_term_string}\"},\"query-input\":{\"@type\":\"PropertyValueSpecification\",\"valueRequired\":true,\"valueName\":\"search_term_string\"}}],\"inLanguage\":\"de\"}]}<\/script>\n<!-- \/ Yoast SEO plugin. -->","yoast_head_json":{"title":"Handelspartner-Portrait: AGROPIA - Weltladen Tettnang","robots":{"index":"index","follow":"follow","max-snippet":"max-snippet:-1","max-image-preview":"max-image-preview:large","max-video-preview":"max-video-preview:-1"},"canonical":"https:\/\/weltlaeden.de\/tettnang\/fairer-handel\/portraits-von-handelspartnern\/handelspartner-portrait-agropia\/","og_locale":"de_DE","og_type":"article","og_title":"Handelspartner-Portrait: AGROPIA - Weltladen Tettnang","og_description":"Handelspartner-Portrait AGROPIA in Peru Mehr Lebensqualit\u00e4t durch Anbau traditioneller Kartoffelsorten Die Cooperativa Agraria AGROPIA Ltda. wurde 2008 gegr\u00fcndet. Sie umfasst heute etwa 90 Mitgliedsfamilien in den D\u00f6rfern Pazos und Huarimbamba in der s\u00fcdwestlichen Provinz Huancavellica, Peru. Die Kooperative hat es sich zum Ziel gemacht,\u00a0die Lebensqualit\u00e4t der Mitglieder und ihrer Familien mit Hilfe des Anbaus traditioneller&hellip;","og_url":"https:\/\/weltlaeden.de\/tettnang\/fairer-handel\/portraits-von-handelspartnern\/handelspartner-portrait-agropia\/","og_site_name":"Weltladen Tettnang","article_modified_time":"2023-06-26T06:56:15+00:00","og_image":[{"url":"https:\/\/weltlaeden.de\/tettnang\/wp-content\/uploads\/sites\/165\/2023\/06\/agropia-dwp-02-300x199.png","type":"","width":"","height":""}],"twitter_card":"summary_large_image","twitter_misc":{"Gesch\u00e4tzte Lesezeit":"3\u00a0Minuten"},"schema":{"@context":"https:\/\/schema.org","@graph":[{"@type":"WebPage","@id":"https:\/\/weltlaeden.de\/tettnang\/fairer-handel\/portraits-von-handelspartnern\/handelspartner-portrait-agropia\/","url":"https:\/\/weltlaeden.de\/tettnang\/fairer-handel\/portraits-von-handelspartnern\/handelspartner-portrait-agropia\/","name":"Handelspartner-Portrait: AGROPIA - Weltladen Tettnang","isPartOf":{"@id":"https:\/\/weltlaeden.de\/tettnang\/#website"},"primaryImageOfPage":{"@id":"https:\/\/weltlaeden.de\/tettnang\/fairer-handel\/portraits-von-handelspartnern\/handelspartner-portrait-agropia\/#primaryimage"},"image":{"@id":"https:\/\/weltlaeden.de\/tettnang\/fairer-handel\/portraits-von-handelspartnern\/handelspartner-portrait-agropia\/#primaryimage"},"thumbnailUrl":"https:\/\/weltlaeden.de\/tettnang\/wp-content\/uploads\/sites\/165\/2023\/06\/agropia-dwp-02-300x199.png","datePublished":"2023-06-26T06:44:45+00:00","dateModified":"2023-06-26T06:56:15+00:00","breadcrumb":{"@id":"https:\/\/weltlaeden.de\/tettnang\/fairer-handel\/portraits-von-handelspartnern\/handelspartner-portrait-agropia\/#breadcrumb"},"inLanguage":"de","potentialAction":[{"@type":"ReadAction","target":["https:\/\/weltlaeden.de\/tettnang\/fairer-handel\/portraits-von-handelspartnern\/handelspartner-portrait-agropia\/"]}]},{"@type":"ImageObject","inLanguage":"de","@id":"https:\/\/weltlaeden.de\/tettnang\/fairer-handel\/portraits-von-handelspartnern\/handelspartner-portrait-agropia\/#primaryimage","url":"https:\/\/weltlaeden.de\/tettnang\/wp-content\/uploads\/sites\/165\/2023\/06\/agropia-dwp-02.png","contentUrl":"https:\/\/weltlaeden.de\/tettnang\/wp-content\/uploads\/sites\/165\/2023\/06\/agropia-dwp-02.png","width":1103,"height":732},{"@type":"BreadcrumbList","@id":"https:\/\/weltlaeden.de\/tettnang\/fairer-handel\/portraits-von-handelspartnern\/handelspartner-portrait-agropia\/#breadcrumb","itemListElement":[{"@type":"ListItem","position":1,"name":"Startseite","item":"https:\/\/weltlaeden.de\/tettnang\/"},{"@type":"ListItem","position":2,"name":"Fairer Handel","item":"https:\/\/weltlaeden.de\/tettnang\/fairer-handel\/"},{"@type":"ListItem","position":3,"name":"Portraits von Handelspartnern: \u00dcbersichtsseite","item":"https:\/\/weltlaeden.de\/tettnang\/fairer-handel\/portraits-von-handelspartnern\/"},{"@type":"ListItem","position":4,"name":"Handelspartner-Portrait: AGROPIA"}]},{"@type":"WebSite","@id":"https:\/\/weltlaeden.de\/tettnang\/#website","url":"https:\/\/weltlaeden.de\/tettnang\/","name":"Weltladen Tettnang","description":"Ein Fachgesch\u00e4ft des Fairen Handels f\u00fcr Tettnang!","potentialAction":[{"@type":"SearchAction","target":{"@type":"EntryPoint","urlTemplate":"https:\/\/weltlaeden.de\/tettnang\/?s={search_term_string}"},"query-input":{"@type":"PropertyValueSpecification","valueRequired":true,"valueName":"search_term_string"}}],"inLanguage":"de"}]}},"_links":{"self":[{"href":"https:\/\/weltlaeden.de\/tettnang\/wp-json\/wp\/v2\/pages\/1921","targetHints":{"allow":["GET"]}}],"collection":[{"href":"https:\/\/weltlaeden.de\/tettnang\/wp-json\/wp\/v2\/pages"}],"about":[{"href":"https:\/\/weltlaeden.de\/tettnang\/wp-json\/wp\/v2\/types\/page"}],"author":[{"embeddable":true,"href":"https:\/\/weltlaeden.de\/tettnang\/wp-json\/wp\/v2\/users\/235"}],"replies":[{"embeddable":true,"href":"https:\/\/weltlaeden.de\/tettnang\/wp-json\/wp\/v2\/comments?post=1921"}],"version-history":[{"count":7,"href":"https:\/\/weltlaeden.de\/tettnang\/wp-json\/wp\/v2\/pages\/1921\/revisions"}],"predecessor-version":[{"id":1937,"href":"https:\/\/weltlaeden.de\/tettnang\/wp-json\/wp\/v2\/pages\/1921\/revisions\/1937"}],"up":[{"embeddable":true,"href":"https:\/\/weltlaeden.de\/tettnang\/wp-json\/wp\/v2\/pages\/1663"}],"wp:attachment":[{"href":"https:\/\/weltlaeden.de\/tettnang\/wp-json\/wp\/v2\/media?parent=1921"}],"curies":[{"name":"wp","href":"https:\/\/api.w.org\/{rel}","templated":true}]}}