{"id":1853,"date":"2023-04-04T16:16:25","date_gmt":"2023-04-04T14:16:25","guid":{"rendered":"https:\/\/weltlaeden.de\/tettnang\/fairer-handel\/portraits-von-handelspartnern\/handelspartner-portrait-aprolma-2\/"},"modified":"2025-09-24T19:30:33","modified_gmt":"2025-09-24T17:30:33","slug":"handelspartner-portrait-global-mamas","status":"publish","type":"page","link":"https:\/\/weltlaeden.de\/tettnang\/fairer-handel\/portraits-von-handelspartnern\/handelspartner-portrait-global-mamas\/","title":{"rendered":"Handelspartner-Portrait: Global Mamas"},"content":{"rendered":"<div class=\"wpb-content-wrapper\"><p>[vc_row][vc_column][vc_column_text css=&#8220;&#8220;]<strong><em>Handelspartner-Portrait<\/em><\/strong><\/p>\n<div>\n<h2><u>Die Global Mamas in Ghana\u00a0<\/u><\/h2>\n<p><b>Mit bunten Stoffen zu mehr Unabh\u00e4ngigkeit<\/b><u><br \/>\n<\/u><br \/>\n<a href=\"https:\/\/weltlaeden.de\/tettnang\/wp-content\/uploads\/sites\/165\/2025\/09\/Invasive-to-Inventive-Creating-Livelihoods-from-Water-Weeds.mp4\" target=\"_blank\"><img decoding=\"async\" src=\"https:\/\/weltlaeden.de\/tettnang\/wp-content\/uploads\/sites\/165\/2025\/09\/global-mamas-e1758734766188.jpg\"><\/a><br \/>\nF\u00fcr das Video, bitte auf das Logo klicken!<\/p>\n<p>Die farbenfrohen Stoffe leuchten von weitem. Mit einer traditionellen Batiktechnik bearbeitet Mary Koomson die Baumwolle, aus der sp\u00e4ter Kleidung, Tischl\u00e4ufer oder K\u00fcchensch\u00fcrzen gen\u00e4ht werden. Die Unternehmerin, die ihre Batik-Werkstatt in Cape Coast betreibt, ist eine von rund 400 Mitarbeiterinnen, die f\u00fcr die Dachorganisation \u201cGlobal Mamas\u201d in Ghana arbeitet.<\/p>\n<\/div>\n<p>[\/vc_column_text]<div class=\"wl_einzelbild\"><p><img loading=\"lazy\" decoding=\"async\" class=\"alignleft size-large wp-image-1816\" src=\"https:\/\/weltlaeden.de\/tettnang\/wp-content\/uploads\/sites\/165\/2023\/02\/grafik-1024x688.png\" alt=\"\" width=\"1024\" height=\"688\" srcset=\"https:\/\/weltlaeden.de\/tettnang\/wp-content\/uploads\/sites\/165\/2023\/02\/grafik-1024x688.png 1024w, https:\/\/weltlaeden.de\/tettnang\/wp-content\/uploads\/sites\/165\/2023\/02\/grafik-300x202.png 300w, https:\/\/weltlaeden.de\/tettnang\/wp-content\/uploads\/sites\/165\/2023\/02\/grafik-768x516.png 768w, https:\/\/weltlaeden.de\/tettnang\/wp-content\/uploads\/sites\/165\/2023\/02\/grafik.png 1280w\" sizes=\"auto, (max-width: 1024px) 100vw, 1024px\" \/><\/p><\/div>[vc_row_inner][vc_column_inner width=&#8220;2\/3&#8243;][vc_column_text]<\/p>\n<div>\n<p>Im Jahr 2003<b> <\/b>ist Global Mamas angetreten, um Frauen in Ghana beim Aufbau einer Existenz zu f\u00f6rdern. Die Dachorganisation ist rund um Accra &#8211; der Hauptstadt Ghanas &#8211; sowohl Arbeitgeberin als auch Unterst\u00fctzerin von nachhaltiger Produktion. Es gibt verschiedene Formen der Zusammenarbeit mit den Frauen vor Ort: Einerseits diejenigen, die ausschlie\u00dflich f\u00fcr die Fairhandels-Firma arbeiten, dann Frauen, die ein eigenes Gewerbe als Batikerin oder N\u00e4herin haben und Auftr\u00e4ge von Global Mamas \u00fcbernehmen.<br \/>\nDer Tettnanger Weltladen hat sich aus mehreren Gr\u00fcnden f\u00fcr Produkte von Global Mamas entschieden: Traditionelle Fertigkeiten der Menschen in Ghana werden \u201caufrechterhalten\u201d, zudem erwirtschaften die Frauen existenzsichernde L\u00f6hne. Die Mitarbeiterinnen werden umfassend geschult und dadurch unternehmerisch kompetent und unabh\u00e4ngig.<\/p>\n<p>&nbsp;<\/p>\n<\/div>\n<p>[\/vc_column_text][\/vc_column_inner][vc_column_inner width=&#8220;1\/3&#8243;]<div class=\"wl_einzelbild\"><p><img loading=\"lazy\" decoding=\"async\" class=\"alignleft size-large wp-image-1818\" src=\"https:\/\/weltlaeden.de\/tettnang\/wp-content\/uploads\/sites\/165\/2023\/02\/grafik-2-682x1024.png\" alt=\"\" width=\"682\" height=\"1024\" srcset=\"https:\/\/weltlaeden.de\/tettnang\/wp-content\/uploads\/sites\/165\/2023\/02\/grafik-2-682x1024.png 682w, https:\/\/weltlaeden.de\/tettnang\/wp-content\/uploads\/sites\/165\/2023\/02\/grafik-2-200x300.png 200w, https:\/\/weltlaeden.de\/tettnang\/wp-content\/uploads\/sites\/165\/2023\/02\/grafik-2-768x1152.png 768w, https:\/\/weltlaeden.de\/tettnang\/wp-content\/uploads\/sites\/165\/2023\/02\/grafik-2.png 853w\" sizes=\"auto, (max-width: 682px) 100vw, 682px\" \/><\/p><\/div>[\/vc_column_inner][\/vc_row_inner][\/vc_column][\/vc_row][vc_row][vc_column width=&#8220;1\/3&#8243;]<div class=\"wl_einzelbild\"><p><img loading=\"lazy\" decoding=\"async\" class=\"alignleft size-large wp-image-1817\" src=\"https:\/\/weltlaeden.de\/tettnang\/wp-content\/uploads\/sites\/165\/2023\/02\/grafik-1-1024x682.png\" alt=\"\" width=\"1024\" height=\"682\" srcset=\"https:\/\/weltlaeden.de\/tettnang\/wp-content\/uploads\/sites\/165\/2023\/02\/grafik-1-1024x682.png 1024w, https:\/\/weltlaeden.de\/tettnang\/wp-content\/uploads\/sites\/165\/2023\/02\/grafik-1-300x200.png 300w, https:\/\/weltlaeden.de\/tettnang\/wp-content\/uploads\/sites\/165\/2023\/02\/grafik-1-768x512.png 768w, https:\/\/weltlaeden.de\/tettnang\/wp-content\/uploads\/sites\/165\/2023\/02\/grafik-1.png 1280w\" sizes=\"auto, (max-width: 1024px) 100vw, 1024px\" \/><\/p><\/div>[\/vc_column][vc_column width=&#8220;2\/3&#8243;][vc_column_text]<\/p>\n<div>\n<p>In traditioneller Wachsbatik-Technik werden die Stoffe von Hand bedruckt und gef\u00e4rbt. Zudem kommt biozertifizierte Baumwolle bei Global Mamas zum Einsatz. Nicht nur die Batik-Stempel (und damit die Muster) werden von den Frauen selbst geschnitten, die Farben selbst hergestellt und die Produkte gen\u00e4ht. Sondern bei K\u00fcchensch\u00fcrzen werden auch Mehls\u00e4cke &#8211; eigentlich ein Abfallprodukt &#8211; als R\u00fcckseite verwendet und erhalten damit ein zweites Leben. Bei uns laufen solche Produkte unter der Bezeichnung upcycling. Die K\u00fcchensch\u00fcrzen, Tischl\u00e4ufer und weitere Produkte werden im Weltladen angeboteten. In einem Land ohne staatliches Abfallsystem leisten Menschen wie bei Global Mamas einen wichtigen Beitrag\u00a0 zur M\u00fcllvermeidung, ohne dass dabei von Recycling oder Upcycling gesprochen wird. Der sorgsame Umgang mit Rohstoffen tr\u00e4gt dazu bei die Produktionskosten zu minimieren. Die Frauen bei Global Mamas erwirtschaften L\u00f6hne, die dem zweieinhalbfachen des gesetzlichen Mindestlohns in Ghana entsprechen.<\/p>\n<\/div>\n<p>[\/vc_column_text][\/vc_column][\/vc_row]<\/p>\n<\/div>","protected":false},"excerpt":{"rendered":"<p>[vc_row][vc_column][vc_column_text css=&#8220;&#8220;]Handelspartner-Portrait Die Global Mamas in Ghana\u00a0 Mit bunten Stoffen zu mehr Unabh\u00e4ngigkeit F\u00fcr das Video, bitte auf das Logo klicken! Die farbenfrohen Stoffe leuchten von weitem. Mit einer traditionellen Batiktechnik bearbeitet Mary Koomson die Baumwolle, aus der sp\u00e4ter Kleidung, Tischl\u00e4ufer oder K\u00fcchensch\u00fcrzen gen\u00e4ht werden. Die Unternehmerin, die ihre Batik-Werkstatt in Cape Coast betreibt, ist&hellip;<\/p>\n","protected":false},"author":14,"featured_media":0,"parent":1663,"menu_order":0,"comment_status":"closed","ping_status":"closed","template":"","meta":{"footnotes":""},"class_list":["post-1853","page","type-page","status-publish","hentry","description-off"],"yoast_head":"<!-- This site is optimized with the Yoast SEO plugin v26.8 - https:\/\/yoast.com\/product\/yoast-seo-wordpress\/ -->\n<title>Handelspartner-Portrait: Global Mamas - Weltladen Tettnang<\/title>\n<meta name=\"robots\" content=\"index, follow, max-snippet:-1, max-image-preview:large, max-video-preview:-1\" \/>\n<link rel=\"canonical\" href=\"https:\/\/weltlaeden.de\/tettnang\/fairer-handel\/portraits-von-handelspartnern\/handelspartner-portrait-global-mamas\/\" \/>\n<meta property=\"og:locale\" content=\"de_DE\" \/>\n<meta property=\"og:type\" content=\"article\" \/>\n<meta property=\"og:title\" content=\"Handelspartner-Portrait: Global Mamas - Weltladen Tettnang\" \/>\n<meta property=\"og:description\" content=\"[vc_row][vc_column][vc_column_text css=&#8220;&#8220;]Handelspartner-Portrait Die Global Mamas in Ghana\u00a0 Mit bunten Stoffen zu mehr Unabh\u00e4ngigkeit F\u00fcr das Video, bitte auf das Logo klicken! Die farbenfrohen Stoffe leuchten von weitem. Mit einer traditionellen Batiktechnik bearbeitet Mary Koomson die Baumwolle, aus der sp\u00e4ter Kleidung, Tischl\u00e4ufer oder K\u00fcchensch\u00fcrzen gen\u00e4ht werden. Die Unternehmerin, die ihre Batik-Werkstatt in Cape Coast betreibt, ist&hellip;\" \/>\n<meta property=\"og:url\" content=\"https:\/\/weltlaeden.de\/tettnang\/fairer-handel\/portraits-von-handelspartnern\/handelspartner-portrait-global-mamas\/\" \/>\n<meta property=\"og:site_name\" content=\"Weltladen Tettnang\" \/>\n<meta property=\"article:modified_time\" content=\"2025-09-24T17:30:33+00:00\" \/>\n<meta property=\"og:image\" content=\"https:\/\/weltlaeden.de\/tettnang\/wp-content\/uploads\/sites\/165\/2025\/09\/global-mamas-e1758734766188.jpg\" \/>\n<meta name=\"twitter:card\" content=\"summary_large_image\" \/>\n<meta name=\"twitter:label1\" content=\"Gesch\u00e4tzte Lesezeit\" \/>\n\t<meta name=\"twitter:data1\" content=\"3\u00a0Minuten\" \/>\n<script type=\"application\/ld+json\" class=\"yoast-schema-graph\">{\"@context\":\"https:\/\/schema.org\",\"@graph\":[{\"@type\":\"WebPage\",\"@id\":\"https:\/\/weltlaeden.de\/tettnang\/fairer-handel\/portraits-von-handelspartnern\/handelspartner-portrait-global-mamas\/\",\"url\":\"https:\/\/weltlaeden.de\/tettnang\/fairer-handel\/portraits-von-handelspartnern\/handelspartner-portrait-global-mamas\/\",\"name\":\"Handelspartner-Portrait: Global Mamas - Weltladen Tettnang\",\"isPartOf\":{\"@id\":\"https:\/\/weltlaeden.de\/tettnang\/#website\"},\"primaryImageOfPage\":{\"@id\":\"https:\/\/weltlaeden.de\/tettnang\/fairer-handel\/portraits-von-handelspartnern\/handelspartner-portrait-global-mamas\/#primaryimage\"},\"image\":{\"@id\":\"https:\/\/weltlaeden.de\/tettnang\/fairer-handel\/portraits-von-handelspartnern\/handelspartner-portrait-global-mamas\/#primaryimage\"},\"thumbnailUrl\":\"https:\/\/weltlaeden.de\/tettnang\/wp-content\/uploads\/sites\/165\/2025\/09\/global-mamas-e1758734766188.jpg\",\"datePublished\":\"2023-04-04T14:16:25+00:00\",\"dateModified\":\"2025-09-24T17:30:33+00:00\",\"breadcrumb\":{\"@id\":\"https:\/\/weltlaeden.de\/tettnang\/fairer-handel\/portraits-von-handelspartnern\/handelspartner-portrait-global-mamas\/#breadcrumb\"},\"inLanguage\":\"de\",\"potentialAction\":[{\"@type\":\"ReadAction\",\"target\":[\"https:\/\/weltlaeden.de\/tettnang\/fairer-handel\/portraits-von-handelspartnern\/handelspartner-portrait-global-mamas\/\"]}]},{\"@type\":\"ImageObject\",\"inLanguage\":\"de\",\"@id\":\"https:\/\/weltlaeden.de\/tettnang\/fairer-handel\/portraits-von-handelspartnern\/handelspartner-portrait-global-mamas\/#primaryimage\",\"url\":\"https:\/\/weltlaeden.de\/tettnang\/wp-content\/uploads\/sites\/165\/2025\/09\/global-mamas-e1758734766188.jpg\",\"contentUrl\":\"https:\/\/weltlaeden.de\/tettnang\/wp-content\/uploads\/sites\/165\/2025\/09\/global-mamas-e1758734766188.jpg\",\"width\":233,\"height\":101},{\"@type\":\"BreadcrumbList\",\"@id\":\"https:\/\/weltlaeden.de\/tettnang\/fairer-handel\/portraits-von-handelspartnern\/handelspartner-portrait-global-mamas\/#breadcrumb\",\"itemListElement\":[{\"@type\":\"ListItem\",\"position\":1,\"name\":\"Startseite\",\"item\":\"https:\/\/weltlaeden.de\/tettnang\/\"},{\"@type\":\"ListItem\",\"position\":2,\"name\":\"Fairer Handel\",\"item\":\"https:\/\/weltlaeden.de\/tettnang\/fairer-handel\/\"},{\"@type\":\"ListItem\",\"position\":3,\"name\":\"Portraits von Handelspartnern: \u00dcbersichtsseite\",\"item\":\"https:\/\/weltlaeden.de\/tettnang\/fairer-handel\/portraits-von-handelspartnern\/\"},{\"@type\":\"ListItem\",\"position\":4,\"name\":\"Handelspartner-Portrait: Global Mamas\"}]},{\"@type\":\"WebSite\",\"@id\":\"https:\/\/weltlaeden.de\/tettnang\/#website\",\"url\":\"https:\/\/weltlaeden.de\/tettnang\/\",\"name\":\"Weltladen Tettnang\",\"description\":\"Ein Fachgesch\u00e4ft des Fairen Handels f\u00fcr Tettnang!\",\"potentialAction\":[{\"@type\":\"SearchAction\",\"target\":{\"@type\":\"EntryPoint\",\"urlTemplate\":\"https:\/\/weltlaeden.de\/tettnang\/?s={search_term_string}\"},\"query-input\":{\"@type\":\"PropertyValueSpecification\",\"valueRequired\":true,\"valueName\":\"search_term_string\"}}],\"inLanguage\":\"de\"}]}<\/script>\n<!-- \/ Yoast SEO plugin. -->","yoast_head_json":{"title":"Handelspartner-Portrait: Global Mamas - Weltladen Tettnang","robots":{"index":"index","follow":"follow","max-snippet":"max-snippet:-1","max-image-preview":"max-image-preview:large","max-video-preview":"max-video-preview:-1"},"canonical":"https:\/\/weltlaeden.de\/tettnang\/fairer-handel\/portraits-von-handelspartnern\/handelspartner-portrait-global-mamas\/","og_locale":"de_DE","og_type":"article","og_title":"Handelspartner-Portrait: Global Mamas - Weltladen Tettnang","og_description":"[vc_row][vc_column][vc_column_text css=&#8220;&#8220;]Handelspartner-Portrait Die Global Mamas in Ghana\u00a0 Mit bunten Stoffen zu mehr Unabh\u00e4ngigkeit F\u00fcr das Video, bitte auf das Logo klicken! Die farbenfrohen Stoffe leuchten von weitem. Mit einer traditionellen Batiktechnik bearbeitet Mary Koomson die Baumwolle, aus der sp\u00e4ter Kleidung, Tischl\u00e4ufer oder K\u00fcchensch\u00fcrzen gen\u00e4ht werden. Die Unternehmerin, die ihre Batik-Werkstatt in Cape Coast betreibt, ist&hellip;","og_url":"https:\/\/weltlaeden.de\/tettnang\/fairer-handel\/portraits-von-handelspartnern\/handelspartner-portrait-global-mamas\/","og_site_name":"Weltladen Tettnang","article_modified_time":"2025-09-24T17:30:33+00:00","og_image":[{"url":"https:\/\/weltlaeden.de\/tettnang\/wp-content\/uploads\/sites\/165\/2025\/09\/global-mamas-e1758734766188.jpg","type":"","width":"","height":""}],"twitter_card":"summary_large_image","twitter_misc":{"Gesch\u00e4tzte Lesezeit":"3\u00a0Minuten"},"schema":{"@context":"https:\/\/schema.org","@graph":[{"@type":"WebPage","@id":"https:\/\/weltlaeden.de\/tettnang\/fairer-handel\/portraits-von-handelspartnern\/handelspartner-portrait-global-mamas\/","url":"https:\/\/weltlaeden.de\/tettnang\/fairer-handel\/portraits-von-handelspartnern\/handelspartner-portrait-global-mamas\/","name":"Handelspartner-Portrait: Global Mamas - Weltladen Tettnang","isPartOf":{"@id":"https:\/\/weltlaeden.de\/tettnang\/#website"},"primaryImageOfPage":{"@id":"https:\/\/weltlaeden.de\/tettnang\/fairer-handel\/portraits-von-handelspartnern\/handelspartner-portrait-global-mamas\/#primaryimage"},"image":{"@id":"https:\/\/weltlaeden.de\/tettnang\/fairer-handel\/portraits-von-handelspartnern\/handelspartner-portrait-global-mamas\/#primaryimage"},"thumbnailUrl":"https:\/\/weltlaeden.de\/tettnang\/wp-content\/uploads\/sites\/165\/2025\/09\/global-mamas-e1758734766188.jpg","datePublished":"2023-04-04T14:16:25+00:00","dateModified":"2025-09-24T17:30:33+00:00","breadcrumb":{"@id":"https:\/\/weltlaeden.de\/tettnang\/fairer-handel\/portraits-von-handelspartnern\/handelspartner-portrait-global-mamas\/#breadcrumb"},"inLanguage":"de","potentialAction":[{"@type":"ReadAction","target":["https:\/\/weltlaeden.de\/tettnang\/fairer-handel\/portraits-von-handelspartnern\/handelspartner-portrait-global-mamas\/"]}]},{"@type":"ImageObject","inLanguage":"de","@id":"https:\/\/weltlaeden.de\/tettnang\/fairer-handel\/portraits-von-handelspartnern\/handelspartner-portrait-global-mamas\/#primaryimage","url":"https:\/\/weltlaeden.de\/tettnang\/wp-content\/uploads\/sites\/165\/2025\/09\/global-mamas-e1758734766188.jpg","contentUrl":"https:\/\/weltlaeden.de\/tettnang\/wp-content\/uploads\/sites\/165\/2025\/09\/global-mamas-e1758734766188.jpg","width":233,"height":101},{"@type":"BreadcrumbList","@id":"https:\/\/weltlaeden.de\/tettnang\/fairer-handel\/portraits-von-handelspartnern\/handelspartner-portrait-global-mamas\/#breadcrumb","itemListElement":[{"@type":"ListItem","position":1,"name":"Startseite","item":"https:\/\/weltlaeden.de\/tettnang\/"},{"@type":"ListItem","position":2,"name":"Fairer Handel","item":"https:\/\/weltlaeden.de\/tettnang\/fairer-handel\/"},{"@type":"ListItem","position":3,"name":"Portraits von Handelspartnern: \u00dcbersichtsseite","item":"https:\/\/weltlaeden.de\/tettnang\/fairer-handel\/portraits-von-handelspartnern\/"},{"@type":"ListItem","position":4,"name":"Handelspartner-Portrait: Global Mamas"}]},{"@type":"WebSite","@id":"https:\/\/weltlaeden.de\/tettnang\/#website","url":"https:\/\/weltlaeden.de\/tettnang\/","name":"Weltladen Tettnang","description":"Ein Fachgesch\u00e4ft des Fairen Handels f\u00fcr Tettnang!","potentialAction":[{"@type":"SearchAction","target":{"@type":"EntryPoint","urlTemplate":"https:\/\/weltlaeden.de\/tettnang\/?s={search_term_string}"},"query-input":{"@type":"PropertyValueSpecification","valueRequired":true,"valueName":"search_term_string"}}],"inLanguage":"de"}]}},"_links":{"self":[{"href":"https:\/\/weltlaeden.de\/tettnang\/wp-json\/wp\/v2\/pages\/1853","targetHints":{"allow":["GET"]}}],"collection":[{"href":"https:\/\/weltlaeden.de\/tettnang\/wp-json\/wp\/v2\/pages"}],"about":[{"href":"https:\/\/weltlaeden.de\/tettnang\/wp-json\/wp\/v2\/types\/page"}],"author":[{"embeddable":true,"href":"https:\/\/weltlaeden.de\/tettnang\/wp-json\/wp\/v2\/users\/14"}],"replies":[{"embeddable":true,"href":"https:\/\/weltlaeden.de\/tettnang\/wp-json\/wp\/v2\/comments?post=1853"}],"version-history":[{"count":9,"href":"https:\/\/weltlaeden.de\/tettnang\/wp-json\/wp\/v2\/pages\/1853\/revisions"}],"predecessor-version":[{"id":2348,"href":"https:\/\/weltlaeden.de\/tettnang\/wp-json\/wp\/v2\/pages\/1853\/revisions\/2348"}],"up":[{"embeddable":true,"href":"https:\/\/weltlaeden.de\/tettnang\/wp-json\/wp\/v2\/pages\/1663"}],"wp:attachment":[{"href":"https:\/\/weltlaeden.de\/tettnang\/wp-json\/wp\/v2\/media?parent=1853"}],"curies":[{"name":"wp","href":"https:\/\/api.w.org\/{rel}","templated":true}]}}