{"id":23,"date":"2016-10-14T09:05:21","date_gmt":"2016-10-14T07:05:21","guid":{"rendered":"https:\/\/wl.heimpixel.de\/vorlage\/termine\/"},"modified":"2023-06-29T16:56:29","modified_gmt":"2023-06-29T14:56:29","slug":"termine","status":"publish","type":"page","link":"https:\/\/weltlaeden.de\/stuttgart\/termine\/","title":{"rendered":"Termine"},"content":{"rendered":"<div class=\"wpb-content-wrapper\"><p>[vc_row][vc_column]<div class=\"wl_einzelbild\"><p><\/p><\/div>[vc_empty_space height=&#8220;30px&#8220;][vc_column_text]<\/p>\n<h1 style=\"text-align: center\">&#8222;Once we had a dream&#8220; Tanzperformance-Gastspiel von den Philippinen<\/h1>\n<h1 style=\"text-align: center\">22. September 2023<\/h1>\n<p>&nbsp;<\/p>\n<p><img loading=\"lazy\" decoding=\"async\" class=\"aligncenter wp-image-657 size-large\" src=\"https:\/\/weltlaeden.de\/stuttgart\/wp-content\/uploads\/sites\/180\/2023\/06\/preda-freundeskreis-theatertournee-07-1-1-1024x1013.jpg\" alt=\"\" width=\"1024\" height=\"1013\" srcset=\"https:\/\/weltlaeden.de\/stuttgart\/wp-content\/uploads\/sites\/180\/2023\/06\/preda-freundeskreis-theatertournee-07-1-1-1024x1013.jpg 1024w, https:\/\/weltlaeden.de\/stuttgart\/wp-content\/uploads\/sites\/180\/2023\/06\/preda-freundeskreis-theatertournee-07-1-1-300x297.jpg 300w, https:\/\/weltlaeden.de\/stuttgart\/wp-content\/uploads\/sites\/180\/2023\/06\/preda-freundeskreis-theatertournee-07-1-1-768x760.jpg 768w, https:\/\/weltlaeden.de\/stuttgart\/wp-content\/uploads\/sites\/180\/2023\/06\/preda-freundeskreis-theatertournee-07-1-1.jpg 1500w\" sizes=\"auto, (max-width: 1024px) 100vw, 1024px\" \/><\/p>\n<p>&nbsp;<\/p>\n<p>Pers\u00f6nliche Tr\u00e4ume und Visionen, aber auch Entt\u00e4uschungen, Gewalterfahrungen, sexueller Missbrauch und Armut werden in dem knapp eineinhalbst\u00fcndigen Musical-Drama \u201eOnce We Had A Dream\u201c thematisiert, verarbeitet und dem Publikum in deutscher Sprache n\u00e4hergebracht.<\/p>\n<p>Das Ensemble besteht aus sieben jungen T\u00e4nzer*innen und dem Regisseur.<\/p>\n<p>Veranstaltungsort ist das Theater am Olgaeck in Stuttgart.Theatergruppe ist die PREDA Youth Group<\/p>\n<p>19:30 Uhr, Einlass 18:30 Uhr<\/p>\n<p>Eintritt 13 Euro<\/p>\n<p>&nbsp;<\/p>\n<h2>Eintrittskarten erh\u00e4ltlich in allen Stuttgarter Weltl\u00e4den<\/h2>\n<p>&nbsp;<\/p>\n<p>Preda Freundeskreis e.V.: PREDA Youth Group<\/p>\n<blockquote class=\"wp-embedded-content\" data-secret=\"HwSz7LIRTp\"><p><a href=\"https:\/\/preda-freundeskreis.de\/projekte\/theatertournee\/\">Theatertournee<\/a><\/p><\/blockquote>\n<p><iframe loading=\"lazy\" class=\"wp-embedded-content\" sandbox=\"allow-scripts\" security=\"restricted\" style=\"position: absolute; clip: rect(1px, 1px, 1px, 1px);\" title=\"&#8222;Theatertournee&#8220; &#8212; PREDA Freundeskreis e.V.\" src=\"https:\/\/preda-freundeskreis.de\/projekte\/theatertournee\/embed\/#?secret=HwSz7LIRTp\" data-secret=\"HwSz7LIRTp\" width=\"600\" height=\"338\" frameborder=\"0\" marginwidth=\"0\" marginheight=\"0\" scrolling=\"no\"><\/iframe><\/p>\n<p>&nbsp;<\/p>\n<p>22. September 2023<\/p>\n<p>Theater am Olgaeck e.V.<\/p>\n<p>Charlottenstra\u00dfe 44<\/p>\n<p>70182 Stuttgart<\/p>\n<p>&nbsp;<\/p>\n<h4><\/h4>\n<p>[\/vc_column_text][vc_empty_space height=&#8220;30px&#8220;][\/vc_column][\/vc_row]<\/p>\n<\/div>","protected":false},"excerpt":{"rendered":"<p>[vc_row][vc_column][vc_empty_space height=&#8220;30px&#8220;][vc_column_text] &#8222;Once we had a dream&#8220; Tanzperformance-Gastspiel von den Philippinen 22. September 2023 &nbsp; &nbsp; Pers\u00f6nliche Tr\u00e4ume und Visionen, aber auch Entt\u00e4uschungen, Gewalterfahrungen, sexueller Missbrauch und Armut werden in dem knapp eineinhalbst\u00fcndigen Musical-Drama \u201eOnce We Had A Dream\u201c thematisiert, verarbeitet und dem Publikum in deutscher Sprache n\u00e4hergebracht. Das Ensemble besteht aus sieben jungen T\u00e4nzer*innen&hellip;<\/p>\n","protected":false},"author":1,"featured_media":0,"parent":0,"menu_order":8,"comment_status":"closed","ping_status":"closed","template":"","meta":{"footnotes":""},"class_list":["post-23","page","type-page","status-publish","hentry","description-off"],"yoast_head":"<!-- This site is optimized with the Yoast SEO plugin v26.8 - https:\/\/yoast.com\/product\/yoast-seo-wordpress\/ -->\n<title>Termine - Weltl\u00e4den in Stuttgart<\/title>\n<meta name=\"robots\" content=\"index, follow, max-snippet:-1, max-image-preview:large, max-video-preview:-1\" \/>\n<link rel=\"canonical\" href=\"https:\/\/weltlaeden.de\/stuttgart\/termine\/\" \/>\n<meta property=\"og:locale\" content=\"de_DE\" \/>\n<meta property=\"og:type\" content=\"article\" \/>\n<meta property=\"og:title\" content=\"Termine - Weltl\u00e4den in Stuttgart\" \/>\n<meta property=\"og:description\" content=\"[vc_row][vc_column][vc_empty_space height=&#8220;30px&#8220;][vc_column_text] &#8222;Once we had a dream&#8220; Tanzperformance-Gastspiel von den Philippinen 22. September 2023 &nbsp; &nbsp; Pers\u00f6nliche Tr\u00e4ume und Visionen, aber auch Entt\u00e4uschungen, Gewalterfahrungen, sexueller Missbrauch und Armut werden in dem knapp eineinhalbst\u00fcndigen Musical-Drama \u201eOnce We Had A Dream\u201c thematisiert, verarbeitet und dem Publikum in deutscher Sprache n\u00e4hergebracht. Das Ensemble besteht aus sieben jungen T\u00e4nzer*innen&hellip;\" \/>\n<meta property=\"og:url\" content=\"https:\/\/weltlaeden.de\/stuttgart\/termine\/\" \/>\n<meta property=\"og:site_name\" content=\"Weltl\u00e4den in Stuttgart\" \/>\n<meta property=\"article:modified_time\" content=\"2023-06-29T14:56:29+00:00\" \/>\n<meta property=\"og:image\" content=\"https:\/\/weltlaeden.de\/stuttgart\/wp-content\/uploads\/sites\/180\/2023\/06\/preda-freundeskreis-theatertournee-07-1-1-1024x1013.jpg\" \/>\n<meta name=\"twitter:card\" content=\"summary_large_image\" \/>\n<meta name=\"twitter:label1\" content=\"Gesch\u00e4tzte Lesezeit\" \/>\n\t<meta name=\"twitter:data1\" content=\"1\u00a0Minute\" \/>\n<script type=\"application\/ld+json\" class=\"yoast-schema-graph\">{\"@context\":\"https:\/\/schema.org\",\"@graph\":[{\"@type\":\"WebPage\",\"@id\":\"https:\/\/weltlaeden.de\/stuttgart\/termine\/\",\"url\":\"https:\/\/weltlaeden.de\/stuttgart\/termine\/\",\"name\":\"Termine - Weltl\u00e4den in Stuttgart\",\"isPartOf\":{\"@id\":\"https:\/\/weltlaeden.de\/stuttgart\/#website\"},\"primaryImageOfPage\":{\"@id\":\"https:\/\/weltlaeden.de\/stuttgart\/termine\/#primaryimage\"},\"image\":{\"@id\":\"https:\/\/weltlaeden.de\/stuttgart\/termine\/#primaryimage\"},\"thumbnailUrl\":\"https:\/\/weltlaeden.de\/stuttgart\/wp-content\/uploads\/sites\/180\/2023\/06\/preda-freundeskreis-theatertournee-07-1-1-1024x1013.jpg\",\"datePublished\":\"2016-10-14T07:05:21+00:00\",\"dateModified\":\"2023-06-29T14:56:29+00:00\",\"breadcrumb\":{\"@id\":\"https:\/\/weltlaeden.de\/stuttgart\/termine\/#breadcrumb\"},\"inLanguage\":\"de\",\"potentialAction\":[{\"@type\":\"ReadAction\",\"target\":[\"https:\/\/weltlaeden.de\/stuttgart\/termine\/\"]}]},{\"@type\":\"ImageObject\",\"inLanguage\":\"de\",\"@id\":\"https:\/\/weltlaeden.de\/stuttgart\/termine\/#primaryimage\",\"url\":\"https:\/\/weltlaeden.de\/stuttgart\/wp-content\/uploads\/sites\/180\/2023\/06\/preda-freundeskreis-theatertournee-07-1-1.jpg\",\"contentUrl\":\"https:\/\/weltlaeden.de\/stuttgart\/wp-content\/uploads\/sites\/180\/2023\/06\/preda-freundeskreis-theatertournee-07-1-1.jpg\",\"width\":1500,\"height\":1484},{\"@type\":\"BreadcrumbList\",\"@id\":\"https:\/\/weltlaeden.de\/stuttgart\/termine\/#breadcrumb\",\"itemListElement\":[{\"@type\":\"ListItem\",\"position\":1,\"name\":\"Startseite\",\"item\":\"https:\/\/weltlaeden.de\/stuttgart\/\"},{\"@type\":\"ListItem\",\"position\":2,\"name\":\"Termine\"}]},{\"@type\":\"WebSite\",\"@id\":\"https:\/\/weltlaeden.de\/stuttgart\/#website\",\"url\":\"https:\/\/weltlaeden.de\/stuttgart\/\",\"name\":\"Weltl\u00e4den in Stuttgart\",\"description\":\"8 x in Stuttgart\",\"potentialAction\":[{\"@type\":\"SearchAction\",\"target\":{\"@type\":\"EntryPoint\",\"urlTemplate\":\"https:\/\/weltlaeden.de\/stuttgart\/?s={search_term_string}\"},\"query-input\":{\"@type\":\"PropertyValueSpecification\",\"valueRequired\":true,\"valueName\":\"search_term_string\"}}],\"inLanguage\":\"de\"}]}<\/script>\n<!-- \/ Yoast SEO plugin. -->","yoast_head_json":{"title":"Termine - Weltl\u00e4den in Stuttgart","robots":{"index":"index","follow":"follow","max-snippet":"max-snippet:-1","max-image-preview":"max-image-preview:large","max-video-preview":"max-video-preview:-1"},"canonical":"https:\/\/weltlaeden.de\/stuttgart\/termine\/","og_locale":"de_DE","og_type":"article","og_title":"Termine - Weltl\u00e4den in Stuttgart","og_description":"[vc_row][vc_column][vc_empty_space height=&#8220;30px&#8220;][vc_column_text] &#8222;Once we had a dream&#8220; Tanzperformance-Gastspiel von den Philippinen 22. September 2023 &nbsp; &nbsp; Pers\u00f6nliche Tr\u00e4ume und Visionen, aber auch Entt\u00e4uschungen, Gewalterfahrungen, sexueller Missbrauch und Armut werden in dem knapp eineinhalbst\u00fcndigen Musical-Drama \u201eOnce We Had A Dream\u201c thematisiert, verarbeitet und dem Publikum in deutscher Sprache n\u00e4hergebracht. Das Ensemble besteht aus sieben jungen T\u00e4nzer*innen&hellip;","og_url":"https:\/\/weltlaeden.de\/stuttgart\/termine\/","og_site_name":"Weltl\u00e4den in Stuttgart","article_modified_time":"2023-06-29T14:56:29+00:00","og_image":[{"url":"https:\/\/weltlaeden.de\/stuttgart\/wp-content\/uploads\/sites\/180\/2023\/06\/preda-freundeskreis-theatertournee-07-1-1-1024x1013.jpg","type":"","width":"","height":""}],"twitter_card":"summary_large_image","twitter_misc":{"Gesch\u00e4tzte Lesezeit":"1\u00a0Minute"},"schema":{"@context":"https:\/\/schema.org","@graph":[{"@type":"WebPage","@id":"https:\/\/weltlaeden.de\/stuttgart\/termine\/","url":"https:\/\/weltlaeden.de\/stuttgart\/termine\/","name":"Termine - Weltl\u00e4den in Stuttgart","isPartOf":{"@id":"https:\/\/weltlaeden.de\/stuttgart\/#website"},"primaryImageOfPage":{"@id":"https:\/\/weltlaeden.de\/stuttgart\/termine\/#primaryimage"},"image":{"@id":"https:\/\/weltlaeden.de\/stuttgart\/termine\/#primaryimage"},"thumbnailUrl":"https:\/\/weltlaeden.de\/stuttgart\/wp-content\/uploads\/sites\/180\/2023\/06\/preda-freundeskreis-theatertournee-07-1-1-1024x1013.jpg","datePublished":"2016-10-14T07:05:21+00:00","dateModified":"2023-06-29T14:56:29+00:00","breadcrumb":{"@id":"https:\/\/weltlaeden.de\/stuttgart\/termine\/#breadcrumb"},"inLanguage":"de","potentialAction":[{"@type":"ReadAction","target":["https:\/\/weltlaeden.de\/stuttgart\/termine\/"]}]},{"@type":"ImageObject","inLanguage":"de","@id":"https:\/\/weltlaeden.de\/stuttgart\/termine\/#primaryimage","url":"https:\/\/weltlaeden.de\/stuttgart\/wp-content\/uploads\/sites\/180\/2023\/06\/preda-freundeskreis-theatertournee-07-1-1.jpg","contentUrl":"https:\/\/weltlaeden.de\/stuttgart\/wp-content\/uploads\/sites\/180\/2023\/06\/preda-freundeskreis-theatertournee-07-1-1.jpg","width":1500,"height":1484},{"@type":"BreadcrumbList","@id":"https:\/\/weltlaeden.de\/stuttgart\/termine\/#breadcrumb","itemListElement":[{"@type":"ListItem","position":1,"name":"Startseite","item":"https:\/\/weltlaeden.de\/stuttgart\/"},{"@type":"ListItem","position":2,"name":"Termine"}]},{"@type":"WebSite","@id":"https:\/\/weltlaeden.de\/stuttgart\/#website","url":"https:\/\/weltlaeden.de\/stuttgart\/","name":"Weltl\u00e4den in Stuttgart","description":"8 x in Stuttgart","potentialAction":[{"@type":"SearchAction","target":{"@type":"EntryPoint","urlTemplate":"https:\/\/weltlaeden.de\/stuttgart\/?s={search_term_string}"},"query-input":{"@type":"PropertyValueSpecification","valueRequired":true,"valueName":"search_term_string"}}],"inLanguage":"de"}]}},"_links":{"self":[{"href":"https:\/\/weltlaeden.de\/stuttgart\/wp-json\/wp\/v2\/pages\/23","targetHints":{"allow":["GET"]}}],"collection":[{"href":"https:\/\/weltlaeden.de\/stuttgart\/wp-json\/wp\/v2\/pages"}],"about":[{"href":"https:\/\/weltlaeden.de\/stuttgart\/wp-json\/wp\/v2\/types\/page"}],"author":[{"embeddable":true,"href":"https:\/\/weltlaeden.de\/stuttgart\/wp-json\/wp\/v2\/users\/1"}],"replies":[{"embeddable":true,"href":"https:\/\/weltlaeden.de\/stuttgart\/wp-json\/wp\/v2\/comments?post=23"}],"version-history":[{"count":23,"href":"https:\/\/weltlaeden.de\/stuttgart\/wp-json\/wp\/v2\/pages\/23\/revisions"}],"predecessor-version":[{"id":662,"href":"https:\/\/weltlaeden.de\/stuttgart\/wp-json\/wp\/v2\/pages\/23\/revisions\/662"}],"wp:attachment":[{"href":"https:\/\/weltlaeden.de\/stuttgart\/wp-json\/wp\/v2\/media?parent=23"}],"curies":[{"name":"wp","href":"https:\/\/api.w.org\/{rel}","templated":true}]}}