{"id":217,"date":"2016-10-28T13:34:47","date_gmt":"2016-10-28T11:34:47","guid":{"rendered":"https:\/\/wl.heimpixel.de\/vorlage\/produkte\/"},"modified":"2022-02-11T12:35:19","modified_gmt":"2022-02-11T11:35:19","slug":"produkte","status":"publish","type":"page","link":"https:\/\/weltlaeden.de\/stuttgart\/produkte\/","title":{"rendered":"Produkte"},"content":{"rendered":"<div class=\"wpb-content-wrapper\"><p>[vc_row][vc_column]<div class=\"wl_einzelbild\"><p><\/p>\n<div id=\"attachment_601\" style=\"width: 1034px\" class=\"wp-caption alignnone\"><img loading=\"lazy\" decoding=\"async\" aria-describedby=\"caption-attachment-601\" class=\"wp-image-601 size-large\" src=\"https:\/\/weltlaeden.de\/stuttgart\/wp-content\/uploads\/sites\/180\/2022\/02\/Flyer_Leb-1024x764.jpg\" alt=\"\" width=\"1024\" height=\"764\" srcset=\"https:\/\/weltlaeden.de\/stuttgart\/wp-content\/uploads\/sites\/180\/2022\/02\/Flyer_Leb-1024x764.jpg 1024w, https:\/\/weltlaeden.de\/stuttgart\/wp-content\/uploads\/sites\/180\/2022\/02\/Flyer_Leb-300x224.jpg 300w, https:\/\/weltlaeden.de\/stuttgart\/wp-content\/uploads\/sites\/180\/2022\/02\/Flyer_Leb-768x573.jpg 768w, https:\/\/weltlaeden.de\/stuttgart\/wp-content\/uploads\/sites\/180\/2022\/02\/Flyer_Leb-1536x1146.jpg 1536w, https:\/\/weltlaeden.de\/stuttgart\/wp-content\/uploads\/sites\/180\/2022\/02\/Flyer_Leb-2048x1528.jpg 2048w, https:\/\/weltlaeden.de\/stuttgart\/wp-content\/uploads\/sites\/180\/2022\/02\/Flyer_Leb-scaled.jpg 1920w\" sizes=\"auto, (max-width: 1024px) 100vw, 1024px\" \/><p id=\"caption-attachment-601\" class=\"wp-caption-text\">Lebensmittel aus dem Weltladen an der Planie<br \/>Foto: Michael Latz<\/p><\/div>\n<p><\/p><\/div>[vc_empty_space][vc_column_text]<\/p>\n<h1>Unser Sortiment<\/h1>\n<p>[\/vc_column_text][vc_column_text]EXQUISITES KUNSTHANDWERK<br \/>\nGeschenkartikel, Papierwaren, Schmuck, Lederwaren,Taschen, K\u00f6rbe, Recyclingprodukte,\u00a0 Haushaltswaren, Wohnaccessoires, Gefilztes<\/p>\n<p>ACCESSOIRES UND MODISCHE BEKLEIDUNG<br \/>\nSeide,\u00a0 Alpaka,\u00a0 Leinen,\u00a0 Baumwolle<\/p>\n<p>HOCHWERTIGE LEBENSMITTEL<br \/>\nKaffee,\u00a0 Tee,\u00a0 Honig,\u00a0 Aufstriche,\u00a0 Wein,\u00a0 S\u00e4fte, Vegane Produkte,\u00a0 Schokolade,\u00a0 Kaffee, S\u00fc\u00dfigkeiten, Knabbereien, Quinoa, Gew\u00fcrze, Reis, Bananen[\/vc_column_text][vc_empty_space][\/vc_column][\/vc_row]<\/p>\n<\/div>","protected":false},"excerpt":{"rendered":"<p>[vc_row][vc_column][vc_empty_space][vc_column_text] Unser Sortiment [\/vc_column_text][vc_column_text]EXQUISITES KUNSTHANDWERK Geschenkartikel, Papierwaren, Schmuck, Lederwaren,Taschen, K\u00f6rbe, Recyclingprodukte,\u00a0 Haushaltswaren, Wohnaccessoires, Gefilztes ACCESSOIRES UND MODISCHE BEKLEIDUNG Seide,\u00a0 Alpaka,\u00a0 Leinen,\u00a0 Baumwolle HOCHWERTIGE LEBENSMITTEL Kaffee,\u00a0 Tee,\u00a0 Honig,\u00a0 Aufstriche,\u00a0 Wein,\u00a0 S\u00e4fte, Vegane Produkte,\u00a0 Schokolade,\u00a0 Kaffee, S\u00fc\u00dfigkeiten, Knabbereien, Quinoa, Gew\u00fcrze, Reis, Bananen[\/vc_column_text][vc_empty_space][\/vc_column][\/vc_row]<\/p>\n","protected":false},"author":1,"featured_media":601,"parent":0,"menu_order":6,"comment_status":"closed","ping_status":"closed","template":"","meta":{"footnotes":""},"class_list":["post-217","page","type-page","status-publish","has-post-thumbnail","hentry","description-off"],"yoast_head":"<!-- This site is optimized with the Yoast SEO plugin v26.8 - https:\/\/yoast.com\/product\/yoast-seo-wordpress\/ -->\n<title>Produkte - Weltl\u00e4den in Stuttgart<\/title>\n<meta name=\"robots\" content=\"index, follow, max-snippet:-1, max-image-preview:large, max-video-preview:-1\" \/>\n<link rel=\"canonical\" href=\"https:\/\/weltlaeden.de\/stuttgart\/produkte\/\" \/>\n<meta property=\"og:locale\" content=\"de_DE\" \/>\n<meta property=\"og:type\" content=\"article\" \/>\n<meta property=\"og:title\" content=\"Produkte - Weltl\u00e4den in Stuttgart\" \/>\n<meta property=\"og:description\" content=\"[vc_row][vc_column][vc_empty_space][vc_column_text] Unser Sortiment [\/vc_column_text][vc_column_text]EXQUISITES KUNSTHANDWERK Geschenkartikel, Papierwaren, Schmuck, Lederwaren,Taschen, K\u00f6rbe, Recyclingprodukte,\u00a0 Haushaltswaren, Wohnaccessoires, Gefilztes ACCESSOIRES UND MODISCHE BEKLEIDUNG Seide,\u00a0 Alpaka,\u00a0 Leinen,\u00a0 Baumwolle HOCHWERTIGE LEBENSMITTEL Kaffee,\u00a0 Tee,\u00a0 Honig,\u00a0 Aufstriche,\u00a0 Wein,\u00a0 S\u00e4fte, Vegane Produkte,\u00a0 Schokolade,\u00a0 Kaffee, S\u00fc\u00dfigkeiten, Knabbereien, Quinoa, Gew\u00fcrze, Reis, Bananen[\/vc_column_text][vc_empty_space][\/vc_column][\/vc_row]\" \/>\n<meta property=\"og:url\" content=\"https:\/\/weltlaeden.de\/stuttgart\/produkte\/\" \/>\n<meta property=\"og:site_name\" content=\"Weltl\u00e4den in Stuttgart\" \/>\n<meta property=\"article:modified_time\" content=\"2022-02-11T11:35:19+00:00\" \/>\n<meta property=\"og:image\" content=\"https:\/\/weltlaeden.de\/stuttgart\/wp-content\/uploads\/sites\/180\/2022\/02\/Flyer_Leb-scaled.jpg\" \/>\n\t<meta property=\"og:image:width\" content=\"1920\" \/>\n\t<meta property=\"og:image:height\" content=\"1432\" \/>\n\t<meta property=\"og:image:type\" content=\"image\/jpeg\" \/>\n<meta name=\"twitter:card\" content=\"summary_large_image\" \/>\n<script type=\"application\/ld+json\" class=\"yoast-schema-graph\">{\"@context\":\"https:\/\/schema.org\",\"@graph\":[{\"@type\":\"WebPage\",\"@id\":\"https:\/\/weltlaeden.de\/stuttgart\/produkte\/\",\"url\":\"https:\/\/weltlaeden.de\/stuttgart\/produkte\/\",\"name\":\"Produkte - Weltl\u00e4den in Stuttgart\",\"isPartOf\":{\"@id\":\"https:\/\/weltlaeden.de\/stuttgart\/#website\"},\"primaryImageOfPage\":{\"@id\":\"https:\/\/weltlaeden.de\/stuttgart\/produkte\/#primaryimage\"},\"image\":{\"@id\":\"https:\/\/weltlaeden.de\/stuttgart\/produkte\/#primaryimage\"},\"thumbnailUrl\":\"https:\/\/weltlaeden.de\/stuttgart\/wp-content\/uploads\/sites\/180\/2022\/02\/Flyer_Leb-scaled.jpg\",\"datePublished\":\"2016-10-28T11:34:47+00:00\",\"dateModified\":\"2022-02-11T11:35:19+00:00\",\"breadcrumb\":{\"@id\":\"https:\/\/weltlaeden.de\/stuttgart\/produkte\/#breadcrumb\"},\"inLanguage\":\"de\",\"potentialAction\":[{\"@type\":\"ReadAction\",\"target\":[\"https:\/\/weltlaeden.de\/stuttgart\/produkte\/\"]}]},{\"@type\":\"ImageObject\",\"inLanguage\":\"de\",\"@id\":\"https:\/\/weltlaeden.de\/stuttgart\/produkte\/#primaryimage\",\"url\":\"https:\/\/weltlaeden.de\/stuttgart\/wp-content\/uploads\/sites\/180\/2022\/02\/Flyer_Leb-scaled.jpg\",\"contentUrl\":\"https:\/\/weltlaeden.de\/stuttgart\/wp-content\/uploads\/sites\/180\/2022\/02\/Flyer_Leb-scaled.jpg\",\"width\":1920,\"height\":1432,\"caption\":\"Lebensmittel aus dem Weltladen an der Planie Foto: Michael Latz\"},{\"@type\":\"BreadcrumbList\",\"@id\":\"https:\/\/weltlaeden.de\/stuttgart\/produkte\/#breadcrumb\",\"itemListElement\":[{\"@type\":\"ListItem\",\"position\":1,\"name\":\"Startseite\",\"item\":\"https:\/\/weltlaeden.de\/stuttgart\/\"},{\"@type\":\"ListItem\",\"position\":2,\"name\":\"Produkte\"}]},{\"@type\":\"WebSite\",\"@id\":\"https:\/\/weltlaeden.de\/stuttgart\/#website\",\"url\":\"https:\/\/weltlaeden.de\/stuttgart\/\",\"name\":\"Weltl\u00e4den in Stuttgart\",\"description\":\"8 x in Stuttgart\",\"potentialAction\":[{\"@type\":\"SearchAction\",\"target\":{\"@type\":\"EntryPoint\",\"urlTemplate\":\"https:\/\/weltlaeden.de\/stuttgart\/?s={search_term_string}\"},\"query-input\":{\"@type\":\"PropertyValueSpecification\",\"valueRequired\":true,\"valueName\":\"search_term_string\"}}],\"inLanguage\":\"de\"}]}<\/script>\n<!-- \/ Yoast SEO plugin. -->","yoast_head_json":{"title":"Produkte - Weltl\u00e4den in Stuttgart","robots":{"index":"index","follow":"follow","max-snippet":"max-snippet:-1","max-image-preview":"max-image-preview:large","max-video-preview":"max-video-preview:-1"},"canonical":"https:\/\/weltlaeden.de\/stuttgart\/produkte\/","og_locale":"de_DE","og_type":"article","og_title":"Produkte - Weltl\u00e4den in Stuttgart","og_description":"[vc_row][vc_column][vc_empty_space][vc_column_text] Unser Sortiment [\/vc_column_text][vc_column_text]EXQUISITES KUNSTHANDWERK Geschenkartikel, Papierwaren, Schmuck, Lederwaren,Taschen, K\u00f6rbe, Recyclingprodukte,\u00a0 Haushaltswaren, Wohnaccessoires, Gefilztes ACCESSOIRES UND MODISCHE BEKLEIDUNG Seide,\u00a0 Alpaka,\u00a0 Leinen,\u00a0 Baumwolle HOCHWERTIGE LEBENSMITTEL Kaffee,\u00a0 Tee,\u00a0 Honig,\u00a0 Aufstriche,\u00a0 Wein,\u00a0 S\u00e4fte, Vegane Produkte,\u00a0 Schokolade,\u00a0 Kaffee, S\u00fc\u00dfigkeiten, Knabbereien, Quinoa, Gew\u00fcrze, Reis, Bananen[\/vc_column_text][vc_empty_space][\/vc_column][\/vc_row]","og_url":"https:\/\/weltlaeden.de\/stuttgart\/produkte\/","og_site_name":"Weltl\u00e4den in Stuttgart","article_modified_time":"2022-02-11T11:35:19+00:00","og_image":[{"width":1920,"height":1432,"url":"https:\/\/weltlaeden.de\/stuttgart\/wp-content\/uploads\/sites\/180\/2022\/02\/Flyer_Leb-scaled.jpg","type":"image\/jpeg"}],"twitter_card":"summary_large_image","schema":{"@context":"https:\/\/schema.org","@graph":[{"@type":"WebPage","@id":"https:\/\/weltlaeden.de\/stuttgart\/produkte\/","url":"https:\/\/weltlaeden.de\/stuttgart\/produkte\/","name":"Produkte - Weltl\u00e4den in Stuttgart","isPartOf":{"@id":"https:\/\/weltlaeden.de\/stuttgart\/#website"},"primaryImageOfPage":{"@id":"https:\/\/weltlaeden.de\/stuttgart\/produkte\/#primaryimage"},"image":{"@id":"https:\/\/weltlaeden.de\/stuttgart\/produkte\/#primaryimage"},"thumbnailUrl":"https:\/\/weltlaeden.de\/stuttgart\/wp-content\/uploads\/sites\/180\/2022\/02\/Flyer_Leb-scaled.jpg","datePublished":"2016-10-28T11:34:47+00:00","dateModified":"2022-02-11T11:35:19+00:00","breadcrumb":{"@id":"https:\/\/weltlaeden.de\/stuttgart\/produkte\/#breadcrumb"},"inLanguage":"de","potentialAction":[{"@type":"ReadAction","target":["https:\/\/weltlaeden.de\/stuttgart\/produkte\/"]}]},{"@type":"ImageObject","inLanguage":"de","@id":"https:\/\/weltlaeden.de\/stuttgart\/produkte\/#primaryimage","url":"https:\/\/weltlaeden.de\/stuttgart\/wp-content\/uploads\/sites\/180\/2022\/02\/Flyer_Leb-scaled.jpg","contentUrl":"https:\/\/weltlaeden.de\/stuttgart\/wp-content\/uploads\/sites\/180\/2022\/02\/Flyer_Leb-scaled.jpg","width":1920,"height":1432,"caption":"Lebensmittel aus dem Weltladen an der Planie Foto: Michael Latz"},{"@type":"BreadcrumbList","@id":"https:\/\/weltlaeden.de\/stuttgart\/produkte\/#breadcrumb","itemListElement":[{"@type":"ListItem","position":1,"name":"Startseite","item":"https:\/\/weltlaeden.de\/stuttgart\/"},{"@type":"ListItem","position":2,"name":"Produkte"}]},{"@type":"WebSite","@id":"https:\/\/weltlaeden.de\/stuttgart\/#website","url":"https:\/\/weltlaeden.de\/stuttgart\/","name":"Weltl\u00e4den in Stuttgart","description":"8 x in Stuttgart","potentialAction":[{"@type":"SearchAction","target":{"@type":"EntryPoint","urlTemplate":"https:\/\/weltlaeden.de\/stuttgart\/?s={search_term_string}"},"query-input":{"@type":"PropertyValueSpecification","valueRequired":true,"valueName":"search_term_string"}}],"inLanguage":"de"}]}},"_links":{"self":[{"href":"https:\/\/weltlaeden.de\/stuttgart\/wp-json\/wp\/v2\/pages\/217","targetHints":{"allow":["GET"]}}],"collection":[{"href":"https:\/\/weltlaeden.de\/stuttgart\/wp-json\/wp\/v2\/pages"}],"about":[{"href":"https:\/\/weltlaeden.de\/stuttgart\/wp-json\/wp\/v2\/types\/page"}],"author":[{"embeddable":true,"href":"https:\/\/weltlaeden.de\/stuttgart\/wp-json\/wp\/v2\/users\/1"}],"replies":[{"embeddable":true,"href":"https:\/\/weltlaeden.de\/stuttgart\/wp-json\/wp\/v2\/comments?post=217"}],"version-history":[{"count":11,"href":"https:\/\/weltlaeden.de\/stuttgart\/wp-json\/wp\/v2\/pages\/217\/revisions"}],"predecessor-version":[{"id":602,"href":"https:\/\/weltlaeden.de\/stuttgart\/wp-json\/wp\/v2\/pages\/217\/revisions\/602"}],"wp:featuredmedia":[{"embeddable":true,"href":"https:\/\/weltlaeden.de\/stuttgart\/wp-json\/wp\/v2\/media\/601"}],"wp:attachment":[{"href":"https:\/\/weltlaeden.de\/stuttgart\/wp-json\/wp\/v2\/media?parent=217"}],"curies":[{"name":"wp","href":"https:\/\/api.w.org\/{rel}","templated":true}]}}