{"id":20,"date":"2016-10-14T09:05:21","date_gmt":"2016-10-14T07:05:21","guid":{"rendered":"https:\/\/wl.heimpixel.de\/vorlage\/weltladen-musterdorf\/"},"modified":"2026-01-21T13:52:20","modified_gmt":"2026-01-21T12:52:20","slug":"weltladen-musterdorf","status":"publish","type":"page","link":"https:\/\/weltlaeden.de\/stuttgart\/","title":{"rendered":"Die Stuttgarter Weltl\u00e4den"},"content":{"rendered":"<div class=\"wpb-content-wrapper\"><p>[vc_row][vc_column]<div class=\"wl_einzelbild\"><p><img loading=\"lazy\" decoding=\"async\" class=\"alignnone wp-image-639 size-large\" src=\"https:\/\/weltlaeden.de\/stuttgart\/wp-content\/uploads\/sites\/180\/2023\/02\/WL_50Jahre_orange_MK-1-1024x358.jpg\" alt=\"\" width=\"1024\" height=\"358\" srcset=\"https:\/\/weltlaeden.de\/stuttgart\/wp-content\/uploads\/sites\/180\/2023\/02\/WL_50Jahre_orange_MK-1-1024x358.jpg 1024w, https:\/\/weltlaeden.de\/stuttgart\/wp-content\/uploads\/sites\/180\/2023\/02\/WL_50Jahre_orange_MK-1-300x105.jpg 300w, https:\/\/weltlaeden.de\/stuttgart\/wp-content\/uploads\/sites\/180\/2023\/02\/WL_50Jahre_orange_MK-1-768x269.jpg 768w, https:\/\/weltlaeden.de\/stuttgart\/wp-content\/uploads\/sites\/180\/2023\/02\/WL_50Jahre_orange_MK-1-1000x350.jpg 1000w, https:\/\/weltlaeden.de\/stuttgart\/wp-content\/uploads\/sites\/180\/2023\/02\/WL_50Jahre_orange_MK-1.jpg 1115w\" sizes=\"auto, (max-width: 1024px) 100vw, 1024px\" \/><\/p><\/div>[vc_empty_space height=&#8220;20px&#8220;][\/vc_column][\/vc_row][vc_row][vc_column][vc_column_text]<\/p>\n<h1 style=\"text-align: left\">Ihre Weltl\u00e4den in Stuttgart<\/h1>\n<p>[\/vc_column_text][vc_column_text]<\/p>\n<p style=\"text-align: left\">Immer in Ihrer N\u00e4he und doch mit weitem Horizont: Die Stuttgarter Weltl\u00e4den bieten Ihnen hochwertige Lebensmittel, exquisites Kunsthandwerk und modische<br \/>\nAccessoires aus aller Welt. Unsere Produkte stammen aus Fairem Handel.<br \/>\nAls Fachgesch\u00e4fte des Fairen Handels wollen wir ungerechten globalen Handels-und Wirtschaftsstrukturen und den damit einhergehenden Ungleichheiten (z.B. Entwicklung<br \/>\nund Unterentwicklung, Armut und Reichtum) und der Ausbeutung von Mensch und Natur entgegenwirken. Deshalb verkn\u00fcpfen wir den Verkauf fair gehandelter Produkte<br \/>\nmit Informations- und Bildungsarbeit sowie politischer Kampagnen- und Lobbyarbeit.<br \/>\nSchauen Sie beim Weltladen in Ihrer N\u00e4he herein und lernen Sie den Fairen Handel in all seinen Facetten kennen.<br \/>\nWir freuen uns auf Ihren Besuch!<\/p>\n<p>[\/vc_column_text][vc_empty_space height=&#8220;30px&#8220;][\/vc_column][\/vc_row][vc_row][vc_column][vc_column_text]<\/p>\n<h2>Was Sie auf dieser Website finden:<\/h2>\n<p>[\/vc_column_text][vc_empty_space height=&#8220;20px&#8220;][vc_row_inner][vc_column_inner width=&#8220;1\/4&#8243;]<div class=\"wl_einzelbild\"><p><img loading=\"lazy\" decoding=\"async\" class=\"alignleft size-thumbnail wp-image-nsm-3-15\" src=\"https:\/\/weltlaeden.de\/vorlage\/wp-content\/uploads\/sites\/3\/2016\/11\/FairerHandel_ElPuente_Fingerpuppen_EccoExe_Peru-150x150.jpg\" alt=\"\" width=\"150\" height=\"150\" \/><\/p><\/div>[\/vc_column_inner][vc_column_inner width=&#8220;3\/4&#8243;][vc_column_text]<\/p>\n<h3>Fairer Handel<\/h3>\n<p>Was meint Fairer Handel \u00fcberhaupt? Welche Kriterien m\u00fcssen eingehalten werden und wer \u00fcberpr\u00fcft diese? <a href=\"?pagename=fairer-handel\">Erfahren Sie mehr &#8230;<\/a>[\/vc_column_text][\/vc_column_inner][\/vc_row_inner][vc_separator][vc_row_inner][vc_column_inner width=&#8220;1\/4&#8243;]<div class=\"wl_einzelbild\"><p><img loading=\"lazy\" decoding=\"async\" class=\"size-medium wp-image-601\" src=\"https:\/\/weltlaeden.de\/stuttgart\/wp-content\/uploads\/sites\/180\/2022\/02\/Flyer_Leb-300x224.jpg\" alt=\"\" width=\"300\" height=\"224\" srcset=\"https:\/\/weltlaeden.de\/stuttgart\/wp-content\/uploads\/sites\/180\/2022\/02\/Flyer_Leb-300x224.jpg 300w, https:\/\/weltlaeden.de\/stuttgart\/wp-content\/uploads\/sites\/180\/2022\/02\/Flyer_Leb-1024x764.jpg 1024w, https:\/\/weltlaeden.de\/stuttgart\/wp-content\/uploads\/sites\/180\/2022\/02\/Flyer_Leb-768x573.jpg 768w, https:\/\/weltlaeden.de\/stuttgart\/wp-content\/uploads\/sites\/180\/2022\/02\/Flyer_Leb-1536x1146.jpg 1536w, https:\/\/weltlaeden.de\/stuttgart\/wp-content\/uploads\/sites\/180\/2022\/02\/Flyer_Leb-2048x1528.jpg 2048w, https:\/\/weltlaeden.de\/stuttgart\/wp-content\/uploads\/sites\/180\/2022\/02\/Flyer_Leb-scaled.jpg 1920w\" sizes=\"auto, (max-width: 300px) 100vw, 300px\" \/><\/p>\n<p><\/p><\/div>[\/vc_column_inner][vc_column_inner width=&#8220;3\/4&#8243;][vc_column_text]<\/p>\n<h3>Produkte<\/h3>\n<p>Unsere Produkte im Weltladen sind nat\u00fcrlich alle aus Fairem Handel, dennoch kommen sie von unterschiedlichen Fair-Handels-Importeuren. <a href=\"?pagename=produkte\">Hier zeigen wir Ihnen unser Sortiment &#8230;<\/a>[\/vc_column_text][\/vc_column_inner][\/vc_row_inner][vc_separator][vc_row_inner][vc_column_inner width=&#8220;1\/4&#8243;]<div class=\"wl_einzelbild\"><p><img loading=\"lazy\" decoding=\"async\" class=\"alignnone size-medium wp-image-599\" src=\"https:\/\/weltlaeden.de\/stuttgart\/wp-content\/uploads\/sites\/180\/2022\/02\/weltladen_papiertuete-1-1-300x200.jpg\" alt=\"\" width=\"300\" height=\"200\" srcset=\"https:\/\/weltlaeden.de\/stuttgart\/wp-content\/uploads\/sites\/180\/2022\/02\/weltladen_papiertuete-1-1-300x200.jpg 300w, https:\/\/weltlaeden.de\/stuttgart\/wp-content\/uploads\/sites\/180\/2022\/02\/weltladen_papiertuete-1-1-1024x683.jpg 1024w, https:\/\/weltlaeden.de\/stuttgart\/wp-content\/uploads\/sites\/180\/2022\/02\/weltladen_papiertuete-1-1-768x512.jpg 768w, https:\/\/weltlaeden.de\/stuttgart\/wp-content\/uploads\/sites\/180\/2022\/02\/weltladen_papiertuete-1-1-1536x1024.jpg 1536w, https:\/\/weltlaeden.de\/stuttgart\/wp-content\/uploads\/sites\/180\/2022\/02\/weltladen_papiertuete-1-1-2048x1365.jpg 2048w, https:\/\/weltlaeden.de\/stuttgart\/wp-content\/uploads\/sites\/180\/2022\/02\/weltladen_papiertuete-1-1-scaled.jpg 1920w\" sizes=\"auto, (max-width: 300px) 100vw, 300px\" \/><\/p><\/div>[\/vc_column_inner][vc_column_inner width=&#8220;3\/4&#8243;][vc_column_text css=&#8220;&#8220;]<\/p>\n<h3>Hier finden Sie uns<\/h3>\n<p><strong>Weltladen Bad Cannstatt<\/strong><br \/>\nSulzgasse 4, 70372 Stuttgart<br \/>\n0711 \/ 23 10 05 05<\/p>\n<p>\u00d6ffnungszeiten: Mo-Fr 9-18 Uhr, Sa 9-13 Uhr<\/p>\n<p><strong>weltladen-bad-cannstatt(at)posteo.de<\/strong><\/p>\n<p><a href=\"https:\/\/weltlaeden.de\/badcannstatt\">https:\/\/weltlaeden.de\/badcannstatt<\/a><\/p>\n<p>&nbsp;<\/p>\n<div class=\"wpb_column vc_column_container vc_col-sm-12\">\n<div class=\"vc_column-inner\">\n<div class=\"wpb_wrapper\">\n<div class=\"wpb_text_column wpb_content_element \">\n<div class=\"wpb_wrapper\">\n<p><strong>Weltladen Botnang<\/strong><br \/>\nGriegstr. 24, 70195 Stuttgart<br \/>\n0711 \/ 69 24 07<\/p>\n<p>\u00d6ffnungszeiten: Mo-Fr 9:30-13 Uhr, 15-18 Uhr, Sa 8:30-13 Uhr<br \/>\n<strong>weltladenbotnang@t-online.de<\/strong><br \/>\n<a href=\"https:\/\/weltlaeden.de\/stgtbotnang\/\">https:\/\/weltlaeden.de\/stgtbotnang\/<\/a><\/p>\n<p>&nbsp;<\/p>\n<p><strong>Weltladen Degerloch<\/strong><br \/>\nFelix-Dahn-Str. 11A<br \/>\n70597 Stuttgart<br \/>\n0711 \/ 6 93 11 50<\/p>\n<p>\u00d6ffnungszeiten: Mo-Fr 10-18.30 Uhr, Sa 10-14 Uhr<br \/>\n<strong>info@weltladen-degerloch.de<\/strong><br \/>\n<a href=\"http:\/\/www.weltladen-degerloch.de\">www.weltladen-degerloch.de<\/a><\/p>\n<p>&nbsp;<\/p>\n<p><strong>Weltladen FairOst<\/strong><br \/>\nOstendstr. 57, 70188 Stuttgart<br \/>\n0711 \/ 46 90 60 85<\/p>\n<p>\u00d6ffnungszeiten: Mo-Fr 10-18 Uhr, Sa 10-14 Uhr<br \/>\nweltladen@fairost-stuttgart.de<br \/>\n<a href=\"https:\/\/weltlaeden.de\/stuttgart-fairost\/\">https:\/\/weltlaeden.de\/stuttgart-fairost\/<\/a><\/p>\n<p>&nbsp;<\/p>\n<p><strong>Weltladen an der Planie<\/strong><br \/>\nCharlottenplatz 17, 70173 Stuttgart<\/p>\n<p>0711 \/ 76 10 32 31<\/p>\n<p>\u00d6ffnungszeiten Mo-Sa 10-19 Uhr<br \/>\n<strong>info@weltladen-planie-stuttgart.de<\/strong><br \/>\n<a href=\"http:\/\/www.weltladen-planie-stuttgart.de\">www.weltladen-planie-stuttgart.de<\/a><\/p>\n<p>&nbsp;<\/p>\n<p><strong>Weltladen Stuttgart-Vaihingen<\/strong><br \/>\nVaihinger Markt 11, 70563 Stuttgart<br \/>\n0711 \/ 73 14 95<\/p>\n<p>\u00d6ffnungszeiten: Mo-Fr 10-18 Uhr, Sa 9-13 Uhr<br \/>\ninfo@weltladen-stuttgart-vaihingen.de<br \/>\n<a href=\"https:\/\/weltlaeden.de\/s-vaihingen\" target=\"_blank\" rel=\"noopener\">www.weltlaeden.de\/s-vaihingen<\/a><\/p>\n<p>&nbsp;<\/p>\n<p><strong>Weltl\u00e4dle Wangen<\/strong><br \/>\nBuchauer Str. 2, 70327 Stuttgart<br \/>\n0711 \/ 94 36 99 66<\/p>\n<p>\u00d6ffnungszeiten: Di-Fr. 9-12 Uhr, 15-18 Uhr, Sa 10-13 Uhr<br \/>\nweltladen-s-wangen@posteo.de<\/p>\n<p><a href=\"https:\/\/www.wangen-evangelisch.de\/einrichtungen\/weltlaedle-wangen-ev\/\">https:\/\/www.wangen-evangelisch.de\/einrichtungen\/weltlaedle-wangen-ev\/<\/a><\/p>\n<p>&nbsp;<\/p>\n<p><strong>Weltladen Zuffenhausen<\/strong><br \/>\nBesigheimer Str. 19, 70435 Stuttgart<br \/>\n0711 \/ 8 82 13 45<\/p>\n<p>\u00d6ffnungszeiten: Mo-Fr 10-12 Uhr und 16-18 Uhr, Sa 10-12 Uhr<br \/>\nweltladen-zuffenhausen@posteo.de<\/p>\n<p><a href=\"https:\/\/weltlaeden.de\/stuttgartzuffenhausen\" target=\"_blank\" rel=\"noopener\">https:\/\/weltlaeden.de\/stuttgartzuffenhausen<\/a><\/p>\n<\/div>\n<\/div>\n<\/div>\n<\/div>\n<\/div>\n<p>[\/vc_column_text][\/vc_column_inner][\/vc_row_inner][vc_separator][vc_row_inner][vc_column_inner width=&#8220;1\/4&#8243;]<div class=\"wl_einzelbild\"><p><\/p><\/div>[\/vc_column_inner][\/vc_row_inner][vc_separator][vc_empty_space][\/vc_column][\/vc_row]<\/p>\n<\/div>","protected":false},"excerpt":{"rendered":"<p>[vc_row][vc_column][vc_empty_space height=&#8220;20px&#8220;][\/vc_column][\/vc_row][vc_row][vc_column][vc_column_text] Ihre Weltl\u00e4den in Stuttgart [\/vc_column_text][vc_column_text] Immer in Ihrer N\u00e4he und doch mit weitem Horizont: Die Stuttgarter Weltl\u00e4den bieten Ihnen hochwertige Lebensmittel, exquisites Kunsthandwerk und modische Accessoires aus aller Welt. Unsere Produkte stammen aus Fairem Handel. Als Fachgesch\u00e4fte des Fairen Handels wollen wir ungerechten globalen Handels-und Wirtschaftsstrukturen und den damit einhergehenden Ungleichheiten (z.B. Entwicklung&hellip;<\/p>\n","protected":false},"author":1,"featured_media":0,"parent":0,"menu_order":0,"comment_status":"closed","ping_status":"closed","template":"","meta":{"footnotes":""},"class_list":["post-20","page","type-page","status-publish","hentry","description-off"],"yoast_head":"<!-- This site is optimized with the Yoast SEO plugin v26.8 - https:\/\/yoast.com\/product\/yoast-seo-wordpress\/ -->\n<title>Die Stuttgarter Weltl\u00e4den - Weltl\u00e4den in Stuttgart<\/title>\n<meta name=\"robots\" content=\"index, follow, max-snippet:-1, max-image-preview:large, max-video-preview:-1\" \/>\n<link rel=\"canonical\" href=\"https:\/\/weltlaeden.de\/stuttgart\/\" \/>\n<meta property=\"og:locale\" content=\"de_DE\" \/>\n<meta property=\"og:type\" content=\"article\" \/>\n<meta property=\"og:title\" content=\"Die Stuttgarter Weltl\u00e4den - Weltl\u00e4den in Stuttgart\" \/>\n<meta property=\"og:description\" content=\"[vc_row][vc_column][vc_empty_space height=&#8220;20px&#8220;][\/vc_column][\/vc_row][vc_row][vc_column][vc_column_text] Ihre Weltl\u00e4den in Stuttgart [\/vc_column_text][vc_column_text] Immer in Ihrer N\u00e4he und doch mit weitem Horizont: Die Stuttgarter Weltl\u00e4den bieten Ihnen hochwertige Lebensmittel, exquisites Kunsthandwerk und modische Accessoires aus aller Welt. Unsere Produkte stammen aus Fairem Handel. Als Fachgesch\u00e4fte des Fairen Handels wollen wir ungerechten globalen Handels-und Wirtschaftsstrukturen und den damit einhergehenden Ungleichheiten (z.B. Entwicklung&hellip;\" \/>\n<meta property=\"og:url\" content=\"https:\/\/weltlaeden.de\/stuttgart\/\" \/>\n<meta property=\"og:site_name\" content=\"Weltl\u00e4den in Stuttgart\" \/>\n<meta property=\"article:modified_time\" content=\"2026-01-21T12:52:20+00:00\" \/>\n<meta property=\"og:image\" content=\"https:\/\/weltlaeden.de\/stuttgart\/wp-content\/uploads\/sites\/180\/2023\/02\/WL_50Jahre_orange_MK-1.jpg\" \/>\n\t<meta property=\"og:image:width\" content=\"1115\" \/>\n\t<meta property=\"og:image:height\" content=\"390\" \/>\n\t<meta property=\"og:image:type\" content=\"image\/jpeg\" \/>\n<meta name=\"twitter:card\" content=\"summary_large_image\" \/>\n<meta name=\"twitter:label1\" content=\"Gesch\u00e4tzte Lesezeit\" \/>\n\t<meta name=\"twitter:data1\" content=\"3\u00a0Minuten\" \/>\n<script type=\"application\/ld+json\" class=\"yoast-schema-graph\">{\"@context\":\"https:\/\/schema.org\",\"@graph\":[{\"@type\":\"WebPage\",\"@id\":\"https:\/\/weltlaeden.de\/stuttgart\/\",\"url\":\"https:\/\/weltlaeden.de\/stuttgart\/\",\"name\":\"Die Stuttgarter Weltl\u00e4den - Weltl\u00e4den in Stuttgart\",\"isPartOf\":{\"@id\":\"https:\/\/weltlaeden.de\/stuttgart\/#website\"},\"primaryImageOfPage\":{\"@id\":\"https:\/\/weltlaeden.de\/stuttgart\/#primaryimage\"},\"image\":{\"@id\":\"https:\/\/weltlaeden.de\/stuttgart\/#primaryimage\"},\"thumbnailUrl\":\"https:\/\/weltlaeden.de\/stuttgart\/wp-content\/uploads\/sites\/180\/2023\/02\/WL_50Jahre_orange_MK-1-1024x358.jpg\",\"datePublished\":\"2016-10-14T07:05:21+00:00\",\"dateModified\":\"2026-01-21T12:52:20+00:00\",\"breadcrumb\":{\"@id\":\"https:\/\/weltlaeden.de\/stuttgart\/#breadcrumb\"},\"inLanguage\":\"de\",\"potentialAction\":[{\"@type\":\"ReadAction\",\"target\":[\"https:\/\/weltlaeden.de\/stuttgart\/\"]}]},{\"@type\":\"ImageObject\",\"inLanguage\":\"de\",\"@id\":\"https:\/\/weltlaeden.de\/stuttgart\/#primaryimage\",\"url\":\"https:\/\/weltlaeden.de\/stuttgart\/wp-content\/uploads\/sites\/180\/2023\/02\/WL_50Jahre_orange_MK-1.jpg\",\"contentUrl\":\"https:\/\/weltlaeden.de\/stuttgart\/wp-content\/uploads\/sites\/180\/2023\/02\/WL_50Jahre_orange_MK-1.jpg\",\"width\":1115,\"height\":390},{\"@type\":\"BreadcrumbList\",\"@id\":\"https:\/\/weltlaeden.de\/stuttgart\/#breadcrumb\",\"itemListElement\":[{\"@type\":\"ListItem\",\"position\":1,\"name\":\"Startseite\",\"item\":\"https:\/\/weltlaeden.de\/stuttgart\/\"},{\"@type\":\"ListItem\",\"position\":2,\"name\":\"Die Stuttgarter Weltl\u00e4den\"}]},{\"@type\":\"WebSite\",\"@id\":\"https:\/\/weltlaeden.de\/stuttgart\/#website\",\"url\":\"https:\/\/weltlaeden.de\/stuttgart\/\",\"name\":\"Weltl\u00e4den in Stuttgart\",\"description\":\"8 x in Stuttgart\",\"potentialAction\":[{\"@type\":\"SearchAction\",\"target\":{\"@type\":\"EntryPoint\",\"urlTemplate\":\"https:\/\/weltlaeden.de\/stuttgart\/?s={search_term_string}\"},\"query-input\":{\"@type\":\"PropertyValueSpecification\",\"valueRequired\":true,\"valueName\":\"search_term_string\"}}],\"inLanguage\":\"de\"}]}<\/script>\n<!-- \/ Yoast SEO plugin. -->","yoast_head_json":{"title":"Die Stuttgarter Weltl\u00e4den - Weltl\u00e4den in Stuttgart","robots":{"index":"index","follow":"follow","max-snippet":"max-snippet:-1","max-image-preview":"max-image-preview:large","max-video-preview":"max-video-preview:-1"},"canonical":"https:\/\/weltlaeden.de\/stuttgart\/","og_locale":"de_DE","og_type":"article","og_title":"Die Stuttgarter Weltl\u00e4den - Weltl\u00e4den in Stuttgart","og_description":"[vc_row][vc_column][vc_empty_space height=&#8220;20px&#8220;][\/vc_column][\/vc_row][vc_row][vc_column][vc_column_text] Ihre Weltl\u00e4den in Stuttgart [\/vc_column_text][vc_column_text] Immer in Ihrer N\u00e4he und doch mit weitem Horizont: Die Stuttgarter Weltl\u00e4den bieten Ihnen hochwertige Lebensmittel, exquisites Kunsthandwerk und modische Accessoires aus aller Welt. Unsere Produkte stammen aus Fairem Handel. Als Fachgesch\u00e4fte des Fairen Handels wollen wir ungerechten globalen Handels-und Wirtschaftsstrukturen und den damit einhergehenden Ungleichheiten (z.B. Entwicklung&hellip;","og_url":"https:\/\/weltlaeden.de\/stuttgart\/","og_site_name":"Weltl\u00e4den in Stuttgart","article_modified_time":"2026-01-21T12:52:20+00:00","og_image":[{"width":1115,"height":390,"url":"https:\/\/weltlaeden.de\/stuttgart\/wp-content\/uploads\/sites\/180\/2023\/02\/WL_50Jahre_orange_MK-1.jpg","type":"image\/jpeg"}],"twitter_card":"summary_large_image","twitter_misc":{"Gesch\u00e4tzte Lesezeit":"3\u00a0Minuten"},"schema":{"@context":"https:\/\/schema.org","@graph":[{"@type":"WebPage","@id":"https:\/\/weltlaeden.de\/stuttgart\/","url":"https:\/\/weltlaeden.de\/stuttgart\/","name":"Die Stuttgarter Weltl\u00e4den - Weltl\u00e4den in Stuttgart","isPartOf":{"@id":"https:\/\/weltlaeden.de\/stuttgart\/#website"},"primaryImageOfPage":{"@id":"https:\/\/weltlaeden.de\/stuttgart\/#primaryimage"},"image":{"@id":"https:\/\/weltlaeden.de\/stuttgart\/#primaryimage"},"thumbnailUrl":"https:\/\/weltlaeden.de\/stuttgart\/wp-content\/uploads\/sites\/180\/2023\/02\/WL_50Jahre_orange_MK-1-1024x358.jpg","datePublished":"2016-10-14T07:05:21+00:00","dateModified":"2026-01-21T12:52:20+00:00","breadcrumb":{"@id":"https:\/\/weltlaeden.de\/stuttgart\/#breadcrumb"},"inLanguage":"de","potentialAction":[{"@type":"ReadAction","target":["https:\/\/weltlaeden.de\/stuttgart\/"]}]},{"@type":"ImageObject","inLanguage":"de","@id":"https:\/\/weltlaeden.de\/stuttgart\/#primaryimage","url":"https:\/\/weltlaeden.de\/stuttgart\/wp-content\/uploads\/sites\/180\/2023\/02\/WL_50Jahre_orange_MK-1.jpg","contentUrl":"https:\/\/weltlaeden.de\/stuttgart\/wp-content\/uploads\/sites\/180\/2023\/02\/WL_50Jahre_orange_MK-1.jpg","width":1115,"height":390},{"@type":"BreadcrumbList","@id":"https:\/\/weltlaeden.de\/stuttgart\/#breadcrumb","itemListElement":[{"@type":"ListItem","position":1,"name":"Startseite","item":"https:\/\/weltlaeden.de\/stuttgart\/"},{"@type":"ListItem","position":2,"name":"Die Stuttgarter Weltl\u00e4den"}]},{"@type":"WebSite","@id":"https:\/\/weltlaeden.de\/stuttgart\/#website","url":"https:\/\/weltlaeden.de\/stuttgart\/","name":"Weltl\u00e4den in Stuttgart","description":"8 x in Stuttgart","potentialAction":[{"@type":"SearchAction","target":{"@type":"EntryPoint","urlTemplate":"https:\/\/weltlaeden.de\/stuttgart\/?s={search_term_string}"},"query-input":{"@type":"PropertyValueSpecification","valueRequired":true,"valueName":"search_term_string"}}],"inLanguage":"de"}]}},"_links":{"self":[{"href":"https:\/\/weltlaeden.de\/stuttgart\/wp-json\/wp\/v2\/pages\/20","targetHints":{"allow":["GET"]}}],"collection":[{"href":"https:\/\/weltlaeden.de\/stuttgart\/wp-json\/wp\/v2\/pages"}],"about":[{"href":"https:\/\/weltlaeden.de\/stuttgart\/wp-json\/wp\/v2\/types\/page"}],"author":[{"embeddable":true,"href":"https:\/\/weltlaeden.de\/stuttgart\/wp-json\/wp\/v2\/users\/1"}],"replies":[{"embeddable":true,"href":"https:\/\/weltlaeden.de\/stuttgart\/wp-json\/wp\/v2\/comments?post=20"}],"version-history":[{"count":54,"href":"https:\/\/weltlaeden.de\/stuttgart\/wp-json\/wp\/v2\/pages\/20\/revisions"}],"predecessor-version":[{"id":673,"href":"https:\/\/weltlaeden.de\/stuttgart\/wp-json\/wp\/v2\/pages\/20\/revisions\/673"}],"wp:attachment":[{"href":"https:\/\/weltlaeden.de\/stuttgart\/wp-json\/wp\/v2\/media?parent=20"}],"curies":[{"name":"wp","href":"https:\/\/api.w.org\/{rel}","templated":true}]}}