{"id":949,"date":"2020-11-23T13:41:04","date_gmt":"2020-11-23T12:41:04","guid":{"rendered":"https:\/\/weltlaeden.de\/stuttgart-fairost\/fairost\/slider\/advent-2020\/"},"modified":"2020-11-23T14:17:16","modified_gmt":"2020-11-23T13:17:16","slug":"advent-2020","status":"publish","type":"page","link":"https:\/\/weltlaeden.de\/stuttgart-fairost\/fairost\/slider\/advent-2020\/","title":{"rendered":"Advent 2020"},"content":{"rendered":"<p>Noch stehen sie in Reih und Glied im Laden, unsere Nikol\u00e4use. Bald schon stecken sie hoffentlich in vielen Socken oder Stiefeln, die die Kinder vorbereitet bzw. geputzt haben. Unsere Schokoladen-Nikol\u00e4use sind echte Bisch\u00f6fe mit M\u00fctze und goldenem Stab, und nat\u00fcrlich sind sie aus fairem Handel. Die ganz kleinen Exemplare gibt es f\u00fcr 0,55 Euro, die etwas gr\u00f6\u00dferen f\u00fcr 1 Euro, die Nikol\u00e4use in Standard-Gr\u00f6\u00dfe kosten 1,80 Euro.<\/p>\n<p><img loading=\"lazy\" decoding=\"async\" class=\"alignnone size-medium wp-image-952\" src=\"https:\/\/weltlaeden.de\/stuttgart-fairost\/wp-content\/uploads\/sites\/133\/2020\/11\/Nikolaus-2020-Slider-300x150.png\" alt=\"Nikol\u00e4use, Pl\u00e4tzchen und Gl\u00fchwein aus fairem Handel\" width=\"300\" height=\"150\" srcset=\"https:\/\/weltlaeden.de\/stuttgart-fairost\/wp-content\/uploads\/sites\/133\/2020\/11\/Nikolaus-2020-Slider-300x150.png 300w, https:\/\/weltlaeden.de\/stuttgart-fairost\/wp-content\/uploads\/sites\/133\/2020\/11\/Nikolaus-2020-Slider.png 600w\" sizes=\"auto, (max-width: 300px) 100vw, 300px\" \/><\/p>\n<p>Neben den Nikol\u00e4usen gibt es eine gro\u00dfe Auswahl an Weihnachtsgeb\u00e4ck und -schokolade: Spekulatius und Pfeffern\u00fcsse von Gepa, Pralinen und Lebkuchenherzen von El Puente, Linzer T\u00f6rtchen vom Nudelhaus, Schokoladentafeln in weihnachtlichem Design, Trinkschokolade, winterliche Teesorten, Gew\u00fcrze und vieles mehr. Der Gl\u00fchwein &#8222;Marrys Fair Trade&#8220; (4 Euro) stammt vom Weingut Stellar Organics.<\/p>\n<p><img loading=\"lazy\" decoding=\"async\" class=\"alignnone size-medium wp-image-953\" src=\"https:\/\/weltlaeden.de\/stuttgart-fairost\/wp-content\/uploads\/sites\/133\/2020\/11\/Advent-2020-225x300.png\" alt=\"Adventskalender und Schokolade aus fairem Handel\" width=\"225\" height=\"300\" srcset=\"https:\/\/weltlaeden.de\/stuttgart-fairost\/wp-content\/uploads\/sites\/133\/2020\/11\/Advent-2020-225x300.png 225w, https:\/\/weltlaeden.de\/stuttgart-fairost\/wp-content\/uploads\/sites\/133\/2020\/11\/Advent-2020.png 300w\" sizes=\"auto, (max-width: 225px) 100vw, 225px\" \/><\/p>\n<p>Um sich das Warten auf Weihnachten zu verk\u00fcrzen, haben wir auch Adventskalender im Angebot. Der Kalender im Bild von Gepa enth\u00e4lt 24 kleine Schokol\u00e4dchen und kostet 3,50 Euro. F\u00fcr Erwachsene gibt es auch hochwertige Adventskalender mit edlen Pralinen.<\/p>\n","protected":false},"excerpt":{"rendered":"<p>Noch stehen sie in Reih und Glied im Laden, unsere Nikol\u00e4use. Bald schon stecken sie hoffentlich in vielen Socken oder Stiefeln, die die Kinder vorbereitet bzw. geputzt haben. Unsere Schokoladen-Nikol\u00e4use sind echte Bisch\u00f6fe mit M\u00fctze und goldenem Stab, und nat\u00fcrlich sind sie aus fairem Handel. Die ganz kleinen Exemplare gibt es f\u00fcr 0,55 Euro, die&hellip;<\/p>\n","protected":false},"author":195,"featured_media":0,"parent":493,"menu_order":10,"comment_status":"closed","ping_status":"closed","template":"","meta":{"footnotes":""},"class_list":["post-949","page","type-page","status-publish","hentry","description-off"],"yoast_head":"<!-- This site is optimized with the Yoast SEO plugin v26.8 - https:\/\/yoast.com\/product\/yoast-seo-wordpress\/ -->\n<title>Advent 2020 - Fairost Stuttgart<\/title>\n<meta name=\"robots\" content=\"index, follow, max-snippet:-1, max-image-preview:large, max-video-preview:-1\" \/>\n<link rel=\"canonical\" href=\"https:\/\/weltlaeden.de\/stuttgart-fairost\/fairost\/slider\/advent-2020\/\" \/>\n<meta property=\"og:locale\" content=\"de_DE\" \/>\n<meta property=\"og:type\" content=\"article\" \/>\n<meta property=\"og:title\" content=\"Advent 2020 - Fairost Stuttgart\" \/>\n<meta property=\"og:description\" content=\"Noch stehen sie in Reih und Glied im Laden, unsere Nikol\u00e4use. Bald schon stecken sie hoffentlich in vielen Socken oder Stiefeln, die die Kinder vorbereitet bzw. geputzt haben. Unsere Schokoladen-Nikol\u00e4use sind echte Bisch\u00f6fe mit M\u00fctze und goldenem Stab, und nat\u00fcrlich sind sie aus fairem Handel. Die ganz kleinen Exemplare gibt es f\u00fcr 0,55 Euro, die&hellip;\" \/>\n<meta property=\"og:url\" content=\"https:\/\/weltlaeden.de\/stuttgart-fairost\/fairost\/slider\/advent-2020\/\" \/>\n<meta property=\"og:site_name\" content=\"Fairost Stuttgart\" \/>\n<meta property=\"article:modified_time\" content=\"2020-11-23T13:17:16+00:00\" \/>\n<meta property=\"og:image\" content=\"https:\/\/weltlaeden.de\/stuttgart-fairost\/wp-content\/uploads\/sites\/133\/2020\/11\/Nikolaus-2020-Slider-300x150.png\" \/>\n<meta name=\"twitter:card\" content=\"summary_large_image\" \/>\n<meta name=\"twitter:label1\" content=\"Gesch\u00e4tzte Lesezeit\" \/>\n\t<meta name=\"twitter:data1\" content=\"1\u00a0Minute\" \/>\n<script type=\"application\/ld+json\" class=\"yoast-schema-graph\">{\"@context\":\"https:\/\/schema.org\",\"@graph\":[{\"@type\":\"WebPage\",\"@id\":\"https:\/\/weltlaeden.de\/stuttgart-fairost\/fairost\/slider\/advent-2020\/\",\"url\":\"https:\/\/weltlaeden.de\/stuttgart-fairost\/fairost\/slider\/advent-2020\/\",\"name\":\"Advent 2020 - Fairost Stuttgart\",\"isPartOf\":{\"@id\":\"https:\/\/weltlaeden.de\/stuttgart-fairost\/#website\"},\"primaryImageOfPage\":{\"@id\":\"https:\/\/weltlaeden.de\/stuttgart-fairost\/fairost\/slider\/advent-2020\/#primaryimage\"},\"image\":{\"@id\":\"https:\/\/weltlaeden.de\/stuttgart-fairost\/fairost\/slider\/advent-2020\/#primaryimage\"},\"thumbnailUrl\":\"https:\/\/weltlaeden.de\/stuttgart-fairost\/wp-content\/uploads\/sites\/133\/2020\/11\/Nikolaus-2020-Slider-300x150.png\",\"datePublished\":\"2020-11-23T12:41:04+00:00\",\"dateModified\":\"2020-11-23T13:17:16+00:00\",\"breadcrumb\":{\"@id\":\"https:\/\/weltlaeden.de\/stuttgart-fairost\/fairost\/slider\/advent-2020\/#breadcrumb\"},\"inLanguage\":\"de\",\"potentialAction\":[{\"@type\":\"ReadAction\",\"target\":[\"https:\/\/weltlaeden.de\/stuttgart-fairost\/fairost\/slider\/advent-2020\/\"]}]},{\"@type\":\"ImageObject\",\"inLanguage\":\"de\",\"@id\":\"https:\/\/weltlaeden.de\/stuttgart-fairost\/fairost\/slider\/advent-2020\/#primaryimage\",\"url\":\"https:\/\/weltlaeden.de\/stuttgart-fairost\/wp-content\/uploads\/sites\/133\/2020\/11\/Nikolaus-2020-Slider.png\",\"contentUrl\":\"https:\/\/weltlaeden.de\/stuttgart-fairost\/wp-content\/uploads\/sites\/133\/2020\/11\/Nikolaus-2020-Slider.png\",\"width\":600,\"height\":300,\"caption\":\"Nikol\u00e4use, Pl\u00e4tzchen und Gl\u00fchwein aus fairem Handel\"},{\"@type\":\"BreadcrumbList\",\"@id\":\"https:\/\/weltlaeden.de\/stuttgart-fairost\/fairost\/slider\/advent-2020\/#breadcrumb\",\"itemListElement\":[{\"@type\":\"ListItem\",\"position\":1,\"name\":\"Startseite\",\"item\":\"https:\/\/weltlaeden.de\/stuttgart-fairost\/\"},{\"@type\":\"ListItem\",\"position\":2,\"name\":\"Startseite\",\"item\":\"https:\/\/weltlaeden.de\/stuttgart-fairost\/\"},{\"@type\":\"ListItem\",\"position\":3,\"name\":\"slider\",\"item\":\"https:\/\/weltlaeden.de\/stuttgart-fairost\/fairost\/slider\/\"},{\"@type\":\"ListItem\",\"position\":4,\"name\":\"Advent 2020\"}]},{\"@type\":\"WebSite\",\"@id\":\"https:\/\/weltlaeden.de\/stuttgart-fairost\/#website\",\"url\":\"https:\/\/weltlaeden.de\/stuttgart-fairost\/\",\"name\":\"Vorlage\",\"description\":\"\",\"potentialAction\":[{\"@type\":\"SearchAction\",\"target\":{\"@type\":\"EntryPoint\",\"urlTemplate\":\"https:\/\/weltlaeden.de\/stuttgart-fairost\/?s={search_term_string}\"},\"query-input\":{\"@type\":\"PropertyValueSpecification\",\"valueRequired\":true,\"valueName\":\"search_term_string\"}}],\"inLanguage\":\"de\"}]}<\/script>\n<!-- \/ Yoast SEO plugin. -->","yoast_head_json":{"title":"Advent 2020 - Fairost Stuttgart","robots":{"index":"index","follow":"follow","max-snippet":"max-snippet:-1","max-image-preview":"max-image-preview:large","max-video-preview":"max-video-preview:-1"},"canonical":"https:\/\/weltlaeden.de\/stuttgart-fairost\/fairost\/slider\/advent-2020\/","og_locale":"de_DE","og_type":"article","og_title":"Advent 2020 - Fairost Stuttgart","og_description":"Noch stehen sie in Reih und Glied im Laden, unsere Nikol\u00e4use. Bald schon stecken sie hoffentlich in vielen Socken oder Stiefeln, die die Kinder vorbereitet bzw. geputzt haben. Unsere Schokoladen-Nikol\u00e4use sind echte Bisch\u00f6fe mit M\u00fctze und goldenem Stab, und nat\u00fcrlich sind sie aus fairem Handel. Die ganz kleinen Exemplare gibt es f\u00fcr 0,55 Euro, die&hellip;","og_url":"https:\/\/weltlaeden.de\/stuttgart-fairost\/fairost\/slider\/advent-2020\/","og_site_name":"Fairost Stuttgart","article_modified_time":"2020-11-23T13:17:16+00:00","og_image":[{"url":"https:\/\/weltlaeden.de\/stuttgart-fairost\/wp-content\/uploads\/sites\/133\/2020\/11\/Nikolaus-2020-Slider-300x150.png","type":"","width":"","height":""}],"twitter_card":"summary_large_image","twitter_misc":{"Gesch\u00e4tzte Lesezeit":"1\u00a0Minute"},"schema":{"@context":"https:\/\/schema.org","@graph":[{"@type":"WebPage","@id":"https:\/\/weltlaeden.de\/stuttgart-fairost\/fairost\/slider\/advent-2020\/","url":"https:\/\/weltlaeden.de\/stuttgart-fairost\/fairost\/slider\/advent-2020\/","name":"Advent 2020 - Fairost Stuttgart","isPartOf":{"@id":"https:\/\/weltlaeden.de\/stuttgart-fairost\/#website"},"primaryImageOfPage":{"@id":"https:\/\/weltlaeden.de\/stuttgart-fairost\/fairost\/slider\/advent-2020\/#primaryimage"},"image":{"@id":"https:\/\/weltlaeden.de\/stuttgart-fairost\/fairost\/slider\/advent-2020\/#primaryimage"},"thumbnailUrl":"https:\/\/weltlaeden.de\/stuttgart-fairost\/wp-content\/uploads\/sites\/133\/2020\/11\/Nikolaus-2020-Slider-300x150.png","datePublished":"2020-11-23T12:41:04+00:00","dateModified":"2020-11-23T13:17:16+00:00","breadcrumb":{"@id":"https:\/\/weltlaeden.de\/stuttgart-fairost\/fairost\/slider\/advent-2020\/#breadcrumb"},"inLanguage":"de","potentialAction":[{"@type":"ReadAction","target":["https:\/\/weltlaeden.de\/stuttgart-fairost\/fairost\/slider\/advent-2020\/"]}]},{"@type":"ImageObject","inLanguage":"de","@id":"https:\/\/weltlaeden.de\/stuttgart-fairost\/fairost\/slider\/advent-2020\/#primaryimage","url":"https:\/\/weltlaeden.de\/stuttgart-fairost\/wp-content\/uploads\/sites\/133\/2020\/11\/Nikolaus-2020-Slider.png","contentUrl":"https:\/\/weltlaeden.de\/stuttgart-fairost\/wp-content\/uploads\/sites\/133\/2020\/11\/Nikolaus-2020-Slider.png","width":600,"height":300,"caption":"Nikol\u00e4use, Pl\u00e4tzchen und Gl\u00fchwein aus fairem Handel"},{"@type":"BreadcrumbList","@id":"https:\/\/weltlaeden.de\/stuttgart-fairost\/fairost\/slider\/advent-2020\/#breadcrumb","itemListElement":[{"@type":"ListItem","position":1,"name":"Startseite","item":"https:\/\/weltlaeden.de\/stuttgart-fairost\/"},{"@type":"ListItem","position":2,"name":"Startseite","item":"https:\/\/weltlaeden.de\/stuttgart-fairost\/"},{"@type":"ListItem","position":3,"name":"slider","item":"https:\/\/weltlaeden.de\/stuttgart-fairost\/fairost\/slider\/"},{"@type":"ListItem","position":4,"name":"Advent 2020"}]},{"@type":"WebSite","@id":"https:\/\/weltlaeden.de\/stuttgart-fairost\/#website","url":"https:\/\/weltlaeden.de\/stuttgart-fairost\/","name":"Vorlage","description":"","potentialAction":[{"@type":"SearchAction","target":{"@type":"EntryPoint","urlTemplate":"https:\/\/weltlaeden.de\/stuttgart-fairost\/?s={search_term_string}"},"query-input":{"@type":"PropertyValueSpecification","valueRequired":true,"valueName":"search_term_string"}}],"inLanguage":"de"}]}},"_links":{"self":[{"href":"https:\/\/weltlaeden.de\/stuttgart-fairost\/wp-json\/wp\/v2\/pages\/949","targetHints":{"allow":["GET"]}}],"collection":[{"href":"https:\/\/weltlaeden.de\/stuttgart-fairost\/wp-json\/wp\/v2\/pages"}],"about":[{"href":"https:\/\/weltlaeden.de\/stuttgart-fairost\/wp-json\/wp\/v2\/types\/page"}],"author":[{"embeddable":true,"href":"https:\/\/weltlaeden.de\/stuttgart-fairost\/wp-json\/wp\/v2\/users\/195"}],"replies":[{"embeddable":true,"href":"https:\/\/weltlaeden.de\/stuttgart-fairost\/wp-json\/wp\/v2\/comments?post=949"}],"version-history":[{"count":3,"href":"https:\/\/weltlaeden.de\/stuttgart-fairost\/wp-json\/wp\/v2\/pages\/949\/revisions"}],"predecessor-version":[{"id":955,"href":"https:\/\/weltlaeden.de\/stuttgart-fairost\/wp-json\/wp\/v2\/pages\/949\/revisions\/955"}],"up":[{"embeddable":true,"href":"https:\/\/weltlaeden.de\/stuttgart-fairost\/wp-json\/wp\/v2\/pages\/493"}],"wp:attachment":[{"href":"https:\/\/weltlaeden.de\/stuttgart-fairost\/wp-json\/wp\/v2\/media?parent=949"}],"curies":[{"name":"wp","href":"https:\/\/api.w.org\/{rel}","templated":true}]}}