{"id":934,"date":"2020-09-06T09:58:22","date_gmt":"2020-09-06T07:58:22","guid":{"rendered":"https:\/\/weltlaeden.de\/stuttgart-fairost\/weltladen-gablenberg\/slider\/geschirr\/"},"modified":"2021-04-26T16:56:13","modified_gmt":"2021-04-26T14:56:13","slug":"geschirr","status":"publish","type":"page","link":"https:\/\/weltlaeden.de\/stuttgart-fairost\/fairost\/slider\/geschirr\/","title":{"rendered":"Geschirr"},"content":{"rendered":"<p><img loading=\"lazy\" decoding=\"async\" class=\" wp-image-936 alignleft\" src=\"https:\/\/weltlaeden.de\/stuttgart-fairost\/wp-content\/uploads\/sites\/133\/2020\/09\/Empf_Geschirr_Slider-300x150.png\" alt=\"Geschirr aus fairem Handel: Teller, Krug, Gl\u00e4ser\" width=\"432\" height=\"216\" srcset=\"https:\/\/weltlaeden.de\/stuttgart-fairost\/wp-content\/uploads\/sites\/133\/2020\/09\/Empf_Geschirr_Slider-300x150.png 300w, https:\/\/weltlaeden.de\/stuttgart-fairost\/wp-content\/uploads\/sites\/133\/2020\/09\/Empf_Geschirr_Slider.png 600w\" sizes=\"auto, (max-width: 432px) 100vw, 432px\" \/>Viele Produkte f\u00fcr den sch\u00f6n gedeckten Tisch gibt es im Weltladen. Die Teller (20cm Durchmesser) stammen von dem Produzenten Glass Style aus Kairo. Wir beziehen sie \u00fcber das Fair-Handels-Unternehmen Contigo. Dazu gibt es Servierschalen und kleinere Dessertschalen. Die rund 20 Mitarbeiter(-innen) in der Werkstatt fertigen jedes St\u00fcck in Handarbeit.<\/p>\n<p>Die Kerzenst\u00e4nder in Bl\u00fctenform werden auf den Philippinen hergestellt, der Glaskrug und die dazugeh\u00f6renden Gl\u00e4ser von unserem Fair Trade Partner Globo in Mexiko. Die Produkte aus einer Glasbl\u00e4serei in der Region Jalisco im Westen Mexikos sind aus recyceltem Altglas und mundgeblasen &#8211; jedes St\u00fcck ein Unikat.<\/p>\n<p>&nbsp;<\/p>\n<p><img loading=\"lazy\" decoding=\"async\" class=\" wp-image-1008 alignright\" src=\"https:\/\/weltlaeden.de\/stuttgart-fairost\/wp-content\/uploads\/sites\/133\/2021\/04\/Produkt-Geschirr-bunt-300x200.png\" alt=\"Geschirr aus Indien\" width=\"403\" height=\"268\" srcset=\"https:\/\/weltlaeden.de\/stuttgart-fairost\/wp-content\/uploads\/sites\/133\/2021\/04\/Produkt-Geschirr-bunt-300x200.png 300w, https:\/\/weltlaeden.de\/stuttgart-fairost\/wp-content\/uploads\/sites\/133\/2021\/04\/Produkt-Geschirr-bunt.png 600w\" sizes=\"auto, (max-width: 403px) 100vw, 403px\" \/>Eine weitere Produktlinie ist das bunte Keramikgeschirr der Serie &#8222;Toskana&#8220; aus Indien vom Lieferanten Gall &amp; Zick. Die Eheleute haben rund 15 Jahre in Indien verbracht. Die Manufaktur liegt im Bezirk Uttabradesch, nord\u00f6stlich von Delhi, im Ort Khurja und\u00a0hat die ISO 9001-2000 Zertifizierung (bez\u00fcglich Transparenz, Entlohnung, Arbeitsbedingungen, Arbeitsschutz). Das Unternehmen gilt in Indien als vorbildlich, alle gew\u00fcnschten Standards sind erf\u00fcllt oder \u00fcbertroffen. Kinderarbeit ist ausgeschlossen. Alle Besch\u00e4ftigten sind versichert, was in Indien bei nur etwa zehn Prozent Arbeitnehmer\/-innen der Fall ist.<\/p>\n","protected":false},"excerpt":{"rendered":"<p>Viele Produkte f\u00fcr den sch\u00f6n gedeckten Tisch gibt es im Weltladen. Die Teller (20cm Durchmesser) stammen von dem Produzenten Glass Style aus Kairo. Wir beziehen sie \u00fcber das Fair-Handels-Unternehmen Contigo. Dazu gibt es Servierschalen und kleinere Dessertschalen. Die rund 20 Mitarbeiter(-innen) in der Werkstatt fertigen jedes St\u00fcck in Handarbeit. Die Kerzenst\u00e4nder in Bl\u00fctenform werden auf&hellip;<\/p>\n","protected":false},"author":195,"featured_media":0,"parent":493,"menu_order":8,"comment_status":"closed","ping_status":"closed","template":"","meta":{"footnotes":""},"class_list":["post-934","page","type-page","status-publish","hentry","description-off"],"yoast_head":"<!-- This site is optimized with the Yoast SEO plugin v26.8 - https:\/\/yoast.com\/product\/yoast-seo-wordpress\/ -->\n<title>Geschirr - Fairost Stuttgart<\/title>\n<meta name=\"robots\" content=\"index, follow, max-snippet:-1, max-image-preview:large, max-video-preview:-1\" \/>\n<link rel=\"canonical\" href=\"https:\/\/weltlaeden.de\/stuttgart-fairost\/fairost\/slider\/geschirr\/\" \/>\n<meta property=\"og:locale\" content=\"de_DE\" \/>\n<meta property=\"og:type\" content=\"article\" \/>\n<meta property=\"og:title\" content=\"Geschirr - Fairost Stuttgart\" \/>\n<meta property=\"og:description\" content=\"Viele Produkte f\u00fcr den sch\u00f6n gedeckten Tisch gibt es im Weltladen. Die Teller (20cm Durchmesser) stammen von dem Produzenten Glass Style aus Kairo. Wir beziehen sie \u00fcber das Fair-Handels-Unternehmen Contigo. Dazu gibt es Servierschalen und kleinere Dessertschalen. Die rund 20 Mitarbeiter(-innen) in der Werkstatt fertigen jedes St\u00fcck in Handarbeit. Die Kerzenst\u00e4nder in Bl\u00fctenform werden auf&hellip;\" \/>\n<meta property=\"og:url\" content=\"https:\/\/weltlaeden.de\/stuttgart-fairost\/fairost\/slider\/geschirr\/\" \/>\n<meta property=\"og:site_name\" content=\"Fairost Stuttgart\" \/>\n<meta property=\"article:modified_time\" content=\"2021-04-26T14:56:13+00:00\" \/>\n<meta property=\"og:image\" content=\"https:\/\/weltlaeden.de\/stuttgart-fairost\/wp-content\/uploads\/sites\/133\/2020\/09\/Empf_Geschirr_Slider-300x150.png\" \/>\n<meta name=\"twitter:card\" content=\"summary_large_image\" \/>\n<meta name=\"twitter:label1\" content=\"Gesch\u00e4tzte Lesezeit\" \/>\n\t<meta name=\"twitter:data1\" content=\"1\u00a0Minute\" \/>\n<script type=\"application\/ld+json\" class=\"yoast-schema-graph\">{\"@context\":\"https:\/\/schema.org\",\"@graph\":[{\"@type\":\"WebPage\",\"@id\":\"https:\/\/weltlaeden.de\/stuttgart-fairost\/fairost\/slider\/geschirr\/\",\"url\":\"https:\/\/weltlaeden.de\/stuttgart-fairost\/fairost\/slider\/geschirr\/\",\"name\":\"Geschirr - Fairost Stuttgart\",\"isPartOf\":{\"@id\":\"https:\/\/weltlaeden.de\/stuttgart-fairost\/#website\"},\"primaryImageOfPage\":{\"@id\":\"https:\/\/weltlaeden.de\/stuttgart-fairost\/fairost\/slider\/geschirr\/#primaryimage\"},\"image\":{\"@id\":\"https:\/\/weltlaeden.de\/stuttgart-fairost\/fairost\/slider\/geschirr\/#primaryimage\"},\"thumbnailUrl\":\"https:\/\/weltlaeden.de\/stuttgart-fairost\/wp-content\/uploads\/sites\/133\/2020\/09\/Empf_Geschirr_Slider-300x150.png\",\"datePublished\":\"2020-09-06T07:58:22+00:00\",\"dateModified\":\"2021-04-26T14:56:13+00:00\",\"breadcrumb\":{\"@id\":\"https:\/\/weltlaeden.de\/stuttgart-fairost\/fairost\/slider\/geschirr\/#breadcrumb\"},\"inLanguage\":\"de\",\"potentialAction\":[{\"@type\":\"ReadAction\",\"target\":[\"https:\/\/weltlaeden.de\/stuttgart-fairost\/fairost\/slider\/geschirr\/\"]}]},{\"@type\":\"ImageObject\",\"inLanguage\":\"de\",\"@id\":\"https:\/\/weltlaeden.de\/stuttgart-fairost\/fairost\/slider\/geschirr\/#primaryimage\",\"url\":\"https:\/\/weltlaeden.de\/stuttgart-fairost\/wp-content\/uploads\/sites\/133\/2020\/09\/Empf_Geschirr_Slider.png\",\"contentUrl\":\"https:\/\/weltlaeden.de\/stuttgart-fairost\/wp-content\/uploads\/sites\/133\/2020\/09\/Empf_Geschirr_Slider.png\",\"width\":600,\"height\":300,\"caption\":\"Geschirr aus fairem Handel: Teller, Krug, Gl\u00e4ser\"},{\"@type\":\"BreadcrumbList\",\"@id\":\"https:\/\/weltlaeden.de\/stuttgart-fairost\/fairost\/slider\/geschirr\/#breadcrumb\",\"itemListElement\":[{\"@type\":\"ListItem\",\"position\":1,\"name\":\"Startseite\",\"item\":\"https:\/\/weltlaeden.de\/stuttgart-fairost\/\"},{\"@type\":\"ListItem\",\"position\":2,\"name\":\"Startseite\",\"item\":\"https:\/\/weltlaeden.de\/stuttgart-fairost\/\"},{\"@type\":\"ListItem\",\"position\":3,\"name\":\"slider\",\"item\":\"https:\/\/weltlaeden.de\/stuttgart-fairost\/fairost\/slider\/\"},{\"@type\":\"ListItem\",\"position\":4,\"name\":\"Geschirr\"}]},{\"@type\":\"WebSite\",\"@id\":\"https:\/\/weltlaeden.de\/stuttgart-fairost\/#website\",\"url\":\"https:\/\/weltlaeden.de\/stuttgart-fairost\/\",\"name\":\"Vorlage\",\"description\":\"\",\"potentialAction\":[{\"@type\":\"SearchAction\",\"target\":{\"@type\":\"EntryPoint\",\"urlTemplate\":\"https:\/\/weltlaeden.de\/stuttgart-fairost\/?s={search_term_string}\"},\"query-input\":{\"@type\":\"PropertyValueSpecification\",\"valueRequired\":true,\"valueName\":\"search_term_string\"}}],\"inLanguage\":\"de\"}]}<\/script>\n<!-- \/ Yoast SEO plugin. -->","yoast_head_json":{"title":"Geschirr - Fairost Stuttgart","robots":{"index":"index","follow":"follow","max-snippet":"max-snippet:-1","max-image-preview":"max-image-preview:large","max-video-preview":"max-video-preview:-1"},"canonical":"https:\/\/weltlaeden.de\/stuttgart-fairost\/fairost\/slider\/geschirr\/","og_locale":"de_DE","og_type":"article","og_title":"Geschirr - Fairost Stuttgart","og_description":"Viele Produkte f\u00fcr den sch\u00f6n gedeckten Tisch gibt es im Weltladen. Die Teller (20cm Durchmesser) stammen von dem Produzenten Glass Style aus Kairo. Wir beziehen sie \u00fcber das Fair-Handels-Unternehmen Contigo. Dazu gibt es Servierschalen und kleinere Dessertschalen. Die rund 20 Mitarbeiter(-innen) in der Werkstatt fertigen jedes St\u00fcck in Handarbeit. Die Kerzenst\u00e4nder in Bl\u00fctenform werden auf&hellip;","og_url":"https:\/\/weltlaeden.de\/stuttgart-fairost\/fairost\/slider\/geschirr\/","og_site_name":"Fairost Stuttgart","article_modified_time":"2021-04-26T14:56:13+00:00","og_image":[{"url":"https:\/\/weltlaeden.de\/stuttgart-fairost\/wp-content\/uploads\/sites\/133\/2020\/09\/Empf_Geschirr_Slider-300x150.png","type":"","width":"","height":""}],"twitter_card":"summary_large_image","twitter_misc":{"Gesch\u00e4tzte Lesezeit":"1\u00a0Minute"},"schema":{"@context":"https:\/\/schema.org","@graph":[{"@type":"WebPage","@id":"https:\/\/weltlaeden.de\/stuttgart-fairost\/fairost\/slider\/geschirr\/","url":"https:\/\/weltlaeden.de\/stuttgart-fairost\/fairost\/slider\/geschirr\/","name":"Geschirr - Fairost Stuttgart","isPartOf":{"@id":"https:\/\/weltlaeden.de\/stuttgart-fairost\/#website"},"primaryImageOfPage":{"@id":"https:\/\/weltlaeden.de\/stuttgart-fairost\/fairost\/slider\/geschirr\/#primaryimage"},"image":{"@id":"https:\/\/weltlaeden.de\/stuttgart-fairost\/fairost\/slider\/geschirr\/#primaryimage"},"thumbnailUrl":"https:\/\/weltlaeden.de\/stuttgart-fairost\/wp-content\/uploads\/sites\/133\/2020\/09\/Empf_Geschirr_Slider-300x150.png","datePublished":"2020-09-06T07:58:22+00:00","dateModified":"2021-04-26T14:56:13+00:00","breadcrumb":{"@id":"https:\/\/weltlaeden.de\/stuttgart-fairost\/fairost\/slider\/geschirr\/#breadcrumb"},"inLanguage":"de","potentialAction":[{"@type":"ReadAction","target":["https:\/\/weltlaeden.de\/stuttgart-fairost\/fairost\/slider\/geschirr\/"]}]},{"@type":"ImageObject","inLanguage":"de","@id":"https:\/\/weltlaeden.de\/stuttgart-fairost\/fairost\/slider\/geschirr\/#primaryimage","url":"https:\/\/weltlaeden.de\/stuttgart-fairost\/wp-content\/uploads\/sites\/133\/2020\/09\/Empf_Geschirr_Slider.png","contentUrl":"https:\/\/weltlaeden.de\/stuttgart-fairost\/wp-content\/uploads\/sites\/133\/2020\/09\/Empf_Geschirr_Slider.png","width":600,"height":300,"caption":"Geschirr aus fairem Handel: Teller, Krug, Gl\u00e4ser"},{"@type":"BreadcrumbList","@id":"https:\/\/weltlaeden.de\/stuttgart-fairost\/fairost\/slider\/geschirr\/#breadcrumb","itemListElement":[{"@type":"ListItem","position":1,"name":"Startseite","item":"https:\/\/weltlaeden.de\/stuttgart-fairost\/"},{"@type":"ListItem","position":2,"name":"Startseite","item":"https:\/\/weltlaeden.de\/stuttgart-fairost\/"},{"@type":"ListItem","position":3,"name":"slider","item":"https:\/\/weltlaeden.de\/stuttgart-fairost\/fairost\/slider\/"},{"@type":"ListItem","position":4,"name":"Geschirr"}]},{"@type":"WebSite","@id":"https:\/\/weltlaeden.de\/stuttgart-fairost\/#website","url":"https:\/\/weltlaeden.de\/stuttgart-fairost\/","name":"Vorlage","description":"","potentialAction":[{"@type":"SearchAction","target":{"@type":"EntryPoint","urlTemplate":"https:\/\/weltlaeden.de\/stuttgart-fairost\/?s={search_term_string}"},"query-input":{"@type":"PropertyValueSpecification","valueRequired":true,"valueName":"search_term_string"}}],"inLanguage":"de"}]}},"_links":{"self":[{"href":"https:\/\/weltlaeden.de\/stuttgart-fairost\/wp-json\/wp\/v2\/pages\/934","targetHints":{"allow":["GET"]}}],"collection":[{"href":"https:\/\/weltlaeden.de\/stuttgart-fairost\/wp-json\/wp\/v2\/pages"}],"about":[{"href":"https:\/\/weltlaeden.de\/stuttgart-fairost\/wp-json\/wp\/v2\/types\/page"}],"author":[{"embeddable":true,"href":"https:\/\/weltlaeden.de\/stuttgart-fairost\/wp-json\/wp\/v2\/users\/195"}],"replies":[{"embeddable":true,"href":"https:\/\/weltlaeden.de\/stuttgart-fairost\/wp-json\/wp\/v2\/comments?post=934"}],"version-history":[{"count":3,"href":"https:\/\/weltlaeden.de\/stuttgart-fairost\/wp-json\/wp\/v2\/pages\/934\/revisions"}],"predecessor-version":[{"id":1009,"href":"https:\/\/weltlaeden.de\/stuttgart-fairost\/wp-json\/wp\/v2\/pages\/934\/revisions\/1009"}],"up":[{"embeddable":true,"href":"https:\/\/weltlaeden.de\/stuttgart-fairost\/wp-json\/wp\/v2\/pages\/493"}],"wp:attachment":[{"href":"https:\/\/weltlaeden.de\/stuttgart-fairost\/wp-json\/wp\/v2\/media?parent=934"}],"curies":[{"name":"wp","href":"https:\/\/api.w.org\/{rel}","templated":true}]}}