{"id":914,"date":"2020-07-15T14:13:54","date_gmt":"2020-07-15T12:13:54","guid":{"rendered":"https:\/\/weltlaeden.de\/stuttgart-fairost\/weltladen-gablenberg\/slider\/fairost-schokolade\/"},"modified":"2020-07-15T14:38:34","modified_gmt":"2020-07-15T12:38:34","slug":"fairost-schokolade","status":"publish","type":"page","link":"https:\/\/weltlaeden.de\/stuttgart-fairost\/fairost\/slider\/fairost-schokolade\/","title":{"rendered":"FairOst Schokolade"},"content":{"rendered":"<p><img loading=\"lazy\" decoding=\"async\" class=\" wp-image-917 alignleft\" src=\"https:\/\/weltlaeden.de\/stuttgart-fairost\/wp-content\/uploads\/sites\/133\/2020\/07\/Schokolade-Zotter-300x200.png\" alt=\"Schokoladentafeln von Zotter\" width=\"542\" height=\"362\" srcset=\"https:\/\/weltlaeden.de\/stuttgart-fairost\/wp-content\/uploads\/sites\/133\/2020\/07\/Schokolade-Zotter-300x200.png 300w, https:\/\/weltlaeden.de\/stuttgart-fairost\/wp-content\/uploads\/sites\/133\/2020\/07\/Schokolade-Zotter-768x513.png 768w, https:\/\/weltlaeden.de\/stuttgart-fairost\/wp-content\/uploads\/sites\/133\/2020\/07\/Schokolade-Zotter.png 800w\" sizes=\"auto, (max-width: 542px) 100vw, 542px\" \/>FairOst: So hei\u00dft nicht nur der neue Weltladen am Stuttgarter Ostendplatz, sondern auch eine Schokolade, die dort verkauft wird. Die &#8222;FairOst&#8220;-Schokolade gab es sogar schon, als sich der Weltladen noch in der Gablenberger Hauptstra\u00dfe befand. Denn &#8222;fair&#8220; im Osten war man ja damals schon \ud83d\ude09<\/p>\n<p>Hergestellt wird die Schokolade von der Manufaktur Zotter, einem Familienunternehmen aus \u00d6sterreich, das ausschlie\u00dflich fair gehandelte Zutaten in Bio-Qualit\u00e4t verwendet. Der Kakao wird direkt bei den Kakaobauern, vor allem in Lateinamerika, gekauft.<\/p>\n<p>Der Gaskessel als Wahrzeichen des Stuttgarter Ostens ziert die Vorderseite der Verpackung, im Inneren findet sich ein Text zum fairen Handel und ein Kurzportr\u00e4t des Stuttgarter Ostens: &#8222;Bewegt man sich jenseits des denkmalgesch\u00fctzten Technikmonuments hinein in den aus ehemaligen Winzerd\u00f6rfern und Arbeitersiedlungen entstandenen &#8222;Osten&#8220;, entdeckt man einen quirligen Stadtteil voller Besonderheiten. Handwerksbetriebe und Medienschaffende, alte Bausubstanz und moderne Rundfunkanstalt, sozialer Wohnungsbau und Halbh\u00f6henlage geh\u00f6ren hier ebenso zusammen wie die unterschiedlichen Kulturen aus aller Welt&#8230;&#8220;<\/p>\n<p>Enthalten sind zwei Schoko-T\u00e4felchen, eine aus Vollmilchschokolade und eine in der Geschmacksrichtung Zartbitter. Wer ein Mitbringsel aus dem Stuttgarter Osten sucht, liegt hier auf alle F\u00e4lle richtig!<\/p>\n<p>Von der Manufaktur Zotter gibt es im Weltladen viele weitere Schokoladen-Sorten &#8211; von der veganen Variante \u00fcber den Nussknacker bis zur wei\u00dfen Schokolade mit reduziertem Zuckeranteil. Mit Aufdrucken wie &#8222;Gute Besserung&#8220; oder &#8222;Happy Birthday&#8220; eignen sie sich sehr gut als Geschenk.<\/p>\n","protected":false},"excerpt":{"rendered":"<p>FairOst: So hei\u00dft nicht nur der neue Weltladen am Stuttgarter Ostendplatz, sondern auch eine Schokolade, die dort verkauft wird. Die &#8222;FairOst&#8220;-Schokolade gab es sogar schon, als sich der Weltladen noch in der Gablenberger Hauptstra\u00dfe befand. Denn &#8222;fair&#8220; im Osten war man ja damals schon \ud83d\ude09 Hergestellt wird die Schokolade von der Manufaktur Zotter, einem Familienunternehmen&hellip;<\/p>\n","protected":false},"author":195,"featured_media":0,"parent":493,"menu_order":7,"comment_status":"closed","ping_status":"closed","template":"","meta":{"footnotes":""},"class_list":["post-914","page","type-page","status-publish","hentry","description-off"],"yoast_head":"<!-- This site is optimized with the Yoast SEO plugin v26.8 - https:\/\/yoast.com\/product\/yoast-seo-wordpress\/ -->\n<title>FairOst Schokolade - Fairost Stuttgart<\/title>\n<meta name=\"robots\" content=\"index, follow, max-snippet:-1, max-image-preview:large, max-video-preview:-1\" \/>\n<link rel=\"canonical\" href=\"https:\/\/weltlaeden.de\/stuttgart-fairost\/fairost\/slider\/fairost-schokolade\/\" \/>\n<meta property=\"og:locale\" content=\"de_DE\" \/>\n<meta property=\"og:type\" content=\"article\" \/>\n<meta property=\"og:title\" content=\"FairOst Schokolade - Fairost Stuttgart\" \/>\n<meta property=\"og:description\" content=\"FairOst: So hei\u00dft nicht nur der neue Weltladen am Stuttgarter Ostendplatz, sondern auch eine Schokolade, die dort verkauft wird. Die &#8222;FairOst&#8220;-Schokolade gab es sogar schon, als sich der Weltladen noch in der Gablenberger Hauptstra\u00dfe befand. Denn &#8222;fair&#8220; im Osten war man ja damals schon \ud83d\ude09 Hergestellt wird die Schokolade von der Manufaktur Zotter, einem Familienunternehmen&hellip;\" \/>\n<meta property=\"og:url\" content=\"https:\/\/weltlaeden.de\/stuttgart-fairost\/fairost\/slider\/fairost-schokolade\/\" \/>\n<meta property=\"og:site_name\" content=\"Fairost Stuttgart\" \/>\n<meta property=\"article:modified_time\" content=\"2020-07-15T12:38:34+00:00\" \/>\n<meta property=\"og:image\" content=\"https:\/\/weltlaeden.de\/stuttgart-fairost\/wp-content\/uploads\/sites\/133\/2020\/07\/Schokolade-Zotter-300x200.png\" \/>\n<meta name=\"twitter:card\" content=\"summary_large_image\" \/>\n<meta name=\"twitter:label1\" content=\"Gesch\u00e4tzte Lesezeit\" \/>\n\t<meta name=\"twitter:data1\" content=\"1\u00a0Minute\" \/>\n<script type=\"application\/ld+json\" class=\"yoast-schema-graph\">{\"@context\":\"https:\/\/schema.org\",\"@graph\":[{\"@type\":\"WebPage\",\"@id\":\"https:\/\/weltlaeden.de\/stuttgart-fairost\/fairost\/slider\/fairost-schokolade\/\",\"url\":\"https:\/\/weltlaeden.de\/stuttgart-fairost\/fairost\/slider\/fairost-schokolade\/\",\"name\":\"FairOst Schokolade - Fairost Stuttgart\",\"isPartOf\":{\"@id\":\"https:\/\/weltlaeden.de\/stuttgart-fairost\/#website\"},\"primaryImageOfPage\":{\"@id\":\"https:\/\/weltlaeden.de\/stuttgart-fairost\/fairost\/slider\/fairost-schokolade\/#primaryimage\"},\"image\":{\"@id\":\"https:\/\/weltlaeden.de\/stuttgart-fairost\/fairost\/slider\/fairost-schokolade\/#primaryimage\"},\"thumbnailUrl\":\"https:\/\/weltlaeden.de\/stuttgart-fairost\/wp-content\/uploads\/sites\/133\/2020\/07\/Schokolade-Zotter-300x200.png\",\"datePublished\":\"2020-07-15T12:13:54+00:00\",\"dateModified\":\"2020-07-15T12:38:34+00:00\",\"breadcrumb\":{\"@id\":\"https:\/\/weltlaeden.de\/stuttgart-fairost\/fairost\/slider\/fairost-schokolade\/#breadcrumb\"},\"inLanguage\":\"de\",\"potentialAction\":[{\"@type\":\"ReadAction\",\"target\":[\"https:\/\/weltlaeden.de\/stuttgart-fairost\/fairost\/slider\/fairost-schokolade\/\"]}]},{\"@type\":\"ImageObject\",\"inLanguage\":\"de\",\"@id\":\"https:\/\/weltlaeden.de\/stuttgart-fairost\/fairost\/slider\/fairost-schokolade\/#primaryimage\",\"url\":\"https:\/\/weltlaeden.de\/stuttgart-fairost\/wp-content\/uploads\/sites\/133\/2020\/07\/Schokolade-Zotter.png\",\"contentUrl\":\"https:\/\/weltlaeden.de\/stuttgart-fairost\/wp-content\/uploads\/sites\/133\/2020\/07\/Schokolade-Zotter.png\",\"width\":800,\"height\":534,\"caption\":\"Schokoladentafeln von Zotter\"},{\"@type\":\"BreadcrumbList\",\"@id\":\"https:\/\/weltlaeden.de\/stuttgart-fairost\/fairost\/slider\/fairost-schokolade\/#breadcrumb\",\"itemListElement\":[{\"@type\":\"ListItem\",\"position\":1,\"name\":\"Startseite\",\"item\":\"https:\/\/weltlaeden.de\/stuttgart-fairost\/\"},{\"@type\":\"ListItem\",\"position\":2,\"name\":\"Startseite\",\"item\":\"https:\/\/weltlaeden.de\/stuttgart-fairost\/\"},{\"@type\":\"ListItem\",\"position\":3,\"name\":\"slider\",\"item\":\"https:\/\/weltlaeden.de\/stuttgart-fairost\/fairost\/slider\/\"},{\"@type\":\"ListItem\",\"position\":4,\"name\":\"FairOst Schokolade\"}]},{\"@type\":\"WebSite\",\"@id\":\"https:\/\/weltlaeden.de\/stuttgart-fairost\/#website\",\"url\":\"https:\/\/weltlaeden.de\/stuttgart-fairost\/\",\"name\":\"Vorlage\",\"description\":\"\",\"potentialAction\":[{\"@type\":\"SearchAction\",\"target\":{\"@type\":\"EntryPoint\",\"urlTemplate\":\"https:\/\/weltlaeden.de\/stuttgart-fairost\/?s={search_term_string}\"},\"query-input\":{\"@type\":\"PropertyValueSpecification\",\"valueRequired\":true,\"valueName\":\"search_term_string\"}}],\"inLanguage\":\"de\"}]}<\/script>\n<!-- \/ Yoast SEO plugin. -->","yoast_head_json":{"title":"FairOst Schokolade - Fairost Stuttgart","robots":{"index":"index","follow":"follow","max-snippet":"max-snippet:-1","max-image-preview":"max-image-preview:large","max-video-preview":"max-video-preview:-1"},"canonical":"https:\/\/weltlaeden.de\/stuttgart-fairost\/fairost\/slider\/fairost-schokolade\/","og_locale":"de_DE","og_type":"article","og_title":"FairOst Schokolade - Fairost Stuttgart","og_description":"FairOst: So hei\u00dft nicht nur der neue Weltladen am Stuttgarter Ostendplatz, sondern auch eine Schokolade, die dort verkauft wird. Die &#8222;FairOst&#8220;-Schokolade gab es sogar schon, als sich der Weltladen noch in der Gablenberger Hauptstra\u00dfe befand. Denn &#8222;fair&#8220; im Osten war man ja damals schon \ud83d\ude09 Hergestellt wird die Schokolade von der Manufaktur Zotter, einem Familienunternehmen&hellip;","og_url":"https:\/\/weltlaeden.de\/stuttgart-fairost\/fairost\/slider\/fairost-schokolade\/","og_site_name":"Fairost Stuttgart","article_modified_time":"2020-07-15T12:38:34+00:00","og_image":[{"url":"https:\/\/weltlaeden.de\/stuttgart-fairost\/wp-content\/uploads\/sites\/133\/2020\/07\/Schokolade-Zotter-300x200.png","type":"","width":"","height":""}],"twitter_card":"summary_large_image","twitter_misc":{"Gesch\u00e4tzte Lesezeit":"1\u00a0Minute"},"schema":{"@context":"https:\/\/schema.org","@graph":[{"@type":"WebPage","@id":"https:\/\/weltlaeden.de\/stuttgart-fairost\/fairost\/slider\/fairost-schokolade\/","url":"https:\/\/weltlaeden.de\/stuttgart-fairost\/fairost\/slider\/fairost-schokolade\/","name":"FairOst Schokolade - Fairost Stuttgart","isPartOf":{"@id":"https:\/\/weltlaeden.de\/stuttgart-fairost\/#website"},"primaryImageOfPage":{"@id":"https:\/\/weltlaeden.de\/stuttgart-fairost\/fairost\/slider\/fairost-schokolade\/#primaryimage"},"image":{"@id":"https:\/\/weltlaeden.de\/stuttgart-fairost\/fairost\/slider\/fairost-schokolade\/#primaryimage"},"thumbnailUrl":"https:\/\/weltlaeden.de\/stuttgart-fairost\/wp-content\/uploads\/sites\/133\/2020\/07\/Schokolade-Zotter-300x200.png","datePublished":"2020-07-15T12:13:54+00:00","dateModified":"2020-07-15T12:38:34+00:00","breadcrumb":{"@id":"https:\/\/weltlaeden.de\/stuttgart-fairost\/fairost\/slider\/fairost-schokolade\/#breadcrumb"},"inLanguage":"de","potentialAction":[{"@type":"ReadAction","target":["https:\/\/weltlaeden.de\/stuttgart-fairost\/fairost\/slider\/fairost-schokolade\/"]}]},{"@type":"ImageObject","inLanguage":"de","@id":"https:\/\/weltlaeden.de\/stuttgart-fairost\/fairost\/slider\/fairost-schokolade\/#primaryimage","url":"https:\/\/weltlaeden.de\/stuttgart-fairost\/wp-content\/uploads\/sites\/133\/2020\/07\/Schokolade-Zotter.png","contentUrl":"https:\/\/weltlaeden.de\/stuttgart-fairost\/wp-content\/uploads\/sites\/133\/2020\/07\/Schokolade-Zotter.png","width":800,"height":534,"caption":"Schokoladentafeln von Zotter"},{"@type":"BreadcrumbList","@id":"https:\/\/weltlaeden.de\/stuttgart-fairost\/fairost\/slider\/fairost-schokolade\/#breadcrumb","itemListElement":[{"@type":"ListItem","position":1,"name":"Startseite","item":"https:\/\/weltlaeden.de\/stuttgart-fairost\/"},{"@type":"ListItem","position":2,"name":"Startseite","item":"https:\/\/weltlaeden.de\/stuttgart-fairost\/"},{"@type":"ListItem","position":3,"name":"slider","item":"https:\/\/weltlaeden.de\/stuttgart-fairost\/fairost\/slider\/"},{"@type":"ListItem","position":4,"name":"FairOst Schokolade"}]},{"@type":"WebSite","@id":"https:\/\/weltlaeden.de\/stuttgart-fairost\/#website","url":"https:\/\/weltlaeden.de\/stuttgart-fairost\/","name":"Vorlage","description":"","potentialAction":[{"@type":"SearchAction","target":{"@type":"EntryPoint","urlTemplate":"https:\/\/weltlaeden.de\/stuttgart-fairost\/?s={search_term_string}"},"query-input":{"@type":"PropertyValueSpecification","valueRequired":true,"valueName":"search_term_string"}}],"inLanguage":"de"}]}},"_links":{"self":[{"href":"https:\/\/weltlaeden.de\/stuttgart-fairost\/wp-json\/wp\/v2\/pages\/914","targetHints":{"allow":["GET"]}}],"collection":[{"href":"https:\/\/weltlaeden.de\/stuttgart-fairost\/wp-json\/wp\/v2\/pages"}],"about":[{"href":"https:\/\/weltlaeden.de\/stuttgart-fairost\/wp-json\/wp\/v2\/types\/page"}],"author":[{"embeddable":true,"href":"https:\/\/weltlaeden.de\/stuttgart-fairost\/wp-json\/wp\/v2\/users\/195"}],"replies":[{"embeddable":true,"href":"https:\/\/weltlaeden.de\/stuttgart-fairost\/wp-json\/wp\/v2\/comments?post=914"}],"version-history":[{"count":6,"href":"https:\/\/weltlaeden.de\/stuttgart-fairost\/wp-json\/wp\/v2\/pages\/914\/revisions"}],"predecessor-version":[{"id":915,"href":"https:\/\/weltlaeden.de\/stuttgart-fairost\/wp-json\/wp\/v2\/pages\/914\/revisions\/915"}],"up":[{"embeddable":true,"href":"https:\/\/weltlaeden.de\/stuttgart-fairost\/wp-json\/wp\/v2\/pages\/493"}],"wp:attachment":[{"href":"https:\/\/weltlaeden.de\/stuttgart-fairost\/wp-json\/wp\/v2\/media?parent=914"}],"curies":[{"name":"wp","href":"https:\/\/api.w.org\/{rel}","templated":true}]}}