{"id":529,"date":"2018-10-12T16:11:06","date_gmt":"2018-10-12T14:11:21","guid":{"rendered":"https:\/\/weltlaeden.de\/stuttgart-fairost\/aktionen\/handy_sammlung\/"},"modified":"2022-04-29T09:06:43","modified_gmt":"2022-04-29T07:06:43","slug":"handy_sammlung","status":"publish","type":"page","link":"https:\/\/weltlaeden.de\/stuttgart-fairost\/aktionen\/handy_sammlung\/","title":{"rendered":"Handy-Sammlung"},"content":{"rendered":"<div class=\"wpb-content-wrapper\"><p>[vc_row][vc_column][vc_column_text]<\/p>\n<h1>Die zweite Chance f\u00fcr Ihr Handy<\/h1>\n<p><strong>Der Weltladen FairOst sammelt ungenutzte Mobiltelefone und Smartphones f\u00fcr eine Weiterverwertung. Bringen Sie uns Ihr Altger\u00e4t und unterst\u00fctzen Sie damit Bildungs- und Umweltprojekte!<\/strong><\/p>\n<p>Smartphone &amp; Co. geh\u00f6ren heute zu unserem Alltag. Doch die Ger\u00e4te haben eine dunkle Kehrseite. Um die Rohstoffe, die in ihnen stecken, wird vielerorts erbittert gek\u00e4mpft. Der Abbau der Rohstoffe geht in vielen L\u00e4ndern auf Kosten von Mensch und Umwelt, zum Beispiel in den Minen des Kongo. Und die schlechten Arbeitsbedingungen bei den Ger\u00e4teherstellern in asiatischen L\u00e4ndern sorgen immer wieder f\u00fcr Schlagzeilen. Dazu kommt die kurze Halbwertszeit der Produkte. Im Durchschnitt wird ein Mobiltelefon nur 18 Monate genutzt. Danach landet es meist in der Schublade.<\/p>\n<p><img loading=\"lazy\" decoding=\"async\" class=\"\" style=\"float: left;margin-right: 30px\" src=\"https:\/\/weltlaeden.de\/stuttgart-fairost\/wp-content\/uploads\/sites\/133\/2018\/10\/handy_aktion_icon.gif\" width=\"344\" height=\"345\" \/><\/p>\n<p>Allein in Deutschland liegen sch\u00e4tzungsweise \u00fcber 100 Millionen Mobiltelefone ungenutzt herum und mit ihnen 876 t Kupfer, 382 t Kobalt, 26 t Silber, 2,4 t Gold und 0,8 t Palladium. Wertvolle Rohstoffe also, die durch Recycling zur\u00fcck in den Produktionskreislauf gelangen k\u00f6nnten. Aber auch bei der Entsorgung ist nicht alles Gold, was gl\u00e4nzt. Trotz Exportverbot gelangen immer noch viele Ger\u00e4te auf illegalen Wegen nach Afrika oder Asien, wo der Elektroschrott unter fragw\u00fcrdigen Bedingungen recycelt wird.<\/p>\n<p>Deshalb sollten die K\u00e4ufer ihre Ger\u00e4te so lange wie m\u00f6glich nutzen. Au\u00dferdem ist es gut, bei einem notwendigen Neukauf auf die Reparaturm\u00f6glichkeit zu achten. Mit dem Fairphone und der Fairen Maus stehen erste IT-Ger\u00e4te zur Verf\u00fcgung, die den Weg zu mehr Gerechtigkeit und einen verbesserten Schutz von Mensch und Natur er\u00f6ffnen.<\/p>\n<p>Ihr gebrauchtes Handy\/Smartphone k\u00f6nnen Sie bei uns \u00fcber eine Sammelbox der Handy-Aktion Baden-W\u00fcrttemberg abgeben. Wir arbeiten dabei mit dem Telekom Recycling Center zusammen. Ca. 15 Prozent der Ger\u00e4te k\u00f6nnen einer weiteren Nutzung zugef\u00fchrt werden, der Rest wird in Westeuropa fach- und umweltgerecht recycelt, sodass wertvolle Rohstoffe nicht verloren gehen. Aus den Erl\u00f6sen werden verschiedene Projekte in Uganda, im Ostkongo und in \u00c4thiopien unterst\u00fctzt.<\/p>\n<p>&nbsp;<\/p>\n<h2>Mehr Informationen:<\/h2>\n<ul>\n<li><a href=\"https:\/\/www.handy-aktion.de\/\" target=\"_blank\" rel=\"noopener\">Website der Handysammelaktion<\/a><\/li>\n<\/ul>\n<p>&nbsp;<\/p>\n<h2>Film zum Thema:<span id=\"eow-title\"><\/span><\/h2>\n<ul>\n<li><span id=\"eow-title\"><span class=\"farbeNachBereich\"><a href=\"http:\/\/www.youtube.com\/watch?v=EwPS2m0ZW_o\" target=\"_blank\" rel=\"noopener\">WissensWerte: Smartphones und Nachhaltigkeit<\/a><\/span><br \/>\nKurz und knackig: Der Weg von Smartphones vom Design bis zur Verschrottung<br \/>\n<\/span><\/li>\n<\/ul>\n<p>[\/vc_column_text][\/vc_column][\/vc_row]<\/p>\n<\/div>","protected":false},"excerpt":{"rendered":"<p>[vc_row][vc_column][vc_column_text] Die zweite Chance f\u00fcr Ihr Handy Der Weltladen FairOst sammelt ungenutzte Mobiltelefone und Smartphones f\u00fcr eine Weiterverwertung. Bringen Sie uns Ihr Altger\u00e4t und unterst\u00fctzen Sie damit Bildungs- und Umweltprojekte! Smartphone &amp; Co. geh\u00f6ren heute zu unserem Alltag. Doch die Ger\u00e4te haben eine dunkle Kehrseite. Um die Rohstoffe, die in ihnen stecken, wird vielerorts erbittert&hellip;<\/p>\n","protected":false},"author":60,"featured_media":0,"parent":435,"menu_order":6,"comment_status":"closed","ping_status":"closed","template":"","meta":{"footnotes":""},"class_list":["post-529","page","type-page","status-publish","hentry","description-off"],"yoast_head":"<!-- This site is optimized with the Yoast SEO plugin v26.8 - https:\/\/yoast.com\/product\/yoast-seo-wordpress\/ -->\n<title>Handy-Sammlung - Fairost Stuttgart<\/title>\n<meta name=\"robots\" content=\"index, follow, max-snippet:-1, max-image-preview:large, max-video-preview:-1\" \/>\n<link rel=\"canonical\" href=\"https:\/\/weltlaeden.de\/stuttgart-fairost\/aktionen\/handy_sammlung\/\" \/>\n<meta property=\"og:locale\" content=\"de_DE\" \/>\n<meta property=\"og:type\" content=\"article\" \/>\n<meta property=\"og:title\" content=\"Handy-Sammlung - Fairost Stuttgart\" \/>\n<meta property=\"og:description\" content=\"[vc_row][vc_column][vc_column_text] Die zweite Chance f\u00fcr Ihr Handy Der Weltladen FairOst sammelt ungenutzte Mobiltelefone und Smartphones f\u00fcr eine Weiterverwertung. Bringen Sie uns Ihr Altger\u00e4t und unterst\u00fctzen Sie damit Bildungs- und Umweltprojekte! Smartphone &amp; Co. geh\u00f6ren heute zu unserem Alltag. Doch die Ger\u00e4te haben eine dunkle Kehrseite. Um die Rohstoffe, die in ihnen stecken, wird vielerorts erbittert&hellip;\" \/>\n<meta property=\"og:url\" content=\"https:\/\/weltlaeden.de\/stuttgart-fairost\/aktionen\/handy_sammlung\/\" \/>\n<meta property=\"og:site_name\" content=\"Fairost Stuttgart\" \/>\n<meta property=\"article:modified_time\" content=\"2022-04-29T07:06:43+00:00\" \/>\n<meta property=\"og:image\" content=\"https:\/\/weltlaeden.de\/stuttgart-fairost\/wp-content\/uploads\/sites\/133\/2018\/10\/handy_aktion_icon.gif\" \/>\n<meta name=\"twitter:card\" content=\"summary_large_image\" \/>\n<meta name=\"twitter:label1\" content=\"Gesch\u00e4tzte Lesezeit\" \/>\n\t<meta name=\"twitter:data1\" content=\"3\u00a0Minuten\" \/>\n<script type=\"application\/ld+json\" class=\"yoast-schema-graph\">{\"@context\":\"https:\/\/schema.org\",\"@graph\":[{\"@type\":\"WebPage\",\"@id\":\"https:\/\/weltlaeden.de\/stuttgart-fairost\/aktionen\/handy_sammlung\/\",\"url\":\"https:\/\/weltlaeden.de\/stuttgart-fairost\/aktionen\/handy_sammlung\/\",\"name\":\"Handy-Sammlung - Fairost Stuttgart\",\"isPartOf\":{\"@id\":\"https:\/\/weltlaeden.de\/stuttgart-fairost\/#website\"},\"primaryImageOfPage\":{\"@id\":\"https:\/\/weltlaeden.de\/stuttgart-fairost\/aktionen\/handy_sammlung\/#primaryimage\"},\"image\":{\"@id\":\"https:\/\/weltlaeden.de\/stuttgart-fairost\/aktionen\/handy_sammlung\/#primaryimage\"},\"thumbnailUrl\":\"https:\/\/weltlaeden.de\/stuttgart-fairost\/wp-content\/uploads\/sites\/133\/2018\/10\/handy_aktion_icon.gif\",\"datePublished\":\"2018-10-12T14:11:21+00:00\",\"dateModified\":\"2022-04-29T07:06:43+00:00\",\"breadcrumb\":{\"@id\":\"https:\/\/weltlaeden.de\/stuttgart-fairost\/aktionen\/handy_sammlung\/#breadcrumb\"},\"inLanguage\":\"de\",\"potentialAction\":[{\"@type\":\"ReadAction\",\"target\":[\"https:\/\/weltlaeden.de\/stuttgart-fairost\/aktionen\/handy_sammlung\/\"]}]},{\"@type\":\"ImageObject\",\"inLanguage\":\"de\",\"@id\":\"https:\/\/weltlaeden.de\/stuttgart-fairost\/aktionen\/handy_sammlung\/#primaryimage\",\"url\":\"https:\/\/weltlaeden.de\/stuttgart-fairost\/wp-content\/uploads\/sites\/133\/2018\/10\/handy_aktion_icon.gif\",\"contentUrl\":\"https:\/\/weltlaeden.de\/stuttgart-fairost\/wp-content\/uploads\/sites\/133\/2018\/10\/handy_aktion_icon.gif\",\"width\":411,\"height\":412},{\"@type\":\"BreadcrumbList\",\"@id\":\"https:\/\/weltlaeden.de\/stuttgart-fairost\/aktionen\/handy_sammlung\/#breadcrumb\",\"itemListElement\":[{\"@type\":\"ListItem\",\"position\":1,\"name\":\"Startseite\",\"item\":\"https:\/\/weltlaeden.de\/stuttgart-fairost\/\"},{\"@type\":\"ListItem\",\"position\":2,\"name\":\"Aktionen\",\"item\":\"https:\/\/weltlaeden.de\/stuttgart-fairost\/aktionen\/\"},{\"@type\":\"ListItem\",\"position\":3,\"name\":\"Handy-Sammlung\"}]},{\"@type\":\"WebSite\",\"@id\":\"https:\/\/weltlaeden.de\/stuttgart-fairost\/#website\",\"url\":\"https:\/\/weltlaeden.de\/stuttgart-fairost\/\",\"name\":\"Vorlage\",\"description\":\"\",\"potentialAction\":[{\"@type\":\"SearchAction\",\"target\":{\"@type\":\"EntryPoint\",\"urlTemplate\":\"https:\/\/weltlaeden.de\/stuttgart-fairost\/?s={search_term_string}\"},\"query-input\":{\"@type\":\"PropertyValueSpecification\",\"valueRequired\":true,\"valueName\":\"search_term_string\"}}],\"inLanguage\":\"de\"}]}<\/script>\n<!-- \/ Yoast SEO plugin. -->","yoast_head_json":{"title":"Handy-Sammlung - Fairost Stuttgart","robots":{"index":"index","follow":"follow","max-snippet":"max-snippet:-1","max-image-preview":"max-image-preview:large","max-video-preview":"max-video-preview:-1"},"canonical":"https:\/\/weltlaeden.de\/stuttgart-fairost\/aktionen\/handy_sammlung\/","og_locale":"de_DE","og_type":"article","og_title":"Handy-Sammlung - Fairost Stuttgart","og_description":"[vc_row][vc_column][vc_column_text] Die zweite Chance f\u00fcr Ihr Handy Der Weltladen FairOst sammelt ungenutzte Mobiltelefone und Smartphones f\u00fcr eine Weiterverwertung. Bringen Sie uns Ihr Altger\u00e4t und unterst\u00fctzen Sie damit Bildungs- und Umweltprojekte! Smartphone &amp; Co. geh\u00f6ren heute zu unserem Alltag. Doch die Ger\u00e4te haben eine dunkle Kehrseite. Um die Rohstoffe, die in ihnen stecken, wird vielerorts erbittert&hellip;","og_url":"https:\/\/weltlaeden.de\/stuttgart-fairost\/aktionen\/handy_sammlung\/","og_site_name":"Fairost Stuttgart","article_modified_time":"2022-04-29T07:06:43+00:00","og_image":[{"url":"https:\/\/weltlaeden.de\/stuttgart-fairost\/wp-content\/uploads\/sites\/133\/2018\/10\/handy_aktion_icon.gif","type":"","width":"","height":""}],"twitter_card":"summary_large_image","twitter_misc":{"Gesch\u00e4tzte Lesezeit":"3\u00a0Minuten"},"schema":{"@context":"https:\/\/schema.org","@graph":[{"@type":"WebPage","@id":"https:\/\/weltlaeden.de\/stuttgart-fairost\/aktionen\/handy_sammlung\/","url":"https:\/\/weltlaeden.de\/stuttgart-fairost\/aktionen\/handy_sammlung\/","name":"Handy-Sammlung - Fairost Stuttgart","isPartOf":{"@id":"https:\/\/weltlaeden.de\/stuttgart-fairost\/#website"},"primaryImageOfPage":{"@id":"https:\/\/weltlaeden.de\/stuttgart-fairost\/aktionen\/handy_sammlung\/#primaryimage"},"image":{"@id":"https:\/\/weltlaeden.de\/stuttgart-fairost\/aktionen\/handy_sammlung\/#primaryimage"},"thumbnailUrl":"https:\/\/weltlaeden.de\/stuttgart-fairost\/wp-content\/uploads\/sites\/133\/2018\/10\/handy_aktion_icon.gif","datePublished":"2018-10-12T14:11:21+00:00","dateModified":"2022-04-29T07:06:43+00:00","breadcrumb":{"@id":"https:\/\/weltlaeden.de\/stuttgart-fairost\/aktionen\/handy_sammlung\/#breadcrumb"},"inLanguage":"de","potentialAction":[{"@type":"ReadAction","target":["https:\/\/weltlaeden.de\/stuttgart-fairost\/aktionen\/handy_sammlung\/"]}]},{"@type":"ImageObject","inLanguage":"de","@id":"https:\/\/weltlaeden.de\/stuttgart-fairost\/aktionen\/handy_sammlung\/#primaryimage","url":"https:\/\/weltlaeden.de\/stuttgart-fairost\/wp-content\/uploads\/sites\/133\/2018\/10\/handy_aktion_icon.gif","contentUrl":"https:\/\/weltlaeden.de\/stuttgart-fairost\/wp-content\/uploads\/sites\/133\/2018\/10\/handy_aktion_icon.gif","width":411,"height":412},{"@type":"BreadcrumbList","@id":"https:\/\/weltlaeden.de\/stuttgart-fairost\/aktionen\/handy_sammlung\/#breadcrumb","itemListElement":[{"@type":"ListItem","position":1,"name":"Startseite","item":"https:\/\/weltlaeden.de\/stuttgart-fairost\/"},{"@type":"ListItem","position":2,"name":"Aktionen","item":"https:\/\/weltlaeden.de\/stuttgart-fairost\/aktionen\/"},{"@type":"ListItem","position":3,"name":"Handy-Sammlung"}]},{"@type":"WebSite","@id":"https:\/\/weltlaeden.de\/stuttgart-fairost\/#website","url":"https:\/\/weltlaeden.de\/stuttgart-fairost\/","name":"Vorlage","description":"","potentialAction":[{"@type":"SearchAction","target":{"@type":"EntryPoint","urlTemplate":"https:\/\/weltlaeden.de\/stuttgart-fairost\/?s={search_term_string}"},"query-input":{"@type":"PropertyValueSpecification","valueRequired":true,"valueName":"search_term_string"}}],"inLanguage":"de"}]}},"_links":{"self":[{"href":"https:\/\/weltlaeden.de\/stuttgart-fairost\/wp-json\/wp\/v2\/pages\/529","targetHints":{"allow":["GET"]}}],"collection":[{"href":"https:\/\/weltlaeden.de\/stuttgart-fairost\/wp-json\/wp\/v2\/pages"}],"about":[{"href":"https:\/\/weltlaeden.de\/stuttgart-fairost\/wp-json\/wp\/v2\/types\/page"}],"author":[{"embeddable":true,"href":"https:\/\/weltlaeden.de\/stuttgart-fairost\/wp-json\/wp\/v2\/users\/60"}],"replies":[{"embeddable":true,"href":"https:\/\/weltlaeden.de\/stuttgart-fairost\/wp-json\/wp\/v2\/comments?post=529"}],"version-history":[{"count":19,"href":"https:\/\/weltlaeden.de\/stuttgart-fairost\/wp-json\/wp\/v2\/pages\/529\/revisions"}],"predecessor-version":[{"id":1083,"href":"https:\/\/weltlaeden.de\/stuttgart-fairost\/wp-json\/wp\/v2\/pages\/529\/revisions\/1083"}],"up":[{"embeddable":true,"href":"https:\/\/weltlaeden.de\/stuttgart-fairost\/wp-json\/wp\/v2\/pages\/435"}],"wp:attachment":[{"href":"https:\/\/weltlaeden.de\/stuttgart-fairost\/wp-json\/wp\/v2\/media?parent=529"}],"curies":[{"name":"wp","href":"https:\/\/api.w.org\/{rel}","templated":true}]}}