{"id":455,"date":"2018-10-10T11:37:45","date_gmt":"2018-10-10T09:37:45","guid":{"rendered":"https:\/\/weltlaeden.de\/stuttgart-fairost\/?page_id=455"},"modified":"2021-01-22T09:23:18","modified_gmt":"2021-01-22T08:23:18","slug":"unser-buchcafe","status":"publish","type":"page","link":"https:\/\/weltlaeden.de\/stuttgart-fairost\/ueber\/unser-buchcafe\/","title":{"rendered":"Unser Buchcaf\u00e9"},"content":{"rendered":"<div class=\"wpb-content-wrapper\"><p><img loading=\"lazy\" decoding=\"async\" class=\"alignnone wp-image-863\" src=\"https:\/\/weltlaeden.de\/stuttgart-fairost\/wp-content\/uploads\/sites\/133\/2020\/06\/Buchcafe-mit-Tiina-300x130.png\" alt=\"Buchdafe\" width=\"898\" height=\"389\" srcset=\"https:\/\/weltlaeden.de\/stuttgart-fairost\/wp-content\/uploads\/sites\/133\/2020\/06\/Buchcafe-mit-Tiina-300x130.png 300w, https:\/\/weltlaeden.de\/stuttgart-fairost\/wp-content\/uploads\/sites\/133\/2020\/06\/Buchcafe-mit-Tiina-768x332.png 768w, https:\/\/weltlaeden.de\/stuttgart-fairost\/wp-content\/uploads\/sites\/133\/2020\/06\/Buchcafe-mit-Tiina.png 787w\" sizes=\"auto, (max-width: 898px) 100vw, 898px\" \/>[vc_row][vc_column]<br \/>\n[vc_column_text]<\/p>\n<h1>Das Buchcaf\u00e9<\/h1>\n<p>[\/vc_column_text][vc_column_text]Einkaufs-Pause, mit Leuten treffen, einfach gem\u00fctlich sitzen. Das k\u00f6nnen Sie im gem\u00fctlichen Buchcaf\u00e9. Sie finden hier eine gro\u00dfe Auswahl an Secondhand-B\u00fcchern, nat\u00fcrlich zu g\u00fcnstigen und fairen Preisen. Auch Infobrosch\u00fcren zu Themen des fairen Handels liegen aus. Mit dem Kauf von Secondhand-B\u00fcchern unterst\u00fctzen Sie Projekte unserer Partner.<\/p>\n<p>&nbsp;<\/p>\n<h2>Unser Getr\u00e4nkeangebot:<\/h2>\n<ul>\n<li><img loading=\"lazy\" decoding=\"async\" class=\" wp-image-865 alignright\" src=\"https:\/\/weltlaeden.de\/stuttgart-fairost\/wp-content\/uploads\/sites\/133\/2020\/06\/Buchcafe-Teekanne-300x201.png\" alt=\"Buchcafe Teekanne\" width=\"421\" height=\"282\" srcset=\"https:\/\/weltlaeden.de\/stuttgart-fairost\/wp-content\/uploads\/sites\/133\/2020\/06\/Buchcafe-Teekanne-300x201.png 300w, https:\/\/weltlaeden.de\/stuttgart-fairost\/wp-content\/uploads\/sites\/133\/2020\/06\/Buchcafe-Teekanne.png 386w\" sizes=\"auto, (max-width: 421px) 100vw, 421px\" \/>Kaffee<\/li>\n<li>Cappuccino<\/li>\n<li>Latte Macchiato<\/li>\n<li>Espresso<\/li>\n<li>Schwarztee<\/li>\n<li>Kr\u00e4uter- und Fr\u00fcchtetees<\/li>\n<li>Limo und Cola<\/li>\n<li>S\u00e4fte<\/li>\n<\/ul>\n<p>Nat\u00fcrlich alles aus fairem Handel bzw. regional. Sogar die Milch ist fair: Wir kaufen Bio-Milch, f\u00fcr die die Bauern einen fairen Preis bekommen haben.<\/p>\n<p>&nbsp;<\/p>\n<h2>B\u00fccherspenden<\/h2>\n<p><img decoding=\"async\" src=\"https:\/\/weltlaeden.de\/stuttgart-fairost\/wp-content\/uploads\/sites\/133\/2018\/10\/books.png\" \/><\/p>\n<p>M\u00f6chten Sie Ihr B\u00fccherregal entlasten und Platz f\u00fcr Neues schaffen? Wir freuen uns \u00fcber Ihre Spende an gut erhaltenen und aktuellen Bestsellern, Romanen, Krimis, Liebesgeschichten&#8230; die nicht \u00e4lter als f\u00fcnf Jahre sind. Sach- und Kochb\u00fccher oder fremdsprachige B\u00fccher k\u00f6nnen wir aus Platzgr\u00fcnden leider nicht nehmen.<\/p>\n<\/div>","protected":false},"excerpt":{"rendered":"<p>[vc_row][vc_column] [vc_column_text] Das Buchcaf\u00e9 [\/vc_column_text][vc_column_text]Einkaufs-Pause, mit Leuten treffen, einfach gem\u00fctlich sitzen. Das k\u00f6nnen Sie im gem\u00fctlichen Buchcaf\u00e9. Sie finden hier eine gro\u00dfe Auswahl an Secondhand-B\u00fcchern, nat\u00fcrlich zu g\u00fcnstigen und fairen Preisen. Auch Infobrosch\u00fcren zu Themen des fairen Handels liegen aus. Mit dem Kauf von Secondhand-B\u00fcchern unterst\u00fctzen Sie Projekte unserer Partner. &nbsp; Unser Getr\u00e4nkeangebot: Kaffee Cappuccino&hellip;<\/p>\n","protected":false},"author":60,"featured_media":0,"parent":451,"menu_order":11,"comment_status":"closed","ping_status":"closed","template":"","meta":{"footnotes":""},"class_list":["post-455","page","type-page","status-publish","hentry","description-off"],"yoast_head":"<!-- This site is optimized with the Yoast SEO plugin v26.8 - https:\/\/yoast.com\/product\/yoast-seo-wordpress\/ -->\n<title>Unser Buchcaf\u00e9 - Fairost Stuttgart<\/title>\n<meta name=\"robots\" content=\"index, follow, max-snippet:-1, max-image-preview:large, max-video-preview:-1\" \/>\n<link rel=\"canonical\" href=\"https:\/\/weltlaeden.de\/stuttgart-fairost\/ueber\/unser-buchcafe\/\" \/>\n<meta property=\"og:locale\" content=\"de_DE\" \/>\n<meta property=\"og:type\" content=\"article\" \/>\n<meta property=\"og:title\" content=\"Unser Buchcaf\u00e9 - Fairost Stuttgart\" \/>\n<meta property=\"og:description\" content=\"[vc_row][vc_column] [vc_column_text] Das Buchcaf\u00e9 [\/vc_column_text][vc_column_text]Einkaufs-Pause, mit Leuten treffen, einfach gem\u00fctlich sitzen. Das k\u00f6nnen Sie im gem\u00fctlichen Buchcaf\u00e9. Sie finden hier eine gro\u00dfe Auswahl an Secondhand-B\u00fcchern, nat\u00fcrlich zu g\u00fcnstigen und fairen Preisen. Auch Infobrosch\u00fcren zu Themen des fairen Handels liegen aus. Mit dem Kauf von Secondhand-B\u00fcchern unterst\u00fctzen Sie Projekte unserer Partner. &nbsp; Unser Getr\u00e4nkeangebot: Kaffee Cappuccino&hellip;\" \/>\n<meta property=\"og:url\" content=\"https:\/\/weltlaeden.de\/stuttgart-fairost\/ueber\/unser-buchcafe\/\" \/>\n<meta property=\"og:site_name\" content=\"Fairost Stuttgart\" \/>\n<meta property=\"article:modified_time\" content=\"2021-01-22T08:23:18+00:00\" \/>\n<meta property=\"og:image\" content=\"https:\/\/weltlaeden.de\/stuttgart-fairost\/wp-content\/uploads\/sites\/133\/2020\/06\/Buchcafe-mit-Tiina-300x130.png\" \/>\n<meta name=\"twitter:card\" content=\"summary_large_image\" \/>\n<meta name=\"twitter:label1\" content=\"Gesch\u00e4tzte Lesezeit\" \/>\n\t<meta name=\"twitter:data1\" content=\"1\u00a0Minute\" \/>\n<script type=\"application\/ld+json\" class=\"yoast-schema-graph\">{\"@context\":\"https:\/\/schema.org\",\"@graph\":[{\"@type\":\"WebPage\",\"@id\":\"https:\/\/weltlaeden.de\/stuttgart-fairost\/ueber\/unser-buchcafe\/\",\"url\":\"https:\/\/weltlaeden.de\/stuttgart-fairost\/ueber\/unser-buchcafe\/\",\"name\":\"Unser Buchcaf\u00e9 - Fairost Stuttgart\",\"isPartOf\":{\"@id\":\"https:\/\/weltlaeden.de\/stuttgart-fairost\/#website\"},\"primaryImageOfPage\":{\"@id\":\"https:\/\/weltlaeden.de\/stuttgart-fairost\/ueber\/unser-buchcafe\/#primaryimage\"},\"image\":{\"@id\":\"https:\/\/weltlaeden.de\/stuttgart-fairost\/ueber\/unser-buchcafe\/#primaryimage\"},\"thumbnailUrl\":\"https:\/\/weltlaeden.de\/stuttgart-fairost\/wp-content\/uploads\/sites\/133\/2020\/06\/Buchcafe-mit-Tiina-300x130.png\",\"datePublished\":\"2018-10-10T09:37:45+00:00\",\"dateModified\":\"2021-01-22T08:23:18+00:00\",\"breadcrumb\":{\"@id\":\"https:\/\/weltlaeden.de\/stuttgart-fairost\/ueber\/unser-buchcafe\/#breadcrumb\"},\"inLanguage\":\"de\",\"potentialAction\":[{\"@type\":\"ReadAction\",\"target\":[\"https:\/\/weltlaeden.de\/stuttgart-fairost\/ueber\/unser-buchcafe\/\"]}]},{\"@type\":\"ImageObject\",\"inLanguage\":\"de\",\"@id\":\"https:\/\/weltlaeden.de\/stuttgart-fairost\/ueber\/unser-buchcafe\/#primaryimage\",\"url\":\"https:\/\/weltlaeden.de\/stuttgart-fairost\/wp-content\/uploads\/sites\/133\/2020\/06\/Buchcafe-mit-Tiina.png\",\"contentUrl\":\"https:\/\/weltlaeden.de\/stuttgart-fairost\/wp-content\/uploads\/sites\/133\/2020\/06\/Buchcafe-mit-Tiina.png\",\"width\":787,\"height\":340,\"caption\":\"Buchdafe\"},{\"@type\":\"BreadcrumbList\",\"@id\":\"https:\/\/weltlaeden.de\/stuttgart-fairost\/ueber\/unser-buchcafe\/#breadcrumb\",\"itemListElement\":[{\"@type\":\"ListItem\",\"position\":1,\"name\":\"Startseite\",\"item\":\"https:\/\/weltlaeden.de\/stuttgart-fairost\/\"},{\"@type\":\"ListItem\",\"position\":2,\"name\":\"\u00dcber\",\"item\":\"https:\/\/weltlaeden.de\/stuttgart-fairost\/ueber\/\"},{\"@type\":\"ListItem\",\"position\":3,\"name\":\"Unser Buchcaf\u00e9\"}]},{\"@type\":\"WebSite\",\"@id\":\"https:\/\/weltlaeden.de\/stuttgart-fairost\/#website\",\"url\":\"https:\/\/weltlaeden.de\/stuttgart-fairost\/\",\"name\":\"Vorlage\",\"description\":\"\",\"potentialAction\":[{\"@type\":\"SearchAction\",\"target\":{\"@type\":\"EntryPoint\",\"urlTemplate\":\"https:\/\/weltlaeden.de\/stuttgart-fairost\/?s={search_term_string}\"},\"query-input\":{\"@type\":\"PropertyValueSpecification\",\"valueRequired\":true,\"valueName\":\"search_term_string\"}}],\"inLanguage\":\"de\"}]}<\/script>\n<!-- \/ Yoast SEO plugin. -->","yoast_head_json":{"title":"Unser Buchcaf\u00e9 - Fairost Stuttgart","robots":{"index":"index","follow":"follow","max-snippet":"max-snippet:-1","max-image-preview":"max-image-preview:large","max-video-preview":"max-video-preview:-1"},"canonical":"https:\/\/weltlaeden.de\/stuttgart-fairost\/ueber\/unser-buchcafe\/","og_locale":"de_DE","og_type":"article","og_title":"Unser Buchcaf\u00e9 - Fairost Stuttgart","og_description":"[vc_row][vc_column] [vc_column_text] Das Buchcaf\u00e9 [\/vc_column_text][vc_column_text]Einkaufs-Pause, mit Leuten treffen, einfach gem\u00fctlich sitzen. Das k\u00f6nnen Sie im gem\u00fctlichen Buchcaf\u00e9. Sie finden hier eine gro\u00dfe Auswahl an Secondhand-B\u00fcchern, nat\u00fcrlich zu g\u00fcnstigen und fairen Preisen. Auch Infobrosch\u00fcren zu Themen des fairen Handels liegen aus. Mit dem Kauf von Secondhand-B\u00fcchern unterst\u00fctzen Sie Projekte unserer Partner. &nbsp; Unser Getr\u00e4nkeangebot: Kaffee Cappuccino&hellip;","og_url":"https:\/\/weltlaeden.de\/stuttgart-fairost\/ueber\/unser-buchcafe\/","og_site_name":"Fairost Stuttgart","article_modified_time":"2021-01-22T08:23:18+00:00","og_image":[{"url":"https:\/\/weltlaeden.de\/stuttgart-fairost\/wp-content\/uploads\/sites\/133\/2020\/06\/Buchcafe-mit-Tiina-300x130.png","type":"","width":"","height":""}],"twitter_card":"summary_large_image","twitter_misc":{"Gesch\u00e4tzte Lesezeit":"1\u00a0Minute"},"schema":{"@context":"https:\/\/schema.org","@graph":[{"@type":"WebPage","@id":"https:\/\/weltlaeden.de\/stuttgart-fairost\/ueber\/unser-buchcafe\/","url":"https:\/\/weltlaeden.de\/stuttgart-fairost\/ueber\/unser-buchcafe\/","name":"Unser Buchcaf\u00e9 - Fairost Stuttgart","isPartOf":{"@id":"https:\/\/weltlaeden.de\/stuttgart-fairost\/#website"},"primaryImageOfPage":{"@id":"https:\/\/weltlaeden.de\/stuttgart-fairost\/ueber\/unser-buchcafe\/#primaryimage"},"image":{"@id":"https:\/\/weltlaeden.de\/stuttgart-fairost\/ueber\/unser-buchcafe\/#primaryimage"},"thumbnailUrl":"https:\/\/weltlaeden.de\/stuttgart-fairost\/wp-content\/uploads\/sites\/133\/2020\/06\/Buchcafe-mit-Tiina-300x130.png","datePublished":"2018-10-10T09:37:45+00:00","dateModified":"2021-01-22T08:23:18+00:00","breadcrumb":{"@id":"https:\/\/weltlaeden.de\/stuttgart-fairost\/ueber\/unser-buchcafe\/#breadcrumb"},"inLanguage":"de","potentialAction":[{"@type":"ReadAction","target":["https:\/\/weltlaeden.de\/stuttgart-fairost\/ueber\/unser-buchcafe\/"]}]},{"@type":"ImageObject","inLanguage":"de","@id":"https:\/\/weltlaeden.de\/stuttgart-fairost\/ueber\/unser-buchcafe\/#primaryimage","url":"https:\/\/weltlaeden.de\/stuttgart-fairost\/wp-content\/uploads\/sites\/133\/2020\/06\/Buchcafe-mit-Tiina.png","contentUrl":"https:\/\/weltlaeden.de\/stuttgart-fairost\/wp-content\/uploads\/sites\/133\/2020\/06\/Buchcafe-mit-Tiina.png","width":787,"height":340,"caption":"Buchdafe"},{"@type":"BreadcrumbList","@id":"https:\/\/weltlaeden.de\/stuttgart-fairost\/ueber\/unser-buchcafe\/#breadcrumb","itemListElement":[{"@type":"ListItem","position":1,"name":"Startseite","item":"https:\/\/weltlaeden.de\/stuttgart-fairost\/"},{"@type":"ListItem","position":2,"name":"\u00dcber","item":"https:\/\/weltlaeden.de\/stuttgart-fairost\/ueber\/"},{"@type":"ListItem","position":3,"name":"Unser Buchcaf\u00e9"}]},{"@type":"WebSite","@id":"https:\/\/weltlaeden.de\/stuttgart-fairost\/#website","url":"https:\/\/weltlaeden.de\/stuttgart-fairost\/","name":"Vorlage","description":"","potentialAction":[{"@type":"SearchAction","target":{"@type":"EntryPoint","urlTemplate":"https:\/\/weltlaeden.de\/stuttgart-fairost\/?s={search_term_string}"},"query-input":{"@type":"PropertyValueSpecification","valueRequired":true,"valueName":"search_term_string"}}],"inLanguage":"de"}]}},"_links":{"self":[{"href":"https:\/\/weltlaeden.de\/stuttgart-fairost\/wp-json\/wp\/v2\/pages\/455","targetHints":{"allow":["GET"]}}],"collection":[{"href":"https:\/\/weltlaeden.de\/stuttgart-fairost\/wp-json\/wp\/v2\/pages"}],"about":[{"href":"https:\/\/weltlaeden.de\/stuttgart-fairost\/wp-json\/wp\/v2\/types\/page"}],"author":[{"embeddable":true,"href":"https:\/\/weltlaeden.de\/stuttgart-fairost\/wp-json\/wp\/v2\/users\/60"}],"replies":[{"embeddable":true,"href":"https:\/\/weltlaeden.de\/stuttgart-fairost\/wp-json\/wp\/v2\/comments?post=455"}],"version-history":[{"count":31,"href":"https:\/\/weltlaeden.de\/stuttgart-fairost\/wp-json\/wp\/v2\/pages\/455\/revisions"}],"predecessor-version":[{"id":866,"href":"https:\/\/weltlaeden.de\/stuttgart-fairost\/wp-json\/wp\/v2\/pages\/455\/revisions\/866"}],"up":[{"embeddable":true,"href":"https:\/\/weltlaeden.de\/stuttgart-fairost\/wp-json\/wp\/v2\/pages\/451"}],"wp:attachment":[{"href":"https:\/\/weltlaeden.de\/stuttgart-fairost\/wp-json\/wp\/v2\/media?parent=455"}],"curies":[{"name":"wp","href":"https:\/\/api.w.org\/{rel}","templated":true}]}}