{"id":219,"date":"2016-10-28T13:34:47","date_gmt":"2016-10-28T11:34:47","guid":{"rendered":"https:\/\/wl.heimpixel.de\/vorlage\/ueber-uns\/"},"modified":"2021-01-22T09:23:18","modified_gmt":"2021-01-22T08:23:18","slug":"ueber-uns","status":"publish","type":"page","link":"https:\/\/weltlaeden.de\/stuttgart-fairost\/ueber\/ueber-uns\/","title":{"rendered":"\u00dcber uns"},"content":{"rendered":"<div class=\"wpb-content-wrapper\"><p>[vc_row][vc_column]<div class=\"wl_einzelbild\"><p><img loading=\"lazy\" decoding=\"async\" class=\"alignnone wp-image-876\" src=\"https:\/\/weltlaeden.de\/stuttgart-fairost\/wp-content\/uploads\/sites\/133\/2020\/06\/\u00dcber-uns_Verkaufsszene-300x130.png\" alt=\"Beratung im Weltladen\" width=\"787\" height=\"341\" srcset=\"https:\/\/weltlaeden.de\/stuttgart-fairost\/wp-content\/uploads\/sites\/133\/2020\/06\/\u00dcber-uns_Verkaufsszene-300x130.png 300w, https:\/\/weltlaeden.de\/stuttgart-fairost\/wp-content\/uploads\/sites\/133\/2020\/06\/\u00dcber-uns_Verkaufsszene-768x332.png 768w, https:\/\/weltlaeden.de\/stuttgart-fairost\/wp-content\/uploads\/sites\/133\/2020\/06\/\u00dcber-uns_Verkaufsszene.png 787w\" sizes=\"auto, (max-width: 787px) 100vw, 787px\" \/><\/p><\/div>[vc_empty_space][vc_column_text]<\/p>\n<h1>\u00dcber uns<\/h1>\n<p>[\/vc_column_text][vc_column_text]Seit 2009 gibt es im Stuttgarter Osten einen Weltladen. Mehr als zehn Jahre lang waren wir an der Gablenberger Hauptstra\u00dfe beheimatet. Im Juni 2020 erfolgte schlie\u00dflich der Umzug in die Ostendstra\u00dfe 57. Mit dem neuen Standort haben wir auch unseren Namen ge\u00e4ndert: Aus dem Weltladen Gablenberg wurde der Weltladen FairOst. Betrieben wird der Weltladen von einem gemeinn\u00fctzigen Verein und ca. 35 ehrenamtlichen Helferinnen und Helfern. Je nach Zeit, Talent und M\u00f6glichkeit engagieren wir uns im Verkauf, dekorieren die Schaufenster, halten Vortr\u00e4ge, machen \u00d6ffentlichkeitsarbeit oder organisieren im Hintergrund.[\/vc_column_text][\/vc_column][\/vc_row][vc_row][vc_column][vc_column_text]<\/p>\n<p>[\/vc_column_text][\/vc_column][\/vc_row][vc_row][vc_column][vc_empty_space][vc_column_text]<\/p>\n<h1>Mitmachen im Weltladen<\/h1>\n<p>[\/vc_column_text][vc_column_text]<strong>Wir suchen<\/strong> Menschen, die Lust haben, sich ehrenamtlich f\u00fcr eine offene, transparente, \u00f6kologische und nachhaltige Form des Wirtschaftens zu engagieren. Ob im Verkauf, der Informations- oder Bildungsarbeit &#8211; die M\u00f6glichkeiten, in unserem Team mitzumachen sind vielf\u00e4ltig und lassen sich bestimmt auch in Ihren Alltag integrieren! Neben regelm\u00e4\u00dfigen Aufgaben gibt es bei uns auch immer wieder einzelne zeitlich befristete Projekte, f\u00fcr die wir Unterst\u00fctzer\/innen suchen. Viele Aufgaben erfordern keine speziellen Vorkenntnisse, sondern nur Ihre Bereitschaft, Ihre F\u00e4higkeiten einzubringen und eventuell in neuen Bereichen dazuzulernen.<\/p>\n<p><strong>Wir bieten<\/strong> ein nettes Team aus Engagierten mit vielf\u00e4ltigen M\u00f6glichkeiten, sich selbst einzubringen. Eine Gemeinschaft, die Sie herzlich aufnimmt, einarbeitet und bei Fragen zur Verf\u00fcgung steht. Fortbildungsm\u00f6glichkeiten nach Ihren Interessen und Aufgaben.<\/p>\n<p><strong>Kommen Sie im Laden vorbei oder rufen Sie an. Wir freuen uns auf Sie!<\/strong>[\/vc_column_text][\/vc_column][\/vc_row][vc_row][vc_column][vc_column_text]<\/p>\n<p>[\/vc_column_text][\/vc_column][\/vc_row][vc_row][vc_column][vc_empty_space][vc_column_text]<\/p>\n<h1>Lesen und genie\u00dfen<\/h1>\n<p>[\/vc_column_text][vc_column_text]Neben sch\u00f6nen Dingen und leckeren Produkten aus dem fairen Handel finden Sie bei uns auch unser Buchcafe mit einer sch\u00f6nen Auswahl an Second-Hand-B\u00fcchern. Sie m\u00f6chten Ihr B\u00fccherregal entlasten? Wir freuen uns, wenn Sie aktuelles Lesematerial spenden m\u00f6chten. <a href=\"https:\/\/weltlaeden.de\/stuttgart-fairost\/ueber\/unser-buchcafe\/\">Hier gehts zu unserem Buchcafe<\/a>[\/vc_column_text][\/vc_column][\/vc_row][vc_row][vc_column][vc_column_text]<\/p>\n<p>[\/vc_column_text][\/vc_column][\/vc_row][vc_row][vc_column][vc_empty_space][vc_column_text]<\/p>\n<h1>Stuttgarter Weltl\u00e4den<\/h1>\n<p>[\/vc_column_text][vc_column_text]Au\u00dfer in Stuttgart-Ost finden Sie weitere Weltl\u00e4den unter anderem in Bad Cannstatt, Botnang, Vaihingen, Wangen, Zuffenhausen und in der Innenstadt im Welthaus an der Planie. Details zu den L\u00e4den finden Sie unter <a href=\"https:\/\/www.stuttgarter-weltlaeden.de\/\" target=\"_blank\" rel=\"noopener\">www.stuttgarter-weltlaeden.de<\/a>.[\/vc_column_text][\/vc_column][\/vc_row]<\/p>\n<\/div>","protected":false},"excerpt":{"rendered":"<p>[vc_row][vc_column][vc_empty_space][vc_column_text] \u00dcber uns [\/vc_column_text][vc_column_text]Seit 2009 gibt es im Stuttgarter Osten einen Weltladen. Mehr als zehn Jahre lang waren wir an der Gablenberger Hauptstra\u00dfe beheimatet. Im Juni 2020 erfolgte schlie\u00dflich der Umzug in die Ostendstra\u00dfe 57. Mit dem neuen Standort haben wir auch unseren Namen ge\u00e4ndert: Aus dem Weltladen Gablenberg wurde der Weltladen FairOst. Betrieben wird&hellip;<\/p>\n","protected":false},"author":1,"featured_media":0,"parent":451,"menu_order":9,"comment_status":"closed","ping_status":"closed","template":"","meta":{"footnotes":""},"class_list":["post-219","page","type-page","status-publish","hentry","description-off"],"yoast_head":"<!-- This site is optimized with the Yoast SEO plugin v26.8 - https:\/\/yoast.com\/product\/yoast-seo-wordpress\/ -->\n<title>\u00dcber uns - Fairost Stuttgart<\/title>\n<meta name=\"robots\" content=\"index, follow, max-snippet:-1, max-image-preview:large, max-video-preview:-1\" \/>\n<link rel=\"canonical\" href=\"https:\/\/weltlaeden.de\/stuttgart-fairost\/ueber\/ueber-uns\/\" \/>\n<meta property=\"og:locale\" content=\"de_DE\" \/>\n<meta property=\"og:type\" content=\"article\" \/>\n<meta property=\"og:title\" content=\"\u00dcber uns - Fairost Stuttgart\" \/>\n<meta property=\"og:description\" content=\"[vc_row][vc_column][vc_empty_space][vc_column_text] \u00dcber uns [\/vc_column_text][vc_column_text]Seit 2009 gibt es im Stuttgarter Osten einen Weltladen. Mehr als zehn Jahre lang waren wir an der Gablenberger Hauptstra\u00dfe beheimatet. Im Juni 2020 erfolgte schlie\u00dflich der Umzug in die Ostendstra\u00dfe 57. Mit dem neuen Standort haben wir auch unseren Namen ge\u00e4ndert: Aus dem Weltladen Gablenberg wurde der Weltladen FairOst. Betrieben wird&hellip;\" \/>\n<meta property=\"og:url\" content=\"https:\/\/weltlaeden.de\/stuttgart-fairost\/ueber\/ueber-uns\/\" \/>\n<meta property=\"og:site_name\" content=\"Fairost Stuttgart\" \/>\n<meta property=\"article:modified_time\" content=\"2021-01-22T08:23:18+00:00\" \/>\n<meta property=\"og:image\" content=\"https:\/\/weltlaeden.de\/stuttgart-fairost\/wp-content\/uploads\/sites\/133\/2020\/06\/\u00dcber-uns_Verkaufsszene-300x130.png\" \/>\n<meta name=\"twitter:card\" content=\"summary_large_image\" \/>\n<meta name=\"twitter:label1\" content=\"Gesch\u00e4tzte Lesezeit\" \/>\n\t<meta name=\"twitter:data1\" content=\"2\u00a0Minuten\" \/>\n<script type=\"application\/ld+json\" class=\"yoast-schema-graph\">{\"@context\":\"https:\/\/schema.org\",\"@graph\":[{\"@type\":\"WebPage\",\"@id\":\"https:\/\/weltlaeden.de\/stuttgart-fairost\/ueber\/ueber-uns\/\",\"url\":\"https:\/\/weltlaeden.de\/stuttgart-fairost\/ueber\/ueber-uns\/\",\"name\":\"\u00dcber uns - Fairost Stuttgart\",\"isPartOf\":{\"@id\":\"https:\/\/weltlaeden.de\/stuttgart-fairost\/#website\"},\"datePublished\":\"2016-10-28T11:34:47+00:00\",\"dateModified\":\"2021-01-22T08:23:18+00:00\",\"breadcrumb\":{\"@id\":\"https:\/\/weltlaeden.de\/stuttgart-fairost\/ueber\/ueber-uns\/#breadcrumb\"},\"inLanguage\":\"de\",\"potentialAction\":[{\"@type\":\"ReadAction\",\"target\":[\"https:\/\/weltlaeden.de\/stuttgart-fairost\/ueber\/ueber-uns\/\"]}]},{\"@type\":\"BreadcrumbList\",\"@id\":\"https:\/\/weltlaeden.de\/stuttgart-fairost\/ueber\/ueber-uns\/#breadcrumb\",\"itemListElement\":[{\"@type\":\"ListItem\",\"position\":1,\"name\":\"Startseite\",\"item\":\"https:\/\/weltlaeden.de\/stuttgart-fairost\/\"},{\"@type\":\"ListItem\",\"position\":2,\"name\":\"\u00dcber\",\"item\":\"https:\/\/weltlaeden.de\/stuttgart-fairost\/ueber\/\"},{\"@type\":\"ListItem\",\"position\":3,\"name\":\"\u00dcber uns\"}]},{\"@type\":\"WebSite\",\"@id\":\"https:\/\/weltlaeden.de\/stuttgart-fairost\/#website\",\"url\":\"https:\/\/weltlaeden.de\/stuttgart-fairost\/\",\"name\":\"Vorlage\",\"description\":\"\",\"potentialAction\":[{\"@type\":\"SearchAction\",\"target\":{\"@type\":\"EntryPoint\",\"urlTemplate\":\"https:\/\/weltlaeden.de\/stuttgart-fairost\/?s={search_term_string}\"},\"query-input\":{\"@type\":\"PropertyValueSpecification\",\"valueRequired\":true,\"valueName\":\"search_term_string\"}}],\"inLanguage\":\"de\"}]}<\/script>\n<!-- \/ Yoast SEO plugin. -->","yoast_head_json":{"title":"\u00dcber uns - Fairost Stuttgart","robots":{"index":"index","follow":"follow","max-snippet":"max-snippet:-1","max-image-preview":"max-image-preview:large","max-video-preview":"max-video-preview:-1"},"canonical":"https:\/\/weltlaeden.de\/stuttgart-fairost\/ueber\/ueber-uns\/","og_locale":"de_DE","og_type":"article","og_title":"\u00dcber uns - Fairost Stuttgart","og_description":"[vc_row][vc_column][vc_empty_space][vc_column_text] \u00dcber uns [\/vc_column_text][vc_column_text]Seit 2009 gibt es im Stuttgarter Osten einen Weltladen. Mehr als zehn Jahre lang waren wir an der Gablenberger Hauptstra\u00dfe beheimatet. Im Juni 2020 erfolgte schlie\u00dflich der Umzug in die Ostendstra\u00dfe 57. Mit dem neuen Standort haben wir auch unseren Namen ge\u00e4ndert: Aus dem Weltladen Gablenberg wurde der Weltladen FairOst. Betrieben wird&hellip;","og_url":"https:\/\/weltlaeden.de\/stuttgart-fairost\/ueber\/ueber-uns\/","og_site_name":"Fairost Stuttgart","article_modified_time":"2021-01-22T08:23:18+00:00","og_image":[{"url":"https:\/\/weltlaeden.de\/stuttgart-fairost\/wp-content\/uploads\/sites\/133\/2020\/06\/\u00dcber-uns_Verkaufsszene-300x130.png","type":"","width":"","height":""}],"twitter_card":"summary_large_image","twitter_misc":{"Gesch\u00e4tzte Lesezeit":"2\u00a0Minuten"},"schema":{"@context":"https:\/\/schema.org","@graph":[{"@type":"WebPage","@id":"https:\/\/weltlaeden.de\/stuttgart-fairost\/ueber\/ueber-uns\/","url":"https:\/\/weltlaeden.de\/stuttgart-fairost\/ueber\/ueber-uns\/","name":"\u00dcber uns - Fairost Stuttgart","isPartOf":{"@id":"https:\/\/weltlaeden.de\/stuttgart-fairost\/#website"},"datePublished":"2016-10-28T11:34:47+00:00","dateModified":"2021-01-22T08:23:18+00:00","breadcrumb":{"@id":"https:\/\/weltlaeden.de\/stuttgart-fairost\/ueber\/ueber-uns\/#breadcrumb"},"inLanguage":"de","potentialAction":[{"@type":"ReadAction","target":["https:\/\/weltlaeden.de\/stuttgart-fairost\/ueber\/ueber-uns\/"]}]},{"@type":"BreadcrumbList","@id":"https:\/\/weltlaeden.de\/stuttgart-fairost\/ueber\/ueber-uns\/#breadcrumb","itemListElement":[{"@type":"ListItem","position":1,"name":"Startseite","item":"https:\/\/weltlaeden.de\/stuttgart-fairost\/"},{"@type":"ListItem","position":2,"name":"\u00dcber","item":"https:\/\/weltlaeden.de\/stuttgart-fairost\/ueber\/"},{"@type":"ListItem","position":3,"name":"\u00dcber uns"}]},{"@type":"WebSite","@id":"https:\/\/weltlaeden.de\/stuttgart-fairost\/#website","url":"https:\/\/weltlaeden.de\/stuttgart-fairost\/","name":"Vorlage","description":"","potentialAction":[{"@type":"SearchAction","target":{"@type":"EntryPoint","urlTemplate":"https:\/\/weltlaeden.de\/stuttgart-fairost\/?s={search_term_string}"},"query-input":{"@type":"PropertyValueSpecification","valueRequired":true,"valueName":"search_term_string"}}],"inLanguage":"de"}]}},"_links":{"self":[{"href":"https:\/\/weltlaeden.de\/stuttgart-fairost\/wp-json\/wp\/v2\/pages\/219","targetHints":{"allow":["GET"]}}],"collection":[{"href":"https:\/\/weltlaeden.de\/stuttgart-fairost\/wp-json\/wp\/v2\/pages"}],"about":[{"href":"https:\/\/weltlaeden.de\/stuttgart-fairost\/wp-json\/wp\/v2\/types\/page"}],"author":[{"embeddable":true,"href":"https:\/\/weltlaeden.de\/stuttgart-fairost\/wp-json\/wp\/v2\/users\/1"}],"replies":[{"embeddable":true,"href":"https:\/\/weltlaeden.de\/stuttgart-fairost\/wp-json\/wp\/v2\/comments?post=219"}],"version-history":[{"count":26,"href":"https:\/\/weltlaeden.de\/stuttgart-fairost\/wp-json\/wp\/v2\/pages\/219\/revisions"}],"predecessor-version":[{"id":835,"href":"https:\/\/weltlaeden.de\/stuttgart-fairost\/wp-json\/wp\/v2\/pages\/219\/revisions\/835"}],"up":[{"embeddable":true,"href":"https:\/\/weltlaeden.de\/stuttgart-fairost\/wp-json\/wp\/v2\/pages\/451"}],"wp:attachment":[{"href":"https:\/\/weltlaeden.de\/stuttgart-fairost\/wp-json\/wp\/v2\/media?parent=219"}],"curies":[{"name":"wp","href":"https:\/\/api.w.org\/{rel}","templated":true}]}}