{"id":217,"date":"2016-10-28T13:34:47","date_gmt":"2016-10-28T11:34:47","guid":{"rendered":"https:\/\/wl.heimpixel.de\/vorlage\/produkte\/"},"modified":"2024-04-12T14:23:59","modified_gmt":"2024-04-12T12:23:59","slug":"produkte","status":"publish","type":"page","link":"https:\/\/weltlaeden.de\/stuttgart-fairost\/ueber\/produkte\/","title":{"rendered":"Produkte"},"content":{"rendered":"<div class=\"wpb-content-wrapper\"><p>[vc_row][vc_column][vc_column_text]<\/p>\n<h1>Unser Sortiment<\/h1>\n<p>[\/vc_column_text][vc_column_text]Im Weltladen FairOst finden Sie die Klassiker des Fairen Handels ebenso wie \u00fcberraschende neue Produkte. Kaffee oder Tee schmecken noch besser mit Keksen aus fair gehandelten Zutaten. Dass Schokolade und Wein hervorragend harmonieren haben schon viele erfahren. Fair und sch\u00f6n sind auch Schmuck, Geschirr und Deko sowie unsere Drogerieartikel von ausgew\u00e4hlten Projektpartnern aus den L\u00e4ndern des S\u00fcdens.[\/vc_column_text][vc_empty_space][vc_row_inner][vc_column_inner width=&#8220;1\/2&#8243;][vc_column_text]<\/p>\n<h2>Lebensmittel<\/h2>\n<p>[\/vc_column_text]<div class=\"wl_einzelbild\"><p><img loading=\"lazy\" decoding=\"async\" class=\"alignnone wp-image-868\" src=\"https:\/\/weltlaeden.de\/stuttgart-fairost\/wp-content\/uploads\/sites\/133\/2020\/06\/Produkte-Kaffee-300x201.png\" alt=\"Kaffee\" width=\"349\" height=\"234\" srcset=\"https:\/\/weltlaeden.de\/stuttgart-fairost\/wp-content\/uploads\/sites\/133\/2020\/06\/Produkte-Kaffee-300x201.png 300w, https:\/\/weltlaeden.de\/stuttgart-fairost\/wp-content\/uploads\/sites\/133\/2020\/06\/Produkte-Kaffee.png 386w\" sizes=\"auto, (max-width: 349px) 100vw, 349px\" \/><\/p><\/div>[vc_column_text]Zu unserem fairen und meist \u00f6kologischen Lebensmittel-Sortiment geh\u00f6ren:<\/p>\n<ul>\n<li>Kaffee und Tee aus den besten Anbaugebieten<\/li>\n<li>Pralinen, Schokolade und Kekse<\/li>\n<li>verschiedene Honigsorten aus Lateinamerika<\/li>\n<li>S\u00e4fte und Weine<\/li>\n<li>Trockenfr\u00fcchte und N\u00fcsse<\/li>\n<li>Gew\u00fcrze, \u00d6le und Chutneys<\/li>\n<li>Reis, Quinoa, Bulgur und Teigwaren<\/li>\n<li>frische Bananen und manchmal Mangos<\/li>\n<li>und noch vieles mehr&#8230;<\/li>\n<\/ul>\n<p>[\/vc_column_text]<div class=\"wl_einzelbild\"><p><img loading=\"lazy\" decoding=\"async\" class=\"alignnone wp-image-1005\" src=\"https:\/\/weltlaeden.de\/stuttgart-fairost\/wp-content\/uploads\/sites\/133\/2021\/04\/Produkte-Wein-300x300.png\" alt=\"Wein fair gehandelt\" width=\"386\" height=\"386\" srcset=\"https:\/\/weltlaeden.de\/stuttgart-fairost\/wp-content\/uploads\/sites\/133\/2021\/04\/Produkte-Wein-300x300.png 300w, https:\/\/weltlaeden.de\/stuttgart-fairost\/wp-content\/uploads\/sites\/133\/2021\/04\/Produkte-Wein-150x150.png 150w, https:\/\/weltlaeden.de\/stuttgart-fairost\/wp-content\/uploads\/sites\/133\/2021\/04\/Produkte-Wein-768x768.png 768w, https:\/\/weltlaeden.de\/stuttgart-fairost\/wp-content\/uploads\/sites\/133\/2021\/04\/Produkte-Wein.png 800w\" sizes=\"auto, (max-width: 386px) 100vw, 386px\" \/><\/p><\/div>[\/vc_column_inner][vc_column_inner width=&#8220;1\/2&#8243;][vc_column_text]<\/p>\n<h2>Kunsthandwerk &amp; Textilien<\/h2>\n<p>[\/vc_column_text]<div class=\"wl_einzelbild\"><p><img loading=\"lazy\" decoding=\"async\" class=\"alignnone wp-image-867\" src=\"https:\/\/weltlaeden.de\/stuttgart-fairost\/wp-content\/uploads\/sites\/133\/2020\/06\/Produkte-Kunsthandwerk-300x201.png\" alt=\"Kunsthandwerk\" width=\"349\" height=\"234\" srcset=\"https:\/\/weltlaeden.de\/stuttgart-fairost\/wp-content\/uploads\/sites\/133\/2020\/06\/Produkte-Kunsthandwerk-300x201.png 300w, https:\/\/weltlaeden.de\/stuttgart-fairost\/wp-content\/uploads\/sites\/133\/2020\/06\/Produkte-Kunsthandwerk.png 386w\" sizes=\"auto, (max-width: 349px) 100vw, 349px\" \/><\/p><\/div>[vc_column_text]Wir f\u00fchren auch hochwertige Gebrauchsgegenst\u00e4nde und Geschenke wie<\/p>\n<ul>\n<li>Heimtextilien<\/li>\n<li>Drogerieartikel (Seifen etc.)<\/li>\n<li>Korb- und Haushaltswaren<\/li>\n<li>Spielwaren<\/li>\n<li>Schmuck<\/li>\n<li>Schals und T\u00fccher<\/li>\n<li>Taschen in allen Gr\u00f6\u00dfen, Formen und Materialien<\/li>\n<li>handgesch\u00f6pftes Papier und Gru\u00dfkarten<\/li>\n<li>und und und&#8230;<\/li>\n<\/ul>\n<p>[\/vc_column_text]<div class=\"wl_einzelbild\"><p><img loading=\"lazy\" decoding=\"async\" class=\"alignnone wp-image-1004\" src=\"https:\/\/weltlaeden.de\/stuttgart-fairost\/wp-content\/uploads\/sites\/133\/2021\/04\/Produkte-Tasche-lila-300x300.png\" alt=\"Tasche lila\" width=\"386\" height=\"386\" srcset=\"https:\/\/weltlaeden.de\/stuttgart-fairost\/wp-content\/uploads\/sites\/133\/2021\/04\/Produkte-Tasche-lila-300x300.png 300w, https:\/\/weltlaeden.de\/stuttgart-fairost\/wp-content\/uploads\/sites\/133\/2021\/04\/Produkte-Tasche-lila-150x150.png 150w, https:\/\/weltlaeden.de\/stuttgart-fairost\/wp-content\/uploads\/sites\/133\/2021\/04\/Produkte-Tasche-lila-768x768.png 768w, https:\/\/weltlaeden.de\/stuttgart-fairost\/wp-content\/uploads\/sites\/133\/2021\/04\/Produkte-Tasche-lila.png 800w\" sizes=\"auto, (max-width: 386px) 100vw, 386px\" \/><\/p><\/div>[\/vc_column_inner][\/vc_row_inner][\/vc_column][\/vc_row]<\/p>\n<\/div>","protected":false},"excerpt":{"rendered":"<p>[vc_row][vc_column][vc_column_text] Unser Sortiment [\/vc_column_text][vc_column_text]Im Weltladen FairOst finden Sie die Klassiker des Fairen Handels ebenso wie \u00fcberraschende neue Produkte. Kaffee oder Tee schmecken noch besser mit Keksen aus fair gehandelten Zutaten. Dass Schokolade und Wein hervorragend harmonieren haben schon viele erfahren. Fair und sch\u00f6n sind auch Schmuck, Geschirr und Deko sowie unsere Drogerieartikel von ausgew\u00e4hlten Projektpartnern&hellip;<\/p>\n","protected":false},"author":1,"featured_media":0,"parent":451,"menu_order":12,"comment_status":"closed","ping_status":"closed","template":"","meta":{"footnotes":""},"class_list":["post-217","page","type-page","status-publish","hentry","description-off"],"yoast_head":"<!-- This site is optimized with the Yoast SEO plugin v26.8 - https:\/\/yoast.com\/product\/yoast-seo-wordpress\/ -->\n<title>Produkte - Fairost Stuttgart<\/title>\n<meta name=\"robots\" content=\"index, follow, max-snippet:-1, max-image-preview:large, max-video-preview:-1\" \/>\n<link rel=\"canonical\" href=\"https:\/\/weltlaeden.de\/stuttgart-fairost\/ueber\/produkte\/\" \/>\n<meta property=\"og:locale\" content=\"de_DE\" \/>\n<meta property=\"og:type\" content=\"article\" \/>\n<meta property=\"og:title\" content=\"Produkte - Fairost Stuttgart\" \/>\n<meta property=\"og:description\" content=\"[vc_row][vc_column][vc_column_text] Unser Sortiment [\/vc_column_text][vc_column_text]Im Weltladen FairOst finden Sie die Klassiker des Fairen Handels ebenso wie \u00fcberraschende neue Produkte. Kaffee oder Tee schmecken noch besser mit Keksen aus fair gehandelten Zutaten. Dass Schokolade und Wein hervorragend harmonieren haben schon viele erfahren. Fair und sch\u00f6n sind auch Schmuck, Geschirr und Deko sowie unsere Drogerieartikel von ausgew\u00e4hlten Projektpartnern&hellip;\" \/>\n<meta property=\"og:url\" content=\"https:\/\/weltlaeden.de\/stuttgart-fairost\/ueber\/produkte\/\" \/>\n<meta property=\"og:site_name\" content=\"Fairost Stuttgart\" \/>\n<meta property=\"article:modified_time\" content=\"2024-04-12T12:23:59+00:00\" \/>\n<meta property=\"og:image\" content=\"https:\/\/weltlaeden.de\/stuttgart-fairost\/wp-content\/uploads\/sites\/133\/2020\/06\/Produkte-Kaffee-300x201.png\" \/>\n<meta name=\"twitter:card\" content=\"summary_large_image\" \/>\n<meta name=\"twitter:label1\" content=\"Gesch\u00e4tzte Lesezeit\" \/>\n\t<meta name=\"twitter:data1\" content=\"2\u00a0Minuten\" \/>\n<script type=\"application\/ld+json\" class=\"yoast-schema-graph\">{\"@context\":\"https:\/\/schema.org\",\"@graph\":[{\"@type\":\"WebPage\",\"@id\":\"https:\/\/weltlaeden.de\/stuttgart-fairost\/ueber\/produkte\/\",\"url\":\"https:\/\/weltlaeden.de\/stuttgart-fairost\/ueber\/produkte\/\",\"name\":\"Produkte - Fairost Stuttgart\",\"isPartOf\":{\"@id\":\"https:\/\/weltlaeden.de\/stuttgart-fairost\/#website\"},\"primaryImageOfPage\":{\"@id\":\"https:\/\/weltlaeden.de\/stuttgart-fairost\/ueber\/produkte\/#primaryimage\"},\"image\":{\"@id\":\"https:\/\/weltlaeden.de\/stuttgart-fairost\/ueber\/produkte\/#primaryimage\"},\"thumbnailUrl\":\"https:\/\/weltlaeden.de\/stuttgart-fairost\/wp-content\/uploads\/sites\/133\/2020\/06\/Produkte-Kaffee-300x201.png\",\"datePublished\":\"2016-10-28T11:34:47+00:00\",\"dateModified\":\"2024-04-12T12:23:59+00:00\",\"breadcrumb\":{\"@id\":\"https:\/\/weltlaeden.de\/stuttgart-fairost\/ueber\/produkte\/#breadcrumb\"},\"inLanguage\":\"de\",\"potentialAction\":[{\"@type\":\"ReadAction\",\"target\":[\"https:\/\/weltlaeden.de\/stuttgart-fairost\/ueber\/produkte\/\"]}]},{\"@type\":\"ImageObject\",\"inLanguage\":\"de\",\"@id\":\"https:\/\/weltlaeden.de\/stuttgart-fairost\/ueber\/produkte\/#primaryimage\",\"url\":\"https:\/\/weltlaeden.de\/stuttgart-fairost\/wp-content\/uploads\/sites\/133\/2020\/06\/Produkte-Kaffee.png\",\"contentUrl\":\"https:\/\/weltlaeden.de\/stuttgart-fairost\/wp-content\/uploads\/sites\/133\/2020\/06\/Produkte-Kaffee.png\",\"width\":386,\"height\":259,\"caption\":\"Kaffee\"},{\"@type\":\"BreadcrumbList\",\"@id\":\"https:\/\/weltlaeden.de\/stuttgart-fairost\/ueber\/produkte\/#breadcrumb\",\"itemListElement\":[{\"@type\":\"ListItem\",\"position\":1,\"name\":\"Startseite\",\"item\":\"https:\/\/weltlaeden.de\/stuttgart-fairost\/\"},{\"@type\":\"ListItem\",\"position\":2,\"name\":\"\u00dcber\",\"item\":\"https:\/\/weltlaeden.de\/stuttgart-fairost\/ueber\/\"},{\"@type\":\"ListItem\",\"position\":3,\"name\":\"Produkte\"}]},{\"@type\":\"WebSite\",\"@id\":\"https:\/\/weltlaeden.de\/stuttgart-fairost\/#website\",\"url\":\"https:\/\/weltlaeden.de\/stuttgart-fairost\/\",\"name\":\"Vorlage\",\"description\":\"\",\"potentialAction\":[{\"@type\":\"SearchAction\",\"target\":{\"@type\":\"EntryPoint\",\"urlTemplate\":\"https:\/\/weltlaeden.de\/stuttgart-fairost\/?s={search_term_string}\"},\"query-input\":{\"@type\":\"PropertyValueSpecification\",\"valueRequired\":true,\"valueName\":\"search_term_string\"}}],\"inLanguage\":\"de\"}]}<\/script>\n<!-- \/ Yoast SEO plugin. -->","yoast_head_json":{"title":"Produkte - Fairost Stuttgart","robots":{"index":"index","follow":"follow","max-snippet":"max-snippet:-1","max-image-preview":"max-image-preview:large","max-video-preview":"max-video-preview:-1"},"canonical":"https:\/\/weltlaeden.de\/stuttgart-fairost\/ueber\/produkte\/","og_locale":"de_DE","og_type":"article","og_title":"Produkte - Fairost Stuttgart","og_description":"[vc_row][vc_column][vc_column_text] Unser Sortiment [\/vc_column_text][vc_column_text]Im Weltladen FairOst finden Sie die Klassiker des Fairen Handels ebenso wie \u00fcberraschende neue Produkte. Kaffee oder Tee schmecken noch besser mit Keksen aus fair gehandelten Zutaten. Dass Schokolade und Wein hervorragend harmonieren haben schon viele erfahren. Fair und sch\u00f6n sind auch Schmuck, Geschirr und Deko sowie unsere Drogerieartikel von ausgew\u00e4hlten Projektpartnern&hellip;","og_url":"https:\/\/weltlaeden.de\/stuttgart-fairost\/ueber\/produkte\/","og_site_name":"Fairost Stuttgart","article_modified_time":"2024-04-12T12:23:59+00:00","og_image":[{"url":"https:\/\/weltlaeden.de\/stuttgart-fairost\/wp-content\/uploads\/sites\/133\/2020\/06\/Produkte-Kaffee-300x201.png","type":"","width":"","height":""}],"twitter_card":"summary_large_image","twitter_misc":{"Gesch\u00e4tzte Lesezeit":"2\u00a0Minuten"},"schema":{"@context":"https:\/\/schema.org","@graph":[{"@type":"WebPage","@id":"https:\/\/weltlaeden.de\/stuttgart-fairost\/ueber\/produkte\/","url":"https:\/\/weltlaeden.de\/stuttgart-fairost\/ueber\/produkte\/","name":"Produkte - Fairost Stuttgart","isPartOf":{"@id":"https:\/\/weltlaeden.de\/stuttgart-fairost\/#website"},"primaryImageOfPage":{"@id":"https:\/\/weltlaeden.de\/stuttgart-fairost\/ueber\/produkte\/#primaryimage"},"image":{"@id":"https:\/\/weltlaeden.de\/stuttgart-fairost\/ueber\/produkte\/#primaryimage"},"thumbnailUrl":"https:\/\/weltlaeden.de\/stuttgart-fairost\/wp-content\/uploads\/sites\/133\/2020\/06\/Produkte-Kaffee-300x201.png","datePublished":"2016-10-28T11:34:47+00:00","dateModified":"2024-04-12T12:23:59+00:00","breadcrumb":{"@id":"https:\/\/weltlaeden.de\/stuttgart-fairost\/ueber\/produkte\/#breadcrumb"},"inLanguage":"de","potentialAction":[{"@type":"ReadAction","target":["https:\/\/weltlaeden.de\/stuttgart-fairost\/ueber\/produkte\/"]}]},{"@type":"ImageObject","inLanguage":"de","@id":"https:\/\/weltlaeden.de\/stuttgart-fairost\/ueber\/produkte\/#primaryimage","url":"https:\/\/weltlaeden.de\/stuttgart-fairost\/wp-content\/uploads\/sites\/133\/2020\/06\/Produkte-Kaffee.png","contentUrl":"https:\/\/weltlaeden.de\/stuttgart-fairost\/wp-content\/uploads\/sites\/133\/2020\/06\/Produkte-Kaffee.png","width":386,"height":259,"caption":"Kaffee"},{"@type":"BreadcrumbList","@id":"https:\/\/weltlaeden.de\/stuttgart-fairost\/ueber\/produkte\/#breadcrumb","itemListElement":[{"@type":"ListItem","position":1,"name":"Startseite","item":"https:\/\/weltlaeden.de\/stuttgart-fairost\/"},{"@type":"ListItem","position":2,"name":"\u00dcber","item":"https:\/\/weltlaeden.de\/stuttgart-fairost\/ueber\/"},{"@type":"ListItem","position":3,"name":"Produkte"}]},{"@type":"WebSite","@id":"https:\/\/weltlaeden.de\/stuttgart-fairost\/#website","url":"https:\/\/weltlaeden.de\/stuttgart-fairost\/","name":"Vorlage","description":"","potentialAction":[{"@type":"SearchAction","target":{"@type":"EntryPoint","urlTemplate":"https:\/\/weltlaeden.de\/stuttgart-fairost\/?s={search_term_string}"},"query-input":{"@type":"PropertyValueSpecification","valueRequired":true,"valueName":"search_term_string"}}],"inLanguage":"de"}]}},"_links":{"self":[{"href":"https:\/\/weltlaeden.de\/stuttgart-fairost\/wp-json\/wp\/v2\/pages\/217","targetHints":{"allow":["GET"]}}],"collection":[{"href":"https:\/\/weltlaeden.de\/stuttgart-fairost\/wp-json\/wp\/v2\/pages"}],"about":[{"href":"https:\/\/weltlaeden.de\/stuttgart-fairost\/wp-json\/wp\/v2\/types\/page"}],"author":[{"embeddable":true,"href":"https:\/\/weltlaeden.de\/stuttgart-fairost\/wp-json\/wp\/v2\/users\/1"}],"replies":[{"embeddable":true,"href":"https:\/\/weltlaeden.de\/stuttgart-fairost\/wp-json\/wp\/v2\/comments?post=217"}],"version-history":[{"count":30,"href":"https:\/\/weltlaeden.de\/stuttgart-fairost\/wp-json\/wp\/v2\/pages\/217\/revisions"}],"predecessor-version":[{"id":1225,"href":"https:\/\/weltlaeden.de\/stuttgart-fairost\/wp-json\/wp\/v2\/pages\/217\/revisions\/1225"}],"up":[{"embeddable":true,"href":"https:\/\/weltlaeden.de\/stuttgart-fairost\/wp-json\/wp\/v2\/pages\/451"}],"wp:attachment":[{"href":"https:\/\/weltlaeden.de\/stuttgart-fairost\/wp-json\/wp\/v2\/media?parent=217"}],"curies":[{"name":"wp","href":"https:\/\/api.w.org\/{rel}","templated":true}]}}