{"id":1322,"date":"2025-11-05T10:53:03","date_gmt":"2025-11-05T09:53:03","guid":{"rendered":"https:\/\/weltlaeden.de\/stuttgart-fairost\/fairost\/slider\/kerzen\/"},"modified":"2025-11-05T11:29:39","modified_gmt":"2025-11-05T10:29:39","slug":"kerzen","status":"publish","type":"page","link":"https:\/\/weltlaeden.de\/stuttgart-fairost\/fairost\/slider\/kerzen\/","title":{"rendered":"Kerzen &#8211; nachhaltig und fair"},"content":{"rendered":"<p>Vor allem, wenn es drau\u00dfen dunkel wird, bringen Kerzen eine besinnliche Stimmung in die Wohnung. Im Weltladen haben wir eine gro\u00dfe Auswahl von besonderen und fair gehandelten Kerzen.<\/p>\n<p><strong><img loading=\"lazy\" decoding=\"async\" class=\" wp-image-1327 alignleft\" src=\"https:\/\/weltlaeden.de\/stuttgart-fairost\/wp-content\/uploads\/sites\/133\/2025\/11\/Kerzen-bunt-225x300.png\" alt=\"verschiedene Kerzen, auch von Gepa Faire Kerze\" width=\"125\" height=\"166\" srcset=\"https:\/\/weltlaeden.de\/stuttgart-fairost\/wp-content\/uploads\/sites\/133\/2025\/11\/Kerzen-bunt-225x300.png 225w, https:\/\/weltlaeden.de\/stuttgart-fairost\/wp-content\/uploads\/sites\/133\/2025\/11\/Kerzen-bunt.png 400w\" sizes=\"auto, (max-width: 125px) 100vw, 125px\" \/><\/strong><\/p>\n<p>&nbsp;<\/p>\n<p><strong>&#8222;Die Faire Kerze&#8220;<\/strong> von Gepa, in verschiedenen Gr\u00f6\u00dfen, Formen und Farben: Die Kerzen sind aus\u00a0100% pflanzlichem Stearin (Palmwachs) aus nachhaltigem Anbau (RSPO-zertifiziert), handgegossen, durchgef\u00e4rbt und vegan. Sie haben eine geringere Rauchentwicklung als Paraffin-Kerzen und eine l\u00e4ngere Brenndauer. Hergestellt werden sie vor allem von Frauen in Indonesien beim dortigen Partner Wax Industri.<\/p>\n<p>&nbsp;<\/p>\n<p>&nbsp;<\/p>\n<p><strong><img loading=\"lazy\" decoding=\"async\" class=\"wp-image-1328 alignright\" src=\"https:\/\/weltlaeden.de\/stuttgart-fairost\/wp-content\/uploads\/sites\/133\/2025\/11\/Kerzen-Bienenwachs-quer-Slider-300x150.png\" alt=\"Kerzen aus Bienenwachs\" width=\"238\" height=\"119\" srcset=\"https:\/\/weltlaeden.de\/stuttgart-fairost\/wp-content\/uploads\/sites\/133\/2025\/11\/Kerzen-Bienenwachs-quer-Slider-300x150.png 300w, https:\/\/weltlaeden.de\/stuttgart-fairost\/wp-content\/uploads\/sites\/133\/2025\/11\/Kerzen-Bienenwachs-quer-Slider.png 600w\" sizes=\"auto, (max-width: 238px) 100vw, 238px\" \/><\/strong><\/p>\n<p>&nbsp;<\/p>\n<p><strong>Kerzen aus Bienenwachs:<\/strong> Diese Kerzen in verschiedenen Formen (Teelichter, Christbaum-Kerzen, Fidibusse, Stumpenkerzen&#8230;) beziehen wir von &#8222;Lichtermeer&#8220;, die Kerzenmanufaktur der Christopherus Lebens- und Arbeitsgemeinschaft Laufenm\u00fchle e. V. in Welzheim.<\/p>\n<p>&nbsp;<\/p>\n<p><strong><img loading=\"lazy\" decoding=\"async\" class=\"wp-image-1326 alignleft\" src=\"https:\/\/weltlaeden.de\/stuttgart-fairost\/wp-content\/uploads\/sites\/133\/2025\/11\/Kerzen-Adventskalender-300x225.png\" alt=\"Teelicht-Adventskalender\" width=\"168\" height=\"126\" srcset=\"https:\/\/weltlaeden.de\/stuttgart-fairost\/wp-content\/uploads\/sites\/133\/2025\/11\/Kerzen-Adventskalender-300x225.png 300w, https:\/\/weltlaeden.de\/stuttgart-fairost\/wp-content\/uploads\/sites\/133\/2025\/11\/Kerzen-Adventskalender-768x577.png 768w, https:\/\/weltlaeden.de\/stuttgart-fairost\/wp-content\/uploads\/sites\/133\/2025\/11\/Kerzen-Adventskalender.png 800w\" sizes=\"auto, (max-width: 168px) 100vw, 168px\" \/><\/strong><\/p>\n<p>&nbsp;<\/p>\n<p><strong>Teelicht-Adventskalender:<\/strong> Jeden Tag ein neues Teelichtlein anz\u00fcnden und ein kurzes St\u00fcck der Weihnachtsgeschichte dazu lesen &#8211; das ist m\u00f6glich mit diesem sch\u00f6nen Kerzen-Adventskalender. Im Kalender ist auch ein Teelicht-Halter dabei. Der Adventskalender stammt von der Fair-Handels-Organisation Gepa.<\/p>\n<p>&nbsp;<\/p>\n<p>&nbsp;<\/p>\n<p><strong>Engelskerzen:<\/strong> Das Besondere an diesen Kerzen ist, dass sie beim Abbrennen wie ein Engel mit Fl\u00fcgeln aussehen.<\/p>\n<p><strong>Kerzenst\u00e4nder:<\/strong> &#8230; haben wir reichlich im Angebot!<\/p>\n<p>Schauen Sie einfach mal im Laden vorbei &#8211; es gibt noch viele weitere Kerzen.<\/p>\n<p>&nbsp;<\/p>\n<p>&nbsp;<\/p>\n<p>&nbsp;<\/p>\n","protected":false},"excerpt":{"rendered":"<p>Vor allem, wenn es drau\u00dfen dunkel wird, bringen Kerzen eine besinnliche Stimmung in die Wohnung. Im Weltladen haben wir eine gro\u00dfe Auswahl von besonderen und fair gehandelten Kerzen. &nbsp; &#8222;Die Faire Kerze&#8220; von Gepa, in verschiedenen Gr\u00f6\u00dfen, Formen und Farben: Die Kerzen sind aus\u00a0100% pflanzlichem Stearin (Palmwachs) aus nachhaltigem Anbau (RSPO-zertifiziert), handgegossen, durchgef\u00e4rbt und vegan.&hellip;<\/p>\n","protected":false},"author":195,"featured_media":0,"parent":493,"menu_order":17,"comment_status":"closed","ping_status":"closed","template":"","meta":{"footnotes":""},"class_list":["post-1322","page","type-page","status-publish","hentry","description-off"],"yoast_head":"<!-- This site is optimized with the Yoast SEO plugin v26.8 - https:\/\/yoast.com\/product\/yoast-seo-wordpress\/ -->\n<title>Kerzen - nachhaltig und fair - Fairost Stuttgart<\/title>\n<meta name=\"robots\" content=\"index, follow, max-snippet:-1, max-image-preview:large, max-video-preview:-1\" \/>\n<link rel=\"canonical\" href=\"https:\/\/weltlaeden.de\/stuttgart-fairost\/fairost\/slider\/kerzen\/\" \/>\n<meta property=\"og:locale\" content=\"de_DE\" \/>\n<meta property=\"og:type\" content=\"article\" \/>\n<meta property=\"og:title\" content=\"Kerzen - nachhaltig und fair - Fairost Stuttgart\" \/>\n<meta property=\"og:description\" content=\"Vor allem, wenn es drau\u00dfen dunkel wird, bringen Kerzen eine besinnliche Stimmung in die Wohnung. Im Weltladen haben wir eine gro\u00dfe Auswahl von besonderen und fair gehandelten Kerzen. &nbsp; &#8222;Die Faire Kerze&#8220; von Gepa, in verschiedenen Gr\u00f6\u00dfen, Formen und Farben: Die Kerzen sind aus\u00a0100% pflanzlichem Stearin (Palmwachs) aus nachhaltigem Anbau (RSPO-zertifiziert), handgegossen, durchgef\u00e4rbt und vegan.&hellip;\" \/>\n<meta property=\"og:url\" content=\"https:\/\/weltlaeden.de\/stuttgart-fairost\/fairost\/slider\/kerzen\/\" \/>\n<meta property=\"og:site_name\" content=\"Fairost Stuttgart\" \/>\n<meta property=\"article:modified_time\" content=\"2025-11-05T10:29:39+00:00\" \/>\n<meta property=\"og:image\" content=\"https:\/\/weltlaeden.de\/stuttgart-fairost\/wp-content\/uploads\/sites\/133\/2025\/11\/Kerzen-bunt.png\" \/>\n\t<meta property=\"og:image:width\" content=\"400\" \/>\n\t<meta property=\"og:image:height\" content=\"533\" \/>\n\t<meta property=\"og:image:type\" content=\"image\/png\" \/>\n<meta name=\"twitter:card\" content=\"summary_large_image\" \/>\n<meta name=\"twitter:label1\" content=\"Gesch\u00e4tzte Lesezeit\" \/>\n\t<meta name=\"twitter:data1\" content=\"2\u00a0Minuten\" \/>\n<script type=\"application\/ld+json\" class=\"yoast-schema-graph\">{\"@context\":\"https:\/\/schema.org\",\"@graph\":[{\"@type\":\"WebPage\",\"@id\":\"https:\/\/weltlaeden.de\/stuttgart-fairost\/fairost\/slider\/kerzen\/\",\"url\":\"https:\/\/weltlaeden.de\/stuttgart-fairost\/fairost\/slider\/kerzen\/\",\"name\":\"Kerzen - nachhaltig und fair - Fairost Stuttgart\",\"isPartOf\":{\"@id\":\"https:\/\/weltlaeden.de\/stuttgart-fairost\/#website\"},\"primaryImageOfPage\":{\"@id\":\"https:\/\/weltlaeden.de\/stuttgart-fairost\/fairost\/slider\/kerzen\/#primaryimage\"},\"image\":{\"@id\":\"https:\/\/weltlaeden.de\/stuttgart-fairost\/fairost\/slider\/kerzen\/#primaryimage\"},\"thumbnailUrl\":\"https:\/\/weltlaeden.de\/stuttgart-fairost\/wp-content\/uploads\/sites\/133\/2025\/11\/Kerzen-bunt-225x300.png\",\"datePublished\":\"2025-11-05T09:53:03+00:00\",\"dateModified\":\"2025-11-05T10:29:39+00:00\",\"breadcrumb\":{\"@id\":\"https:\/\/weltlaeden.de\/stuttgart-fairost\/fairost\/slider\/kerzen\/#breadcrumb\"},\"inLanguage\":\"de\",\"potentialAction\":[{\"@type\":\"ReadAction\",\"target\":[\"https:\/\/weltlaeden.de\/stuttgart-fairost\/fairost\/slider\/kerzen\/\"]}]},{\"@type\":\"ImageObject\",\"inLanguage\":\"de\",\"@id\":\"https:\/\/weltlaeden.de\/stuttgart-fairost\/fairost\/slider\/kerzen\/#primaryimage\",\"url\":\"https:\/\/weltlaeden.de\/stuttgart-fairost\/wp-content\/uploads\/sites\/133\/2025\/11\/Kerzen-bunt.png\",\"contentUrl\":\"https:\/\/weltlaeden.de\/stuttgart-fairost\/wp-content\/uploads\/sites\/133\/2025\/11\/Kerzen-bunt.png\",\"width\":400,\"height\":533,\"caption\":\"verschiedene Kerzen, auch von Gepa Faire Kerze\"},{\"@type\":\"BreadcrumbList\",\"@id\":\"https:\/\/weltlaeden.de\/stuttgart-fairost\/fairost\/slider\/kerzen\/#breadcrumb\",\"itemListElement\":[{\"@type\":\"ListItem\",\"position\":1,\"name\":\"Startseite\",\"item\":\"https:\/\/weltlaeden.de\/stuttgart-fairost\/\"},{\"@type\":\"ListItem\",\"position\":2,\"name\":\"Startseite\",\"item\":\"https:\/\/weltlaeden.de\/stuttgart-fairost\/\"},{\"@type\":\"ListItem\",\"position\":3,\"name\":\"slider\",\"item\":\"https:\/\/weltlaeden.de\/stuttgart-fairost\/fairost\/slider\/\"},{\"@type\":\"ListItem\",\"position\":4,\"name\":\"Kerzen &#8211; nachhaltig und fair\"}]},{\"@type\":\"WebSite\",\"@id\":\"https:\/\/weltlaeden.de\/stuttgart-fairost\/#website\",\"url\":\"https:\/\/weltlaeden.de\/stuttgart-fairost\/\",\"name\":\"Vorlage\",\"description\":\"\",\"potentialAction\":[{\"@type\":\"SearchAction\",\"target\":{\"@type\":\"EntryPoint\",\"urlTemplate\":\"https:\/\/weltlaeden.de\/stuttgart-fairost\/?s={search_term_string}\"},\"query-input\":{\"@type\":\"PropertyValueSpecification\",\"valueRequired\":true,\"valueName\":\"search_term_string\"}}],\"inLanguage\":\"de\"}]}<\/script>\n<!-- \/ Yoast SEO plugin. -->","yoast_head_json":{"title":"Kerzen - nachhaltig und fair - Fairost Stuttgart","robots":{"index":"index","follow":"follow","max-snippet":"max-snippet:-1","max-image-preview":"max-image-preview:large","max-video-preview":"max-video-preview:-1"},"canonical":"https:\/\/weltlaeden.de\/stuttgart-fairost\/fairost\/slider\/kerzen\/","og_locale":"de_DE","og_type":"article","og_title":"Kerzen - nachhaltig und fair - Fairost Stuttgart","og_description":"Vor allem, wenn es drau\u00dfen dunkel wird, bringen Kerzen eine besinnliche Stimmung in die Wohnung. Im Weltladen haben wir eine gro\u00dfe Auswahl von besonderen und fair gehandelten Kerzen. &nbsp; &#8222;Die Faire Kerze&#8220; von Gepa, in verschiedenen Gr\u00f6\u00dfen, Formen und Farben: Die Kerzen sind aus\u00a0100% pflanzlichem Stearin (Palmwachs) aus nachhaltigem Anbau (RSPO-zertifiziert), handgegossen, durchgef\u00e4rbt und vegan.&hellip;","og_url":"https:\/\/weltlaeden.de\/stuttgart-fairost\/fairost\/slider\/kerzen\/","og_site_name":"Fairost Stuttgart","article_modified_time":"2025-11-05T10:29:39+00:00","og_image":[{"width":400,"height":533,"url":"https:\/\/weltlaeden.de\/stuttgart-fairost\/wp-content\/uploads\/sites\/133\/2025\/11\/Kerzen-bunt.png","type":"image\/png"}],"twitter_card":"summary_large_image","twitter_misc":{"Gesch\u00e4tzte Lesezeit":"2\u00a0Minuten"},"schema":{"@context":"https:\/\/schema.org","@graph":[{"@type":"WebPage","@id":"https:\/\/weltlaeden.de\/stuttgart-fairost\/fairost\/slider\/kerzen\/","url":"https:\/\/weltlaeden.de\/stuttgart-fairost\/fairost\/slider\/kerzen\/","name":"Kerzen - nachhaltig und fair - Fairost Stuttgart","isPartOf":{"@id":"https:\/\/weltlaeden.de\/stuttgart-fairost\/#website"},"primaryImageOfPage":{"@id":"https:\/\/weltlaeden.de\/stuttgart-fairost\/fairost\/slider\/kerzen\/#primaryimage"},"image":{"@id":"https:\/\/weltlaeden.de\/stuttgart-fairost\/fairost\/slider\/kerzen\/#primaryimage"},"thumbnailUrl":"https:\/\/weltlaeden.de\/stuttgart-fairost\/wp-content\/uploads\/sites\/133\/2025\/11\/Kerzen-bunt-225x300.png","datePublished":"2025-11-05T09:53:03+00:00","dateModified":"2025-11-05T10:29:39+00:00","breadcrumb":{"@id":"https:\/\/weltlaeden.de\/stuttgart-fairost\/fairost\/slider\/kerzen\/#breadcrumb"},"inLanguage":"de","potentialAction":[{"@type":"ReadAction","target":["https:\/\/weltlaeden.de\/stuttgart-fairost\/fairost\/slider\/kerzen\/"]}]},{"@type":"ImageObject","inLanguage":"de","@id":"https:\/\/weltlaeden.de\/stuttgart-fairost\/fairost\/slider\/kerzen\/#primaryimage","url":"https:\/\/weltlaeden.de\/stuttgart-fairost\/wp-content\/uploads\/sites\/133\/2025\/11\/Kerzen-bunt.png","contentUrl":"https:\/\/weltlaeden.de\/stuttgart-fairost\/wp-content\/uploads\/sites\/133\/2025\/11\/Kerzen-bunt.png","width":400,"height":533,"caption":"verschiedene Kerzen, auch von Gepa Faire Kerze"},{"@type":"BreadcrumbList","@id":"https:\/\/weltlaeden.de\/stuttgart-fairost\/fairost\/slider\/kerzen\/#breadcrumb","itemListElement":[{"@type":"ListItem","position":1,"name":"Startseite","item":"https:\/\/weltlaeden.de\/stuttgart-fairost\/"},{"@type":"ListItem","position":2,"name":"Startseite","item":"https:\/\/weltlaeden.de\/stuttgart-fairost\/"},{"@type":"ListItem","position":3,"name":"slider","item":"https:\/\/weltlaeden.de\/stuttgart-fairost\/fairost\/slider\/"},{"@type":"ListItem","position":4,"name":"Kerzen &#8211; nachhaltig und fair"}]},{"@type":"WebSite","@id":"https:\/\/weltlaeden.de\/stuttgart-fairost\/#website","url":"https:\/\/weltlaeden.de\/stuttgart-fairost\/","name":"Vorlage","description":"","potentialAction":[{"@type":"SearchAction","target":{"@type":"EntryPoint","urlTemplate":"https:\/\/weltlaeden.de\/stuttgart-fairost\/?s={search_term_string}"},"query-input":{"@type":"PropertyValueSpecification","valueRequired":true,"valueName":"search_term_string"}}],"inLanguage":"de"}]}},"_links":{"self":[{"href":"https:\/\/weltlaeden.de\/stuttgart-fairost\/wp-json\/wp\/v2\/pages\/1322","targetHints":{"allow":["GET"]}}],"collection":[{"href":"https:\/\/weltlaeden.de\/stuttgart-fairost\/wp-json\/wp\/v2\/pages"}],"about":[{"href":"https:\/\/weltlaeden.de\/stuttgart-fairost\/wp-json\/wp\/v2\/types\/page"}],"author":[{"embeddable":true,"href":"https:\/\/weltlaeden.de\/stuttgart-fairost\/wp-json\/wp\/v2\/users\/195"}],"replies":[{"embeddable":true,"href":"https:\/\/weltlaeden.de\/stuttgart-fairost\/wp-json\/wp\/v2\/comments?post=1322"}],"version-history":[{"count":6,"href":"https:\/\/weltlaeden.de\/stuttgart-fairost\/wp-json\/wp\/v2\/pages\/1322\/revisions"}],"predecessor-version":[{"id":1333,"href":"https:\/\/weltlaeden.de\/stuttgart-fairost\/wp-json\/wp\/v2\/pages\/1322\/revisions\/1333"}],"up":[{"embeddable":true,"href":"https:\/\/weltlaeden.de\/stuttgart-fairost\/wp-json\/wp\/v2\/pages\/493"}],"wp:attachment":[{"href":"https:\/\/weltlaeden.de\/stuttgart-fairost\/wp-json\/wp\/v2\/media?parent=1322"}],"curies":[{"name":"wp","href":"https:\/\/api.w.org\/{rel}","templated":true}]}}