{"id":911,"date":"2020-04-30T18:46:41","date_gmt":"2020-04-30T16:46:41","guid":{"rendered":"https:\/\/weltlaeden.de\/stgtbotnang\/?page_id=911"},"modified":"2020-10-23T10:14:59","modified_gmt":"2020-10-23T08:14:59","slug":"der-botnanger-weltladen-ist-25-jahre-alt","status":"publish","type":"page","link":"https:\/\/weltlaeden.de\/stgtbotnang\/der-botnanger-weltladen-ist-25-jahre-alt\/","title":{"rendered":"25 Jahre Weltladen Botnang"},"content":{"rendered":"<div class=\"wpb-content-wrapper\"><p>[vc_row][vc_column][\/vc_column][\/vc_row][vc_row][vc_column]<div class=\"wl_einzelbild\"><p><img loading=\"lazy\" decoding=\"async\" class=\"alignright size-full wp-image-913\" src=\"https:\/\/weltlaeden.de\/stgtbotnang\/wp-content\/uploads\/sites\/42\/2020\/04\/weltladen_jub.jpg\" alt=\"\" width=\"790\" height=\"340\" srcset=\"https:\/\/weltlaeden.de\/stgtbotnang\/wp-content\/uploads\/sites\/42\/2020\/04\/weltladen_jub.jpg 790w, https:\/\/weltlaeden.de\/stgtbotnang\/wp-content\/uploads\/sites\/42\/2020\/04\/weltladen_jub-300x129.jpg 300w, https:\/\/weltlaeden.de\/stgtbotnang\/wp-content\/uploads\/sites\/42\/2020\/04\/weltladen_jub-768x331.jpg 768w, https:\/\/weltlaeden.de\/stgtbotnang\/wp-content\/uploads\/sites\/42\/2020\/04\/weltladen_jub-787x340.jpg 787w\" sizes=\"auto, (max-width: 790px) 100vw, 790px\" \/><\/p><\/div>[vc_empty_space][vc_column_text]<\/p>\n<h1>Die Stadt Stuttgart gratuliert dem Weltladen Botnang zum 25. Geburtstag.<\/h1>\n<p>[\/vc_column_text][vc_empty_space][vc_column_text]<img loading=\"lazy\" decoding=\"async\" class=\"wp-image-1024 alignleft\" src=\"https:\/\/weltlaeden.de\/stgtbotnang\/wp-content\/uploads\/sites\/42\/2020\/09\/Urkunde-DSC_3862.jpeg\" alt=\"\" width=\"387\" height=\"258\" srcset=\"https:\/\/weltlaeden.de\/stgtbotnang\/wp-content\/uploads\/sites\/42\/2020\/09\/Urkunde-DSC_3862.jpeg 1280w, https:\/\/weltlaeden.de\/stgtbotnang\/wp-content\/uploads\/sites\/42\/2020\/09\/Urkunde-DSC_3862-300x200.jpeg 300w, https:\/\/weltlaeden.de\/stgtbotnang\/wp-content\/uploads\/sites\/42\/2020\/09\/Urkunde-DSC_3862-768x512.jpeg 768w, https:\/\/weltlaeden.de\/stgtbotnang\/wp-content\/uploads\/sites\/42\/2020\/09\/Urkunde-DSC_3862-1024x682.jpeg 1024w\" sizes=\"auto, (max-width: 387px) 100vw, 387px\" \/>Am Montag, den 14.09.20 \u00fcberreichte Frau Bezirksvorsteherin Mina Smakaj dem Eine-Welt-Verein Pachamama e.V. zum 25. Jahrestag seiner Gr\u00fcndung eine Urkunde und einen Scheck der Stadt Stuttgart \u00fcber 250.- Euro.<br \/>\nWir freuen uns \u00fcber diese Anerkennung unseres Engagements f\u00fcr den Fairen Handel und bedanken uns herzlich.<br \/>\nAnwesend waren der Vorstand und Frau Ulrike Wolf sowie Herr Tommassi vom Botnanger Anzeiger.[\/vc_column_text][vc_empty_space][vc_separator color=&#8220;orange&#8220;][vc_column_text]Hier eine kurze Chronik:<\/p>\n<div id=\"attachment_939\" style=\"width: 226px\" class=\"wp-caption alignleft\"><img loading=\"lazy\" decoding=\"async\" aria-describedby=\"caption-attachment-939\" class=\"size-medium wp-image-939\" src=\"https:\/\/weltlaeden.de\/stgtbotnang\/wp-content\/uploads\/sites\/42\/2020\/04\/Eppler_Duerr-1-216x300.jpg\" alt=\"\" width=\"216\" height=\"300\" srcset=\"https:\/\/weltlaeden.de\/stgtbotnang\/wp-content\/uploads\/sites\/42\/2020\/04\/Eppler_Duerr-1-216x300.jpg 216w, https:\/\/weltlaeden.de\/stgtbotnang\/wp-content\/uploads\/sites\/42\/2020\/04\/Eppler_Duerr-1.jpg 313w\" sizes=\"auto, (max-width: 216px) 100vw, 216px\" \/><p id=\"caption-attachment-939\" class=\"wp-caption-text\">Erhard Eppler und Gerhard D\u00fcrr vor dem ersten Weltladen<\/p><\/div>\n<p><strong>1993 \u00a0\u00a0<\/strong>Der erste Verkauf von fair gehandeltem Kaffee und Tee wird von Frau Margrit Wahl angesto\u00dfen, die bald Unterst\u00fctzerinnen findet. Zun\u00e4chst wird in der Nikodemus-, dann in der Auferstehungs-kirche nach den Gottesdiensten in unregelm\u00e4\u00dfigen Abst\u00e4nden verkauft.<br \/>\n<strong>1994 \u00a0\u00a0<\/strong>Ab jetzt wird regelm\u00e4\u00dfig einmal w\u00f6chentlich im Clubraum des evangelischen Gemeindezentrums verkauft, es kommen immer mehr Helferinnen dazu.<br \/>\n<strong>1995 \u00a0\u00a0<\/strong>Das Warenangebot wird aufgestockt, es werden Schals, Geschirr, B\u00fccher und vieles mehr angeboten und<br \/>\n<strong>Im Oktober <\/strong>wird der Eine-Welt-Verein Pachamama mit 17 Mitgliedern gegr\u00fcndet. (Pachamama wird von indigenen V\u00f6lkern S\u00fcdamerikas als \u201eMutter Erde\u201c verehrt.)<br \/>\n<strong>Im November<\/strong> \u00f6ffnet der erste kleine Botnanger Weltladen in der Franz-Schubert-Stra\u00dfe 54. Das Sortiment wird um Schmuck, Kunstgegenst\u00e4nde und weitere fair gehandelte Produkte erweitert.<br \/>\n<strong>1996<\/strong> \u00a0\u00a0Im Januar tritt die erste Gesch\u00e4ftsordnung als gemeinschaftlich betriebener Laden mit einem Ladenteam in Kraft, im April folgt die Eintragung des Vereins im Vereinsregister.<\/p>\n<div id=\"attachment_944\" style=\"width: 452px\" class=\"wp-caption alignright\"><img loading=\"lazy\" decoding=\"async\" aria-describedby=\"caption-attachment-944\" class=\" wp-image-944\" src=\"https:\/\/weltlaeden.de\/stgtbotnang\/wp-content\/uploads\/sites\/42\/2020\/04\/eroeffnung_1.jpg\" alt=\"\" width=\"442\" height=\"294\" srcset=\"https:\/\/weltlaeden.de\/stgtbotnang\/wp-content\/uploads\/sites\/42\/2020\/04\/eroeffnung_1.jpg 600w, https:\/\/weltlaeden.de\/stgtbotnang\/wp-content\/uploads\/sites\/42\/2020\/04\/eroeffnung_1-300x200.jpg 300w\" sizes=\"auto, (max-width: 442px) 100vw, 442px\" \/><p id=\"caption-attachment-944\" class=\"wp-caption-text\">Er\u00f6ffnung des Weltladens in der Griegstr. &#8211; vor Corona<\/p><\/div>\n<p><strong>2002\u00a0 <\/strong>\u00a0Der Weltladen braucht mehr Raum, so dass im Juni in den gr\u00f6\u00dferen Laden in der Franz-Schubert-Stra\u00dfe 40 umgezogen wird.<br \/>\n<strong>2018<\/strong> \u00a0\u00a0Verein und Weltladen wachsen immer weiter, deshalb findet im Mai 2018 erneut ein Umzug in den jetzigen Laden in der Griegstra\u00dfe 24 statt.<br \/>\nHeute hat der Verein bereits um die 50 Mitglieder und fast 30 MitarbeiterInnen sind ehrenamtlich f\u00fcr den Weltladen t\u00e4tig.[\/vc_column_text][vc_separator color=&#8220;orange&#8220;][vc_column_text]<\/p>\n<h2 style=\"text-align: center\">Herzlichen Dank!<\/h2>\n<p>[\/vc_column_text][vc_separator color=&#8220;orange&#8220;][vc_column_text]Der Vorstand bedankt sich f\u00fcr diese Erfolgsgeschichte ganz herzlich bei unseren Mitgliedern, unseren ehemaligen und aktuellen MitarbeiterInnen und nat\u00fcrlich bei unseren Kunden und hofft weiterhin auf Zuspruch und Unterst\u00fctzung![\/vc_column_text][vc_separator color=&#8220;orange&#8220;][vc_column_text]<\/p>\n<h2 style=\"text-align: center\">Fair gehandelt schmeckt besser und hilft allen!<\/h2>\n<p>[\/vc_column_text][vc_separator color=&#8220;orange&#8220;][\/vc_column][vc_column][\/vc_column][\/vc_row]<\/p>\n<\/div>","protected":false},"excerpt":{"rendered":"<p>[vc_row][vc_column][\/vc_column][\/vc_row][vc_row][vc_column][vc_empty_space][vc_column_text] Die Stadt Stuttgart gratuliert dem Weltladen Botnang zum 25. Geburtstag. [\/vc_column_text][vc_empty_space][vc_column_text]Am Montag, den 14.09.20 \u00fcberreichte Frau Bezirksvorsteherin Mina Smakaj dem Eine-Welt-Verein Pachamama e.V. zum 25. Jahrestag seiner Gr\u00fcndung eine Urkunde und einen Scheck der Stadt Stuttgart \u00fcber 250.- Euro. Wir freuen uns \u00fcber diese Anerkennung unseres Engagements f\u00fcr den Fairen Handel und bedanken uns&hellip;<\/p>\n","protected":false},"author":67,"featured_media":0,"parent":0,"menu_order":4,"comment_status":"closed","ping_status":"closed","template":"","meta":{"footnotes":""},"class_list":["post-911","page","type-page","status-publish","hentry","description-off"],"yoast_head":"<!-- This site is optimized with the Yoast SEO plugin v26.8 - https:\/\/yoast.com\/product\/yoast-seo-wordpress\/ -->\n<title>25 Jahre Weltladen Botnang - Weltladen Botnang<\/title>\n<meta name=\"robots\" content=\"index, follow, max-snippet:-1, max-image-preview:large, max-video-preview:-1\" \/>\n<link rel=\"canonical\" href=\"https:\/\/weltlaeden.de\/stgtbotnang\/der-botnanger-weltladen-ist-25-jahre-alt\/\" \/>\n<meta property=\"og:locale\" content=\"de_DE\" \/>\n<meta property=\"og:type\" content=\"article\" \/>\n<meta property=\"og:title\" content=\"25 Jahre Weltladen Botnang - Weltladen Botnang\" \/>\n<meta property=\"og:description\" content=\"[vc_row][vc_column][\/vc_column][\/vc_row][vc_row][vc_column][vc_empty_space][vc_column_text] Die Stadt Stuttgart gratuliert dem Weltladen Botnang zum 25. Geburtstag. [\/vc_column_text][vc_empty_space][vc_column_text]Am Montag, den 14.09.20 \u00fcberreichte Frau Bezirksvorsteherin Mina Smakaj dem Eine-Welt-Verein Pachamama e.V. zum 25. Jahrestag seiner Gr\u00fcndung eine Urkunde und einen Scheck der Stadt Stuttgart \u00fcber 250.- Euro. Wir freuen uns \u00fcber diese Anerkennung unseres Engagements f\u00fcr den Fairen Handel und bedanken uns&hellip;\" \/>\n<meta property=\"og:url\" content=\"https:\/\/weltlaeden.de\/stgtbotnang\/der-botnanger-weltladen-ist-25-jahre-alt\/\" \/>\n<meta property=\"og:site_name\" content=\"Weltladen Botnang\" \/>\n<meta property=\"article:modified_time\" content=\"2020-10-23T08:14:59+00:00\" \/>\n<meta property=\"og:image\" content=\"https:\/\/weltlaeden.de\/stgtbotnang\/wp-content\/uploads\/sites\/42\/2020\/04\/weltladen_jub.jpg\" \/>\n<meta name=\"twitter:card\" content=\"summary_large_image\" \/>\n<meta name=\"twitter:label1\" content=\"Gesch\u00e4tzte Lesezeit\" \/>\n\t<meta name=\"twitter:data1\" content=\"2\u00a0Minuten\" \/>\n<script type=\"application\/ld+json\" class=\"yoast-schema-graph\">{\"@context\":\"https:\/\/schema.org\",\"@graph\":[{\"@type\":\"WebPage\",\"@id\":\"https:\/\/weltlaeden.de\/stgtbotnang\/der-botnanger-weltladen-ist-25-jahre-alt\/\",\"url\":\"https:\/\/weltlaeden.de\/stgtbotnang\/der-botnanger-weltladen-ist-25-jahre-alt\/\",\"name\":\"25 Jahre Weltladen Botnang - Weltladen Botnang\",\"isPartOf\":{\"@id\":\"https:\/\/weltlaeden.de\/stgtbotnang\/#website\"},\"primaryImageOfPage\":{\"@id\":\"https:\/\/weltlaeden.de\/stgtbotnang\/der-botnanger-weltladen-ist-25-jahre-alt\/#primaryimage\"},\"image\":{\"@id\":\"https:\/\/weltlaeden.de\/stgtbotnang\/der-botnanger-weltladen-ist-25-jahre-alt\/#primaryimage\"},\"thumbnailUrl\":\"https:\/\/weltlaeden.de\/stgtbotnang\/wp-content\/uploads\/sites\/42\/2020\/04\/weltladen_jub.jpg\",\"datePublished\":\"2020-04-30T16:46:41+00:00\",\"dateModified\":\"2020-10-23T08:14:59+00:00\",\"breadcrumb\":{\"@id\":\"https:\/\/weltlaeden.de\/stgtbotnang\/der-botnanger-weltladen-ist-25-jahre-alt\/#breadcrumb\"},\"inLanguage\":\"de\",\"potentialAction\":[{\"@type\":\"ReadAction\",\"target\":[\"https:\/\/weltlaeden.de\/stgtbotnang\/der-botnanger-weltladen-ist-25-jahre-alt\/\"]}]},{\"@type\":\"ImageObject\",\"inLanguage\":\"de\",\"@id\":\"https:\/\/weltlaeden.de\/stgtbotnang\/der-botnanger-weltladen-ist-25-jahre-alt\/#primaryimage\",\"url\":\"https:\/\/weltlaeden.de\/stgtbotnang\/wp-content\/uploads\/sites\/42\/2020\/04\/weltladen_jub.jpg\",\"contentUrl\":\"https:\/\/weltlaeden.de\/stgtbotnang\/wp-content\/uploads\/sites\/42\/2020\/04\/weltladen_jub.jpg\",\"width\":790,\"height\":340},{\"@type\":\"BreadcrumbList\",\"@id\":\"https:\/\/weltlaeden.de\/stgtbotnang\/der-botnanger-weltladen-ist-25-jahre-alt\/#breadcrumb\",\"itemListElement\":[{\"@type\":\"ListItem\",\"position\":1,\"name\":\"Startseite\",\"item\":\"https:\/\/weltlaeden.de\/stgtbotnang\/\"},{\"@type\":\"ListItem\",\"position\":2,\"name\":\"25 Jahre Weltladen Botnang\"}]},{\"@type\":\"WebSite\",\"@id\":\"https:\/\/weltlaeden.de\/stgtbotnang\/#website\",\"url\":\"https:\/\/weltlaeden.de\/stgtbotnang\/\",\"name\":\"Vorlage\",\"description\":\"Faire Produkte seit 1995\",\"potentialAction\":[{\"@type\":\"SearchAction\",\"target\":{\"@type\":\"EntryPoint\",\"urlTemplate\":\"https:\/\/weltlaeden.de\/stgtbotnang\/?s={search_term_string}\"},\"query-input\":{\"@type\":\"PropertyValueSpecification\",\"valueRequired\":true,\"valueName\":\"search_term_string\"}}],\"inLanguage\":\"de\"}]}<\/script>\n<!-- \/ Yoast SEO plugin. -->","yoast_head_json":{"title":"25 Jahre Weltladen Botnang - Weltladen Botnang","robots":{"index":"index","follow":"follow","max-snippet":"max-snippet:-1","max-image-preview":"max-image-preview:large","max-video-preview":"max-video-preview:-1"},"canonical":"https:\/\/weltlaeden.de\/stgtbotnang\/der-botnanger-weltladen-ist-25-jahre-alt\/","og_locale":"de_DE","og_type":"article","og_title":"25 Jahre Weltladen Botnang - Weltladen Botnang","og_description":"[vc_row][vc_column][\/vc_column][\/vc_row][vc_row][vc_column][vc_empty_space][vc_column_text] Die Stadt Stuttgart gratuliert dem Weltladen Botnang zum 25. Geburtstag. [\/vc_column_text][vc_empty_space][vc_column_text]Am Montag, den 14.09.20 \u00fcberreichte Frau Bezirksvorsteherin Mina Smakaj dem Eine-Welt-Verein Pachamama e.V. zum 25. Jahrestag seiner Gr\u00fcndung eine Urkunde und einen Scheck der Stadt Stuttgart \u00fcber 250.- Euro. Wir freuen uns \u00fcber diese Anerkennung unseres Engagements f\u00fcr den Fairen Handel und bedanken uns&hellip;","og_url":"https:\/\/weltlaeden.de\/stgtbotnang\/der-botnanger-weltladen-ist-25-jahre-alt\/","og_site_name":"Weltladen Botnang","article_modified_time":"2020-10-23T08:14:59+00:00","og_image":[{"url":"https:\/\/weltlaeden.de\/stgtbotnang\/wp-content\/uploads\/sites\/42\/2020\/04\/weltladen_jub.jpg","type":"","width":"","height":""}],"twitter_card":"summary_large_image","twitter_misc":{"Gesch\u00e4tzte Lesezeit":"2\u00a0Minuten"},"schema":{"@context":"https:\/\/schema.org","@graph":[{"@type":"WebPage","@id":"https:\/\/weltlaeden.de\/stgtbotnang\/der-botnanger-weltladen-ist-25-jahre-alt\/","url":"https:\/\/weltlaeden.de\/stgtbotnang\/der-botnanger-weltladen-ist-25-jahre-alt\/","name":"25 Jahre Weltladen Botnang - Weltladen Botnang","isPartOf":{"@id":"https:\/\/weltlaeden.de\/stgtbotnang\/#website"},"primaryImageOfPage":{"@id":"https:\/\/weltlaeden.de\/stgtbotnang\/der-botnanger-weltladen-ist-25-jahre-alt\/#primaryimage"},"image":{"@id":"https:\/\/weltlaeden.de\/stgtbotnang\/der-botnanger-weltladen-ist-25-jahre-alt\/#primaryimage"},"thumbnailUrl":"https:\/\/weltlaeden.de\/stgtbotnang\/wp-content\/uploads\/sites\/42\/2020\/04\/weltladen_jub.jpg","datePublished":"2020-04-30T16:46:41+00:00","dateModified":"2020-10-23T08:14:59+00:00","breadcrumb":{"@id":"https:\/\/weltlaeden.de\/stgtbotnang\/der-botnanger-weltladen-ist-25-jahre-alt\/#breadcrumb"},"inLanguage":"de","potentialAction":[{"@type":"ReadAction","target":["https:\/\/weltlaeden.de\/stgtbotnang\/der-botnanger-weltladen-ist-25-jahre-alt\/"]}]},{"@type":"ImageObject","inLanguage":"de","@id":"https:\/\/weltlaeden.de\/stgtbotnang\/der-botnanger-weltladen-ist-25-jahre-alt\/#primaryimage","url":"https:\/\/weltlaeden.de\/stgtbotnang\/wp-content\/uploads\/sites\/42\/2020\/04\/weltladen_jub.jpg","contentUrl":"https:\/\/weltlaeden.de\/stgtbotnang\/wp-content\/uploads\/sites\/42\/2020\/04\/weltladen_jub.jpg","width":790,"height":340},{"@type":"BreadcrumbList","@id":"https:\/\/weltlaeden.de\/stgtbotnang\/der-botnanger-weltladen-ist-25-jahre-alt\/#breadcrumb","itemListElement":[{"@type":"ListItem","position":1,"name":"Startseite","item":"https:\/\/weltlaeden.de\/stgtbotnang\/"},{"@type":"ListItem","position":2,"name":"25 Jahre Weltladen Botnang"}]},{"@type":"WebSite","@id":"https:\/\/weltlaeden.de\/stgtbotnang\/#website","url":"https:\/\/weltlaeden.de\/stgtbotnang\/","name":"Vorlage","description":"Faire Produkte seit 1995","potentialAction":[{"@type":"SearchAction","target":{"@type":"EntryPoint","urlTemplate":"https:\/\/weltlaeden.de\/stgtbotnang\/?s={search_term_string}"},"query-input":{"@type":"PropertyValueSpecification","valueRequired":true,"valueName":"search_term_string"}}],"inLanguage":"de"}]}},"_links":{"self":[{"href":"https:\/\/weltlaeden.de\/stgtbotnang\/wp-json\/wp\/v2\/pages\/911","targetHints":{"allow":["GET"]}}],"collection":[{"href":"https:\/\/weltlaeden.de\/stgtbotnang\/wp-json\/wp\/v2\/pages"}],"about":[{"href":"https:\/\/weltlaeden.de\/stgtbotnang\/wp-json\/wp\/v2\/types\/page"}],"author":[{"embeddable":true,"href":"https:\/\/weltlaeden.de\/stgtbotnang\/wp-json\/wp\/v2\/users\/67"}],"replies":[{"embeddable":true,"href":"https:\/\/weltlaeden.de\/stgtbotnang\/wp-json\/wp\/v2\/comments?post=911"}],"version-history":[{"count":28,"href":"https:\/\/weltlaeden.de\/stgtbotnang\/wp-json\/wp\/v2\/pages\/911\/revisions"}],"predecessor-version":[{"id":1037,"href":"https:\/\/weltlaeden.de\/stgtbotnang\/wp-json\/wp\/v2\/pages\/911\/revisions\/1037"}],"wp:attachment":[{"href":"https:\/\/weltlaeden.de\/stgtbotnang\/wp-json\/wp\/v2\/media?parent=911"}],"curies":[{"name":"wp","href":"https:\/\/api.w.org\/{rel}","templated":true}]}}