{"id":23,"date":"2016-10-14T09:05:21","date_gmt":"2016-10-14T07:05:21","guid":{"rendered":"https:\/\/wl.heimpixel.de\/vorlage\/termine\/"},"modified":"2020-10-23T10:14:59","modified_gmt":"2020-10-23T08:14:59","slug":"termine","status":"publish","type":"page","link":"https:\/\/weltlaeden.de\/stgtbotnang\/termine\/","title":{"rendered":"Termine"},"content":{"rendered":"<div class=\"wpb-content-wrapper\"><p>[vc_row][vc_column]<div class=\"wl_einzelbild\"><p><img loading=\"lazy\" decoding=\"async\" class=\"aligncenter size-full wp-image-nsm-3-33\" src=\"https:\/\/weltlaeden.de\/stgtbotnang\/wp-content\/uploads\/sites\/3\/2018\/07\/pocket-watch-1637396_1920_pixabay.png\" alt=\"\" width=\"787\" height=\"340\" \/><\/p><\/div>[vc_empty_space height=&#8220;30px&#8220;][vc_column_text]<\/p>\n<h1>Termine<\/h1>\n<h4><\/h4>\n<p>[\/vc_column_text][vc_empty_space height=&#8220;30px&#8220;][\/vc_column][\/vc_row][vc_row][vc_column width=&#8220;2\/3&#8243;][vc_column_text]<\/p>\n<h2>Kommende Termine<\/h2>\n<p>[\/vc_column_text]<ul class=\"termine-page current aktuell\">[vc_empty_space height=&#8220;30px&#8220;][vc_column_text]<\/p>\n<h2>Vergangene Termine<\/h2>\n<p>[\/vc_column_text]<ul class=\"termine-page past vergangen\"><li><h5 class=\"termine-titel\"><a href=\"https:\/\/weltlaeden.de\/stgtbotnang\/termin\/eine-welt-verein-pachamama-e-v-mitgliederversammlung\/\">Eine-Welt-Verein Pachamama e.V. &#8211; Mitgliederversammlung<\/a><\/h5><p class=\"termine-date\">Mi., 05.11.2025, 22:06 bis 17.11.2025, 18:30<\/p><p class=\"termine-auszug\">Liebe Vereinsmitglieder, der Vorstand l\u00e4dt Sie\/Euch herzlich zu unserer Mitgliederversammlung ein. Sie findet statt <p style=\"text-align: center\"><strong>am Montag, den 17. November 2025 um 18:30 Uhr<\/strong> im B\u00fcrgerhaus Botnang, Clubraum II, Griegstr. 18, 70195 Stuttgart<\/p> <strong>Tagesordnung<\/strong> Feststellung der Beschlussf\u00e4higkeit und der Tagesordnung Wahl der Protokollf\u00fchrung Bericht des Vorstands Kassen- und Finanzbericht: Frau Dorothee Krauss, Steuerberaterin Bericht der Kassenpr\u00fcferinnen Aussprache zu Ziffer 3 bis 5 Entlastung des Vorstands und der Kassenpr\u00fcferinnen Wahl der Kassenpr\u00fcferinnen Doris Kohlheim und Christina Wellstein stellen sich zur Wiederwahl Neuwahl des Vorstands Die Amtszeit des bisherigen Vorstands ist abgelaufen. Die Vortandmitglieder Gabriele Ebert, Anke Kohlheim und Helga Urban stellen sich zur Wiederwahl Verschiedenes Wir freuen uns, Sie\/Euch bei der Mitgliederversammlung begr\u00fc\u00dfen zu d\u00fcrfen. Mit freundlichen Gr\u00fc\u00dfen Gabriele Ebert, Anke Kohlheim und Helga Urba<p class=termine-ort\"><small>Ort: <i>B\u00fcrgerhaus Botnang, Clubraum II, Griegstr. 18, 70195 Stuttgart<\/i><\/small><\/p><\/li><li><h5 class=\"termine-titel\"><a href=\"https:\/\/weltlaeden.de\/stgtbotnang\/termin\/fairer-handel-filzproduktion-in-nepal-buergerhaus-grosser-saal\/\">Fairer Handel: Filzproduktion in Nepal &#8211; B\u00fcrgerhaus, gro\u00dfer Saal<\/a><\/h5><p class=\"termine-date\">Mi., 01.10.2025, 17:30<\/p><p class=\"termine-auszug\">Seit 10 Jahren arbeitet J\u00fcrgen Herold im fairen Handel, immer im engen Kontakt mit seinen Handelspartnern in Nepal, Kambodscha und Indien. Sein Unternehmen, Frida Feeling, bietet unter anderem ein breites Filzsortiment aus Nepal: Von klassischen Wohnaccessoires wie Sitzkissen und Untersetzer bis hin zu aufw\u00e4ndig gearbeiteten Deko-Artikeln. In seinem Vortrag stellt er Filzwerkst\u00e4tten aus Nepal vor und berichtet \u00fcber die einzelnen Produktionsschritte und die Arbeitsbedingungen vor Ort. Die wundersch\u00f6nen, farbenfrohen Produkte k\u00f6nnen Sie an diesem Abend direkt erwerben oder danach bei uns im Weltladen.<\/li><li><h5 class=\"termine-titel\"><a href=\"https:\/\/weltlaeden.de\/stgtbotnang\/termin\/faires-fruehstueck-in-der-stadtteilbibliothek-botnang\/\">Faires Fr\u00fchst\u00fcck in der Stadtteilbibliothek Botnang<\/a><\/h5><p class=\"termine-date\">Sa., 27.09.2025, 10:00<\/p><p class=\"termine-auszug\">Wir FAIRw\u00f6hnen Sie mit k\u00f6stlichem Kaffee, aromatischen Tees, erfrischendem Mango-Apfelsaft, herzhaften und s\u00fc\u00dfen Brotaufstrichen und vielen weiteren K\u00f6stlichkeiten zum FAIRkosten. Diese Aktion findet in Kooperation mit der Fairtrade Gruppe Botnang statt.<\/li><\/ul>[\/vc_column][\/vc_row]<\/p>\n<\/div>","protected":false},"excerpt":{"rendered":"<p>[vc_row][vc_column][vc_empty_space height=&#8220;30px&#8220;][vc_column_text] Termine [\/vc_column_text][vc_empty_space height=&#8220;30px&#8220;][\/vc_column][\/vc_row][vc_row][vc_column width=&#8220;2\/3&#8243;][vc_column_text] Kommende Termine [\/vc_column_text][vc_empty_space height=&#8220;30px&#8220;][vc_column_text] Vergangene Termine [\/vc_column_text][\/vc_column][\/vc_row]<\/p>\n","protected":false},"author":1,"featured_media":0,"parent":0,"menu_order":10,"comment_status":"closed","ping_status":"closed","template":"","meta":{"footnotes":""},"class_list":["post-23","page","type-page","status-publish","hentry","description-off"],"yoast_head":"<!-- This site is optimized with the Yoast SEO plugin v26.8 - https:\/\/yoast.com\/product\/yoast-seo-wordpress\/ -->\n<title>Termine - Weltladen Botnang<\/title>\n<meta name=\"robots\" content=\"index, follow, max-snippet:-1, max-image-preview:large, max-video-preview:-1\" \/>\n<link rel=\"canonical\" href=\"https:\/\/weltlaeden.de\/stgtbotnang\/termine\/\" \/>\n<meta property=\"og:locale\" content=\"de_DE\" \/>\n<meta property=\"og:type\" content=\"article\" \/>\n<meta property=\"og:title\" content=\"Termine - Weltladen Botnang\" \/>\n<meta property=\"og:description\" content=\"[vc_row][vc_column][vc_empty_space height=&#8220;30px&#8220;][vc_column_text] Termine [\/vc_column_text][vc_empty_space height=&#8220;30px&#8220;][\/vc_column][\/vc_row][vc_row][vc_column width=&#8220;2\/3&#8243;][vc_column_text] Kommende Termine [\/vc_column_text][vc_empty_space height=&#8220;30px&#8220;][vc_column_text] Vergangene Termine [\/vc_column_text][\/vc_column][\/vc_row]\" \/>\n<meta property=\"og:url\" content=\"https:\/\/weltlaeden.de\/stgtbotnang\/termine\/\" \/>\n<meta property=\"og:site_name\" content=\"Weltladen Botnang\" \/>\n<meta property=\"article:modified_time\" content=\"2020-10-23T08:14:59+00:00\" \/>\n<meta property=\"og:image\" content=\"https:\/\/weltlaeden.de\/stgtbotnang\/wp-content\/uploads\/sites\/3\/2018\/07\/pocket-watch-1637396_1920_pixabay.png\" \/>\n<meta name=\"twitter:card\" content=\"summary_large_image\" \/>\n<script type=\"application\/ld+json\" class=\"yoast-schema-graph\">{\"@context\":\"https:\/\/schema.org\",\"@graph\":[{\"@type\":\"WebPage\",\"@id\":\"https:\/\/weltlaeden.de\/stgtbotnang\/termine\/\",\"url\":\"https:\/\/weltlaeden.de\/stgtbotnang\/termine\/\",\"name\":\"Termine - Weltladen Botnang\",\"isPartOf\":{\"@id\":\"https:\/\/weltlaeden.de\/stgtbotnang\/#website\"},\"primaryImageOfPage\":{\"@id\":\"https:\/\/weltlaeden.de\/stgtbotnang\/termine\/#primaryimage\"},\"image\":{\"@id\":\"https:\/\/weltlaeden.de\/stgtbotnang\/termine\/#primaryimage\"},\"thumbnailUrl\":\"https:\/\/weltlaeden.de\/stgtbotnang\/wp-content\/uploads\/sites\/3\/2018\/07\/pocket-watch-1637396_1920_pixabay.png\",\"datePublished\":\"2016-10-14T07:05:21+00:00\",\"dateModified\":\"2020-10-23T08:14:59+00:00\",\"breadcrumb\":{\"@id\":\"https:\/\/weltlaeden.de\/stgtbotnang\/termine\/#breadcrumb\"},\"inLanguage\":\"de\",\"potentialAction\":[{\"@type\":\"ReadAction\",\"target\":[\"https:\/\/weltlaeden.de\/stgtbotnang\/termine\/\"]}]},{\"@type\":\"ImageObject\",\"inLanguage\":\"de\",\"@id\":\"https:\/\/weltlaeden.de\/stgtbotnang\/termine\/#primaryimage\",\"url\":\"https:\/\/weltlaeden.de\/stgtbotnang\/wp-content\/uploads\/sites\/3\/2018\/07\/pocket-watch-1637396_1920_pixabay.png\",\"contentUrl\":\"https:\/\/weltlaeden.de\/stgtbotnang\/wp-content\/uploads\/sites\/3\/2018\/07\/pocket-watch-1637396_1920_pixabay.png\"},{\"@type\":\"BreadcrumbList\",\"@id\":\"https:\/\/weltlaeden.de\/stgtbotnang\/termine\/#breadcrumb\",\"itemListElement\":[{\"@type\":\"ListItem\",\"position\":1,\"name\":\"Startseite\",\"item\":\"https:\/\/weltlaeden.de\/stgtbotnang\/\"},{\"@type\":\"ListItem\",\"position\":2,\"name\":\"Termine\"}]},{\"@type\":\"WebSite\",\"@id\":\"https:\/\/weltlaeden.de\/stgtbotnang\/#website\",\"url\":\"https:\/\/weltlaeden.de\/stgtbotnang\/\",\"name\":\"Vorlage\",\"description\":\"Faire Produkte seit 1995\",\"potentialAction\":[{\"@type\":\"SearchAction\",\"target\":{\"@type\":\"EntryPoint\",\"urlTemplate\":\"https:\/\/weltlaeden.de\/stgtbotnang\/?s={search_term_string}\"},\"query-input\":{\"@type\":\"PropertyValueSpecification\",\"valueRequired\":true,\"valueName\":\"search_term_string\"}}],\"inLanguage\":\"de\"}]}<\/script>\n<!-- \/ Yoast SEO plugin. -->","yoast_head_json":{"title":"Termine - Weltladen Botnang","robots":{"index":"index","follow":"follow","max-snippet":"max-snippet:-1","max-image-preview":"max-image-preview:large","max-video-preview":"max-video-preview:-1"},"canonical":"https:\/\/weltlaeden.de\/stgtbotnang\/termine\/","og_locale":"de_DE","og_type":"article","og_title":"Termine - Weltladen Botnang","og_description":"[vc_row][vc_column][vc_empty_space height=&#8220;30px&#8220;][vc_column_text] Termine [\/vc_column_text][vc_empty_space height=&#8220;30px&#8220;][\/vc_column][\/vc_row][vc_row][vc_column width=&#8220;2\/3&#8243;][vc_column_text] Kommende Termine [\/vc_column_text][vc_empty_space height=&#8220;30px&#8220;][vc_column_text] Vergangene Termine [\/vc_column_text][\/vc_column][\/vc_row]","og_url":"https:\/\/weltlaeden.de\/stgtbotnang\/termine\/","og_site_name":"Weltladen Botnang","article_modified_time":"2020-10-23T08:14:59+00:00","og_image":[{"url":"https:\/\/weltlaeden.de\/stgtbotnang\/wp-content\/uploads\/sites\/3\/2018\/07\/pocket-watch-1637396_1920_pixabay.png","type":"","width":"","height":""}],"twitter_card":"summary_large_image","schema":{"@context":"https:\/\/schema.org","@graph":[{"@type":"WebPage","@id":"https:\/\/weltlaeden.de\/stgtbotnang\/termine\/","url":"https:\/\/weltlaeden.de\/stgtbotnang\/termine\/","name":"Termine - Weltladen Botnang","isPartOf":{"@id":"https:\/\/weltlaeden.de\/stgtbotnang\/#website"},"primaryImageOfPage":{"@id":"https:\/\/weltlaeden.de\/stgtbotnang\/termine\/#primaryimage"},"image":{"@id":"https:\/\/weltlaeden.de\/stgtbotnang\/termine\/#primaryimage"},"thumbnailUrl":"https:\/\/weltlaeden.de\/stgtbotnang\/wp-content\/uploads\/sites\/3\/2018\/07\/pocket-watch-1637396_1920_pixabay.png","datePublished":"2016-10-14T07:05:21+00:00","dateModified":"2020-10-23T08:14:59+00:00","breadcrumb":{"@id":"https:\/\/weltlaeden.de\/stgtbotnang\/termine\/#breadcrumb"},"inLanguage":"de","potentialAction":[{"@type":"ReadAction","target":["https:\/\/weltlaeden.de\/stgtbotnang\/termine\/"]}]},{"@type":"ImageObject","inLanguage":"de","@id":"https:\/\/weltlaeden.de\/stgtbotnang\/termine\/#primaryimage","url":"https:\/\/weltlaeden.de\/stgtbotnang\/wp-content\/uploads\/sites\/3\/2018\/07\/pocket-watch-1637396_1920_pixabay.png","contentUrl":"https:\/\/weltlaeden.de\/stgtbotnang\/wp-content\/uploads\/sites\/3\/2018\/07\/pocket-watch-1637396_1920_pixabay.png"},{"@type":"BreadcrumbList","@id":"https:\/\/weltlaeden.de\/stgtbotnang\/termine\/#breadcrumb","itemListElement":[{"@type":"ListItem","position":1,"name":"Startseite","item":"https:\/\/weltlaeden.de\/stgtbotnang\/"},{"@type":"ListItem","position":2,"name":"Termine"}]},{"@type":"WebSite","@id":"https:\/\/weltlaeden.de\/stgtbotnang\/#website","url":"https:\/\/weltlaeden.de\/stgtbotnang\/","name":"Vorlage","description":"Faire Produkte seit 1995","potentialAction":[{"@type":"SearchAction","target":{"@type":"EntryPoint","urlTemplate":"https:\/\/weltlaeden.de\/stgtbotnang\/?s={search_term_string}"},"query-input":{"@type":"PropertyValueSpecification","valueRequired":true,"valueName":"search_term_string"}}],"inLanguage":"de"}]}},"_links":{"self":[{"href":"https:\/\/weltlaeden.de\/stgtbotnang\/wp-json\/wp\/v2\/pages\/23","targetHints":{"allow":["GET"]}}],"collection":[{"href":"https:\/\/weltlaeden.de\/stgtbotnang\/wp-json\/wp\/v2\/pages"}],"about":[{"href":"https:\/\/weltlaeden.de\/stgtbotnang\/wp-json\/wp\/v2\/types\/page"}],"author":[{"embeddable":true,"href":"https:\/\/weltlaeden.de\/stgtbotnang\/wp-json\/wp\/v2\/users\/1"}],"replies":[{"embeddable":true,"href":"https:\/\/weltlaeden.de\/stgtbotnang\/wp-json\/wp\/v2\/comments?post=23"}],"version-history":[{"count":16,"href":"https:\/\/weltlaeden.de\/stgtbotnang\/wp-json\/wp\/v2\/pages\/23\/revisions"}],"predecessor-version":[{"id":569,"href":"https:\/\/weltlaeden.de\/stgtbotnang\/wp-json\/wp\/v2\/pages\/23\/revisions\/569"}],"wp:attachment":[{"href":"https:\/\/weltlaeden.de\/stgtbotnang\/wp-json\/wp\/v2\/media?parent=23"}],"curies":[{"name":"wp","href":"https:\/\/api.w.org\/{rel}","templated":true}]}}