{"id":219,"date":"2016-10-28T13:34:47","date_gmt":"2016-10-28T11:34:47","guid":{"rendered":"https:\/\/wl.heimpixel.de\/vorlage\/ueber-uns\/"},"modified":"2025-09-04T21:02:37","modified_gmt":"2025-09-04T19:02:37","slug":"ueber-uns","status":"publish","type":"page","link":"https:\/\/weltlaeden.de\/stgtbotnang\/ueber-uns\/","title":{"rendered":"\u00dcber uns"},"content":{"rendered":"<div class=\"wpb-content-wrapper\"><p>[vc_row][vc_column]<div class=\"wl_einzelbild\"><p><img loading=\"lazy\" decoding=\"async\" class=\"wp-image-1763 size-full aligncenter\" src=\"https:\/\/weltlaeden.de\/stgtbotnang\/wp-content\/uploads\/sites\/42\/2025\/09\/20250708_WLB_Gruppe_klein.jpg\" alt=\"\" width=\"600\" height=\"450\" srcset=\"https:\/\/weltlaeden.de\/stgtbotnang\/wp-content\/uploads\/sites\/42\/2025\/09\/20250708_WLB_Gruppe_klein.jpg 600w, https:\/\/weltlaeden.de\/stgtbotnang\/wp-content\/uploads\/sites\/42\/2025\/09\/20250708_WLB_Gruppe_klein-300x225.jpg 300w\" sizes=\"auto, (max-width: 600px) 100vw, 600px\" \/><\/p><\/div>[vc_empty_space][vc_column_text]<\/p>\n<h1>\u00dcber uns<\/h1>\n<p>[\/vc_column_text][vc_column_text]<\/p>\n<p class=\"Textbody\">Wir sind eine buntgemischte Gruppe entwicklungspolitisch interessierter Menschen, die sich f\u00fcr einen gerechteren weltweiten Handel einsetzen. In unserem Weltladen verkaufen wir deshalb fair gehandelte Produkte aus aller Welt.<\/p>\n<p class=\"Textbody\">Au\u00dferdem informieren wir \u00fcber die Ungerechtigkeiten im globalen Warenverkehr; wir zeigen, inwiefern der Faire Handel eine gerechtere Alternative darstellt und wir fordern die Politik auf, entsprechend t\u00e4tig zu werden. Dazu organisieren wir Vortr\u00e4ge und Veranstaltungen und beteiligen uns an Kampagnen wie z.B. am Weltladentag im Mai oder bei der Fairen Woche im September. Nat\u00fcrlich arbeiten wir in der Fairtrade-Steuerungsgruppe Botnang mit und sind au\u00dferdem Paten der beiden Botnanger Fairtrade-Schulen.<\/p>\n<p class=\"Textbody\">Tr\u00e4ger des Weltladens Botnang ist der Eine-Welt-Verein Pachamama e.V., der 1995 gegr\u00fcndet wurde.<\/p>\n<p>[\/vc_column_text][\/vc_column][\/vc_row][vc_row][vc_column][vc_empty_space][vc_column_text]<\/p>\n<h1>Weltladenteam &#8211; Mitmachen im Weltladen Botnang<\/h1>\n<p>[\/vc_column_text][vc_column_text]<\/p>\n<p class=\"Textbody\">Unser Weltladen lebt vom ehrenamtlichen Engagement von \u00fcber 20 Helferinnen und Helfern, die sich alle auf ihre Weise und mit ihren zeitlichen M\u00f6glichkeiten in unsere Arbeit einbringen.<\/p>\n<p>Wenn auch Sie Interesse am fairen Handel und entwicklungspolitischen Themen haben,<br \/>\nwenn Sie Lust auf unsere Produkte und am Einkauf und Dekoration haben,<br \/>\nwenn Sie gerne im Gespr\u00e4ch mit Kunden sind,<br \/>\nwenn Sie also gerne bei uns mitmachen m\u00f6chten, so freuen wir uns jederzeit \u00fcber Ihre Mithilfe.<\/p>\n<p>Es erwartet Sie eine anregende und herzliche Atmosph\u00e4re.<\/p>\n<p>Kommen Sie einfach bei uns im Laden vorbei und sprechen uns an oder setzen Sie sich mit uns telefonisch oder per Mail in Verbindung.<\/p>\n<p><strong>Wir freuen uns auf Sie!<\/strong><\/p>\n<p>Telefon: 0711\/692407; E-Mail: <a href=\"mailto:weltladenbotnang@t-online.de\" target=\"_blank\" rel=\"noopener\">weltladenbotnang@t-online.de<\/a>[\/vc_column_text][\/vc_column][\/vc_row][vc_row][vc_column][vc_empty_space][vc_column_text]<\/p>\n<h1>Verein und Vorstand<\/h1>\n<p>[\/vc_column_text][vc_column_text]Der Eine-Welt-Verein Pachamama e.V. wurde 1995 gegr\u00fcndet und ist der Tr\u00e4ger des Weltladens Botnang. Sein Zweck ist es, alternative Handlungsm\u00f6glichkeiten aufzuzeigen, Partnerschaften f\u00fcr nachhaltige Entwicklung aufzubauen und damit einen Beitrag f\u00fcr eine gerechtere Welt ohne Hunger und Armut zu leisten. Dazu betreiben wir unseren Weltladen und unterst\u00fctzen verschiedene Entwicklungsprojekte.<\/p>\n<p>Dem gesch\u00e4ftsf\u00fchrenden <strong>Vorstand <\/strong>geh\u00f6ren zur Zeit Gabriele Ebert, Anke Kohlheim und Helga Urban an.<\/p>\n<p>Sie k\u00f6nnen uns durch Ihre Mitarbeit, eine Mitgliedschaft oder Spenden unterst\u00fctzen. Der Mitgliedsbeitrag betr\u00e4gt 20 Euro im Jahr.<\/p>\n<p><strong>Neue Vereinsmitglieder sind herzlich willkommen!<\/strong><\/p>\n<p>Wir sind vom Finanzamt als gemeinn\u00fctzig anerkannt und stellen Spendenquittungen aus.<\/p>\n<p>Vereinskonto:<\/p>\n<p>Baden-W\u00fcrttembergische Bank<\/p>\n<p>IBAN: DE 09 60050101 0004084273<\/p>\n<p>BIC: SOLADEST600[\/vc_column_text][\/vc_column][\/vc_row]<\/p>\n<\/div>","protected":false},"excerpt":{"rendered":"<p>[vc_row][vc_column][vc_empty_space][vc_column_text] \u00dcber uns [\/vc_column_text][vc_column_text] Wir sind eine buntgemischte Gruppe entwicklungspolitisch interessierter Menschen, die sich f\u00fcr einen gerechteren weltweiten Handel einsetzen. In unserem Weltladen verkaufen wir deshalb fair gehandelte Produkte aus aller Welt. Au\u00dferdem informieren wir \u00fcber die Ungerechtigkeiten im globalen Warenverkehr; wir zeigen, inwiefern der Faire Handel eine gerechtere Alternative darstellt und wir fordern die&hellip;<\/p>\n","protected":false},"author":1,"featured_media":1763,"parent":0,"menu_order":8,"comment_status":"closed","ping_status":"closed","template":"","meta":{"footnotes":""},"class_list":["post-219","page","type-page","status-publish","has-post-thumbnail","hentry","description-off"],"yoast_head":"<!-- This site is optimized with the Yoast SEO plugin v26.8 - https:\/\/yoast.com\/product\/yoast-seo-wordpress\/ -->\n<title>\u00dcber uns - Weltladen Botnang<\/title>\n<meta name=\"robots\" content=\"index, follow, max-snippet:-1, max-image-preview:large, max-video-preview:-1\" \/>\n<link rel=\"canonical\" href=\"https:\/\/weltlaeden.de\/stgtbotnang\/ueber-uns\/\" \/>\n<meta property=\"og:locale\" content=\"de_DE\" \/>\n<meta property=\"og:type\" content=\"article\" \/>\n<meta property=\"og:title\" content=\"\u00dcber uns - Weltladen Botnang\" \/>\n<meta property=\"og:description\" content=\"[vc_row][vc_column][vc_empty_space][vc_column_text] \u00dcber uns [\/vc_column_text][vc_column_text] Wir sind eine buntgemischte Gruppe entwicklungspolitisch interessierter Menschen, die sich f\u00fcr einen gerechteren weltweiten Handel einsetzen. In unserem Weltladen verkaufen wir deshalb fair gehandelte Produkte aus aller Welt. Au\u00dferdem informieren wir \u00fcber die Ungerechtigkeiten im globalen Warenverkehr; wir zeigen, inwiefern der Faire Handel eine gerechtere Alternative darstellt und wir fordern die&hellip;\" \/>\n<meta property=\"og:url\" content=\"https:\/\/weltlaeden.de\/stgtbotnang\/ueber-uns\/\" \/>\n<meta property=\"og:site_name\" content=\"Weltladen Botnang\" \/>\n<meta property=\"article:modified_time\" content=\"2025-09-04T19:02:37+00:00\" \/>\n<meta property=\"og:image\" content=\"https:\/\/weltlaeden.de\/stgtbotnang\/wp-content\/uploads\/sites\/42\/2025\/09\/20250708_WLB_Gruppe_klein.jpg\" \/>\n\t<meta property=\"og:image:width\" content=\"600\" \/>\n\t<meta property=\"og:image:height\" content=\"450\" \/>\n\t<meta property=\"og:image:type\" content=\"image\/jpeg\" \/>\n<meta name=\"twitter:card\" content=\"summary_large_image\" \/>\n<meta name=\"twitter:label1\" content=\"Gesch\u00e4tzte Lesezeit\" \/>\n\t<meta name=\"twitter:data1\" content=\"3\u00a0Minuten\" \/>\n<script type=\"application\/ld+json\" class=\"yoast-schema-graph\">{\"@context\":\"https:\/\/schema.org\",\"@graph\":[{\"@type\":\"WebPage\",\"@id\":\"https:\/\/weltlaeden.de\/stgtbotnang\/ueber-uns\/\",\"url\":\"https:\/\/weltlaeden.de\/stgtbotnang\/ueber-uns\/\",\"name\":\"\u00dcber uns - Weltladen Botnang\",\"isPartOf\":{\"@id\":\"https:\/\/weltlaeden.de\/stgtbotnang\/#website\"},\"primaryImageOfPage\":{\"@id\":\"https:\/\/weltlaeden.de\/stgtbotnang\/ueber-uns\/#primaryimage\"},\"image\":{\"@id\":\"https:\/\/weltlaeden.de\/stgtbotnang\/ueber-uns\/#primaryimage\"},\"thumbnailUrl\":\"https:\/\/weltlaeden.de\/stgtbotnang\/wp-content\/uploads\/sites\/42\/2025\/09\/20250708_WLB_Gruppe_klein.jpg\",\"datePublished\":\"2016-10-28T11:34:47+00:00\",\"dateModified\":\"2025-09-04T19:02:37+00:00\",\"breadcrumb\":{\"@id\":\"https:\/\/weltlaeden.de\/stgtbotnang\/ueber-uns\/#breadcrumb\"},\"inLanguage\":\"de\",\"potentialAction\":[{\"@type\":\"ReadAction\",\"target\":[\"https:\/\/weltlaeden.de\/stgtbotnang\/ueber-uns\/\"]}]},{\"@type\":\"ImageObject\",\"inLanguage\":\"de\",\"@id\":\"https:\/\/weltlaeden.de\/stgtbotnang\/ueber-uns\/#primaryimage\",\"url\":\"https:\/\/weltlaeden.de\/stgtbotnang\/wp-content\/uploads\/sites\/42\/2025\/09\/20250708_WLB_Gruppe_klein.jpg\",\"contentUrl\":\"https:\/\/weltlaeden.de\/stgtbotnang\/wp-content\/uploads\/sites\/42\/2025\/09\/20250708_WLB_Gruppe_klein.jpg\",\"width\":600,\"height\":450},{\"@type\":\"BreadcrumbList\",\"@id\":\"https:\/\/weltlaeden.de\/stgtbotnang\/ueber-uns\/#breadcrumb\",\"itemListElement\":[{\"@type\":\"ListItem\",\"position\":1,\"name\":\"Startseite\",\"item\":\"https:\/\/weltlaeden.de\/stgtbotnang\/\"},{\"@type\":\"ListItem\",\"position\":2,\"name\":\"\u00dcber uns\"}]},{\"@type\":\"WebSite\",\"@id\":\"https:\/\/weltlaeden.de\/stgtbotnang\/#website\",\"url\":\"https:\/\/weltlaeden.de\/stgtbotnang\/\",\"name\":\"Vorlage\",\"description\":\"Faire Produkte seit 1995\",\"potentialAction\":[{\"@type\":\"SearchAction\",\"target\":{\"@type\":\"EntryPoint\",\"urlTemplate\":\"https:\/\/weltlaeden.de\/stgtbotnang\/?s={search_term_string}\"},\"query-input\":{\"@type\":\"PropertyValueSpecification\",\"valueRequired\":true,\"valueName\":\"search_term_string\"}}],\"inLanguage\":\"de\"}]}<\/script>\n<!-- \/ Yoast SEO plugin. -->","yoast_head_json":{"title":"\u00dcber uns - Weltladen Botnang","robots":{"index":"index","follow":"follow","max-snippet":"max-snippet:-1","max-image-preview":"max-image-preview:large","max-video-preview":"max-video-preview:-1"},"canonical":"https:\/\/weltlaeden.de\/stgtbotnang\/ueber-uns\/","og_locale":"de_DE","og_type":"article","og_title":"\u00dcber uns - Weltladen Botnang","og_description":"[vc_row][vc_column][vc_empty_space][vc_column_text] \u00dcber uns [\/vc_column_text][vc_column_text] Wir sind eine buntgemischte Gruppe entwicklungspolitisch interessierter Menschen, die sich f\u00fcr einen gerechteren weltweiten Handel einsetzen. In unserem Weltladen verkaufen wir deshalb fair gehandelte Produkte aus aller Welt. Au\u00dferdem informieren wir \u00fcber die Ungerechtigkeiten im globalen Warenverkehr; wir zeigen, inwiefern der Faire Handel eine gerechtere Alternative darstellt und wir fordern die&hellip;","og_url":"https:\/\/weltlaeden.de\/stgtbotnang\/ueber-uns\/","og_site_name":"Weltladen Botnang","article_modified_time":"2025-09-04T19:02:37+00:00","og_image":[{"width":600,"height":450,"url":"https:\/\/weltlaeden.de\/stgtbotnang\/wp-content\/uploads\/sites\/42\/2025\/09\/20250708_WLB_Gruppe_klein.jpg","type":"image\/jpeg"}],"twitter_card":"summary_large_image","twitter_misc":{"Gesch\u00e4tzte Lesezeit":"3\u00a0Minuten"},"schema":{"@context":"https:\/\/schema.org","@graph":[{"@type":"WebPage","@id":"https:\/\/weltlaeden.de\/stgtbotnang\/ueber-uns\/","url":"https:\/\/weltlaeden.de\/stgtbotnang\/ueber-uns\/","name":"\u00dcber uns - Weltladen Botnang","isPartOf":{"@id":"https:\/\/weltlaeden.de\/stgtbotnang\/#website"},"primaryImageOfPage":{"@id":"https:\/\/weltlaeden.de\/stgtbotnang\/ueber-uns\/#primaryimage"},"image":{"@id":"https:\/\/weltlaeden.de\/stgtbotnang\/ueber-uns\/#primaryimage"},"thumbnailUrl":"https:\/\/weltlaeden.de\/stgtbotnang\/wp-content\/uploads\/sites\/42\/2025\/09\/20250708_WLB_Gruppe_klein.jpg","datePublished":"2016-10-28T11:34:47+00:00","dateModified":"2025-09-04T19:02:37+00:00","breadcrumb":{"@id":"https:\/\/weltlaeden.de\/stgtbotnang\/ueber-uns\/#breadcrumb"},"inLanguage":"de","potentialAction":[{"@type":"ReadAction","target":["https:\/\/weltlaeden.de\/stgtbotnang\/ueber-uns\/"]}]},{"@type":"ImageObject","inLanguage":"de","@id":"https:\/\/weltlaeden.de\/stgtbotnang\/ueber-uns\/#primaryimage","url":"https:\/\/weltlaeden.de\/stgtbotnang\/wp-content\/uploads\/sites\/42\/2025\/09\/20250708_WLB_Gruppe_klein.jpg","contentUrl":"https:\/\/weltlaeden.de\/stgtbotnang\/wp-content\/uploads\/sites\/42\/2025\/09\/20250708_WLB_Gruppe_klein.jpg","width":600,"height":450},{"@type":"BreadcrumbList","@id":"https:\/\/weltlaeden.de\/stgtbotnang\/ueber-uns\/#breadcrumb","itemListElement":[{"@type":"ListItem","position":1,"name":"Startseite","item":"https:\/\/weltlaeden.de\/stgtbotnang\/"},{"@type":"ListItem","position":2,"name":"\u00dcber uns"}]},{"@type":"WebSite","@id":"https:\/\/weltlaeden.de\/stgtbotnang\/#website","url":"https:\/\/weltlaeden.de\/stgtbotnang\/","name":"Vorlage","description":"Faire Produkte seit 1995","potentialAction":[{"@type":"SearchAction","target":{"@type":"EntryPoint","urlTemplate":"https:\/\/weltlaeden.de\/stgtbotnang\/?s={search_term_string}"},"query-input":{"@type":"PropertyValueSpecification","valueRequired":true,"valueName":"search_term_string"}}],"inLanguage":"de"}]}},"_links":{"self":[{"href":"https:\/\/weltlaeden.de\/stgtbotnang\/wp-json\/wp\/v2\/pages\/219","targetHints":{"allow":["GET"]}}],"collection":[{"href":"https:\/\/weltlaeden.de\/stgtbotnang\/wp-json\/wp\/v2\/pages"}],"about":[{"href":"https:\/\/weltlaeden.de\/stgtbotnang\/wp-json\/wp\/v2\/types\/page"}],"author":[{"embeddable":true,"href":"https:\/\/weltlaeden.de\/stgtbotnang\/wp-json\/wp\/v2\/users\/1"}],"replies":[{"embeddable":true,"href":"https:\/\/weltlaeden.de\/stgtbotnang\/wp-json\/wp\/v2\/comments?post=219"}],"version-history":[{"count":20,"href":"https:\/\/weltlaeden.de\/stgtbotnang\/wp-json\/wp\/v2\/pages\/219\/revisions"}],"predecessor-version":[{"id":1764,"href":"https:\/\/weltlaeden.de\/stgtbotnang\/wp-json\/wp\/v2\/pages\/219\/revisions\/1764"}],"wp:featuredmedia":[{"embeddable":true,"href":"https:\/\/weltlaeden.de\/stgtbotnang\/wp-json\/wp\/v2\/media\/1763"}],"wp:attachment":[{"href":"https:\/\/weltlaeden.de\/stgtbotnang\/wp-json\/wp\/v2\/media?parent=219"}],"curies":[{"name":"wp","href":"https:\/\/api.w.org\/{rel}","templated":true}]}}