{"id":217,"date":"2016-10-28T13:34:47","date_gmt":"2016-10-28T11:34:47","guid":{"rendered":"https:\/\/wl.heimpixel.de\/vorlage\/produkte\/"},"modified":"2024-07-30T14:10:17","modified_gmt":"2024-07-30T12:10:17","slug":"produkte","status":"publish","type":"page","link":"https:\/\/weltlaeden.de\/stgtbotnang\/produkte\/","title":{"rendered":"Produkte"},"content":{"rendered":"<div class=\"wpb-content-wrapper\"><p>[vc_row][vc_column]<div class=\"wl_einzelbild\"><p><\/p><\/div>[vc_empty_space][vc_column_text]<\/p>\n<h1>Unser Sortiment<\/h1>\n<p>[\/vc_column_text][vc_column_text]<\/p>\n<h2>&#8222;Fair&#8220; &#8211; w\u00f6hnen Sie sich &#8230; und andere!<\/h2>\n<p>Sie finden bei uns eine bunte Vielfalt an\u00a0ausgew\u00e4hlten Produkten, aus aller Welt. die von zertifizierten Weltladen-Lieferanten stammen oder das Fairtrade-Siegel haben.<strong>\u00a0<\/strong>Dies garantiert Kleinbauernfamilien, lohnabh\u00e4ngigen Besch\u00e4ftigen auf Plantagen, Blumenfarmen oder Teeg\u00e4rten existenzsichernde Preise und bessere Arbeitsbedingungen. Zur Zeit k\u00f6nnen dadurch ca. 6 Millionen Menschen in eine selbstbestimmte Zukunft blicken.<\/p>\n<p>Unser breit gef\u00e4chertes Sortiment bietet von Feinkost bis Kunsthandwerk eine bunte Vielfalt aus aller Welt.[\/vc_column_text][vc_empty_space][vc_row_inner][vc_column_inner width=&#8220;1\/2&#8243;][vc_column_text]<\/p>\n<h2>Lebensmittel<\/h2>\n<p>[\/vc_column_text]<div class=\"wl_einzelbild\"><p><img loading=\"lazy\" decoding=\"async\" class=\"alignnone size-full wp-image-559\" src=\"https:\/\/weltlaeden.de\/stgtbotnang\/wp-content\/uploads\/sites\/42\/2019\/01\/lebensmittel12.jpg\" alt=\"\" width=\"386\" height=\"259\" srcset=\"https:\/\/weltlaeden.de\/stgtbotnang\/wp-content\/uploads\/sites\/42\/2019\/01\/lebensmittel12.jpg 386w, https:\/\/weltlaeden.de\/stgtbotnang\/wp-content\/uploads\/sites\/42\/2019\/01\/lebensmittel12-300x201.jpg 300w\" sizes=\"auto, (max-width: 386px) 100vw, 386px\" \/><\/p><\/div>[vc_column_text]Bananen, Reis, Quinoa, Bohnen, Linsen, Zucker, Nudeln, Brotaufstriche, Honig, Gew\u00fcrze, Chutneys, Kokosmilch, &#8230;[\/vc_column_text][\/vc_column_inner][vc_column_inner width=&#8220;1\/2&#8243;][vc_column_text]<\/p>\n<h2>Getr\u00e4nke<\/h2>\n<p>[\/vc_column_text]<div class=\"wl_einzelbild\"><p><img loading=\"lazy\" decoding=\"async\" class=\"alignnone size-full wp-image-579\" src=\"https:\/\/weltlaeden.de\/stgtbotnang\/wp-content\/uploads\/sites\/42\/2016\/10\/getr\u00e4nke11.jpg\" alt=\"\" width=\"386\" height=\"259\" srcset=\"https:\/\/weltlaeden.de\/stgtbotnang\/wp-content\/uploads\/sites\/42\/2016\/10\/getr\u00e4nke11.jpg 386w, https:\/\/weltlaeden.de\/stgtbotnang\/wp-content\/uploads\/sites\/42\/2016\/10\/getr\u00e4nke11-300x201.jpg 300w\" sizes=\"auto, (max-width: 386px) 100vw, 386px\" \/><\/p><\/div>[vc_column_text css=&#8220;&#8220;]Kaffee, Tee, Kakao, S\u00e4fte, Wein, Limonade, &#8230;[\/vc_column_text][\/vc_column_inner][\/vc_row_inner][vc_row_inner][vc_column_inner width=&#8220;1\/2&#8243;][vc_column_text]<\/p>\n<h2>Schokolade und Naschereien<\/h2>\n<p>[\/vc_column_text]<div class=\"wl_einzelbild\"><p><img loading=\"lazy\" decoding=\"async\" class=\"alignnone size-full wp-image-580\" src=\"https:\/\/weltlaeden.de\/stgtbotnang\/wp-content\/uploads\/sites\/42\/2016\/10\/s\u00fcssigkeiten11.jpg\" alt=\"\" width=\"389\" height=\"259\" srcset=\"https:\/\/weltlaeden.de\/stgtbotnang\/wp-content\/uploads\/sites\/42\/2016\/10\/s\u00fcssigkeiten11.jpg 389w, https:\/\/weltlaeden.de\/stgtbotnang\/wp-content\/uploads\/sites\/42\/2016\/10\/s\u00fcssigkeiten11-300x200.jpg 300w\" sizes=\"auto, (max-width: 389px) 100vw, 389px\" \/><\/p><\/div>[vc_column_text]Schokolade, Tr\u00fcffel,\u00a0Schokokugeln, Trockenfr\u00fcchte, Bonbons, Kekse, N\u00fcsse, Fruchtgummis, Riegel, Kaugummi, &#8230;[\/vc_column_text][\/vc_column_inner][vc_column_inner width=&#8220;1\/2&#8243;][vc_column_text]<\/p>\n<h2>Mode und Accessoires<\/h2>\n<p>[\/vc_column_text]<div class=\"wl_einzelbild\"><p><img loading=\"lazy\" decoding=\"async\" class=\"alignnone size-full wp-image-784\" src=\"https:\/\/weltlaeden.de\/stgtbotnang\/wp-content\/uploads\/sites\/42\/2019\/09\/schals_neu.jpg\" alt=\"\" width=\"386\" height=\"259\" srcset=\"https:\/\/weltlaeden.de\/stgtbotnang\/wp-content\/uploads\/sites\/42\/2019\/09\/schals_neu.jpg 386w, https:\/\/weltlaeden.de\/stgtbotnang\/wp-content\/uploads\/sites\/42\/2019\/09\/schals_neu-300x201.jpg 300w\" sizes=\"auto, (max-width: 386px) 100vw, 386px\" \/><\/p><\/div>[vc_column_text]Schals und T\u00fccher, Schmuck, T-Shirts, Taschen, K\u00f6rbe, Etuis, Geldbeutel, &#8230;[\/vc_column_text][\/vc_column_inner][\/vc_row_inner][vc_row_inner][vc_column_inner width=&#8220;1\/2&#8243;][vc_column_text]<\/p>\n<h2>Kunsthandwerk und Schmuck<\/h2>\n<p>[\/vc_column_text]<div class=\"wl_einzelbild\"><p><img loading=\"lazy\" decoding=\"async\" class=\"alignnone size-full wp-image-581\" src=\"https:\/\/weltlaeden.de\/stgtbotnang\/wp-content\/uploads\/sites\/42\/2016\/10\/schmuck11.jpg\" alt=\"\" width=\"386\" height=\"259\" srcset=\"https:\/\/weltlaeden.de\/stgtbotnang\/wp-content\/uploads\/sites\/42\/2016\/10\/schmuck11.jpg 386w, https:\/\/weltlaeden.de\/stgtbotnang\/wp-content\/uploads\/sites\/42\/2016\/10\/schmuck11-300x201.jpg 300w\" sizes=\"auto, (max-width: 386px) 100vw, 386px\" \/><\/p><\/div>[vc_column_text]Klangschalen, Specksteinfiguren, Halsketten, Armb\u00e4nder, Ohrringe und Ringe aus Silber und anderen Materialien, &#8230;[\/vc_column_text][\/vc_column_inner][vc_column_inner width=&#8220;1\/2&#8243;][vc_column_text]<\/p>\n<h2>Wohnen und Wellness<\/h2>\n<p>[\/vc_column_text]<div class=\"wl_einzelbild\"><p><img loading=\"lazy\" decoding=\"async\" class=\"alignnone size-full wp-image-786\" src=\"https:\/\/weltlaeden.de\/stgtbotnang\/wp-content\/uploads\/sites\/42\/2019\/09\/wellness2.jpg\" alt=\"\" width=\"386\" height=\"259\" srcset=\"https:\/\/weltlaeden.de\/stgtbotnang\/wp-content\/uploads\/sites\/42\/2019\/09\/wellness2.jpg 386w, https:\/\/weltlaeden.de\/stgtbotnang\/wp-content\/uploads\/sites\/42\/2019\/09\/wellness2-300x201.jpg 300w\" sizes=\"auto, (max-width: 386px) 100vw, 386px\" \/><\/p><\/div>[vc_column_text]Geschirr, Papierwaren, Kerzen, Seifen, Decken, Handt\u00fccher, Papeterie, Spielsachen, Fu\u00dfb\u00e4lle, &#8230;[\/vc_column_text][\/vc_column_inner][\/vc_row_inner][\/vc_column][\/vc_row][vc_row][vc_column][vc_column_text]Kommen Sie doch einfach vorbei, trinken Sie einen Kaffee oder Cappuccino und schauen Sie sich unverbindlich um![\/vc_column_text][\/vc_column][\/vc_row]<\/p>\n<\/div>","protected":false},"excerpt":{"rendered":"<p>[vc_row][vc_column][vc_empty_space][vc_column_text] Unser Sortiment [\/vc_column_text][vc_column_text] &#8222;Fair&#8220; &#8211; w\u00f6hnen Sie sich &#8230; und andere! Sie finden bei uns eine bunte Vielfalt an\u00a0ausgew\u00e4hlten Produkten, aus aller Welt. die von zertifizierten Weltladen-Lieferanten stammen oder das Fairtrade-Siegel haben.\u00a0Dies garantiert Kleinbauernfamilien, lohnabh\u00e4ngigen Besch\u00e4ftigen auf Plantagen, Blumenfarmen oder Teeg\u00e4rten existenzsichernde Preise und bessere Arbeitsbedingungen. Zur Zeit k\u00f6nnen dadurch ca. 6 Millionen Menschen&hellip;<\/p>\n","protected":false},"author":1,"featured_media":0,"parent":0,"menu_order":6,"comment_status":"closed","ping_status":"closed","template":"","meta":{"footnotes":""},"class_list":["post-217","page","type-page","status-publish","hentry","description-off"],"yoast_head":"<!-- This site is optimized with the Yoast SEO plugin v26.8 - https:\/\/yoast.com\/product\/yoast-seo-wordpress\/ -->\n<title>Produkte - Weltladen Botnang<\/title>\n<meta name=\"robots\" content=\"index, follow, max-snippet:-1, max-image-preview:large, max-video-preview:-1\" \/>\n<link rel=\"canonical\" href=\"https:\/\/weltlaeden.de\/stgtbotnang\/produkte\/\" \/>\n<meta property=\"og:locale\" content=\"de_DE\" \/>\n<meta property=\"og:type\" content=\"article\" \/>\n<meta property=\"og:title\" content=\"Produkte - Weltladen Botnang\" \/>\n<meta property=\"og:description\" content=\"[vc_row][vc_column][vc_empty_space][vc_column_text] Unser Sortiment [\/vc_column_text][vc_column_text] &#8222;Fair&#8220; &#8211; w\u00f6hnen Sie sich &#8230; und andere! Sie finden bei uns eine bunte Vielfalt an\u00a0ausgew\u00e4hlten Produkten, aus aller Welt. die von zertifizierten Weltladen-Lieferanten stammen oder das Fairtrade-Siegel haben.\u00a0Dies garantiert Kleinbauernfamilien, lohnabh\u00e4ngigen Besch\u00e4ftigen auf Plantagen, Blumenfarmen oder Teeg\u00e4rten existenzsichernde Preise und bessere Arbeitsbedingungen. Zur Zeit k\u00f6nnen dadurch ca. 6 Millionen Menschen&hellip;\" \/>\n<meta property=\"og:url\" content=\"https:\/\/weltlaeden.de\/stgtbotnang\/produkte\/\" \/>\n<meta property=\"og:site_name\" content=\"Weltladen Botnang\" \/>\n<meta property=\"article:modified_time\" content=\"2024-07-30T12:10:17+00:00\" \/>\n<meta property=\"og:image\" content=\"https:\/\/weltlaeden.de\/stgtbotnang\/wp-content\/uploads\/sites\/42\/2019\/01\/lebensmittel12.jpg\" \/>\n<meta name=\"twitter:card\" content=\"summary_large_image\" \/>\n<meta name=\"twitter:label1\" content=\"Gesch\u00e4tzte Lesezeit\" \/>\n\t<meta name=\"twitter:data1\" content=\"3\u00a0Minuten\" \/>\n<script type=\"application\/ld+json\" class=\"yoast-schema-graph\">{\"@context\":\"https:\/\/schema.org\",\"@graph\":[{\"@type\":\"WebPage\",\"@id\":\"https:\/\/weltlaeden.de\/stgtbotnang\/produkte\/\",\"url\":\"https:\/\/weltlaeden.de\/stgtbotnang\/produkte\/\",\"name\":\"Produkte - Weltladen Botnang\",\"isPartOf\":{\"@id\":\"https:\/\/weltlaeden.de\/stgtbotnang\/#website\"},\"primaryImageOfPage\":{\"@id\":\"https:\/\/weltlaeden.de\/stgtbotnang\/produkte\/#primaryimage\"},\"image\":{\"@id\":\"https:\/\/weltlaeden.de\/stgtbotnang\/produkte\/#primaryimage\"},\"thumbnailUrl\":\"https:\/\/weltlaeden.de\/stgtbotnang\/wp-content\/uploads\/sites\/42\/2019\/01\/lebensmittel12.jpg\",\"datePublished\":\"2016-10-28T11:34:47+00:00\",\"dateModified\":\"2024-07-30T12:10:17+00:00\",\"breadcrumb\":{\"@id\":\"https:\/\/weltlaeden.de\/stgtbotnang\/produkte\/#breadcrumb\"},\"inLanguage\":\"de\",\"potentialAction\":[{\"@type\":\"ReadAction\",\"target\":[\"https:\/\/weltlaeden.de\/stgtbotnang\/produkte\/\"]}]},{\"@type\":\"ImageObject\",\"inLanguage\":\"de\",\"@id\":\"https:\/\/weltlaeden.de\/stgtbotnang\/produkte\/#primaryimage\",\"url\":\"https:\/\/weltlaeden.de\/stgtbotnang\/wp-content\/uploads\/sites\/42\/2019\/01\/lebensmittel12.jpg\",\"contentUrl\":\"https:\/\/weltlaeden.de\/stgtbotnang\/wp-content\/uploads\/sites\/42\/2019\/01\/lebensmittel12.jpg\",\"width\":386,\"height\":259},{\"@type\":\"BreadcrumbList\",\"@id\":\"https:\/\/weltlaeden.de\/stgtbotnang\/produkte\/#breadcrumb\",\"itemListElement\":[{\"@type\":\"ListItem\",\"position\":1,\"name\":\"Startseite\",\"item\":\"https:\/\/weltlaeden.de\/stgtbotnang\/\"},{\"@type\":\"ListItem\",\"position\":2,\"name\":\"Produkte\"}]},{\"@type\":\"WebSite\",\"@id\":\"https:\/\/weltlaeden.de\/stgtbotnang\/#website\",\"url\":\"https:\/\/weltlaeden.de\/stgtbotnang\/\",\"name\":\"Vorlage\",\"description\":\"Faire Produkte seit 1995\",\"potentialAction\":[{\"@type\":\"SearchAction\",\"target\":{\"@type\":\"EntryPoint\",\"urlTemplate\":\"https:\/\/weltlaeden.de\/stgtbotnang\/?s={search_term_string}\"},\"query-input\":{\"@type\":\"PropertyValueSpecification\",\"valueRequired\":true,\"valueName\":\"search_term_string\"}}],\"inLanguage\":\"de\"}]}<\/script>\n<!-- \/ Yoast SEO plugin. -->","yoast_head_json":{"title":"Produkte - Weltladen Botnang","robots":{"index":"index","follow":"follow","max-snippet":"max-snippet:-1","max-image-preview":"max-image-preview:large","max-video-preview":"max-video-preview:-1"},"canonical":"https:\/\/weltlaeden.de\/stgtbotnang\/produkte\/","og_locale":"de_DE","og_type":"article","og_title":"Produkte - Weltladen Botnang","og_description":"[vc_row][vc_column][vc_empty_space][vc_column_text] Unser Sortiment [\/vc_column_text][vc_column_text] &#8222;Fair&#8220; &#8211; w\u00f6hnen Sie sich &#8230; und andere! Sie finden bei uns eine bunte Vielfalt an\u00a0ausgew\u00e4hlten Produkten, aus aller Welt. die von zertifizierten Weltladen-Lieferanten stammen oder das Fairtrade-Siegel haben.\u00a0Dies garantiert Kleinbauernfamilien, lohnabh\u00e4ngigen Besch\u00e4ftigen auf Plantagen, Blumenfarmen oder Teeg\u00e4rten existenzsichernde Preise und bessere Arbeitsbedingungen. Zur Zeit k\u00f6nnen dadurch ca. 6 Millionen Menschen&hellip;","og_url":"https:\/\/weltlaeden.de\/stgtbotnang\/produkte\/","og_site_name":"Weltladen Botnang","article_modified_time":"2024-07-30T12:10:17+00:00","og_image":[{"url":"https:\/\/weltlaeden.de\/stgtbotnang\/wp-content\/uploads\/sites\/42\/2019\/01\/lebensmittel12.jpg","type":"","width":"","height":""}],"twitter_card":"summary_large_image","twitter_misc":{"Gesch\u00e4tzte Lesezeit":"3\u00a0Minuten"},"schema":{"@context":"https:\/\/schema.org","@graph":[{"@type":"WebPage","@id":"https:\/\/weltlaeden.de\/stgtbotnang\/produkte\/","url":"https:\/\/weltlaeden.de\/stgtbotnang\/produkte\/","name":"Produkte - Weltladen Botnang","isPartOf":{"@id":"https:\/\/weltlaeden.de\/stgtbotnang\/#website"},"primaryImageOfPage":{"@id":"https:\/\/weltlaeden.de\/stgtbotnang\/produkte\/#primaryimage"},"image":{"@id":"https:\/\/weltlaeden.de\/stgtbotnang\/produkte\/#primaryimage"},"thumbnailUrl":"https:\/\/weltlaeden.de\/stgtbotnang\/wp-content\/uploads\/sites\/42\/2019\/01\/lebensmittel12.jpg","datePublished":"2016-10-28T11:34:47+00:00","dateModified":"2024-07-30T12:10:17+00:00","breadcrumb":{"@id":"https:\/\/weltlaeden.de\/stgtbotnang\/produkte\/#breadcrumb"},"inLanguage":"de","potentialAction":[{"@type":"ReadAction","target":["https:\/\/weltlaeden.de\/stgtbotnang\/produkte\/"]}]},{"@type":"ImageObject","inLanguage":"de","@id":"https:\/\/weltlaeden.de\/stgtbotnang\/produkte\/#primaryimage","url":"https:\/\/weltlaeden.de\/stgtbotnang\/wp-content\/uploads\/sites\/42\/2019\/01\/lebensmittel12.jpg","contentUrl":"https:\/\/weltlaeden.de\/stgtbotnang\/wp-content\/uploads\/sites\/42\/2019\/01\/lebensmittel12.jpg","width":386,"height":259},{"@type":"BreadcrumbList","@id":"https:\/\/weltlaeden.de\/stgtbotnang\/produkte\/#breadcrumb","itemListElement":[{"@type":"ListItem","position":1,"name":"Startseite","item":"https:\/\/weltlaeden.de\/stgtbotnang\/"},{"@type":"ListItem","position":2,"name":"Produkte"}]},{"@type":"WebSite","@id":"https:\/\/weltlaeden.de\/stgtbotnang\/#website","url":"https:\/\/weltlaeden.de\/stgtbotnang\/","name":"Vorlage","description":"Faire Produkte seit 1995","potentialAction":[{"@type":"SearchAction","target":{"@type":"EntryPoint","urlTemplate":"https:\/\/weltlaeden.de\/stgtbotnang\/?s={search_term_string}"},"query-input":{"@type":"PropertyValueSpecification","valueRequired":true,"valueName":"search_term_string"}}],"inLanguage":"de"}]}},"_links":{"self":[{"href":"https:\/\/weltlaeden.de\/stgtbotnang\/wp-json\/wp\/v2\/pages\/217","targetHints":{"allow":["GET"]}}],"collection":[{"href":"https:\/\/weltlaeden.de\/stgtbotnang\/wp-json\/wp\/v2\/pages"}],"about":[{"href":"https:\/\/weltlaeden.de\/stgtbotnang\/wp-json\/wp\/v2\/types\/page"}],"author":[{"embeddable":true,"href":"https:\/\/weltlaeden.de\/stgtbotnang\/wp-json\/wp\/v2\/users\/1"}],"replies":[{"embeddable":true,"href":"https:\/\/weltlaeden.de\/stgtbotnang\/wp-json\/wp\/v2\/comments?post=217"}],"version-history":[{"count":20,"href":"https:\/\/weltlaeden.de\/stgtbotnang\/wp-json\/wp\/v2\/pages\/217\/revisions"}],"predecessor-version":[{"id":1711,"href":"https:\/\/weltlaeden.de\/stgtbotnang\/wp-json\/wp\/v2\/pages\/217\/revisions\/1711"}],"wp:attachment":[{"href":"https:\/\/weltlaeden.de\/stgtbotnang\/wp-json\/wp\/v2\/media?parent=217"}],"curies":[{"name":"wp","href":"https:\/\/api.w.org\/{rel}","templated":true}]}}