{"id":1050,"date":"2020-10-16T18:27:26","date_gmt":"2020-10-16T16:27:26","guid":{"rendered":"https:\/\/weltlaeden.de\/stgtbotnang\/?page_id=1050"},"modified":"2020-10-23T10:14:59","modified_gmt":"2020-10-23T08:14:59","slug":"fairschenken","status":"publish","type":"page","link":"https:\/\/weltlaeden.de\/stgtbotnang\/fairschenken\/","title":{"rendered":"Fair Schenken"},"content":{"rendered":"<div class=\"wpb-content-wrapper\"><p>[vc_row][vc_column]<div class=\"wl_einzelbild\"><p><img loading=\"lazy\" decoding=\"async\" class=\"alignright size-full wp-image-1051\" src=\"https:\/\/weltlaeden.de\/stgtbotnang\/wp-content\/uploads\/sites\/42\/2020\/10\/korbges.jpg\" alt=\"\" width=\"780\" height=\"340\" srcset=\"https:\/\/weltlaeden.de\/stgtbotnang\/wp-content\/uploads\/sites\/42\/2020\/10\/korbges.jpg 780w, https:\/\/weltlaeden.de\/stgtbotnang\/wp-content\/uploads\/sites\/42\/2020\/10\/korbges-300x131.jpg 300w, https:\/\/weltlaeden.de\/stgtbotnang\/wp-content\/uploads\/sites\/42\/2020\/10\/korbges-768x335.jpg 768w\" sizes=\"auto, (max-width: 780px) 100vw, 780px\" \/><\/p><\/div>[vc_empty_space][vc_column_text]<\/p>\n<h2>Ein Angebot f\u00fcr Firmen, Vereine, Kirchengemeinden, aber auch Privatpersonen<\/h2>\n<p>[\/vc_column_text][vc_column_text]Sie suchen f\u00fcr Ihre Mitarbeitende, Freunde oder Bekannte oder die Familie ein Geschenk f\u00fcr Weihnachten oder einen anderen Anlass? Dann ist der Weltladen f\u00fcr Sie die richtige Adresse. Im Weltladen finden Sie viele Dinge zum Genie\u00dfen, aber auch praktische und dekorative Artikel.[\/vc_column_text][\/vc_column][\/vc_row][vc_row][vc_column][vc_separator color=&#8220;orange&#8220;][vc_empty_space][vc_column_text]<\/p>\n<h2>Wir sind Ihnen gerne behilflich<\/h2>\n<p>Es gibt es n\u00e4mlich auch noch die M\u00f6glichkeit, sich einen Geschenkkorb nach eigenen W\u00fcnschen zusammenzustellen oder zusammenstellen zu lassen.<\/p>\n<p>Das kann ein Unikat sein oder f\u00fcr mehrere liebe Menschen gleich aussehen. Denn Sie k\u00f6nnen auch Geschenkk\u00f6rbe f\u00fcr Mitarbeitende, Gesch\u00e4ftspartner*innen oder Vereinsmitglieder bestellen. Das Ladenteam im Botnanger Weltladen hilft gerne bei der Auswahl. Von A wie Ananas \u00fcber K wie Kaffee bis Z wie Zimtstangen gibt es viele M\u00f6glichkeiten der Arrangements.<\/p>\n<p>Wenn Sie sich nur schwer oder gar nicht f\u00fcr eine Auswahl entscheiden k\u00f6nnen, w\u00e4re vielleicht ein Gutschein f\u00fcr den Weltladen eine L\u00f6sung.[\/vc_column_text][\/vc_column][\/vc_row][vc_row][vc_column][vc_separator color=&#8220;orange&#8220;][vc_empty_space][vc_column_text]<\/p>\n<h2>Fair Schenken macht doppelt Freude.<\/h2>\n<p>Anderen Menschen eine Freude machen \u2013 das ist die Grundidee des Schenkens. Umso sinnerf\u00fcllter sind Geschenke aus dem Fairem Handel, die nicht nur dem Beschenkten Freude machen, sondern auch den Produzent*innen im globalen S\u00fcden. Diesen erm\u00f6glichen Sie mit Ihrem Einkauf im Weltladen aus eigener Kraft ihre Existenz zu sichern.<\/p>\n<p>Wir hoffen, Ihr Interesse geweckt zu haben, und dass Sie f\u00fcr die Weihnachtszeit vielleicht auch an \u201efaire\u201c Geschenke denken. Es w\u00fcrde uns freuen, wenn Sie unverbindlich mit uns Kontakt aufnehmen. Gerne k\u00f6nnen Sie auch unseren Lieferservice in Anspruch nehmen.[\/vc_column_text][vc_separator color=&#8220;orange&#8220;][\/vc_column][\/vc_row]<\/p>\n<\/div>","protected":false},"excerpt":{"rendered":"<p>[vc_row][vc_column][vc_empty_space][vc_column_text] Ein Angebot f\u00fcr Firmen, Vereine, Kirchengemeinden, aber auch Privatpersonen [\/vc_column_text][vc_column_text]Sie suchen f\u00fcr Ihre Mitarbeitende, Freunde oder Bekannte oder die Familie ein Geschenk f\u00fcr Weihnachten oder einen anderen Anlass? Dann ist der Weltladen f\u00fcr Sie die richtige Adresse. Im Weltladen finden Sie viele Dinge zum Genie\u00dfen, aber auch praktische und dekorative Artikel.[\/vc_column_text][\/vc_column][\/vc_row][vc_row][vc_column][vc_separator color=&#8220;orange&#8220;][vc_empty_space][vc_column_text] Wir sind&hellip;<\/p>\n","protected":false},"author":67,"featured_media":1051,"parent":0,"menu_order":9,"comment_status":"closed","ping_status":"closed","template":"","meta":{"footnotes":""},"class_list":["post-1050","page","type-page","status-publish","has-post-thumbnail","hentry","description-off"],"yoast_head":"<!-- This site is optimized with the Yoast SEO plugin v26.8 - https:\/\/yoast.com\/product\/yoast-seo-wordpress\/ -->\n<title>Fair Schenken - Weltladen Botnang<\/title>\n<meta name=\"robots\" content=\"index, follow, max-snippet:-1, max-image-preview:large, max-video-preview:-1\" \/>\n<link rel=\"canonical\" href=\"https:\/\/weltlaeden.de\/stgtbotnang\/fairschenken\/\" \/>\n<meta property=\"og:locale\" content=\"de_DE\" \/>\n<meta property=\"og:type\" content=\"article\" \/>\n<meta property=\"og:title\" content=\"Fair Schenken - Weltladen Botnang\" \/>\n<meta property=\"og:description\" content=\"[vc_row][vc_column][vc_empty_space][vc_column_text] Ein Angebot f\u00fcr Firmen, Vereine, Kirchengemeinden, aber auch Privatpersonen [\/vc_column_text][vc_column_text]Sie suchen f\u00fcr Ihre Mitarbeitende, Freunde oder Bekannte oder die Familie ein Geschenk f\u00fcr Weihnachten oder einen anderen Anlass? Dann ist der Weltladen f\u00fcr Sie die richtige Adresse. Im Weltladen finden Sie viele Dinge zum Genie\u00dfen, aber auch praktische und dekorative Artikel.[\/vc_column_text][\/vc_column][\/vc_row][vc_row][vc_column][vc_separator color=&#8220;orange&#8220;][vc_empty_space][vc_column_text] Wir sind&hellip;\" \/>\n<meta property=\"og:url\" content=\"https:\/\/weltlaeden.de\/stgtbotnang\/fairschenken\/\" \/>\n<meta property=\"og:site_name\" content=\"Weltladen Botnang\" \/>\n<meta property=\"article:modified_time\" content=\"2020-10-23T08:14:59+00:00\" \/>\n<meta property=\"og:image\" content=\"https:\/\/weltlaeden.de\/stgtbotnang\/wp-content\/uploads\/sites\/42\/2020\/10\/korbges.jpg\" \/>\n\t<meta property=\"og:image:width\" content=\"780\" \/>\n\t<meta property=\"og:image:height\" content=\"340\" \/>\n\t<meta property=\"og:image:type\" content=\"image\/jpeg\" \/>\n<meta name=\"twitter:card\" content=\"summary_large_image\" \/>\n<meta name=\"twitter:label1\" content=\"Gesch\u00e4tzte Lesezeit\" \/>\n\t<meta name=\"twitter:data1\" content=\"2\u00a0Minuten\" \/>\n<script type=\"application\/ld+json\" class=\"yoast-schema-graph\">{\"@context\":\"https:\/\/schema.org\",\"@graph\":[{\"@type\":\"WebPage\",\"@id\":\"https:\/\/weltlaeden.de\/stgtbotnang\/fairschenken\/\",\"url\":\"https:\/\/weltlaeden.de\/stgtbotnang\/fairschenken\/\",\"name\":\"Fair Schenken - Weltladen Botnang\",\"isPartOf\":{\"@id\":\"https:\/\/weltlaeden.de\/stgtbotnang\/#website\"},\"primaryImageOfPage\":{\"@id\":\"https:\/\/weltlaeden.de\/stgtbotnang\/fairschenken\/#primaryimage\"},\"image\":{\"@id\":\"https:\/\/weltlaeden.de\/stgtbotnang\/fairschenken\/#primaryimage\"},\"thumbnailUrl\":\"https:\/\/weltlaeden.de\/stgtbotnang\/wp-content\/uploads\/sites\/42\/2020\/10\/korbges.jpg\",\"datePublished\":\"2020-10-16T16:27:26+00:00\",\"dateModified\":\"2020-10-23T08:14:59+00:00\",\"breadcrumb\":{\"@id\":\"https:\/\/weltlaeden.de\/stgtbotnang\/fairschenken\/#breadcrumb\"},\"inLanguage\":\"de\",\"potentialAction\":[{\"@type\":\"ReadAction\",\"target\":[\"https:\/\/weltlaeden.de\/stgtbotnang\/fairschenken\/\"]}]},{\"@type\":\"ImageObject\",\"inLanguage\":\"de\",\"@id\":\"https:\/\/weltlaeden.de\/stgtbotnang\/fairschenken\/#primaryimage\",\"url\":\"https:\/\/weltlaeden.de\/stgtbotnang\/wp-content\/uploads\/sites\/42\/2020\/10\/korbges.jpg\",\"contentUrl\":\"https:\/\/weltlaeden.de\/stgtbotnang\/wp-content\/uploads\/sites\/42\/2020\/10\/korbges.jpg\",\"width\":780,\"height\":340},{\"@type\":\"BreadcrumbList\",\"@id\":\"https:\/\/weltlaeden.de\/stgtbotnang\/fairschenken\/#breadcrumb\",\"itemListElement\":[{\"@type\":\"ListItem\",\"position\":1,\"name\":\"Startseite\",\"item\":\"https:\/\/weltlaeden.de\/stgtbotnang\/\"},{\"@type\":\"ListItem\",\"position\":2,\"name\":\"Fair Schenken\"}]},{\"@type\":\"WebSite\",\"@id\":\"https:\/\/weltlaeden.de\/stgtbotnang\/#website\",\"url\":\"https:\/\/weltlaeden.de\/stgtbotnang\/\",\"name\":\"Vorlage\",\"description\":\"Faire Produkte seit 1995\",\"potentialAction\":[{\"@type\":\"SearchAction\",\"target\":{\"@type\":\"EntryPoint\",\"urlTemplate\":\"https:\/\/weltlaeden.de\/stgtbotnang\/?s={search_term_string}\"},\"query-input\":{\"@type\":\"PropertyValueSpecification\",\"valueRequired\":true,\"valueName\":\"search_term_string\"}}],\"inLanguage\":\"de\"}]}<\/script>\n<!-- \/ Yoast SEO plugin. -->","yoast_head_json":{"title":"Fair Schenken - Weltladen Botnang","robots":{"index":"index","follow":"follow","max-snippet":"max-snippet:-1","max-image-preview":"max-image-preview:large","max-video-preview":"max-video-preview:-1"},"canonical":"https:\/\/weltlaeden.de\/stgtbotnang\/fairschenken\/","og_locale":"de_DE","og_type":"article","og_title":"Fair Schenken - Weltladen Botnang","og_description":"[vc_row][vc_column][vc_empty_space][vc_column_text] Ein Angebot f\u00fcr Firmen, Vereine, Kirchengemeinden, aber auch Privatpersonen [\/vc_column_text][vc_column_text]Sie suchen f\u00fcr Ihre Mitarbeitende, Freunde oder Bekannte oder die Familie ein Geschenk f\u00fcr Weihnachten oder einen anderen Anlass? Dann ist der Weltladen f\u00fcr Sie die richtige Adresse. Im Weltladen finden Sie viele Dinge zum Genie\u00dfen, aber auch praktische und dekorative Artikel.[\/vc_column_text][\/vc_column][\/vc_row][vc_row][vc_column][vc_separator color=&#8220;orange&#8220;][vc_empty_space][vc_column_text] Wir sind&hellip;","og_url":"https:\/\/weltlaeden.de\/stgtbotnang\/fairschenken\/","og_site_name":"Weltladen Botnang","article_modified_time":"2020-10-23T08:14:59+00:00","og_image":[{"width":780,"height":340,"url":"https:\/\/weltlaeden.de\/stgtbotnang\/wp-content\/uploads\/sites\/42\/2020\/10\/korbges.jpg","type":"image\/jpeg"}],"twitter_card":"summary_large_image","twitter_misc":{"Gesch\u00e4tzte Lesezeit":"2\u00a0Minuten"},"schema":{"@context":"https:\/\/schema.org","@graph":[{"@type":"WebPage","@id":"https:\/\/weltlaeden.de\/stgtbotnang\/fairschenken\/","url":"https:\/\/weltlaeden.de\/stgtbotnang\/fairschenken\/","name":"Fair Schenken - Weltladen Botnang","isPartOf":{"@id":"https:\/\/weltlaeden.de\/stgtbotnang\/#website"},"primaryImageOfPage":{"@id":"https:\/\/weltlaeden.de\/stgtbotnang\/fairschenken\/#primaryimage"},"image":{"@id":"https:\/\/weltlaeden.de\/stgtbotnang\/fairschenken\/#primaryimage"},"thumbnailUrl":"https:\/\/weltlaeden.de\/stgtbotnang\/wp-content\/uploads\/sites\/42\/2020\/10\/korbges.jpg","datePublished":"2020-10-16T16:27:26+00:00","dateModified":"2020-10-23T08:14:59+00:00","breadcrumb":{"@id":"https:\/\/weltlaeden.de\/stgtbotnang\/fairschenken\/#breadcrumb"},"inLanguage":"de","potentialAction":[{"@type":"ReadAction","target":["https:\/\/weltlaeden.de\/stgtbotnang\/fairschenken\/"]}]},{"@type":"ImageObject","inLanguage":"de","@id":"https:\/\/weltlaeden.de\/stgtbotnang\/fairschenken\/#primaryimage","url":"https:\/\/weltlaeden.de\/stgtbotnang\/wp-content\/uploads\/sites\/42\/2020\/10\/korbges.jpg","contentUrl":"https:\/\/weltlaeden.de\/stgtbotnang\/wp-content\/uploads\/sites\/42\/2020\/10\/korbges.jpg","width":780,"height":340},{"@type":"BreadcrumbList","@id":"https:\/\/weltlaeden.de\/stgtbotnang\/fairschenken\/#breadcrumb","itemListElement":[{"@type":"ListItem","position":1,"name":"Startseite","item":"https:\/\/weltlaeden.de\/stgtbotnang\/"},{"@type":"ListItem","position":2,"name":"Fair Schenken"}]},{"@type":"WebSite","@id":"https:\/\/weltlaeden.de\/stgtbotnang\/#website","url":"https:\/\/weltlaeden.de\/stgtbotnang\/","name":"Vorlage","description":"Faire Produkte seit 1995","potentialAction":[{"@type":"SearchAction","target":{"@type":"EntryPoint","urlTemplate":"https:\/\/weltlaeden.de\/stgtbotnang\/?s={search_term_string}"},"query-input":{"@type":"PropertyValueSpecification","valueRequired":true,"valueName":"search_term_string"}}],"inLanguage":"de"}]}},"_links":{"self":[{"href":"https:\/\/weltlaeden.de\/stgtbotnang\/wp-json\/wp\/v2\/pages\/1050","targetHints":{"allow":["GET"]}}],"collection":[{"href":"https:\/\/weltlaeden.de\/stgtbotnang\/wp-json\/wp\/v2\/pages"}],"about":[{"href":"https:\/\/weltlaeden.de\/stgtbotnang\/wp-json\/wp\/v2\/types\/page"}],"author":[{"embeddable":true,"href":"https:\/\/weltlaeden.de\/stgtbotnang\/wp-json\/wp\/v2\/users\/67"}],"replies":[{"embeddable":true,"href":"https:\/\/weltlaeden.de\/stgtbotnang\/wp-json\/wp\/v2\/comments?post=1050"}],"version-history":[{"count":8,"href":"https:\/\/weltlaeden.de\/stgtbotnang\/wp-json\/wp\/v2\/pages\/1050\/revisions"}],"predecessor-version":[{"id":1064,"href":"https:\/\/weltlaeden.de\/stgtbotnang\/wp-json\/wp\/v2\/pages\/1050\/revisions\/1064"}],"wp:featuredmedia":[{"embeddable":true,"href":"https:\/\/weltlaeden.de\/stgtbotnang\/wp-json\/wp\/v2\/media\/1051"}],"wp:attachment":[{"href":"https:\/\/weltlaeden.de\/stgtbotnang\/wp-json\/wp\/v2\/media?parent=1050"}],"curies":[{"name":"wp","href":"https:\/\/api.w.org\/{rel}","templated":true}]}}