{"id":217,"date":"2016-10-28T13:34:47","date_gmt":"2016-10-28T11:34:47","guid":{"rendered":"https:\/\/wl.heimpixel.de\/vorlage\/produkte\/"},"modified":"2022-04-03T23:22:08","modified_gmt":"2022-04-03T21:22:08","slug":"produkte","status":"publish","type":"page","link":"https:\/\/weltlaeden.de\/starnberg\/produkte\/","title":{"rendered":"Produkte"},"content":{"rendered":"<div class=\"wpb-content-wrapper\"><p>[vc_row][vc_column]<div class=\"wl_einzelbild\"><p><\/p><\/div>[vc_empty_space][vc_column_text]<\/p>\n<h1>Unser Sortiment<\/h1>\n<p>[\/vc_column_text][vc_column_text]Wir f\u00fchren Ware von g\u00e4ngigen Fair-Handels-Importeuren und beziehen unsere Produkte gr\u00f6\u00dftenteils vom Fair Handelshaus Bayern. Dar\u00fcber hinaus kaufen wir ausgew\u00e4hlte Non-Food-Artikel\u00a0 direkt bei Fair Trade Lieferanten.<\/p>\n<p>Gerne stellen wir auch Geschenkpakete f\u00fcr jeden Anlass zusammen. Der Umfang und die Auswahl der Produkte erfolgt individuell nach Abstimmung mit Ihnen. Wir freuen uns, Ihnen verschiedene M\u00f6glichkeiten vorzustellen.<\/p>\n<p><img loading=\"lazy\" decoding=\"async\" class=\"alignnone size-medium wp-image-626\" src=\"https:\/\/weltlaeden.de\/starnberg\/wp-content\/uploads\/sites\/182\/2022\/04\/Geschnekkorb-Bild-2-e1649020903590-300x190.jpg\" alt=\"\" width=\"300\" height=\"190\" srcset=\"https:\/\/weltlaeden.de\/starnberg\/wp-content\/uploads\/sites\/182\/2022\/04\/Geschnekkorb-Bild-2-e1649020903590-300x190.jpg 300w, https:\/\/weltlaeden.de\/starnberg\/wp-content\/uploads\/sites\/182\/2022\/04\/Geschnekkorb-Bild-2-e1649020903590-768x488.jpg 768w, https:\/\/weltlaeden.de\/starnberg\/wp-content\/uploads\/sites\/182\/2022\/04\/Geschnekkorb-Bild-2-e1649020903590.jpg 1024w\" sizes=\"auto, (max-width: 300px) 100vw, 300px\" \/><\/p>\n<p>Nat\u00fcrlich k\u00f6nnen Sie bei uns auch Geschenk-Gutscheine erwerben.[\/vc_column_text][vc_empty_space][vc_row_inner][vc_column_inner width=&#8220;1\/2&#8243;][vc_column_text]<\/p>\n<h2>Lebensmittel<\/h2>\n<p>[\/vc_column_text]<div class=\"wl_einzelbild\"><p><img loading=\"lazy\" decoding=\"async\" class=\"aligncenter size-full wp-image-nsm-3-26\" src=\"https:\/\/weltlaeden.de\/starnberg\/wp-content\/uploads\/sites\/3\/2018\/05\/Lebensmittel_WL-Bornheim-Christian-Schilling.jpg\" alt=\"\" width=\"600\" height=\"402\" \/><\/p><\/div>[vc_column_text]Kaffee, Tee, Honig, Marmelade, Schokolade, M\u00fcsliriegel, Gummib\u00e4rchen, Kakao, Kekse, Gew\u00fcrze, Trockenfr\u00fcchte, N\u00fcsse, Essig, Oliven\u00f6l, Salzgeb\u00e4ck, Weine, S\u00e4fte, Nudeln, Pesto, Tomatensaucen, Quinoa, Linsen, Bohnen, Reis u.v.m.<\/p>\n<p>F\u00fcr manches Gericht reicht es im Weltladen einzukaufen &#8211; lecker und zugleich Gutes tun![\/vc_column_text][\/vc_column_inner][vc_column_inner width=&#8220;1\/2&#8243;][vc_column_text]<\/p>\n<h2>Kunsthandwerk &amp; Textilien<\/h2>\n<p>[\/vc_column_text]<div class=\"wl_einzelbild\"><p><img loading=\"lazy\" decoding=\"async\" class=\"aligncenter size-full wp-image-nsm-3-18\" src=\"https:\/\/weltlaeden.de\/starnberg\/wp-content\/uploads\/sites\/3\/2016\/11\/NonFoodweltladen31.jpg\" alt=\"\" width=\"600\" height=\"402\" \/><\/p><\/div>[vc_column_text]Korbtaschen, Kunststickerei, Taschen, Holz-Spielzeug, Fu\u00dfb\u00e4lle, Geldbeutel, Geschenkkarten, Duft\u00f6le, Seife, Klangschalen, Keramik, Strickjacken, Pullover, Decken, T\u00fccher, Geschenkpapier, Schnitzereien, Schmuck, Solar-Leuchten, u.v.m.<\/p>\n<p>Sind Sie auf der Suche nach einem Geschenk? Bei uns finden Sie sicher etwas![\/vc_column_text][\/vc_column_inner][\/vc_row_inner][\/vc_column][\/vc_row]<\/p>\n<\/div>","protected":false},"excerpt":{"rendered":"<p>[vc_row][vc_column][vc_empty_space][vc_column_text] Unser Sortiment [\/vc_column_text][vc_column_text]Wir f\u00fchren Ware von g\u00e4ngigen Fair-Handels-Importeuren und beziehen unsere Produkte gr\u00f6\u00dftenteils vom Fair Handelshaus Bayern. Dar\u00fcber hinaus kaufen wir ausgew\u00e4hlte Non-Food-Artikel\u00a0 direkt bei Fair Trade Lieferanten. Gerne stellen wir auch Geschenkpakete f\u00fcr jeden Anlass zusammen. Der Umfang und die Auswahl der Produkte erfolgt individuell nach Abstimmung mit Ihnen. Wir freuen uns, Ihnen&hellip;<\/p>\n","protected":false},"author":1,"featured_media":0,"parent":0,"menu_order":7,"comment_status":"closed","ping_status":"closed","template":"","meta":{"footnotes":""},"class_list":["post-217","page","type-page","status-publish","hentry","description-off"],"yoast_head":"<!-- This site is optimized with the Yoast SEO plugin v26.8 - https:\/\/yoast.com\/product\/yoast-seo-wordpress\/ -->\n<title>Produkte - Weltladen Starnberg<\/title>\n<meta name=\"robots\" content=\"index, follow, max-snippet:-1, max-image-preview:large, max-video-preview:-1\" \/>\n<link rel=\"canonical\" href=\"https:\/\/weltlaeden.de\/starnberg\/produkte\/\" \/>\n<meta property=\"og:locale\" content=\"de_DE\" \/>\n<meta property=\"og:type\" content=\"article\" \/>\n<meta property=\"og:title\" content=\"Produkte - Weltladen Starnberg\" \/>\n<meta property=\"og:description\" content=\"[vc_row][vc_column][vc_empty_space][vc_column_text] Unser Sortiment [\/vc_column_text][vc_column_text]Wir f\u00fchren Ware von g\u00e4ngigen Fair-Handels-Importeuren und beziehen unsere Produkte gr\u00f6\u00dftenteils vom Fair Handelshaus Bayern. Dar\u00fcber hinaus kaufen wir ausgew\u00e4hlte Non-Food-Artikel\u00a0 direkt bei Fair Trade Lieferanten. Gerne stellen wir auch Geschenkpakete f\u00fcr jeden Anlass zusammen. Der Umfang und die Auswahl der Produkte erfolgt individuell nach Abstimmung mit Ihnen. Wir freuen uns, Ihnen&hellip;\" \/>\n<meta property=\"og:url\" content=\"https:\/\/weltlaeden.de\/starnberg\/produkte\/\" \/>\n<meta property=\"og:site_name\" content=\"Weltladen Starnberg\" \/>\n<meta property=\"article:modified_time\" content=\"2022-04-03T21:22:08+00:00\" \/>\n<meta property=\"og:image\" content=\"https:\/\/weltlaeden.de\/starnberg\/wp-content\/uploads\/sites\/182\/2022\/04\/Geschnekkorb-Bild-2-e1649020903590-300x190.jpg\" \/>\n<meta name=\"twitter:card\" content=\"summary_large_image\" \/>\n<meta name=\"twitter:label1\" content=\"Gesch\u00e4tzte Lesezeit\" \/>\n\t<meta name=\"twitter:data1\" content=\"2\u00a0Minuten\" \/>\n<script type=\"application\/ld+json\" class=\"yoast-schema-graph\">{\"@context\":\"https:\/\/schema.org\",\"@graph\":[{\"@type\":\"WebPage\",\"@id\":\"https:\/\/weltlaeden.de\/starnberg\/produkte\/\",\"url\":\"https:\/\/weltlaeden.de\/starnberg\/produkte\/\",\"name\":\"Produkte - Weltladen Starnberg\",\"isPartOf\":{\"@id\":\"https:\/\/weltlaeden.de\/starnberg\/#website\"},\"primaryImageOfPage\":{\"@id\":\"https:\/\/weltlaeden.de\/starnberg\/produkte\/#primaryimage\"},\"image\":{\"@id\":\"https:\/\/weltlaeden.de\/starnberg\/produkte\/#primaryimage\"},\"thumbnailUrl\":\"https:\/\/weltlaeden.de\/starnberg\/wp-content\/uploads\/sites\/182\/2022\/04\/Geschnekkorb-Bild-2-e1649020903590-300x190.jpg\",\"datePublished\":\"2016-10-28T11:34:47+00:00\",\"dateModified\":\"2022-04-03T21:22:08+00:00\",\"breadcrumb\":{\"@id\":\"https:\/\/weltlaeden.de\/starnberg\/produkte\/#breadcrumb\"},\"inLanguage\":\"de\",\"potentialAction\":[{\"@type\":\"ReadAction\",\"target\":[\"https:\/\/weltlaeden.de\/starnberg\/produkte\/\"]}]},{\"@type\":\"ImageObject\",\"inLanguage\":\"de\",\"@id\":\"https:\/\/weltlaeden.de\/starnberg\/produkte\/#primaryimage\",\"url\":\"https:\/\/weltlaeden.de\/starnberg\/wp-content\/uploads\/sites\/182\/2022\/04\/Geschnekkorb-Bild-2-e1649020903590.jpg\",\"contentUrl\":\"https:\/\/weltlaeden.de\/starnberg\/wp-content\/uploads\/sites\/182\/2022\/04\/Geschnekkorb-Bild-2-e1649020903590.jpg\",\"width\":1024,\"height\":650},{\"@type\":\"BreadcrumbList\",\"@id\":\"https:\/\/weltlaeden.de\/starnberg\/produkte\/#breadcrumb\",\"itemListElement\":[{\"@type\":\"ListItem\",\"position\":1,\"name\":\"Startseite\",\"item\":\"https:\/\/weltlaeden.de\/starnberg\/\"},{\"@type\":\"ListItem\",\"position\":2,\"name\":\"Produkte\"}]},{\"@type\":\"WebSite\",\"@id\":\"https:\/\/weltlaeden.de\/starnberg\/#website\",\"url\":\"https:\/\/weltlaeden.de\/starnberg\/\",\"name\":\"Weltladen Starnberg\",\"description\":\"Faire Produkte seit 1990\",\"potentialAction\":[{\"@type\":\"SearchAction\",\"target\":{\"@type\":\"EntryPoint\",\"urlTemplate\":\"https:\/\/weltlaeden.de\/starnberg\/?s={search_term_string}\"},\"query-input\":{\"@type\":\"PropertyValueSpecification\",\"valueRequired\":true,\"valueName\":\"search_term_string\"}}],\"inLanguage\":\"de\"}]}<\/script>\n<!-- \/ Yoast SEO plugin. -->","yoast_head_json":{"title":"Produkte - Weltladen Starnberg","robots":{"index":"index","follow":"follow","max-snippet":"max-snippet:-1","max-image-preview":"max-image-preview:large","max-video-preview":"max-video-preview:-1"},"canonical":"https:\/\/weltlaeden.de\/starnberg\/produkte\/","og_locale":"de_DE","og_type":"article","og_title":"Produkte - Weltladen Starnberg","og_description":"[vc_row][vc_column][vc_empty_space][vc_column_text] Unser Sortiment [\/vc_column_text][vc_column_text]Wir f\u00fchren Ware von g\u00e4ngigen Fair-Handels-Importeuren und beziehen unsere Produkte gr\u00f6\u00dftenteils vom Fair Handelshaus Bayern. Dar\u00fcber hinaus kaufen wir ausgew\u00e4hlte Non-Food-Artikel\u00a0 direkt bei Fair Trade Lieferanten. Gerne stellen wir auch Geschenkpakete f\u00fcr jeden Anlass zusammen. Der Umfang und die Auswahl der Produkte erfolgt individuell nach Abstimmung mit Ihnen. Wir freuen uns, Ihnen&hellip;","og_url":"https:\/\/weltlaeden.de\/starnberg\/produkte\/","og_site_name":"Weltladen Starnberg","article_modified_time":"2022-04-03T21:22:08+00:00","og_image":[{"url":"https:\/\/weltlaeden.de\/starnberg\/wp-content\/uploads\/sites\/182\/2022\/04\/Geschnekkorb-Bild-2-e1649020903590-300x190.jpg","type":"","width":"","height":""}],"twitter_card":"summary_large_image","twitter_misc":{"Gesch\u00e4tzte Lesezeit":"2\u00a0Minuten"},"schema":{"@context":"https:\/\/schema.org","@graph":[{"@type":"WebPage","@id":"https:\/\/weltlaeden.de\/starnberg\/produkte\/","url":"https:\/\/weltlaeden.de\/starnberg\/produkte\/","name":"Produkte - Weltladen Starnberg","isPartOf":{"@id":"https:\/\/weltlaeden.de\/starnberg\/#website"},"primaryImageOfPage":{"@id":"https:\/\/weltlaeden.de\/starnberg\/produkte\/#primaryimage"},"image":{"@id":"https:\/\/weltlaeden.de\/starnberg\/produkte\/#primaryimage"},"thumbnailUrl":"https:\/\/weltlaeden.de\/starnberg\/wp-content\/uploads\/sites\/182\/2022\/04\/Geschnekkorb-Bild-2-e1649020903590-300x190.jpg","datePublished":"2016-10-28T11:34:47+00:00","dateModified":"2022-04-03T21:22:08+00:00","breadcrumb":{"@id":"https:\/\/weltlaeden.de\/starnberg\/produkte\/#breadcrumb"},"inLanguage":"de","potentialAction":[{"@type":"ReadAction","target":["https:\/\/weltlaeden.de\/starnberg\/produkte\/"]}]},{"@type":"ImageObject","inLanguage":"de","@id":"https:\/\/weltlaeden.de\/starnberg\/produkte\/#primaryimage","url":"https:\/\/weltlaeden.de\/starnberg\/wp-content\/uploads\/sites\/182\/2022\/04\/Geschnekkorb-Bild-2-e1649020903590.jpg","contentUrl":"https:\/\/weltlaeden.de\/starnberg\/wp-content\/uploads\/sites\/182\/2022\/04\/Geschnekkorb-Bild-2-e1649020903590.jpg","width":1024,"height":650},{"@type":"BreadcrumbList","@id":"https:\/\/weltlaeden.de\/starnberg\/produkte\/#breadcrumb","itemListElement":[{"@type":"ListItem","position":1,"name":"Startseite","item":"https:\/\/weltlaeden.de\/starnberg\/"},{"@type":"ListItem","position":2,"name":"Produkte"}]},{"@type":"WebSite","@id":"https:\/\/weltlaeden.de\/starnberg\/#website","url":"https:\/\/weltlaeden.de\/starnberg\/","name":"Weltladen Starnberg","description":"Faire Produkte seit 1990","potentialAction":[{"@type":"SearchAction","target":{"@type":"EntryPoint","urlTemplate":"https:\/\/weltlaeden.de\/starnberg\/?s={search_term_string}"},"query-input":{"@type":"PropertyValueSpecification","valueRequired":true,"valueName":"search_term_string"}}],"inLanguage":"de"}]}},"_links":{"self":[{"href":"https:\/\/weltlaeden.de\/starnberg\/wp-json\/wp\/v2\/pages\/217","targetHints":{"allow":["GET"]}}],"collection":[{"href":"https:\/\/weltlaeden.de\/starnberg\/wp-json\/wp\/v2\/pages"}],"about":[{"href":"https:\/\/weltlaeden.de\/starnberg\/wp-json\/wp\/v2\/types\/page"}],"author":[{"embeddable":true,"href":"https:\/\/weltlaeden.de\/starnberg\/wp-json\/wp\/v2\/users\/1"}],"replies":[{"embeddable":true,"href":"https:\/\/weltlaeden.de\/starnberg\/wp-json\/wp\/v2\/comments?post=217"}],"version-history":[{"count":12,"href":"https:\/\/weltlaeden.de\/starnberg\/wp-json\/wp\/v2\/pages\/217\/revisions"}],"predecessor-version":[{"id":628,"href":"https:\/\/weltlaeden.de\/starnberg\/wp-json\/wp\/v2\/pages\/217\/revisions\/628"}],"wp:attachment":[{"href":"https:\/\/weltlaeden.de\/starnberg\/wp-json\/wp\/v2\/media?parent=217"}],"curies":[{"name":"wp","href":"https:\/\/api.w.org\/{rel}","templated":true}]}}