{"id":218,"date":"2016-10-28T13:34:47","date_gmt":"2016-10-28T11:34:47","guid":{"rendered":"https:\/\/wl.heimpixel.de\/vorlage\/fairer-handel\/"},"modified":"2025-09-01T15:46:40","modified_gmt":"2025-09-01T13:46:40","slug":"fairer-handel","status":"publish","type":"page","link":"https:\/\/weltlaeden.de\/stadthagen\/fairer-handel\/","title":{"rendered":"Fairer Handel"},"content":{"rendered":"<div class=\"wpb-content-wrapper\"><p>[vc_row][vc_column]<div class=\"wl_einzelbild\"><p><img loading=\"lazy\" decoding=\"async\" class=\"alignnone size-full wp-image-nsm-3-15\" src=\"https:\/\/weltlaeden.de\/stadthagen\/wp-content\/uploads\/sites\/3\/2016\/11\/FairerHandel_ElPuente_Fingerpuppen_EccoExe_Peru.jpg\" alt=\"\" width=\"1200\" height=\"519\" \/><\/p><\/div>[vc_column_text]<\/p>\n<h1>Das Lieferkettengesetz<\/h1>\n<p>Die Gretchenfrage lautet: Wird das am 11.06.2021 vom Deutschen Bundestag verabschiedete Gesetz zur Einhaltung von Menschenrechten in weltweiten Lieferketten dazu beitragen, die Lebens-, Bildungs- und Arbeitsbedingungen der f\u00fcr den (und nicht nur f\u00fcr den) Fairen Handel arbeitenden und produzierenden Menschen in den L\u00e4ndern des Globalen S\u00fcdens zu verbessern?<\/p>\n<p>Das Gesetz ist auf jeden Fall ein Anfang. Die sogenannten Sorgfaltspflichten der Unternehmen erstrecken sich auf die gesamte Lieferkette- vom Rohstoff bis zum fertigen Verkaufsprodukt.Das Gesetz beschr\u00e4nkt allerdings seinen Anwendungsbereich auf in Deutschland ans\u00e4ssige Unternehmen und Zweigniederlassungen mit mindestens 3000 Besch\u00e4ftigten ab 2023 (das sind in etwa 900 Unternehmen) und 1000 Besch\u00e4ftigten ab 2024 (mit etwa 4.800 Unternehmen). Das greift insgesamt sehr kurz, da hier nur Gro\u00dfunternehmen angesprochen sind; der gro\u00dfe Bereich der mittelst\u00e4ndischen Unternehmen, das Herzst\u00fcck der deutschen Wirtschaft, bleibt au\u00dfen vor. Eine Verletzung der Pflichten aus diesem Gesetz begr\u00fcndet zudem keine zivilrechtlichen Haftungsanspr\u00fcche der Betroffenen. Somit kann das Lieferkettengesetz rechtlich seine urspr\u00fcnglich beabsichtigten Wirkungen nur bedingt entfalten.<\/p>\n<p>Nach 2024 soll der Anwendungsbereich des Gesetzes \u00fcberpr\u00fcft werden. Zudem bleibt das Gesamtziel eine einheitliche europ\u00e4ische Regelung. Es ist zu bef\u00fcrchten, dass dies voraussichtlich noch mehrere Jahre dauern wird.[\/vc_column_text]<div class=\"gap\" style=\"line-height: 15px; height: 15px;\"><\/div>[vc_column_text]<\/p>\n<h3>Pressemitteilung vom 14.05.2022 anl\u00e4sslich des Weltladentags:<\/h3>\n<p style=\"padding-left: 40px\"><em><strong>Weltladen Stadthagen fordert gerechte <\/strong><strong>Preise<\/strong><\/em><br \/>\n<em>Bundesweiter Weltladentag unter dem Motto \u201eM\u00c4CHTIG unfair\u201c<\/em><\/p>\n<p style=\"padding-left: 40px;text-align: left\"><em>Zum Weltladentag am 14. Mai fordern hunderte Weltl\u00e4den bundesweit,<\/em><br \/>\n<em>dass die Gewinne entlang globaler Lieferketten gerechter verteilt werden<\/em><br \/>\n<em>m\u00fcssen. Unter dem Motto \u201eM\u00c4CHTIG unfair\u201c zeigen sie die negativen<\/em><br \/>\n<em>Auswirkungen niedriger Erzeugerinnen-Preise auf. Auch der Weltladen<\/em><br \/>\n<em>Stadthagen beteiligt sich mit einem Stand auf dem Marktplatz in<\/em><br \/>\n<em>Stadthagen an der bundesweiten Kampagne des WeltladenDachverbandes.<\/em><br \/>\n<em>\u201eOft decken die Preise, die die Produzentinnen f\u00fcr Kaffee, Kakao, Bananen oder Milch<\/em><br \/>\n<em>erhalten, nicht einmal die Produktionskosten,\u201c erl\u00e4utert Weltladen-Gesch\u00e4ftsf\u00fchrer Bernd<\/em><br \/>\n<em>Hermeling. \u201eDurch die aktuell steigenden Verbraucherinnen-Preise merken wir auf<\/em><br \/>\n<em>dramatische Weise, wie wichtig existenzsichernde Einkommen und L\u00f6hne sind, sowohl in<\/em><br \/>\n<em>Deutschland wie auch weltweit.\u201c<\/em><br \/>\n<em>Entlang globaler Lieferketten herrscht laut Weltladen-Dachverband und Forum Fairer Handel<\/em><br \/>\n<em>ein extremes Macht- und Verhandlungsungleichgewicht. Dies f\u00fchrt dazu, dass gro\u00dfe<\/em><br \/>\n<em>Unternehmen gegen\u00fcber Lieferanten und Produzierenden niedrige Preise und unfaire<\/em><br \/>\n<em>Vertragskonditionen durchsetzen k\u00f6nnen. \u201eIn der Regel profitieren die gro\u00dfen Unternehmen<\/em><br \/>\n<em>von den Gewinnen, w\u00e4hrend die Produzent*innen um ihre Existenz k\u00e4mpfen,\u201c so Hermeling.<\/em><br \/>\n<em>Die Fair-Handels-Bewegung setzt sich f\u00fcr eine rasche Nachbesserung des im Mai 2021<\/em><br \/>\n<em>beschlossenen \u201eGesetzes zur St\u00e4rkung der Organisationen und Lieferketten im<\/em><br \/>\n<em>Agrarbereich\u201c ein, welches die gravierendsten unlauteren Handelspraktiken verbietet. \u201eDie<\/em><br \/>\n<em>Bundesregierung sollte schnellstm\u00f6glich ein Verbot von Preisen unterhalb der<\/em><br \/>\n<em>Produktionskosten in Deutschland einf\u00fchren und sich f\u00fcr eine gerechtere Verteilung der<\/em><br \/>\n<em>Wertsch\u00f6pfung entlang der Lieferkette einsetzen,\u201c fordert Anna Hirt, politische Referentin<\/em><br \/>\n<em>beim Weltladen-Dachverband in Mainz.<\/em><br \/>\n<em>\u201eM\u00e4chtig unfair erscheint uns im Moment vieles, das wir in der Welt beobachten,\u201c erkl\u00e4rt<\/em><br \/>\n<em>Bernd Hermeling mit Blick auf den Krieg in der Ukraine und die steigenden<\/em><br \/>\n<em>Verbraucherinnen-Preise. \u201eUmso wichtiger ist es, uns als Weltladen mit unseren<\/em><br \/>\n<em>Informationen und Aktionen auch weiterhin ein Zeichen f\u00fcr globale Gerechtigkeit und die<\/em><br \/>\n<em>Menschenrechte zu setzen. Daher freuen wir uns auf den Austausch mit den B\u00fcrgerinnen in<\/em><br \/>\n<em>Stadthagen.\u201c<\/em><\/p>\n<p>[\/vc_column_text][\/vc_column][\/vc_row][vc_row][vc_column][vc_empty_space][vc_column_text]<\/p>\n<h1>Fairer Handel bedeutet f\u00fcr Weltl\u00e4den&#8230;<\/h1>\n<p>[\/vc_column_text][vc_column_text]<\/p>\n<div class=\"wpb_text_column wpb_content_element \">\n<div class=\"wpb_wrapper\">\n<p><strong>Verkaufen: <\/strong>Weil der Verkauf fair gehandelter Produkte das Leben f\u00fcr die Produzent\/innen verbessert.<\/p>\n<p><strong>Informieren: <\/strong>Weil politische Kampagnen die Rahmenbedingungen f\u00fcr die Menschen im S\u00fcden ver\u00e4ndern k\u00f6nnen.<\/p>\n<p><strong>Lernen:<\/strong> Weil Mitarbeiter\/innen und Kund\/innen viel \u00fcber die globalisierte Welt wissen sollten, um zu verstehen, wie unser Konsum die Welt ver\u00e4ndert \u2013 zum Guten oder zum Schlechten.<\/p>\n<\/div>\n<\/div>\n<p>[\/vc_column_text][\/vc_column][\/vc_row][vc_row][vc_column][vc_empty_space][vc_column_text]<\/p>\n<h1>Kriterien des Fairen Handels<\/h1>\n<p>[\/vc_column_text][vc_column_text]<\/p>\n<div class=\"wpb_text_column wpb_content_element \">\n<div class=\"wpb_wrapper\">\n<p><span class=\"normal\">Die<strong> <a href=\"https:\/\/weltlaeden.de\/bilderpool\/wp-content\/uploads\/sites\/3\/2019\/09\/Konvention_der_Weltl%C3%A4den.pdf\" target=\"_blank\" rel=\"noopener\">Konvention der Weltl\u00e4den<\/a><\/strong> ist das Grundsatzpapier f\u00fcr den Fairen Handel der Weltl\u00e4den und Fair-Handels-Gruppen. Sie wurde in einem jahrelangen Dialog gemeinsam entwickelt und erstmals 1997 von der Mitgliederversammlung des Weltladen-Dachverbandes beschlossen. Die Kriterien der Konvention der Weltl\u00e4den in der aktuellen Version decken sich mit den zehn Prinzipien der World Fair Trade Organization (<a href=\"http:\/\/www.wfto.com\" target=\"_blank\" rel=\"noopener\">WFTO<\/a>).<br \/>\n<\/span><\/p>\n<p><span class=\"normal\">Fairer Handel, wie ihn die Weltl\u00e4den betreiben, strebt eine gleichberechtigte Partnerschaft des Nordens mit dem S\u00fcden an. Daher wendet die Konvention die Kriterien auf alle wesentlichen Akteure im Fairen Handel an: auf Produzent\/innen, Importeure sowie Weltl\u00e4den und Fair-Handels-Gruppen.<\/span><\/p>\n<\/div>\n<\/div>\n<p>[\/vc_column_text][vc_column_text]<span class=\"normal\"><strong>Grundkriterien der Konvention:<\/strong><\/span><\/p>\n<ul>\n<li>Handelspraktiken<\/li>\n<li>Arbeitsbedingungen<\/li>\n<li>Transparenz<\/li>\n<li>Bildungs- und Informationsarbeit<\/li>\n<li>\u00d6ffentlichkeitsarbeit<\/li>\n<li>Umweltschutz<\/li>\n<li>Erg\u00e4nzungsprodukte (z.B. regionale Produkte)<\/li>\n<\/ul>\n<p>[\/vc_column_text][\/vc_column][\/vc_row][vc_row][vc_column][vc_empty_space][vc_column_text]<\/p>\n<h1>Links zu Akteuren des Fairen Handels<\/h1>\n<p>[\/vc_column_text][vc_column_text css=&#8220;&#8220;]<strong>Weltl\u00e4den<\/strong><\/p>\n<ul>\n<li><a href=\"http:\/\/www.weltladen.de\" target=\"_blank\" rel=\"noopener\">Weltladen-Dachverband<\/a><\/li>\n<\/ul>\n<p><strong>Importorganisationen (Auswahl)<\/strong><\/p>\n<ul>\n<li style=\"list-style-type: none\">\n<ul>\n<li><a href=\"http:\/\/www.akar-fairtrade.de\" target=\"_blank\" rel=\"noopener\">Akar<\/a><\/li>\n<li><a href=\"http:\/\/www.weltpartner.de\" target=\"_blank\" rel=\"noopener\">WeltPartner eG<\/a><\/li>\n<li><a href=\"http:\/\/www.el-puente.de\" target=\"_blank\" rel=\"noopener\">El Puente<\/a><\/li>\n<li><a href=\"https:\/\/fairafric.com\/\">fairafric \u2013 Creating jobs, loving chocolate.<\/a><\/li>\n<li><a href=\"http:\/\/www.fairkauf-handelskontor.de\/\">Fairkauf Handelskontor<\/a><\/li>\n<li><a href=\"http:\/\/www.gepa.de\/\" target=\"_blank\" rel=\"noopener\">GEPA \u2013 The Fair Trade Company<\/a><\/li>\n<li><a href=\"http:\/\/www.graswurzel.com\" target=\"_blank\" rel=\"noopener\">Graswurzel<\/a><\/li>\n<li><a href=\"http:\/\/www.nepalaya.eu\" target=\"_blank\" rel=\"noopener\">Nepalaya<\/a><\/li>\n<\/ul>\n<\/li>\n<\/ul>\n<p>&nbsp;<\/p>\n<p><strong>Netzwerke und Infos \u00fcber Produzent\/innen<br \/>\n<\/strong><\/p>\n<ul>\n<li><a href=\"http:\/\/www.forum-fairer-handel.de\" target=\"_blank\" rel=\"noopener\">Forum Fairer Handel<\/a><\/li>\n<li><a href=\"https:\/\/www.fair-band.de\" target=\"_blank\" rel=\"noopener\">FAIR BAND<\/a><\/li>\n<li><a href=\"http:\/\/www.wfto.com\/\" target=\"_blank\" rel=\"noopener\">World Fair Trade Organization\u00a0(WFTO)<\/a><\/li>\n<li><a href=\"http:\/\/fairtrade.de\">fairtrade.de<\/a><\/li>\n<\/ul>\n<p><strong>Siegelorganisationen<\/strong><\/p>\n<ul>\n<li><a href=\"http:\/\/www.naturland.de\/index.php?option=com_content&amp;view=category&amp;layout=blog&amp;id=148&amp;Itemid=888&amp;lang=de\">Naturland Fair<\/a><\/li>\n<li><a href=\"http:\/\/www.fairtrade-deutschland.de\" target=\"_blank\" rel=\"noopener\">Fairtrade Deutschland<\/a><\/li>\n<li><a href=\"http:\/\/www.fairtrade.net\" target=\"_blank\" rel=\"noopener\">Fairtrade International<\/a><\/li>\n<\/ul>\n<p>[\/vc_column_text][\/vc_column][\/vc_row]<\/p>\n<\/div>","protected":false},"excerpt":{"rendered":"<p>[vc_row][vc_column][vc_column_text] Das Lieferkettengesetz Die Gretchenfrage lautet: Wird das am 11.06.2021 vom Deutschen Bundestag verabschiedete Gesetz zur Einhaltung von Menschenrechten in weltweiten Lieferketten dazu beitragen, die Lebens-, Bildungs- und Arbeitsbedingungen der f\u00fcr den (und nicht nur f\u00fcr den) Fairen Handel arbeitenden und produzierenden Menschen in den L\u00e4ndern des Globalen S\u00fcdens zu verbessern? Das Gesetz ist auf&hellip;<\/p>\n","protected":false},"author":1,"featured_media":0,"parent":0,"menu_order":2,"comment_status":"closed","ping_status":"closed","template":"","meta":{"footnotes":""},"class_list":["post-218","page","type-page","status-publish","hentry","description-off"],"yoast_head":"<!-- This site is optimized with the Yoast SEO plugin v26.8 - https:\/\/yoast.com\/product\/yoast-seo-wordpress\/ -->\n<title>Fairer Handel - Weltladen Stadthagen<\/title>\n<meta name=\"robots\" content=\"index, follow, max-snippet:-1, max-image-preview:large, max-video-preview:-1\" \/>\n<link rel=\"canonical\" href=\"https:\/\/weltlaeden.de\/stadthagen\/fairer-handel\/\" \/>\n<meta property=\"og:locale\" content=\"de_DE\" \/>\n<meta property=\"og:type\" content=\"article\" \/>\n<meta property=\"og:title\" content=\"Fairer Handel - Weltladen Stadthagen\" \/>\n<meta property=\"og:description\" content=\"[vc_row][vc_column][vc_column_text] Das Lieferkettengesetz Die Gretchenfrage lautet: Wird das am 11.06.2021 vom Deutschen Bundestag verabschiedete Gesetz zur Einhaltung von Menschenrechten in weltweiten Lieferketten dazu beitragen, die Lebens-, Bildungs- und Arbeitsbedingungen der f\u00fcr den (und nicht nur f\u00fcr den) Fairen Handel arbeitenden und produzierenden Menschen in den L\u00e4ndern des Globalen S\u00fcdens zu verbessern? Das Gesetz ist auf&hellip;\" \/>\n<meta property=\"og:url\" content=\"https:\/\/weltlaeden.de\/stadthagen\/fairer-handel\/\" \/>\n<meta property=\"og:site_name\" content=\"Weltladen Stadthagen\" \/>\n<meta property=\"article:modified_time\" content=\"2025-09-01T13:46:40+00:00\" \/>\n<meta property=\"og:image\" content=\"https:\/\/weltlaeden.de\/stadthagen\/wp-content\/uploads\/sites\/3\/2016\/11\/FairerHandel_ElPuente_Fingerpuppen_EccoExe_Peru.jpg\" \/>\n<meta name=\"twitter:card\" content=\"summary_large_image\" \/>\n<meta name=\"twitter:label1\" content=\"Gesch\u00e4tzte Lesezeit\" \/>\n\t<meta name=\"twitter:data1\" content=\"5\u00a0Minuten\" \/>\n<script type=\"application\/ld+json\" class=\"yoast-schema-graph\">{\"@context\":\"https:\/\/schema.org\",\"@graph\":[{\"@type\":\"WebPage\",\"@id\":\"https:\/\/weltlaeden.de\/stadthagen\/fairer-handel\/\",\"url\":\"https:\/\/weltlaeden.de\/stadthagen\/fairer-handel\/\",\"name\":\"Fairer Handel - Weltladen Stadthagen\",\"isPartOf\":{\"@id\":\"https:\/\/weltlaeden.de\/stadthagen\/#website\"},\"primaryImageOfPage\":{\"@id\":\"https:\/\/weltlaeden.de\/stadthagen\/fairer-handel\/#primaryimage\"},\"image\":{\"@id\":\"https:\/\/weltlaeden.de\/stadthagen\/fairer-handel\/#primaryimage\"},\"thumbnailUrl\":\"https:\/\/weltlaeden.de\/stadthagen\/wp-content\/uploads\/sites\/3\/2016\/11\/FairerHandel_ElPuente_Fingerpuppen_EccoExe_Peru.jpg\",\"datePublished\":\"2016-10-28T11:34:47+00:00\",\"dateModified\":\"2025-09-01T13:46:40+00:00\",\"breadcrumb\":{\"@id\":\"https:\/\/weltlaeden.de\/stadthagen\/fairer-handel\/#breadcrumb\"},\"inLanguage\":\"de\",\"potentialAction\":[{\"@type\":\"ReadAction\",\"target\":[\"https:\/\/weltlaeden.de\/stadthagen\/fairer-handel\/\"]}]},{\"@type\":\"ImageObject\",\"inLanguage\":\"de\",\"@id\":\"https:\/\/weltlaeden.de\/stadthagen\/fairer-handel\/#primaryimage\",\"url\":\"https:\/\/weltlaeden.de\/stadthagen\/wp-content\/uploads\/sites\/3\/2016\/11\/FairerHandel_ElPuente_Fingerpuppen_EccoExe_Peru.jpg\",\"contentUrl\":\"https:\/\/weltlaeden.de\/stadthagen\/wp-content\/uploads\/sites\/3\/2016\/11\/FairerHandel_ElPuente_Fingerpuppen_EccoExe_Peru.jpg\"},{\"@type\":\"BreadcrumbList\",\"@id\":\"https:\/\/weltlaeden.de\/stadthagen\/fairer-handel\/#breadcrumb\",\"itemListElement\":[{\"@type\":\"ListItem\",\"position\":1,\"name\":\"Startseite\",\"item\":\"https:\/\/weltlaeden.de\/stadthagen\/\"},{\"@type\":\"ListItem\",\"position\":2,\"name\":\"Fairer Handel\"}]},{\"@type\":\"WebSite\",\"@id\":\"https:\/\/weltlaeden.de\/stadthagen\/#website\",\"url\":\"https:\/\/weltlaeden.de\/stadthagen\/\",\"name\":\"Weltladen Stadthagen\",\"description\":\"Fairer Handel in Stadthagen seit 1987\",\"potentialAction\":[{\"@type\":\"SearchAction\",\"target\":{\"@type\":\"EntryPoint\",\"urlTemplate\":\"https:\/\/weltlaeden.de\/stadthagen\/?s={search_term_string}\"},\"query-input\":{\"@type\":\"PropertyValueSpecification\",\"valueRequired\":true,\"valueName\":\"search_term_string\"}}],\"inLanguage\":\"de\"}]}<\/script>\n<!-- \/ Yoast SEO plugin. -->","yoast_head_json":{"title":"Fairer Handel - Weltladen Stadthagen","robots":{"index":"index","follow":"follow","max-snippet":"max-snippet:-1","max-image-preview":"max-image-preview:large","max-video-preview":"max-video-preview:-1"},"canonical":"https:\/\/weltlaeden.de\/stadthagen\/fairer-handel\/","og_locale":"de_DE","og_type":"article","og_title":"Fairer Handel - Weltladen Stadthagen","og_description":"[vc_row][vc_column][vc_column_text] Das Lieferkettengesetz Die Gretchenfrage lautet: Wird das am 11.06.2021 vom Deutschen Bundestag verabschiedete Gesetz zur Einhaltung von Menschenrechten in weltweiten Lieferketten dazu beitragen, die Lebens-, Bildungs- und Arbeitsbedingungen der f\u00fcr den (und nicht nur f\u00fcr den) Fairen Handel arbeitenden und produzierenden Menschen in den L\u00e4ndern des Globalen S\u00fcdens zu verbessern? Das Gesetz ist auf&hellip;","og_url":"https:\/\/weltlaeden.de\/stadthagen\/fairer-handel\/","og_site_name":"Weltladen Stadthagen","article_modified_time":"2025-09-01T13:46:40+00:00","og_image":[{"url":"https:\/\/weltlaeden.de\/stadthagen\/wp-content\/uploads\/sites\/3\/2016\/11\/FairerHandel_ElPuente_Fingerpuppen_EccoExe_Peru.jpg","type":"","width":"","height":""}],"twitter_card":"summary_large_image","twitter_misc":{"Gesch\u00e4tzte Lesezeit":"5\u00a0Minuten"},"schema":{"@context":"https:\/\/schema.org","@graph":[{"@type":"WebPage","@id":"https:\/\/weltlaeden.de\/stadthagen\/fairer-handel\/","url":"https:\/\/weltlaeden.de\/stadthagen\/fairer-handel\/","name":"Fairer Handel - Weltladen Stadthagen","isPartOf":{"@id":"https:\/\/weltlaeden.de\/stadthagen\/#website"},"primaryImageOfPage":{"@id":"https:\/\/weltlaeden.de\/stadthagen\/fairer-handel\/#primaryimage"},"image":{"@id":"https:\/\/weltlaeden.de\/stadthagen\/fairer-handel\/#primaryimage"},"thumbnailUrl":"https:\/\/weltlaeden.de\/stadthagen\/wp-content\/uploads\/sites\/3\/2016\/11\/FairerHandel_ElPuente_Fingerpuppen_EccoExe_Peru.jpg","datePublished":"2016-10-28T11:34:47+00:00","dateModified":"2025-09-01T13:46:40+00:00","breadcrumb":{"@id":"https:\/\/weltlaeden.de\/stadthagen\/fairer-handel\/#breadcrumb"},"inLanguage":"de","potentialAction":[{"@type":"ReadAction","target":["https:\/\/weltlaeden.de\/stadthagen\/fairer-handel\/"]}]},{"@type":"ImageObject","inLanguage":"de","@id":"https:\/\/weltlaeden.de\/stadthagen\/fairer-handel\/#primaryimage","url":"https:\/\/weltlaeden.de\/stadthagen\/wp-content\/uploads\/sites\/3\/2016\/11\/FairerHandel_ElPuente_Fingerpuppen_EccoExe_Peru.jpg","contentUrl":"https:\/\/weltlaeden.de\/stadthagen\/wp-content\/uploads\/sites\/3\/2016\/11\/FairerHandel_ElPuente_Fingerpuppen_EccoExe_Peru.jpg"},{"@type":"BreadcrumbList","@id":"https:\/\/weltlaeden.de\/stadthagen\/fairer-handel\/#breadcrumb","itemListElement":[{"@type":"ListItem","position":1,"name":"Startseite","item":"https:\/\/weltlaeden.de\/stadthagen\/"},{"@type":"ListItem","position":2,"name":"Fairer Handel"}]},{"@type":"WebSite","@id":"https:\/\/weltlaeden.de\/stadthagen\/#website","url":"https:\/\/weltlaeden.de\/stadthagen\/","name":"Weltladen Stadthagen","description":"Fairer Handel in Stadthagen seit 1987","potentialAction":[{"@type":"SearchAction","target":{"@type":"EntryPoint","urlTemplate":"https:\/\/weltlaeden.de\/stadthagen\/?s={search_term_string}"},"query-input":{"@type":"PropertyValueSpecification","valueRequired":true,"valueName":"search_term_string"}}],"inLanguage":"de"}]}},"_links":{"self":[{"href":"https:\/\/weltlaeden.de\/stadthagen\/wp-json\/wp\/v2\/pages\/218","targetHints":{"allow":["GET"]}}],"collection":[{"href":"https:\/\/weltlaeden.de\/stadthagen\/wp-json\/wp\/v2\/pages"}],"about":[{"href":"https:\/\/weltlaeden.de\/stadthagen\/wp-json\/wp\/v2\/types\/page"}],"author":[{"embeddable":true,"href":"https:\/\/weltlaeden.de\/stadthagen\/wp-json\/wp\/v2\/users\/1"}],"replies":[{"embeddable":true,"href":"https:\/\/weltlaeden.de\/stadthagen\/wp-json\/wp\/v2\/comments?post=218"}],"version-history":[{"count":27,"href":"https:\/\/weltlaeden.de\/stadthagen\/wp-json\/wp\/v2\/pages\/218\/revisions"}],"predecessor-version":[{"id":1137,"href":"https:\/\/weltlaeden.de\/stadthagen\/wp-json\/wp\/v2\/pages\/218\/revisions\/1137"}],"wp:attachment":[{"href":"https:\/\/weltlaeden.de\/stadthagen\/wp-json\/wp\/v2\/media?parent=218"}],"curies":[{"name":"wp","href":"https:\/\/api.w.org\/{rel}","templated":true}]}}