{"id":834,"date":"2020-08-10T18:44:33","date_gmt":"2020-08-10T16:44:33","guid":{"rendered":"https:\/\/weltlaeden.de\/stade\/?page_id=834"},"modified":"2020-10-27T18:44:30","modified_gmt":"2020-10-27T17:44:30","slug":"utamtsi-kaffee-neu-im-sortiment","status":"publish","type":"page","link":"https:\/\/weltlaeden.de\/stade\/utamtsi-kaffee-neu-im-sortiment\/","title":{"rendered":"Utamtsi-Kaffee aus Lilienthal bei Bremen"},"content":{"rendered":"<h2>Die R\u00f6sterei \u201eUtamtsi\u201c aus Lilienthal bei Bremen produziert Fairtrade-Kaffee<\/h2>\n<h2>Der Weltladen \u201eKapitel 17\u201c verkauft ihn<\/h2>\n<p>&nbsp;<\/p>\n<p>Utamtsi-Kaffee ist ein echter Genuss: schonend ger\u00f6stet, mild, s\u00e4urearm und wohlschmeckend. Kaffeegenie\u00dfern bietet Utamtsi eine spannende Vielfalt: kernig-kr\u00e4ftigen Espresso, vollmundigen Sch\u00fcmli, ausgewogene Mischungen.<\/p>\n<p>\u201eBei der Suche, f\u00fcr unseren Weltladen regionale Produzenten in unsere Produktpalette aufzunehmen, sind wir auf die <strong>Firma Utamtsi aus Lilienthal<\/strong> gesto\u00dfen\u201c. Utamtsi stehe, so Christiane Hu\u00df, Gesch\u00e4ftsf\u00fchrerin der Stader Bibel- und Missionsgesellschaft, f\u00fcr direkten und fairen Handel sowie f\u00fcr \u00f6konomische, soziale und \u00f6kologische Nachhaltigkeit. Faire Bedingungen, die die Lebensgrundlagen aller an der Wertsch\u00f6pfungskette Beteiligten langfristig sichern \u2013 das verstehe das Unternehmen Utamtsi unter nachhaltigem Handeln. \u201eIndem Utamtsi die Lieferbeziehungen direkt, fair und langfristig gestalten, wird sichergestellt, dass die Bauern auch weiterhin Kaffee h\u00f6chster Qualit\u00e4t auf \u00f6kologisch vertr\u00e4gliche Art erzeugen k\u00f6nnen\u201c, so Hu\u00df.<\/p>\n<p>In der kamerunischen Nufi-Sprache hei\u00dft Utamtsi folgendes: <strong>U <\/strong>hei\u00dft \u201eWir\u201c und bedeutet \u201egemeinsam\u201c. <strong>TAM <\/strong>hei\u00dft \u201ebegegnen\u201c und bedeutet \u201eDie Geschichte der Menschheit ist von st\u00e4ndiger Begegnung gepr\u00e4gt\u201c. <strong>TSI <\/strong>hei\u00dft \u201eWasser\u201c und bedeutet \u201eUraltes Heilmittel, das Kraft schenkt\u201c.<\/p>\n<p>Utamtsi-Kaffee wird seit mehr als 10 Jahren in Worphausen bei Bremen ger\u00f6stet und verpackt.\u00a0 Dabei wird der Kaffee mehrmals per Hand sortiert. So landet am Ende nur reinster Kaffee in der Kaffeetasse. Bei der Langzeitr\u00f6stung von mindestens 17 Minuten, nicht hei\u00dfer als 200 \u00b0C, verliert der Kaffee an S\u00e4ure und gewinnt an Aroma. Das Verpacken des Kaffees \u00fcbernehmen Bewohner des Niels-Stensen-Haus in Worphausen.<\/p>\n<p>Ob gemahlen, in ganzer Bohne oder entkoffeiniert: \u201eFair gehandelt, regional ger\u00f6stet und von Menschen mit k\u00f6rperlichen Einschr\u00e4nkungen verpackt, ein gutes Argument f\u00fcr den Kauf dieses Kaffees.<\/p>\n<p>Bei unserem <strong><a href=\"https:\/\/weltlaeden.de\/stade\/stader-kaffee\/\">&#8222;Stader Kaffee&#8220;<\/a> <\/strong>handelt es sich um eine s\u00e4urearme, kr\u00e4ftige und muntere Arabica-Robusta-Mischung von Utamtsi.<\/p>\n<p><a href=\"https:\/\/www.utamtsi-kaffee.com\/startseite-2\/\">Hier geht es zur Website von Utamtsi-Kaffee<\/a><\/p>\n<p><img loading=\"lazy\" decoding=\"async\" class=\"alignnone wp-image-5597 aligncenter\" src=\"https:\/\/cdn.shortpixel.ai\/client\/q_glossy,ret_img,w_259\/https:\/\/kapitel17.de\/wp-content\/uploads\/2020\/08\/SetWidth300-uganda-kaffee-packshot-259x300.png\" alt=\"\" width=\"307\" height=\"356\" \/><\/p>\n","protected":false},"excerpt":{"rendered":"<p>Die R\u00f6sterei \u201eUtamtsi\u201c aus Lilienthal bei Bremen produziert Fairtrade-Kaffee Der Weltladen \u201eKapitel 17\u201c verkauft ihn &nbsp; Utamtsi-Kaffee ist ein echter Genuss: schonend ger\u00f6stet, mild, s\u00e4urearm und wohlschmeckend. Kaffeegenie\u00dfern bietet Utamtsi eine spannende Vielfalt: kernig-kr\u00e4ftigen Espresso, vollmundigen Sch\u00fcmli, ausgewogene Mischungen. \u201eBei der Suche, f\u00fcr unseren Weltladen regionale Produzenten in unsere Produktpalette aufzunehmen, sind wir auf die&hellip;<\/p>\n","protected":false},"author":159,"featured_media":0,"parent":0,"menu_order":12,"comment_status":"closed","ping_status":"closed","template":"","meta":{"footnotes":""},"class_list":["post-834","page","type-page","status-publish","hentry","description-off"],"yoast_head":"<!-- This site is optimized with the Yoast SEO plugin v26.8 - https:\/\/yoast.com\/product\/yoast-seo-wordpress\/ -->\n<title>Utamtsi-Kaffee aus Lilienthal bei Bremen - Weltgruppe Stade<\/title>\n<meta name=\"robots\" content=\"index, follow, max-snippet:-1, max-image-preview:large, max-video-preview:-1\" \/>\n<link rel=\"canonical\" href=\"https:\/\/weltlaeden.de\/stade\/utamtsi-kaffee-neu-im-sortiment\/\" \/>\n<meta property=\"og:locale\" content=\"de_DE\" \/>\n<meta property=\"og:type\" content=\"article\" \/>\n<meta property=\"og:title\" content=\"Utamtsi-Kaffee aus Lilienthal bei Bremen - Weltgruppe Stade\" \/>\n<meta property=\"og:description\" content=\"Die R\u00f6sterei \u201eUtamtsi\u201c aus Lilienthal bei Bremen produziert Fairtrade-Kaffee Der Weltladen \u201eKapitel 17\u201c verkauft ihn &nbsp; Utamtsi-Kaffee ist ein echter Genuss: schonend ger\u00f6stet, mild, s\u00e4urearm und wohlschmeckend. Kaffeegenie\u00dfern bietet Utamtsi eine spannende Vielfalt: kernig-kr\u00e4ftigen Espresso, vollmundigen Sch\u00fcmli, ausgewogene Mischungen. \u201eBei der Suche, f\u00fcr unseren Weltladen regionale Produzenten in unsere Produktpalette aufzunehmen, sind wir auf die&hellip;\" \/>\n<meta property=\"og:url\" content=\"https:\/\/weltlaeden.de\/stade\/utamtsi-kaffee-neu-im-sortiment\/\" \/>\n<meta property=\"og:site_name\" content=\"Weltgruppe Stade\" \/>\n<meta property=\"article:modified_time\" content=\"2020-10-27T17:44:30+00:00\" \/>\n<meta property=\"og:image\" content=\"https:\/\/cdn.shortpixel.ai\/client\/q_glossy,ret_img,w_259\/https:\/\/kapitel17.de\/wp-content\/uploads\/2020\/08\/SetWidth300-uganda-kaffee-packshot-259x300.png\" \/>\n<meta name=\"twitter:card\" content=\"summary_large_image\" \/>\n<meta name=\"twitter:label1\" content=\"Gesch\u00e4tzte Lesezeit\" \/>\n\t<meta name=\"twitter:data1\" content=\"2\u00a0Minuten\" \/>\n<script type=\"application\/ld+json\" class=\"yoast-schema-graph\">{\"@context\":\"https:\/\/schema.org\",\"@graph\":[{\"@type\":\"WebPage\",\"@id\":\"https:\/\/weltlaeden.de\/stade\/utamtsi-kaffee-neu-im-sortiment\/\",\"url\":\"https:\/\/weltlaeden.de\/stade\/utamtsi-kaffee-neu-im-sortiment\/\",\"name\":\"Utamtsi-Kaffee aus Lilienthal bei Bremen - Weltgruppe Stade\",\"isPartOf\":{\"@id\":\"https:\/\/weltlaeden.de\/stade\/#website\"},\"primaryImageOfPage\":{\"@id\":\"https:\/\/weltlaeden.de\/stade\/utamtsi-kaffee-neu-im-sortiment\/#primaryimage\"},\"image\":{\"@id\":\"https:\/\/weltlaeden.de\/stade\/utamtsi-kaffee-neu-im-sortiment\/#primaryimage\"},\"thumbnailUrl\":\"https:\/\/cdn.shortpixel.ai\/client\/q_glossy,ret_img,w_259\/https:\/\/kapitel17.de\/wp-content\/uploads\/2020\/08\/SetWidth300-uganda-kaffee-packshot-259x300.png\",\"datePublished\":\"2020-08-10T16:44:33+00:00\",\"dateModified\":\"2020-10-27T17:44:30+00:00\",\"breadcrumb\":{\"@id\":\"https:\/\/weltlaeden.de\/stade\/utamtsi-kaffee-neu-im-sortiment\/#breadcrumb\"},\"inLanguage\":\"de\",\"potentialAction\":[{\"@type\":\"ReadAction\",\"target\":[\"https:\/\/weltlaeden.de\/stade\/utamtsi-kaffee-neu-im-sortiment\/\"]}]},{\"@type\":\"ImageObject\",\"inLanguage\":\"de\",\"@id\":\"https:\/\/weltlaeden.de\/stade\/utamtsi-kaffee-neu-im-sortiment\/#primaryimage\",\"url\":\"https:\/\/cdn.shortpixel.ai\/client\/q_glossy,ret_img,w_259\/https:\/\/kapitel17.de\/wp-content\/uploads\/2020\/08\/SetWidth300-uganda-kaffee-packshot-259x300.png\",\"contentUrl\":\"https:\/\/cdn.shortpixel.ai\/client\/q_glossy,ret_img,w_259\/https:\/\/kapitel17.de\/wp-content\/uploads\/2020\/08\/SetWidth300-uganda-kaffee-packshot-259x300.png\"},{\"@type\":\"BreadcrumbList\",\"@id\":\"https:\/\/weltlaeden.de\/stade\/utamtsi-kaffee-neu-im-sortiment\/#breadcrumb\",\"itemListElement\":[{\"@type\":\"ListItem\",\"position\":1,\"name\":\"Startseite\",\"item\":\"https:\/\/weltlaeden.de\/stade\/\"},{\"@type\":\"ListItem\",\"position\":2,\"name\":\"Utamtsi-Kaffee aus Lilienthal bei Bremen\"}]},{\"@type\":\"WebSite\",\"@id\":\"https:\/\/weltlaeden.de\/stade\/#website\",\"url\":\"https:\/\/weltlaeden.de\/stade\/\",\"name\":\"Weltgruppe Stade\",\"description\":\"Ihr Weltladen-Angebot in Stade\",\"potentialAction\":[{\"@type\":\"SearchAction\",\"target\":{\"@type\":\"EntryPoint\",\"urlTemplate\":\"https:\/\/weltlaeden.de\/stade\/?s={search_term_string}\"},\"query-input\":{\"@type\":\"PropertyValueSpecification\",\"valueRequired\":true,\"valueName\":\"search_term_string\"}}],\"inLanguage\":\"de\"}]}<\/script>\n<!-- \/ Yoast SEO plugin. -->","yoast_head_json":{"title":"Utamtsi-Kaffee aus Lilienthal bei Bremen - Weltgruppe Stade","robots":{"index":"index","follow":"follow","max-snippet":"max-snippet:-1","max-image-preview":"max-image-preview:large","max-video-preview":"max-video-preview:-1"},"canonical":"https:\/\/weltlaeden.de\/stade\/utamtsi-kaffee-neu-im-sortiment\/","og_locale":"de_DE","og_type":"article","og_title":"Utamtsi-Kaffee aus Lilienthal bei Bremen - Weltgruppe Stade","og_description":"Die R\u00f6sterei \u201eUtamtsi\u201c aus Lilienthal bei Bremen produziert Fairtrade-Kaffee Der Weltladen \u201eKapitel 17\u201c verkauft ihn &nbsp; Utamtsi-Kaffee ist ein echter Genuss: schonend ger\u00f6stet, mild, s\u00e4urearm und wohlschmeckend. Kaffeegenie\u00dfern bietet Utamtsi eine spannende Vielfalt: kernig-kr\u00e4ftigen Espresso, vollmundigen Sch\u00fcmli, ausgewogene Mischungen. \u201eBei der Suche, f\u00fcr unseren Weltladen regionale Produzenten in unsere Produktpalette aufzunehmen, sind wir auf die&hellip;","og_url":"https:\/\/weltlaeden.de\/stade\/utamtsi-kaffee-neu-im-sortiment\/","og_site_name":"Weltgruppe Stade","article_modified_time":"2020-10-27T17:44:30+00:00","og_image":[{"url":"https:\/\/cdn.shortpixel.ai\/client\/q_glossy,ret_img,w_259\/https:\/\/kapitel17.de\/wp-content\/uploads\/2020\/08\/SetWidth300-uganda-kaffee-packshot-259x300.png","type":"","width":"","height":""}],"twitter_card":"summary_large_image","twitter_misc":{"Gesch\u00e4tzte Lesezeit":"2\u00a0Minuten"},"schema":{"@context":"https:\/\/schema.org","@graph":[{"@type":"WebPage","@id":"https:\/\/weltlaeden.de\/stade\/utamtsi-kaffee-neu-im-sortiment\/","url":"https:\/\/weltlaeden.de\/stade\/utamtsi-kaffee-neu-im-sortiment\/","name":"Utamtsi-Kaffee aus Lilienthal bei Bremen - Weltgruppe Stade","isPartOf":{"@id":"https:\/\/weltlaeden.de\/stade\/#website"},"primaryImageOfPage":{"@id":"https:\/\/weltlaeden.de\/stade\/utamtsi-kaffee-neu-im-sortiment\/#primaryimage"},"image":{"@id":"https:\/\/weltlaeden.de\/stade\/utamtsi-kaffee-neu-im-sortiment\/#primaryimage"},"thumbnailUrl":"https:\/\/cdn.shortpixel.ai\/client\/q_glossy,ret_img,w_259\/https:\/\/kapitel17.de\/wp-content\/uploads\/2020\/08\/SetWidth300-uganda-kaffee-packshot-259x300.png","datePublished":"2020-08-10T16:44:33+00:00","dateModified":"2020-10-27T17:44:30+00:00","breadcrumb":{"@id":"https:\/\/weltlaeden.de\/stade\/utamtsi-kaffee-neu-im-sortiment\/#breadcrumb"},"inLanguage":"de","potentialAction":[{"@type":"ReadAction","target":["https:\/\/weltlaeden.de\/stade\/utamtsi-kaffee-neu-im-sortiment\/"]}]},{"@type":"ImageObject","inLanguage":"de","@id":"https:\/\/weltlaeden.de\/stade\/utamtsi-kaffee-neu-im-sortiment\/#primaryimage","url":"https:\/\/cdn.shortpixel.ai\/client\/q_glossy,ret_img,w_259\/https:\/\/kapitel17.de\/wp-content\/uploads\/2020\/08\/SetWidth300-uganda-kaffee-packshot-259x300.png","contentUrl":"https:\/\/cdn.shortpixel.ai\/client\/q_glossy,ret_img,w_259\/https:\/\/kapitel17.de\/wp-content\/uploads\/2020\/08\/SetWidth300-uganda-kaffee-packshot-259x300.png"},{"@type":"BreadcrumbList","@id":"https:\/\/weltlaeden.de\/stade\/utamtsi-kaffee-neu-im-sortiment\/#breadcrumb","itemListElement":[{"@type":"ListItem","position":1,"name":"Startseite","item":"https:\/\/weltlaeden.de\/stade\/"},{"@type":"ListItem","position":2,"name":"Utamtsi-Kaffee aus Lilienthal bei Bremen"}]},{"@type":"WebSite","@id":"https:\/\/weltlaeden.de\/stade\/#website","url":"https:\/\/weltlaeden.de\/stade\/","name":"Weltgruppe Stade","description":"Ihr Weltladen-Angebot in Stade","potentialAction":[{"@type":"SearchAction","target":{"@type":"EntryPoint","urlTemplate":"https:\/\/weltlaeden.de\/stade\/?s={search_term_string}"},"query-input":{"@type":"PropertyValueSpecification","valueRequired":true,"valueName":"search_term_string"}}],"inLanguage":"de"}]}},"_links":{"self":[{"href":"https:\/\/weltlaeden.de\/stade\/wp-json\/wp\/v2\/pages\/834","targetHints":{"allow":["GET"]}}],"collection":[{"href":"https:\/\/weltlaeden.de\/stade\/wp-json\/wp\/v2\/pages"}],"about":[{"href":"https:\/\/weltlaeden.de\/stade\/wp-json\/wp\/v2\/types\/page"}],"author":[{"embeddable":true,"href":"https:\/\/weltlaeden.de\/stade\/wp-json\/wp\/v2\/users\/159"}],"replies":[{"embeddable":true,"href":"https:\/\/weltlaeden.de\/stade\/wp-json\/wp\/v2\/comments?post=834"}],"version-history":[{"count":6,"href":"https:\/\/weltlaeden.de\/stade\/wp-json\/wp\/v2\/pages\/834\/revisions"}],"predecessor-version":[{"id":872,"href":"https:\/\/weltlaeden.de\/stade\/wp-json\/wp\/v2\/pages\/834\/revisions\/872"}],"wp:attachment":[{"href":"https:\/\/weltlaeden.de\/stade\/wp-json\/wp\/v2\/media?parent=834"}],"curies":[{"name":"wp","href":"https:\/\/api.w.org\/{rel}","templated":true}]}}