{"id":361,"date":"2018-04-05T09:52:53","date_gmt":"2018-04-05T07:52:53","guid":{"rendered":"https:\/\/weltlaeden.de\/stade\/?page_id=361"},"modified":"2026-03-16T11:52:09","modified_gmt":"2026-03-16T10:52:09","slug":"orangen-2023","status":"publish","type":"page","link":"https:\/\/weltlaeden.de\/stade\/orangen-2023\/","title":{"rendered":"Orangen"},"content":{"rendered":"<div class=\"wpb-content-wrapper\"><p>[vc_row][vc_column]<div class=\"wl_einzelbild\"><p><img loading=\"lazy\" decoding=\"async\" class=\"aligncenter size-full wp-image-1118\" src=\"https:\/\/weltlaeden.de\/stade\/wp-content\/uploads\/sites\/104\/2022\/10\/Orange_rund-schwarz.jpg\" alt=\"\" width=\"1166\" height=\"1166\" srcset=\"https:\/\/weltlaeden.de\/stade\/wp-content\/uploads\/sites\/104\/2022\/10\/Orange_rund-schwarz.jpg 1166w, https:\/\/weltlaeden.de\/stade\/wp-content\/uploads\/sites\/104\/2022\/10\/Orange_rund-schwarz-300x300.jpg 300w, https:\/\/weltlaeden.de\/stade\/wp-content\/uploads\/sites\/104\/2022\/10\/Orange_rund-schwarz-1024x1024.jpg 1024w, https:\/\/weltlaeden.de\/stade\/wp-content\/uploads\/sites\/104\/2022\/10\/Orange_rund-schwarz-150x150.jpg 150w, https:\/\/weltlaeden.de\/stade\/wp-content\/uploads\/sites\/104\/2022\/10\/Orange_rund-schwarz-768x768.jpg 768w\" sizes=\"auto, (max-width: 1166px) 100vw, 1166px\" \/><\/p><\/div>[vc_column_text css=&#8220;&#8220;]<\/p>\n<h1 style=\"text-align: center\"><\/h1>\n<p style=\"text-align: center\"><span style=\"color: #000000\">In der Wintersaison 2025\/2026<\/span><span style=\"color: #000000\"> wurden 19 Tonnen Fr\u00fcchte ohne Gift und Sklaverei an 12 Orte zwischen Stockelsdorf bei L\u00fcbeck und Burgdorf ausgeliefert<\/span><span style=\"color: #000000\">.<\/span><\/p>\n<p style=\"text-align: center\"><span style=\"color: #000000\">Herzlichen Dank an alle BestellerInnen.<\/span><\/p>\n<h3 style=\"text-align: center\"><\/h3>\n<p>&nbsp;<\/p>\n<p style=\"text-align: center\">Die Weltgruppe Stade organisiert in der vierten Saison die Aktion \u201eOrangen ohne Gift und Sklaverei\u201c, eine Sammelbestellung \u00f6kologisch angebauter, fair gehandelter Orangen aus Rosarno in Kalabrien. F\u00fcr frische Orangen in unseren Superm\u00e4rkten werden afrikanische Migranten auf Plantagen in Italien ausgebeutet. Meist von Kleinbauern, die selbst unter gro\u00dfem Preisdruck stehen. Der Verein SOS Rosarno in S\u00fcditalien stellt sich dem entgegen und verkauft faire Orangen ohne Zwischenh\u00e4ndler.<\/p>\n<h1 style=\"text-align: center\"><\/h1>\n<p>&nbsp;<\/p>\n<p>[\/vc_column_text]<div class=\"wl_einzelbild\"><p><img loading=\"lazy\" decoding=\"async\" class=\"aligncenter size-full wp-image-1326\" src=\"https:\/\/weltlaeden.de\/stade\/wp-content\/uploads\/sites\/104\/2023\/12\/Orangen-Karte-midRes.jpg\" alt=\"\" width=\"1190\" height=\"1684\" srcset=\"https:\/\/weltlaeden.de\/stade\/wp-content\/uploads\/sites\/104\/2023\/12\/Orangen-Karte-midRes.jpg 1190w, https:\/\/weltlaeden.de\/stade\/wp-content\/uploads\/sites\/104\/2023\/12\/Orangen-Karte-midRes-212x300.jpg 212w, https:\/\/weltlaeden.de\/stade\/wp-content\/uploads\/sites\/104\/2023\/12\/Orangen-Karte-midRes-724x1024.jpg 724w, https:\/\/weltlaeden.de\/stade\/wp-content\/uploads\/sites\/104\/2023\/12\/Orangen-Karte-midRes-768x1087.jpg 768w, https:\/\/weltlaeden.de\/stade\/wp-content\/uploads\/sites\/104\/2023\/12\/Orangen-Karte-midRes-1085x1536.jpg 1085w\" sizes=\"auto, (max-width: 1190px) 100vw, 1190px\" \/><\/p><\/div>[vc_column_text css=&#8220;&#8220;]Seit 2022 wurden inzwischen <strong>44 Tonnen kalabrischer Orangen ohne Gift und Sklaverei<\/strong> durch die Weltgruppe Stade in Rosarno bestellt und an zahlreiche Orte in Norddeutschland ausgeliefert. Herzlichen Dank an die vielen Besteller:innen, Privatpersonen und Institutionen, die uns bei dieser Aktion unterst\u00fctzt haben.<\/p>\n<p>Mit Ihrer Hilfe kann die Kooperative SOS Rosarno die Kleinbauern unterst\u00fctzen, sich dem Preisdruck der Gro\u00dfhandelskonzerne zu entziehen. Und den Erntehelfern werden legale Arbeitsverh\u00e4ltnisse und damit ein menschenw\u00fcrdiges Leben erm\u00f6glicht.<\/p>\n<p>Durch diese gro\u00dfe Unterst\u00fctzung konnte ein Spendenbetrag in vierstelliger H\u00f6he erwirtschaftet werden, der nun an die Hilfsorganisation &#8222;Mediterranean Hope&#8220; und SOS Rosarno weitergegeben werden kann.<\/p>\n<p>Die Spendengelder flie\u00dfen z. B. in folgende Projekte:<\/p>\n<p><img loading=\"lazy\" decoding=\"async\" class=\"wp-image-1473 alignleft\" src=\"https:\/\/weltlaeden.de\/stade\/wp-content\/uploads\/sites\/104\/2024\/10\/Lichter-auf-rosarno.jpg\" alt=\"\" width=\"375\" height=\"227\" srcset=\"https:\/\/weltlaeden.de\/stade\/wp-content\/uploads\/sites\/104\/2024\/10\/Lichter-auf-rosarno.jpg 960w, https:\/\/weltlaeden.de\/stade\/wp-content\/uploads\/sites\/104\/2024\/10\/Lichter-auf-rosarno-300x182.jpg 300w, https:\/\/weltlaeden.de\/stade\/wp-content\/uploads\/sites\/104\/2024\/10\/Lichter-auf-rosarno-768x466.jpg 768w\" sizes=\"auto, (max-width: 375px) 100vw, 375px\" \/><strong><span style=\"color: #ff6600\">&#8222;Lichter auf Rosarno&#8220;:<\/span><\/strong> Dieses Projekt hat als Ziel die Pr\u00e4vention von Verkehrsunf\u00e4llen, deren Opfer oft Wanderarbeiter sind. Diese m\u00fcssen meist mit ihren Fahrr\u00e4dern, ohne Lichter und R\u00fcckstrahler auf dunklen Stra\u00dfen fahren. \u201eLichter auf Rosarno\u201c hat schon die Errichtung einer Photovoltaik in der N\u00e4he der Gebiete, in denen Migranten wohnen, sowie die Verteilung von Sicherheitswesten erm\u00f6glicht.<\/p>\n<p><img loading=\"lazy\" decoding=\"async\" class=\"image-result__image alignleft\" src=\"https:\/\/tse1.mm.bing.net\/th?id=OIP.9e3rmO7u4XQyM7Cwi_Y25gHaEZ&amp;pid=Api\" alt=\"Delegation der EKvW besucht Gefl\u00fcchtetenprogramm Mediterranean Hope in ...\" width=\"223\" height=\"132\" data-v-2d6ced80=\"\" \/><span style=\"color: #ff6600\"><strong>&#8222;Haus der W\u00fcrde&#8220;:<\/strong><\/span> In Kalabrien wird seit 2022 das erste italienische Solidarit\u00e4tswohnheim betrieben. F\u00fcr die afrikanischen Erntearbeiter ist das eine echte Alternative zu den Slums ohne Wasser, Strom und Heizung, die sie bislang bewohnten.<\/p>\n<p>&nbsp;<\/p>\n<p><span style=\"color: #ff6600\"><strong>&#8222;Verbesserung der Lebensbeingungen der Bev\u00f6lkerung vor Ort&#8220;<\/strong><\/span> durch Sportangebote, M\u00fcllsammelaktionen, Versch\u00f6nerung des Strands, Schaffung von Begegnungsm\u00f6glichkeiten.<\/p>\n<p>&nbsp;<\/p>\n<p>Mehr Infos zum Orangen-Projekt finden Sie<a href=\"https:\/\/www.ked-niedersachsen.de\/03_themen\/03-06-Orangen-Projekt\"> hier<\/a>[\/vc_column_text][\/vc_column][\/vc_row]<\/p>\n<\/div>","protected":false},"excerpt":{"rendered":"<p>[vc_row][vc_column][vc_column_text css=&#8220;&#8220;] In der Wintersaison 2025\/2026 wurden 19 Tonnen Fr\u00fcchte ohne Gift und Sklaverei an 12 Orte zwischen Stockelsdorf bei L\u00fcbeck und Burgdorf ausgeliefert. Herzlichen Dank an alle BestellerInnen. &nbsp; Die Weltgruppe Stade organisiert in der vierten Saison die Aktion \u201eOrangen ohne Gift und Sklaverei\u201c, eine Sammelbestellung \u00f6kologisch angebauter, fair gehandelter Orangen aus Rosarno in&hellip;<\/p>\n","protected":false},"author":1,"featured_media":0,"parent":0,"menu_order":18,"comment_status":"closed","ping_status":"closed","template":"","meta":{"footnotes":""},"class_list":["post-361","page","type-page","status-publish","hentry","description-off"],"yoast_head":"<!-- This site is optimized with the Yoast SEO plugin v26.8 - https:\/\/yoast.com\/product\/yoast-seo-wordpress\/ -->\n<title>Orangen - Weltgruppe Stade<\/title>\n<meta name=\"robots\" content=\"index, follow, max-snippet:-1, max-image-preview:large, max-video-preview:-1\" \/>\n<link rel=\"canonical\" href=\"https:\/\/weltlaeden.de\/stade\/orangen-2023\/\" \/>\n<meta property=\"og:locale\" content=\"de_DE\" \/>\n<meta property=\"og:type\" content=\"article\" \/>\n<meta property=\"og:title\" content=\"Orangen - Weltgruppe Stade\" \/>\n<meta property=\"og:description\" content=\"[vc_row][vc_column][vc_column_text css=&#8220;&#8220;] In der Wintersaison 2025\/2026 wurden 19 Tonnen Fr\u00fcchte ohne Gift und Sklaverei an 12 Orte zwischen Stockelsdorf bei L\u00fcbeck und Burgdorf ausgeliefert. Herzlichen Dank an alle BestellerInnen. &nbsp; Die Weltgruppe Stade organisiert in der vierten Saison die Aktion \u201eOrangen ohne Gift und Sklaverei\u201c, eine Sammelbestellung \u00f6kologisch angebauter, fair gehandelter Orangen aus Rosarno in&hellip;\" \/>\n<meta property=\"og:url\" content=\"https:\/\/weltlaeden.de\/stade\/orangen-2023\/\" \/>\n<meta property=\"og:site_name\" content=\"Weltgruppe Stade\" \/>\n<meta property=\"article:modified_time\" content=\"2026-03-16T10:52:09+00:00\" \/>\n<meta property=\"og:image\" content=\"https:\/\/weltlaeden.de\/stade\/wp-content\/uploads\/sites\/104\/2022\/10\/Orange_rund-schwarz.jpg\" \/>\n\t<meta property=\"og:image:width\" content=\"1166\" \/>\n\t<meta property=\"og:image:height\" content=\"1166\" \/>\n\t<meta property=\"og:image:type\" content=\"image\/jpeg\" \/>\n<meta name=\"twitter:card\" content=\"summary_large_image\" \/>\n<meta name=\"twitter:label1\" content=\"Gesch\u00e4tzte Lesezeit\" \/>\n\t<meta name=\"twitter:data1\" content=\"3\u00a0Minuten\" \/>\n<script type=\"application\/ld+json\" class=\"yoast-schema-graph\">{\"@context\":\"https:\/\/schema.org\",\"@graph\":[{\"@type\":\"WebPage\",\"@id\":\"https:\/\/weltlaeden.de\/stade\/orangen-2023\/\",\"url\":\"https:\/\/weltlaeden.de\/stade\/orangen-2023\/\",\"name\":\"Orangen - Weltgruppe Stade\",\"isPartOf\":{\"@id\":\"https:\/\/weltlaeden.de\/stade\/#website\"},\"primaryImageOfPage\":{\"@id\":\"https:\/\/weltlaeden.de\/stade\/orangen-2023\/#primaryimage\"},\"image\":{\"@id\":\"https:\/\/weltlaeden.de\/stade\/orangen-2023\/#primaryimage\"},\"thumbnailUrl\":\"https:\/\/weltlaeden.de\/stade\/wp-content\/uploads\/sites\/104\/2022\/10\/Orange_rund-schwarz.jpg\",\"datePublished\":\"2018-04-05T07:52:53+00:00\",\"dateModified\":\"2026-03-16T10:52:09+00:00\",\"breadcrumb\":{\"@id\":\"https:\/\/weltlaeden.de\/stade\/orangen-2023\/#breadcrumb\"},\"inLanguage\":\"de\",\"potentialAction\":[{\"@type\":\"ReadAction\",\"target\":[\"https:\/\/weltlaeden.de\/stade\/orangen-2023\/\"]}]},{\"@type\":\"ImageObject\",\"inLanguage\":\"de\",\"@id\":\"https:\/\/weltlaeden.de\/stade\/orangen-2023\/#primaryimage\",\"url\":\"https:\/\/weltlaeden.de\/stade\/wp-content\/uploads\/sites\/104\/2022\/10\/Orange_rund-schwarz.jpg\",\"contentUrl\":\"https:\/\/weltlaeden.de\/stade\/wp-content\/uploads\/sites\/104\/2022\/10\/Orange_rund-schwarz.jpg\",\"width\":1166,\"height\":1166},{\"@type\":\"BreadcrumbList\",\"@id\":\"https:\/\/weltlaeden.de\/stade\/orangen-2023\/#breadcrumb\",\"itemListElement\":[{\"@type\":\"ListItem\",\"position\":1,\"name\":\"Startseite\",\"item\":\"https:\/\/weltlaeden.de\/stade\/\"},{\"@type\":\"ListItem\",\"position\":2,\"name\":\"Orangen\"}]},{\"@type\":\"WebSite\",\"@id\":\"https:\/\/weltlaeden.de\/stade\/#website\",\"url\":\"https:\/\/weltlaeden.de\/stade\/\",\"name\":\"Weltgruppe Stade\",\"description\":\"Ihr Weltladen-Angebot in Stade\",\"potentialAction\":[{\"@type\":\"SearchAction\",\"target\":{\"@type\":\"EntryPoint\",\"urlTemplate\":\"https:\/\/weltlaeden.de\/stade\/?s={search_term_string}\"},\"query-input\":{\"@type\":\"PropertyValueSpecification\",\"valueRequired\":true,\"valueName\":\"search_term_string\"}}],\"inLanguage\":\"de\"}]}<\/script>\n<!-- \/ Yoast SEO plugin. -->","yoast_head_json":{"title":"Orangen - Weltgruppe Stade","robots":{"index":"index","follow":"follow","max-snippet":"max-snippet:-1","max-image-preview":"max-image-preview:large","max-video-preview":"max-video-preview:-1"},"canonical":"https:\/\/weltlaeden.de\/stade\/orangen-2023\/","og_locale":"de_DE","og_type":"article","og_title":"Orangen - Weltgruppe Stade","og_description":"[vc_row][vc_column][vc_column_text css=&#8220;&#8220;] In der Wintersaison 2025\/2026 wurden 19 Tonnen Fr\u00fcchte ohne Gift und Sklaverei an 12 Orte zwischen Stockelsdorf bei L\u00fcbeck und Burgdorf ausgeliefert. Herzlichen Dank an alle BestellerInnen. &nbsp; Die Weltgruppe Stade organisiert in der vierten Saison die Aktion \u201eOrangen ohne Gift und Sklaverei\u201c, eine Sammelbestellung \u00f6kologisch angebauter, fair gehandelter Orangen aus Rosarno in&hellip;","og_url":"https:\/\/weltlaeden.de\/stade\/orangen-2023\/","og_site_name":"Weltgruppe Stade","article_modified_time":"2026-03-16T10:52:09+00:00","og_image":[{"width":1166,"height":1166,"url":"https:\/\/weltlaeden.de\/stade\/wp-content\/uploads\/sites\/104\/2022\/10\/Orange_rund-schwarz.jpg","type":"image\/jpeg"}],"twitter_card":"summary_large_image","twitter_misc":{"Gesch\u00e4tzte Lesezeit":"3\u00a0Minuten"},"schema":{"@context":"https:\/\/schema.org","@graph":[{"@type":"WebPage","@id":"https:\/\/weltlaeden.de\/stade\/orangen-2023\/","url":"https:\/\/weltlaeden.de\/stade\/orangen-2023\/","name":"Orangen - Weltgruppe Stade","isPartOf":{"@id":"https:\/\/weltlaeden.de\/stade\/#website"},"primaryImageOfPage":{"@id":"https:\/\/weltlaeden.de\/stade\/orangen-2023\/#primaryimage"},"image":{"@id":"https:\/\/weltlaeden.de\/stade\/orangen-2023\/#primaryimage"},"thumbnailUrl":"https:\/\/weltlaeden.de\/stade\/wp-content\/uploads\/sites\/104\/2022\/10\/Orange_rund-schwarz.jpg","datePublished":"2018-04-05T07:52:53+00:00","dateModified":"2026-03-16T10:52:09+00:00","breadcrumb":{"@id":"https:\/\/weltlaeden.de\/stade\/orangen-2023\/#breadcrumb"},"inLanguage":"de","potentialAction":[{"@type":"ReadAction","target":["https:\/\/weltlaeden.de\/stade\/orangen-2023\/"]}]},{"@type":"ImageObject","inLanguage":"de","@id":"https:\/\/weltlaeden.de\/stade\/orangen-2023\/#primaryimage","url":"https:\/\/weltlaeden.de\/stade\/wp-content\/uploads\/sites\/104\/2022\/10\/Orange_rund-schwarz.jpg","contentUrl":"https:\/\/weltlaeden.de\/stade\/wp-content\/uploads\/sites\/104\/2022\/10\/Orange_rund-schwarz.jpg","width":1166,"height":1166},{"@type":"BreadcrumbList","@id":"https:\/\/weltlaeden.de\/stade\/orangen-2023\/#breadcrumb","itemListElement":[{"@type":"ListItem","position":1,"name":"Startseite","item":"https:\/\/weltlaeden.de\/stade\/"},{"@type":"ListItem","position":2,"name":"Orangen"}]},{"@type":"WebSite","@id":"https:\/\/weltlaeden.de\/stade\/#website","url":"https:\/\/weltlaeden.de\/stade\/","name":"Weltgruppe Stade","description":"Ihr Weltladen-Angebot in Stade","potentialAction":[{"@type":"SearchAction","target":{"@type":"EntryPoint","urlTemplate":"https:\/\/weltlaeden.de\/stade\/?s={search_term_string}"},"query-input":{"@type":"PropertyValueSpecification","valueRequired":true,"valueName":"search_term_string"}}],"inLanguage":"de"}]}},"_links":{"self":[{"href":"https:\/\/weltlaeden.de\/stade\/wp-json\/wp\/v2\/pages\/361","targetHints":{"allow":["GET"]}}],"collection":[{"href":"https:\/\/weltlaeden.de\/stade\/wp-json\/wp\/v2\/pages"}],"about":[{"href":"https:\/\/weltlaeden.de\/stade\/wp-json\/wp\/v2\/types\/page"}],"author":[{"embeddable":true,"href":"https:\/\/weltlaeden.de\/stade\/wp-json\/wp\/v2\/users\/1"}],"replies":[{"embeddable":true,"href":"https:\/\/weltlaeden.de\/stade\/wp-json\/wp\/v2\/comments?post=361"}],"version-history":[{"count":84,"href":"https:\/\/weltlaeden.de\/stade\/wp-json\/wp\/v2\/pages\/361\/revisions"}],"predecessor-version":[{"id":1406,"href":"https:\/\/weltlaeden.de\/stade\/wp-json\/wp\/v2\/pages\/361\/revisions\/1406"}],"wp:attachment":[{"href":"https:\/\/weltlaeden.de\/stade\/wp-json\/wp\/v2\/media?parent=361"}],"curies":[{"name":"wp","href":"https:\/\/api.w.org\/{rel}","templated":true}]}}