{"id":217,"date":"2016-10-28T13:34:47","date_gmt":"2016-10-28T11:34:47","guid":{"rendered":"https:\/\/wl.heimpixel.de\/vorlage\/produkte\/"},"modified":"2024-07-17T13:04:15","modified_gmt":"2024-07-17T11:04:15","slug":"produkte","status":"publish","type":"page","link":"https:\/\/weltlaeden.de\/stade\/produkte\/","title":{"rendered":"Produkte"},"content":{"rendered":"<div class=\"wpb-content-wrapper\"><p>[vc_row][vc_column]<div class=\"wl_einzelbild\"><p><img loading=\"lazy\" decoding=\"async\" class=\"aligncenter size-full wp-image-1386\" src=\"https:\/\/weltlaeden.de\/stade\/wp-content\/uploads\/sites\/104\/2024\/02\/Wein.jpg\" alt=\"\" width=\"2000\" height=\"1386\" srcset=\"https:\/\/weltlaeden.de\/stade\/wp-content\/uploads\/sites\/104\/2024\/02\/Wein.jpg 2000w, https:\/\/weltlaeden.de\/stade\/wp-content\/uploads\/sites\/104\/2024\/02\/Wein-300x208.jpg 300w, https:\/\/weltlaeden.de\/stade\/wp-content\/uploads\/sites\/104\/2024\/02\/Wein-1024x710.jpg 1024w, https:\/\/weltlaeden.de\/stade\/wp-content\/uploads\/sites\/104\/2024\/02\/Wein-768x532.jpg 768w, https:\/\/weltlaeden.de\/stade\/wp-content\/uploads\/sites\/104\/2024\/02\/Wein-1536x1064.jpg 1536w\" sizes=\"auto, (max-width: 2000px) 100vw, 2000px\" \/><\/p><\/div>[vc_empty_space][vc_column_text]<\/p>\n<h1>Unser Sortiment<\/h1>\n<p>[\/vc_column_text][vc_column_text]Wir bieten Ihnen eine Auswahl an verschiedenen Kaffee-Sorten aus fairem Handel als Bohne oder gemahlen, ebenso Espresso, Kakao und verschiedene Tees. Dar\u00fcber hinaus finden Sie in unserem Sortiment Gew\u00fcrze, Honig, Marmeladen, Schokolade, Kekse und Rohzucker. Zus\u00e4tzlich zu den Lebensmitteln bieten wir fair gehandeltes Kunsthandwerk, z. B. Schmuck, Kerzen, Geschirr, Lederwaren u. \u00e4..<\/p>\n<p>Bei uns finden Sie das besondere Geschenk &#8211; lassen Sie sich inspirieren.<\/p>\n<p>Noch ist unser Sortiment klein, aber wir sind dabei unser Angebot auszubauen. Es lohnt sich also, immer mal wieder hereinzuschauen.<\/p>\n<p>Sollten Sie besondere W\u00fcnsche haben, sprechen Sie uns gerne an. Gerne beliefern wir z. B. Ihren Betrieb mit &#8222;Stader Kaffee&#8220; oder wir stellen Ihnen ganz nach Wunsch Geschenkk\u00f6rbe mit fair gehandelten Waren zusammen. Sollte ein Artikel aus dem Angebot unserer Lieferanten nicht vorr\u00e4tig sein, besorgen wir ihn f\u00fcr Sie.[\/vc_column_text][vc_empty_space][\/vc_column][\/vc_row][vc_row][vc_column][vc_column_text]<\/p>\n<p>[\/vc_column_text][vc_empty_space][vc_row_inner][vc_column_inner width=&#8220;1\/2&#8243;][vc_column_text]<\/p>\n<h2>Kaffee<\/h2>\n<p>[\/vc_column_text]<div class=\"wl_einzelbild\"><p><img loading=\"lazy\" decoding=\"async\" class=\"alignnone wp-image-849 size-large\" src=\"https:\/\/weltlaeden.de\/stade\/wp-content\/uploads\/sites\/104\/2020\/08\/Utamtsi-2-1024x768.jpg\" alt=\"\" width=\"1024\" height=\"768\" srcset=\"https:\/\/weltlaeden.de\/stade\/wp-content\/uploads\/sites\/104\/2020\/08\/Utamtsi-2-1024x768.jpg 1024w, https:\/\/weltlaeden.de\/stade\/wp-content\/uploads\/sites\/104\/2020\/08\/Utamtsi-2-300x225.jpg 300w, https:\/\/weltlaeden.de\/stade\/wp-content\/uploads\/sites\/104\/2020\/08\/Utamtsi-2-768x576.jpg 768w, https:\/\/weltlaeden.de\/stade\/wp-content\/uploads\/sites\/104\/2020\/08\/Utamtsi-2.jpg 1920w\" sizes=\"auto, (max-width: 1024px) 100vw, 1024px\" \/><\/p><\/div>[vc_column_text css=&#8220;&#8220;]<a href=\"https:\/\/weltlaeden.de\/stade\/utamtsi-kaffee-neu-im-sortiment\/\">Utamtsi-Kaffee aus Lilienthal<\/a><\/p>\n<p><a href=\"https:\/\/weltlaeden.de\/stade\/stader-kaffee\/\" target=\"_blank\" rel=\"noopener\">Stader Kaffee<\/a><\/p>\n<p><a href=\"https:\/\/weltlaeden.de\/stade\/geniessen-sie-vor-ort\/\">Genie\u00dfen Sie vor Ort<\/a>[\/vc_column_text][\/vc_column_inner][vc_column_inner width=&#8220;1\/2&#8243;][vc_column_text]<\/p>\n<h2>Lebensmittel<\/h2>\n<p>[\/vc_column_text]<div class=\"wl_einzelbild\"><p><img loading=\"lazy\" decoding=\"async\" class=\"aligncenter size-full wp-image-1383\" src=\"https:\/\/weltlaeden.de\/stade\/wp-content\/uploads\/sites\/104\/2024\/02\/Wein-und-Schokolade.jpg\" alt=\"\" width=\"1500\" height=\"2000\" srcset=\"https:\/\/weltlaeden.de\/stade\/wp-content\/uploads\/sites\/104\/2024\/02\/Wein-und-Schokolade.jpg 1500w, https:\/\/weltlaeden.de\/stade\/wp-content\/uploads\/sites\/104\/2024\/02\/Wein-und-Schokolade-225x300.jpg 225w, https:\/\/weltlaeden.de\/stade\/wp-content\/uploads\/sites\/104\/2024\/02\/Wein-und-Schokolade-768x1024.jpg 768w, https:\/\/weltlaeden.de\/stade\/wp-content\/uploads\/sites\/104\/2024\/02\/Wein-und-Schokolade-1152x1536.jpg 1152w\" sizes=\"auto, (max-width: 1500px) 100vw, 1500px\" \/><\/p><\/div>[vc_column_text]Tee, Kakao, Schokolade, Honig, Kekse, Aufstriche, Marmelade,\u00a0 u. \u00e4.<\/p>\n<p><a href=\"https:\/\/weltlaeden.de\/stade\/mangos-fuer-kinderrechte\/\">Mangos f\u00fcr Kinderrechte<\/a><\/p>\n<p><a href=\"https:\/\/weltlaeden.de\/stade\/kokosmilch\/\">Kokosmilch<\/a><\/p>\n<p><a href=\"https:\/\/weltlaeden.de\/stade\/?page_id=1389&amp;preview=true\">Weine<\/a>[\/vc_column_text][\/vc_column_inner][\/vc_row_inner][\/vc_column][\/vc_row][vc_row][vc_column][vc_empty_space][\/vc_column][\/vc_row][vc_row][vc_column width=&#8220;1\/2&#8243;][vc_column_text]<\/p>\n<h2>Kunsthandwerk<\/h2>\n<p>[\/vc_column_text]<div class=\"wl_einzelbild\"><p><img loading=\"lazy\" decoding=\"async\" class=\"aligncenter size-full wp-image-1446\" src=\"https:\/\/weltlaeden.de\/stade\/wp-content\/uploads\/sites\/104\/2024\/07\/halskette_aus_fairem_handel.jpg\" alt=\"\" width=\"2048\" height=\"1366\" srcset=\"https:\/\/weltlaeden.de\/stade\/wp-content\/uploads\/sites\/104\/2024\/07\/halskette_aus_fairem_handel.jpg 2048w, https:\/\/weltlaeden.de\/stade\/wp-content\/uploads\/sites\/104\/2024\/07\/halskette_aus_fairem_handel-300x200.jpg 300w, https:\/\/weltlaeden.de\/stade\/wp-content\/uploads\/sites\/104\/2024\/07\/halskette_aus_fairem_handel-1024x683.jpg 1024w, https:\/\/weltlaeden.de\/stade\/wp-content\/uploads\/sites\/104\/2024\/07\/halskette_aus_fairem_handel-768x512.jpg 768w, https:\/\/weltlaeden.de\/stade\/wp-content\/uploads\/sites\/104\/2024\/07\/halskette_aus_fairem_handel-1536x1025.jpg 1536w\" sizes=\"auto, (max-width: 2048px) 100vw, 2048px\" \/><\/p><\/div>[vc_column_text css=&#8220;&#8220;]Schmuck, Kerzen, Dekoratives, Geschirr, Lederwaren, Accessoires u. \u00e4.<\/p>\n<p><a href=\"https:\/\/weltlaeden.de\/stade\/schmuck-neu\/\">Schmuck<\/a>[\/vc_column_text][\/vc_column][vc_column width=&#8220;1\/2&#8243;][vc_column_text]<\/p>\n<h2>Einzigartige Notizb\u00fccher<\/h2>\n<h2><\/h2>\n<p>[\/vc_column_text]<div class=\"wl_einzelbild\"><p><img loading=\"lazy\" decoding=\"async\" class=\"alignnone size-medium wp-image-1202\" src=\"https:\/\/weltlaeden.de\/stade\/wp-content\/uploads\/sites\/104\/2023\/02\/Notizbuecher-1-225x300.jpg\" alt=\"\" width=\"225\" height=\"300\" srcset=\"https:\/\/weltlaeden.de\/stade\/wp-content\/uploads\/sites\/104\/2023\/02\/Notizbuecher-1-225x300.jpg 225w, https:\/\/weltlaeden.de\/stade\/wp-content\/uploads\/sites\/104\/2023\/02\/Notizbuecher-1-768x1024.jpg 768w, https:\/\/weltlaeden.de\/stade\/wp-content\/uploads\/sites\/104\/2023\/02\/Notizbuecher-1-1152x1536.jpg 1152w, https:\/\/weltlaeden.de\/stade\/wp-content\/uploads\/sites\/104\/2023\/02\/Notizbuecher-1-scaled.jpg 1536w\" sizes=\"auto, (max-width: 225px) 100vw, 225px\" \/><\/p><\/div>[vc_column_text][\/vc_column_text][\/vc_column][\/vc_row]<\/p>\n<\/div>","protected":false},"excerpt":{"rendered":"<p>[vc_row][vc_column][vc_empty_space][vc_column_text] Unser Sortiment [\/vc_column_text][vc_column_text]Wir bieten Ihnen eine Auswahl an verschiedenen Kaffee-Sorten aus fairem Handel als Bohne oder gemahlen, ebenso Espresso, Kakao und verschiedene Tees. Dar\u00fcber hinaus finden Sie in unserem Sortiment Gew\u00fcrze, Honig, Marmeladen, Schokolade, Kekse und Rohzucker. Zus\u00e4tzlich zu den Lebensmitteln bieten wir fair gehandeltes Kunsthandwerk, z. B. Schmuck, Kerzen, Geschirr, Lederwaren u. \u00e4..&hellip;<\/p>\n","protected":false},"author":1,"featured_media":0,"parent":0,"menu_order":25,"comment_status":"closed","ping_status":"closed","template":"","meta":{"footnotes":""},"class_list":["post-217","page","type-page","status-publish","hentry","description-off"],"yoast_head":"<!-- This site is optimized with the Yoast SEO plugin v26.8 - https:\/\/yoast.com\/product\/yoast-seo-wordpress\/ -->\n<title>Produkte - Weltgruppe Stade<\/title>\n<meta name=\"robots\" content=\"index, follow, max-snippet:-1, max-image-preview:large, max-video-preview:-1\" \/>\n<link rel=\"canonical\" href=\"https:\/\/weltlaeden.de\/stade\/produkte\/\" \/>\n<meta property=\"og:locale\" content=\"de_DE\" \/>\n<meta property=\"og:type\" content=\"article\" \/>\n<meta property=\"og:title\" content=\"Produkte - Weltgruppe Stade\" \/>\n<meta property=\"og:description\" content=\"[vc_row][vc_column][vc_empty_space][vc_column_text] Unser Sortiment [\/vc_column_text][vc_column_text]Wir bieten Ihnen eine Auswahl an verschiedenen Kaffee-Sorten aus fairem Handel als Bohne oder gemahlen, ebenso Espresso, Kakao und verschiedene Tees. Dar\u00fcber hinaus finden Sie in unserem Sortiment Gew\u00fcrze, Honig, Marmeladen, Schokolade, Kekse und Rohzucker. Zus\u00e4tzlich zu den Lebensmitteln bieten wir fair gehandeltes Kunsthandwerk, z. B. Schmuck, Kerzen, Geschirr, Lederwaren u. \u00e4..&hellip;\" \/>\n<meta property=\"og:url\" content=\"https:\/\/weltlaeden.de\/stade\/produkte\/\" \/>\n<meta property=\"og:site_name\" content=\"Weltgruppe Stade\" \/>\n<meta property=\"article:modified_time\" content=\"2024-07-17T11:04:15+00:00\" \/>\n<meta property=\"og:image\" content=\"https:\/\/weltlaeden.de\/stade\/wp-content\/uploads\/sites\/104\/2024\/02\/Wein.jpg\" \/>\n<meta name=\"twitter:card\" content=\"summary_large_image\" \/>\n<meta name=\"twitter:label1\" content=\"Gesch\u00e4tzte Lesezeit\" \/>\n\t<meta name=\"twitter:data1\" content=\"3\u00a0Minuten\" \/>\n<script type=\"application\/ld+json\" class=\"yoast-schema-graph\">{\"@context\":\"https:\/\/schema.org\",\"@graph\":[{\"@type\":\"WebPage\",\"@id\":\"https:\/\/weltlaeden.de\/stade\/produkte\/\",\"url\":\"https:\/\/weltlaeden.de\/stade\/produkte\/\",\"name\":\"Produkte - Weltgruppe Stade\",\"isPartOf\":{\"@id\":\"https:\/\/weltlaeden.de\/stade\/#website\"},\"primaryImageOfPage\":{\"@id\":\"https:\/\/weltlaeden.de\/stade\/produkte\/#primaryimage\"},\"image\":{\"@id\":\"https:\/\/weltlaeden.de\/stade\/produkte\/#primaryimage\"},\"thumbnailUrl\":\"https:\/\/weltlaeden.de\/stade\/wp-content\/uploads\/sites\/104\/2024\/02\/Wein.jpg\",\"datePublished\":\"2016-10-28T11:34:47+00:00\",\"dateModified\":\"2024-07-17T11:04:15+00:00\",\"breadcrumb\":{\"@id\":\"https:\/\/weltlaeden.de\/stade\/produkte\/#breadcrumb\"},\"inLanguage\":\"de\",\"potentialAction\":[{\"@type\":\"ReadAction\",\"target\":[\"https:\/\/weltlaeden.de\/stade\/produkte\/\"]}]},{\"@type\":\"ImageObject\",\"inLanguage\":\"de\",\"@id\":\"https:\/\/weltlaeden.de\/stade\/produkte\/#primaryimage\",\"url\":\"https:\/\/weltlaeden.de\/stade\/wp-content\/uploads\/sites\/104\/2024\/02\/Wein.jpg\",\"contentUrl\":\"https:\/\/weltlaeden.de\/stade\/wp-content\/uploads\/sites\/104\/2024\/02\/Wein.jpg\",\"width\":2000,\"height\":1386},{\"@type\":\"BreadcrumbList\",\"@id\":\"https:\/\/weltlaeden.de\/stade\/produkte\/#breadcrumb\",\"itemListElement\":[{\"@type\":\"ListItem\",\"position\":1,\"name\":\"Startseite\",\"item\":\"https:\/\/weltlaeden.de\/stade\/\"},{\"@type\":\"ListItem\",\"position\":2,\"name\":\"Produkte\"}]},{\"@type\":\"WebSite\",\"@id\":\"https:\/\/weltlaeden.de\/stade\/#website\",\"url\":\"https:\/\/weltlaeden.de\/stade\/\",\"name\":\"Weltgruppe Stade\",\"description\":\"Ihr Weltladen-Angebot in Stade\",\"potentialAction\":[{\"@type\":\"SearchAction\",\"target\":{\"@type\":\"EntryPoint\",\"urlTemplate\":\"https:\/\/weltlaeden.de\/stade\/?s={search_term_string}\"},\"query-input\":{\"@type\":\"PropertyValueSpecification\",\"valueRequired\":true,\"valueName\":\"search_term_string\"}}],\"inLanguage\":\"de\"}]}<\/script>\n<!-- \/ Yoast SEO plugin. -->","yoast_head_json":{"title":"Produkte - Weltgruppe Stade","robots":{"index":"index","follow":"follow","max-snippet":"max-snippet:-1","max-image-preview":"max-image-preview:large","max-video-preview":"max-video-preview:-1"},"canonical":"https:\/\/weltlaeden.de\/stade\/produkte\/","og_locale":"de_DE","og_type":"article","og_title":"Produkte - Weltgruppe Stade","og_description":"[vc_row][vc_column][vc_empty_space][vc_column_text] Unser Sortiment [\/vc_column_text][vc_column_text]Wir bieten Ihnen eine Auswahl an verschiedenen Kaffee-Sorten aus fairem Handel als Bohne oder gemahlen, ebenso Espresso, Kakao und verschiedene Tees. Dar\u00fcber hinaus finden Sie in unserem Sortiment Gew\u00fcrze, Honig, Marmeladen, Schokolade, Kekse und Rohzucker. Zus\u00e4tzlich zu den Lebensmitteln bieten wir fair gehandeltes Kunsthandwerk, z. B. Schmuck, Kerzen, Geschirr, Lederwaren u. \u00e4..&hellip;","og_url":"https:\/\/weltlaeden.de\/stade\/produkte\/","og_site_name":"Weltgruppe Stade","article_modified_time":"2024-07-17T11:04:15+00:00","og_image":[{"url":"https:\/\/weltlaeden.de\/stade\/wp-content\/uploads\/sites\/104\/2024\/02\/Wein.jpg","type":"","width":"","height":""}],"twitter_card":"summary_large_image","twitter_misc":{"Gesch\u00e4tzte Lesezeit":"3\u00a0Minuten"},"schema":{"@context":"https:\/\/schema.org","@graph":[{"@type":"WebPage","@id":"https:\/\/weltlaeden.de\/stade\/produkte\/","url":"https:\/\/weltlaeden.de\/stade\/produkte\/","name":"Produkte - Weltgruppe Stade","isPartOf":{"@id":"https:\/\/weltlaeden.de\/stade\/#website"},"primaryImageOfPage":{"@id":"https:\/\/weltlaeden.de\/stade\/produkte\/#primaryimage"},"image":{"@id":"https:\/\/weltlaeden.de\/stade\/produkte\/#primaryimage"},"thumbnailUrl":"https:\/\/weltlaeden.de\/stade\/wp-content\/uploads\/sites\/104\/2024\/02\/Wein.jpg","datePublished":"2016-10-28T11:34:47+00:00","dateModified":"2024-07-17T11:04:15+00:00","breadcrumb":{"@id":"https:\/\/weltlaeden.de\/stade\/produkte\/#breadcrumb"},"inLanguage":"de","potentialAction":[{"@type":"ReadAction","target":["https:\/\/weltlaeden.de\/stade\/produkte\/"]}]},{"@type":"ImageObject","inLanguage":"de","@id":"https:\/\/weltlaeden.de\/stade\/produkte\/#primaryimage","url":"https:\/\/weltlaeden.de\/stade\/wp-content\/uploads\/sites\/104\/2024\/02\/Wein.jpg","contentUrl":"https:\/\/weltlaeden.de\/stade\/wp-content\/uploads\/sites\/104\/2024\/02\/Wein.jpg","width":2000,"height":1386},{"@type":"BreadcrumbList","@id":"https:\/\/weltlaeden.de\/stade\/produkte\/#breadcrumb","itemListElement":[{"@type":"ListItem","position":1,"name":"Startseite","item":"https:\/\/weltlaeden.de\/stade\/"},{"@type":"ListItem","position":2,"name":"Produkte"}]},{"@type":"WebSite","@id":"https:\/\/weltlaeden.de\/stade\/#website","url":"https:\/\/weltlaeden.de\/stade\/","name":"Weltgruppe Stade","description":"Ihr Weltladen-Angebot in Stade","potentialAction":[{"@type":"SearchAction","target":{"@type":"EntryPoint","urlTemplate":"https:\/\/weltlaeden.de\/stade\/?s={search_term_string}"},"query-input":{"@type":"PropertyValueSpecification","valueRequired":true,"valueName":"search_term_string"}}],"inLanguage":"de"}]}},"_links":{"self":[{"href":"https:\/\/weltlaeden.de\/stade\/wp-json\/wp\/v2\/pages\/217","targetHints":{"allow":["GET"]}}],"collection":[{"href":"https:\/\/weltlaeden.de\/stade\/wp-json\/wp\/v2\/pages"}],"about":[{"href":"https:\/\/weltlaeden.de\/stade\/wp-json\/wp\/v2\/types\/page"}],"author":[{"embeddable":true,"href":"https:\/\/weltlaeden.de\/stade\/wp-json\/wp\/v2\/users\/1"}],"replies":[{"embeddable":true,"href":"https:\/\/weltlaeden.de\/stade\/wp-json\/wp\/v2\/comments?post=217"}],"version-history":[{"count":116,"href":"https:\/\/weltlaeden.de\/stade\/wp-json\/wp\/v2\/pages\/217\/revisions"}],"predecessor-version":[{"id":1447,"href":"https:\/\/weltlaeden.de\/stade\/wp-json\/wp\/v2\/pages\/217\/revisions\/1447"}],"wp:attachment":[{"href":"https:\/\/weltlaeden.de\/stade\/wp-json\/wp\/v2\/media?parent=217"}],"curies":[{"name":"wp","href":"https:\/\/api.w.org\/{rel}","templated":true}]}}