{"id":20,"date":"2016-10-14T09:05:21","date_gmt":"2016-10-14T07:05:21","guid":{"rendered":"https:\/\/wl.heimpixel.de\/vorlage\/weltladen-musterdorf\/"},"modified":"2026-03-16T09:41:18","modified_gmt":"2026-03-16T08:41:18","slug":"weltladen-musterdorf","status":"publish","type":"page","link":"https:\/\/weltlaeden.de\/stade\/","title":{"rendered":"Weltladen Stade"},"content":{"rendered":"<div class=\"wpb-content-wrapper\"><p>[vc_row][vc_column]<div class=\"wl_einzelbild\"><p><img loading=\"lazy\" decoding=\"async\" class=\"aligncenter size-full wp-image-1118\" src=\"https:\/\/weltlaeden.de\/stade\/wp-content\/uploads\/sites\/104\/2022\/10\/Orange_rund-schwarz.jpg\" alt=\"\" width=\"1166\" height=\"1166\" srcset=\"https:\/\/weltlaeden.de\/stade\/wp-content\/uploads\/sites\/104\/2022\/10\/Orange_rund-schwarz.jpg 1166w, https:\/\/weltlaeden.de\/stade\/wp-content\/uploads\/sites\/104\/2022\/10\/Orange_rund-schwarz-300x300.jpg 300w, https:\/\/weltlaeden.de\/stade\/wp-content\/uploads\/sites\/104\/2022\/10\/Orange_rund-schwarz-1024x1024.jpg 1024w, https:\/\/weltlaeden.de\/stade\/wp-content\/uploads\/sites\/104\/2022\/10\/Orange_rund-schwarz-150x150.jpg 150w, https:\/\/weltlaeden.de\/stade\/wp-content\/uploads\/sites\/104\/2022\/10\/Orange_rund-schwarz-768x768.jpg 768w\" sizes=\"auto, (max-width: 1166px) 100vw, 1166px\" \/><\/p><\/div>[vc_empty_space height=&#8220;20px&#8220;][vc_row_inner][vc_column_inner][\/vc_column_inner][\/vc_row_inner][\/vc_column][\/vc_row][vc_row][vc_column][vc_column_text css=&#8220;&#8220;]<\/p>\n<h1 style=\"text-align: left\">Willkommen im Weltladen Stade<\/h1>\n<div class=\"et_pb_toggle_content clearfix\">\n<div id=\"jsc_c_1jh\" class=\"ecm0bbzt hv4rvrfc ihqw7lf3 dati1w0a\">\n<div class=\"j83agx80 cbu4d94t ew0dbk1b irj2b8pg\">\n<div class=\"qzhwtbm6 knvmm38d\">\n<div class=\"kvgmc6g5 cxmmr5t8 oygrvhab hcukyx3x c1et5uql ii04i59q\">\n<p>&nbsp;<\/p>\n<h2><strong>\u00d6ffnungszeiten:\u00a0\u00a0\u00a0\u00a0\u00a0 Montag bis Freitag 10.00 Uhr bis 18.00 Uhr<\/strong><\/h2>\n<h2><strong>\u00a0\u00a0\u00a0\u00a0\u00a0\u00a0\u00a0\u00a0\u00a0\u00a0\u00a0\u00a0\u00a0\u00a0\u00a0\u00a0\u00a0\u00a0\u00a0\u00a0\u00a0\u00a0\u00a0\u00a0\u00a0\u00a0\u00a0\u00a0\u00a0\u00a0\u00a0\u00a0\u00a0\u00a0\u00a0\u00a0 Samstag 10.00 Uhr bis 13.00 Uhr<\/strong><\/h2>\n<p>&nbsp;<\/p>\n<\/div>\n<\/div>\n<\/div>\n<\/div>\n<h1 style=\"text-align: center\"><strong><a href=\"https:\/\/weltlaeden.de\/stade\/orangen-2023\/\"><span style=\"color: #ff6600\">&#8222;Orangen s\u00fc\u00df statt bitter&#8220;<\/span> <\/a><\/strong><\/h1>\n<h3 dir=\"auto\" style=\"text-align: center\">Die Fr\u00fchjahrslieferung ist abgeschlossen.<\/h3>\n<p>Im Herbst 2026 wird die n\u00e4chste Bestellrunde f\u00fcr &#8222;Orangen ohne Gift und Sklaverei&#8220; gestartet.<\/p>\n<p>Wir nehmen Sie gerne in unseren Orangen-Verteiler auf, dann werden Sie automatisch rechtzeitig per Mail \u00fcber die Aktion informiert.<\/p>\n<\/div>\n<p>[\/vc_column_text][vc_empty_space height=&#8220;30px&#8220;][vc_column_text][\/vc_column_text][\/vc_column][\/vc_row][vc_row][vc_column][vc_column_text css=&#8220;&#8220;]<\/p>\n<h1>Aktionen<\/h1>\n<p>[\/vc_column_text]<section class=\"items-grid wf-container\"><div class=\"wf-cell wf-1-2\"><article class=\"post-format-standard\"><div class=\"mini-post-img\"><a class=\"alignleft post-rollover no-avatar\" href=\"https:\/\/weltlaeden.de\/stade\/leere-stifte-sammeln-zum-recycling\/\"  style=\"width:60px; height: 60px;\" aria-label=\"Post image\"><\/a><\/div><div class=\"post-content\"><a href=\"https:\/\/weltlaeden.de\/stade\/leere-stifte-sammeln-zum-recycling\/\">Stiftesammlung EINGESTELLT<\/a><br \/><time class=\"text-secondary\" datetime=\"2021-01-12T13:02:16+01:00\">12. Januar 2021<\/time><\/div><\/article><\/div><\/section>[\/vc_column][\/vc_row][vc_row][vc_column][\/vc_column][\/vc_row]<\/p>\n<\/div>","protected":false},"excerpt":{"rendered":"<p>[vc_row][vc_column][vc_empty_space height=&#8220;20px&#8220;][vc_row_inner][vc_column_inner][\/vc_column_inner][\/vc_row_inner][\/vc_column][\/vc_row][vc_row][vc_column][vc_column_text css=&#8220;&#8220;] Willkommen im Weltladen Stade &nbsp; \u00d6ffnungszeiten:\u00a0\u00a0\u00a0\u00a0\u00a0 Montag bis Freitag 10.00 Uhr bis 18.00 Uhr \u00a0\u00a0\u00a0\u00a0\u00a0\u00a0\u00a0\u00a0\u00a0\u00a0\u00a0\u00a0\u00a0\u00a0\u00a0\u00a0\u00a0\u00a0\u00a0\u00a0\u00a0\u00a0\u00a0\u00a0\u00a0\u00a0\u00a0\u00a0\u00a0\u00a0\u00a0\u00a0\u00a0\u00a0\u00a0\u00a0 Samstag 10.00 Uhr bis 13.00 Uhr &nbsp; &#8222;Orangen s\u00fc\u00df statt bitter&#8220; Die Fr\u00fchjahrslieferung ist abgeschlossen. Im Herbst 2026 wird die n\u00e4chste Bestellrunde f\u00fcr &#8222;Orangen ohne Gift und Sklaverei&#8220; gestartet. Wir nehmen Sie gerne in unseren Orangen-Verteiler auf,&hellip;<\/p>\n","protected":false},"author":1,"featured_media":953,"parent":0,"menu_order":0,"comment_status":"closed","ping_status":"closed","template":"","meta":{"footnotes":""},"class_list":["post-20","page","type-page","status-publish","has-post-thumbnail","hentry","description-off"],"yoast_head":"<!-- This site is optimized with the Yoast SEO plugin v26.8 - https:\/\/yoast.com\/product\/yoast-seo-wordpress\/ -->\n<title>Weltladen Stade - Weltgruppe Stade<\/title>\n<meta name=\"robots\" content=\"index, follow, max-snippet:-1, max-image-preview:large, max-video-preview:-1\" \/>\n<link rel=\"canonical\" href=\"https:\/\/weltlaeden.de\/stade\/\" \/>\n<meta property=\"og:locale\" content=\"de_DE\" \/>\n<meta property=\"og:type\" content=\"article\" \/>\n<meta property=\"og:title\" content=\"Weltladen Stade - Weltgruppe Stade\" \/>\n<meta property=\"og:description\" content=\"[vc_row][vc_column][vc_empty_space height=&#8220;20px&#8220;][vc_row_inner][vc_column_inner][\/vc_column_inner][\/vc_row_inner][\/vc_column][\/vc_row][vc_row][vc_column][vc_column_text css=&#8220;&#8220;] Willkommen im Weltladen Stade &nbsp; \u00d6ffnungszeiten:\u00a0\u00a0\u00a0\u00a0\u00a0 Montag bis Freitag 10.00 Uhr bis 18.00 Uhr \u00a0\u00a0\u00a0\u00a0\u00a0\u00a0\u00a0\u00a0\u00a0\u00a0\u00a0\u00a0\u00a0\u00a0\u00a0\u00a0\u00a0\u00a0\u00a0\u00a0\u00a0\u00a0\u00a0\u00a0\u00a0\u00a0\u00a0\u00a0\u00a0\u00a0\u00a0\u00a0\u00a0\u00a0\u00a0\u00a0 Samstag 10.00 Uhr bis 13.00 Uhr &nbsp; &#8222;Orangen s\u00fc\u00df statt bitter&#8220; Die Fr\u00fchjahrslieferung ist abgeschlossen. Im Herbst 2026 wird die n\u00e4chste Bestellrunde f\u00fcr &#8222;Orangen ohne Gift und Sklaverei&#8220; gestartet. Wir nehmen Sie gerne in unseren Orangen-Verteiler auf,&hellip;\" \/>\n<meta property=\"og:url\" content=\"https:\/\/weltlaeden.de\/stade\/\" \/>\n<meta property=\"og:site_name\" content=\"Weltgruppe Stade\" \/>\n<meta property=\"article:modified_time\" content=\"2026-03-16T08:41:18+00:00\" \/>\n<meta property=\"og:image\" content=\"https:\/\/weltlaeden.de\/stade\/wp-content\/uploads\/sites\/104\/2021\/04\/Kerzen-Kapula-contige-3.jpg\" \/>\n\t<meta property=\"og:image:width\" content=\"599\" \/>\n\t<meta property=\"og:image:height\" content=\"287\" \/>\n\t<meta property=\"og:image:type\" content=\"image\/jpeg\" \/>\n<meta name=\"twitter:card\" content=\"summary_large_image\" \/>\n<meta name=\"twitter:label1\" content=\"Gesch\u00e4tzte Lesezeit\" \/>\n\t<meta name=\"twitter:data1\" content=\"1\u00a0Minute\" \/>\n<script type=\"application\/ld+json\" class=\"yoast-schema-graph\">{\"@context\":\"https:\/\/schema.org\",\"@graph\":[{\"@type\":\"WebPage\",\"@id\":\"https:\/\/weltlaeden.de\/stade\/\",\"url\":\"https:\/\/weltlaeden.de\/stade\/\",\"name\":\"Weltladen Stade - Weltgruppe Stade\",\"isPartOf\":{\"@id\":\"https:\/\/weltlaeden.de\/stade\/#website\"},\"primaryImageOfPage\":{\"@id\":\"https:\/\/weltlaeden.de\/stade\/#primaryimage\"},\"image\":{\"@id\":\"https:\/\/weltlaeden.de\/stade\/#primaryimage\"},\"thumbnailUrl\":\"https:\/\/weltlaeden.de\/stade\/wp-content\/uploads\/sites\/104\/2021\/04\/Kerzen-Kapula-contige-3.jpg\",\"datePublished\":\"2016-10-14T07:05:21+00:00\",\"dateModified\":\"2026-03-16T08:41:18+00:00\",\"breadcrumb\":{\"@id\":\"https:\/\/weltlaeden.de\/stade\/#breadcrumb\"},\"inLanguage\":\"de\",\"potentialAction\":[{\"@type\":\"ReadAction\",\"target\":[\"https:\/\/weltlaeden.de\/stade\/\"]}]},{\"@type\":\"ImageObject\",\"inLanguage\":\"de\",\"@id\":\"https:\/\/weltlaeden.de\/stade\/#primaryimage\",\"url\":\"https:\/\/weltlaeden.de\/stade\/wp-content\/uploads\/sites\/104\/2021\/04\/Kerzen-Kapula-contige-3.jpg\",\"contentUrl\":\"https:\/\/weltlaeden.de\/stade\/wp-content\/uploads\/sites\/104\/2021\/04\/Kerzen-Kapula-contige-3.jpg\",\"width\":599,\"height\":287},{\"@type\":\"BreadcrumbList\",\"@id\":\"https:\/\/weltlaeden.de\/stade\/#breadcrumb\",\"itemListElement\":[{\"@type\":\"ListItem\",\"position\":1,\"name\":\"Startseite\",\"item\":\"https:\/\/weltlaeden.de\/stade\/\"},{\"@type\":\"ListItem\",\"position\":2,\"name\":\"Weltladen Stade\"}]},{\"@type\":\"WebSite\",\"@id\":\"https:\/\/weltlaeden.de\/stade\/#website\",\"url\":\"https:\/\/weltlaeden.de\/stade\/\",\"name\":\"Weltgruppe Stade\",\"description\":\"Ihr Weltladen-Angebot in Stade\",\"potentialAction\":[{\"@type\":\"SearchAction\",\"target\":{\"@type\":\"EntryPoint\",\"urlTemplate\":\"https:\/\/weltlaeden.de\/stade\/?s={search_term_string}\"},\"query-input\":{\"@type\":\"PropertyValueSpecification\",\"valueRequired\":true,\"valueName\":\"search_term_string\"}}],\"inLanguage\":\"de\"}]}<\/script>\n<!-- \/ Yoast SEO plugin. -->","yoast_head_json":{"title":"Weltladen Stade - Weltgruppe Stade","robots":{"index":"index","follow":"follow","max-snippet":"max-snippet:-1","max-image-preview":"max-image-preview:large","max-video-preview":"max-video-preview:-1"},"canonical":"https:\/\/weltlaeden.de\/stade\/","og_locale":"de_DE","og_type":"article","og_title":"Weltladen Stade - Weltgruppe Stade","og_description":"[vc_row][vc_column][vc_empty_space height=&#8220;20px&#8220;][vc_row_inner][vc_column_inner][\/vc_column_inner][\/vc_row_inner][\/vc_column][\/vc_row][vc_row][vc_column][vc_column_text css=&#8220;&#8220;] Willkommen im Weltladen Stade &nbsp; \u00d6ffnungszeiten:\u00a0\u00a0\u00a0\u00a0\u00a0 Montag bis Freitag 10.00 Uhr bis 18.00 Uhr \u00a0\u00a0\u00a0\u00a0\u00a0\u00a0\u00a0\u00a0\u00a0\u00a0\u00a0\u00a0\u00a0\u00a0\u00a0\u00a0\u00a0\u00a0\u00a0\u00a0\u00a0\u00a0\u00a0\u00a0\u00a0\u00a0\u00a0\u00a0\u00a0\u00a0\u00a0\u00a0\u00a0\u00a0\u00a0\u00a0 Samstag 10.00 Uhr bis 13.00 Uhr &nbsp; &#8222;Orangen s\u00fc\u00df statt bitter&#8220; Die Fr\u00fchjahrslieferung ist abgeschlossen. Im Herbst 2026 wird die n\u00e4chste Bestellrunde f\u00fcr &#8222;Orangen ohne Gift und Sklaverei&#8220; gestartet. Wir nehmen Sie gerne in unseren Orangen-Verteiler auf,&hellip;","og_url":"https:\/\/weltlaeden.de\/stade\/","og_site_name":"Weltgruppe Stade","article_modified_time":"2026-03-16T08:41:18+00:00","og_image":[{"width":599,"height":287,"url":"https:\/\/weltlaeden.de\/stade\/wp-content\/uploads\/sites\/104\/2021\/04\/Kerzen-Kapula-contige-3.jpg","type":"image\/jpeg"}],"twitter_card":"summary_large_image","twitter_misc":{"Gesch\u00e4tzte Lesezeit":"1\u00a0Minute"},"schema":{"@context":"https:\/\/schema.org","@graph":[{"@type":"WebPage","@id":"https:\/\/weltlaeden.de\/stade\/","url":"https:\/\/weltlaeden.de\/stade\/","name":"Weltladen Stade - Weltgruppe Stade","isPartOf":{"@id":"https:\/\/weltlaeden.de\/stade\/#website"},"primaryImageOfPage":{"@id":"https:\/\/weltlaeden.de\/stade\/#primaryimage"},"image":{"@id":"https:\/\/weltlaeden.de\/stade\/#primaryimage"},"thumbnailUrl":"https:\/\/weltlaeden.de\/stade\/wp-content\/uploads\/sites\/104\/2021\/04\/Kerzen-Kapula-contige-3.jpg","datePublished":"2016-10-14T07:05:21+00:00","dateModified":"2026-03-16T08:41:18+00:00","breadcrumb":{"@id":"https:\/\/weltlaeden.de\/stade\/#breadcrumb"},"inLanguage":"de","potentialAction":[{"@type":"ReadAction","target":["https:\/\/weltlaeden.de\/stade\/"]}]},{"@type":"ImageObject","inLanguage":"de","@id":"https:\/\/weltlaeden.de\/stade\/#primaryimage","url":"https:\/\/weltlaeden.de\/stade\/wp-content\/uploads\/sites\/104\/2021\/04\/Kerzen-Kapula-contige-3.jpg","contentUrl":"https:\/\/weltlaeden.de\/stade\/wp-content\/uploads\/sites\/104\/2021\/04\/Kerzen-Kapula-contige-3.jpg","width":599,"height":287},{"@type":"BreadcrumbList","@id":"https:\/\/weltlaeden.de\/stade\/#breadcrumb","itemListElement":[{"@type":"ListItem","position":1,"name":"Startseite","item":"https:\/\/weltlaeden.de\/stade\/"},{"@type":"ListItem","position":2,"name":"Weltladen Stade"}]},{"@type":"WebSite","@id":"https:\/\/weltlaeden.de\/stade\/#website","url":"https:\/\/weltlaeden.de\/stade\/","name":"Weltgruppe Stade","description":"Ihr Weltladen-Angebot in Stade","potentialAction":[{"@type":"SearchAction","target":{"@type":"EntryPoint","urlTemplate":"https:\/\/weltlaeden.de\/stade\/?s={search_term_string}"},"query-input":{"@type":"PropertyValueSpecification","valueRequired":true,"valueName":"search_term_string"}}],"inLanguage":"de"}]}},"_links":{"self":[{"href":"https:\/\/weltlaeden.de\/stade\/wp-json\/wp\/v2\/pages\/20","targetHints":{"allow":["GET"]}}],"collection":[{"href":"https:\/\/weltlaeden.de\/stade\/wp-json\/wp\/v2\/pages"}],"about":[{"href":"https:\/\/weltlaeden.de\/stade\/wp-json\/wp\/v2\/types\/page"}],"author":[{"embeddable":true,"href":"https:\/\/weltlaeden.de\/stade\/wp-json\/wp\/v2\/users\/1"}],"replies":[{"embeddable":true,"href":"https:\/\/weltlaeden.de\/stade\/wp-json\/wp\/v2\/comments?post=20"}],"version-history":[{"count":193,"href":"https:\/\/weltlaeden.de\/stade\/wp-json\/wp\/v2\/pages\/20\/revisions"}],"predecessor-version":[{"id":1544,"href":"https:\/\/weltlaeden.de\/stade\/wp-json\/wp\/v2\/pages\/20\/revisions\/1544"}],"wp:featuredmedia":[{"embeddable":true,"href":"https:\/\/weltlaeden.de\/stade\/wp-json\/wp\/v2\/media\/953"}],"wp:attachment":[{"href":"https:\/\/weltlaeden.de\/stade\/wp-json\/wp\/v2\/media?parent=20"}],"curies":[{"name":"wp","href":"https:\/\/api.w.org\/{rel}","templated":true}]}}