{"id":1389,"date":"2024-02-18T11:09:03","date_gmt":"2024-02-18T10:09:03","guid":{"rendered":"https:\/\/weltlaeden.de\/stade\/?page_id=1389"},"modified":"2024-07-17T12:54:10","modified_gmt":"2024-07-17T10:54:10","slug":"wein","status":"publish","type":"page","link":"https:\/\/weltlaeden.de\/stade\/wein\/","title":{"rendered":"Wein"},"content":{"rendered":"<p><strong>Fair Trade Wein von der S\u00fcdhalbkugel<\/strong><\/p>\n<p>Die GEPA Fair Trade Weine stammen aus renommierten Weinbaugebieten mit Tradition \u2013 zum Beispiel in Chile, Argentinien und S\u00fcdafrika. Zwar z\u00e4hlen diese L\u00e4nder heute zu den gr\u00f6\u00dften Weinproduzenten der Welt, jedoch werden sie \u00fcberwiegend von gro\u00dfen Firmen dominiert, deren Besch\u00e4ftigte auf den Weinplantagen oft ausgebeutet werden. Kleine Winzerfamilien k\u00e4mpfen durch die niedrigen Marktpreise f\u00fcr ihre Weintrauben h\u00e4ufig ums \u00dcberleben.<\/p>\n<p>GEPA arbeitet mit kleinen und mittleren Winzerkooperativen zusammen, die von fairen Handelspreisen profitieren. So k\u00f6nnen sich auch kleine Weinbaubetriebe auf dem Markt halten und traditionelle Rebsorten anbauen (die dem Boden angepasst sind, aber m\u00f6glicherweise weniger Ertrag erbringen).<\/p>\n<p>&nbsp;<\/p>\n<p><img loading=\"lazy\" decoding=\"async\" class=\"aligncenter\" title=\"La-Riojana-Weinprobe-sonnenlicht header\" src=\"https:\/\/www.gepa.de\/fileadmin\/_processed_\/8\/5\/csm_La-Riojana-Weinprobe-sonnenlicht_header_c5c3523221.jpg\" alt=\"\" width=\"1280\" height=\"442\" \/><\/p>\n","protected":false},"excerpt":{"rendered":"<p>Fair Trade Wein von der S\u00fcdhalbkugel Die GEPA Fair Trade Weine stammen aus renommierten Weinbaugebieten mit Tradition \u2013 zum Beispiel in Chile, Argentinien und S\u00fcdafrika. Zwar z\u00e4hlen diese L\u00e4nder heute zu den gr\u00f6\u00dften Weinproduzenten der Welt, jedoch werden sie \u00fcberwiegend von gro\u00dfen Firmen dominiert, deren Besch\u00e4ftigte auf den Weinplantagen oft ausgebeutet werden. Kleine Winzerfamilien k\u00e4mpfen&hellip;<\/p>\n","protected":false},"author":159,"featured_media":0,"parent":0,"menu_order":1,"comment_status":"closed","ping_status":"closed","template":"","meta":{"footnotes":""},"class_list":["post-1389","page","type-page","status-publish","hentry","description-off"],"yoast_head":"<!-- This site is optimized with the Yoast SEO plugin v26.8 - https:\/\/yoast.com\/product\/yoast-seo-wordpress\/ -->\n<title>Wein - Weltgruppe Stade<\/title>\n<meta name=\"robots\" content=\"index, follow, max-snippet:-1, max-image-preview:large, max-video-preview:-1\" \/>\n<link rel=\"canonical\" href=\"https:\/\/weltlaeden.de\/stade\/wein\/\" \/>\n<meta property=\"og:locale\" content=\"de_DE\" \/>\n<meta property=\"og:type\" content=\"article\" \/>\n<meta property=\"og:title\" content=\"Wein - Weltgruppe Stade\" \/>\n<meta property=\"og:description\" content=\"Fair Trade Wein von der S\u00fcdhalbkugel Die GEPA Fair Trade Weine stammen aus renommierten Weinbaugebieten mit Tradition \u2013 zum Beispiel in Chile, Argentinien und S\u00fcdafrika. Zwar z\u00e4hlen diese L\u00e4nder heute zu den gr\u00f6\u00dften Weinproduzenten der Welt, jedoch werden sie \u00fcberwiegend von gro\u00dfen Firmen dominiert, deren Besch\u00e4ftigte auf den Weinplantagen oft ausgebeutet werden. Kleine Winzerfamilien k\u00e4mpfen&hellip;\" \/>\n<meta property=\"og:url\" content=\"https:\/\/weltlaeden.de\/stade\/wein\/\" \/>\n<meta property=\"og:site_name\" content=\"Weltgruppe Stade\" \/>\n<meta property=\"article:modified_time\" content=\"2024-07-17T10:54:10+00:00\" \/>\n<meta property=\"og:image\" content=\"https:\/\/www.gepa.de\/fileadmin\/_processed_\/8\/5\/csm_La-Riojana-Weinprobe-sonnenlicht_header_c5c3523221.jpg\" \/>\n<meta name=\"twitter:card\" content=\"summary_large_image\" \/>\n<meta name=\"twitter:label1\" content=\"Gesch\u00e4tzte Lesezeit\" \/>\n\t<meta name=\"twitter:data1\" content=\"1\u00a0Minute\" \/>\n<script type=\"application\/ld+json\" class=\"yoast-schema-graph\">{\"@context\":\"https:\/\/schema.org\",\"@graph\":[{\"@type\":\"WebPage\",\"@id\":\"https:\/\/weltlaeden.de\/stade\/wein\/\",\"url\":\"https:\/\/weltlaeden.de\/stade\/wein\/\",\"name\":\"Wein - Weltgruppe Stade\",\"isPartOf\":{\"@id\":\"https:\/\/weltlaeden.de\/stade\/#website\"},\"primaryImageOfPage\":{\"@id\":\"https:\/\/weltlaeden.de\/stade\/wein\/#primaryimage\"},\"image\":{\"@id\":\"https:\/\/weltlaeden.de\/stade\/wein\/#primaryimage\"},\"thumbnailUrl\":\"https:\/\/www.gepa.de\/fileadmin\/_processed_\/8\/5\/csm_La-Riojana-Weinprobe-sonnenlicht_header_c5c3523221.jpg\",\"datePublished\":\"2024-02-18T10:09:03+00:00\",\"dateModified\":\"2024-07-17T10:54:10+00:00\",\"breadcrumb\":{\"@id\":\"https:\/\/weltlaeden.de\/stade\/wein\/#breadcrumb\"},\"inLanguage\":\"de\",\"potentialAction\":[{\"@type\":\"ReadAction\",\"target\":[\"https:\/\/weltlaeden.de\/stade\/wein\/\"]}]},{\"@type\":\"ImageObject\",\"inLanguage\":\"de\",\"@id\":\"https:\/\/weltlaeden.de\/stade\/wein\/#primaryimage\",\"url\":\"https:\/\/www.gepa.de\/fileadmin\/_processed_\/8\/5\/csm_La-Riojana-Weinprobe-sonnenlicht_header_c5c3523221.jpg\",\"contentUrl\":\"https:\/\/www.gepa.de\/fileadmin\/_processed_\/8\/5\/csm_La-Riojana-Weinprobe-sonnenlicht_header_c5c3523221.jpg\"},{\"@type\":\"BreadcrumbList\",\"@id\":\"https:\/\/weltlaeden.de\/stade\/wein\/#breadcrumb\",\"itemListElement\":[{\"@type\":\"ListItem\",\"position\":1,\"name\":\"Startseite\",\"item\":\"https:\/\/weltlaeden.de\/stade\/\"},{\"@type\":\"ListItem\",\"position\":2,\"name\":\"Wein\"}]},{\"@type\":\"WebSite\",\"@id\":\"https:\/\/weltlaeden.de\/stade\/#website\",\"url\":\"https:\/\/weltlaeden.de\/stade\/\",\"name\":\"Weltgruppe Stade\",\"description\":\"Ihr Weltladen-Angebot in Stade\",\"potentialAction\":[{\"@type\":\"SearchAction\",\"target\":{\"@type\":\"EntryPoint\",\"urlTemplate\":\"https:\/\/weltlaeden.de\/stade\/?s={search_term_string}\"},\"query-input\":{\"@type\":\"PropertyValueSpecification\",\"valueRequired\":true,\"valueName\":\"search_term_string\"}}],\"inLanguage\":\"de\"}]}<\/script>\n<!-- \/ Yoast SEO plugin. -->","yoast_head_json":{"title":"Wein - Weltgruppe Stade","robots":{"index":"index","follow":"follow","max-snippet":"max-snippet:-1","max-image-preview":"max-image-preview:large","max-video-preview":"max-video-preview:-1"},"canonical":"https:\/\/weltlaeden.de\/stade\/wein\/","og_locale":"de_DE","og_type":"article","og_title":"Wein - Weltgruppe Stade","og_description":"Fair Trade Wein von der S\u00fcdhalbkugel Die GEPA Fair Trade Weine stammen aus renommierten Weinbaugebieten mit Tradition \u2013 zum Beispiel in Chile, Argentinien und S\u00fcdafrika. Zwar z\u00e4hlen diese L\u00e4nder heute zu den gr\u00f6\u00dften Weinproduzenten der Welt, jedoch werden sie \u00fcberwiegend von gro\u00dfen Firmen dominiert, deren Besch\u00e4ftigte auf den Weinplantagen oft ausgebeutet werden. Kleine Winzerfamilien k\u00e4mpfen&hellip;","og_url":"https:\/\/weltlaeden.de\/stade\/wein\/","og_site_name":"Weltgruppe Stade","article_modified_time":"2024-07-17T10:54:10+00:00","og_image":[{"url":"https:\/\/www.gepa.de\/fileadmin\/_processed_\/8\/5\/csm_La-Riojana-Weinprobe-sonnenlicht_header_c5c3523221.jpg","type":"","width":"","height":""}],"twitter_card":"summary_large_image","twitter_misc":{"Gesch\u00e4tzte Lesezeit":"1\u00a0Minute"},"schema":{"@context":"https:\/\/schema.org","@graph":[{"@type":"WebPage","@id":"https:\/\/weltlaeden.de\/stade\/wein\/","url":"https:\/\/weltlaeden.de\/stade\/wein\/","name":"Wein - Weltgruppe Stade","isPartOf":{"@id":"https:\/\/weltlaeden.de\/stade\/#website"},"primaryImageOfPage":{"@id":"https:\/\/weltlaeden.de\/stade\/wein\/#primaryimage"},"image":{"@id":"https:\/\/weltlaeden.de\/stade\/wein\/#primaryimage"},"thumbnailUrl":"https:\/\/www.gepa.de\/fileadmin\/_processed_\/8\/5\/csm_La-Riojana-Weinprobe-sonnenlicht_header_c5c3523221.jpg","datePublished":"2024-02-18T10:09:03+00:00","dateModified":"2024-07-17T10:54:10+00:00","breadcrumb":{"@id":"https:\/\/weltlaeden.de\/stade\/wein\/#breadcrumb"},"inLanguage":"de","potentialAction":[{"@type":"ReadAction","target":["https:\/\/weltlaeden.de\/stade\/wein\/"]}]},{"@type":"ImageObject","inLanguage":"de","@id":"https:\/\/weltlaeden.de\/stade\/wein\/#primaryimage","url":"https:\/\/www.gepa.de\/fileadmin\/_processed_\/8\/5\/csm_La-Riojana-Weinprobe-sonnenlicht_header_c5c3523221.jpg","contentUrl":"https:\/\/www.gepa.de\/fileadmin\/_processed_\/8\/5\/csm_La-Riojana-Weinprobe-sonnenlicht_header_c5c3523221.jpg"},{"@type":"BreadcrumbList","@id":"https:\/\/weltlaeden.de\/stade\/wein\/#breadcrumb","itemListElement":[{"@type":"ListItem","position":1,"name":"Startseite","item":"https:\/\/weltlaeden.de\/stade\/"},{"@type":"ListItem","position":2,"name":"Wein"}]},{"@type":"WebSite","@id":"https:\/\/weltlaeden.de\/stade\/#website","url":"https:\/\/weltlaeden.de\/stade\/","name":"Weltgruppe Stade","description":"Ihr Weltladen-Angebot in Stade","potentialAction":[{"@type":"SearchAction","target":{"@type":"EntryPoint","urlTemplate":"https:\/\/weltlaeden.de\/stade\/?s={search_term_string}"},"query-input":{"@type":"PropertyValueSpecification","valueRequired":true,"valueName":"search_term_string"}}],"inLanguage":"de"}]}},"_links":{"self":[{"href":"https:\/\/weltlaeden.de\/stade\/wp-json\/wp\/v2\/pages\/1389","targetHints":{"allow":["GET"]}}],"collection":[{"href":"https:\/\/weltlaeden.de\/stade\/wp-json\/wp\/v2\/pages"}],"about":[{"href":"https:\/\/weltlaeden.de\/stade\/wp-json\/wp\/v2\/types\/page"}],"author":[{"embeddable":true,"href":"https:\/\/weltlaeden.de\/stade\/wp-json\/wp\/v2\/users\/159"}],"replies":[{"embeddable":true,"href":"https:\/\/weltlaeden.de\/stade\/wp-json\/wp\/v2\/comments?post=1389"}],"version-history":[{"count":5,"href":"https:\/\/weltlaeden.de\/stade\/wp-json\/wp\/v2\/pages\/1389\/revisions"}],"predecessor-version":[{"id":1439,"href":"https:\/\/weltlaeden.de\/stade\/wp-json\/wp\/v2\/pages\/1389\/revisions\/1439"}],"wp:attachment":[{"href":"https:\/\/weltlaeden.de\/stade\/wp-json\/wp\/v2\/media?parent=1389"}],"curies":[{"name":"wp","href":"https:\/\/api.w.org\/{rel}","templated":true}]}}