{"id":811,"date":"2025-02-08T14:27:18","date_gmt":"2025-02-08T13:27:18","guid":{"rendered":"https:\/\/weltlaeden.de\/sophiefair\/produkte\/geschenksets\/"},"modified":"2026-05-04T18:57:20","modified_gmt":"2026-05-04T16:57:20","slug":"geschenksets","status":"publish","type":"page","link":"https:\/\/weltlaeden.de\/sophiefair\/produkte\/geschenksets\/","title":{"rendered":"Geschenksets"},"content":{"rendered":"<div class=\"wpb-content-wrapper\"><p>[vc_row][vc_column][vc_column_text css=&#8220;&#8220;]<\/p>\n<h2><strong>Suchen Sie nachhaltige Pr\u00e4sente f\u00fcr Kund*innen, Gesch\u00e4ftspartner*innen, Mitarbeiter*innen?<\/strong><\/h2>\n<p>Wir stellen Ihnen gerne unsere fairen Angebote zusammen. Wenn Sie bis 12 Uhr bestellen, stehen Ihre Waren ab 15 Uhr im Weltladen sophiefair f\u00fcr Sie zur Abholung bereit. Zahlen k\u00f6nnen Sie direkt vor Ort oder bequem per Rechnung.<\/p>\n<h3>Fairer Start &#8211; Geschenkset f\u00fcr ca. 16\u20ac<img loading=\"lazy\" decoding=\"async\" class=\"alignnone wp-image-884 \" src=\"https:\/\/weltlaeden.de\/sophiefair\/wp-content\/uploads\/sites\/172\/2026\/05\/20260504_180658-300x300.jpg\" alt=\"\" width=\"197\" height=\"197\" srcset=\"https:\/\/weltlaeden.de\/sophiefair\/wp-content\/uploads\/sites\/172\/2026\/05\/20260504_180658-300x300.jpg 300w, https:\/\/weltlaeden.de\/sophiefair\/wp-content\/uploads\/sites\/172\/2026\/05\/20260504_180658-1024x1024.jpg 1024w, https:\/\/weltlaeden.de\/sophiefair\/wp-content\/uploads\/sites\/172\/2026\/05\/20260504_180658-150x150.jpg 150w, https:\/\/weltlaeden.de\/sophiefair\/wp-content\/uploads\/sites\/172\/2026\/05\/20260504_180658-768x768.jpg 768w, https:\/\/weltlaeden.de\/sophiefair\/wp-content\/uploads\/sites\/172\/2026\/05\/20260504_180658-1536x1536.jpg 1536w, https:\/\/weltlaeden.de\/sophiefair\/wp-content\/uploads\/sites\/172\/2026\/05\/20260504_180658-2048x2048.jpg 2048w\" sizes=\"auto, (max-width: 197px) 100vw, 197px\" \/><\/h3>\n<p>Kaffee Berliner Bohne gemahlen 250g<br \/>\nSchokolade Berlin Choc Zartbitter 100g<br \/>\nKr\u00e4utertee Free Mind in Teebeuteln<br \/>\nMascobado Lemon Herzen Kekse 125g<\/p>\n<p>&nbsp;<\/p>\n<p>&nbsp;<\/p>\n<h3>Faire Freude &#8211; Geschenkset f\u00fcr ca. 25\u20ac<img loading=\"lazy\" decoding=\"async\" class=\"alignnone wp-image-885 \" src=\"https:\/\/weltlaeden.de\/sophiefair\/wp-content\/uploads\/sites\/172\/2026\/05\/20260504_174422-300x300.jpg\" alt=\"\" width=\"193\" height=\"193\" srcset=\"https:\/\/weltlaeden.de\/sophiefair\/wp-content\/uploads\/sites\/172\/2026\/05\/20260504_174422-300x300.jpg 300w, https:\/\/weltlaeden.de\/sophiefair\/wp-content\/uploads\/sites\/172\/2026\/05\/20260504_174422-1024x1024.jpg 1024w, https:\/\/weltlaeden.de\/sophiefair\/wp-content\/uploads\/sites\/172\/2026\/05\/20260504_174422-150x150.jpg 150w, https:\/\/weltlaeden.de\/sophiefair\/wp-content\/uploads\/sites\/172\/2026\/05\/20260504_174422-768x768.jpg 768w, https:\/\/weltlaeden.de\/sophiefair\/wp-content\/uploads\/sites\/172\/2026\/05\/20260504_174422-1536x1536.jpg 1536w, https:\/\/weltlaeden.de\/sophiefair\/wp-content\/uploads\/sites\/172\/2026\/05\/20260504_174422-2048x2048.jpg 2048w\" sizes=\"auto, (max-width: 193px) 100vw, 193px\" \/><\/h3>\n<p>Caf\u00e9 du Burundi gemahlen 250g<br \/>\nKr\u00e4utertee Free Mind in Teebeuteln<br \/>\nMascobado Lemon Herzen Kekse 125g<br \/>\nTartufi Quartett Italienisches Konfekt 125g<br \/>\nCashews gesalzen 100g<\/p>\n<p>&nbsp;<\/p>\n<h3>Fairer Abend &#8211; Geschenkset f\u00fcr ca. 45\u20ac <img loading=\"lazy\" decoding=\"async\" class=\"alignnone wp-image-886 \" src=\"https:\/\/weltlaeden.de\/sophiefair\/wp-content\/uploads\/sites\/172\/2026\/05\/20260504_173301-300x300.jpg\" alt=\"\" width=\"197\" height=\"197\" srcset=\"https:\/\/weltlaeden.de\/sophiefair\/wp-content\/uploads\/sites\/172\/2026\/05\/20260504_173301-300x300.jpg 300w, https:\/\/weltlaeden.de\/sophiefair\/wp-content\/uploads\/sites\/172\/2026\/05\/20260504_173301-1024x1024.jpg 1024w, https:\/\/weltlaeden.de\/sophiefair\/wp-content\/uploads\/sites\/172\/2026\/05\/20260504_173301-150x150.jpg 150w, https:\/\/weltlaeden.de\/sophiefair\/wp-content\/uploads\/sites\/172\/2026\/05\/20260504_173301-768x768.jpg 768w, https:\/\/weltlaeden.de\/sophiefair\/wp-content\/uploads\/sites\/172\/2026\/05\/20260504_173301-1536x1536.jpg 1536w, https:\/\/weltlaeden.de\/sophiefair\/wp-content\/uploads\/sites\/172\/2026\/05\/20260504_173301-2048x2048.jpg 2048w\" sizes=\"auto, (max-width: 197px) 100vw, 197px\" \/><\/h3>\n<p>Cait\u00ed Reserve Rotwein 0,75l<br \/>\nGer\u00f6stete Erdn\u00fcsse 150g<br \/>\nZa&#8217;atar Gew\u00fcrzmischung 65g<br \/>\nKhoisan Gew\u00fcrzsalz 75g<br \/>\nSchokolade Berlin Choc Zartbitter 100g<br \/>\nSet Nusscreme 4x30g<br \/>\nKerze<\/p>\n<p>&nbsp;<\/p>\n<p>Jedes Geschenkset kommt in einer schlichten T\u00fcte, zus\u00e4tzlich k\u00f6nnen Sie gegen Aufpreis aus dem umfangreichen Sortiment an Geschenkk\u00f6rben im Laden aussuchen.<\/p>\n<p>&nbsp;<\/p>\n<p>&nbsp;<\/p>\n<p>[\/vc_column_text][\/vc_column][\/vc_row]<\/p>\n<\/div>","protected":false},"excerpt":{"rendered":"<p>[vc_row][vc_column][vc_column_text css=&#8220;&#8220;] Suchen Sie nachhaltige Pr\u00e4sente f\u00fcr Kund*innen, Gesch\u00e4ftspartner*innen, Mitarbeiter*innen? Wir stellen Ihnen gerne unsere fairen Angebote zusammen. Wenn Sie bis 12 Uhr bestellen, stehen Ihre Waren ab 15 Uhr im Weltladen sophiefair f\u00fcr Sie zur Abholung bereit. Zahlen k\u00f6nnen Sie direkt vor Ort oder bequem per Rechnung. Fairer Start &#8211; Geschenkset f\u00fcr ca. 16\u20ac&hellip;<\/p>\n","protected":false},"author":251,"featured_media":0,"parent":217,"menu_order":0,"comment_status":"closed","ping_status":"closed","template":"","meta":{"footnotes":""},"class_list":["post-811","page","type-page","status-publish","hentry","description-off"],"yoast_head":"<!-- This site is optimized with the Yoast SEO plugin v26.8 - https:\/\/yoast.com\/product\/yoast-seo-wordpress\/ -->\n<title>Geschenksets - Sophiefair Weltladen Mitte<\/title>\n<meta name=\"robots\" content=\"index, follow, max-snippet:-1, max-image-preview:large, max-video-preview:-1\" \/>\n<link rel=\"canonical\" href=\"https:\/\/weltlaeden.de\/sophiefair\/produkte\/geschenksets\/\" \/>\n<meta property=\"og:locale\" content=\"de_DE\" \/>\n<meta property=\"og:type\" content=\"article\" \/>\n<meta property=\"og:title\" content=\"Geschenksets - Sophiefair Weltladen Mitte\" \/>\n<meta property=\"og:description\" content=\"[vc_row][vc_column][vc_column_text css=&#8220;&#8220;] Suchen Sie nachhaltige Pr\u00e4sente f\u00fcr Kund*innen, Gesch\u00e4ftspartner*innen, Mitarbeiter*innen? Wir stellen Ihnen gerne unsere fairen Angebote zusammen. Wenn Sie bis 12 Uhr bestellen, stehen Ihre Waren ab 15 Uhr im Weltladen sophiefair f\u00fcr Sie zur Abholung bereit. Zahlen k\u00f6nnen Sie direkt vor Ort oder bequem per Rechnung. Fairer Start &#8211; Geschenkset f\u00fcr ca. 16\u20ac&hellip;\" \/>\n<meta property=\"og:url\" content=\"https:\/\/weltlaeden.de\/sophiefair\/produkte\/geschenksets\/\" \/>\n<meta property=\"og:site_name\" content=\"Sophiefair Weltladen Mitte\" \/>\n<meta property=\"article:modified_time\" content=\"2026-05-04T16:57:20+00:00\" \/>\n<meta property=\"og:image\" content=\"https:\/\/weltlaeden.de\/sophiefair\/wp-content\/uploads\/sites\/172\/2026\/05\/20260504_180658-scaled.jpg\" \/>\n\t<meta property=\"og:image:width\" content=\"2560\" \/>\n\t<meta property=\"og:image:height\" content=\"2560\" \/>\n\t<meta property=\"og:image:type\" content=\"image\/jpeg\" \/>\n<meta name=\"twitter:card\" content=\"summary_large_image\" \/>\n<meta name=\"twitter:label1\" content=\"Gesch\u00e4tzte Lesezeit\" \/>\n\t<meta name=\"twitter:data1\" content=\"2\u00a0Minuten\" \/>\n<script type=\"application\/ld+json\" class=\"yoast-schema-graph\">{\"@context\":\"https:\/\/schema.org\",\"@graph\":[{\"@type\":\"WebPage\",\"@id\":\"https:\/\/weltlaeden.de\/sophiefair\/produkte\/geschenksets\/\",\"url\":\"https:\/\/weltlaeden.de\/sophiefair\/produkte\/geschenksets\/\",\"name\":\"Geschenksets - Sophiefair Weltladen Mitte\",\"isPartOf\":{\"@id\":\"https:\/\/weltlaeden.de\/sophiefair\/#website\"},\"primaryImageOfPage\":{\"@id\":\"https:\/\/weltlaeden.de\/sophiefair\/produkte\/geschenksets\/#primaryimage\"},\"image\":{\"@id\":\"https:\/\/weltlaeden.de\/sophiefair\/produkte\/geschenksets\/#primaryimage\"},\"thumbnailUrl\":\"https:\/\/weltlaeden.de\/sophiefair\/wp-content\/uploads\/sites\/172\/2026\/05\/20260504_180658-300x300.jpg\",\"datePublished\":\"2025-02-08T13:27:18+00:00\",\"dateModified\":\"2026-05-04T16:57:20+00:00\",\"breadcrumb\":{\"@id\":\"https:\/\/weltlaeden.de\/sophiefair\/produkte\/geschenksets\/#breadcrumb\"},\"inLanguage\":\"de\",\"potentialAction\":[{\"@type\":\"ReadAction\",\"target\":[\"https:\/\/weltlaeden.de\/sophiefair\/produkte\/geschenksets\/\"]}]},{\"@type\":\"ImageObject\",\"inLanguage\":\"de\",\"@id\":\"https:\/\/weltlaeden.de\/sophiefair\/produkte\/geschenksets\/#primaryimage\",\"url\":\"https:\/\/weltlaeden.de\/sophiefair\/wp-content\/uploads\/sites\/172\/2026\/05\/20260504_180658-scaled.jpg\",\"contentUrl\":\"https:\/\/weltlaeden.de\/sophiefair\/wp-content\/uploads\/sites\/172\/2026\/05\/20260504_180658-scaled.jpg\",\"width\":2560,\"height\":2560},{\"@type\":\"BreadcrumbList\",\"@id\":\"https:\/\/weltlaeden.de\/sophiefair\/produkte\/geschenksets\/#breadcrumb\",\"itemListElement\":[{\"@type\":\"ListItem\",\"position\":1,\"name\":\"Startseite\",\"item\":\"https:\/\/weltlaeden.de\/sophiefair\/\"},{\"@type\":\"ListItem\",\"position\":2,\"name\":\"Produkte\",\"item\":\"https:\/\/weltlaeden.de\/sophiefair\/produkte\/\"},{\"@type\":\"ListItem\",\"position\":3,\"name\":\"Geschenksets\"}]},{\"@type\":\"WebSite\",\"@id\":\"https:\/\/weltlaeden.de\/sophiefair\/#website\",\"url\":\"https:\/\/weltlaeden.de\/sophiefair\/\",\"name\":\"Sophiefair Weltladen Mitte\",\"description\":\"Der Weltladen im Herzen Berlins!\",\"potentialAction\":[{\"@type\":\"SearchAction\",\"target\":{\"@type\":\"EntryPoint\",\"urlTemplate\":\"https:\/\/weltlaeden.de\/sophiefair\/?s={search_term_string}\"},\"query-input\":{\"@type\":\"PropertyValueSpecification\",\"valueRequired\":true,\"valueName\":\"search_term_string\"}}],\"inLanguage\":\"de\"}]}<\/script>\n<!-- \/ Yoast SEO plugin. -->","yoast_head_json":{"title":"Geschenksets - Sophiefair Weltladen Mitte","robots":{"index":"index","follow":"follow","max-snippet":"max-snippet:-1","max-image-preview":"max-image-preview:large","max-video-preview":"max-video-preview:-1"},"canonical":"https:\/\/weltlaeden.de\/sophiefair\/produkte\/geschenksets\/","og_locale":"de_DE","og_type":"article","og_title":"Geschenksets - Sophiefair Weltladen Mitte","og_description":"[vc_row][vc_column][vc_column_text css=&#8220;&#8220;] Suchen Sie nachhaltige Pr\u00e4sente f\u00fcr Kund*innen, Gesch\u00e4ftspartner*innen, Mitarbeiter*innen? Wir stellen Ihnen gerne unsere fairen Angebote zusammen. Wenn Sie bis 12 Uhr bestellen, stehen Ihre Waren ab 15 Uhr im Weltladen sophiefair f\u00fcr Sie zur Abholung bereit. Zahlen k\u00f6nnen Sie direkt vor Ort oder bequem per Rechnung. Fairer Start &#8211; Geschenkset f\u00fcr ca. 16\u20ac&hellip;","og_url":"https:\/\/weltlaeden.de\/sophiefair\/produkte\/geschenksets\/","og_site_name":"Sophiefair Weltladen Mitte","article_modified_time":"2026-05-04T16:57:20+00:00","og_image":[{"width":2560,"height":2560,"url":"https:\/\/weltlaeden.de\/sophiefair\/wp-content\/uploads\/sites\/172\/2026\/05\/20260504_180658-scaled.jpg","type":"image\/jpeg"}],"twitter_card":"summary_large_image","twitter_misc":{"Gesch\u00e4tzte Lesezeit":"2\u00a0Minuten"},"schema":{"@context":"https:\/\/schema.org","@graph":[{"@type":"WebPage","@id":"https:\/\/weltlaeden.de\/sophiefair\/produkte\/geschenksets\/","url":"https:\/\/weltlaeden.de\/sophiefair\/produkte\/geschenksets\/","name":"Geschenksets - Sophiefair Weltladen Mitte","isPartOf":{"@id":"https:\/\/weltlaeden.de\/sophiefair\/#website"},"primaryImageOfPage":{"@id":"https:\/\/weltlaeden.de\/sophiefair\/produkte\/geschenksets\/#primaryimage"},"image":{"@id":"https:\/\/weltlaeden.de\/sophiefair\/produkte\/geschenksets\/#primaryimage"},"thumbnailUrl":"https:\/\/weltlaeden.de\/sophiefair\/wp-content\/uploads\/sites\/172\/2026\/05\/20260504_180658-300x300.jpg","datePublished":"2025-02-08T13:27:18+00:00","dateModified":"2026-05-04T16:57:20+00:00","breadcrumb":{"@id":"https:\/\/weltlaeden.de\/sophiefair\/produkte\/geschenksets\/#breadcrumb"},"inLanguage":"de","potentialAction":[{"@type":"ReadAction","target":["https:\/\/weltlaeden.de\/sophiefair\/produkte\/geschenksets\/"]}]},{"@type":"ImageObject","inLanguage":"de","@id":"https:\/\/weltlaeden.de\/sophiefair\/produkte\/geschenksets\/#primaryimage","url":"https:\/\/weltlaeden.de\/sophiefair\/wp-content\/uploads\/sites\/172\/2026\/05\/20260504_180658-scaled.jpg","contentUrl":"https:\/\/weltlaeden.de\/sophiefair\/wp-content\/uploads\/sites\/172\/2026\/05\/20260504_180658-scaled.jpg","width":2560,"height":2560},{"@type":"BreadcrumbList","@id":"https:\/\/weltlaeden.de\/sophiefair\/produkte\/geschenksets\/#breadcrumb","itemListElement":[{"@type":"ListItem","position":1,"name":"Startseite","item":"https:\/\/weltlaeden.de\/sophiefair\/"},{"@type":"ListItem","position":2,"name":"Produkte","item":"https:\/\/weltlaeden.de\/sophiefair\/produkte\/"},{"@type":"ListItem","position":3,"name":"Geschenksets"}]},{"@type":"WebSite","@id":"https:\/\/weltlaeden.de\/sophiefair\/#website","url":"https:\/\/weltlaeden.de\/sophiefair\/","name":"Sophiefair Weltladen Mitte","description":"Der Weltladen im Herzen Berlins!","potentialAction":[{"@type":"SearchAction","target":{"@type":"EntryPoint","urlTemplate":"https:\/\/weltlaeden.de\/sophiefair\/?s={search_term_string}"},"query-input":{"@type":"PropertyValueSpecification","valueRequired":true,"valueName":"search_term_string"}}],"inLanguage":"de"}]}},"_links":{"self":[{"href":"https:\/\/weltlaeden.de\/sophiefair\/wp-json\/wp\/v2\/pages\/811","targetHints":{"allow":["GET"]}}],"collection":[{"href":"https:\/\/weltlaeden.de\/sophiefair\/wp-json\/wp\/v2\/pages"}],"about":[{"href":"https:\/\/weltlaeden.de\/sophiefair\/wp-json\/wp\/v2\/types\/page"}],"author":[{"embeddable":true,"href":"https:\/\/weltlaeden.de\/sophiefair\/wp-json\/wp\/v2\/users\/251"}],"replies":[{"embeddable":true,"href":"https:\/\/weltlaeden.de\/sophiefair\/wp-json\/wp\/v2\/comments?post=811"}],"version-history":[{"count":5,"href":"https:\/\/weltlaeden.de\/sophiefair\/wp-json\/wp\/v2\/pages\/811\/revisions"}],"predecessor-version":[{"id":887,"href":"https:\/\/weltlaeden.de\/sophiefair\/wp-json\/wp\/v2\/pages\/811\/revisions\/887"}],"up":[{"embeddable":true,"href":"https:\/\/weltlaeden.de\/sophiefair\/wp-json\/wp\/v2\/pages\/217"}],"wp:attachment":[{"href":"https:\/\/weltlaeden.de\/sophiefair\/wp-json\/wp\/v2\/media?parent=811"}],"curies":[{"name":"wp","href":"https:\/\/api.w.org\/{rel}","templated":true}]}}