{"id":745,"date":"2024-09-18T14:46:36","date_gmt":"2024-09-18T12:46:36","guid":{"rendered":"https:\/\/weltlaeden.de\/sophiefair\/?page_id=745"},"modified":"2024-09-18T15:08:47","modified_gmt":"2024-09-18T13:08:47","slug":"mitmachen","status":"publish","type":"page","link":"https:\/\/weltlaeden.de\/sophiefair\/mitmachen\/","title":{"rendered":"Mitmachen"},"content":{"rendered":"<p>Ein Weltladen lebt vom Engagement vieler.<\/p>\n<p>Dabei gibt es viele M\u00f6glichkeiten, sich zu beteiligen. Als <a href=\"https:\/\/weltlaeden.de\/sophiefair\/genossenschaft\/\">Genossenschaftsmitglied<\/a> k\u00f6nnt ihr den Weltladen in seiner T\u00e4tigkeit mit euren gekauften Anteilen direkt unterst\u00fctzen und gleichzeitig von dem Genossenschaftsrabatt bei jedem Einkauf profitieren. Wenn ihr dem Fairen Handel in Mitte eure Zeit geben wollt, k\u00f6nnt ihr als <a href=\"https:\/\/weltlaeden.de\/sophiefair\/mitmachen\/freiwilliges-engagement\/\">Ehrenamtliche<\/a> im Laden oder im Hintergrund t\u00e4tig werden. Und f\u00fcr diejenigen, die nach der Schule Einblicke in die Aufgaben und Inhalte des Fairen Handels bekommen m\u00f6chten, ist das <a href=\"https:\/\/weltlaeden.de\/sophiefair\/mitmachen\/freiwilliges-oekologisches-jahr\/\">Freiwillige \u00f6kologische Jahr<\/a> (F\u00f6J) bei uns m\u00f6glich.<\/p>\n","protected":false},"excerpt":{"rendered":"<p>Ein Weltladen lebt vom Engagement vieler. Dabei gibt es viele M\u00f6glichkeiten, sich zu beteiligen. Als Genossenschaftsmitglied k\u00f6nnt ihr den Weltladen in seiner T\u00e4tigkeit mit euren gekauften Anteilen direkt unterst\u00fctzen und gleichzeitig von dem Genossenschaftsrabatt bei jedem Einkauf profitieren. Wenn ihr dem Fairen Handel in Mitte eure Zeit geben wollt, k\u00f6nnt ihr als Ehrenamtliche im Laden&hellip;<\/p>\n","protected":false},"author":251,"featured_media":0,"parent":0,"menu_order":0,"comment_status":"closed","ping_status":"closed","template":"","meta":{"footnotes":""},"class_list":["post-745","page","type-page","status-publish","hentry","description-off"],"yoast_head":"<!-- This site is optimized with the Yoast SEO plugin v26.8 - https:\/\/yoast.com\/product\/yoast-seo-wordpress\/ -->\n<title>Mitmachen - Sophiefair Weltladen Mitte<\/title>\n<meta name=\"robots\" content=\"index, follow, max-snippet:-1, max-image-preview:large, max-video-preview:-1\" \/>\n<link rel=\"canonical\" href=\"https:\/\/weltlaeden.de\/sophiefair\/mitmachen\/\" \/>\n<meta property=\"og:locale\" content=\"de_DE\" \/>\n<meta property=\"og:type\" content=\"article\" \/>\n<meta property=\"og:title\" content=\"Mitmachen - Sophiefair Weltladen Mitte\" \/>\n<meta property=\"og:description\" content=\"Ein Weltladen lebt vom Engagement vieler. Dabei gibt es viele M\u00f6glichkeiten, sich zu beteiligen. Als Genossenschaftsmitglied k\u00f6nnt ihr den Weltladen in seiner T\u00e4tigkeit mit euren gekauften Anteilen direkt unterst\u00fctzen und gleichzeitig von dem Genossenschaftsrabatt bei jedem Einkauf profitieren. Wenn ihr dem Fairen Handel in Mitte eure Zeit geben wollt, k\u00f6nnt ihr als Ehrenamtliche im Laden&hellip;\" \/>\n<meta property=\"og:url\" content=\"https:\/\/weltlaeden.de\/sophiefair\/mitmachen\/\" \/>\n<meta property=\"og:site_name\" content=\"Sophiefair Weltladen Mitte\" \/>\n<meta property=\"article:modified_time\" content=\"2024-09-18T13:08:47+00:00\" \/>\n<meta name=\"twitter:card\" content=\"summary_large_image\" \/>\n<meta name=\"twitter:label1\" content=\"Gesch\u00e4tzte Lesezeit\" \/>\n\t<meta name=\"twitter:data1\" content=\"1\u00a0Minute\" \/>\n<script type=\"application\/ld+json\" class=\"yoast-schema-graph\">{\"@context\":\"https:\/\/schema.org\",\"@graph\":[{\"@type\":\"WebPage\",\"@id\":\"https:\/\/weltlaeden.de\/sophiefair\/mitmachen\/\",\"url\":\"https:\/\/weltlaeden.de\/sophiefair\/mitmachen\/\",\"name\":\"Mitmachen - Sophiefair Weltladen Mitte\",\"isPartOf\":{\"@id\":\"https:\/\/weltlaeden.de\/sophiefair\/#website\"},\"datePublished\":\"2024-09-18T12:46:36+00:00\",\"dateModified\":\"2024-09-18T13:08:47+00:00\",\"breadcrumb\":{\"@id\":\"https:\/\/weltlaeden.de\/sophiefair\/mitmachen\/#breadcrumb\"},\"inLanguage\":\"de\",\"potentialAction\":[{\"@type\":\"ReadAction\",\"target\":[\"https:\/\/weltlaeden.de\/sophiefair\/mitmachen\/\"]}]},{\"@type\":\"BreadcrumbList\",\"@id\":\"https:\/\/weltlaeden.de\/sophiefair\/mitmachen\/#breadcrumb\",\"itemListElement\":[{\"@type\":\"ListItem\",\"position\":1,\"name\":\"Startseite\",\"item\":\"https:\/\/weltlaeden.de\/sophiefair\/\"},{\"@type\":\"ListItem\",\"position\":2,\"name\":\"Mitmachen\"}]},{\"@type\":\"WebSite\",\"@id\":\"https:\/\/weltlaeden.de\/sophiefair\/#website\",\"url\":\"https:\/\/weltlaeden.de\/sophiefair\/\",\"name\":\"Sophiefair Weltladen Mitte\",\"description\":\"Der Weltladen im Herzen Berlins!\",\"potentialAction\":[{\"@type\":\"SearchAction\",\"target\":{\"@type\":\"EntryPoint\",\"urlTemplate\":\"https:\/\/weltlaeden.de\/sophiefair\/?s={search_term_string}\"},\"query-input\":{\"@type\":\"PropertyValueSpecification\",\"valueRequired\":true,\"valueName\":\"search_term_string\"}}],\"inLanguage\":\"de\"}]}<\/script>\n<!-- \/ Yoast SEO plugin. -->","yoast_head_json":{"title":"Mitmachen - Sophiefair Weltladen Mitte","robots":{"index":"index","follow":"follow","max-snippet":"max-snippet:-1","max-image-preview":"max-image-preview:large","max-video-preview":"max-video-preview:-1"},"canonical":"https:\/\/weltlaeden.de\/sophiefair\/mitmachen\/","og_locale":"de_DE","og_type":"article","og_title":"Mitmachen - Sophiefair Weltladen Mitte","og_description":"Ein Weltladen lebt vom Engagement vieler. Dabei gibt es viele M\u00f6glichkeiten, sich zu beteiligen. Als Genossenschaftsmitglied k\u00f6nnt ihr den Weltladen in seiner T\u00e4tigkeit mit euren gekauften Anteilen direkt unterst\u00fctzen und gleichzeitig von dem Genossenschaftsrabatt bei jedem Einkauf profitieren. Wenn ihr dem Fairen Handel in Mitte eure Zeit geben wollt, k\u00f6nnt ihr als Ehrenamtliche im Laden&hellip;","og_url":"https:\/\/weltlaeden.de\/sophiefair\/mitmachen\/","og_site_name":"Sophiefair Weltladen Mitte","article_modified_time":"2024-09-18T13:08:47+00:00","twitter_card":"summary_large_image","twitter_misc":{"Gesch\u00e4tzte Lesezeit":"1\u00a0Minute"},"schema":{"@context":"https:\/\/schema.org","@graph":[{"@type":"WebPage","@id":"https:\/\/weltlaeden.de\/sophiefair\/mitmachen\/","url":"https:\/\/weltlaeden.de\/sophiefair\/mitmachen\/","name":"Mitmachen - Sophiefair Weltladen Mitte","isPartOf":{"@id":"https:\/\/weltlaeden.de\/sophiefair\/#website"},"datePublished":"2024-09-18T12:46:36+00:00","dateModified":"2024-09-18T13:08:47+00:00","breadcrumb":{"@id":"https:\/\/weltlaeden.de\/sophiefair\/mitmachen\/#breadcrumb"},"inLanguage":"de","potentialAction":[{"@type":"ReadAction","target":["https:\/\/weltlaeden.de\/sophiefair\/mitmachen\/"]}]},{"@type":"BreadcrumbList","@id":"https:\/\/weltlaeden.de\/sophiefair\/mitmachen\/#breadcrumb","itemListElement":[{"@type":"ListItem","position":1,"name":"Startseite","item":"https:\/\/weltlaeden.de\/sophiefair\/"},{"@type":"ListItem","position":2,"name":"Mitmachen"}]},{"@type":"WebSite","@id":"https:\/\/weltlaeden.de\/sophiefair\/#website","url":"https:\/\/weltlaeden.de\/sophiefair\/","name":"Sophiefair Weltladen Mitte","description":"Der Weltladen im Herzen Berlins!","potentialAction":[{"@type":"SearchAction","target":{"@type":"EntryPoint","urlTemplate":"https:\/\/weltlaeden.de\/sophiefair\/?s={search_term_string}"},"query-input":{"@type":"PropertyValueSpecification","valueRequired":true,"valueName":"search_term_string"}}],"inLanguage":"de"}]}},"_links":{"self":[{"href":"https:\/\/weltlaeden.de\/sophiefair\/wp-json\/wp\/v2\/pages\/745","targetHints":{"allow":["GET"]}}],"collection":[{"href":"https:\/\/weltlaeden.de\/sophiefair\/wp-json\/wp\/v2\/pages"}],"about":[{"href":"https:\/\/weltlaeden.de\/sophiefair\/wp-json\/wp\/v2\/types\/page"}],"author":[{"embeddable":true,"href":"https:\/\/weltlaeden.de\/sophiefair\/wp-json\/wp\/v2\/users\/251"}],"replies":[{"embeddable":true,"href":"https:\/\/weltlaeden.de\/sophiefair\/wp-json\/wp\/v2\/comments?post=745"}],"version-history":[{"count":2,"href":"https:\/\/weltlaeden.de\/sophiefair\/wp-json\/wp\/v2\/pages\/745\/revisions"}],"predecessor-version":[{"id":755,"href":"https:\/\/weltlaeden.de\/sophiefair\/wp-json\/wp\/v2\/pages\/745\/revisions\/755"}],"wp:attachment":[{"href":"https:\/\/weltlaeden.de\/sophiefair\/wp-json\/wp\/v2\/media?parent=745"}],"curies":[{"name":"wp","href":"https:\/\/api.w.org\/{rel}","templated":true}]}}