{"id":743,"date":"2024-09-18T14:47:07","date_gmt":"2024-09-18T12:47:07","guid":{"rendered":"https:\/\/weltlaeden.de\/sophiefair\/?page_id=743"},"modified":"2025-11-15T16:33:14","modified_gmt":"2025-11-15T15:33:14","slug":"freiwilliges-oekologisches-jahr","status":"publish","type":"page","link":"https:\/\/weltlaeden.de\/sophiefair\/mitmachen\/freiwilliges-oekologisches-jahr\/","title":{"rendered":"Freiwilliges \u00f6kologisches Jahr"},"content":{"rendered":"<div class=\"wpb-content-wrapper\"><p>[vc_row][vc_column][vc_column_text css=&#8220;&#8220;]<\/p>\n<h2><strong>Freiwilliges \u00d6kologisches Jahr im Weltladen Sophiefair<\/strong><\/h2>\n<h3>Engagiere dich f\u00fcr globale Gerechtigkeit und nachhaltigen Konsum<\/h3>\n<p>Du m\u00f6chtest dich nach der Schule engagieren, Einblicke in nachhaltige Wirtschaftsformen gewinnen und dich aktiv f\u00fcr eine gerechtere Welt einsetzen? Dann bist du im Weltladen Sophiefair gut aufgehoben. Im Rahmen eines <strong>Freiwilligen \u00d6kologischen Jahres (F\u00d6J)<\/strong> bietet der Weltladen jungen Menschen im Alter von \u00a0 \u00a0 \u00a0 18 &#8211; 25 Jahren die M\u00f6glichkeit, sich ein Jahr lang f\u00fcr fairen Handel, \u00f6kologische Verantwortung und entwicklungspolitische Bildung zu engagieren.<\/p>\n<p>Als F\u00d6Jler*in wirst du Teil unseres Teams und bekommst vielf\u00e4ltige Aufgabenbereiche anvertraut:<\/p>\n<ul>\n<li><strong>Mitarbeit im Verkauf<\/strong> &#8211; Du lernst, wie fair gehandelte Produkte verkauft werden, unterst\u00fctzt Kund*innen bei Fragen und gestaltest den Ladenalltag mit.<\/li>\n<li><strong>\u00d6ffentlichkeitsarbeit und Bildung<\/strong> &#8211; Du organisierst Veranstaltungen, entwickelst Informationsmaterialen mit und bringst dich in die Bildungsarbeit zum fairen Handel ein<\/li>\n<li><strong>Kreative Projekte<\/strong> &#8211; Ob Social Media, Schaufensterdekoration oder Aktionen zum Weltladentag: Deine Ideen sind gefragt!<\/li>\n<\/ul>\n<p>Das F\u00d6J ist nicht nur eine wertvolle Lernerfahrung, sondern auch ein wichtiger Beitrag zu einer faireren und nachhaltigeren Welt. Du brauchst keine Vorkenntnisse &#8211; nur Interesse, Offenheit und das Engagement, dich mit einzubringen.<\/p>\n<p>Wir sind beim <a href=\"https:\/\/vjf.de\/avada_portfolio\/weltladen-sophiefair-mitte\/?portfolioCats=56%2C63%2C86%2C65%2C62%2C67%2C66%2C64\"><strong>Verein junger Freiwilliger<\/strong> <\/a>und des <a href=\"https:\/\/www.stiftung-naturschutz.de\/freiwilligendienste\/foej\/einsatzstellen\/detail\/?eid=1188\"><strong>Stiftung Naturschutz<\/strong><\/a> gelistet. Weitere Informationen bez\u00fcglich eines F\u00d6J&#8217;s sind auf den Webseiten der Tr\u00e4ger verzeichnet.<\/p>\n<p>&nbsp;<\/p>\n<blockquote><p>F\u00d6J&#8217;ler Einblick<\/p>\n<p>Ich bin Lieske und ich mache mein F\u00d6J seit November 2024 im Weltladen Sophiefair. Damit ich ein Fachabitur kriege, habe ich mich dazu entschieden es mittels eines F\u00d6J&#8217;s zu erarbeiten. In der Schulzeit hatten mich schon immer die F\u00e4cher Geografie, Geschichte und Politik interessiert, weshalb ich den Weltladen (und dessen \u00f6kologischen, politischen und sozialen Hintergr\u00fcnde) als sehr ansprechend empfand. Meine T\u00e4tigkeiten sind diese, die oben aufgelistet sind. Besonders gef\u00e4llt mir die \u00d6ffentlichkeitsarbeit &amp; Bildung. Ich f\u00fchre den Instagramkanal vom Weltladen Sophiefair und vermittle dort die verschiedensten Informationen \u00fcber die fairen Produkte, die Hersteller, \u00fcber den fairen Handel sowie Aktionen im Weltladen. Am liebsten helfe ich bei der Gestaltung des Ladens, des Schaufensters und des Sortiments. W\u00e4hrend meiner Zeit im Weltladen konnte ich viele neue Kenntnisse \u00fcber den fairen Handel und dem allgemeinen Handel lernen. Seitdem ich hier arbeite reflektiere ich viel mehr meine Lebensweise als zuvor. Mir war vorher nicht bewusst in wie vielen Teilen der Welt Menschenrechte f\u00fcr Geld missbraucht werden und niemand (oder wenn ja, zu wenig Menschen) eine Ver\u00e4nderung wollen.<\/p>\n<p>Jedoch bin ich sehr gl\u00fccklich dar\u00fcber,dass ich mich f\u00fcr die Einsatzstelle im Weltladen Sophiefair entschieden habe. Mein Alltag ist sehr entspannend und ich lerne jeden Tag etwas neues dazu.<\/p><\/blockquote>\n<p>[\/vc_column_text][\/vc_column][\/vc_row]<\/p>\n<\/div>","protected":false},"excerpt":{"rendered":"<p>[vc_row][vc_column][vc_column_text css=&#8220;&#8220;] Freiwilliges \u00d6kologisches Jahr im Weltladen Sophiefair Engagiere dich f\u00fcr globale Gerechtigkeit und nachhaltigen Konsum Du m\u00f6chtest dich nach der Schule engagieren, Einblicke in nachhaltige Wirtschaftsformen gewinnen und dich aktiv f\u00fcr eine gerechtere Welt einsetzen? Dann bist du im Weltladen Sophiefair gut aufgehoben. Im Rahmen eines Freiwilligen \u00d6kologischen Jahres (F\u00d6J) bietet der Weltladen jungen&hellip;<\/p>\n","protected":false},"author":251,"featured_media":0,"parent":745,"menu_order":0,"comment_status":"closed","ping_status":"closed","template":"","meta":{"footnotes":""},"class_list":["post-743","page","type-page","status-publish","hentry","description-off"],"yoast_head":"<!-- This site is optimized with the Yoast SEO plugin v26.8 - https:\/\/yoast.com\/product\/yoast-seo-wordpress\/ -->\n<title>Freiwilliges \u00f6kologisches Jahr - Sophiefair Weltladen Mitte<\/title>\n<meta name=\"robots\" content=\"index, follow, max-snippet:-1, max-image-preview:large, max-video-preview:-1\" \/>\n<link rel=\"canonical\" href=\"https:\/\/weltlaeden.de\/sophiefair\/mitmachen\/freiwilliges-oekologisches-jahr\/\" \/>\n<meta property=\"og:locale\" content=\"de_DE\" \/>\n<meta property=\"og:type\" content=\"article\" \/>\n<meta property=\"og:title\" content=\"Freiwilliges \u00f6kologisches Jahr - Sophiefair Weltladen Mitte\" \/>\n<meta property=\"og:description\" content=\"[vc_row][vc_column][vc_column_text css=&#8220;&#8220;] Freiwilliges \u00d6kologisches Jahr im Weltladen Sophiefair Engagiere dich f\u00fcr globale Gerechtigkeit und nachhaltigen Konsum Du m\u00f6chtest dich nach der Schule engagieren, Einblicke in nachhaltige Wirtschaftsformen gewinnen und dich aktiv f\u00fcr eine gerechtere Welt einsetzen? Dann bist du im Weltladen Sophiefair gut aufgehoben. Im Rahmen eines Freiwilligen \u00d6kologischen Jahres (F\u00d6J) bietet der Weltladen jungen&hellip;\" \/>\n<meta property=\"og:url\" content=\"https:\/\/weltlaeden.de\/sophiefair\/mitmachen\/freiwilliges-oekologisches-jahr\/\" \/>\n<meta property=\"og:site_name\" content=\"Sophiefair Weltladen Mitte\" \/>\n<meta property=\"article:modified_time\" content=\"2025-11-15T15:33:14+00:00\" \/>\n<meta name=\"twitter:card\" content=\"summary_large_image\" \/>\n<meta name=\"twitter:label1\" content=\"Gesch\u00e4tzte Lesezeit\" \/>\n\t<meta name=\"twitter:data1\" content=\"2\u00a0Minuten\" \/>\n<script type=\"application\/ld+json\" class=\"yoast-schema-graph\">{\"@context\":\"https:\/\/schema.org\",\"@graph\":[{\"@type\":\"WebPage\",\"@id\":\"https:\/\/weltlaeden.de\/sophiefair\/mitmachen\/freiwilliges-oekologisches-jahr\/\",\"url\":\"https:\/\/weltlaeden.de\/sophiefair\/mitmachen\/freiwilliges-oekologisches-jahr\/\",\"name\":\"Freiwilliges \u00f6kologisches Jahr - Sophiefair Weltladen Mitte\",\"isPartOf\":{\"@id\":\"https:\/\/weltlaeden.de\/sophiefair\/#website\"},\"datePublished\":\"2024-09-18T12:47:07+00:00\",\"dateModified\":\"2025-11-15T15:33:14+00:00\",\"breadcrumb\":{\"@id\":\"https:\/\/weltlaeden.de\/sophiefair\/mitmachen\/freiwilliges-oekologisches-jahr\/#breadcrumb\"},\"inLanguage\":\"de\",\"potentialAction\":[{\"@type\":\"ReadAction\",\"target\":[\"https:\/\/weltlaeden.de\/sophiefair\/mitmachen\/freiwilliges-oekologisches-jahr\/\"]}]},{\"@type\":\"BreadcrumbList\",\"@id\":\"https:\/\/weltlaeden.de\/sophiefair\/mitmachen\/freiwilliges-oekologisches-jahr\/#breadcrumb\",\"itemListElement\":[{\"@type\":\"ListItem\",\"position\":1,\"name\":\"Startseite\",\"item\":\"https:\/\/weltlaeden.de\/sophiefair\/\"},{\"@type\":\"ListItem\",\"position\":2,\"name\":\"Mitmachen\",\"item\":\"https:\/\/weltlaeden.de\/sophiefair\/mitmachen\/\"},{\"@type\":\"ListItem\",\"position\":3,\"name\":\"Freiwilliges \u00f6kologisches Jahr\"}]},{\"@type\":\"WebSite\",\"@id\":\"https:\/\/weltlaeden.de\/sophiefair\/#website\",\"url\":\"https:\/\/weltlaeden.de\/sophiefair\/\",\"name\":\"Sophiefair Weltladen Mitte\",\"description\":\"Der Weltladen im Herzen Berlins!\",\"potentialAction\":[{\"@type\":\"SearchAction\",\"target\":{\"@type\":\"EntryPoint\",\"urlTemplate\":\"https:\/\/weltlaeden.de\/sophiefair\/?s={search_term_string}\"},\"query-input\":{\"@type\":\"PropertyValueSpecification\",\"valueRequired\":true,\"valueName\":\"search_term_string\"}}],\"inLanguage\":\"de\"}]}<\/script>\n<!-- \/ Yoast SEO plugin. -->","yoast_head_json":{"title":"Freiwilliges \u00f6kologisches Jahr - Sophiefair Weltladen Mitte","robots":{"index":"index","follow":"follow","max-snippet":"max-snippet:-1","max-image-preview":"max-image-preview:large","max-video-preview":"max-video-preview:-1"},"canonical":"https:\/\/weltlaeden.de\/sophiefair\/mitmachen\/freiwilliges-oekologisches-jahr\/","og_locale":"de_DE","og_type":"article","og_title":"Freiwilliges \u00f6kologisches Jahr - Sophiefair Weltladen Mitte","og_description":"[vc_row][vc_column][vc_column_text css=&#8220;&#8220;] Freiwilliges \u00d6kologisches Jahr im Weltladen Sophiefair Engagiere dich f\u00fcr globale Gerechtigkeit und nachhaltigen Konsum Du m\u00f6chtest dich nach der Schule engagieren, Einblicke in nachhaltige Wirtschaftsformen gewinnen und dich aktiv f\u00fcr eine gerechtere Welt einsetzen? Dann bist du im Weltladen Sophiefair gut aufgehoben. Im Rahmen eines Freiwilligen \u00d6kologischen Jahres (F\u00d6J) bietet der Weltladen jungen&hellip;","og_url":"https:\/\/weltlaeden.de\/sophiefair\/mitmachen\/freiwilliges-oekologisches-jahr\/","og_site_name":"Sophiefair Weltladen Mitte","article_modified_time":"2025-11-15T15:33:14+00:00","twitter_card":"summary_large_image","twitter_misc":{"Gesch\u00e4tzte Lesezeit":"2\u00a0Minuten"},"schema":{"@context":"https:\/\/schema.org","@graph":[{"@type":"WebPage","@id":"https:\/\/weltlaeden.de\/sophiefair\/mitmachen\/freiwilliges-oekologisches-jahr\/","url":"https:\/\/weltlaeden.de\/sophiefair\/mitmachen\/freiwilliges-oekologisches-jahr\/","name":"Freiwilliges \u00f6kologisches Jahr - Sophiefair Weltladen Mitte","isPartOf":{"@id":"https:\/\/weltlaeden.de\/sophiefair\/#website"},"datePublished":"2024-09-18T12:47:07+00:00","dateModified":"2025-11-15T15:33:14+00:00","breadcrumb":{"@id":"https:\/\/weltlaeden.de\/sophiefair\/mitmachen\/freiwilliges-oekologisches-jahr\/#breadcrumb"},"inLanguage":"de","potentialAction":[{"@type":"ReadAction","target":["https:\/\/weltlaeden.de\/sophiefair\/mitmachen\/freiwilliges-oekologisches-jahr\/"]}]},{"@type":"BreadcrumbList","@id":"https:\/\/weltlaeden.de\/sophiefair\/mitmachen\/freiwilliges-oekologisches-jahr\/#breadcrumb","itemListElement":[{"@type":"ListItem","position":1,"name":"Startseite","item":"https:\/\/weltlaeden.de\/sophiefair\/"},{"@type":"ListItem","position":2,"name":"Mitmachen","item":"https:\/\/weltlaeden.de\/sophiefair\/mitmachen\/"},{"@type":"ListItem","position":3,"name":"Freiwilliges \u00f6kologisches Jahr"}]},{"@type":"WebSite","@id":"https:\/\/weltlaeden.de\/sophiefair\/#website","url":"https:\/\/weltlaeden.de\/sophiefair\/","name":"Sophiefair Weltladen Mitte","description":"Der Weltladen im Herzen Berlins!","potentialAction":[{"@type":"SearchAction","target":{"@type":"EntryPoint","urlTemplate":"https:\/\/weltlaeden.de\/sophiefair\/?s={search_term_string}"},"query-input":{"@type":"PropertyValueSpecification","valueRequired":true,"valueName":"search_term_string"}}],"inLanguage":"de"}]}},"_links":{"self":[{"href":"https:\/\/weltlaeden.de\/sophiefair\/wp-json\/wp\/v2\/pages\/743","targetHints":{"allow":["GET"]}}],"collection":[{"href":"https:\/\/weltlaeden.de\/sophiefair\/wp-json\/wp\/v2\/pages"}],"about":[{"href":"https:\/\/weltlaeden.de\/sophiefair\/wp-json\/wp\/v2\/types\/page"}],"author":[{"embeddable":true,"href":"https:\/\/weltlaeden.de\/sophiefair\/wp-json\/wp\/v2\/users\/251"}],"replies":[{"embeddable":true,"href":"https:\/\/weltlaeden.de\/sophiefair\/wp-json\/wp\/v2\/comments?post=743"}],"version-history":[{"count":9,"href":"https:\/\/weltlaeden.de\/sophiefair\/wp-json\/wp\/v2\/pages\/743\/revisions"}],"predecessor-version":[{"id":868,"href":"https:\/\/weltlaeden.de\/sophiefair\/wp-json\/wp\/v2\/pages\/743\/revisions\/868"}],"up":[{"embeddable":true,"href":"https:\/\/weltlaeden.de\/sophiefair\/wp-json\/wp\/v2\/pages\/745"}],"wp:attachment":[{"href":"https:\/\/weltlaeden.de\/sophiefair\/wp-json\/wp\/v2\/media?parent=743"}],"curies":[{"name":"wp","href":"https:\/\/api.w.org\/{rel}","templated":true}]}}