{"id":741,"date":"2024-09-18T14:47:28","date_gmt":"2024-09-18T12:47:28","guid":{"rendered":"https:\/\/weltlaeden.de\/sophiefair\/?page_id=741"},"modified":"2025-05-16T13:48:45","modified_gmt":"2025-05-16T11:48:45","slug":"freiwilliges-engagement","status":"publish","type":"page","link":"https:\/\/weltlaeden.de\/sophiefair\/mitmachen\/freiwilliges-engagement\/","title":{"rendered":"Freiwilliges Engagement"},"content":{"rendered":"<p data-start=\"82\" data-end=\"149\"><strong data-start=\"82\" data-end=\"149\">Mach mit im Weltladen sophiefair \u2013 gemeinsam f\u00fcr fairen Handel!<\/strong><\/p>\n<p data-start=\"151\" data-end=\"397\">Der Faire Handel lebt von Menschen, die sich mit Herz und \u00dcberzeugung engagieren. Ohne die vielen Ehrenamtlichen w\u00e4re die Weltladen-Bewegung nicht das, was sie heute ist \u2013 sie sind das R\u00fcckgrat unserer Arbeit und die Seele jedes einzelnen Weltladens.<\/p>\n<p data-start=\"399\" data-end=\"649\">Du musst nicht unbedingt hinter der Ladentheke stehen, um Teil unseres Teams zu werden. Auch bei Aktionen auf M\u00e4rkten, in der \u00d6ffentlichkeitsarbeit oder bei der Planung und Durchf\u00fchrung von Veranstaltungen kannst du dich einbringen und etwas bewegen.<\/p>\n<p data-start=\"651\" data-end=\"985\">Wenn du Lust hast, dich bei uns im <strong data-start=\"686\" data-end=\"710\">Weltladen sophiefair<\/strong> zu engagieren, freuen wir uns, von dir zu h\u00f6ren!<br data-start=\"759\" data-end=\"762\" \/>Schreib uns einfach eine E-Mail an <a class=\"cursor-pointer\" rel=\"noopener\" data-start=\"797\" data-end=\"864\">gemeinsam@weltladen-mitte.de<\/a>, ruf uns w\u00e4hrend der \u00d6ffnungszeiten unter <strong data-start=\"907\" data-end=\"924\">030-2329 3144<\/strong> an \u2013 oder komm ganz unkompliziert pers\u00f6nlich bei uns vorbei.<\/p>\n<p data-start=\"987\" data-end=\"1083\"><strong data-start=\"987\" data-end=\"1083\">Wir freuen uns auf dich \u2013 und darauf, gemeinsam mit dir die Welt ein St\u00fcck fairer zu machen!<\/strong><\/p>\n","protected":false},"excerpt":{"rendered":"<p>Mach mit im Weltladen sophiefair \u2013 gemeinsam f\u00fcr fairen Handel! Der Faire Handel lebt von Menschen, die sich mit Herz und \u00dcberzeugung engagieren. Ohne die vielen Ehrenamtlichen w\u00e4re die Weltladen-Bewegung nicht das, was sie heute ist \u2013 sie sind das R\u00fcckgrat unserer Arbeit und die Seele jedes einzelnen Weltladens. Du musst nicht unbedingt hinter der&hellip;<\/p>\n","protected":false},"author":251,"featured_media":0,"parent":745,"menu_order":0,"comment_status":"closed","ping_status":"closed","template":"","meta":{"footnotes":""},"class_list":["post-741","page","type-page","status-publish","hentry","description-off"],"yoast_head":"<!-- This site is optimized with the Yoast SEO plugin v26.8 - https:\/\/yoast.com\/product\/yoast-seo-wordpress\/ -->\n<title>Freiwilliges Engagement - Sophiefair Weltladen Mitte<\/title>\n<meta name=\"robots\" content=\"index, follow, max-snippet:-1, max-image-preview:large, max-video-preview:-1\" \/>\n<link rel=\"canonical\" href=\"https:\/\/weltlaeden.de\/sophiefair\/mitmachen\/freiwilliges-engagement\/\" \/>\n<meta property=\"og:locale\" content=\"de_DE\" \/>\n<meta property=\"og:type\" content=\"article\" \/>\n<meta property=\"og:title\" content=\"Freiwilliges Engagement - Sophiefair Weltladen Mitte\" \/>\n<meta property=\"og:description\" content=\"Mach mit im Weltladen sophiefair \u2013 gemeinsam f\u00fcr fairen Handel! Der Faire Handel lebt von Menschen, die sich mit Herz und \u00dcberzeugung engagieren. Ohne die vielen Ehrenamtlichen w\u00e4re die Weltladen-Bewegung nicht das, was sie heute ist \u2013 sie sind das R\u00fcckgrat unserer Arbeit und die Seele jedes einzelnen Weltladens. Du musst nicht unbedingt hinter der&hellip;\" \/>\n<meta property=\"og:url\" content=\"https:\/\/weltlaeden.de\/sophiefair\/mitmachen\/freiwilliges-engagement\/\" \/>\n<meta property=\"og:site_name\" content=\"Sophiefair Weltladen Mitte\" \/>\n<meta property=\"article:modified_time\" content=\"2025-05-16T11:48:45+00:00\" \/>\n<meta name=\"twitter:card\" content=\"summary_large_image\" \/>\n<meta name=\"twitter:label1\" content=\"Gesch\u00e4tzte Lesezeit\" \/>\n\t<meta name=\"twitter:data1\" content=\"1\u00a0Minute\" \/>\n<script type=\"application\/ld+json\" class=\"yoast-schema-graph\">{\"@context\":\"https:\/\/schema.org\",\"@graph\":[{\"@type\":\"WebPage\",\"@id\":\"https:\/\/weltlaeden.de\/sophiefair\/mitmachen\/freiwilliges-engagement\/\",\"url\":\"https:\/\/weltlaeden.de\/sophiefair\/mitmachen\/freiwilliges-engagement\/\",\"name\":\"Freiwilliges Engagement - Sophiefair Weltladen Mitte\",\"isPartOf\":{\"@id\":\"https:\/\/weltlaeden.de\/sophiefair\/#website\"},\"datePublished\":\"2024-09-18T12:47:28+00:00\",\"dateModified\":\"2025-05-16T11:48:45+00:00\",\"breadcrumb\":{\"@id\":\"https:\/\/weltlaeden.de\/sophiefair\/mitmachen\/freiwilliges-engagement\/#breadcrumb\"},\"inLanguage\":\"de\",\"potentialAction\":[{\"@type\":\"ReadAction\",\"target\":[\"https:\/\/weltlaeden.de\/sophiefair\/mitmachen\/freiwilliges-engagement\/\"]}]},{\"@type\":\"BreadcrumbList\",\"@id\":\"https:\/\/weltlaeden.de\/sophiefair\/mitmachen\/freiwilliges-engagement\/#breadcrumb\",\"itemListElement\":[{\"@type\":\"ListItem\",\"position\":1,\"name\":\"Startseite\",\"item\":\"https:\/\/weltlaeden.de\/sophiefair\/\"},{\"@type\":\"ListItem\",\"position\":2,\"name\":\"Mitmachen\",\"item\":\"https:\/\/weltlaeden.de\/sophiefair\/mitmachen\/\"},{\"@type\":\"ListItem\",\"position\":3,\"name\":\"Freiwilliges Engagement\"}]},{\"@type\":\"WebSite\",\"@id\":\"https:\/\/weltlaeden.de\/sophiefair\/#website\",\"url\":\"https:\/\/weltlaeden.de\/sophiefair\/\",\"name\":\"Sophiefair Weltladen Mitte\",\"description\":\"Der Weltladen im Herzen Berlins!\",\"potentialAction\":[{\"@type\":\"SearchAction\",\"target\":{\"@type\":\"EntryPoint\",\"urlTemplate\":\"https:\/\/weltlaeden.de\/sophiefair\/?s={search_term_string}\"},\"query-input\":{\"@type\":\"PropertyValueSpecification\",\"valueRequired\":true,\"valueName\":\"search_term_string\"}}],\"inLanguage\":\"de\"}]}<\/script>\n<!-- \/ Yoast SEO plugin. -->","yoast_head_json":{"title":"Freiwilliges Engagement - Sophiefair Weltladen Mitte","robots":{"index":"index","follow":"follow","max-snippet":"max-snippet:-1","max-image-preview":"max-image-preview:large","max-video-preview":"max-video-preview:-1"},"canonical":"https:\/\/weltlaeden.de\/sophiefair\/mitmachen\/freiwilliges-engagement\/","og_locale":"de_DE","og_type":"article","og_title":"Freiwilliges Engagement - Sophiefair Weltladen Mitte","og_description":"Mach mit im Weltladen sophiefair \u2013 gemeinsam f\u00fcr fairen Handel! Der Faire Handel lebt von Menschen, die sich mit Herz und \u00dcberzeugung engagieren. Ohne die vielen Ehrenamtlichen w\u00e4re die Weltladen-Bewegung nicht das, was sie heute ist \u2013 sie sind das R\u00fcckgrat unserer Arbeit und die Seele jedes einzelnen Weltladens. Du musst nicht unbedingt hinter der&hellip;","og_url":"https:\/\/weltlaeden.de\/sophiefair\/mitmachen\/freiwilliges-engagement\/","og_site_name":"Sophiefair Weltladen Mitte","article_modified_time":"2025-05-16T11:48:45+00:00","twitter_card":"summary_large_image","twitter_misc":{"Gesch\u00e4tzte Lesezeit":"1\u00a0Minute"},"schema":{"@context":"https:\/\/schema.org","@graph":[{"@type":"WebPage","@id":"https:\/\/weltlaeden.de\/sophiefair\/mitmachen\/freiwilliges-engagement\/","url":"https:\/\/weltlaeden.de\/sophiefair\/mitmachen\/freiwilliges-engagement\/","name":"Freiwilliges Engagement - Sophiefair Weltladen Mitte","isPartOf":{"@id":"https:\/\/weltlaeden.de\/sophiefair\/#website"},"datePublished":"2024-09-18T12:47:28+00:00","dateModified":"2025-05-16T11:48:45+00:00","breadcrumb":{"@id":"https:\/\/weltlaeden.de\/sophiefair\/mitmachen\/freiwilliges-engagement\/#breadcrumb"},"inLanguage":"de","potentialAction":[{"@type":"ReadAction","target":["https:\/\/weltlaeden.de\/sophiefair\/mitmachen\/freiwilliges-engagement\/"]}]},{"@type":"BreadcrumbList","@id":"https:\/\/weltlaeden.de\/sophiefair\/mitmachen\/freiwilliges-engagement\/#breadcrumb","itemListElement":[{"@type":"ListItem","position":1,"name":"Startseite","item":"https:\/\/weltlaeden.de\/sophiefair\/"},{"@type":"ListItem","position":2,"name":"Mitmachen","item":"https:\/\/weltlaeden.de\/sophiefair\/mitmachen\/"},{"@type":"ListItem","position":3,"name":"Freiwilliges Engagement"}]},{"@type":"WebSite","@id":"https:\/\/weltlaeden.de\/sophiefair\/#website","url":"https:\/\/weltlaeden.de\/sophiefair\/","name":"Sophiefair Weltladen Mitte","description":"Der Weltladen im Herzen Berlins!","potentialAction":[{"@type":"SearchAction","target":{"@type":"EntryPoint","urlTemplate":"https:\/\/weltlaeden.de\/sophiefair\/?s={search_term_string}"},"query-input":{"@type":"PropertyValueSpecification","valueRequired":true,"valueName":"search_term_string"}}],"inLanguage":"de"}]}},"_links":{"self":[{"href":"https:\/\/weltlaeden.de\/sophiefair\/wp-json\/wp\/v2\/pages\/741","targetHints":{"allow":["GET"]}}],"collection":[{"href":"https:\/\/weltlaeden.de\/sophiefair\/wp-json\/wp\/v2\/pages"}],"about":[{"href":"https:\/\/weltlaeden.de\/sophiefair\/wp-json\/wp\/v2\/types\/page"}],"author":[{"embeddable":true,"href":"https:\/\/weltlaeden.de\/sophiefair\/wp-json\/wp\/v2\/users\/251"}],"replies":[{"embeddable":true,"href":"https:\/\/weltlaeden.de\/sophiefair\/wp-json\/wp\/v2\/comments?post=741"}],"version-history":[{"count":5,"href":"https:\/\/weltlaeden.de\/sophiefair\/wp-json\/wp\/v2\/pages\/741\/revisions"}],"predecessor-version":[{"id":835,"href":"https:\/\/weltlaeden.de\/sophiefair\/wp-json\/wp\/v2\/pages\/741\/revisions\/835"}],"up":[{"embeddable":true,"href":"https:\/\/weltlaeden.de\/sophiefair\/wp-json\/wp\/v2\/pages\/745"}],"wp:attachment":[{"href":"https:\/\/weltlaeden.de\/sophiefair\/wp-json\/wp\/v2\/media?parent=741"}],"curies":[{"name":"wp","href":"https:\/\/api.w.org\/{rel}","templated":true}]}}