{"id":553,"date":"2021-11-13T11:23:37","date_gmt":"2021-11-13T10:23:37","guid":{"rendered":"https:\/\/weltlaeden.de\/sophiefair\/?page_id=553"},"modified":"2024-09-18T14:47:45","modified_gmt":"2024-09-18T12:47:45","slug":"genossenschaft","status":"publish","type":"page","link":"https:\/\/weltlaeden.de\/sophiefair\/mitmachen\/genossenschaft\/","title":{"rendered":"Genossenschaft"},"content":{"rendered":"<div class=\"wpb-content-wrapper\"><p>[vc_row][vc_column][vc_column_text css=&#8220;&#8220;]<strong>Wir wollen den Fairen Handel in Berlin Mitte stark machen.<\/strong><\/p>\n<p>Die Vision f\u00fcr unseren Weltladen ist, eine gesellschaftliche Teilhabe zu unterst\u00fctzen und zu f\u00f6rdern. Vor diesem Hintergrund entschlossen wir uns zur Gr\u00fcndung einer Genossenschaft, die Rechtstr\u00e4gerin des Weltladens ist.<\/p>\n<p>Die Leitmaxime f\u00fcr Genossenschaften stammt aus dem 19. Jahrhundert und gilt immer noch: Selbsthilfe, Selbstverantwortung und Selbstverwaltung. Ziel einer Genossenschaft ist es, wirtschaftliche, soziale und kulturelle Bed\u00fcrfnisse ihrer Mitglieder zu f\u00f6rdern. In diesem Sinne werden wir ein breites Angebot an Bildungsm\u00f6glichkeiten bereitstellen, zu Themenabenden einladen, Seminare und Workshops organisieren. Die Themen werden dabei so vielseitig sein wie unsere zuk\u00fcnftigen Genossenschafts-Mitglieder.<\/p>\n<p>Wir sind davon \u00fcberzeugt, dass Fairer Handel in Rahmen eines Genossenschaftskonzeptes Humanismus und Nachhaltigkeit insbesondere im Hinblick auf globales Wirtschaften ideal miteinander verbindet.<\/p>\n<p>Wir laden Sie herzlich ein, Teil unseres Projektes zu werden, in dem Sie sich mit eigenen Ideen aktiv einbringen. Dazu kommen attraktive Genossenschaftsrabatte und j\u00e4hrliche Einblicke in die Entwicklung und Pl\u00e4ne des Weltladens auf der Generalversammlung.<\/p>\n<h1>Genossenschaftsmitglied werden &#8211; so einfach geht\u00b4s:<\/h1>\n<ol>\n<li>\u00dcberlegen Sie sich, wie viele Anteile Sie erwerben m\u00f6chten. Ein Anteil hat einen Wert von 100 \u20ac. Es besteht die M\u00f6glichkeit, bis zu 100 Anteile zu zeichnen.<\/li>\n<li>Laden Sie das Beitrittsformular der Weltladen Mitte eG herunter, f\u00fcllen Sie es aus, unterschreiben und schicken Sie es per Post an:<\/li>\n<\/ol>\n<p><strong>Sophiefair Weltladen Mitte<\/strong><\/p>\n<p><strong>Gro\u00dfe Hamburger Str. 29<\/strong><\/p>\n<p><strong>10115 Berlin<\/strong><\/p>\n<p>Gern senden wir Ihnen die Beitrittserkl\u00e4rung mit frankiertem R\u00fcckumschlag postalisch zu. Wenn Sie dies w\u00fcnschen, melden Sie sich per Mail:<\/p>\n<p>gemeinsam@weltladen-mitte.de<\/p>\n<ol start=\"3\">\n<li>Sobald Ihre \u00dcberweisung bei uns eingegangen ist, sind Sie Mitglied der Genossenschaft mit allen Rechten und Pflichten. Eine aktuelle Version der Satzung und Datenschutzhinweise finden Sie auf unserer Website.<\/li>\n<\/ol>\n<p>Die Genossenschaftseinlage wird nicht verzinst. Eine K\u00fcndigung ist jederzeit unkompliziert m\u00f6glich. Ihre Anteile erhalten Sie mit einer Frist von 24 Monaten nach K\u00fcndigung zur\u00fcck.<\/p>\n<p><strong>Wir freuen uns auf Sie!<\/strong><\/p>\n<p>Beitrittsformular der Weltladen Mitte eG:<\/p>\n<p><a href=\"https:\/\/weltlaeden.de\/sophiefair\/wp-content\/uploads\/sites\/172\/2022\/12\/Beitrittserklaerung-Weltladen-Mitte-eG.pdf\">Beitrittserklaerung Weltladen Mitte eG<\/a><\/p>\n<p>Beitrittsformular f\u00fcr Stiftungen &amp; Vereine:<\/p>\n<p><a href=\"https:\/\/weltlaeden.de\/sophiefair\/wp-content\/uploads\/sites\/172\/2022\/12\/Beitrittserklaerung-Weltladen-Mitte-eG-Institutionen.pdf\">Beitrittserklaerung Weltladen Mitte eG Institutionen<\/a><\/p>\n<p>Unsere Satzung finden Sie hier:<\/p>\n<p><a href=\"https:\/\/weltlaeden.de\/sophiefair\/wp-content\/uploads\/sites\/172\/2021\/11\/Satzung-der-Weltladen-Mitte-eG-Fassung-vom-23.09.21.pdf\">Satzung der Weltladen Mitte eG, Fassung vom 23.09.21<\/a>[\/vc_column_text][\/vc_column][\/vc_row]<\/p>\n<\/div>","protected":false},"excerpt":{"rendered":"<p>[vc_row][vc_column][vc_column_text css=&#8220;&#8220;]Wir wollen den Fairen Handel in Berlin Mitte stark machen. Die Vision f\u00fcr unseren Weltladen ist, eine gesellschaftliche Teilhabe zu unterst\u00fctzen und zu f\u00f6rdern. Vor diesem Hintergrund entschlossen wir uns zur Gr\u00fcndung einer Genossenschaft, die Rechtstr\u00e4gerin des Weltladens ist. Die Leitmaxime f\u00fcr Genossenschaften stammt aus dem 19. Jahrhundert und gilt immer noch: Selbsthilfe, Selbstverantwortung&hellip;<\/p>\n","protected":false},"author":251,"featured_media":0,"parent":745,"menu_order":0,"comment_status":"closed","ping_status":"closed","template":"","meta":{"footnotes":""},"class_list":["post-553","page","type-page","status-publish","hentry","description-off"],"yoast_head":"<!-- This site is optimized with the Yoast SEO plugin v26.8 - https:\/\/yoast.com\/product\/yoast-seo-wordpress\/ -->\n<title>Genossenschaft - Sophiefair Weltladen Mitte<\/title>\n<meta name=\"robots\" content=\"index, follow, max-snippet:-1, max-image-preview:large, max-video-preview:-1\" \/>\n<link rel=\"canonical\" href=\"https:\/\/weltlaeden.de\/sophiefair\/mitmachen\/genossenschaft\/\" \/>\n<meta property=\"og:locale\" content=\"de_DE\" \/>\n<meta property=\"og:type\" content=\"article\" \/>\n<meta property=\"og:title\" content=\"Genossenschaft - Sophiefair Weltladen Mitte\" \/>\n<meta property=\"og:description\" content=\"[vc_row][vc_column][vc_column_text css=&#8220;&#8220;]Wir wollen den Fairen Handel in Berlin Mitte stark machen. Die Vision f\u00fcr unseren Weltladen ist, eine gesellschaftliche Teilhabe zu unterst\u00fctzen und zu f\u00f6rdern. Vor diesem Hintergrund entschlossen wir uns zur Gr\u00fcndung einer Genossenschaft, die Rechtstr\u00e4gerin des Weltladens ist. Die Leitmaxime f\u00fcr Genossenschaften stammt aus dem 19. Jahrhundert und gilt immer noch: Selbsthilfe, Selbstverantwortung&hellip;\" \/>\n<meta property=\"og:url\" content=\"https:\/\/weltlaeden.de\/sophiefair\/mitmachen\/genossenschaft\/\" \/>\n<meta property=\"og:site_name\" content=\"Sophiefair Weltladen Mitte\" \/>\n<meta property=\"article:modified_time\" content=\"2024-09-18T12:47:45+00:00\" \/>\n<meta name=\"twitter:card\" content=\"summary_large_image\" \/>\n<meta name=\"twitter:label1\" content=\"Gesch\u00e4tzte Lesezeit\" \/>\n\t<meta name=\"twitter:data1\" content=\"2\u00a0Minuten\" \/>\n<script type=\"application\/ld+json\" class=\"yoast-schema-graph\">{\"@context\":\"https:\/\/schema.org\",\"@graph\":[{\"@type\":\"WebPage\",\"@id\":\"https:\/\/weltlaeden.de\/sophiefair\/mitmachen\/genossenschaft\/\",\"url\":\"https:\/\/weltlaeden.de\/sophiefair\/mitmachen\/genossenschaft\/\",\"name\":\"Genossenschaft - Sophiefair Weltladen Mitte\",\"isPartOf\":{\"@id\":\"https:\/\/weltlaeden.de\/sophiefair\/#website\"},\"datePublished\":\"2021-11-13T10:23:37+00:00\",\"dateModified\":\"2024-09-18T12:47:45+00:00\",\"breadcrumb\":{\"@id\":\"https:\/\/weltlaeden.de\/sophiefair\/mitmachen\/genossenschaft\/#breadcrumb\"},\"inLanguage\":\"de\",\"potentialAction\":[{\"@type\":\"ReadAction\",\"target\":[\"https:\/\/weltlaeden.de\/sophiefair\/mitmachen\/genossenschaft\/\"]}]},{\"@type\":\"BreadcrumbList\",\"@id\":\"https:\/\/weltlaeden.de\/sophiefair\/mitmachen\/genossenschaft\/#breadcrumb\",\"itemListElement\":[{\"@type\":\"ListItem\",\"position\":1,\"name\":\"Startseite\",\"item\":\"https:\/\/weltlaeden.de\/sophiefair\/\"},{\"@type\":\"ListItem\",\"position\":2,\"name\":\"Mitmachen\",\"item\":\"https:\/\/weltlaeden.de\/sophiefair\/mitmachen\/\"},{\"@type\":\"ListItem\",\"position\":3,\"name\":\"Genossenschaft\"}]},{\"@type\":\"WebSite\",\"@id\":\"https:\/\/weltlaeden.de\/sophiefair\/#website\",\"url\":\"https:\/\/weltlaeden.de\/sophiefair\/\",\"name\":\"Sophiefair Weltladen Mitte\",\"description\":\"Der Weltladen im Herzen Berlins!\",\"potentialAction\":[{\"@type\":\"SearchAction\",\"target\":{\"@type\":\"EntryPoint\",\"urlTemplate\":\"https:\/\/weltlaeden.de\/sophiefair\/?s={search_term_string}\"},\"query-input\":{\"@type\":\"PropertyValueSpecification\",\"valueRequired\":true,\"valueName\":\"search_term_string\"}}],\"inLanguage\":\"de\"}]}<\/script>\n<!-- \/ Yoast SEO plugin. -->","yoast_head_json":{"title":"Genossenschaft - Sophiefair Weltladen Mitte","robots":{"index":"index","follow":"follow","max-snippet":"max-snippet:-1","max-image-preview":"max-image-preview:large","max-video-preview":"max-video-preview:-1"},"canonical":"https:\/\/weltlaeden.de\/sophiefair\/mitmachen\/genossenschaft\/","og_locale":"de_DE","og_type":"article","og_title":"Genossenschaft - Sophiefair Weltladen Mitte","og_description":"[vc_row][vc_column][vc_column_text css=&#8220;&#8220;]Wir wollen den Fairen Handel in Berlin Mitte stark machen. Die Vision f\u00fcr unseren Weltladen ist, eine gesellschaftliche Teilhabe zu unterst\u00fctzen und zu f\u00f6rdern. Vor diesem Hintergrund entschlossen wir uns zur Gr\u00fcndung einer Genossenschaft, die Rechtstr\u00e4gerin des Weltladens ist. Die Leitmaxime f\u00fcr Genossenschaften stammt aus dem 19. Jahrhundert und gilt immer noch: Selbsthilfe, Selbstverantwortung&hellip;","og_url":"https:\/\/weltlaeden.de\/sophiefair\/mitmachen\/genossenschaft\/","og_site_name":"Sophiefair Weltladen Mitte","article_modified_time":"2024-09-18T12:47:45+00:00","twitter_card":"summary_large_image","twitter_misc":{"Gesch\u00e4tzte Lesezeit":"2\u00a0Minuten"},"schema":{"@context":"https:\/\/schema.org","@graph":[{"@type":"WebPage","@id":"https:\/\/weltlaeden.de\/sophiefair\/mitmachen\/genossenschaft\/","url":"https:\/\/weltlaeden.de\/sophiefair\/mitmachen\/genossenschaft\/","name":"Genossenschaft - Sophiefair Weltladen Mitte","isPartOf":{"@id":"https:\/\/weltlaeden.de\/sophiefair\/#website"},"datePublished":"2021-11-13T10:23:37+00:00","dateModified":"2024-09-18T12:47:45+00:00","breadcrumb":{"@id":"https:\/\/weltlaeden.de\/sophiefair\/mitmachen\/genossenschaft\/#breadcrumb"},"inLanguage":"de","potentialAction":[{"@type":"ReadAction","target":["https:\/\/weltlaeden.de\/sophiefair\/mitmachen\/genossenschaft\/"]}]},{"@type":"BreadcrumbList","@id":"https:\/\/weltlaeden.de\/sophiefair\/mitmachen\/genossenschaft\/#breadcrumb","itemListElement":[{"@type":"ListItem","position":1,"name":"Startseite","item":"https:\/\/weltlaeden.de\/sophiefair\/"},{"@type":"ListItem","position":2,"name":"Mitmachen","item":"https:\/\/weltlaeden.de\/sophiefair\/mitmachen\/"},{"@type":"ListItem","position":3,"name":"Genossenschaft"}]},{"@type":"WebSite","@id":"https:\/\/weltlaeden.de\/sophiefair\/#website","url":"https:\/\/weltlaeden.de\/sophiefair\/","name":"Sophiefair Weltladen Mitte","description":"Der Weltladen im Herzen Berlins!","potentialAction":[{"@type":"SearchAction","target":{"@type":"EntryPoint","urlTemplate":"https:\/\/weltlaeden.de\/sophiefair\/?s={search_term_string}"},"query-input":{"@type":"PropertyValueSpecification","valueRequired":true,"valueName":"search_term_string"}}],"inLanguage":"de"}]}},"_links":{"self":[{"href":"https:\/\/weltlaeden.de\/sophiefair\/wp-json\/wp\/v2\/pages\/553","targetHints":{"allow":["GET"]}}],"collection":[{"href":"https:\/\/weltlaeden.de\/sophiefair\/wp-json\/wp\/v2\/pages"}],"about":[{"href":"https:\/\/weltlaeden.de\/sophiefair\/wp-json\/wp\/v2\/types\/page"}],"author":[{"embeddable":true,"href":"https:\/\/weltlaeden.de\/sophiefair\/wp-json\/wp\/v2\/users\/251"}],"replies":[{"embeddable":true,"href":"https:\/\/weltlaeden.de\/sophiefair\/wp-json\/wp\/v2\/comments?post=553"}],"version-history":[{"count":10,"href":"https:\/\/weltlaeden.de\/sophiefair\/wp-json\/wp\/v2\/pages\/553\/revisions"}],"predecessor-version":[{"id":783,"href":"https:\/\/weltlaeden.de\/sophiefair\/wp-json\/wp\/v2\/pages\/553\/revisions\/783"}],"up":[{"embeddable":true,"href":"https:\/\/weltlaeden.de\/sophiefair\/wp-json\/wp\/v2\/pages\/745"}],"wp:attachment":[{"href":"https:\/\/weltlaeden.de\/sophiefair\/wp-json\/wp\/v2\/media?parent=553"}],"curies":[{"name":"wp","href":"https:\/\/api.w.org\/{rel}","templated":true}]}}