{"id":20,"date":"2016-10-14T09:05:21","date_gmt":"2016-10-14T07:05:21","guid":{"rendered":"https:\/\/wl.heimpixel.de\/vorlage\/weltladen-musterdorf\/"},"modified":"2026-04-13T11:50:17","modified_gmt":"2026-04-13T09:50:17","slug":"weltladen-musterdorf","status":"publish","type":"page","link":"https:\/\/weltlaeden.de\/sophiefair\/","title":{"rendered":"Sophiefair Weltladen Mitte"},"content":{"rendered":"<div class=\"wpb-content-wrapper\"><p>[vc_row][vc_column][vc_column_text css=&#8220;&#8220;]<\/p>\n<h1 style=\"text-align: left\"><b>Willkommen im Sophiefair Weltladen Mitte <\/b><\/h1>\n<h5 align=\"left\">Der Weltladen im Herzen Berlins<\/h5>\n<p align=\"left\"><img loading=\"lazy\" decoding=\"async\" class=\"wp-image-824 size-medium alignleft\" src=\"https:\/\/weltlaeden.de\/sophiefair\/wp-content\/uploads\/sites\/172\/2025\/05\/21.-Maerz-2025-Sophiefair-Berlin-Mitte_-2-200x300.jpg\" alt=\"\" width=\"200\" height=\"300\" srcset=\"https:\/\/weltlaeden.de\/sophiefair\/wp-content\/uploads\/sites\/172\/2025\/05\/21.-Maerz-2025-Sophiefair-Berlin-Mitte_-2-200x300.jpg 200w, https:\/\/weltlaeden.de\/sophiefair\/wp-content\/uploads\/sites\/172\/2025\/05\/21.-Maerz-2025-Sophiefair-Berlin-Mitte_-2-683x1024.jpg 683w, https:\/\/weltlaeden.de\/sophiefair\/wp-content\/uploads\/sites\/172\/2025\/05\/21.-Maerz-2025-Sophiefair-Berlin-Mitte_-2-768x1152.jpg 768w, https:\/\/weltlaeden.de\/sophiefair\/wp-content\/uploads\/sites\/172\/2025\/05\/21.-Maerz-2025-Sophiefair-Berlin-Mitte_-2-1024x1536.jpg 1024w, https:\/\/weltlaeden.de\/sophiefair\/wp-content\/uploads\/sites\/172\/2025\/05\/21.-Maerz-2025-Sophiefair-Berlin-Mitte_-2-1365x2048.jpg 1365w, https:\/\/weltlaeden.de\/sophiefair\/wp-content\/uploads\/sites\/172\/2025\/05\/21.-Maerz-2025-Sophiefair-Berlin-Mitte_-2-scaled.jpg 1707w\" sizes=\"auto, (max-width: 200px) 100vw, 200px\" \/><b>Gut, wenn man wei\u00df, wo es herkommt. <\/b>Im Weltladen sophiefair findet ihr fair gehandelte<a href=\"https:\/\/weltlaeden.de\/sophiefair\/produkte\/\"> Produkte<\/a> und die Geschichten und Produzent*innen dahinter. In unserem breiten Sortiment feinster Lebensmittel von den Basics wie Kaffee und Gew\u00fcrzen bis zu Schokoladen und Aufstrichen ist f\u00fcr jeden Geschmack und Anlass etwas dabei. Die in liebevoller Handarbeit gefertigten Produkte verbinden Tradition und Nachhaltigkeit und bringen \u00c4sthetik in den Alltag und sind immer ein besonderes Geschenk.<br \/>\nAlso kommt gerne vorbei und taucht bei uns ein in die Welt des Fairen Handels.<\/p>\n<p align=\"left\">Unser Weltladen ist als <b>Genossenschaft<\/b> organisiert, das hei\u00dft, jede und jeder kann sich am Fairen Handel in Berlin Mitte direkt beteiligen. <a href=\"https:\/\/weltlaeden.de\/sophiefair\/mitmachen\/genossenschaft\/\">Hier<\/a> k\u00f6nnt ihr mehr dazu erfahren.<\/p>\n<p align=\"left\">Was den Fairen Handel auszeichnet ist der intensive Kontakt unserer Handelspartner mit den Produzent*innengruppen <img loading=\"lazy\" decoding=\"async\" class=\"size-medium wp-image-827 alignright\" src=\"https:\/\/weltlaeden.de\/sophiefair\/wp-content\/uploads\/sites\/172\/2025\/05\/21.-Maerz-2025-Sophiefair-Berlin-Mitte_-29-200x300.jpg\" alt=\"\" width=\"200\" height=\"300\" srcset=\"https:\/\/weltlaeden.de\/sophiefair\/wp-content\/uploads\/sites\/172\/2025\/05\/21.-Maerz-2025-Sophiefair-Berlin-Mitte_-29-200x300.jpg 200w, https:\/\/weltlaeden.de\/sophiefair\/wp-content\/uploads\/sites\/172\/2025\/05\/21.-Maerz-2025-Sophiefair-Berlin-Mitte_-29-683x1024.jpg 683w, https:\/\/weltlaeden.de\/sophiefair\/wp-content\/uploads\/sites\/172\/2025\/05\/21.-Maerz-2025-Sophiefair-Berlin-Mitte_-29-768x1152.jpg 768w, https:\/\/weltlaeden.de\/sophiefair\/wp-content\/uploads\/sites\/172\/2025\/05\/21.-Maerz-2025-Sophiefair-Berlin-Mitte_-29-1024x1536.jpg 1024w, https:\/\/weltlaeden.de\/sophiefair\/wp-content\/uploads\/sites\/172\/2025\/05\/21.-Maerz-2025-Sophiefair-Berlin-Mitte_-29-1365x2048.jpg 1365w, https:\/\/weltlaeden.de\/sophiefair\/wp-content\/uploads\/sites\/172\/2025\/05\/21.-Maerz-2025-Sophiefair-Berlin-Mitte_-29-scaled.jpg 1707w\" sizes=\"auto, (max-width: 200px) 100vw, 200px\" \/> durch eine langfristige Partnerschaft. Au\u00dferdem gelten folgende Grunds\u00e4tze f\u00fcr einen Fairen Handel: Chancen f\u00fcr wirtschaftlich benachteiligte Produzenten, Zahlung eines fairen Preises, sozialvertr\u00e4gliche Arbeitsbedingungen, Gleichberechtigung von Frauen, Aufbau von Kapazit\u00e4t und Know-how, Transparenz und Verantwortung sowie Umweltschutz. (Quelle: <span style=\"color: #800000\">WFTO<\/span>).<\/p>\n<p align=\"left\"><em>Fotos: Michael Sommer<\/em><\/p>\n<p>[\/vc_column_text][vc_column_text css=&#8220;&#8220;]<\/p>\n<p style=\"text-align: center\">***<\/p>\n<p>Falls Sie einmal keine M\u00f6glichkeit haben, unseren Weltladen zu besuchen, Sie Ihr <strong>Lieblingsprodukt<\/strong> vermissen oder auch einfach mal so eine <strong>Bestellung \u00fcber den Postweg<\/strong> erhalten m\u00f6chten: Sprechen Sie uns gerne an \u2013 telefonisch unter Tel. 030 &#8211; 23 29 31 44 oder \u00fcber Mail: hallo@weltladen-mitte.de<\/p>\n<p>[\/vc_column_text][vc_empty_space height=&#8220;30px&#8220;][\/vc_column][\/vc_row]<\/p>\n<\/div>","protected":false},"excerpt":{"rendered":"<p>[vc_row][vc_column][vc_column_text css=&#8220;&#8220;] Willkommen im Sophiefair Weltladen Mitte Der Weltladen im Herzen Berlins Gut, wenn man wei\u00df, wo es herkommt. Im Weltladen sophiefair findet ihr fair gehandelte Produkte und die Geschichten und Produzent*innen dahinter. In unserem breiten Sortiment feinster Lebensmittel von den Basics wie Kaffee und Gew\u00fcrzen bis zu Schokoladen und Aufstrichen ist f\u00fcr jeden Geschmack&hellip;<\/p>\n","protected":false},"author":1,"featured_media":0,"parent":0,"menu_order":0,"comment_status":"closed","ping_status":"closed","template":"","meta":{"footnotes":""},"class_list":["post-20","page","type-page","status-publish","hentry","description-off"],"yoast_head":"<!-- This site is optimized with the Yoast SEO plugin v26.8 - https:\/\/yoast.com\/product\/yoast-seo-wordpress\/ -->\n<title>Sophiefair Weltladen Mitte - Sophiefair Weltladen Mitte<\/title>\n<meta name=\"robots\" content=\"index, follow, max-snippet:-1, max-image-preview:large, max-video-preview:-1\" \/>\n<link rel=\"canonical\" href=\"https:\/\/weltlaeden.de\/sophiefair\/\" \/>\n<meta property=\"og:locale\" content=\"de_DE\" \/>\n<meta property=\"og:type\" content=\"article\" \/>\n<meta property=\"og:title\" content=\"Sophiefair Weltladen Mitte - Sophiefair Weltladen Mitte\" \/>\n<meta property=\"og:description\" content=\"[vc_row][vc_column][vc_column_text css=&#8220;&#8220;] Willkommen im Sophiefair Weltladen Mitte Der Weltladen im Herzen Berlins Gut, wenn man wei\u00df, wo es herkommt. Im Weltladen sophiefair findet ihr fair gehandelte Produkte und die Geschichten und Produzent*innen dahinter. In unserem breiten Sortiment feinster Lebensmittel von den Basics wie Kaffee und Gew\u00fcrzen bis zu Schokoladen und Aufstrichen ist f\u00fcr jeden Geschmack&hellip;\" \/>\n<meta property=\"og:url\" content=\"https:\/\/weltlaeden.de\/sophiefair\/\" \/>\n<meta property=\"og:site_name\" content=\"Sophiefair Weltladen Mitte\" \/>\n<meta property=\"article:modified_time\" content=\"2026-04-13T09:50:17+00:00\" \/>\n<meta property=\"og:image\" content=\"https:\/\/weltlaeden.de\/sophiefair\/wp-content\/uploads\/sites\/172\/2025\/05\/21.-Maerz-2025-Sophiefair-Berlin-Mitte_-2-scaled.jpg\" \/>\n\t<meta property=\"og:image:width\" content=\"1707\" \/>\n\t<meta property=\"og:image:height\" content=\"2560\" \/>\n\t<meta property=\"og:image:type\" content=\"image\/jpeg\" \/>\n<meta name=\"twitter:card\" content=\"summary_large_image\" \/>\n<meta name=\"twitter:label1\" content=\"Gesch\u00e4tzte Lesezeit\" \/>\n\t<meta name=\"twitter:data1\" content=\"2\u00a0Minuten\" \/>\n<script type=\"application\/ld+json\" class=\"yoast-schema-graph\">{\"@context\":\"https:\/\/schema.org\",\"@graph\":[{\"@type\":\"WebPage\",\"@id\":\"https:\/\/weltlaeden.de\/sophiefair\/\",\"url\":\"https:\/\/weltlaeden.de\/sophiefair\/\",\"name\":\"Sophiefair Weltladen Mitte - Sophiefair Weltladen Mitte\",\"isPartOf\":{\"@id\":\"https:\/\/weltlaeden.de\/sophiefair\/#website\"},\"primaryImageOfPage\":{\"@id\":\"https:\/\/weltlaeden.de\/sophiefair\/#primaryimage\"},\"image\":{\"@id\":\"https:\/\/weltlaeden.de\/sophiefair\/#primaryimage\"},\"thumbnailUrl\":\"https:\/\/weltlaeden.de\/sophiefair\/wp-content\/uploads\/sites\/172\/2025\/05\/21.-Maerz-2025-Sophiefair-Berlin-Mitte_-2-200x300.jpg\",\"datePublished\":\"2016-10-14T07:05:21+00:00\",\"dateModified\":\"2026-04-13T09:50:17+00:00\",\"breadcrumb\":{\"@id\":\"https:\/\/weltlaeden.de\/sophiefair\/#breadcrumb\"},\"inLanguage\":\"de\",\"potentialAction\":[{\"@type\":\"ReadAction\",\"target\":[\"https:\/\/weltlaeden.de\/sophiefair\/\"]}]},{\"@type\":\"ImageObject\",\"inLanguage\":\"de\",\"@id\":\"https:\/\/weltlaeden.de\/sophiefair\/#primaryimage\",\"url\":\"https:\/\/weltlaeden.de\/sophiefair\/wp-content\/uploads\/sites\/172\/2025\/05\/21.-Maerz-2025-Sophiefair-Berlin-Mitte_-2-scaled.jpg\",\"contentUrl\":\"https:\/\/weltlaeden.de\/sophiefair\/wp-content\/uploads\/sites\/172\/2025\/05\/21.-Maerz-2025-Sophiefair-Berlin-Mitte_-2-scaled.jpg\",\"width\":1707,\"height\":2560},{\"@type\":\"BreadcrumbList\",\"@id\":\"https:\/\/weltlaeden.de\/sophiefair\/#breadcrumb\",\"itemListElement\":[{\"@type\":\"ListItem\",\"position\":1,\"name\":\"Startseite\",\"item\":\"https:\/\/weltlaeden.de\/sophiefair\/\"},{\"@type\":\"ListItem\",\"position\":2,\"name\":\"Sophiefair Weltladen Mitte\"}]},{\"@type\":\"WebSite\",\"@id\":\"https:\/\/weltlaeden.de\/sophiefair\/#website\",\"url\":\"https:\/\/weltlaeden.de\/sophiefair\/\",\"name\":\"Sophiefair Weltladen Mitte\",\"description\":\"Der Weltladen im Herzen Berlins!\",\"potentialAction\":[{\"@type\":\"SearchAction\",\"target\":{\"@type\":\"EntryPoint\",\"urlTemplate\":\"https:\/\/weltlaeden.de\/sophiefair\/?s={search_term_string}\"},\"query-input\":{\"@type\":\"PropertyValueSpecification\",\"valueRequired\":true,\"valueName\":\"search_term_string\"}}],\"inLanguage\":\"de\"}]}<\/script>\n<!-- \/ Yoast SEO plugin. -->","yoast_head_json":{"title":"Sophiefair Weltladen Mitte - Sophiefair Weltladen Mitte","robots":{"index":"index","follow":"follow","max-snippet":"max-snippet:-1","max-image-preview":"max-image-preview:large","max-video-preview":"max-video-preview:-1"},"canonical":"https:\/\/weltlaeden.de\/sophiefair\/","og_locale":"de_DE","og_type":"article","og_title":"Sophiefair Weltladen Mitte - Sophiefair Weltladen Mitte","og_description":"[vc_row][vc_column][vc_column_text css=&#8220;&#8220;] Willkommen im Sophiefair Weltladen Mitte Der Weltladen im Herzen Berlins Gut, wenn man wei\u00df, wo es herkommt. Im Weltladen sophiefair findet ihr fair gehandelte Produkte und die Geschichten und Produzent*innen dahinter. In unserem breiten Sortiment feinster Lebensmittel von den Basics wie Kaffee und Gew\u00fcrzen bis zu Schokoladen und Aufstrichen ist f\u00fcr jeden Geschmack&hellip;","og_url":"https:\/\/weltlaeden.de\/sophiefair\/","og_site_name":"Sophiefair Weltladen Mitte","article_modified_time":"2026-04-13T09:50:17+00:00","og_image":[{"width":1707,"height":2560,"url":"https:\/\/weltlaeden.de\/sophiefair\/wp-content\/uploads\/sites\/172\/2025\/05\/21.-Maerz-2025-Sophiefair-Berlin-Mitte_-2-scaled.jpg","type":"image\/jpeg"}],"twitter_card":"summary_large_image","twitter_misc":{"Gesch\u00e4tzte Lesezeit":"2\u00a0Minuten"},"schema":{"@context":"https:\/\/schema.org","@graph":[{"@type":"WebPage","@id":"https:\/\/weltlaeden.de\/sophiefair\/","url":"https:\/\/weltlaeden.de\/sophiefair\/","name":"Sophiefair Weltladen Mitte - Sophiefair Weltladen Mitte","isPartOf":{"@id":"https:\/\/weltlaeden.de\/sophiefair\/#website"},"primaryImageOfPage":{"@id":"https:\/\/weltlaeden.de\/sophiefair\/#primaryimage"},"image":{"@id":"https:\/\/weltlaeden.de\/sophiefair\/#primaryimage"},"thumbnailUrl":"https:\/\/weltlaeden.de\/sophiefair\/wp-content\/uploads\/sites\/172\/2025\/05\/21.-Maerz-2025-Sophiefair-Berlin-Mitte_-2-200x300.jpg","datePublished":"2016-10-14T07:05:21+00:00","dateModified":"2026-04-13T09:50:17+00:00","breadcrumb":{"@id":"https:\/\/weltlaeden.de\/sophiefair\/#breadcrumb"},"inLanguage":"de","potentialAction":[{"@type":"ReadAction","target":["https:\/\/weltlaeden.de\/sophiefair\/"]}]},{"@type":"ImageObject","inLanguage":"de","@id":"https:\/\/weltlaeden.de\/sophiefair\/#primaryimage","url":"https:\/\/weltlaeden.de\/sophiefair\/wp-content\/uploads\/sites\/172\/2025\/05\/21.-Maerz-2025-Sophiefair-Berlin-Mitte_-2-scaled.jpg","contentUrl":"https:\/\/weltlaeden.de\/sophiefair\/wp-content\/uploads\/sites\/172\/2025\/05\/21.-Maerz-2025-Sophiefair-Berlin-Mitte_-2-scaled.jpg","width":1707,"height":2560},{"@type":"BreadcrumbList","@id":"https:\/\/weltlaeden.de\/sophiefair\/#breadcrumb","itemListElement":[{"@type":"ListItem","position":1,"name":"Startseite","item":"https:\/\/weltlaeden.de\/sophiefair\/"},{"@type":"ListItem","position":2,"name":"Sophiefair Weltladen Mitte"}]},{"@type":"WebSite","@id":"https:\/\/weltlaeden.de\/sophiefair\/#website","url":"https:\/\/weltlaeden.de\/sophiefair\/","name":"Sophiefair Weltladen Mitte","description":"Der Weltladen im Herzen Berlins!","potentialAction":[{"@type":"SearchAction","target":{"@type":"EntryPoint","urlTemplate":"https:\/\/weltlaeden.de\/sophiefair\/?s={search_term_string}"},"query-input":{"@type":"PropertyValueSpecification","valueRequired":true,"valueName":"search_term_string"}}],"inLanguage":"de"}]}},"_links":{"self":[{"href":"https:\/\/weltlaeden.de\/sophiefair\/wp-json\/wp\/v2\/pages\/20","targetHints":{"allow":["GET"]}}],"collection":[{"href":"https:\/\/weltlaeden.de\/sophiefair\/wp-json\/wp\/v2\/pages"}],"about":[{"href":"https:\/\/weltlaeden.de\/sophiefair\/wp-json\/wp\/v2\/types\/page"}],"author":[{"embeddable":true,"href":"https:\/\/weltlaeden.de\/sophiefair\/wp-json\/wp\/v2\/users\/1"}],"replies":[{"embeddable":true,"href":"https:\/\/weltlaeden.de\/sophiefair\/wp-json\/wp\/v2\/comments?post=20"}],"version-history":[{"count":105,"href":"https:\/\/weltlaeden.de\/sophiefair\/wp-json\/wp\/v2\/pages\/20\/revisions"}],"predecessor-version":[{"id":881,"href":"https:\/\/weltlaeden.de\/sophiefair\/wp-json\/wp\/v2\/pages\/20\/revisions\/881"}],"wp:attachment":[{"href":"https:\/\/weltlaeden.de\/sophiefair\/wp-json\/wp\/v2\/media?parent=20"}],"curies":[{"name":"wp","href":"https:\/\/api.w.org\/{rel}","templated":true}]}}