{"id":219,"date":"2016-10-28T13:34:47","date_gmt":"2016-10-28T11:34:47","guid":{"rendered":"https:\/\/wl.heimpixel.de\/solidario\/ueber-uns\/"},"modified":"2024-01-04T12:46:14","modified_gmt":"2024-01-04T11:46:14","slug":"ueber-uns","status":"publish","type":"page","link":"https:\/\/weltlaeden.de\/solidario\/ueber-uns\/","title":{"rendered":"\u00dcber uns"},"content":{"rendered":"<div class=\"wpb-content-wrapper\"><p>[vc_row][vc_column]<div class=\"wl_einzelbild\"><p><img loading=\"lazy\" decoding=\"async\" class=\"aligncenter wp-image-450\" src=\"https:\/\/weltlaeden.de\/solidario\/wp-content\/uploads\/sites\/25\/2019\/10\/Damen_Team_2550-e1571771789875.jpg\" alt=\"Unser Team\" width=\"2000\" height=\"1270\" \/><\/p><\/div>[vc_empty_space][vc_column_text]<\/p>\n<h1>\u00dcber den Weltladen Solidario und das Caf\u00e9 Marie<\/h1>\n<p>[\/vc_column_text][vc_column_text]Im Jahr 2002 starteten ehrenamtliche Frauen und M\u00e4nner mit dem Verkauf von fair gehandelten Waren in der Kirchengemeinde St. Clemens in M\u00fcnster &#8211; Hiltrup.<\/p>\n<p>Vom ersten Standort, sehr klein aber fein, im Pfarrzentrum der Kirchengemeinde, ging es im April 2009 in die zweite Reihe der Marktallee, der \u201eHiltruper K\u00d6\u201c.<\/p>\n<p>Im Jahr 2014 haben wir unser Ziel erreicht, ein Ladenlokal in der ersten Reihe der Marktallee. Im Erdgescho\u00df des Meyer-Suhrheinrich-Hauses, Marktallee 42, er\u00f6ffneten wir im November das neue Ladenlokal unseres Weltladens mit dem Caf\u00e9 Marie.<\/p>\n<p>Ein Ort des fairen Handels, der Begegnung und der Information war in der besten Lage in M\u00fcnster-Hiltrup gefunden. \u00dcber 30 Ehrenamtliche engagieren sich sowohl im Weltladen als auch im Caf\u00e9.[\/vc_column_text][\/vc_column][\/vc_row][vc_row][vc_column]<div class=\"wl_einzelbild\"><p><img loading=\"lazy\" decoding=\"async\" class=\"alignnone size-large wp-image-462\" src=\"https:\/\/weltlaeden.de\/solidario\/wp-content\/uploads\/sites\/25\/2019\/10\/Team_2535-1024x701.jpg\" alt=\"\" width=\"1024\" height=\"701\" \/><\/p><\/div>[vc_empty_space][vc_column_text]<\/p>\n<h1>Mitmachen im Weltladen Solidario und im Caf\u00e9 Marie<\/h1>\n<p>[\/vc_column_text][vc_column_text]<strong>Wir suchen<\/strong> Kollegen und Kolleginnen, die Lust und Zeit haben, sich ehrenamtlich in unserem Weltladen und\/oder Caf\u00e9 zu engagieren. Die M\u00f6glichkeiten, unser Team tatkr\u00e4ftig zu unterst\u00fctzen, sind sehr vielf\u00e4ltig. Viele der anfallenden Aufgaben erfordern keine speziellen Vorkenntnisse, sondern einfach nur Ihre Bereitschaft, gezielt Ihre F\u00e4higkeiten in unser Team einzubringen.<\/p>\n<p><strong>Wir bieten<\/strong> ein freundliches Team jeden Alters, in dem Sie dem Weltladen und\/oder Caf\u00e9 Ihre F\u00e4higkeiten zur Verf\u00fcgung stellen. Eine gute Gemeinschaft, die Sie herzlich aufnimmt und bei der Einarbeitung unterst\u00fctzend zur Seite steht.<\/p>\n<p><strong>Ihr Ansprechpartner<\/strong> ist: Das Team<br \/>\n<strong>Tel.<\/strong>: 02501 \u2013 2 68 56 66<\/p>\n<p><strong>Wir freuen uns auf Sie!<\/strong>[\/vc_column_text][\/vc_column][\/vc_row]<\/p>\n<\/div>","protected":false},"excerpt":{"rendered":"<p>[vc_row][vc_column][vc_empty_space][vc_column_text] \u00dcber den Weltladen Solidario und das Caf\u00e9 Marie [\/vc_column_text][vc_column_text]Im Jahr 2002 starteten ehrenamtliche Frauen und M\u00e4nner mit dem Verkauf von fair gehandelten Waren in der Kirchengemeinde St. Clemens in M\u00fcnster &#8211; Hiltrup. Vom ersten Standort, sehr klein aber fein, im Pfarrzentrum der Kirchengemeinde, ging es im April 2009 in die zweite Reihe der Marktallee,&hellip;<\/p>\n","protected":false},"author":1,"featured_media":0,"parent":0,"menu_order":1,"comment_status":"closed","ping_status":"closed","template":"","meta":{"footnotes":""},"class_list":["post-219","page","type-page","status-publish","hentry","description-off"],"_links":{"self":[{"href":"https:\/\/weltlaeden.de\/solidario\/wp-json\/wp\/v2\/pages\/219","targetHints":{"allow":["GET"]}}],"collection":[{"href":"https:\/\/weltlaeden.de\/solidario\/wp-json\/wp\/v2\/pages"}],"about":[{"href":"https:\/\/weltlaeden.de\/solidario\/wp-json\/wp\/v2\/types\/page"}],"author":[{"embeddable":true,"href":"https:\/\/weltlaeden.de\/solidario\/wp-json\/wp\/v2\/users\/1"}],"replies":[{"embeddable":true,"href":"https:\/\/weltlaeden.de\/solidario\/wp-json\/wp\/v2\/comments?post=219"}],"version-history":[{"count":26,"href":"https:\/\/weltlaeden.de\/solidario\/wp-json\/wp\/v2\/pages\/219\/revisions"}],"predecessor-version":[{"id":556,"href":"https:\/\/weltlaeden.de\/solidario\/wp-json\/wp\/v2\/pages\/219\/revisions\/556"}],"wp:attachment":[{"href":"https:\/\/weltlaeden.de\/solidario\/wp-json\/wp\/v2\/media?parent=219"}],"curies":[{"name":"wp","href":"https:\/\/api.w.org\/{rel}","templated":true}]}}