{"id":217,"date":"2016-10-28T13:34:47","date_gmt":"2016-10-28T11:34:47","guid":{"rendered":"https:\/\/wl.heimpixel.de\/solidario\/produkte\/"},"modified":"2020-01-30T18:14:03","modified_gmt":"2020-01-30T17:14:03","slug":"produkte","status":"publish","type":"page","link":"https:\/\/weltlaeden.de\/solidario\/produkte\/","title":{"rendered":"Produkte"},"content":{"rendered":"<div class=\"wpb-content-wrapper\"><p>[vc_row][vc_column][vc_empty_space][vc_column_text]<\/p>\n<h1>Unser Sortiment<\/h1>\n<p>[\/vc_column_text][vc_column_text]Wir fair-w\u00f6hnen Sie mit Sch\u00f6nem, Ausgefallenem und K\u00f6stlichem aus meist fernen L\u00e4ndern \u2013 und das in bester (h\u00e4ufig Bio-) Qualit\u00e4t, die sozial und \u00f6kologisch verantwortbare Produktionsbedingungen mit einschlie\u00dft.<\/p>\n<p>Nach ethischen Gesichtspunkten einkaufen und aktiv einen Beitrag zur Verringerung von Armut leisten, ist im Weltladen Solidario selbstverst\u00e4ndlich.<\/p>\n<p>Neben den fair gehandelten Lebensmitteln haben wir einige regionale Bio-Produkte aufgenommen, die dem Anliegen des fairen Handels entsprechen. Beispielsweise kommt der Apfelsaft von tecklenburgischen Streuobstwiesen.[\/vc_column_text][vc_row_inner][vc_column_inner]<!-- This slideshow output is generated with Advanced post slider a multipurpose responsive WordPress slideshow plugin - http:\/\/www.wpcue.com\/wordpress-plugins\/advanced-post-slider\/ -->\r\n<style>\r\n#advps_container3 .bx-wrapper .bx-viewport {\r\n\t\tbackground:#ffffff;\r\n}\r\n#advps_container3 .bx-wrapper .bx-pager{\r\n\ttext-align: right;\r\n\tpadding-right:5px;\r\n}\r\n#advps_container3 .bx-wrapper .bx-pager\r\n{\r\n\tbottom:-35px;\r\n\tz-index:999;\r\n}\r\n#advps_container3 .bx-wrapper .bx-controls-auto\r\n{\r\n\tbottom:6px;\r\n}\r\n#advps_container3 .bx-wrapper .bx-controls.bx-has-controls-auto.bx-has-pager .bx-pager {\r\n\ttext-align: right;\r\n}\r\n#advps_container3 .bx-wrapper .bx-controls-auto {\r\n\tz-index:99999;\r\n\ttext-align:center;width:100%;}\r\n\r\n#advps_container3 .bx-wrapper .bx-pager.bx-default-pager a {\r\n\tbackground: #666;\r\n\ttext-indent: -9999px;\r\n\tdisplay: block;\r\n\twidth: 10px;\r\n\theight: 10px;\r\n\tmargin: 0 5px;\r\n\toutline: 0;\r\n\t-moz-border-radius: 5px;\r\n\t-webkit-border-radius: 5px;\r\n\tborder-radius: 5px;\r\n\ttext-align:left;\r\n}\r\n#advps_container3 .bx-wrapper .bx-pager.bx-default-pager a:hover,\r\n#advps_container3 .bx-wrapper .bx-pager.bx-default-pager a.active {\r\n\tbackground: #000;\r\n}\r\n\r\n\/* thumbnail pager*\/\r\n#advps_container3 #bx-pager\r\n{\r\n\twidth:100%;\r\n\tposition:absolute;\r\n\tbottom:-35px;\r\n    text-align: right;\r\n\tz-index: 9999;\r\n}\r\n#advps_container3 #bx-pager a img\r\n{\r\n\tborder: 1px solid #CCCCCC;\r\n    padding: 3px;\r\n}\r\n#advps_container3 #bx-pager a:hover img, #advps_container3 #bx-pager a.active img\r\n{\r\n\tborder: 1px solid #666666;\r\n}\r\n\/* medai queries *\/\r\n#advps_container3 .advs-title,#advps_container3 .advs-title a\r\n{\r\n\tfont-size:20px;\r\n\tline-height:26px;\r\n}\r\n#advps_container3 .advps-slide p\r\n{\r\n\tfont-size:15px;\r\n\tline-height:22px;\r\n}\r\n@media screen and (max-width: 1024px){\r\n\t#advps_container3 .advs-title,#advps_container3 .advs-title a\r\n\t{\r\n\t\tfont-size:16px;\r\n\t\tline-height:26px;\r\n\t}\r\n\t#advps_container3 .advps-slide p\r\n\t{\r\n\t\tfont-size:15px;\r\n\t\tline-height:22px;\r\n\t}\r\n}\r\n@media screen and (max-width: 768px){\r\n\t#advps_container3 h2.advs-title, #advps_container3 h2.advs-title a\r\n\t{\r\n\t\tfont-size:16px;\r\n\t\tline-height:20px;\r\n\t}\r\n\t#advps_container3 .advps-slide p\r\n\t{\r\n\t\tfont-size:14px;\r\n\t\tline-height:18px;\r\n\t}\r\n}\r\n@media screen and (max-width: 650px){\r\n\t#advps_container3 h2.advs-title, #advps_container3 h2.advs-title a\r\n\t{\r\n\t\tfont-size:15px;\r\n\t\tline-height:18px;\r\n\t}\r\n\t#advps_container3 .advps-slide p\r\n\t{\r\n\t\tfont-size:13px;\r\n\t\tline-height:15px;\r\n\t}\r\n}\r\n@media screen and (max-width: 480px){\r\n\t#advps_container3 h2.advs-title, #advps_container3 h2.advs-title a\r\n\t{\r\n\t\tfont-size:13px;\r\n\t\tline-height:14px;\r\n\t}\r\n\t#advps_container3 .advps-slide p\r\n\t{\r\n\t\tfont-size:12px;\r\n\t\tline-height:13px;\r\n\t}\r\n}\r\n@media screen and (max-width: 320px){\r\n\t#advps_container3 h2.advs-title, #advps_container3 h2.advs-title a\r\n\t{\r\n\t\tfont-size:12px;\r\n\t\tline-height:13px;\r\n\t}\r\n\t#advps_container3 .advps-slide p\r\n\t{\r\n\t\tfont-size:11px;\r\n\t\tline-height:12px;\r\n\t}\r\n}\r\n<\/style>\r\n<script type=\"text\/javascript\">\r\n\t\tjQuery(document).ready(function($){\r\n\t\t\t$('#advpsslideshow_3').bxSlider({\r\n\t\t\t\tuseCSS:1,\r\n\t\t\t\tslideMargin: 0,\r\n\t\t\t\tspeed: 2000,\t\t\t\t\r\n\t\t\t\t\t\t\t\tmode: 'fade',\r\n\t\t\t\t\t\t\t\t\t\t\t\tauto: 1,\r\n\t\t\t\tautoHover: 0,\r\n\t\t\t\tpause: 10000,\r\n\t\t\t\teasing: 'linear',\r\n\t\t\t\tcontrols: 0,\r\n\t\t\t\tpager: 1,\r\n  \t\t\t\tautoControls: 0\t\t\t\t\t\t\t});\r\n\t\t\t\t\t\t\t$(\"#advpsslideshow_3 .advs-title a\").hover(function(){\r\n\t\t\t\t\t$(this).css('color','#5e5e5e');\r\n\t\t\t\t},function(){\r\n\t\t\t\t\t$(this).css('color','#ff7c00');\r\n\t\t\t\t});\r\n\t\t\t\t\t\t$(\"#advpsslideshow_3 .advps-slide\").hover(function(){\r\n\t\t\t\t  \t\t\t\t  if(!$(this).find(\".advps-excerpt-one\").is(\":animated\")){\t\t\t\t\t  \r\n\t\t\t\t\t  $(this).find(\".advps-excerpt-one\").fadeIn(200,'linear',function(){});\r\n\t\t\t\t  }\r\n\t\t\t\t  \t\t\t},function(){\r\n\t\t\t\t\t\t\t\t$(this).find(\".advps-excerpt-one\").fadeOut(200,'linear',function(){});\r\n\t\t\t\t\t\t\t});\r\n\t\t});\r\n\t<\/script>\r\n<div id=\"advps_container3\" class=\"advps-slide-container\" style=\"overflow:hidden;max-width:1000px;\">\r\n \r\n  <div id=\"advpsslideshow_3\">\r\n        <div class=\"advps-slide\">\r\n\t<a target=\"_blank\" href=\"https:\/\/weltlaeden.de\/solidario\/feature-c\/geschenkkorb-2\/\" >      <img loading=\"lazy\" decoding=\"async\" width=\"1024\" height=\"684\" src=\"https:\/\/weltlaeden.de\/solidario\/wp-content\/uploads\/sites\/25\/2020\/01\/Geschenkorb2-1024x684.jpg\" class=\"attachment-large size-large wp-post-image\" alt=\"\" srcset=\"https:\/\/weltlaeden.de\/solidario\/wp-content\/uploads\/sites\/25\/2020\/01\/Geschenkorb2-1024x684.jpg 1024w, https:\/\/weltlaeden.de\/solidario\/wp-content\/uploads\/sites\/25\/2020\/01\/Geschenkorb2-300x200.jpg 300w, https:\/\/weltlaeden.de\/solidario\/wp-content\/uploads\/sites\/25\/2020\/01\/Geschenkorb2-768x513.jpg 768w, https:\/\/weltlaeden.de\/solidario\/wp-content\/uploads\/sites\/25\/2020\/01\/Geschenkorb2.jpg 1920w\" sizes=\"auto, (max-width: 1024px) 100vw, 1024px\" \/>      <\/a>       \r\n      <div class=\"advps-excerpt-one\" style=\"width:27%;height:100%;display:none;top:0; right:0;\">\r\n      \t<div class=\"advps-overlay-one\" style=\"background-color:#ffffff; -moz-opacity:0.97;filter:alpha(opacity=97);opacity:0.97;\"><\/div>\r\n        <div class=\"advps-excerpt-block-one\" style=\"text-align:left;color:#383838;-moz-opacity:1;filter:alpha(opacity=100);opacity:1;\">        \r\n        <h2 class=\"advs-title\" style=\"margin:5px 0px 10px 0px;color:#ff7c00\"><a target=\"_blank\" href=\"https:\/\/weltlaeden.de\/solidario\/feature-c\/geschenkkorb-2\/\" style=\"margin:5px 0px 10px 0px;color:#ff7c00\" >Geschenkkorb 2<\/a><\/h2>\r\n          \r\n                    <\/div>\r\n      <\/div>\r\n    <\/div>\r\n        <div class=\"advps-slide\">\r\n\t<a target=\"_blank\" href=\"https:\/\/weltlaeden.de\/solidario\/feature-c\/geschenkkorb\/\" >      <img loading=\"lazy\" decoding=\"async\" width=\"1024\" height=\"684\" src=\"https:\/\/weltlaeden.de\/solidario\/wp-content\/uploads\/sites\/25\/2020\/01\/Geschenkorb-1024x684.jpg\" class=\"attachment-large size-large wp-post-image\" alt=\"\" srcset=\"https:\/\/weltlaeden.de\/solidario\/wp-content\/uploads\/sites\/25\/2020\/01\/Geschenkorb-1024x684.jpg 1024w, https:\/\/weltlaeden.de\/solidario\/wp-content\/uploads\/sites\/25\/2020\/01\/Geschenkorb-300x200.jpg 300w, https:\/\/weltlaeden.de\/solidario\/wp-content\/uploads\/sites\/25\/2020\/01\/Geschenkorb-768x513.jpg 768w, https:\/\/weltlaeden.de\/solidario\/wp-content\/uploads\/sites\/25\/2020\/01\/Geschenkorb.jpg 1920w\" sizes=\"auto, (max-width: 1024px) 100vw, 1024px\" \/>      <\/a>       \r\n      <div class=\"advps-excerpt-one\" style=\"width:27%;height:100%;display:none;top:0; right:0;\">\r\n      \t<div class=\"advps-overlay-one\" style=\"background-color:#ffffff; -moz-opacity:0.97;filter:alpha(opacity=97);opacity:0.97;\"><\/div>\r\n        <div class=\"advps-excerpt-block-one\" style=\"text-align:left;color:#383838;-moz-opacity:1;filter:alpha(opacity=100);opacity:1;\">        \r\n        <h2 class=\"advs-title\" style=\"margin:5px 0px 10px 0px;color:#ff7c00\"><a target=\"_blank\" href=\"https:\/\/weltlaeden.de\/solidario\/feature-c\/geschenkkorb\/\" style=\"margin:5px 0px 10px 0px;color:#ff7c00\" >Geschenkkorb<\/a><\/h2>\r\n          \r\n                    <\/div>\r\n      <\/div>\r\n    <\/div>\r\n        <div class=\"advps-slide\">\r\n\t<a target=\"_blank\" href=\"https:\/\/weltlaeden.de\/solidario\/feature-c\/gutschein\/\" >      <img loading=\"lazy\" decoding=\"async\" width=\"1024\" height=\"501\" src=\"https:\/\/weltlaeden.de\/solidario\/wp-content\/uploads\/sites\/25\/2019\/10\/Gutschein-1024x501.jpg\" class=\"attachment-large size-large wp-post-image\" alt=\"\" srcset=\"https:\/\/weltlaeden.de\/solidario\/wp-content\/uploads\/sites\/25\/2019\/10\/Gutschein-1024x501.jpg 1024w, https:\/\/weltlaeden.de\/solidario\/wp-content\/uploads\/sites\/25\/2019\/10\/Gutschein-300x147.jpg 300w, https:\/\/weltlaeden.de\/solidario\/wp-content\/uploads\/sites\/25\/2019\/10\/Gutschein-768x376.jpg 768w, https:\/\/weltlaeden.de\/solidario\/wp-content\/uploads\/sites\/25\/2019\/10\/Gutschein-e1572343459787.jpg 1000w\" sizes=\"auto, (max-width: 1024px) 100vw, 1024px\" \/>      <\/a>       \r\n      <div class=\"advps-excerpt-one\" style=\"width:27%;height:100%;display:none;top:0; right:0;\">\r\n      \t<div class=\"advps-overlay-one\" style=\"background-color:#ffffff; -moz-opacity:0.97;filter:alpha(opacity=97);opacity:0.97;\"><\/div>\r\n        <div class=\"advps-excerpt-block-one\" style=\"text-align:left;color:#383838;-moz-opacity:1;filter:alpha(opacity=100);opacity:1;\">        \r\n        <h2 class=\"advs-title\" style=\"margin:5px 0px 10px 0px;color:#ff7c00\"><a target=\"_blank\" href=\"https:\/\/weltlaeden.de\/solidario\/feature-c\/gutschein\/\" style=\"margin:5px 0px 10px 0px;color:#ff7c00\" >Gutschein<\/a><\/h2>\r\n          \r\n                    <\/div>\r\n      <\/div>\r\n    <\/div>\r\n      <\/div>\r\n  <\/div><!-- end advps-slide-container -->\r\n<!-- \/ Advanced post slider a multipurpose responsive slideshow plugin -->\r\n[vc_empty_space height=&#8220;10px&#8220;][vc_column_text]Haben Sie in K\u00fcrze etwas zu verschenken? Gerne stellen wir Ihnen aus unserem Sortiment einen Geschenkkorb mit fairen, leckeren Produkten zusammen.<\/p>\n<p>\u00dcbrigens: Wir bieten Ihnen auch die M\u00f6glichkeit, einen Geschenkgutschein des &#8222;Weltladen Solidario&#8220; ab 10 Euro aufw\u00e4rts zu erwerben.[\/vc_column_text][\/vc_column_inner][\/vc_row_inner][vc_row_inner][vc_column_inner][vc_empty_space]<!-- This slideshow output is generated with Advanced post slider a multipurpose responsive WordPress slideshow plugin - http:\/\/www.wpcue.com\/wordpress-plugins\/advanced-post-slider\/ -->\r\n<style>\r\n#advps_container1 .bx-wrapper .bx-viewport {\r\n\t\tbackground:#ffffff;\r\n}\r\n#advps_container1 .bx-wrapper .bx-pager{\r\n\ttext-align: right;\r\n\tpadding-right:5px;\r\n}\r\n#advps_container1 .bx-wrapper .bx-pager\r\n{\r\n\tbottom:-35px;\r\n\tz-index:999;\r\n}\r\n#advps_container1 .bx-wrapper .bx-controls-auto\r\n{\r\n\tbottom:6px;\r\n}\r\n#advps_container1 .bx-wrapper .bx-controls.bx-has-controls-auto.bx-has-pager .bx-pager {\r\n\ttext-align: right;\r\n}\r\n#advps_container1 .bx-wrapper .bx-controls-auto {\r\n\tz-index:99999;\r\n\ttext-align:center;width:100%;}\r\n\r\n#advps_container1 .bx-wrapper .bx-pager.bx-default-pager a {\r\n\tbackground: #666;\r\n\ttext-indent: -9999px;\r\n\tdisplay: block;\r\n\twidth: 10px;\r\n\theight: 10px;\r\n\tmargin: 0 5px;\r\n\toutline: 0;\r\n\t-moz-border-radius: 5px;\r\n\t-webkit-border-radius: 5px;\r\n\tborder-radius: 5px;\r\n\ttext-align:left;\r\n}\r\n#advps_container1 .bx-wrapper .bx-pager.bx-default-pager a:hover,\r\n#advps_container1 .bx-wrapper .bx-pager.bx-default-pager a.active {\r\n\tbackground: #000;\r\n}\r\n\r\n\/* thumbnail pager*\/\r\n#advps_container1 #bx-pager\r\n{\r\n\twidth:100%;\r\n\tposition:absolute;\r\n\tbottom:-35px;\r\n    text-align: right;\r\n\tz-index: 9999;\r\n}\r\n#advps_container1 #bx-pager a img\r\n{\r\n\tborder: 1px solid #CCCCCC;\r\n    padding: 3px;\r\n}\r\n#advps_container1 #bx-pager a:hover img, #advps_container1 #bx-pager a.active img\r\n{\r\n\tborder: 1px solid #666666;\r\n}\r\n\/* medai queries *\/\r\n#advps_container1 .advs-title,#advps_container1 .advs-title a\r\n{\r\n\tfont-size:20px;\r\n\tline-height:26px;\r\n}\r\n#advps_container1 .advps-slide p\r\n{\r\n\tfont-size:15px;\r\n\tline-height:22px;\r\n}\r\n@media screen and (max-width: 1024px){\r\n\t#advps_container1 .advs-title,#advps_container1 .advs-title a\r\n\t{\r\n\t\tfont-size:16px;\r\n\t\tline-height:26px;\r\n\t}\r\n\t#advps_container1 .advps-slide p\r\n\t{\r\n\t\tfont-size:15px;\r\n\t\tline-height:22px;\r\n\t}\r\n}\r\n@media screen and (max-width: 768px){\r\n\t#advps_container1 h2.advs-title, #advps_container1 h2.advs-title a\r\n\t{\r\n\t\tfont-size:16px;\r\n\t\tline-height:20px;\r\n\t}\r\n\t#advps_container1 .advps-slide p\r\n\t{\r\n\t\tfont-size:14px;\r\n\t\tline-height:18px;\r\n\t}\r\n}\r\n@media screen and (max-width: 650px){\r\n\t#advps_container1 h2.advs-title, #advps_container1 h2.advs-title a\r\n\t{\r\n\t\tfont-size:15px;\r\n\t\tline-height:18px;\r\n\t}\r\n\t#advps_container1 .advps-slide p\r\n\t{\r\n\t\tfont-size:13px;\r\n\t\tline-height:15px;\r\n\t}\r\n}\r\n@media screen and (max-width: 480px){\r\n\t#advps_container1 h2.advs-title, #advps_container1 h2.advs-title a\r\n\t{\r\n\t\tfont-size:13px;\r\n\t\tline-height:14px;\r\n\t}\r\n\t#advps_container1 .advps-slide p\r\n\t{\r\n\t\tfont-size:12px;\r\n\t\tline-height:13px;\r\n\t}\r\n}\r\n@media screen and (max-width: 320px){\r\n\t#advps_container1 h2.advs-title, #advps_container1 h2.advs-title a\r\n\t{\r\n\t\tfont-size:12px;\r\n\t\tline-height:13px;\r\n\t}\r\n\t#advps_container1 .advps-slide p\r\n\t{\r\n\t\tfont-size:11px;\r\n\t\tline-height:12px;\r\n\t}\r\n}\r\n<\/style>\r\n<script type=\"text\/javascript\">\r\n\t\tjQuery(document).ready(function($){\r\n\t\t\t$('#advpsslideshow_1').bxSlider({\r\n\t\t\t\tuseCSS:1,\r\n\t\t\t\tslideMargin: 0,\r\n\t\t\t\tspeed: 2000,\t\t\t\t\r\n\t\t\t\t\t\t\t\tmode: 'fade',\r\n\t\t\t\t\t\t\t\t\t\t\t\tauto: 1,\r\n\t\t\t\tautoHover: 1,\r\n\t\t\t\tpause: 10000,\r\n\t\t\t\teasing: 'linear',\r\n\t\t\t\tcontrols: 0,\r\n\t\t\t\tpager: 1,\r\n  \t\t\t\tautoControls: 0\t\t\t\t\t\t\t});\r\n\t\t\t\t\t\t\t$(\"#advpsslideshow_1 .advs-title a\").hover(function(){\r\n\t\t\t\t\t$(this).css('color','#5e5e5e');\r\n\t\t\t\t},function(){\r\n\t\t\t\t\t$(this).css('color','#ff7c00');\r\n\t\t\t\t});\r\n\t\t\t\t\t\t$(\"#advpsslideshow_1 .advps-slide\").hover(function(){\r\n\t\t\t\t  \t\t\t\t  if(!$(this).find(\".advps-excerpt-one\").is(\":animated\")){\t\t\t\t\t  \r\n\t\t\t\t\t  $(this).find(\".advps-excerpt-one\").fadeIn(200,'linear',function(){});\r\n\t\t\t\t  }\r\n\t\t\t\t  \t\t\t},function(){\r\n\t\t\t\t\t\t\t\t$(this).find(\".advps-excerpt-one\").fadeOut(200,'linear',function(){});\r\n\t\t\t\t\t\t\t});\r\n\t\t});\r\n\t<\/script>\r\n<div id=\"advps_container1\" class=\"advps-slide-container\" style=\"overflow:hidden;max-width:1000px;\">\r\n \r\n  <div id=\"advpsslideshow_1\">\r\n        <div class=\"advps-slide\">\r\n\t<a target=\"_blank\" href=\"https:\/\/weltlaeden.de\/solidario\/feature-b\/produkte4\/\" >      <img loading=\"lazy\" decoding=\"async\" width=\"1500\" height=\"1000\" src=\"https:\/\/weltlaeden.de\/solidario\/wp-content\/uploads\/sites\/25\/2019\/10\/Produkte1-e1571827238519.jpg\" class=\"attachment-full size-full wp-post-image\" alt=\"\" \/>      <\/a>       \r\n      <div class=\"advps-excerpt-one\" style=\"width:27%;height:100%;display:none;top:0; right:0;\">\r\n      \t<div class=\"advps-overlay-one\" style=\"background-color:#ffffff; -moz-opacity:0.97;filter:alpha(opacity=97);opacity:0.97;\"><\/div>\r\n        <div class=\"advps-excerpt-block-one\" style=\"text-align:left;color:#383838;-moz-opacity:1;filter:alpha(opacity=100);opacity:1;\">        \r\n        <h2 class=\"advs-title\" style=\"margin:5px 0px 10px 0px;color:#ff7c00\"><a target=\"_blank\" href=\"https:\/\/weltlaeden.de\/solidario\/feature-b\/produkte4\/\" style=\"margin:5px 0px 10px 0px;color:#ff7c00\" >Produkte4<\/a><\/h2>\r\n          \r\n                    <\/div>\r\n      <\/div>\r\n    <\/div>\r\n        <div class=\"advps-slide\">\r\n\t<a target=\"_blank\" href=\"https:\/\/weltlaeden.de\/solidario\/feature-b\/produkte3\/\" >      <img loading=\"lazy\" decoding=\"async\" width=\"1500\" height=\"1000\" src=\"https:\/\/weltlaeden.de\/solidario\/wp-content\/uploads\/sites\/25\/2019\/10\/Produkte2-e1571827272138.jpg\" class=\"attachment-full size-full wp-post-image\" alt=\"\" \/>      <\/a>       \r\n      <div class=\"advps-excerpt-one\" style=\"width:27%;height:100%;display:none;top:0; right:0;\">\r\n      \t<div class=\"advps-overlay-one\" style=\"background-color:#ffffff; -moz-opacity:0.97;filter:alpha(opacity=97);opacity:0.97;\"><\/div>\r\n        <div class=\"advps-excerpt-block-one\" style=\"text-align:left;color:#383838;-moz-opacity:1;filter:alpha(opacity=100);opacity:1;\">        \r\n        <h2 class=\"advs-title\" style=\"margin:5px 0px 10px 0px;color:#ff7c00\"><a target=\"_blank\" href=\"https:\/\/weltlaeden.de\/solidario\/feature-b\/produkte3\/\" style=\"margin:5px 0px 10px 0px;color:#ff7c00\" >Produkte3<\/a><\/h2>\r\n          \r\n                    <\/div>\r\n      <\/div>\r\n    <\/div>\r\n        <div class=\"advps-slide\">\r\n\t<a target=\"_blank\" href=\"https:\/\/weltlaeden.de\/solidario\/feature-b\/produkte2\/\" >      <img loading=\"lazy\" decoding=\"async\" width=\"1500\" height=\"1000\" src=\"https:\/\/weltlaeden.de\/solidario\/wp-content\/uploads\/sites\/25\/2019\/10\/Produkte4-e1571827312134.jpg\" class=\"attachment-full size-full wp-post-image\" alt=\"\" \/>      <\/a>       \r\n      <div class=\"advps-excerpt-one\" style=\"width:27%;height:100%;display:none;top:0; right:0;\">\r\n      \t<div class=\"advps-overlay-one\" style=\"background-color:#ffffff; -moz-opacity:0.97;filter:alpha(opacity=97);opacity:0.97;\"><\/div>\r\n        <div class=\"advps-excerpt-block-one\" style=\"text-align:left;color:#383838;-moz-opacity:1;filter:alpha(opacity=100);opacity:1;\">        \r\n        <h2 class=\"advs-title\" style=\"margin:5px 0px 10px 0px;color:#ff7c00\"><a target=\"_blank\" href=\"https:\/\/weltlaeden.de\/solidario\/feature-b\/produkte2\/\" style=\"margin:5px 0px 10px 0px;color:#ff7c00\" >Produkte2<\/a><\/h2>\r\n          \r\n                    <\/div>\r\n      <\/div>\r\n    <\/div>\r\n        <div class=\"advps-slide\">\r\n\t<a target=\"_blank\" href=\"https:\/\/weltlaeden.de\/solidario\/feature-b\/produkte1\/\" >      <img loading=\"lazy\" decoding=\"async\" width=\"1500\" height=\"1000\" src=\"https:\/\/weltlaeden.de\/solidario\/wp-content\/uploads\/sites\/25\/2019\/10\/Produkte3-e1571827341485.jpg\" class=\"attachment-full size-full wp-post-image\" alt=\"\" \/>      <\/a>       \r\n      <div class=\"advps-excerpt-one\" style=\"width:27%;height:100%;display:none;top:0; right:0;\">\r\n      \t<div class=\"advps-overlay-one\" style=\"background-color:#ffffff; -moz-opacity:0.97;filter:alpha(opacity=97);opacity:0.97;\"><\/div>\r\n        <div class=\"advps-excerpt-block-one\" style=\"text-align:left;color:#383838;-moz-opacity:1;filter:alpha(opacity=100);opacity:1;\">        \r\n        <h2 class=\"advs-title\" style=\"margin:5px 0px 10px 0px;color:#ff7c00\"><a target=\"_blank\" href=\"https:\/\/weltlaeden.de\/solidario\/feature-b\/produkte1\/\" style=\"margin:5px 0px 10px 0px;color:#ff7c00\" >Produkte1<\/a><\/h2>\r\n          \r\n                    <\/div>\r\n      <\/div>\r\n    <\/div>\r\n      <\/div>\r\n  <\/div><!-- end advps-slide-container -->\r\n<!-- \/ Advanced post slider a multipurpose responsive slideshow plugin -->\r\n[\/vc_column_inner][\/vc_row_inner][\/vc_column][\/vc_row][vc_row][vc_column][vc_row_inner][vc_column_inner width=&#8220;1\/2&#8243;][vc_column_text]<\/p>\n<h2>Lebensmittel<\/h2>\n<p>[\/vc_column_text][vc_column_text]Wir f\u00fchren ein breites Sortiment diverser Kaffee- und Teesorten, von Honig, Schokoladen, getrockneten Fr\u00fcchten, N\u00fcssen, herzhaftem und s\u00fc\u00dfem Geb\u00e4ck.<\/p>\n<p>Dazu kommen Grundnahrungsmittel wie Reis, Quinoa und Couscous.<\/p>\n<p>Au\u00dferdem gibt es diverse Gew\u00fcrze, Senf und \u00d6l.<\/p>\n<p>Auch finden Sie in unseren Regalen edle Rot-, Wei\u00df- und Roseweine aus Chile, Argentinien und S\u00fcdafrika, die Sie auch bei besonderen Aktionen verkosten k\u00f6nnen. Das Klima der s\u00fcdlichen L\u00e4nder und die sorgsame professionelle Verarbeitung garantieren eine gleichbleibend hohe Qualit\u00e4t.<\/p>\n<p>Bewirten Sie Ihre G\u00e4ste einfach beim n\u00e4chsten Anlass mit einem guten Tropfen \u2013 fair gehandelt: Sie gewinnen neue Freunde.<\/p>\n<p>S\u00e4fte und Erfrischungsgetr\u00e4nke, die nicht mit Kinderarbeit produziert sind, munden doppelt so gut.[\/vc_column_text][\/vc_column_inner][vc_column_inner width=&#8220;1\/2&#8243;][vc_column_text]<\/p>\n<h2>Kunsthandwerk<\/h2>\n<p>[\/vc_column_text][vc_column_text]Viele Produkte aus dem Sortiment Kunsthandwerk werden mit gro\u00dfer handwerklicher Fertigkeit hergestellt.<\/p>\n<p>Wir f\u00fchren in\u00a0 unserem Sortiment K\u00f6rbe, Taschen und Geldb\u00f6rsen, sowie eine gro\u00dfe Auswahl an Halst\u00fcchern und Schals aus Baumwolle oder Seide.<\/p>\n<p>Ansprechende Schmuck- und besondere Dekoartikel sind ein weiterer Schwerpunkt unseres Sortiments.<br \/>\nNat\u00fcrlich f\u00fchren wir auch wohlklingende Klangschalen, viele Produkte f\u00fcr Kinder (Stofftiere, Fingerpuppen usw.),sowie kleine Dosen, Handschmeichler und vieles mehr.<br \/>\nSeien Sie neugierig und schauen bei uns herein. Unser Sortiment wird immer wieder ver\u00e4ndert. Unsere Eink\u00e4uferinnen suchen st\u00e4ndig nach attraktiven, zeitgem\u00e4\u00dfen Produkten.<br \/>\nWir bestellen auch gern nach Ihren speziellen W\u00fcnschen aus den Katalogen unserer Lieferanten.[\/vc_column_text][\/vc_column_inner][\/vc_row_inner][\/vc_column][\/vc_row][vc_row][vc_column][\/vc_column][\/vc_row]<\/p>\n<\/div>","protected":false},"excerpt":{"rendered":"<p>[vc_row][vc_column][vc_empty_space][vc_column_text] Unser Sortiment [\/vc_column_text][vc_column_text]Wir fair-w\u00f6hnen Sie mit Sch\u00f6nem, Ausgefallenem und K\u00f6stlichem aus meist fernen L\u00e4ndern \u2013 und das in bester (h\u00e4ufig Bio-) Qualit\u00e4t, die sozial&hellip;<\/p>\n","protected":false},"author":1,"featured_media":0,"parent":0,"menu_order":3,"comment_status":"closed","ping_status":"closed","template":"","meta":{"footnotes":""},"class_list":["post-217","page","type-page","status-publish","hentry","description-off"],"_links":{"self":[{"href":"https:\/\/weltlaeden.de\/solidario\/wp-json\/wp\/v2\/pages\/217","targetHints":{"allow":["GET"]}}],"collection":[{"href":"https:\/\/weltlaeden.de\/solidario\/wp-json\/wp\/v2\/pages"}],"about":[{"href":"https:\/\/weltlaeden.de\/solidario\/wp-json\/wp\/v2\/types\/page"}],"author":[{"embeddable":true,"href":"https:\/\/weltlaeden.de\/solidario\/wp-json\/wp\/v2\/users\/1"}],"replies":[{"embeddable":true,"href":"https:\/\/weltlaeden.de\/solidario\/wp-json\/wp\/v2\/comments?post=217"}],"version-history":[{"count":36,"href":"https:\/\/weltlaeden.de\/solidario\/wp-json\/wp\/v2\/pages\/217\/revisions"}],"predecessor-version":[{"id":534,"href":"https:\/\/weltlaeden.de\/solidario\/wp-json\/wp\/v2\/pages\/217\/revisions\/534"}],"wp:attachment":[{"href":"https:\/\/weltlaeden.de\/solidario\/wp-json\/wp\/v2\/media?parent=217"}],"curies":[{"name":"wp","href":"https:\/\/api.w.org\/{rel}","templated":true}]}}