{"id":219,"date":"2016-10-28T13:34:47","date_gmt":"2016-10-28T11:34:47","guid":{"rendered":"https:\/\/wl.heimpixel.de\/vorlage\/ueber-uns\/"},"modified":"2022-11-30T17:49:42","modified_gmt":"2022-11-30T16:49:42","slug":"ueber-uns","status":"publish","type":"page","link":"https:\/\/weltlaeden.de\/singen\/ueber-uns\/","title":{"rendered":"\u00dcber uns"},"content":{"rendered":"<div class=\"wpb-content-wrapper\"><p>[vc_row][vc_column]<div class=\"wl_einzelbild\"><p><img loading=\"lazy\" decoding=\"async\" class=\"aligncenter size-full wp-image-448\" src=\"https:\/\/weltlaeden.de\/singen\/wp-content\/uploads\/sites\/154\/2019\/04\/board-game-challenge-chess-209728_1200x519-e1555324787982.png\" alt=\"\" width=\"787\" height=\"340\" \/><\/p><\/div>[vc_empty_space][vc_column_text]<\/p>\n<h1>\u00dcber den Weltladen Singen<\/h1>\n<p>[\/vc_column_text][vc_column_text]Entstanden ist die Idee zu einem \u201eWeltladen\u201c als zun\u00e4chst Kommunikationszentrum bei einem Schulfest in Rielasingen im Jahr 1978. Im Fr\u00fchling 1980 wurde die Idee durch die Gr\u00fcndung eines Vereins \u2013 die AG 3. Welt &#8211; in die Tat umgesetzt. Gr\u00fcndungsmitglieder waren unter anderen Margret G\u00f6rlitz, Waltraud und Tilmann Spellenberg, Ingrid Cr\u00e4mer und Christian Hagmann (die bis heute noch dabei sind) Direkt aus Guatemala importierte Waren , die ausschliesslich von kleinen Produzenten und Genossenschaften auf dem Land hergestellt wurden, bildeten den Grundpfeiler das Angebots. Ein gr\u00f6sserer Teil des Sortiments wurde \u00fcber die GEPA (Gesellschaft zur F\u00f6rderung der Partnerschaft mit der Dritten Welt, gegr\u00fcndet 1975) bezogen. Daneben wurden Produkte \u00fcber Missionare und weitere private Kontakte beschafft. Zentrale Idee war es, sicherzustellen, dass konzernunabh\u00e4ngige Projekte gef\u00f6rdert w\u00fcrden, die den Produzenten mehr Eigenst\u00e4ndigkeit und ein besseres Einkommen garantieren w\u00fcrden. Im Laden herrschte damals die Atmosph\u00e4re eines Wohnzimmers \u2013 es sollte nicht nur verkauft, sondern auch die Kunden \u00fcber die Probleme der \u201eDritten Welt\u201c informiert und L\u00f6sungsans\u00e4tze entwickelt werden. Auch ein Raum mit B\u00fcchern war eingerichtet worden.<\/p>\n<p>Von Anfang an wurde die gesamte Arbeit im und um den Laden auf ehrenamtlicher Basis geleistet. Gleich von Beginn an wurden regelm\u00e4ssige Arbeitssitzungen durchgef\u00fchrt, die sich bis heute als monatliche Ladensitzungen erhalten haben.<\/p>\n<p>Im ersten Flyer das Ladens wurden die Ziele der InitiatorInnen (\u201eunser Laden soll\u201c) wie folgt formuliert:<\/p>\n<p>&#8211; weitere Arbeitspl\u00e4tze in unterentwickelten L\u00e4ndern schaffen helfen<\/p>\n<p>&#8211; die Menschen dort zur Selbsthilfe anregen<\/p>\n<p>&#8211; helfen, dass sie einen halbwegs gerechten Lohn erhalten und nicht von grossen Konzernen ausgebeutet werden<\/p>\n<p>&#8211; uns erm\u00f6glichen Dritte-Welt-Ware direkt vom Produzenten zu bekommen<\/p>\n<p>Deshalb:<\/p>\n<p>&#8211; arbeiten wir nicht kommerziell, d.h. kein Profit f\u00fcr uns: wir arbeiten alle ehrenamtlich<\/p>\n<p>&#8211; wir haben die Kosten der gesamten Ladeneinrichtung \u00fcbernommen<\/p>\n<p>&#8211; wir wollen gute und preiswerte Waren verkaufen und sind nicht auf Spenden aus<\/p>\n<p>&#8211; wir verkaufen keine \u201eWohlfahrtsware\u201c mit Zuschlag<\/p>\n<p>&#8211; wir verstehen uns vor allem als Informationsgruppe f\u00fcr Probleme der Entwicklungsl\u00e4nder<\/p>\n<p>An diesen Grundthemen hat sich bis heute nichts ge\u00e4ndert!<\/p>\n<p>Die Veranstaltung von Vortragsreihen im Laden, F\u00f6rderung von Konzerten Filmreihen und diversen Vortr\u00e4gen an verschiedenen Orten wie bspw der Gems in Rielasingen und Singen, Boykottaufrufen etc durch die AG-3.Welt weist darauf hin, wie bedeutsam dem Team die begleitende Aufkl\u00e4rungsarbeit war und ist.<\/p>\n<p>1983 musste der Standort Rielasingen aufgegeben werden. In der Thurgauer Strasse in Singen wurde ein neues Domizil gefunden. Allerdings entpuppte sich der Vermieter als wenig kooperativ, sodass bald ein neuer Verkaufsraum gesucht werden musste. Trotz der freundlichen finanziellen Unterst\u00fctzung durch den damaligen OB der Stadt Singen, Friedhelm M\u00f6hrle. erfolgte<\/p>\n<p>1985 der Umzug in die Lindenstrasse 12 in Singen, 1997 dann in die Freiheitstrasse 5 und ab Oktober 2015 in das heutige Domizil der Ekkehardstrasse 12. Ab 1985 konnte in grossem Einvernehmen mit den jeweiligen Vermietern der Laden ohne finanzielle Probleme gef\u00fchrt werden.<\/p>\n<p>Der Umsatz entwickelte sich von 56.000 DM 1988 auf 87.000 EURO 2019.<\/p>\n<p>Derzeit besteht der Verein aus 36 Mitgliedern und im Ladenteam sind 13 MitarbeiterInnen aktiv t\u00e4tig. Wer sich angesprochen f\u00fchlt, ist herzlich willkommen zum Mitmachen im Team oder dem Verein beizutreten![\/vc_column_text][\/vc_column][\/vc_row][vc_row][vc_column][vc_empty_space][vc_column_text]<\/p>\n<h1>Mitmachen im Weltladen Singen<\/h1>\n<p>[\/vc_column_text][vc_column_text]<strong>Wir suchen<\/strong> Menschen, die Lust haben, sich ehrenamtlich f\u00fcr eine offene, transparente, \u00f6kologische und nachhaltige Form des Wirtschaftens zu engagieren. Ob im Verkauf, der Informations- oder Bildungsarbeit &#8211; die M\u00f6glichkeiten, in unserem Team mitzumachen sind vielf\u00e4ltig und lassen sich bestimmt auch in Deinen Alltag integrieren! Neben regelm\u00e4\u00dfigen Aufgaben gibt es bei uns auch immer wieder einzelne zeitlich befristete Projekte, f\u00fcr die wir Unterst\u00fctzer\/innen suchen. Viele Aufgaben erfordern keine speziellen Vorkenntnisse, sondern nur Deine Bereitschaft, Deine F\u00e4higkeiten einzubringen und eventuell in neuen Bereichen dazuzulernen.<\/p>\n<p><strong>Wir bieten<\/strong> ein nettes Team aus Engagierten mit vielf\u00e4ltigen M\u00f6glichkeiten, sich selbst einzubringen. Eine Gemeinschaft, die Dich herzlich aufnimmt, einarbeitet und bei Fragen zur Verf\u00fcgung steht. Fortbildungsm\u00f6glichkeiten nach Deinen Interessen und Aufgaben.<\/p>\n<p><strong>Ansprechpartner\/in:<\/strong><\/p>\n<p>Waltraud Spellenberg<\/p>\n<p><a href=\"mailto:nils@spello.de\" target=\"_blank\" rel=\"noopener\">nils@spello.de<\/a><\/p>\n<p><strong>Wir freuen uns auf Dich!<\/strong>[\/vc_column_text][\/vc_column][\/vc_row]<\/p>\n<\/div>","protected":false},"excerpt":{"rendered":"<p>[vc_row][vc_column][vc_empty_space][vc_column_text] \u00dcber den Weltladen Singen [\/vc_column_text][vc_column_text]Entstanden ist die Idee zu einem \u201eWeltladen\u201c als zun\u00e4chst Kommunikationszentrum bei einem Schulfest in Rielasingen im Jahr 1978. Im Fr\u00fchling 1980 wurde die Idee durch die Gr\u00fcndung eines Vereins \u2013 die AG 3. Welt &#8211; in die Tat umgesetzt. Gr\u00fcndungsmitglieder waren unter anderen Margret G\u00f6rlitz, Waltraud und Tilmann Spellenberg, Ingrid&hellip;<\/p>\n","protected":false},"author":1,"featured_media":0,"parent":0,"menu_order":8,"comment_status":"closed","ping_status":"closed","template":"","meta":{"footnotes":""},"class_list":["post-219","page","type-page","status-publish","hentry","description-off"],"yoast_head":"<!-- This site is optimized with the Yoast SEO plugin v26.8 - https:\/\/yoast.com\/product\/yoast-seo-wordpress\/ -->\n<title>\u00dcber uns - Weltladen Singen<\/title>\n<meta name=\"robots\" content=\"index, follow, max-snippet:-1, max-image-preview:large, max-video-preview:-1\" \/>\n<link rel=\"canonical\" href=\"https:\/\/weltlaeden.de\/singen\/ueber-uns\/\" \/>\n<meta property=\"og:locale\" content=\"de_DE\" \/>\n<meta property=\"og:type\" content=\"article\" \/>\n<meta property=\"og:title\" content=\"\u00dcber uns - Weltladen Singen\" \/>\n<meta property=\"og:description\" content=\"[vc_row][vc_column][vc_empty_space][vc_column_text] \u00dcber den Weltladen Singen [\/vc_column_text][vc_column_text]Entstanden ist die Idee zu einem \u201eWeltladen\u201c als zun\u00e4chst Kommunikationszentrum bei einem Schulfest in Rielasingen im Jahr 1978. Im Fr\u00fchling 1980 wurde die Idee durch die Gr\u00fcndung eines Vereins \u2013 die AG 3. Welt &#8211; in die Tat umgesetzt. Gr\u00fcndungsmitglieder waren unter anderen Margret G\u00f6rlitz, Waltraud und Tilmann Spellenberg, Ingrid&hellip;\" \/>\n<meta property=\"og:url\" content=\"https:\/\/weltlaeden.de\/singen\/ueber-uns\/\" \/>\n<meta property=\"og:site_name\" content=\"Weltladen Singen\" \/>\n<meta property=\"article:modified_time\" content=\"2022-11-30T16:49:42+00:00\" \/>\n<meta property=\"og:image\" content=\"https:\/\/weltlaeden.de\/singen\/wp-content\/uploads\/sites\/154\/2019\/04\/board-game-challenge-chess-209728_1200x519-e1555324787982.png\" \/>\n<meta name=\"twitter:card\" content=\"summary_large_image\" \/>\n<meta name=\"twitter:label1\" content=\"Gesch\u00e4tzte Lesezeit\" \/>\n\t<meta name=\"twitter:data1\" content=\"4\u00a0Minuten\" \/>\n<script type=\"application\/ld+json\" class=\"yoast-schema-graph\">{\"@context\":\"https:\/\/schema.org\",\"@graph\":[{\"@type\":\"WebPage\",\"@id\":\"https:\/\/weltlaeden.de\/singen\/ueber-uns\/\",\"url\":\"https:\/\/weltlaeden.de\/singen\/ueber-uns\/\",\"name\":\"\u00dcber uns - Weltladen Singen\",\"isPartOf\":{\"@id\":\"https:\/\/weltlaeden.de\/singen\/#website\"},\"primaryImageOfPage\":{\"@id\":\"https:\/\/weltlaeden.de\/singen\/ueber-uns\/#primaryimage\"},\"image\":{\"@id\":\"https:\/\/weltlaeden.de\/singen\/ueber-uns\/#primaryimage\"},\"thumbnailUrl\":\"https:\/\/weltlaeden.de\/singen\/wp-content\/uploads\/sites\/154\/2019\/04\/board-game-challenge-chess-209728_1200x519-e1555324787982.png\",\"datePublished\":\"2016-10-28T11:34:47+00:00\",\"dateModified\":\"2022-11-30T16:49:42+00:00\",\"breadcrumb\":{\"@id\":\"https:\/\/weltlaeden.de\/singen\/ueber-uns\/#breadcrumb\"},\"inLanguage\":\"de\",\"potentialAction\":[{\"@type\":\"ReadAction\",\"target\":[\"https:\/\/weltlaeden.de\/singen\/ueber-uns\/\"]}]},{\"@type\":\"ImageObject\",\"inLanguage\":\"de\",\"@id\":\"https:\/\/weltlaeden.de\/singen\/ueber-uns\/#primaryimage\",\"url\":\"https:\/\/weltlaeden.de\/singen\/wp-content\/uploads\/sites\/154\/2019\/04\/board-game-challenge-chess-209728_1200x519-e1555324787982.png\",\"contentUrl\":\"https:\/\/weltlaeden.de\/singen\/wp-content\/uploads\/sites\/154\/2019\/04\/board-game-challenge-chess-209728_1200x519-e1555324787982.png\",\"width\":787,\"height\":340},{\"@type\":\"BreadcrumbList\",\"@id\":\"https:\/\/weltlaeden.de\/singen\/ueber-uns\/#breadcrumb\",\"itemListElement\":[{\"@type\":\"ListItem\",\"position\":1,\"name\":\"Startseite\",\"item\":\"https:\/\/weltlaeden.de\/singen\/\"},{\"@type\":\"ListItem\",\"position\":2,\"name\":\"\u00dcber uns\"}]},{\"@type\":\"WebSite\",\"@id\":\"https:\/\/weltlaeden.de\/singen\/#website\",\"url\":\"https:\/\/weltlaeden.de\/singen\/\",\"name\":\"Weltladen Singen\",\"description\":\"Faire Produkte seit 1990\",\"potentialAction\":[{\"@type\":\"SearchAction\",\"target\":{\"@type\":\"EntryPoint\",\"urlTemplate\":\"https:\/\/weltlaeden.de\/singen\/?s={search_term_string}\"},\"query-input\":{\"@type\":\"PropertyValueSpecification\",\"valueRequired\":true,\"valueName\":\"search_term_string\"}}],\"inLanguage\":\"de\"}]}<\/script>\n<!-- \/ Yoast SEO plugin. -->","yoast_head_json":{"title":"\u00dcber uns - Weltladen Singen","robots":{"index":"index","follow":"follow","max-snippet":"max-snippet:-1","max-image-preview":"max-image-preview:large","max-video-preview":"max-video-preview:-1"},"canonical":"https:\/\/weltlaeden.de\/singen\/ueber-uns\/","og_locale":"de_DE","og_type":"article","og_title":"\u00dcber uns - Weltladen Singen","og_description":"[vc_row][vc_column][vc_empty_space][vc_column_text] \u00dcber den Weltladen Singen [\/vc_column_text][vc_column_text]Entstanden ist die Idee zu einem \u201eWeltladen\u201c als zun\u00e4chst Kommunikationszentrum bei einem Schulfest in Rielasingen im Jahr 1978. Im Fr\u00fchling 1980 wurde die Idee durch die Gr\u00fcndung eines Vereins \u2013 die AG 3. Welt &#8211; in die Tat umgesetzt. Gr\u00fcndungsmitglieder waren unter anderen Margret G\u00f6rlitz, Waltraud und Tilmann Spellenberg, Ingrid&hellip;","og_url":"https:\/\/weltlaeden.de\/singen\/ueber-uns\/","og_site_name":"Weltladen Singen","article_modified_time":"2022-11-30T16:49:42+00:00","og_image":[{"url":"https:\/\/weltlaeden.de\/singen\/wp-content\/uploads\/sites\/154\/2019\/04\/board-game-challenge-chess-209728_1200x519-e1555324787982.png","type":"","width":"","height":""}],"twitter_card":"summary_large_image","twitter_misc":{"Gesch\u00e4tzte Lesezeit":"4\u00a0Minuten"},"schema":{"@context":"https:\/\/schema.org","@graph":[{"@type":"WebPage","@id":"https:\/\/weltlaeden.de\/singen\/ueber-uns\/","url":"https:\/\/weltlaeden.de\/singen\/ueber-uns\/","name":"\u00dcber uns - Weltladen Singen","isPartOf":{"@id":"https:\/\/weltlaeden.de\/singen\/#website"},"primaryImageOfPage":{"@id":"https:\/\/weltlaeden.de\/singen\/ueber-uns\/#primaryimage"},"image":{"@id":"https:\/\/weltlaeden.de\/singen\/ueber-uns\/#primaryimage"},"thumbnailUrl":"https:\/\/weltlaeden.de\/singen\/wp-content\/uploads\/sites\/154\/2019\/04\/board-game-challenge-chess-209728_1200x519-e1555324787982.png","datePublished":"2016-10-28T11:34:47+00:00","dateModified":"2022-11-30T16:49:42+00:00","breadcrumb":{"@id":"https:\/\/weltlaeden.de\/singen\/ueber-uns\/#breadcrumb"},"inLanguage":"de","potentialAction":[{"@type":"ReadAction","target":["https:\/\/weltlaeden.de\/singen\/ueber-uns\/"]}]},{"@type":"ImageObject","inLanguage":"de","@id":"https:\/\/weltlaeden.de\/singen\/ueber-uns\/#primaryimage","url":"https:\/\/weltlaeden.de\/singen\/wp-content\/uploads\/sites\/154\/2019\/04\/board-game-challenge-chess-209728_1200x519-e1555324787982.png","contentUrl":"https:\/\/weltlaeden.de\/singen\/wp-content\/uploads\/sites\/154\/2019\/04\/board-game-challenge-chess-209728_1200x519-e1555324787982.png","width":787,"height":340},{"@type":"BreadcrumbList","@id":"https:\/\/weltlaeden.de\/singen\/ueber-uns\/#breadcrumb","itemListElement":[{"@type":"ListItem","position":1,"name":"Startseite","item":"https:\/\/weltlaeden.de\/singen\/"},{"@type":"ListItem","position":2,"name":"\u00dcber uns"}]},{"@type":"WebSite","@id":"https:\/\/weltlaeden.de\/singen\/#website","url":"https:\/\/weltlaeden.de\/singen\/","name":"Weltladen Singen","description":"Faire Produkte seit 1990","potentialAction":[{"@type":"SearchAction","target":{"@type":"EntryPoint","urlTemplate":"https:\/\/weltlaeden.de\/singen\/?s={search_term_string}"},"query-input":{"@type":"PropertyValueSpecification","valueRequired":true,"valueName":"search_term_string"}}],"inLanguage":"de"}]}},"_links":{"self":[{"href":"https:\/\/weltlaeden.de\/singen\/wp-json\/wp\/v2\/pages\/219","targetHints":{"allow":["GET"]}}],"collection":[{"href":"https:\/\/weltlaeden.de\/singen\/wp-json\/wp\/v2\/pages"}],"about":[{"href":"https:\/\/weltlaeden.de\/singen\/wp-json\/wp\/v2\/types\/page"}],"author":[{"embeddable":true,"href":"https:\/\/weltlaeden.de\/singen\/wp-json\/wp\/v2\/users\/1"}],"replies":[{"embeddable":true,"href":"https:\/\/weltlaeden.de\/singen\/wp-json\/wp\/v2\/comments?post=219"}],"version-history":[{"count":12,"href":"https:\/\/weltlaeden.de\/singen\/wp-json\/wp\/v2\/pages\/219\/revisions"}],"predecessor-version":[{"id":524,"href":"https:\/\/weltlaeden.de\/singen\/wp-json\/wp\/v2\/pages\/219\/revisions\/524"}],"wp:attachment":[{"href":"https:\/\/weltlaeden.de\/singen\/wp-json\/wp\/v2\/media?parent=219"}],"curies":[{"name":"wp","href":"https:\/\/api.w.org\/{rel}","templated":true}]}}