{"id":219,"date":"2016-10-28T13:34:47","date_gmt":"2016-10-28T11:34:47","guid":{"rendered":"https:\/\/wl.heimpixel.de\/vorlage\/ueber-uns\/"},"modified":"2026-01-30T16:28:41","modified_gmt":"2026-01-30T15:28:41","slug":"ueber-uns","status":"publish","type":"page","link":"https:\/\/weltlaeden.de\/sindelfingen\/ueber-uns\/","title":{"rendered":"\u00dcber uns"},"content":{"rendered":"<div class=\"wpb-content-wrapper\"><p>[vc_row][vc_column]<div class=\"wl_einzelbild\"><p><img loading=\"lazy\" decoding=\"async\" class=\"alignnone size-medium wp-image-910\" src=\"https:\/\/weltlaeden.de\/sindelfingen\/wp-content\/uploads\/sites\/95\/2025\/10\/20250930_114621-300x300.jpg\" alt=\"\" width=\"300\" height=\"300\" srcset=\"https:\/\/weltlaeden.de\/sindelfingen\/wp-content\/uploads\/sites\/95\/2025\/10\/20250930_114621-300x300.jpg 300w, https:\/\/weltlaeden.de\/sindelfingen\/wp-content\/uploads\/sites\/95\/2025\/10\/20250930_114621-1024x1024.jpg 1024w, https:\/\/weltlaeden.de\/sindelfingen\/wp-content\/uploads\/sites\/95\/2025\/10\/20250930_114621-150x150.jpg 150w, https:\/\/weltlaeden.de\/sindelfingen\/wp-content\/uploads\/sites\/95\/2025\/10\/20250930_114621-768x768.jpg 768w, https:\/\/weltlaeden.de\/sindelfingen\/wp-content\/uploads\/sites\/95\/2025\/10\/20250930_114621-1536x1536.jpg 1536w, https:\/\/weltlaeden.de\/sindelfingen\/wp-content\/uploads\/sites\/95\/2025\/10\/20250930_114621-2048x2048.jpg 2048w\" sizes=\"auto, (max-width: 300px) 100vw, 300px\" \/><\/p><\/div>[vc_empty_space][vc_column_text]<\/p>\n<h1>\u00dcber den Weltladen Sindelfingen und seine Projekte<\/h1>\n<p>[\/vc_column_text][vc_column_text]1985 wurde der Verein AG Eine Welt Sindelfingen e.V. gegr\u00fcndet. Er betreibt seither den Weltladen am Schw\u00e4tzweiberbrunnen. Wir sind ein Team von 30 Engagierten, die in Sindelfingen, gut vernetzt mit den Kirchen und der Stadt, den Weltladen ehrenamtlich betreiben. Wir setzen uns daf\u00fcr ein, dass Menschen \u00fcberall auf der Welt von ihrer Arbeit gut leben k\u00f6nnen und ihre Kinder in die Schule gehen k\u00f6nnen.<\/p>\n<p>&nbsp;<\/p>\n<p>Wir unterst\u00fctzen zur Zeit 2 Projekte:<\/p>\n<p><strong>\u00a0<\/strong><strong>Die COOPERATIVA MUJERES\u00a0 MAYAS \u201cTEJIDOS GUADALUPE\u201d<\/strong><\/p>\n<p>Diese Frauenkooperative vereint nach wie vor Weberinnen, hat sich aber in den letzten Jahren konzentriert auf die Vergabe von Minikrediten an arme Frauen, auf die Ern\u00e4hrung und Bildung von bed\u00fcrftigen Kindern und auf Pflegedienste f\u00fcr alte Menschen.<\/p>\n<p>Die Kooperative befindet sich in San Jos\u00e9 Poaquil, einem Ort, der zu den \u00e4rmsten Regionen Guatemalas geh\u00f6rt. Da mit der Weberei als Handarbeit seit einiger Zeit kaum mehr Geld zu verdienen ist, sind die Frauen auf die Idee gekommen, mit Hilfe von Mikrokrediten den Mitgliedern die M\u00f6glichkeit zu bieten, Schafe, Schweine oder H\u00fchner zu kaufen, Gem\u00fcse anzubauen oder kleine L\u00e4den einzurichten, damit sie so ihren Lebensunterhalt verbessern und gleichzeitig mit den Ertr\u00e4gen den gew\u00e4hrten Kredit wieder zur\u00fcckzahlen k\u00f6nnen. Das zur\u00fcckgezahlte Geld k\u00f6nnen sie dann wieder dazu verwenden, ihre Aktivit\u00e4ten auszuweiten. So gelang es vielen Frauen \u00fcber mehrere Jahre hinweg, Hunger und Elend zu \u00fcberwinden und gleichzeitig bed\u00fcrftige Kinder und alte Menschen zu unterst\u00fctzen.<\/p>\n<p>Hans-Werner Schwarz hat diese Kooperative 2015 kennengelernt, als er Projekte in Guatemala besuchte, die der Weltladen zwischen 1988 und 2015 soweit unterst\u00fctzt hatte, dass sie aus eigener Kraft weiterarbeiten konnten: u.a. das Schulprojekt Aj Awinel und die Landwirtschaftliche Vereinigung ACUS.<\/p>\n<p><img loading=\"lazy\" decoding=\"async\" class=\"alignnone wp-image-793 size-medium\" src=\"https:\/\/weltlaeden.de\/sindelfingen\/wp-content\/uploads\/sites\/95\/2024\/03\/Projekt1_1-300x225.jpg\" alt=\"\" width=\"300\" height=\"225\" srcset=\"https:\/\/weltlaeden.de\/sindelfingen\/wp-content\/uploads\/sites\/95\/2024\/03\/Projekt1_1-300x225.jpg 300w, https:\/\/weltlaeden.de\/sindelfingen\/wp-content\/uploads\/sites\/95\/2024\/03\/Projekt1_1.jpg 454w\" sizes=\"auto, (max-width: 300px) 100vw, 300px\" \/><\/p>\n<p><img loading=\"lazy\" decoding=\"async\" class=\"alignnone size-medium wp-image-794\" src=\"https:\/\/weltlaeden.de\/sindelfingen\/wp-content\/uploads\/sites\/95\/2024\/03\/Projekt1_2-300x225.jpg\" alt=\"\" width=\"300\" height=\"225\" srcset=\"https:\/\/weltlaeden.de\/sindelfingen\/wp-content\/uploads\/sites\/95\/2024\/03\/Projekt1_2-300x225.jpg 300w, https:\/\/weltlaeden.de\/sindelfingen\/wp-content\/uploads\/sites\/95\/2024\/03\/Projekt1_2.jpg 454w\" sizes=\"auto, (max-width: 300px) 100vw, 300px\" \/><\/p>\n<p>&nbsp;<\/p>\n<p>Das zweite Projekt ist die<\/p>\n<p><strong>Textilarbeiterinnen-Gewerkschaft SITRASACOSI<\/strong><\/p>\n<p>SITRASACOSI ist eine engagierte Gewerkschaftsf\u00f6deration f\u00fcr den Textilbereich El Salvadors. SITRASACOSI hat eingetragene Mitglieds-Betriebsgewerkschaften, deren Mitglieder u.a. f\u00fcr Adidas und Reebok fertigen.<\/p>\n<p>Textilarbeiterinnen m\u00fcssen in El Salvador oft unter unertr\u00e4glichen Bedingungen arbeiten: viel zu lange (oft 12-14 Stunden), bei Hitze, unter gro\u00dfem Druck und das f\u00fcr einen Lohn, der zum Leben nicht reicht.<\/p>\n<p>Es gibt Arbeitsgesetze in El Salvador, doch selbst Gesetze helfen nicht viel, wenn die Einhaltung nicht kontrolliert wird.<\/p>\n<p>SITRASACOSI gelang es in den vergangenen Jahren unter anderem, die Wiedereinstellung von entlassenen Gewerkschafter*innen durchzusetzen. 2023 wurden 7 Textilarbeiterinnen sexuell bel\u00e4stigt. Als sie sich bei der Unternehmensleitung beschwerten, um ein Ende dieser Bel\u00e4stigungen zu erreichen, wurden sie entlassen. SITRASACOSI engagierte einen Anwalt, der erreichen konnte, dass alle Frauen wieder eingestellt wurden und eine Entsch\u00e4digung von 25.000 US-Dollar erhielten.<\/p>\n<p>SITRASACOSI schult und organisiert auch N\u00e4her*innen in anderen Textilfabriken mit dem Ziel, dort Gewerkschaften zu gr\u00fcnden und die gewerkschaftliche Arbeit zu etablieren. Sehr zeitaufw\u00e4ndig ist die Betreuung von Arbeiter*innen in Einzelf\u00e4llen: Sie werden beraten, zum Arbeitsministerium begleitet und wenn n\u00f6tig bei gerichtlichen Arbeitsrechtsprozessen unterst\u00fctzt.<\/p>\n<p>Wir lernten SITRASACOSI kennen, als wir Maik Pflaum von der Christlichen Initiative Romero (CIR) einluden, im Stiftshof \u00fcber die Situation der Textilarbeiterinnen in El Salvador zu berichten. Ein gro\u00dfes Problem war die ungen\u00fcgende Finanzierung der Akteurinnen, die neben ihrer Arbeit als N\u00e4herinnen noch ihr gewerkschaftliches Engagement bew\u00e4ltigen mussten. Aufgrund der finanzielle Unterst\u00fctzung durch den Sindelfinger Weltladen ist gew\u00e4hrleistet, dass zwei Frauen ein monatliches Honorar erhalten. Dar\u00fcber hinaus werden Anwaltskosten und Fortbildungen finanziert.<\/p>\n<p><img loading=\"lazy\" decoding=\"async\" class=\"alignnone size-medium wp-image-795\" src=\"https:\/\/weltlaeden.de\/sindelfingen\/wp-content\/uploads\/sites\/95\/2024\/03\/Projekt2_1-300x232.jpg\" alt=\"\" width=\"300\" height=\"232\" srcset=\"https:\/\/weltlaeden.de\/sindelfingen\/wp-content\/uploads\/sites\/95\/2024\/03\/Projekt2_1-300x232.jpg 300w, https:\/\/weltlaeden.de\/sindelfingen\/wp-content\/uploads\/sites\/95\/2024\/03\/Projekt2_1.jpg 503w\" sizes=\"auto, (max-width: 300px) 100vw, 300px\" \/><\/p>\n<p><img loading=\"lazy\" decoding=\"async\" class=\"alignnone size-medium wp-image-796\" src=\"https:\/\/weltlaeden.de\/sindelfingen\/wp-content\/uploads\/sites\/95\/2024\/03\/Projekt2_2-300x165.jpg\" alt=\"\" width=\"300\" height=\"165\" srcset=\"https:\/\/weltlaeden.de\/sindelfingen\/wp-content\/uploads\/sites\/95\/2024\/03\/Projekt2_2-300x165.jpg 300w, https:\/\/weltlaeden.de\/sindelfingen\/wp-content\/uploads\/sites\/95\/2024\/03\/Projekt2_2.jpg 505w\" sizes=\"auto, (max-width: 300px) 100vw, 300px\" \/><\/p>\n<p>&#8222;Viele kleine Leute an vielen kleinen Orten k\u00f6nnen das Gesicht der Welt ver\u00e4ndern&#8220;<\/p>\n<p><em>afrikanisches Sprichwort<\/em><\/p>\n<p>&nbsp;<\/p>\n<p><a href=\"https:\/\/youtu.be\/82ibZp3u7hY\">Stimmen zum fairen Handel<\/a><\/p>\n<p><a href=\"https:\/\/youtu.be\/pgCD-4Q-4Wo\">Agraprofit<\/a><\/p>\n<p>[\/vc_column_text][\/vc_column][\/vc_row][vc_row][vc_column][vc_empty_space][vc_column_text]<\/p>\n<h1>Mitmachen im Weltladen Sindelfingen<\/h1>\n<p>[\/vc_column_text][vc_column_text]<strong>Wir suchen<\/strong> Menschen, die Lust haben, sich ehrenamtlich f\u00fcr eine offene, transparente, \u00f6kologische und nachhaltige Form des Wirtschaftens zu engagieren. Ob im Verkauf, der Informations- oder Bildungsarbeit &#8211; die M\u00f6glichkeiten, in unserem Team mitzumachen sind vielf\u00e4ltig und lassen sich bestimmt auch in Deinen Alltag integrieren! Neben regelm\u00e4\u00dfigen Aufgaben gibt es bei uns auch immer wieder einzelne zeitlich befristete Projekte, f\u00fcr die wir Unterst\u00fctzer\/innen suchen. Viele Aufgaben erfordern keine speziellen Vorkenntnisse, sondern nur Deine Bereitschaft, Deine F\u00e4higkeiten einzubringen und eventuell in neuen Bereichen dazuzulernen.<\/p>\n<p><strong>Wir bieten<\/strong> ein nettes Team aus Engagierten mit vielf\u00e4ltigen M\u00f6glichkeiten, sich selbst einzubringen. Eine Gemeinschaft, die Dich herzlich aufnimmt, einarbeitet und bei Fragen zur Verf\u00fcgung steht. Fortbildungsm\u00f6glichkeiten nach Deinen Interessen und Aufgaben.<\/p>\n<p><strong>Ansprechpartner\/in:<\/strong><br \/>\nChristine Arndt<br \/>\nTel. 07031 806844<\/p>\n<p>info@weltladen-sindelfingen.de<\/p>\n<p><strong>Wir freuen uns auf Dich!<\/strong>[\/vc_column_text][\/vc_column][vc_column][\/vc_column][vc_column][\/vc_column][vc_column][\/vc_column][\/vc_row][vc_row][vc_column][vc_column_text]<\/p>\n<h2><\/h2>\n<h2><\/h2>\n<h2 style=\"text-align: left\">Links zu lokalen Akteuren des fairen Handels<\/h2>\n<p style=\"text-align: left\"><a href=\"https:\/\/www.sindelfingen.de\/start\/Politik+Verwaltung\/fairtrade+stadt.html\">Stadt Sindelfingen<\/a><\/p>\n<p style=\"text-align: left\"><a href=\"https:\/\/sindelfingen.org\/\">Citymarketing Sindelfingen<\/a><\/p>\n<p style=\"text-align: left\"><a href=\"https:\/\/www.ev-kirche-sindelfingen.de\/\">evangelische Kirchen Sindelfingen<\/a><\/p>\n<p>[\/vc_column_text][\/vc_column][\/vc_row]<\/p>\n<\/div>","protected":false},"excerpt":{"rendered":"<p>[vc_row][vc_column][vc_empty_space][vc_column_text] \u00dcber den Weltladen Sindelfingen und seine Projekte [\/vc_column_text][vc_column_text]1985 wurde der Verein AG Eine Welt Sindelfingen e.V. gegr\u00fcndet. Er betreibt seither den Weltladen am Schw\u00e4tzweiberbrunnen. Wir sind ein Team von 30 Engagierten, die in Sindelfingen, gut vernetzt mit den Kirchen und der Stadt, den Weltladen ehrenamtlich betreiben. Wir setzen uns daf\u00fcr ein, dass Menschen \u00fcberall&hellip;<\/p>\n","protected":false},"author":1,"featured_media":0,"parent":0,"menu_order":4,"comment_status":"closed","ping_status":"closed","template":"","meta":{"footnotes":""},"class_list":["post-219","page","type-page","status-publish","hentry","description-off"],"yoast_head":"<!-- This site is optimized with the Yoast SEO plugin v26.8 - https:\/\/yoast.com\/product\/yoast-seo-wordpress\/ -->\n<title>\u00dcber uns - Weltladen Sindelfingen<\/title>\n<meta name=\"description\" content=\"Mitmachen im Weltladen Sindelfingen\" \/>\n<meta name=\"robots\" content=\"index, follow, max-snippet:-1, max-image-preview:large, max-video-preview:-1\" \/>\n<link rel=\"canonical\" href=\"https:\/\/weltlaeden.de\/sindelfingen\/ueber-uns\/\" \/>\n<meta property=\"og:locale\" content=\"de_DE\" \/>\n<meta property=\"og:type\" content=\"article\" \/>\n<meta property=\"og:title\" content=\"\u00dcber uns - Weltladen Sindelfingen\" \/>\n<meta property=\"og:description\" content=\"Mitmachen im Weltladen Sindelfingen\" \/>\n<meta property=\"og:url\" content=\"https:\/\/weltlaeden.de\/sindelfingen\/ueber-uns\/\" \/>\n<meta property=\"og:site_name\" content=\"Weltladen Sindelfingen\" \/>\n<meta property=\"article:modified_time\" content=\"2026-01-30T15:28:41+00:00\" \/>\n<meta property=\"og:image\" content=\"https:\/\/weltlaeden.de\/sindelfingen\/wp-content\/uploads\/sites\/95\/2025\/10\/20250930_114621-scaled.jpg\" \/>\n\t<meta property=\"og:image:width\" content=\"2560\" \/>\n\t<meta property=\"og:image:height\" content=\"2560\" \/>\n\t<meta property=\"og:image:type\" content=\"image\/jpeg\" \/>\n<meta name=\"twitter:card\" content=\"summary_large_image\" \/>\n<meta name=\"twitter:label1\" content=\"Gesch\u00e4tzte Lesezeit\" \/>\n\t<meta name=\"twitter:data1\" content=\"5\u00a0Minuten\" \/>\n<script type=\"application\/ld+json\" class=\"yoast-schema-graph\">{\"@context\":\"https:\/\/schema.org\",\"@graph\":[{\"@type\":\"WebPage\",\"@id\":\"https:\/\/weltlaeden.de\/sindelfingen\/ueber-uns\/\",\"url\":\"https:\/\/weltlaeden.de\/sindelfingen\/ueber-uns\/\",\"name\":\"\u00dcber uns - Weltladen Sindelfingen\",\"isPartOf\":{\"@id\":\"https:\/\/weltlaeden.de\/sindelfingen\/#website\"},\"primaryImageOfPage\":{\"@id\":\"https:\/\/weltlaeden.de\/sindelfingen\/ueber-uns\/#primaryimage\"},\"image\":{\"@id\":\"https:\/\/weltlaeden.de\/sindelfingen\/ueber-uns\/#primaryimage\"},\"thumbnailUrl\":\"https:\/\/weltlaeden.de\/sindelfingen\/wp-content\/uploads\/sites\/95\/2025\/10\/20250930_114621-300x300.jpg\",\"datePublished\":\"2016-10-28T11:34:47+00:00\",\"dateModified\":\"2026-01-30T15:28:41+00:00\",\"description\":\"Mitmachen im Weltladen Sindelfingen\",\"breadcrumb\":{\"@id\":\"https:\/\/weltlaeden.de\/sindelfingen\/ueber-uns\/#breadcrumb\"},\"inLanguage\":\"de\",\"potentialAction\":[{\"@type\":\"ReadAction\",\"target\":[\"https:\/\/weltlaeden.de\/sindelfingen\/ueber-uns\/\"]}]},{\"@type\":\"ImageObject\",\"inLanguage\":\"de\",\"@id\":\"https:\/\/weltlaeden.de\/sindelfingen\/ueber-uns\/#primaryimage\",\"url\":\"https:\/\/weltlaeden.de\/sindelfingen\/wp-content\/uploads\/sites\/95\/2025\/10\/20250930_114621-scaled.jpg\",\"contentUrl\":\"https:\/\/weltlaeden.de\/sindelfingen\/wp-content\/uploads\/sites\/95\/2025\/10\/20250930_114621-scaled.jpg\",\"width\":2560,\"height\":2560},{\"@type\":\"BreadcrumbList\",\"@id\":\"https:\/\/weltlaeden.de\/sindelfingen\/ueber-uns\/#breadcrumb\",\"itemListElement\":[{\"@type\":\"ListItem\",\"position\":1,\"name\":\"Startseite\",\"item\":\"https:\/\/weltlaeden.de\/sindelfingen\/\"},{\"@type\":\"ListItem\",\"position\":2,\"name\":\"\u00dcber uns\"}]},{\"@type\":\"WebSite\",\"@id\":\"https:\/\/weltlaeden.de\/sindelfingen\/#website\",\"url\":\"https:\/\/weltlaeden.de\/sindelfingen\/\",\"name\":\"Weltladen Sindelfingen\",\"description\":\"Faire Produkte seit 1990\",\"potentialAction\":[{\"@type\":\"SearchAction\",\"target\":{\"@type\":\"EntryPoint\",\"urlTemplate\":\"https:\/\/weltlaeden.de\/sindelfingen\/?s={search_term_string}\"},\"query-input\":{\"@type\":\"PropertyValueSpecification\",\"valueRequired\":true,\"valueName\":\"search_term_string\"}}],\"inLanguage\":\"de\"}]}<\/script>\n<!-- \/ Yoast SEO plugin. -->","yoast_head_json":{"title":"\u00dcber uns - Weltladen Sindelfingen","description":"Mitmachen im Weltladen Sindelfingen","robots":{"index":"index","follow":"follow","max-snippet":"max-snippet:-1","max-image-preview":"max-image-preview:large","max-video-preview":"max-video-preview:-1"},"canonical":"https:\/\/weltlaeden.de\/sindelfingen\/ueber-uns\/","og_locale":"de_DE","og_type":"article","og_title":"\u00dcber uns - Weltladen Sindelfingen","og_description":"Mitmachen im Weltladen Sindelfingen","og_url":"https:\/\/weltlaeden.de\/sindelfingen\/ueber-uns\/","og_site_name":"Weltladen Sindelfingen","article_modified_time":"2026-01-30T15:28:41+00:00","og_image":[{"width":2560,"height":2560,"url":"https:\/\/weltlaeden.de\/sindelfingen\/wp-content\/uploads\/sites\/95\/2025\/10\/20250930_114621-scaled.jpg","type":"image\/jpeg"}],"twitter_card":"summary_large_image","twitter_misc":{"Gesch\u00e4tzte Lesezeit":"5\u00a0Minuten"},"schema":{"@context":"https:\/\/schema.org","@graph":[{"@type":"WebPage","@id":"https:\/\/weltlaeden.de\/sindelfingen\/ueber-uns\/","url":"https:\/\/weltlaeden.de\/sindelfingen\/ueber-uns\/","name":"\u00dcber uns - Weltladen Sindelfingen","isPartOf":{"@id":"https:\/\/weltlaeden.de\/sindelfingen\/#website"},"primaryImageOfPage":{"@id":"https:\/\/weltlaeden.de\/sindelfingen\/ueber-uns\/#primaryimage"},"image":{"@id":"https:\/\/weltlaeden.de\/sindelfingen\/ueber-uns\/#primaryimage"},"thumbnailUrl":"https:\/\/weltlaeden.de\/sindelfingen\/wp-content\/uploads\/sites\/95\/2025\/10\/20250930_114621-300x300.jpg","datePublished":"2016-10-28T11:34:47+00:00","dateModified":"2026-01-30T15:28:41+00:00","description":"Mitmachen im Weltladen Sindelfingen","breadcrumb":{"@id":"https:\/\/weltlaeden.de\/sindelfingen\/ueber-uns\/#breadcrumb"},"inLanguage":"de","potentialAction":[{"@type":"ReadAction","target":["https:\/\/weltlaeden.de\/sindelfingen\/ueber-uns\/"]}]},{"@type":"ImageObject","inLanguage":"de","@id":"https:\/\/weltlaeden.de\/sindelfingen\/ueber-uns\/#primaryimage","url":"https:\/\/weltlaeden.de\/sindelfingen\/wp-content\/uploads\/sites\/95\/2025\/10\/20250930_114621-scaled.jpg","contentUrl":"https:\/\/weltlaeden.de\/sindelfingen\/wp-content\/uploads\/sites\/95\/2025\/10\/20250930_114621-scaled.jpg","width":2560,"height":2560},{"@type":"BreadcrumbList","@id":"https:\/\/weltlaeden.de\/sindelfingen\/ueber-uns\/#breadcrumb","itemListElement":[{"@type":"ListItem","position":1,"name":"Startseite","item":"https:\/\/weltlaeden.de\/sindelfingen\/"},{"@type":"ListItem","position":2,"name":"\u00dcber uns"}]},{"@type":"WebSite","@id":"https:\/\/weltlaeden.de\/sindelfingen\/#website","url":"https:\/\/weltlaeden.de\/sindelfingen\/","name":"Weltladen Sindelfingen","description":"Faire Produkte seit 1990","potentialAction":[{"@type":"SearchAction","target":{"@type":"EntryPoint","urlTemplate":"https:\/\/weltlaeden.de\/sindelfingen\/?s={search_term_string}"},"query-input":{"@type":"PropertyValueSpecification","valueRequired":true,"valueName":"search_term_string"}}],"inLanguage":"de"}]}},"_links":{"self":[{"href":"https:\/\/weltlaeden.de\/sindelfingen\/wp-json\/wp\/v2\/pages\/219","targetHints":{"allow":["GET"]}}],"collection":[{"href":"https:\/\/weltlaeden.de\/sindelfingen\/wp-json\/wp\/v2\/pages"}],"about":[{"href":"https:\/\/weltlaeden.de\/sindelfingen\/wp-json\/wp\/v2\/types\/page"}],"author":[{"embeddable":true,"href":"https:\/\/weltlaeden.de\/sindelfingen\/wp-json\/wp\/v2\/users\/1"}],"replies":[{"embeddable":true,"href":"https:\/\/weltlaeden.de\/sindelfingen\/wp-json\/wp\/v2\/comments?post=219"}],"version-history":[{"count":28,"href":"https:\/\/weltlaeden.de\/sindelfingen\/wp-json\/wp\/v2\/pages\/219\/revisions"}],"predecessor-version":[{"id":947,"href":"https:\/\/weltlaeden.de\/sindelfingen\/wp-json\/wp\/v2\/pages\/219\/revisions\/947"}],"wp:attachment":[{"href":"https:\/\/weltlaeden.de\/sindelfingen\/wp-json\/wp\/v2\/media?parent=219"}],"curies":[{"name":"wp","href":"https:\/\/api.w.org\/{rel}","templated":true}]}}