{"id":20,"date":"2016-10-14T09:05:21","date_gmt":"2016-10-14T07:05:21","guid":{"rendered":"https:\/\/wl.heimpixel.de\/vorlage\/weltladen-musterdorf\/"},"modified":"2026-01-30T16:32:38","modified_gmt":"2026-01-30T15:32:38","slug":"weltladen-musterdorf","status":"publish","type":"page","link":"https:\/\/weltlaeden.de\/sindelfingen\/","title":{"rendered":"Weltladen Sindelfingen"},"content":{"rendered":"<div class=\"wpb-content-wrapper\"><p>[vc_row][vc_column][vc_single_image image=&#8220;617&#8243; img_size=&#8220;full&#8220; style=&#8220;vc_box_rounded&#8220; css=&#8220;&#8220;][vc_empty_space height=&#8220;20px&#8220;][\/vc_column][\/vc_row][vc_row][vc_column][vc_column_text]<\/p>\n<h1 style=\"text-align: left\">Willkommen im Weltladen Sindelfingen am Schw\u00e4tzweiberbrunnen!<\/h1>\n<p>[\/vc_column_text][vc_column_text]Herzlich willkommen bei Ihrem Fachgesch\u00e4ft f\u00fcr fairen Handel im historischen Zentrum Sindelfingens, zwischen Fachwerkh\u00e4usern und der Martinskirche.<\/p>\n<p>Neben verschiedenen Lebensmitteln gibt es besondere Geschenkartikel, Schmuck, Lederwaren und vieles mehr zu entdecken.<\/p>\n<p>Bei uns k\u00f6nnen Sie nach Herzenslust st\u00f6bern!<\/p>\n<p>Wir freuen uns auf Ihren Besuch.[\/vc_column_text][vc_empty_space height=&#8220;30px&#8220;][\/vc_column][\/vc_row][vc_row][vc_column][vc_column_text]<\/p>\n<h2>Was Sie auf dieser Website finden:<\/h2>\n<p>[\/vc_column_text][vc_empty_space height=&#8220;20px&#8220;][vc_row_inner][vc_column_inner width=&#8220;1\/4&#8243;]<div class=\"wl_einzelbild\"><p><img loading=\"lazy\" decoding=\"async\" class=\"alignnone size-thumbnail wp-image-nsm-3-3\" src=\"https:\/\/weltlaeden.de\/sindelfingen\/wp-content\/uploads\/sites\/3\/2016\/10\/fair-1505686_1920-150x150.jpg\" alt=\"\" width=\"150\" height=\"150\" \/><\/p><\/div>[\/vc_column_inner][vc_column_inner width=&#8220;3\/4&#8243;][vc_column_text]<\/p>\n<h3>Fairer Handel<\/h3>\n<p>Was meint Fairer Handel \u00fcberhaupt? Welche Kriterien m\u00fcssen eingehalten werden und wer \u00fcberpr\u00fcft diese? <a href=\"https:\/\/weltlaeden.de\/sindelfingen\/fairer-handel\/\">Erfahren Sie mehr &#8230;<\/a>[\/vc_column_text][\/vc_column_inner][\/vc_row_inner][vc_separator][vc_row_inner][vc_column_inner width=&#8220;1\/4&#8243;]<div class=\"wl_einzelbild\"><p><img loading=\"lazy\" decoding=\"async\" class=\"alignnone wp-image-822 size-thumbnail\" src=\"https:\/\/weltlaeden.de\/sindelfingen\/wp-content\/uploads\/sites\/95\/2024\/06\/Contigo_Faecher-150x150.jpg\" alt=\"\" width=\"150\" height=\"150\" srcset=\"https:\/\/weltlaeden.de\/sindelfingen\/wp-content\/uploads\/sites\/95\/2024\/06\/Contigo_Faecher-150x150.jpg 150w, https:\/\/weltlaeden.de\/sindelfingen\/wp-content\/uploads\/sites\/95\/2024\/06\/Contigo_Faecher-300x300.jpg 300w, https:\/\/weltlaeden.de\/sindelfingen\/wp-content\/uploads\/sites\/95\/2024\/06\/Contigo_Faecher-768x768.jpg 768w, https:\/\/weltlaeden.de\/sindelfingen\/wp-content\/uploads\/sites\/95\/2024\/06\/Contigo_Faecher.jpg 800w\" sizes=\"auto, (max-width: 150px) 100vw, 150px\" \/><\/p><\/div>[\/vc_column_inner][vc_column_inner width=&#8220;3\/4&#8243;][vc_column_text]<\/p>\n<h3>Produkte<\/h3>\n<p>Unsere Produkte im Weltladen sind nat\u00fcrlich alle aus Fairem Handel, dennoch kommen sie von unterschiedlichen Fair-Handels-Importeuren. <a href=\"https:\/\/weltlaeden.de\/sindelfingen\/produkte\/\">Hier zeigen wir Ihnen unser Sortiment &#8230;<\/a>[\/vc_column_text][\/vc_column_inner][\/vc_row_inner][vc_separator][vc_row_inner][vc_column_inner width=&#8220;1\/4&#8243;]<div class=\"wl_einzelbild\"><p><img loading=\"lazy\" decoding=\"async\" class=\"alignnone wp-image-775 size-thumbnail\" src=\"https:\/\/weltlaeden.de\/sindelfingen\/wp-content\/uploads\/sites\/95\/2023\/05\/Shamwari_Basket__African_Print_Collection-150x150.jpg\" alt=\"\" width=\"150\" height=\"150\" \/><\/p><\/div>[\/vc_column_inner][vc_column_inner width=&#8220;3\/4&#8243;][vc_column_text]<\/p>\n<h3>\u00dcber uns<\/h3>\n<p>Wer wir sind, warum wir uns f\u00fcr Fairen Handel engagieren und wie man bei uns mitmachen kann &#8211; <a href=\"https:\/\/weltlaeden.de\/sindelfingen\/ueber-uns\/\">hier stellen wir uns vor &#8230;<\/a>[\/vc_column_text][\/vc_column_inner][\/vc_row_inner][vc_separator][vc_row_inner][vc_column_inner width=&#8220;1\/4&#8243;]<div class=\"wl_einzelbild\"><p><img loading=\"lazy\" decoding=\"async\" class=\"alignleft size-full wp-image-nsm-3-35\" src=\"https:\/\/weltlaeden.de\/sindelfingen\/wp-content\/uploads\/sites\/3\/2018\/08\/pocket-watch-1637396_1920_150x150.png\" alt=\"\" width=\"150\" height=\"150\" \/><\/p><\/div>[\/vc_column_inner][vc_column_inner width=&#8220;3\/4&#8243;][vc_column_text]<\/p>\n<h3>Termine<\/h3>\n<p>Bei uns ist immer etwas los! Wir treffen uns regelm\u00e4\u00dfig zu Teamsitzungen und Fortbildungen, organisieren aber auch immer mal wieder eine Veranstaltung zum Fairen Handel und verwandten Themen. <a href=\"https:\/\/weltlaeden.de\/sindelfingen\/termin\/\">Hier erfahren Sie was bei uns los ist \u2026<\/a>[\/vc_column_text][\/vc_column_inner][\/vc_row_inner][vc_separator][vc_empty_space][\/vc_column][\/vc_row][vc_row][vc_column][\/vc_column][\/vc_row][vc_row][vc_column][vc_column_text]<\/p>\n<h2>Neuigkeiten<\/h2>\n<p>[\/vc_column_text]<section class=\"items-grid wf-container\"><div class=\"wf-cell wf-1-2\"><article class=\"post-format-standard\"><div class=\"mini-post-img\"><a class=\"alignleft post-rollover layzr-bg\" href=\"https:\/\/weltlaeden.de\/sindelfingen\/kokos-fussmatten\/\" aria-label=\"Post image\"><img decoding=\"async\" class=\"preload-me lazy-load aspect\" src=\"data:image\/svg+xml,%3Csvg%20xmlns%3D&#39;http%3A%2F%2Fwww.w3.org%2F2000%2Fsvg&#39;%20viewBox%3D&#39;0%200%2060%2060&#39;%2F%3E\" data-src=\"https:\/\/weltlaeden.de\/sindelfingen\/wp-content\/uploads\/sites\/95\/2026\/01\/Graswurzel_Kusuma-1.jpg-60x60.jpeg\" data-srcset=\"https:\/\/weltlaeden.de\/sindelfingen\/wp-content\/uploads\/sites\/95\/2026\/01\/Graswurzel_Kusuma-1.jpg-60x60.jpeg 60w, https:\/\/weltlaeden.de\/sindelfingen\/wp-content\/uploads\/sites\/95\/2026\/01\/Graswurzel_Kusuma-1.jpg-120x120.jpeg 120w\" loading=\"eager\" style=\"--ratio: 60 \/ 60\" sizes=\"(max-width: 60px) 100vw, 60px\" width=\"60\" height=\"60\"  alt=\"\" \/><\/a><\/div><div class=\"post-content\"><a href=\"https:\/\/weltlaeden.de\/sindelfingen\/kokos-fussmatten\/\">Kokos-Fu\u00dfmatten<\/a><br \/><time class=\"text-secondary\" datetime=\"2026-01-29T17:20:02+01:00\">29. Januar 2026<\/time><\/div><\/article><\/div><div class=\"wf-cell wf-1-2\"><article class=\"post-format-standard\"><div class=\"mini-post-img\"><a class=\"alignleft post-rollover layzr-bg\" href=\"https:\/\/weltlaeden.de\/sindelfingen\/bunte-socken\/\" aria-label=\"Post image\"><img decoding=\"async\" class=\"preload-me lazy-load aspect\" src=\"data:image\/svg+xml,%3Csvg%20xmlns%3D&#39;http%3A%2F%2Fwww.w3.org%2F2000%2Fsvg&#39;%20viewBox%3D&#39;0%200%2060%2060&#39;%2F%3E\" data-src=\"https:\/\/weltlaeden.de\/sindelfingen\/wp-content\/uploads\/sites\/95\/2026\/01\/fair-trade-socken-gepa.jpg-60x60.jpeg\" data-srcset=\"https:\/\/weltlaeden.de\/sindelfingen\/wp-content\/uploads\/sites\/95\/2026\/01\/fair-trade-socken-gepa.jpg-60x60.jpeg 60w, https:\/\/weltlaeden.de\/sindelfingen\/wp-content\/uploads\/sites\/95\/2026\/01\/fair-trade-socken-gepa.jpg-120x120.jpeg 120w\" loading=\"eager\" style=\"--ratio: 60 \/ 60\" sizes=\"(max-width: 60px) 100vw, 60px\" width=\"60\" height=\"60\"  alt=\"\" \/><\/a><\/div><div class=\"post-content\"><a href=\"https:\/\/weltlaeden.de\/sindelfingen\/bunte-socken\/\">bunte Socken<\/a><br \/><time class=\"text-secondary\" datetime=\"2026-01-29T17:18:34+01:00\">29. Januar 2026<\/time><\/div><\/article><\/div><div class=\"wf-cell wf-1-2\"><article class=\"post-format-standard\"><div class=\"mini-post-img\"><a class=\"alignleft post-rollover layzr-bg\" href=\"https:\/\/weltlaeden.de\/sindelfingen\/schokoladenneuheut\/\" aria-label=\"Post image\"><img decoding=\"async\" class=\"preload-me lazy-load aspect\" src=\"data:image\/svg+xml,%3Csvg%20xmlns%3D&#39;http%3A%2F%2Fwww.w3.org%2F2000%2Fsvg&#39;%20viewBox%3D&#39;0%200%2060%2060&#39;%2F%3E\" data-src=\"https:\/\/weltlaeden.de\/sindelfingen\/wp-content\/uploads\/sites\/95\/2025\/12\/Segelschokolade_ElPuente-scaled-60x60.jpg\" data-srcset=\"https:\/\/weltlaeden.de\/sindelfingen\/wp-content\/uploads\/sites\/95\/2025\/12\/Segelschokolade_ElPuente-scaled-60x60.jpg 60w, https:\/\/weltlaeden.de\/sindelfingen\/wp-content\/uploads\/sites\/95\/2025\/12\/Segelschokolade_ElPuente-scaled-120x120.jpg 120w\" loading=\"eager\" style=\"--ratio: 60 \/ 60\" sizes=\"(max-width: 60px) 100vw, 60px\" width=\"60\" height=\"60\"  alt=\"\" \/><\/a><\/div><div class=\"post-content\"><a href=\"https:\/\/weltlaeden.de\/sindelfingen\/schokoladenneuheut\/\">Schokoladenneuheit<\/a><br \/><time class=\"text-secondary\" datetime=\"2025-12-14T22:26:27+01:00\">14. Dezember 2025<\/time><\/div><\/article><\/div><div class=\"wf-cell wf-1-2\"><article class=\"post-format-standard\"><div class=\"mini-post-img\"><a class=\"alignleft post-rollover layzr-bg\" href=\"https:\/\/weltlaeden.de\/sindelfingen\/delegation-aus-burkina-faso\/\" aria-label=\"Post image\"><img decoding=\"async\" class=\"preload-me lazy-load aspect\" src=\"data:image\/svg+xml,%3Csvg%20xmlns%3D&#39;http%3A%2F%2Fwww.w3.org%2F2000%2Fsvg&#39;%20viewBox%3D&#39;0%200%2060%2060&#39;%2F%3E\" data-src=\"https:\/\/weltlaeden.de\/sindelfingen\/wp-content\/uploads\/sites\/95\/2025\/10\/20250930_114621-scaled-60x60.jpg\" data-srcset=\"https:\/\/weltlaeden.de\/sindelfingen\/wp-content\/uploads\/sites\/95\/2025\/10\/20250930_114621-scaled-60x60.jpg 60w, https:\/\/weltlaeden.de\/sindelfingen\/wp-content\/uploads\/sites\/95\/2025\/10\/20250930_114621-scaled-120x120.jpg 120w\" loading=\"eager\" style=\"--ratio: 60 \/ 60\" sizes=\"(max-width: 60px) 100vw, 60px\" width=\"60\" height=\"60\"  alt=\"\" \/><\/a><\/div><div class=\"post-content\"><a href=\"https:\/\/weltlaeden.de\/sindelfingen\/delegation-aus-burkina-faso\/\">Delegation aus Burkina Faso<\/a><br \/><time class=\"text-secondary\" datetime=\"2025-10-08T21:10:15+02:00\">8. Oktober 2025<\/time><\/div><\/article><\/div><div class=\"wf-cell wf-1-2\"><article class=\"post-format-standard\"><div class=\"mini-post-img\"><a class=\"alignleft post-rollover layzr-bg\" href=\"https:\/\/weltlaeden.de\/sindelfingen\/kapula-geschirr\/\" aria-label=\"Post image\"><img decoding=\"async\" class=\"preload-me lazy-load aspect\" src=\"data:image\/svg+xml,%3Csvg%20xmlns%3D&#39;http%3A%2F%2Fwww.w3.org%2F2000%2Fsvg&#39;%20viewBox%3D&#39;0%200%2060%2060&#39;%2F%3E\" data-src=\"https:\/\/weltlaeden.de\/sindelfingen\/wp-content\/uploads\/sites\/95\/2025\/05\/kapula-scaled-60x60.jpg\" data-srcset=\"https:\/\/weltlaeden.de\/sindelfingen\/wp-content\/uploads\/sites\/95\/2025\/05\/kapula-scaled-60x60.jpg 60w, https:\/\/weltlaeden.de\/sindelfingen\/wp-content\/uploads\/sites\/95\/2025\/05\/kapula-scaled-120x120.jpg 120w\" loading=\"eager\" style=\"--ratio: 60 \/ 60\" sizes=\"(max-width: 60px) 100vw, 60px\" width=\"60\" height=\"60\"  alt=\"\" \/><\/a><\/div><div class=\"post-content\"><a href=\"https:\/\/weltlaeden.de\/sindelfingen\/kapula-geschirr\/\">Kapula-Geschirr<\/a><br \/><time class=\"text-secondary\" datetime=\"2025-05-04T18:34:54+02:00\">4. Mai 2025<\/time><\/div><\/article><\/div><div class=\"wf-cell wf-1-2\"><article class=\"post-format-standard\"><div class=\"mini-post-img\"><a class=\"alignleft post-rollover layzr-bg\" href=\"https:\/\/weltlaeden.de\/sindelfingen\/die-sonne-einfangen\/\" aria-label=\"Post image\"><img decoding=\"async\" class=\"preload-me lazy-load aspect\" src=\"data:image\/svg+xml,%3Csvg%20xmlns%3D&#39;http%3A%2F%2Fwww.w3.org%2F2000%2Fsvg&#39;%20viewBox%3D&#39;0%200%2060%2060&#39;%2F%3E\" data-src=\"https:\/\/weltlaeden.de\/sindelfingen\/wp-content\/uploads\/sites\/95\/2023\/01\/Sonnenglas_Blauer_Engel-60x60.jpg\" data-srcset=\"https:\/\/weltlaeden.de\/sindelfingen\/wp-content\/uploads\/sites\/95\/2023\/01\/Sonnenglas_Blauer_Engel-60x60.jpg 60w, https:\/\/weltlaeden.de\/sindelfingen\/wp-content\/uploads\/sites\/95\/2023\/01\/Sonnenglas_Blauer_Engel-120x120.jpg 120w\" loading=\"eager\" style=\"--ratio: 60 \/ 60\" sizes=\"(max-width: 60px) 100vw, 60px\" width=\"60\" height=\"60\"  alt=\"\" \/><\/a><\/div><div class=\"post-content\"><a href=\"https:\/\/weltlaeden.de\/sindelfingen\/die-sonne-einfangen\/\">Die Sonne einfangen &#8211; Auszeichnung &#8222;Blauer Engel&#8220;<\/a><br \/><time class=\"text-secondary\" datetime=\"2024-07-30T08:51:38+02:00\">30. Juli 2024<\/time><\/div><\/article><\/div><\/section><a href=\"https:\/\/weltlaeden.de\/sindelfingen\/neuigkeiten\" class=\"btn-shortcode dt-btn-s dt-btn default-btn-color default-btn-hover-color default-btn-bg-color default-btn-bg-hover-color\" target=\"_blank\" id=\"dt-btn-1\" rel=\"noopener\"><span>Alle Neuigkeiten<\/span><\/a>[\/vc_column][\/vc_row]<\/p>\n<\/div>","protected":false},"excerpt":{"rendered":"<p>[vc_row][vc_column][vc_single_image image=&#8220;617&#8243; img_size=&#8220;full&#8220; style=&#8220;vc_box_rounded&#8220; css=&#8220;&#8220;][vc_empty_space height=&#8220;20px&#8220;][\/vc_column][\/vc_row][vc_row][vc_column][vc_column_text] Willkommen im Weltladen Sindelfingen am Schw\u00e4tzweiberbrunnen! [\/vc_column_text][vc_column_text]Herzlich willkommen bei Ihrem Fachgesch\u00e4ft f\u00fcr fairen Handel im historischen Zentrum Sindelfingens, zwischen Fachwerkh\u00e4usern und der Martinskirche. Neben verschiedenen Lebensmitteln gibt es besondere Geschenkartikel, Schmuck, Lederwaren und vieles mehr zu entdecken. Bei uns k\u00f6nnen Sie nach Herzenslust st\u00f6bern! Wir freuen uns auf Ihren&hellip;<\/p>\n","protected":false},"author":1,"featured_media":0,"parent":0,"menu_order":0,"comment_status":"closed","ping_status":"closed","template":"","meta":{"footnotes":""},"class_list":["post-20","page","type-page","status-publish","hentry","description-off"],"yoast_head":"<!-- This site is optimized with the Yoast SEO plugin v26.8 - https:\/\/yoast.com\/product\/yoast-seo-wordpress\/ -->\n<title>Weltladen Sindelfingen - Weltladen Sindelfingen<\/title>\n<meta name=\"robots\" content=\"index, follow, max-snippet:-1, max-image-preview:large, max-video-preview:-1\" \/>\n<link rel=\"canonical\" href=\"https:\/\/weltlaeden.de\/sindelfingen\/\" \/>\n<meta property=\"og:locale\" content=\"de_DE\" \/>\n<meta property=\"og:type\" content=\"article\" \/>\n<meta property=\"og:title\" content=\"Weltladen Sindelfingen - Weltladen Sindelfingen\" \/>\n<meta property=\"og:description\" content=\"[vc_row][vc_column][vc_single_image image=&#8220;617&#8243; img_size=&#8220;full&#8220; style=&#8220;vc_box_rounded&#8220; css=&#8220;&#8220;][vc_empty_space height=&#8220;20px&#8220;][\/vc_column][\/vc_row][vc_row][vc_column][vc_column_text] Willkommen im Weltladen Sindelfingen am Schw\u00e4tzweiberbrunnen! [\/vc_column_text][vc_column_text]Herzlich willkommen bei Ihrem Fachgesch\u00e4ft f\u00fcr fairen Handel im historischen Zentrum Sindelfingens, zwischen Fachwerkh\u00e4usern und der Martinskirche. Neben verschiedenen Lebensmitteln gibt es besondere Geschenkartikel, Schmuck, Lederwaren und vieles mehr zu entdecken. Bei uns k\u00f6nnen Sie nach Herzenslust st\u00f6bern! Wir freuen uns auf Ihren&hellip;\" \/>\n<meta property=\"og:url\" content=\"https:\/\/weltlaeden.de\/sindelfingen\/\" \/>\n<meta property=\"og:site_name\" content=\"Weltladen Sindelfingen\" \/>\n<meta property=\"article:modified_time\" content=\"2026-01-30T15:32:38+00:00\" \/>\n<meta property=\"og:image\" content=\"https:\/\/weltlaeden.de\/sindelfingen\/wp-content\/uploads\/sites\/3\/2016\/10\/fair-1505686_1920-150x150.jpg\" \/>\n<meta name=\"twitter:card\" content=\"summary_large_image\" \/>\n<meta name=\"twitter:label1\" content=\"Gesch\u00e4tzte Lesezeit\" \/>\n\t<meta name=\"twitter:data1\" content=\"2\u00a0Minuten\" \/>\n<script type=\"application\/ld+json\" class=\"yoast-schema-graph\">{\"@context\":\"https:\/\/schema.org\",\"@graph\":[{\"@type\":\"WebPage\",\"@id\":\"https:\/\/weltlaeden.de\/sindelfingen\/\",\"url\":\"https:\/\/weltlaeden.de\/sindelfingen\/\",\"name\":\"Weltladen Sindelfingen - Weltladen Sindelfingen\",\"isPartOf\":{\"@id\":\"https:\/\/weltlaeden.de\/sindelfingen\/#website\"},\"primaryImageOfPage\":{\"@id\":\"https:\/\/weltlaeden.de\/sindelfingen\/#primaryimage\"},\"image\":{\"@id\":\"https:\/\/weltlaeden.de\/sindelfingen\/#primaryimage\"},\"thumbnailUrl\":\"https:\/\/weltlaeden.de\/sindelfingen\/wp-content\/uploads\/sites\/3\/2016\/10\/fair-1505686_1920-150x150.jpg\",\"datePublished\":\"2016-10-14T07:05:21+00:00\",\"dateModified\":\"2026-01-30T15:32:38+00:00\",\"breadcrumb\":{\"@id\":\"https:\/\/weltlaeden.de\/sindelfingen\/#breadcrumb\"},\"inLanguage\":\"de\",\"potentialAction\":[{\"@type\":\"ReadAction\",\"target\":[\"https:\/\/weltlaeden.de\/sindelfingen\/\"]}]},{\"@type\":\"ImageObject\",\"inLanguage\":\"de\",\"@id\":\"https:\/\/weltlaeden.de\/sindelfingen\/#primaryimage\",\"url\":\"https:\/\/weltlaeden.de\/sindelfingen\/wp-content\/uploads\/sites\/3\/2016\/10\/fair-1505686_1920-150x150.jpg\",\"contentUrl\":\"https:\/\/weltlaeden.de\/sindelfingen\/wp-content\/uploads\/sites\/3\/2016\/10\/fair-1505686_1920-150x150.jpg\"},{\"@type\":\"BreadcrumbList\",\"@id\":\"https:\/\/weltlaeden.de\/sindelfingen\/#breadcrumb\",\"itemListElement\":[{\"@type\":\"ListItem\",\"position\":1,\"name\":\"Startseite\",\"item\":\"https:\/\/weltlaeden.de\/sindelfingen\/\"},{\"@type\":\"ListItem\",\"position\":2,\"name\":\"Weltladen Sindelfingen\"}]},{\"@type\":\"WebSite\",\"@id\":\"https:\/\/weltlaeden.de\/sindelfingen\/#website\",\"url\":\"https:\/\/weltlaeden.de\/sindelfingen\/\",\"name\":\"Weltladen Sindelfingen\",\"description\":\"Faire Produkte seit 1990\",\"potentialAction\":[{\"@type\":\"SearchAction\",\"target\":{\"@type\":\"EntryPoint\",\"urlTemplate\":\"https:\/\/weltlaeden.de\/sindelfingen\/?s={search_term_string}\"},\"query-input\":{\"@type\":\"PropertyValueSpecification\",\"valueRequired\":true,\"valueName\":\"search_term_string\"}}],\"inLanguage\":\"de\"}]}<\/script>\n<!-- \/ Yoast SEO plugin. -->","yoast_head_json":{"title":"Weltladen Sindelfingen - Weltladen Sindelfingen","robots":{"index":"index","follow":"follow","max-snippet":"max-snippet:-1","max-image-preview":"max-image-preview:large","max-video-preview":"max-video-preview:-1"},"canonical":"https:\/\/weltlaeden.de\/sindelfingen\/","og_locale":"de_DE","og_type":"article","og_title":"Weltladen Sindelfingen - Weltladen Sindelfingen","og_description":"[vc_row][vc_column][vc_single_image image=&#8220;617&#8243; img_size=&#8220;full&#8220; style=&#8220;vc_box_rounded&#8220; css=&#8220;&#8220;][vc_empty_space height=&#8220;20px&#8220;][\/vc_column][\/vc_row][vc_row][vc_column][vc_column_text] Willkommen im Weltladen Sindelfingen am Schw\u00e4tzweiberbrunnen! [\/vc_column_text][vc_column_text]Herzlich willkommen bei Ihrem Fachgesch\u00e4ft f\u00fcr fairen Handel im historischen Zentrum Sindelfingens, zwischen Fachwerkh\u00e4usern und der Martinskirche. Neben verschiedenen Lebensmitteln gibt es besondere Geschenkartikel, Schmuck, Lederwaren und vieles mehr zu entdecken. Bei uns k\u00f6nnen Sie nach Herzenslust st\u00f6bern! Wir freuen uns auf Ihren&hellip;","og_url":"https:\/\/weltlaeden.de\/sindelfingen\/","og_site_name":"Weltladen Sindelfingen","article_modified_time":"2026-01-30T15:32:38+00:00","og_image":[{"url":"https:\/\/weltlaeden.de\/sindelfingen\/wp-content\/uploads\/sites\/3\/2016\/10\/fair-1505686_1920-150x150.jpg","type":"","width":"","height":""}],"twitter_card":"summary_large_image","twitter_misc":{"Gesch\u00e4tzte Lesezeit":"2\u00a0Minuten"},"schema":{"@context":"https:\/\/schema.org","@graph":[{"@type":"WebPage","@id":"https:\/\/weltlaeden.de\/sindelfingen\/","url":"https:\/\/weltlaeden.de\/sindelfingen\/","name":"Weltladen Sindelfingen - Weltladen Sindelfingen","isPartOf":{"@id":"https:\/\/weltlaeden.de\/sindelfingen\/#website"},"primaryImageOfPage":{"@id":"https:\/\/weltlaeden.de\/sindelfingen\/#primaryimage"},"image":{"@id":"https:\/\/weltlaeden.de\/sindelfingen\/#primaryimage"},"thumbnailUrl":"https:\/\/weltlaeden.de\/sindelfingen\/wp-content\/uploads\/sites\/3\/2016\/10\/fair-1505686_1920-150x150.jpg","datePublished":"2016-10-14T07:05:21+00:00","dateModified":"2026-01-30T15:32:38+00:00","breadcrumb":{"@id":"https:\/\/weltlaeden.de\/sindelfingen\/#breadcrumb"},"inLanguage":"de","potentialAction":[{"@type":"ReadAction","target":["https:\/\/weltlaeden.de\/sindelfingen\/"]}]},{"@type":"ImageObject","inLanguage":"de","@id":"https:\/\/weltlaeden.de\/sindelfingen\/#primaryimage","url":"https:\/\/weltlaeden.de\/sindelfingen\/wp-content\/uploads\/sites\/3\/2016\/10\/fair-1505686_1920-150x150.jpg","contentUrl":"https:\/\/weltlaeden.de\/sindelfingen\/wp-content\/uploads\/sites\/3\/2016\/10\/fair-1505686_1920-150x150.jpg"},{"@type":"BreadcrumbList","@id":"https:\/\/weltlaeden.de\/sindelfingen\/#breadcrumb","itemListElement":[{"@type":"ListItem","position":1,"name":"Startseite","item":"https:\/\/weltlaeden.de\/sindelfingen\/"},{"@type":"ListItem","position":2,"name":"Weltladen Sindelfingen"}]},{"@type":"WebSite","@id":"https:\/\/weltlaeden.de\/sindelfingen\/#website","url":"https:\/\/weltlaeden.de\/sindelfingen\/","name":"Weltladen Sindelfingen","description":"Faire Produkte seit 1990","potentialAction":[{"@type":"SearchAction","target":{"@type":"EntryPoint","urlTemplate":"https:\/\/weltlaeden.de\/sindelfingen\/?s={search_term_string}"},"query-input":{"@type":"PropertyValueSpecification","valueRequired":true,"valueName":"search_term_string"}}],"inLanguage":"de"}]}},"_links":{"self":[{"href":"https:\/\/weltlaeden.de\/sindelfingen\/wp-json\/wp\/v2\/pages\/20","targetHints":{"allow":["GET"]}}],"collection":[{"href":"https:\/\/weltlaeden.de\/sindelfingen\/wp-json\/wp\/v2\/pages"}],"about":[{"href":"https:\/\/weltlaeden.de\/sindelfingen\/wp-json\/wp\/v2\/types\/page"}],"author":[{"embeddable":true,"href":"https:\/\/weltlaeden.de\/sindelfingen\/wp-json\/wp\/v2\/users\/1"}],"replies":[{"embeddable":true,"href":"https:\/\/weltlaeden.de\/sindelfingen\/wp-json\/wp\/v2\/comments?post=20"}],"version-history":[{"count":83,"href":"https:\/\/weltlaeden.de\/sindelfingen\/wp-json\/wp\/v2\/pages\/20\/revisions"}],"predecessor-version":[{"id":899,"href":"https:\/\/weltlaeden.de\/sindelfingen\/wp-json\/wp\/v2\/pages\/20\/revisions\/899"}],"wp:attachment":[{"href":"https:\/\/weltlaeden.de\/sindelfingen\/wp-json\/wp\/v2\/media?parent=20"}],"curies":[{"name":"wp","href":"https:\/\/api.w.org\/{rel}","templated":true}]}}