{"id":217,"date":"2016-10-28T13:34:47","date_gmt":"2016-10-28T11:34:47","guid":{"rendered":"https:\/\/wl.heimpixel.de\/vorlage\/produkte\/"},"modified":"2023-12-21T20:48:47","modified_gmt":"2023-12-21T19:48:47","slug":"produkte","status":"publish","type":"page","link":"https:\/\/weltlaeden.de\/sigmaringen\/produkte\/","title":{"rendered":"Produkte"},"content":{"rendered":"<div class=\"wpb-content-wrapper\"><p>[vc_row][vc_column][vc_custom_heading text=&#8220;Unser Sortiment&#8220; font_container=&#8220;tag:h2|text_align:center|color:%23000000&#8243; google_fonts=&#8220;font_family:PT%20Serif%3Aregular%2Citalic%2C700%2C700italic|font_style:400%20italic%3A400%3Aitalic&#8220;][vc_column_text]<\/p>\n<p style=\"text-align: justify\">Viele Proukte, die wir im Weltladen Sigmaringen verkaufen, finden Sie unter den Internet-Adressen (Links) die im Folgenden aufgelistet sind. Gerne k\u00f6nnen Sie <strong>uns<\/strong> mit der Bestellung ihres gew\u00fcnschten Produkts beauftragen. Da auch unsere Verk\u00e4uferInnen ehrenamtlich arbeiten, kommt der erzielte Erl\u00f6s zu 100% den von uns unterst\u00fctzten <em><span style=\"color: #ff6600\"><a style=\"color: #ff6600\" href=\"https:\/\/weltlaeden.de\/sigmaringen\/projekte\/\"><span style=\"color: #ff6600\">Projekten<\/span><\/a><\/span><\/em> zu Gute. Schreiben Sie uns eine Mail, rufen Sie uns an oder kommen Sie bei Gelegeheit einfach bei uns im Laden vorbei. Wir freuen uns immer \u00fcber zahlreiche Besucher.<\/p>\n<p style=\"text-align: justify\">In unserem Sortiment finden Sie haupts\u00e4chlich Artikel von folgenden Importorganisationen.<\/p>\n<p>[\/vc_column_text][vc_row_inner][vc_column_inner width=&#8220;1\/2&#8243;][vc_column_text]<\/p>\n<ul>\n<li style=\"text-align: justify\"><a href=\"https:\/\/www.gepa.de\/home.html\"><em><span style=\"color: #ff6600\">gepa<\/span><\/em><\/a><\/li>\n<li style=\"text-align: justify\"><a href=\"https:\/\/www.globo-fairtrade.com\/\"><em><span style=\"color: #ff6600\">Globo<\/span><\/em><\/a><strong><br \/>\n<\/strong><\/li>\n<li style=\"text-align: justify\"><a href=\"https:\/\/www.akarfairtrade.de\/\"><em><span style=\"color: #ff6600\">akar<\/span><\/em><\/a><\/li>\n<li style=\"text-align: justify\"><a href=\"https:\/\/weltlaeden.de\/sigmaringen\/wp-content\/uploads\/sites\/134\/2020\/09\/Fairer-Handel.pdf\"><span style=\"color: #ff6600\"><em>dwp<\/em><\/span><\/a><\/li>\n<li style=\"text-align: justify\"><a href=\"https:\/\/www.el-puente.de\/\"><span style=\"color: #ff6600\"><em>el Puente<\/em><\/span><\/a><\/li>\n<li style=\"text-align: justify\"><a href=\"https:\/\/www.weltpartner.de\/de\"><span style=\"color: #ff6600\"><em>WeltPartner<\/em><\/span><\/a><\/li>\n<\/ul>\n<p>[\/vc_column_text][\/vc_column_inner][vc_column_inner width=&#8220;1\/2&#8243;][vc_empty_space height=&#8220;30px&#8220;][vc_icon icon_fontawesome=&#8220;fa fa-sign-language&#8220; color=&#8220;white&#8220; background_style=&#8220;rounded-less&#8220; background_color=&#8220;vista_blue&#8220; size=&#8220;xl&#8220; align=&#8220;center&#8220; link=&#8220;url:https%3A%2F%2Fweltlaeden.de%2Fsigmaringen%2Ffairer-handel%2F|||&#8220;][\/vc_column_inner][\/vc_row_inner][vc_empty_space height=&#8220;10px&#8220;][vc_separator color=&#8220;custom&#8220; border_width=&#8220;5&#8243; accent_color=&#8220;#ff6600&#8243;][\/vc_column][\/vc_row][vc_row][vc_column][vc_row_inner][vc_column_inner width=&#8220;1\/2&#8243;][\/vc_column_inner][vc_column_inner width=&#8220;1\/2&#8243;][\/vc_column_inner][\/vc_row_inner][\/vc_column][\/vc_row]<\/p>\n<\/div>","protected":false},"excerpt":{"rendered":"<p>[vc_row][vc_column][vc_custom_heading text=&#8220;Unser Sortiment&#8220; font_container=&#8220;tag:h2|text_align:center|color:%23000000&#8243; google_fonts=&#8220;font_family:PT%20Serif%3Aregular%2Citalic%2C700%2C700italic|font_style:400%20italic%3A400%3Aitalic&#8220;][vc_column_text] Viele Proukte, die wir im Weltladen Sigmaringen verkaufen, finden Sie unter den Internet-Adressen (Links) die im Folgenden aufgelistet sind. Gerne k\u00f6nnen Sie uns mit der Bestellung ihres gew\u00fcnschten Produkts beauftragen. Da auch unsere Verk\u00e4uferInnen ehrenamtlich arbeiten, kommt der erzielte Erl\u00f6s zu 100% den von uns unterst\u00fctzten Projekten zu Gute. Schreiben&hellip;<\/p>\n","protected":false},"author":1,"featured_media":0,"parent":0,"menu_order":3,"comment_status":"closed","ping_status":"closed","template":"","meta":{"footnotes":""},"class_list":["post-217","page","type-page","status-publish","hentry","description-off"],"yoast_head":"<!-- This site is optimized with the Yoast SEO plugin v26.8 - https:\/\/yoast.com\/product\/yoast-seo-wordpress\/ -->\n<title>Produkte - Weltladen Sigmaringen<\/title>\n<meta name=\"robots\" content=\"index, follow, max-snippet:-1, max-image-preview:large, max-video-preview:-1\" \/>\n<link rel=\"canonical\" href=\"https:\/\/weltlaeden.de\/sigmaringen\/produkte\/\" \/>\n<meta property=\"og:locale\" content=\"de_DE\" \/>\n<meta property=\"og:type\" content=\"article\" \/>\n<meta property=\"og:title\" content=\"Produkte - Weltladen Sigmaringen\" \/>\n<meta property=\"og:description\" content=\"[vc_row][vc_column][vc_custom_heading text=&#8220;Unser Sortiment&#8220; font_container=&#8220;tag:h2|text_align:center|color:%23000000&#8243; google_fonts=&#8220;font_family:PT%20Serif%3Aregular%2Citalic%2C700%2C700italic|font_style:400%20italic%3A400%3Aitalic&#8220;][vc_column_text] Viele Proukte, die wir im Weltladen Sigmaringen verkaufen, finden Sie unter den Internet-Adressen (Links) die im Folgenden aufgelistet sind. Gerne k\u00f6nnen Sie uns mit der Bestellung ihres gew\u00fcnschten Produkts beauftragen. Da auch unsere Verk\u00e4uferInnen ehrenamtlich arbeiten, kommt der erzielte Erl\u00f6s zu 100% den von uns unterst\u00fctzten Projekten zu Gute. Schreiben&hellip;\" \/>\n<meta property=\"og:url\" content=\"https:\/\/weltlaeden.de\/sigmaringen\/produkte\/\" \/>\n<meta property=\"og:site_name\" content=\"Weltladen Sigmaringen\" \/>\n<meta property=\"article:modified_time\" content=\"2023-12-21T19:48:47+00:00\" \/>\n<meta name=\"twitter:card\" content=\"summary_large_image\" \/>\n<meta name=\"twitter:label1\" content=\"Gesch\u00e4tzte Lesezeit\" \/>\n\t<meta name=\"twitter:data1\" content=\"1\u00a0Minute\" \/>\n<script type=\"application\/ld+json\" class=\"yoast-schema-graph\">{\"@context\":\"https:\/\/schema.org\",\"@graph\":[{\"@type\":\"WebPage\",\"@id\":\"https:\/\/weltlaeden.de\/sigmaringen\/produkte\/\",\"url\":\"https:\/\/weltlaeden.de\/sigmaringen\/produkte\/\",\"name\":\"Produkte - Weltladen Sigmaringen\",\"isPartOf\":{\"@id\":\"https:\/\/weltlaeden.de\/sigmaringen\/#website\"},\"datePublished\":\"2016-10-28T11:34:47+00:00\",\"dateModified\":\"2023-12-21T19:48:47+00:00\",\"breadcrumb\":{\"@id\":\"https:\/\/weltlaeden.de\/sigmaringen\/produkte\/#breadcrumb\"},\"inLanguage\":\"de\",\"potentialAction\":[{\"@type\":\"ReadAction\",\"target\":[\"https:\/\/weltlaeden.de\/sigmaringen\/produkte\/\"]}]},{\"@type\":\"BreadcrumbList\",\"@id\":\"https:\/\/weltlaeden.de\/sigmaringen\/produkte\/#breadcrumb\",\"itemListElement\":[{\"@type\":\"ListItem\",\"position\":1,\"name\":\"Startseite\",\"item\":\"https:\/\/weltlaeden.de\/sigmaringen\/\"},{\"@type\":\"ListItem\",\"position\":2,\"name\":\"Produkte\"}]},{\"@type\":\"WebSite\",\"@id\":\"https:\/\/weltlaeden.de\/sigmaringen\/#website\",\"url\":\"https:\/\/weltlaeden.de\/sigmaringen\/\",\"name\":\"Weltladen Sigmaringen\",\"description\":\"Faire Produkte seit 1990\",\"potentialAction\":[{\"@type\":\"SearchAction\",\"target\":{\"@type\":\"EntryPoint\",\"urlTemplate\":\"https:\/\/weltlaeden.de\/sigmaringen\/?s={search_term_string}\"},\"query-input\":{\"@type\":\"PropertyValueSpecification\",\"valueRequired\":true,\"valueName\":\"search_term_string\"}}],\"inLanguage\":\"de\"}]}<\/script>\n<!-- \/ Yoast SEO plugin. -->","yoast_head_json":{"title":"Produkte - Weltladen Sigmaringen","robots":{"index":"index","follow":"follow","max-snippet":"max-snippet:-1","max-image-preview":"max-image-preview:large","max-video-preview":"max-video-preview:-1"},"canonical":"https:\/\/weltlaeden.de\/sigmaringen\/produkte\/","og_locale":"de_DE","og_type":"article","og_title":"Produkte - Weltladen Sigmaringen","og_description":"[vc_row][vc_column][vc_custom_heading text=&#8220;Unser Sortiment&#8220; font_container=&#8220;tag:h2|text_align:center|color:%23000000&#8243; google_fonts=&#8220;font_family:PT%20Serif%3Aregular%2Citalic%2C700%2C700italic|font_style:400%20italic%3A400%3Aitalic&#8220;][vc_column_text] Viele Proukte, die wir im Weltladen Sigmaringen verkaufen, finden Sie unter den Internet-Adressen (Links) die im Folgenden aufgelistet sind. Gerne k\u00f6nnen Sie uns mit der Bestellung ihres gew\u00fcnschten Produkts beauftragen. Da auch unsere Verk\u00e4uferInnen ehrenamtlich arbeiten, kommt der erzielte Erl\u00f6s zu 100% den von uns unterst\u00fctzten Projekten zu Gute. Schreiben&hellip;","og_url":"https:\/\/weltlaeden.de\/sigmaringen\/produkte\/","og_site_name":"Weltladen Sigmaringen","article_modified_time":"2023-12-21T19:48:47+00:00","twitter_card":"summary_large_image","twitter_misc":{"Gesch\u00e4tzte Lesezeit":"1\u00a0Minute"},"schema":{"@context":"https:\/\/schema.org","@graph":[{"@type":"WebPage","@id":"https:\/\/weltlaeden.de\/sigmaringen\/produkte\/","url":"https:\/\/weltlaeden.de\/sigmaringen\/produkte\/","name":"Produkte - Weltladen Sigmaringen","isPartOf":{"@id":"https:\/\/weltlaeden.de\/sigmaringen\/#website"},"datePublished":"2016-10-28T11:34:47+00:00","dateModified":"2023-12-21T19:48:47+00:00","breadcrumb":{"@id":"https:\/\/weltlaeden.de\/sigmaringen\/produkte\/#breadcrumb"},"inLanguage":"de","potentialAction":[{"@type":"ReadAction","target":["https:\/\/weltlaeden.de\/sigmaringen\/produkte\/"]}]},{"@type":"BreadcrumbList","@id":"https:\/\/weltlaeden.de\/sigmaringen\/produkte\/#breadcrumb","itemListElement":[{"@type":"ListItem","position":1,"name":"Startseite","item":"https:\/\/weltlaeden.de\/sigmaringen\/"},{"@type":"ListItem","position":2,"name":"Produkte"}]},{"@type":"WebSite","@id":"https:\/\/weltlaeden.de\/sigmaringen\/#website","url":"https:\/\/weltlaeden.de\/sigmaringen\/","name":"Weltladen Sigmaringen","description":"Faire Produkte seit 1990","potentialAction":[{"@type":"SearchAction","target":{"@type":"EntryPoint","urlTemplate":"https:\/\/weltlaeden.de\/sigmaringen\/?s={search_term_string}"},"query-input":{"@type":"PropertyValueSpecification","valueRequired":true,"valueName":"search_term_string"}}],"inLanguage":"de"}]}},"_links":{"self":[{"href":"https:\/\/weltlaeden.de\/sigmaringen\/wp-json\/wp\/v2\/pages\/217","targetHints":{"allow":["GET"]}}],"collection":[{"href":"https:\/\/weltlaeden.de\/sigmaringen\/wp-json\/wp\/v2\/pages"}],"about":[{"href":"https:\/\/weltlaeden.de\/sigmaringen\/wp-json\/wp\/v2\/types\/page"}],"author":[{"embeddable":true,"href":"https:\/\/weltlaeden.de\/sigmaringen\/wp-json\/wp\/v2\/users\/1"}],"replies":[{"embeddable":true,"href":"https:\/\/weltlaeden.de\/sigmaringen\/wp-json\/wp\/v2\/comments?post=217"}],"version-history":[{"count":31,"href":"https:\/\/weltlaeden.de\/sigmaringen\/wp-json\/wp\/v2\/pages\/217\/revisions"}],"predecessor-version":[{"id":1336,"href":"https:\/\/weltlaeden.de\/sigmaringen\/wp-json\/wp\/v2\/pages\/217\/revisions\/1336"}],"wp:attachment":[{"href":"https:\/\/weltlaeden.de\/sigmaringen\/wp-json\/wp\/v2\/media?parent=217"}],"curies":[{"name":"wp","href":"https:\/\/api.w.org\/{rel}","templated":true}]}}