{"id":630,"date":"2022-11-11T23:01:25","date_gmt":"2022-11-11T22:01:25","guid":{"rendered":"https:\/\/weltlaeden.de\/schwelm\/?page_id=630"},"modified":"2022-11-11T23:12:06","modified_gmt":"2022-11-11T22:12:06","slug":"geschenkgutscheine-und-praesentkoerbe","status":"publish","type":"page","link":"https:\/\/weltlaeden.de\/schwelm\/produkte-weltladen-schwelm\/geschenkgutscheine-und-praesentkoerbe\/","title":{"rendered":"Geschenkgutscheine und Pr\u00e4sentk\u00f6rbe"},"content":{"rendered":"<div class=\"wpb-content-wrapper\"><p>[vc_row][vc_column][vc_column_text]<\/p>\n<h2>Das Fest naht, die Zeit dr\u00e4ngt und du hast keinen Plan?<\/h2>\n<p>Du bist Weltladen Fan und m\u00f6chtest jemandem eine Freude bereiten? Nur hast du leider gar keine Idee, was dieser Person gefallen k\u00f6nnte? Oder dir fehlt schlicht die Zeit, dir dar\u00fcber den Kopf zu zerbrechen?<\/p>\n<p><strong>\u00dcberhaupt kein Problem: wir sind auf deinen Geschenknotfall vorbereitet!<\/strong><br \/>\nWir bieten dir mehrere Optionen:<\/p>\n<ul>\n<li><strong>Geschenkgutschein im Weltladen vor Ort kaufen<br \/>\n<\/strong>W\u00e4hle zwischen 4 verschiedenen Gutscheinwerten oder bestimme selbst einen beliebigen Gutscheinwert.<\/li>\n<li><strong>Geschenkgutschein online kaufen<\/strong> und in einem beliebigen Weltladen einl\u00f6sen.<\/li>\n<li><strong>Pr\u00e4sentkorb bestellen<\/strong>, liebevoll bef\u00fcllt mit deinem Wunsch-Warenwert.<\/li>\n<\/ul>\n<h2>Geschenkgutschein im Weltladen vor Ort kaufen<\/h2>\n<div id=\"attachment_631\" style=\"width: 310px\" class=\"wp-caption alignleft\"><img loading=\"lazy\" decoding=\"async\" aria-describedby=\"caption-attachment-631\" class=\"size-medium wp-image-631\" src=\"https:\/\/weltlaeden.de\/schwelm\/wp-content\/uploads\/sites\/191\/2022\/11\/weltladen-geschenkgutschein-300x300.jpeg\" alt=\"Weltladen-Geschenkgutschein\" width=\"300\" height=\"300\" srcset=\"https:\/\/weltlaeden.de\/schwelm\/wp-content\/uploads\/sites\/191\/2022\/11\/weltladen-geschenkgutschein-300x300.jpeg 300w, https:\/\/weltlaeden.de\/schwelm\/wp-content\/uploads\/sites\/191\/2022\/11\/weltladen-geschenkgutschein-1024x1024.jpeg 1024w, https:\/\/weltlaeden.de\/schwelm\/wp-content\/uploads\/sites\/191\/2022\/11\/weltladen-geschenkgutschein-150x150.jpeg 150w, https:\/\/weltlaeden.de\/schwelm\/wp-content\/uploads\/sites\/191\/2022\/11\/weltladen-geschenkgutschein-768x768.jpeg 768w, https:\/\/weltlaeden.de\/schwelm\/wp-content\/uploads\/sites\/191\/2022\/11\/weltladen-geschenkgutschein-1536x1536.jpeg 1536w, https:\/\/weltlaeden.de\/schwelm\/wp-content\/uploads\/sites\/191\/2022\/11\/weltladen-geschenkgutschein.jpeg 2047w\" sizes=\"auto, (max-width: 300px) 100vw, 300px\" \/><p id=\"caption-attachment-631\" class=\"wp-caption-text\">W\u00e4hle zwischen mehreren Gutscheinwerten.<\/p><\/div>\n<p>Sofort startbereit bist du mit einem unserer <strong>vorbereiteten Weltladen-Geschenkgutscheine<\/strong>.<br \/>\nDu hast hier die Wahl zwischen<\/p>\n<p style=\"padding-left: 80px\"><strong><span style=\"color: #ff9900\">5,- EUR || 15,- EUR || 25,- EUR || 50,- EUR<\/span><\/strong><span style=\"color: #ff9900\">.<\/span><\/p>\n<p>Du bekommt bei uns nat\u00fcrlich auch <strong>Gutscheine in Wunschgr\u00f6\u00dfe<\/strong>! Bestimme den Wert des Gutscheins frei nach deinem Budget. Wie w\u00e4re es z.B. mit einem Spa\u00df-Einkaufswert von 33,33 EUR? <div class=\"gap\" style=\"line-height: 10px; height: 10px;\"><\/div>\n<h2>Gutschein online kaufen<\/h2>\n<p>Das ist besonders praktisch, wenn du es nicht mehr zum Weltladen schaffst, jedoch unbedingt die wunderbaren Fairtrade-Produkte verschenken m\u00f6chtest! Der Weltladen-Verband bietet eine gesonderte <a href=\"https:\/\/weltladen-gutschein.de\/\" target=\"_blank\" rel=\"noopener\">Website f\u00fcr den Online-Kauf von Geschenkgutscheinen<\/a> an. Der ganze Vorgang dauert nur ein paar kurze Minuten und spart dir somit kostbare Zeit!<\/p>\n<p><strong>So kaufst du online einen Weltladen-Gutschein:<br \/>\n<\/strong><\/p>\n<p>Auf der Gutschein-Website kannst du einen der vorgeschlagenen Werte ausw\u00e4hlen oder einen beliebigen Gutscheinwert zwischen 5,- EUR und 100,- EUR bestimmen.<\/p>\n<div id=\"attachment_642\" style=\"width: 647px\" class=\"wp-caption aligncenter\"><img loading=\"lazy\" decoding=\"async\" aria-describedby=\"caption-attachment-642\" class=\"wp-image-642 size-full\" title=\"Weltladen-Gutschein: Online-Auswahl\" src=\"https:\/\/weltlaeden.de\/schwelm\/wp-content\/uploads\/sites\/191\/2022\/11\/weltladen-gutschein-auswaehlen-2.png\" alt=\"Weltladen-Gutschein: Auswahl\" width=\"637\" height=\"394\" srcset=\"https:\/\/weltlaeden.de\/schwelm\/wp-content\/uploads\/sites\/191\/2022\/11\/weltladen-gutschein-auswaehlen-2.png 637w, https:\/\/weltlaeden.de\/schwelm\/wp-content\/uploads\/sites\/191\/2022\/11\/weltladen-gutschein-auswaehlen-2-300x186.png 300w\" sizes=\"auto, (max-width: 637px) 100vw, 637px\" \/><p id=\"caption-attachment-642\" class=\"wp-caption-text\">Auswahl des Weltladen-Gutscheins. Rechts der PDF-Gutschein.<\/p><\/div>\n<p>W\u00e4hle eine der Design-Vorlagen aus, gib deinen Namen und deine Mailadresse ein, akzeptiere die Gesch\u00e4ftsbedingungen und klicke auf den Button &#8222;Direkt zu PayPal&#8220;. W\u00e4hle dort die Zahlungsquelle aus &#8211; fertig!<\/p>\n<p>Der Kauf wird dir best\u00e4tigt und der Gutschein sofort an die von dir angegebenen Mailadresse geschickt. Von PayPal bekommst du automatisch per Mail einen Beleg \u00fcber den Kauf des Gutscheins.<\/p>\n<p>Den Gutschein kannst du dann z.B. ausdrucken und mit einigen pers\u00f6nlichen Worten versehen.<\/p>\n<p><a href=\"https:\/\/weltladen-gutschein.de\/\" target=\"_blank\" rel=\"noopener\"><span class=\"dt-highlight\" >Jetzt einen Weltladen-Gutschein bestellen&#8230;<\/span><\/a><\/p>\n<h2><div class=\"gap\" style=\"line-height: 20px; height: 20px;\"><\/div>Pr\u00e4sentkorb verschenken<\/h2>\n<p>Pr\u00e4sentk\u00f6rbe sind zeitlos und kommen immer gut an! Wer w\u00fcrde sich nicht \u00fcber einen sch\u00f6nen, mit handverlesenen K\u00f6stlichkeiten gef\u00fcllten Korb freuen?! Sprich uns bei Interesse gerne an. Zusammen mit dir finden wir eine sch\u00f6ne L\u00f6sung![\/vc_column_text][\/vc_column][\/vc_row]<\/p>\n<h2>Hast du eine Frage?<\/h2>\n<p>Du kannst uns pers\u00f6nlich im Weltladen, Altmarkt 2, 58332 Schwelm, erreichen. Oder per Mail an info@ateliersieben.ruhr.de, bzw. per Anruf unter 0177 3196393. Wir freuen uns, von dir zu h\u00f6ren!<\/p>\n<\/div>","protected":false},"excerpt":{"rendered":"<p>[vc_row][vc_column][vc_column_text] Das Fest naht, die Zeit dr\u00e4ngt und du hast keinen Plan? Du bist Weltladen Fan und m\u00f6chtest jemandem eine Freude bereiten? Nur hast du leider gar keine Idee, was dieser Person gefallen k\u00f6nnte? Oder dir fehlt schlicht die Zeit, dir dar\u00fcber den Kopf zu zerbrechen? \u00dcberhaupt kein Problem: wir sind auf deinen Geschenknotfall vorbereitet!&hellip;<\/p>\n","protected":false},"author":284,"featured_media":652,"parent":217,"menu_order":0,"comment_status":"closed","ping_status":"closed","template":"","meta":{"footnotes":""},"class_list":["post-630","page","type-page","status-publish","has-post-thumbnail","hentry","description-off"],"yoast_head":"<!-- This site is optimized with the Yoast SEO plugin v26.8 - https:\/\/yoast.com\/product\/yoast-seo-wordpress\/ -->\n<title>Geschenkgutscheine und Pr\u00e4sentk\u00f6rbe - Weltladen Schwelm<\/title>\n<meta name=\"description\" content=\"Geschenkgutscheine und Pr\u00e4sentk\u00f6rbe f\u00fcr jedes Budget bekommst du bei uns im Weltladen Schwelm. Ob 5, 15, 25, 50 EUR oder mehr: du hast die freie Wahl!\" \/>\n<meta name=\"robots\" content=\"index, follow, max-snippet:-1, max-image-preview:large, max-video-preview:-1\" \/>\n<link rel=\"canonical\" href=\"https:\/\/weltlaeden.de\/schwelm\/produkte-weltladen-schwelm\/geschenkgutscheine-und-praesentkoerbe\/\" \/>\n<meta property=\"og:locale\" content=\"de_DE\" \/>\n<meta property=\"og:type\" content=\"article\" \/>\n<meta property=\"og:title\" content=\"Geschenkgutscheine und Pr\u00e4sentk\u00f6rbe - Weltladen Schwelm\" \/>\n<meta property=\"og:description\" content=\"Geschenkgutscheine und Pr\u00e4sentk\u00f6rbe f\u00fcr jedes Budget bekommst du bei uns im Weltladen Schwelm. Ob 5, 15, 25, 50 EUR oder mehr: du hast die freie Wahl!\" \/>\n<meta property=\"og:url\" content=\"https:\/\/weltlaeden.de\/schwelm\/produkte-weltladen-schwelm\/geschenkgutscheine-und-praesentkoerbe\/\" \/>\n<meta property=\"og:site_name\" content=\"Weltladen Schwelm\" \/>\n<meta property=\"article:modified_time\" content=\"2022-11-11T22:12:06+00:00\" \/>\n<meta property=\"og:image\" content=\"https:\/\/weltlaeden.de\/schwelm\/wp-content\/uploads\/sites\/191\/2022\/11\/Gutschein-Header.png\" \/>\n\t<meta property=\"og:image:width\" content=\"1305\" \/>\n\t<meta property=\"og:image:height\" content=\"751\" \/>\n\t<meta property=\"og:image:type\" content=\"image\/png\" \/>\n<meta name=\"twitter:card\" content=\"summary_large_image\" \/>\n<meta name=\"twitter:label1\" content=\"Gesch\u00e4tzte Lesezeit\" \/>\n\t<meta name=\"twitter:data1\" content=\"3\u00a0Minuten\" \/>\n<script type=\"application\/ld+json\" class=\"yoast-schema-graph\">{\"@context\":\"https:\/\/schema.org\",\"@graph\":[{\"@type\":\"WebPage\",\"@id\":\"https:\/\/weltlaeden.de\/schwelm\/produkte-weltladen-schwelm\/geschenkgutscheine-und-praesentkoerbe\/\",\"url\":\"https:\/\/weltlaeden.de\/schwelm\/produkte-weltladen-schwelm\/geschenkgutscheine-und-praesentkoerbe\/\",\"name\":\"Geschenkgutscheine und Pr\u00e4sentk\u00f6rbe - Weltladen Schwelm\",\"isPartOf\":{\"@id\":\"https:\/\/weltlaeden.de\/schwelm\/#website\"},\"primaryImageOfPage\":{\"@id\":\"https:\/\/weltlaeden.de\/schwelm\/produkte-weltladen-schwelm\/geschenkgutscheine-und-praesentkoerbe\/#primaryimage\"},\"image\":{\"@id\":\"https:\/\/weltlaeden.de\/schwelm\/produkte-weltladen-schwelm\/geschenkgutscheine-und-praesentkoerbe\/#primaryimage\"},\"thumbnailUrl\":\"https:\/\/weltlaeden.de\/schwelm\/wp-content\/uploads\/sites\/191\/2022\/11\/Gutschein-Header.png\",\"datePublished\":\"2022-11-11T22:01:25+00:00\",\"dateModified\":\"2022-11-11T22:12:06+00:00\",\"description\":\"Geschenkgutscheine und Pr\u00e4sentk\u00f6rbe f\u00fcr jedes Budget bekommst du bei uns im Weltladen Schwelm. Ob 5, 15, 25, 50 EUR oder mehr: du hast die freie Wahl!\",\"breadcrumb\":{\"@id\":\"https:\/\/weltlaeden.de\/schwelm\/produkte-weltladen-schwelm\/geschenkgutscheine-und-praesentkoerbe\/#breadcrumb\"},\"inLanguage\":\"de\",\"potentialAction\":[{\"@type\":\"ReadAction\",\"target\":[\"https:\/\/weltlaeden.de\/schwelm\/produkte-weltladen-schwelm\/geschenkgutscheine-und-praesentkoerbe\/\"]}]},{\"@type\":\"ImageObject\",\"inLanguage\":\"de\",\"@id\":\"https:\/\/weltlaeden.de\/schwelm\/produkte-weltladen-schwelm\/geschenkgutscheine-und-praesentkoerbe\/#primaryimage\",\"url\":\"https:\/\/weltlaeden.de\/schwelm\/wp-content\/uploads\/sites\/191\/2022\/11\/Gutschein-Header.png\",\"contentUrl\":\"https:\/\/weltlaeden.de\/schwelm\/wp-content\/uploads\/sites\/191\/2022\/11\/Gutschein-Header.png\",\"width\":1305,\"height\":751,\"caption\":\"Weltladen Gutschein\"},{\"@type\":\"BreadcrumbList\",\"@id\":\"https:\/\/weltlaeden.de\/schwelm\/produkte-weltladen-schwelm\/geschenkgutscheine-und-praesentkoerbe\/#breadcrumb\",\"itemListElement\":[{\"@type\":\"ListItem\",\"position\":1,\"name\":\"Startseite\",\"item\":\"https:\/\/weltlaeden.de\/schwelm\/\"},{\"@type\":\"ListItem\",\"position\":2,\"name\":\"Produkte\",\"item\":\"https:\/\/weltlaeden.de\/schwelm\/produkte-weltladen-schwelm\/\"},{\"@type\":\"ListItem\",\"position\":3,\"name\":\"Geschenkgutscheine und Pr\u00e4sentk\u00f6rbe\"}]},{\"@type\":\"WebSite\",\"@id\":\"https:\/\/weltlaeden.de\/schwelm\/#website\",\"url\":\"https:\/\/weltlaeden.de\/schwelm\/\",\"name\":\"Weltladen Schwelm\",\"description\":\"Faire Produkte seit 2022\",\"potentialAction\":[{\"@type\":\"SearchAction\",\"target\":{\"@type\":\"EntryPoint\",\"urlTemplate\":\"https:\/\/weltlaeden.de\/schwelm\/?s={search_term_string}\"},\"query-input\":{\"@type\":\"PropertyValueSpecification\",\"valueRequired\":true,\"valueName\":\"search_term_string\"}}],\"inLanguage\":\"de\"}]}<\/script>\n<!-- \/ Yoast SEO plugin. -->","yoast_head_json":{"title":"Geschenkgutscheine und Pr\u00e4sentk\u00f6rbe - Weltladen Schwelm","description":"Geschenkgutscheine und Pr\u00e4sentk\u00f6rbe f\u00fcr jedes Budget bekommst du bei uns im Weltladen Schwelm. Ob 5, 15, 25, 50 EUR oder mehr: du hast die freie Wahl!","robots":{"index":"index","follow":"follow","max-snippet":"max-snippet:-1","max-image-preview":"max-image-preview:large","max-video-preview":"max-video-preview:-1"},"canonical":"https:\/\/weltlaeden.de\/schwelm\/produkte-weltladen-schwelm\/geschenkgutscheine-und-praesentkoerbe\/","og_locale":"de_DE","og_type":"article","og_title":"Geschenkgutscheine und Pr\u00e4sentk\u00f6rbe - Weltladen Schwelm","og_description":"Geschenkgutscheine und Pr\u00e4sentk\u00f6rbe f\u00fcr jedes Budget bekommst du bei uns im Weltladen Schwelm. Ob 5, 15, 25, 50 EUR oder mehr: du hast die freie Wahl!","og_url":"https:\/\/weltlaeden.de\/schwelm\/produkte-weltladen-schwelm\/geschenkgutscheine-und-praesentkoerbe\/","og_site_name":"Weltladen Schwelm","article_modified_time":"2022-11-11T22:12:06+00:00","og_image":[{"width":1305,"height":751,"url":"https:\/\/weltlaeden.de\/schwelm\/wp-content\/uploads\/sites\/191\/2022\/11\/Gutschein-Header.png","type":"image\/png"}],"twitter_card":"summary_large_image","twitter_misc":{"Gesch\u00e4tzte Lesezeit":"3\u00a0Minuten"},"schema":{"@context":"https:\/\/schema.org","@graph":[{"@type":"WebPage","@id":"https:\/\/weltlaeden.de\/schwelm\/produkte-weltladen-schwelm\/geschenkgutscheine-und-praesentkoerbe\/","url":"https:\/\/weltlaeden.de\/schwelm\/produkte-weltladen-schwelm\/geschenkgutscheine-und-praesentkoerbe\/","name":"Geschenkgutscheine und Pr\u00e4sentk\u00f6rbe - Weltladen Schwelm","isPartOf":{"@id":"https:\/\/weltlaeden.de\/schwelm\/#website"},"primaryImageOfPage":{"@id":"https:\/\/weltlaeden.de\/schwelm\/produkte-weltladen-schwelm\/geschenkgutscheine-und-praesentkoerbe\/#primaryimage"},"image":{"@id":"https:\/\/weltlaeden.de\/schwelm\/produkte-weltladen-schwelm\/geschenkgutscheine-und-praesentkoerbe\/#primaryimage"},"thumbnailUrl":"https:\/\/weltlaeden.de\/schwelm\/wp-content\/uploads\/sites\/191\/2022\/11\/Gutschein-Header.png","datePublished":"2022-11-11T22:01:25+00:00","dateModified":"2022-11-11T22:12:06+00:00","description":"Geschenkgutscheine und Pr\u00e4sentk\u00f6rbe f\u00fcr jedes Budget bekommst du bei uns im Weltladen Schwelm. Ob 5, 15, 25, 50 EUR oder mehr: du hast die freie Wahl!","breadcrumb":{"@id":"https:\/\/weltlaeden.de\/schwelm\/produkte-weltladen-schwelm\/geschenkgutscheine-und-praesentkoerbe\/#breadcrumb"},"inLanguage":"de","potentialAction":[{"@type":"ReadAction","target":["https:\/\/weltlaeden.de\/schwelm\/produkte-weltladen-schwelm\/geschenkgutscheine-und-praesentkoerbe\/"]}]},{"@type":"ImageObject","inLanguage":"de","@id":"https:\/\/weltlaeden.de\/schwelm\/produkte-weltladen-schwelm\/geschenkgutscheine-und-praesentkoerbe\/#primaryimage","url":"https:\/\/weltlaeden.de\/schwelm\/wp-content\/uploads\/sites\/191\/2022\/11\/Gutschein-Header.png","contentUrl":"https:\/\/weltlaeden.de\/schwelm\/wp-content\/uploads\/sites\/191\/2022\/11\/Gutschein-Header.png","width":1305,"height":751,"caption":"Weltladen Gutschein"},{"@type":"BreadcrumbList","@id":"https:\/\/weltlaeden.de\/schwelm\/produkte-weltladen-schwelm\/geschenkgutscheine-und-praesentkoerbe\/#breadcrumb","itemListElement":[{"@type":"ListItem","position":1,"name":"Startseite","item":"https:\/\/weltlaeden.de\/schwelm\/"},{"@type":"ListItem","position":2,"name":"Produkte","item":"https:\/\/weltlaeden.de\/schwelm\/produkte-weltladen-schwelm\/"},{"@type":"ListItem","position":3,"name":"Geschenkgutscheine und Pr\u00e4sentk\u00f6rbe"}]},{"@type":"WebSite","@id":"https:\/\/weltlaeden.de\/schwelm\/#website","url":"https:\/\/weltlaeden.de\/schwelm\/","name":"Weltladen Schwelm","description":"Faire Produkte seit 2022","potentialAction":[{"@type":"SearchAction","target":{"@type":"EntryPoint","urlTemplate":"https:\/\/weltlaeden.de\/schwelm\/?s={search_term_string}"},"query-input":{"@type":"PropertyValueSpecification","valueRequired":true,"valueName":"search_term_string"}}],"inLanguage":"de"}]}},"_links":{"self":[{"href":"https:\/\/weltlaeden.de\/schwelm\/wp-json\/wp\/v2\/pages\/630","targetHints":{"allow":["GET"]}}],"collection":[{"href":"https:\/\/weltlaeden.de\/schwelm\/wp-json\/wp\/v2\/pages"}],"about":[{"href":"https:\/\/weltlaeden.de\/schwelm\/wp-json\/wp\/v2\/types\/page"}],"author":[{"embeddable":true,"href":"https:\/\/weltlaeden.de\/schwelm\/wp-json\/wp\/v2\/users\/284"}],"replies":[{"embeddable":true,"href":"https:\/\/weltlaeden.de\/schwelm\/wp-json\/wp\/v2\/comments?post=630"}],"version-history":[{"count":18,"href":"https:\/\/weltlaeden.de\/schwelm\/wp-json\/wp\/v2\/pages\/630\/revisions"}],"predecessor-version":[{"id":657,"href":"https:\/\/weltlaeden.de\/schwelm\/wp-json\/wp\/v2\/pages\/630\/revisions\/657"}],"up":[{"embeddable":true,"href":"https:\/\/weltlaeden.de\/schwelm\/wp-json\/wp\/v2\/pages\/217"}],"wp:featuredmedia":[{"embeddable":true,"href":"https:\/\/weltlaeden.de\/schwelm\/wp-json\/wp\/v2\/media\/652"}],"wp:attachment":[{"href":"https:\/\/weltlaeden.de\/schwelm\/wp-json\/wp\/v2\/media?parent=630"}],"curies":[{"name":"wp","href":"https:\/\/api.w.org\/{rel}","templated":true}]}}