{"id":548,"date":"2021-12-16T11:57:27","date_gmt":"2021-12-16T10:57:27","guid":{"rendered":"https:\/\/weltlaeden.de\/schwelm\/?page_id=548"},"modified":"2021-12-16T12:08:42","modified_gmt":"2021-12-16T11:08:42","slug":"fairtont-der-weltladen-podcast","status":"publish","type":"page","link":"https:\/\/weltlaeden.de\/schwelm\/fairer-handel\/fairtont-der-weltladen-podcast\/","title":{"rendered":"Podcast fairtont."},"content":{"rendered":"<div class=\"wpb-content-wrapper\"><p>[vc_row][vc_column]<div class=\"wl_einzelbild\"><p><img loading=\"lazy\" decoding=\"async\" class=\"aligncenter size-full wp-image-nsm-3-121\" src=\"https:\/\/weltlaeden.de\/schwelmnsammlung\/wp-content\/uploads\/sites\/3\/2021\/12\/fairtont-der-weltladen-podcast_1200x500.png\" alt=\"\" width=\"1200\" height=\"500\" \/><\/p><\/div>[\/vc_column][\/vc_row][vc_row][vc_column][vc_empty_space][\/vc_column][\/vc_row][vc_row][vc_column][vc_column_text]<\/p>\n<h1>fairtont. Der Weltladen-Podcast<\/h1>\n<p>Fair was?! \u2013 fairtont. Also Fairer Handel f\u00fcr die Ohren. Weltl\u00e4den sind Fachgesch\u00e4fte f\u00fcr Fairen Handel und haben viel zu bieten. Davon erz\u00e4hlen euch Laura und Solveig in diesem Podcast.<\/p>\n<p>Podcast-Liebhaber*innen und interessierte Menschen erwarten spannende Themen aus der Weltladen-Welt. Laura und Solveig sprechen \u00fcber Kaffee aus Fairem Handel, Textilien und Fair Fashion, die Klimakrise und weitere interessante Themen. Au\u00dferdem gibt es Interviews mit spannenden G\u00e4sten.<\/p>\n<p>Zurzeit macht fairtont. eine Pause &#8211; ab Mitte 2022 gibt es dann neue Folgen. Derweil h\u00f6rt rein&#8230;<\/p>\n<p>Die bisherigen Folgen findet ihr auch auf allen \u00fcblichen Podcast-Apps: <a href=\"https:\/\/open.spotify.com\/show\/56fjwxwxkRtWm0bdHDL2n8\" target=\"_blank\" rel=\"noopener\">Spotify<\/a>, <a href=\"https:\/\/podcasts.apple.com\/de\/podcast\/fairtont-der-weltladen-podcast\/id1544866448\" target=\"_blank\" rel=\"noopener\">Apple Podcast<\/a>, <a href=\"https:\/\/www.google.com\/podcasts?feed=aHR0cHM6Ly9hbmNob3IuZm0vcy80MzUwNzYyOC9wb2RjYXN0L3Jzcw==\" target=\"_blank\" rel=\"noopener\">Google Podcast<\/a>, <a href=\"https:\/\/www.deezer.com\/de\/show\/2149182\" target=\"_blank\" rel=\"noopener\">Deezer<\/a> \u2026 und nat\u00fcrlich auf <a href=\"https:\/\/www.weltladen.de\/fairtont\" target=\"_blank\" rel=\"noopener\">www.weltladen.de\/fairtont<\/a>.[\/vc_column_text][\/vc_column][\/vc_row][vc_row][vc_column][vc_empty_space height=&#8220;12px&#8220;][\/vc_column][\/vc_row][vc_row][vc_column][vc_raw_html]JTNDaWZyYW1lJTIwc3JjJTNEJTIyaHR0cHMlM0ElMkYlMkZhbmNob3IuZm0lMkZmYWlydG9udCUyRmVtYmVkJTJGZXBpc29kZXMlMkYxMi1Qcm9kdXplbnRpbm5lbi1pbS1GYWlyZW4tSGFuZGVsLXVuZC1kaWUtS2xpbWFrcmlzZS0tLUludGVydmlldy1taXQtQW5kcmVhLUZ0dGVyZXItZTFibWg0ayUyMiUyMGhlaWdodCUzRCUyMjE3MHB4JTIyJTIwd2lkdGglM0QlMjIxMDAlMjUlMjIlMjBmcmFtZWJvcmRlciUzRCUyMjAlMjIlMjBzY3JvbGxpbmclM0QlMjJubyUyMiUzRSUzQyUyRmlmcmFtZSUzRQ==[\/vc_raw_html][vc_raw_html]JTNDaWZyYW1lJTIwc3JjJTNEJTIyaHR0cHMlM0ElMkYlMkZhbmNob3IuZm0lMkZmYWlydG9udCUyRmVtYmVkJTJGZXBpc29kZXMlMkYxMS1LbGltYXdhbmRlbC0tS2xpbWFnZXJlY2h0aWdrZWl0LXVuZC1kZXItRmFpcmUtSGFuZGVsLWUxYTF2ZW0lMjIlMjBoZWlnaHQlM0QlMjIxNzBweCUyMiUyMHdpZHRoJTNEJTIyMTAwJTI1JTIyJTIwZnJhbWVib3JkZXIlM0QlMjIwJTIyJTIwc2Nyb2xsaW5nJTNEJTIybm8lMjIlM0UlM0MlMkZpZnJhbWUlM0U=[\/vc_raw_html][vc_raw_html]JTNDaWZyYW1lJTIwc3JjJTNEJTIyaHR0cHMlM0ElMkYlMkZhbmNob3IuZm0lMkZmYWlydG9udCUyRmVtYmVkJTJGZXBpc29kZXMlMkYxMC1Wb24tQ2FzaGV3cy11bmQtZmFpcmVuLUxpZWZlcmtldHRlbi0tLUludGVydmlldy1taXQtSXNhYmVsLXVuZC1Pa2V5LXZvbi1mYWlyZm9vZC1GcmVpYnVyZy1lMThwOGtwJTIyJTIwaGVpZ2h0JTNEJTIyMTcwcHglMjIlMjB3aWR0aCUzRCUyMjEwMCUyNSUyMiUyMGZyYW1lYm9yZGVyJTNEJTIyMCUyMiUyMHNjcm9sbGluZyUzRCUyMm5vJTIyJTNFJTNDJTJGaWZyYW1lJTNF[\/vc_raw_html][vc_raw_html]JTNDaWZyYW1lJTIwc3JjJTNEJTIyaHR0cHMlM0ElMkYlMkZhbmNob3IuZm0lMkZmYWlydG9udCUyRmVtYmVkJTJGZXBpc29kZXMlMkY5LUZhaXJlLVdvY2hlLS0tWnVrdW5mdC1mYWlyLWdlc3RhbHRlbi0tZmFpcmhhbmRlbG4tZnItTWVuc2NoZW5yZWNodGUtd2VsdHdlaXQtZTE3NGJmNCUyMiUyMGhlaWdodCUzRCUyMjE3MHB4JTIyJTIwd2lkdGglM0QlMjIxMDAlMjUlMjIlMjBmcmFtZWJvcmRlciUzRCUyMjAlMjIlMjBzY3JvbGxpbmclM0QlMjJubyUyMiUzRSUzQyUyRmlmcmFtZSUzRQ==[\/vc_raw_html][vc_raw_html]JTNDaWZyYW1lJTIwc3JjJTNEJTIyaHR0cHMlM0ElMkYlMkZhbmNob3IuZm0lMkZmYWlydG9udCUyRmVtYmVkJTJGZXBpc29kZXMlMkY4LVZvbS1nZXNjaGVua3Rlbi1UaXNjaGx1ZmVyLXp1bS1GYWlyLUhhbmRlbHMtVW50ZXJuZWhtZW4tLUludGVydmlldy1taXQtUHJvbWlzZS1LbGllYmUtZTE1czVvbSUyMiUyMGhlaWdodCUzRCUyMjE3MHB4JTIyJTIwd2lkdGglM0QlMjIxMDAlMjUlMjIlMjBmcmFtZWJvcmRlciUzRCUyMjAlMjIlMjBzY3JvbGxpbmclM0QlMjJubyUyMiUzRSUzQyUyRmlmcmFtZSUzRQ==[\/vc_raw_html][vc_raw_html]JTNDaWZyYW1lJTIwc3JjJTNEJTIyaHR0cHMlM0ElMkYlMkZhbmNob3IuZm0lMkZmYWlydG9udCUyRmVtYmVkJTJGZXBpc29kZXMlMkY3LUZhc3QtRmFzaGlvbi12cy0tRmFpci1GYXNoaW9uLS1IaWVyLWdlaHRzLXVtLW1laHItYWxzLU1vZGUtZTE0ZHZyciUyMiUyMGhlaWdodCUzRCUyMjE3MHB4JTIyJTIwd2lkdGglM0QlMjIxMDAlMjUlMjIlMjBmcmFtZWJvcmRlciUzRCUyMjAlMjIlMjBzY3JvbGxpbmclM0QlMjJubyUyMiUzRSUzQyUyRmlmcmFtZSUzRQ==[\/vc_raw_html][vc_raw_html]JTNDaWZyYW1lJTIwc3JjJTNEJTIyaHR0cHMlM0ElMkYlMkZhbmNob3IuZm0lMkZmYWlydG9udCUyRmVtYmVkJTJGZXBpc29kZXMlMkY2LUVpbi1ndXRlcy1MZWJlbi1mci1hbGxlLWR1cmNoLWVpbmUtc296aWFsLWtvbG9naXNjaGUtVHJhbnNmb3JtYXRpb24tLS0tSW50ZXJ2aWV3LW1pdC1Sb25qYS1Nb3JnZW50aGFsZXItZTEybzZoZSUyMiUyMGhlaWdodCUzRCUyMjE3MHB4JTIyJTIwd2lkdGglM0QlMjIxMDAlMjUlMjIlMjBmcmFtZWJvcmRlciUzRCUyMjAlMjIlMjBzY3JvbGxpbmclM0QlMjJubyUyMiUzRSUzQyUyRmlmcmFtZSUzRQ==[\/vc_raw_html][vc_raw_html]JTNDaWZyYW1lJTIwc3JjJTNEJTIyaHR0cHMlM0ElMkYlMkZhbmNob3IuZm0lMkZmYWlydG9udCUyRmVtYmVkJTJGZXBpc29kZXMlMkY1LVdlbHRsYWRlbnRhZy0tLURpZS1XZWx0LWJyYXVjaHQtZWluZW4tVGFwZXRlbndlY2hzZWwtR25uRGlyV2FuZGVsLWUxMGRzMmQlMjIlMjBoZWlnaHQlM0QlMjIxNzBweCUyMiUyMHdpZHRoJTNEJTIyMTAwJTI1JTIyJTIwZnJhbWVib3JkZXIlM0QlMjIwJTIyJTIwc2Nyb2xsaW5nJTNEJTIybm8lMjIlM0UlM0MlMkZpZnJhbWUlM0U=[\/vc_raw_html][vc_raw_html]JTNDaWZyYW1lJTIwc3JjJTNEJTIyaHR0cHMlM0ElMkYlMkZhbmNob3IuZm0lMkZmYWlydG9udCUyRmVtYmVkJTJGZXBpc29kZXMlMkY0LU1vcml0ei0td2FzLWhhdC1IdW1vci1taXQtRmFpcmVtLUhhbmRlbC16dS10dW4tLS0tSW50ZXJ2aWV3LW1pdC1TdGFuZC1VcC1Db21lZGlhbi1Nb3JpdHotTmV1bWVpZXItZXVzZm1tJTIyJTIwaGVpZ2h0JTNEJTIyMTcwcHglMjIlMjB3aWR0aCUzRCUyMjEwMCUyNSUyMiUyMGZyYW1lYm9yZGVyJTNEJTIyMCUyMiUyMHNjcm9sbGluZyUzRCUyMm5vJTIyJTNFJTNDJTJGaWZyYW1lJTNF[\/vc_raw_html][vc_raw_html]JTNDaWZyYW1lJTIwc3JjJTNEJTIyaHR0cHMlM0ElMkYlMkZhbmNob3IuZm0lMkZmYWlydG9udCUyRmVtYmVkJTJGZXBpc29kZXMlMkYzLUVpbi1CZXN1Y2gtaW0tV2VsdGxhZGVuLWVzYzV2MiUyMiUyMGhlaWdodCUzRCUyMjE3MHB4JTIyJTIwd2lkdGglM0QlMjIxMDAlMjUlMjIlMjBmcmFtZWJvcmRlciUzRCUyMjAlMjIlMjBzY3JvbGxpbmclM0QlMjJubyUyMiUzRSUzQyUyRmlmcmFtZSUzRQ==[\/vc_raw_html][vc_raw_html]JTNDaWZyYW1lJTIwc3JjJTNEJTIyaHR0cHMlM0ElMkYlMkZhbmNob3IuZm0lMkZmYWlydG9udCUyRmVtYmVkJTJGZXBpc29kZXMlMkYyLVNlZ2VsZnJhY2h0ZXItLUVpbmUtQWx0ZXJuYXRpdmUtenVtLUNvbnRhaW5lcnNjaGlmZi0tSW50ZXJ2aWV3LW1pdC1KZW5zLXZvbi1DYWYtQ2hhdmFsby1lcWE1c2glMjIlMjBoZWlnaHQlM0QlMjIxNzBweCUyMiUyMHdpZHRoJTNEJTIyMTAwJTI1JTIyJTIwZnJhbWVib3JkZXIlM0QlMjIwJTIyJTIwc2Nyb2xsaW5nJTNEJTIybm8lMjIlM0UlM0MlMkZpZnJhbWUlM0U=[\/vc_raw_html][vc_raw_html]JTNDaWZyYW1lJTIwc3JjJTNEJTIyaHR0cHMlM0ElMkYlMkZhbmNob3IuZm0lMkZmYWlydG9udCUyRmVtYmVkJTJGZXBpc29kZXMlMkYxLUthZmZlZS11bmQtZGllLUdlc2NoaWNodGUtZGVzLUZhaXJlbi1IYW5kZWxzLWVvdXJ0ZyUyMiUyMGhlaWdodCUzRCUyMjE3MHB4JTIyJTIwd2lkdGglM0QlMjIxMDAlMjUlMjIlMjBmcmFtZWJvcmRlciUzRCUyMjAlMjIlMjBzY3JvbGxpbmclM0QlMjJubyUyMiUzRSUzQyUyRmlmcmFtZSUzRQ==[\/vc_raw_html][vc_raw_html]JTNDaWZyYW1lJTIwc3JjJTNEJTIyaHR0cHMlM0ElMkYlMkZhbmNob3IuZm0lMkZmYWlydG9udCUyRmVtYmVkJTJGZXBpc29kZXMlMkYwLVRyYWlsZXItLS1mYWlydG9udC0tRGVyLVdlbHRsYWRlbi1Qb2RjYXN0LWVucGZuOSUyMiUyMGhlaWdodCUzRCUyMjE3MHB4JTIyJTIwd2lkdGglM0QlMjIxMDAlMjUlMjIlMjBmcmFtZWJvcmRlciUzRCUyMjAlMjIlMjBzY3JvbGxpbmclM0QlMjJubyUyMiUzRSUzQyUyRmlmcmFtZSUzRQ==[\/vc_raw_html][\/vc_column][\/vc_row]<\/p>\n<\/div>","protected":false},"excerpt":{"rendered":"<p>[vc_row][vc_column][\/vc_column][\/vc_row][vc_row][vc_column][vc_empty_space][\/vc_column][\/vc_row][vc_row][vc_column][vc_column_text] fairtont. Der Weltladen-Podcast Fair was?! \u2013 fairtont. Also Fairer Handel f\u00fcr die Ohren. Weltl\u00e4den sind Fachgesch\u00e4fte f\u00fcr Fairen Handel und haben viel zu bieten. Davon erz\u00e4hlen euch Laura und Solveig in diesem Podcast. Podcast-Liebhaber*innen und interessierte Menschen erwarten spannende Themen aus der Weltladen-Welt. Laura und Solveig sprechen \u00fcber Kaffee aus Fairem Handel, Textilien und&hellip;<\/p>\n","protected":false},"author":14,"featured_media":0,"parent":218,"menu_order":0,"comment_status":"closed","ping_status":"closed","template":"","meta":{"footnotes":""},"class_list":["post-548","page","type-page","status-publish","hentry","description-off"],"yoast_head":"<!-- This site is optimized with the Yoast SEO plugin v26.8 - https:\/\/yoast.com\/product\/yoast-seo-wordpress\/ -->\n<title>Podcast fairtont. - Weltladen Schwelm<\/title>\n<meta name=\"robots\" content=\"index, follow, max-snippet:-1, max-image-preview:large, max-video-preview:-1\" \/>\n<link rel=\"canonical\" href=\"https:\/\/weltlaeden.de\/schwelm\/fairtont-der-weltladen-podcast\/\" \/>\n<meta property=\"og:locale\" content=\"de_DE\" \/>\n<meta property=\"og:type\" content=\"article\" \/>\n<meta property=\"og:title\" content=\"Podcast fairtont. - Weltladen Schwelm\" \/>\n<meta property=\"og:description\" content=\"[vc_row][vc_column][\/vc_column][\/vc_row][vc_row][vc_column][vc_empty_space][\/vc_column][\/vc_row][vc_row][vc_column][vc_column_text] fairtont. Der Weltladen-Podcast Fair was?! \u2013 fairtont. Also Fairer Handel f\u00fcr die Ohren. Weltl\u00e4den sind Fachgesch\u00e4fte f\u00fcr Fairen Handel und haben viel zu bieten. Davon erz\u00e4hlen euch Laura und Solveig in diesem Podcast. Podcast-Liebhaber*innen und interessierte Menschen erwarten spannende Themen aus der Weltladen-Welt. Laura und Solveig sprechen \u00fcber Kaffee aus Fairem Handel, Textilien und&hellip;\" \/>\n<meta property=\"og:url\" content=\"https:\/\/weltlaeden.de\/schwelm\/fairtont-der-weltladen-podcast\/\" \/>\n<meta property=\"og:site_name\" content=\"Weltladen Schwelm\" \/>\n<meta property=\"article:modified_time\" content=\"2021-12-16T11:08:42+00:00\" \/>\n<meta property=\"og:image\" content=\"https:\/\/weltlaeden.de\/schwelmnsammlung\/wp-content\/uploads\/sites\/3\/2021\/12\/fairtont-der-weltladen-podcast_1200x500.png\" \/>\n<meta name=\"twitter:card\" content=\"summary_large_image\" \/>\n<meta name=\"twitter:label1\" content=\"Gesch\u00e4tzte Lesezeit\" \/>\n\t<meta name=\"twitter:data1\" content=\"3\u00a0Minuten\" \/>\n<script type=\"application\/ld+json\" class=\"yoast-schema-graph\">{\"@context\":\"https:\/\/schema.org\",\"@graph\":[{\"@type\":\"WebPage\",\"@id\":\"https:\/\/weltlaeden.de\/schwelm\/fairtont-der-weltladen-podcast\/\",\"url\":\"https:\/\/weltlaeden.de\/schwelm\/fairtont-der-weltladen-podcast\/\",\"name\":\"Podcast fairtont. - Weltladen Schwelm\",\"isPartOf\":{\"@id\":\"https:\/\/weltlaeden.de\/schwelm\/#website\"},\"primaryImageOfPage\":{\"@id\":\"https:\/\/weltlaeden.de\/schwelm\/fairtont-der-weltladen-podcast\/#primaryimage\"},\"image\":{\"@id\":\"https:\/\/weltlaeden.de\/schwelm\/fairtont-der-weltladen-podcast\/#primaryimage\"},\"thumbnailUrl\":\"https:\/\/weltlaeden.de\/schwelmnsammlung\/wp-content\/uploads\/sites\/3\/2021\/12\/fairtont-der-weltladen-podcast_1200x500.png\",\"datePublished\":\"2021-12-16T10:57:27+00:00\",\"dateModified\":\"2021-12-16T11:08:42+00:00\",\"breadcrumb\":{\"@id\":\"https:\/\/weltlaeden.de\/schwelm\/fairtont-der-weltladen-podcast\/#breadcrumb\"},\"inLanguage\":\"de\",\"potentialAction\":[{\"@type\":\"ReadAction\",\"target\":[\"https:\/\/weltlaeden.de\/schwelm\/fairtont-der-weltladen-podcast\/\"]}]},{\"@type\":\"ImageObject\",\"inLanguage\":\"de\",\"@id\":\"https:\/\/weltlaeden.de\/schwelm\/fairtont-der-weltladen-podcast\/#primaryimage\",\"url\":\"https:\/\/weltlaeden.de\/schwelmnsammlung\/wp-content\/uploads\/sites\/3\/2021\/12\/fairtont-der-weltladen-podcast_1200x500.png\",\"contentUrl\":\"https:\/\/weltlaeden.de\/schwelmnsammlung\/wp-content\/uploads\/sites\/3\/2021\/12\/fairtont-der-weltladen-podcast_1200x500.png\"},{\"@type\":\"BreadcrumbList\",\"@id\":\"https:\/\/weltlaeden.de\/schwelm\/fairtont-der-weltladen-podcast\/#breadcrumb\",\"itemListElement\":[{\"@type\":\"ListItem\",\"position\":1,\"name\":\"Startseite\",\"item\":\"https:\/\/weltlaeden.de\/schwelm\/\"},{\"@type\":\"ListItem\",\"position\":2,\"name\":\"Podcast fairtont.\"}]},{\"@type\":\"WebSite\",\"@id\":\"https:\/\/weltlaeden.de\/schwelm\/#website\",\"url\":\"https:\/\/weltlaeden.de\/schwelm\/\",\"name\":\"Weltladen Schwelm\",\"description\":\"Faire Produkte seit 2022\",\"potentialAction\":[{\"@type\":\"SearchAction\",\"target\":{\"@type\":\"EntryPoint\",\"urlTemplate\":\"https:\/\/weltlaeden.de\/schwelm\/?s={search_term_string}\"},\"query-input\":{\"@type\":\"PropertyValueSpecification\",\"valueRequired\":true,\"valueName\":\"search_term_string\"}}],\"inLanguage\":\"de\"}]}<\/script>\n<!-- \/ Yoast SEO plugin. -->","yoast_head_json":{"title":"Podcast fairtont. - Weltladen Schwelm","robots":{"index":"index","follow":"follow","max-snippet":"max-snippet:-1","max-image-preview":"max-image-preview:large","max-video-preview":"max-video-preview:-1"},"canonical":"https:\/\/weltlaeden.de\/schwelm\/fairtont-der-weltladen-podcast\/","og_locale":"de_DE","og_type":"article","og_title":"Podcast fairtont. - Weltladen Schwelm","og_description":"[vc_row][vc_column][\/vc_column][\/vc_row][vc_row][vc_column][vc_empty_space][\/vc_column][\/vc_row][vc_row][vc_column][vc_column_text] fairtont. Der Weltladen-Podcast Fair was?! \u2013 fairtont. Also Fairer Handel f\u00fcr die Ohren. Weltl\u00e4den sind Fachgesch\u00e4fte f\u00fcr Fairen Handel und haben viel zu bieten. Davon erz\u00e4hlen euch Laura und Solveig in diesem Podcast. Podcast-Liebhaber*innen und interessierte Menschen erwarten spannende Themen aus der Weltladen-Welt. Laura und Solveig sprechen \u00fcber Kaffee aus Fairem Handel, Textilien und&hellip;","og_url":"https:\/\/weltlaeden.de\/schwelm\/fairtont-der-weltladen-podcast\/","og_site_name":"Weltladen Schwelm","article_modified_time":"2021-12-16T11:08:42+00:00","og_image":[{"url":"https:\/\/weltlaeden.de\/schwelmnsammlung\/wp-content\/uploads\/sites\/3\/2021\/12\/fairtont-der-weltladen-podcast_1200x500.png","type":"","width":"","height":""}],"twitter_card":"summary_large_image","twitter_misc":{"Gesch\u00e4tzte Lesezeit":"3\u00a0Minuten"},"schema":{"@context":"https:\/\/schema.org","@graph":[{"@type":"WebPage","@id":"https:\/\/weltlaeden.de\/schwelm\/fairtont-der-weltladen-podcast\/","url":"https:\/\/weltlaeden.de\/schwelm\/fairtont-der-weltladen-podcast\/","name":"Podcast fairtont. - Weltladen Schwelm","isPartOf":{"@id":"https:\/\/weltlaeden.de\/schwelm\/#website"},"primaryImageOfPage":{"@id":"https:\/\/weltlaeden.de\/schwelm\/fairtont-der-weltladen-podcast\/#primaryimage"},"image":{"@id":"https:\/\/weltlaeden.de\/schwelm\/fairtont-der-weltladen-podcast\/#primaryimage"},"thumbnailUrl":"https:\/\/weltlaeden.de\/schwelmnsammlung\/wp-content\/uploads\/sites\/3\/2021\/12\/fairtont-der-weltladen-podcast_1200x500.png","datePublished":"2021-12-16T10:57:27+00:00","dateModified":"2021-12-16T11:08:42+00:00","breadcrumb":{"@id":"https:\/\/weltlaeden.de\/schwelm\/fairtont-der-weltladen-podcast\/#breadcrumb"},"inLanguage":"de","potentialAction":[{"@type":"ReadAction","target":["https:\/\/weltlaeden.de\/schwelm\/fairtont-der-weltladen-podcast\/"]}]},{"@type":"ImageObject","inLanguage":"de","@id":"https:\/\/weltlaeden.de\/schwelm\/fairtont-der-weltladen-podcast\/#primaryimage","url":"https:\/\/weltlaeden.de\/schwelmnsammlung\/wp-content\/uploads\/sites\/3\/2021\/12\/fairtont-der-weltladen-podcast_1200x500.png","contentUrl":"https:\/\/weltlaeden.de\/schwelmnsammlung\/wp-content\/uploads\/sites\/3\/2021\/12\/fairtont-der-weltladen-podcast_1200x500.png"},{"@type":"BreadcrumbList","@id":"https:\/\/weltlaeden.de\/schwelm\/fairtont-der-weltladen-podcast\/#breadcrumb","itemListElement":[{"@type":"ListItem","position":1,"name":"Startseite","item":"https:\/\/weltlaeden.de\/schwelm\/"},{"@type":"ListItem","position":2,"name":"Podcast fairtont."}]},{"@type":"WebSite","@id":"https:\/\/weltlaeden.de\/schwelm\/#website","url":"https:\/\/weltlaeden.de\/schwelm\/","name":"Weltladen Schwelm","description":"Faire Produkte seit 2022","potentialAction":[{"@type":"SearchAction","target":{"@type":"EntryPoint","urlTemplate":"https:\/\/weltlaeden.de\/schwelm\/?s={search_term_string}"},"query-input":{"@type":"PropertyValueSpecification","valueRequired":true,"valueName":"search_term_string"}}],"inLanguage":"de"}]}},"_links":{"self":[{"href":"https:\/\/weltlaeden.de\/schwelm\/wp-json\/wp\/v2\/pages\/548","targetHints":{"allow":["GET"]}}],"collection":[{"href":"https:\/\/weltlaeden.de\/schwelm\/wp-json\/wp\/v2\/pages"}],"about":[{"href":"https:\/\/weltlaeden.de\/schwelm\/wp-json\/wp\/v2\/types\/page"}],"author":[{"embeddable":true,"href":"https:\/\/weltlaeden.de\/schwelm\/wp-json\/wp\/v2\/users\/14"}],"replies":[{"embeddable":true,"href":"https:\/\/weltlaeden.de\/schwelm\/wp-json\/wp\/v2\/comments?post=548"}],"version-history":[{"count":3,"href":"https:\/\/weltlaeden.de\/schwelm\/wp-json\/wp\/v2\/pages\/548\/revisions"}],"predecessor-version":[{"id":552,"href":"https:\/\/weltlaeden.de\/schwelm\/wp-json\/wp\/v2\/pages\/548\/revisions\/552"}],"up":[{"embeddable":true,"href":"https:\/\/weltlaeden.de\/schwelm\/wp-json\/wp\/v2\/pages\/218"}],"wp:attachment":[{"href":"https:\/\/weltlaeden.de\/schwelm\/wp-json\/wp\/v2\/media?parent=548"}],"curies":[{"name":"wp","href":"https:\/\/api.w.org\/{rel}","templated":true}]}}