{"id":507,"date":"2021-02-12T09:41:06","date_gmt":"2021-02-12T08:41:06","guid":{"rendered":"https:\/\/weltlaeden.de\/schwelm\/?page_id=507"},"modified":"2022-10-20T16:49:30","modified_gmt":"2022-10-20T14:49:30","slug":"portraits-von-handelspartnern","status":"publish","type":"page","link":"https:\/\/weltlaeden.de\/schwelm\/portraits-von-handelspartnern\/","title":{"rendered":"Portraits von Handelspartnern"},"content":{"rendered":"<div class=\"wpb-content-wrapper\"><p>[vc_row][vc_column]<div class=\"wl_einzelbild\"><p><img loading=\"lazy\" decoding=\"async\" class=\"aligncenter size-full wp-image-nsm-3-84\" src=\"https:\/\/weltlaeden.de\/schwelm\/wp-content\/uploads\/sites\/3\/2020\/10\/portraet_hero_prokritee_Quelle_Dave-Klassen_1200x500.jpg\" alt=\"\" width=\"1200\" height=\"500\" \/><\/p><\/div>[\/vc_column][\/vc_row][vc_row][vc_column][vc_empty_space][\/vc_column][\/vc_row][vc_row][vc_column][vc_column_text]<\/p>\n<h1>Portraits von Handelspartnern<\/h1>\n<p>Transparenz und langfristige Handelsbeziehungen sind wichtige Merkmale des Fairen Handels. Im globalen Handel ist es etwas Besonderes, die Menschen hinter den Produkten kennenlernen zu k\u00f6nnen. Erfahren Sie, wo, von wem und wie besondere Lebensmittel oder faszinierendes Kunsthandwerk hergestellt werden.[\/vc_column_text][\/vc_column][\/vc_row][vc_row][vc_column][vc_empty_space height=&#8220;20px&#8220;][\/vc_column][\/vc_row][vc_row][vc_column][vc_column_text]<\/p>\n<h1>Die Rooibos-Revolution von Heiveld aus S\u00fcdafrika<\/h1>\n<p>[\/vc_column_text][vc_row_inner][vc_column_inner width=&#8220;1\/3&#8243;]<div class=\"wl_einzelbild\"><p><img loading=\"lazy\" decoding=\"async\" class=\"aligncenter size-medium wp-image-nsm-3-94\" src=\"https:\/\/weltlaeden.de\/schwelmnsammlung\/wp-content\/uploads\/sites\/3\/2020\/11\/Heiveld-1_K.-Kotze_Quelle_Albert-Retief_1200x800-300x200.jpg\" alt=\"\" width=\"300\" height=\"200\" \/><\/p><\/div>[\/vc_column_inner][vc_column_inner width=&#8220;2\/3&#8243;][vc_column_text]Die Zederberge in S\u00fcdafrika sind hei\u00df und trocken \u2013 diese karge Landschaft ist der einzige Ort auf der Welt, an dem Rooibos w\u00e4chst. Dort haben sich in der Heiveld-Kooperative 70 B\u00e4uerinnen und Bauern zusammengeschlossen, um auf ihrem eigenen Land biologisch angebauten Rooibos-Tee zu produzieren. <a href=\"?pagename=handelspartner-portrait-heiveld\">Erfahren Sie mehr&#8230;<\/a>[\/vc_column_text][\/vc_column_inner][\/vc_row_inner][vc_empty_space height=&#8220;20px&#8220;][vc_column_text]<\/p>\n<h1>Guter Kaffee von APROLMA aus Honduras<\/h1>\n<p>[\/vc_column_text][vc_row_inner][vc_column_inner width=&#8220;1\/3&#8243;]<div class=\"wl_einzelbild\"><p><img loading=\"lazy\" decoding=\"async\" class=\"aligncenter size-medium wp-image-nsm-3-89\" src=\"https:\/\/weltlaeden.de\/schwelm\/wp-content\/uploads\/sites\/3\/2020\/10\/APROLMA-1_R\u00f6stmeisterinnen_Quelle_GEPA-A.-Welsing-300x169.jpg\" alt=\"\" width=\"300\" height=\"169\" \/><\/p><\/div>[\/vc_column_inner][vc_column_inner width=&#8220;2\/3&#8243;][vc_column_text]Wir k\u00f6nnen auch anders! \u2013 das k\u00f6nnte das Motto von APROLMA sein. Zwei Besonderheiten zeichnen diese Kaffeekooperative in Honduras aus: Nur Frauen k\u00f6nnen Mitglied werden und der Kaffee wird vor Ort von den eigens ausgebildeten R\u00f6stmeisterinnen ger\u00f6stet und verpackt. <a href=\"?pagename=handelspartner-portrait-aprolma\">Erfahren Sie mehr&#8230;<\/a>[\/vc_column_text][\/vc_column_inner][\/vc_row_inner][vc_empty_space][vc_column_text]<\/p>\n<h1>fairafric: Schokolade made in Ghana<\/h1>\n<p>[\/vc_column_text][vc_row_inner][vc_column_inner width=&#8220;1\/3&#8243;]<div class=\"wl_einzelbild\"><p><img loading=\"lazy\" decoding=\"async\" class=\"size-medium wp-image-nsm-3-101 aligncenter\" src=\"https:\/\/weltlaeden.de\/schwelmnsammlung\/wp-content\/uploads\/sites\/3\/2021\/02\/fairafric-1_Team-Schokotisch_Quelle_fairafric_1200x800-300x200.jpg\" alt=\"\" width=\"300\" height=\"200\" \/><\/p><\/div>[\/vc_column_inner][vc_column_inner width=&#8220;2\/3&#8243;][vc_column_text]Ghana ist eines der f\u00fchrenden Anbau- und Exportl\u00e4nder von Rohkakao, Schokolade wird dort bisher allerdings kaum produziert. Ein Gro\u00dfteil der Wertsch\u00f6pfung geschieht bei der Verarbeitung in Europa, w\u00e4hrend viele Kakaofarmer*innen in Armut leben. Das deutsch-ghanaische Unternehmen fairafric ist angetreten, das zu \u00e4ndern. <a href=\"?pagename=handelspartner-portrait-fairafric\">Erfahren Sie mehr&#8230;<\/a>[\/vc_column_text][\/vc_column_inner][\/vc_row_inner][vc_empty_space][\/vc_column][\/vc_row][vc_row][vc_column][vc_column_text]<\/p>\n<h1>Seifen von SOAP-n-SCENT aus Thailand<\/h1>\n<p>[\/vc_column_text][vc_row_inner][vc_column_inner width=&#8220;1\/3&#8243;]<div class=\"wl_einzelbild\"><p><img loading=\"lazy\" decoding=\"async\" class=\"size-medium wp-image-563 aligncenter\" src=\"https:\/\/weltlaeden.de\/schwelmnsammlung\/wp-content\/uploads\/sites\/153\/2021\/03\/Soap-n-scent-1_Verpacken_Quelle_GEPA_600x400-300x200.jpg\" alt=\"\" width=\"300\" height=\"200\" \/><\/p><\/div>[\/vc_column_inner][vc_column_inner width=&#8220;2\/3&#8243;][vc_column_text css=&#8220;.vc_custom_1616010642960{background-color: #ffffff !important;border-radius: 2px !important;}&#8220;]Die Seifenmanufaktur von SOAP-n-SCENT ist eher eine gro\u00dfe K\u00fcche als eine Produktionshalle. Dort arbeiten mehr Menschen als Maschinen. Die Manufaktur in Chiang Mai ist ein heller, fr\u00f6hlicher Ort, an dem die Mitarbeiter*innen mit gro\u00dfer Sorgfalt die Seifen aus pflanzlichen \u00d6len in Handarbeit herstellen. <a href=\"?pagename=handelspartner-portrait-soap-n-scent\">Erfahren Sie mehr &#8230;<\/a>[\/vc_column_text][\/vc_column_inner][\/vc_row_inner][vc_empty_space][vc_column_text]<\/p>\n<p>&nbsp;<\/p>\n<h1>Feinkost von Canaan Fair Trade in Pal\u00e4stina<\/h1>\n<p>[\/vc_column_text][vc_row_inner][vc_column_inner width=&#8220;1\/3&#8243;]<div class=\"wl_einzelbild\"><p><img loading=\"lazy\" decoding=\"async\" class=\"alignleft\" src=\"https:\/\/weltlaeden.de\/schwelmnsammlung\/wp-content\/uploads\/sites\/3\/2021\/08\/Canaan-I_Familie-Jarar_Quelle_WeltPartner-eG_1200x800-300x200.jpg\" alt=\"Die Familie von Abu Mahmoud Jarar in ihrem Olivenhain. \" width=\"300\" height=\"200\" \/><\/p><\/div>[\/vc_column_inner][vc_column_inner width=&#8220;2\/3&#8243;][vc_column_text]Die knorrigen, widerstandsf\u00e4higen Olivenb\u00e4ume pr\u00e4gen die Landschaft in Pal\u00e4stina. Aus ihren Fr\u00fcchten stellen die Produzent*innen von Canaan Fair Trade k\u00f6stliches Oliven\u00f6l der h\u00f6chsten G\u00fcteklasse her und erschaffen so Perspektiven f\u00fcr ein selbstbestimmtes Leben. <a href=\"?pagename=handelspartner-portrait-canaan\">Erfahren Sie mehr &#8230;<\/a>[\/vc_column_text][\/vc_column_inner][\/vc_row_inner][vc_empty_space][vc_empty_space][vc_separator border_width=&#8220;2&#8243;][vc_column_text]<em> Bildnachweise f\u00fcr diese Seite (von oben nach unten): Dave Klassen, Dave Klassen, Albert Retief, GEPA\/A. Welsing,<\/em> <em>fairafric, GEPA-The Fair Trade Company, St. Louis<\/em>, <em>WeltPartner eG, Sonnenglas<\/em>[\/vc_column_text][\/vc_column][\/vc_row][vc_column][\/vc_column]<\/p>\n<\/div>","protected":false},"excerpt":{"rendered":"<p>[vc_row][vc_column][\/vc_column][\/vc_row][vc_row][vc_column][vc_empty_space][\/vc_column][\/vc_row][vc_row][vc_column][vc_column_text] Portraits von Handelspartnern Transparenz und langfristige Handelsbeziehungen sind wichtige Merkmale des Fairen Handels. Im globalen Handel ist es etwas Besonderes, die Menschen hinter den Produkten kennenlernen zu k\u00f6nnen. Erfahren Sie, wo, von wem und wie besondere Lebensmittel oder faszinierendes Kunsthandwerk hergestellt werden.[\/vc_column_text][\/vc_column][\/vc_row][vc_row][vc_column][vc_empty_space height=&#8220;20px&#8220;][\/vc_column][\/vc_row][vc_row][vc_column][vc_column_text] Die Rooibos-Revolution von Heiveld aus S\u00fcdafrika [\/vc_column_text][vc_row_inner][vc_column_inner width=&#8220;1\/3&#8243;][\/vc_column_inner][vc_column_inner width=&#8220;2\/3&#8243;][vc_column_text]Die Zederberge in&hellip;<\/p>\n","protected":false},"author":14,"featured_media":0,"parent":0,"menu_order":3,"comment_status":"closed","ping_status":"closed","template":"","meta":{"footnotes":""},"class_list":["post-507","page","type-page","status-publish","hentry","description-off"],"yoast_head":"<!-- This site is optimized with the Yoast SEO plugin v26.8 - https:\/\/yoast.com\/product\/yoast-seo-wordpress\/ -->\n<title>Portraits von Handelspartnern - Weltladen Schwelm<\/title>\n<meta name=\"robots\" content=\"index, follow, max-snippet:-1, max-image-preview:large, max-video-preview:-1\" \/>\n<link rel=\"canonical\" href=\"https:\/\/weltlaeden.de\/schwelm\/portraits-von-handelspartnern\/\" \/>\n<meta property=\"og:locale\" content=\"de_DE\" \/>\n<meta property=\"og:type\" content=\"article\" \/>\n<meta property=\"og:title\" content=\"Portraits von Handelspartnern - Weltladen Schwelm\" \/>\n<meta property=\"og:description\" content=\"[vc_row][vc_column][\/vc_column][\/vc_row][vc_row][vc_column][vc_empty_space][\/vc_column][\/vc_row][vc_row][vc_column][vc_column_text] Portraits von Handelspartnern Transparenz und langfristige Handelsbeziehungen sind wichtige Merkmale des Fairen Handels. Im globalen Handel ist es etwas Besonderes, die Menschen hinter den Produkten kennenlernen zu k\u00f6nnen. Erfahren Sie, wo, von wem und wie besondere Lebensmittel oder faszinierendes Kunsthandwerk hergestellt werden.[\/vc_column_text][\/vc_column][\/vc_row][vc_row][vc_column][vc_empty_space height=&#8220;20px&#8220;][\/vc_column][\/vc_row][vc_row][vc_column][vc_column_text] Die Rooibos-Revolution von Heiveld aus S\u00fcdafrika [\/vc_column_text][vc_row_inner][vc_column_inner width=&#8220;1\/3&#8243;][\/vc_column_inner][vc_column_inner width=&#8220;2\/3&#8243;][vc_column_text]Die Zederberge in&hellip;\" \/>\n<meta property=\"og:url\" content=\"https:\/\/weltlaeden.de\/schwelm\/portraits-von-handelspartnern\/\" \/>\n<meta property=\"og:site_name\" content=\"Weltladen Schwelm\" \/>\n<meta property=\"article:modified_time\" content=\"2022-10-20T14:49:30+00:00\" \/>\n<meta property=\"og:image\" content=\"https:\/\/weltlaeden.de\/schwelm\/wp-content\/uploads\/sites\/3\/2020\/10\/portraet_hero_prokritee_Quelle_Dave-Klassen_1200x500.jpg\" \/>\n<meta name=\"twitter:card\" content=\"summary_large_image\" \/>\n<meta name=\"twitter:label1\" content=\"Gesch\u00e4tzte Lesezeit\" \/>\n\t<meta name=\"twitter:data1\" content=\"4\u00a0Minuten\" \/>\n<script type=\"application\/ld+json\" class=\"yoast-schema-graph\">{\"@context\":\"https:\/\/schema.org\",\"@graph\":[{\"@type\":\"WebPage\",\"@id\":\"https:\/\/weltlaeden.de\/schwelm\/portraits-von-handelspartnern\/\",\"url\":\"https:\/\/weltlaeden.de\/schwelm\/portraits-von-handelspartnern\/\",\"name\":\"Portraits von Handelspartnern - Weltladen Schwelm\",\"isPartOf\":{\"@id\":\"https:\/\/weltlaeden.de\/schwelm\/#website\"},\"primaryImageOfPage\":{\"@id\":\"https:\/\/weltlaeden.de\/schwelm\/portraits-von-handelspartnern\/#primaryimage\"},\"image\":{\"@id\":\"https:\/\/weltlaeden.de\/schwelm\/portraits-von-handelspartnern\/#primaryimage\"},\"thumbnailUrl\":\"https:\/\/weltlaeden.de\/schwelm\/wp-content\/uploads\/sites\/3\/2020\/10\/portraet_hero_prokritee_Quelle_Dave-Klassen_1200x500.jpg\",\"datePublished\":\"2021-02-12T08:41:06+00:00\",\"dateModified\":\"2022-10-20T14:49:30+00:00\",\"breadcrumb\":{\"@id\":\"https:\/\/weltlaeden.de\/schwelm\/portraits-von-handelspartnern\/#breadcrumb\"},\"inLanguage\":\"de\",\"potentialAction\":[{\"@type\":\"ReadAction\",\"target\":[\"https:\/\/weltlaeden.de\/schwelm\/portraits-von-handelspartnern\/\"]}]},{\"@type\":\"ImageObject\",\"inLanguage\":\"de\",\"@id\":\"https:\/\/weltlaeden.de\/schwelm\/portraits-von-handelspartnern\/#primaryimage\",\"url\":\"https:\/\/weltlaeden.de\/schwelm\/wp-content\/uploads\/sites\/3\/2020\/10\/portraet_hero_prokritee_Quelle_Dave-Klassen_1200x500.jpg\",\"contentUrl\":\"https:\/\/weltlaeden.de\/schwelm\/wp-content\/uploads\/sites\/3\/2020\/10\/portraet_hero_prokritee_Quelle_Dave-Klassen_1200x500.jpg\"},{\"@type\":\"BreadcrumbList\",\"@id\":\"https:\/\/weltlaeden.de\/schwelm\/portraits-von-handelspartnern\/#breadcrumb\",\"itemListElement\":[{\"@type\":\"ListItem\",\"position\":1,\"name\":\"Startseite\",\"item\":\"https:\/\/weltlaeden.de\/schwelm\/\"},{\"@type\":\"ListItem\",\"position\":2,\"name\":\"Portraits von Handelspartnern\"}]},{\"@type\":\"WebSite\",\"@id\":\"https:\/\/weltlaeden.de\/schwelm\/#website\",\"url\":\"https:\/\/weltlaeden.de\/schwelm\/\",\"name\":\"Weltladen Schwelm\",\"description\":\"Faire Produkte seit 2022\",\"potentialAction\":[{\"@type\":\"SearchAction\",\"target\":{\"@type\":\"EntryPoint\",\"urlTemplate\":\"https:\/\/weltlaeden.de\/schwelm\/?s={search_term_string}\"},\"query-input\":{\"@type\":\"PropertyValueSpecification\",\"valueRequired\":true,\"valueName\":\"search_term_string\"}}],\"inLanguage\":\"de\"}]}<\/script>\n<!-- \/ Yoast SEO plugin. -->","yoast_head_json":{"title":"Portraits von Handelspartnern - Weltladen Schwelm","robots":{"index":"index","follow":"follow","max-snippet":"max-snippet:-1","max-image-preview":"max-image-preview:large","max-video-preview":"max-video-preview:-1"},"canonical":"https:\/\/weltlaeden.de\/schwelm\/portraits-von-handelspartnern\/","og_locale":"de_DE","og_type":"article","og_title":"Portraits von Handelspartnern - Weltladen Schwelm","og_description":"[vc_row][vc_column][\/vc_column][\/vc_row][vc_row][vc_column][vc_empty_space][\/vc_column][\/vc_row][vc_row][vc_column][vc_column_text] Portraits von Handelspartnern Transparenz und langfristige Handelsbeziehungen sind wichtige Merkmale des Fairen Handels. Im globalen Handel ist es etwas Besonderes, die Menschen hinter den Produkten kennenlernen zu k\u00f6nnen. Erfahren Sie, wo, von wem und wie besondere Lebensmittel oder faszinierendes Kunsthandwerk hergestellt werden.[\/vc_column_text][\/vc_column][\/vc_row][vc_row][vc_column][vc_empty_space height=&#8220;20px&#8220;][\/vc_column][\/vc_row][vc_row][vc_column][vc_column_text] Die Rooibos-Revolution von Heiveld aus S\u00fcdafrika [\/vc_column_text][vc_row_inner][vc_column_inner width=&#8220;1\/3&#8243;][\/vc_column_inner][vc_column_inner width=&#8220;2\/3&#8243;][vc_column_text]Die Zederberge in&hellip;","og_url":"https:\/\/weltlaeden.de\/schwelm\/portraits-von-handelspartnern\/","og_site_name":"Weltladen Schwelm","article_modified_time":"2022-10-20T14:49:30+00:00","og_image":[{"url":"https:\/\/weltlaeden.de\/schwelm\/wp-content\/uploads\/sites\/3\/2020\/10\/portraet_hero_prokritee_Quelle_Dave-Klassen_1200x500.jpg","type":"","width":"","height":""}],"twitter_card":"summary_large_image","twitter_misc":{"Gesch\u00e4tzte Lesezeit":"4\u00a0Minuten"},"schema":{"@context":"https:\/\/schema.org","@graph":[{"@type":"WebPage","@id":"https:\/\/weltlaeden.de\/schwelm\/portraits-von-handelspartnern\/","url":"https:\/\/weltlaeden.de\/schwelm\/portraits-von-handelspartnern\/","name":"Portraits von Handelspartnern - Weltladen Schwelm","isPartOf":{"@id":"https:\/\/weltlaeden.de\/schwelm\/#website"},"primaryImageOfPage":{"@id":"https:\/\/weltlaeden.de\/schwelm\/portraits-von-handelspartnern\/#primaryimage"},"image":{"@id":"https:\/\/weltlaeden.de\/schwelm\/portraits-von-handelspartnern\/#primaryimage"},"thumbnailUrl":"https:\/\/weltlaeden.de\/schwelm\/wp-content\/uploads\/sites\/3\/2020\/10\/portraet_hero_prokritee_Quelle_Dave-Klassen_1200x500.jpg","datePublished":"2021-02-12T08:41:06+00:00","dateModified":"2022-10-20T14:49:30+00:00","breadcrumb":{"@id":"https:\/\/weltlaeden.de\/schwelm\/portraits-von-handelspartnern\/#breadcrumb"},"inLanguage":"de","potentialAction":[{"@type":"ReadAction","target":["https:\/\/weltlaeden.de\/schwelm\/portraits-von-handelspartnern\/"]}]},{"@type":"ImageObject","inLanguage":"de","@id":"https:\/\/weltlaeden.de\/schwelm\/portraits-von-handelspartnern\/#primaryimage","url":"https:\/\/weltlaeden.de\/schwelm\/wp-content\/uploads\/sites\/3\/2020\/10\/portraet_hero_prokritee_Quelle_Dave-Klassen_1200x500.jpg","contentUrl":"https:\/\/weltlaeden.de\/schwelm\/wp-content\/uploads\/sites\/3\/2020\/10\/portraet_hero_prokritee_Quelle_Dave-Klassen_1200x500.jpg"},{"@type":"BreadcrumbList","@id":"https:\/\/weltlaeden.de\/schwelm\/portraits-von-handelspartnern\/#breadcrumb","itemListElement":[{"@type":"ListItem","position":1,"name":"Startseite","item":"https:\/\/weltlaeden.de\/schwelm\/"},{"@type":"ListItem","position":2,"name":"Portraits von Handelspartnern"}]},{"@type":"WebSite","@id":"https:\/\/weltlaeden.de\/schwelm\/#website","url":"https:\/\/weltlaeden.de\/schwelm\/","name":"Weltladen Schwelm","description":"Faire Produkte seit 2022","potentialAction":[{"@type":"SearchAction","target":{"@type":"EntryPoint","urlTemplate":"https:\/\/weltlaeden.de\/schwelm\/?s={search_term_string}"},"query-input":{"@type":"PropertyValueSpecification","valueRequired":true,"valueName":"search_term_string"}}],"inLanguage":"de"}]}},"_links":{"self":[{"href":"https:\/\/weltlaeden.de\/schwelm\/wp-json\/wp\/v2\/pages\/507","targetHints":{"allow":["GET"]}}],"collection":[{"href":"https:\/\/weltlaeden.de\/schwelm\/wp-json\/wp\/v2\/pages"}],"about":[{"href":"https:\/\/weltlaeden.de\/schwelm\/wp-json\/wp\/v2\/types\/page"}],"author":[{"embeddable":true,"href":"https:\/\/weltlaeden.de\/schwelm\/wp-json\/wp\/v2\/users\/14"}],"replies":[{"embeddable":true,"href":"https:\/\/weltlaeden.de\/schwelm\/wp-json\/wp\/v2\/comments?post=507"}],"version-history":[{"count":9,"href":"https:\/\/weltlaeden.de\/schwelm\/wp-json\/wp\/v2\/pages\/507\/revisions"}],"predecessor-version":[{"id":608,"href":"https:\/\/weltlaeden.de\/schwelm\/wp-json\/wp\/v2\/pages\/507\/revisions\/608"}],"wp:attachment":[{"href":"https:\/\/weltlaeden.de\/schwelm\/wp-json\/wp\/v2\/media?parent=507"}],"curies":[{"name":"wp","href":"https:\/\/api.w.org\/{rel}","templated":true}]}}