{"id":20,"date":"2022-09-16T09:05:06","date_gmt":"2016-10-14T07:05:21","guid":{"rendered":"https:\/\/wl.heimpixel.de\/vorlage\/weltladen-musterdorf\/"},"modified":"2022-10-20T17:17:47","modified_gmt":"2022-10-20T15:17:47","slug":"weltladen-schwelm","status":"publish","type":"page","link":"https:\/\/weltlaeden.de\/schwelm\/","title":{"rendered":"Weltladen Schwelm"},"content":{"rendered":"<div class=\"wpb-content-wrapper\"><p>[vc_row][vc_column]<div class=\"wl_einzelbild\"><p><img loading=\"lazy\" decoding=\"async\" class=\"alignnone wp-image-577 size-large\" title=\"Willkommen im Weltladen Schwelm\" src=\"https:\/\/weltlaeden.de\/schwelm\/wp-content\/uploads\/sites\/191\/2022\/10\/Weltladen-Schwelm-Willkommen-1024x579.jpg\" alt=\"Willkommen im Weltladen Schwelm\" width=\"1024\" height=\"579\" \/><\/p><\/div>[vc_empty_space height=&#8220;20px&#8220;][\/vc_column][\/vc_row][vc_row][vc_column][vc_column_text]<\/p>\n<h1 style=\"text-align: left\">Willkommen im Weltladen Schwelm!<\/h1>\n<p>[\/vc_column_text][vc_column_text]Sch\u00f6n, dass ihr zu uns gefunden habt! Schaut euch gerne um, was es bei uns Sch\u00f6nes und Besonderes gibt und was gerade an Neuem reingekommen ist. Ihr findet uns in Schwelm an zentraler Stelle in der ehemaligen Adler-Apotheke, Altmarkt 2. St\u00f6bert gerne mal durch unsere Homepage oder kommt einfach im Weltladen vorbei![\/vc_column_text][vc_empty_space height=&#8220;30px&#8220;][\/vc_column][\/vc_row][vc_row][vc_column][vc_column_text]<\/p>\n<h2>Was ihr auf dieser Website findet:<\/h2>\n<p>[\/vc_column_text][vc_empty_space height=&#8220;20px&#8220;][vc_row_inner][vc_column_inner width=&#8220;1\/4&#8243;]<div class=\"wl_einzelbild\"><p><img loading=\"lazy\" decoding=\"async\" class=\"alignleft size-thumbnail wp-image-nsm-3-15\" src=\"https:\/\/weltlaeden.de\/vorlage\/wp-content\/uploads\/sites\/3\/2016\/11\/FairerHandel_ElPuente_Fingerpuppen_EccoExe_Peru-150x150.jpg\" alt=\"\" width=\"150\" height=\"150\" \/><\/p><\/div>[\/vc_column_inner][vc_column_inner width=&#8220;3\/4&#8243;][vc_column_text]<\/p>\n<h3>Fairer Handel<\/h3>\n<p>Was meint Fairer Handel \u00fcberhaupt? Welche Kriterien m\u00fcssen eingehalten werden und wer \u00fcberpr\u00fcft diese? <a href=\"?pagename=fairer-handel\">Hier erfahrt ihr mehr &#8230;<\/a>[\/vc_column_text][\/vc_column_inner][\/vc_row_inner][vc_separator][vc_row_inner][vc_column_inner width=&#8220;1\/4&#8243;]<div class=\"wl_einzelbild\"><p><img loading=\"lazy\" decoding=\"async\" class=\"alignleft size-full wp-image-nsm-3-28\" src=\"https:\/\/weltlaeden.de\/vorlage\/wp-content\/uploads\/sites\/3\/2018\/05\/Lebensmittel_WL-Bornheim-Christian-Schilling_150x150.jpg\" alt=\"\" width=\"150\" height=\"150\" \/><\/p><\/div>[\/vc_column_inner][vc_column_inner width=&#8220;3\/4&#8243;][vc_column_text]<\/p>\n<h3>Produkte<\/h3>\n<p>Unsere Produkte im Weltladen sind nat\u00fcrlich alle aus Fairem Handel, dennoch kommen sie von unterschiedlichen Fair-Handels-Importeuren. <a href=\"?pagename=produkte\">Hier zeigen wir euch unser Sortiment &#8230;<\/a>[\/vc_column_text][\/vc_column_inner][\/vc_row_inner][vc_separator][vc_row_inner][vc_column_inner width=&#8220;1\/4&#8243;]<div class=\"wl_einzelbild\"><p><img loading=\"lazy\" decoding=\"async\" class=\"size-thumbnail wp-image-448 alignleft\" src=\"https:\/\/weltlaeden.de\/schwelm\/wp-content\/uploads\/sites\/191\/2019\/04\/board-game-challenge-chess-209728_1200x519-150x150.png\" alt=\"\" width=\"150\" height=\"150\" \/><\/p><\/div>[\/vc_column_inner][vc_column_inner width=&#8220;3\/4&#8243;][vc_column_text]<\/p>\n<h3>\u00dcber uns<\/h3>\n<p>Wer wir sind, warum wir uns f\u00fcr Fairen Handel engagieren: <a href=\"?pagename=ueber-uns\">hier stellen wir uns vor &#8230;<\/a>[\/vc_column_text][\/vc_column_inner][\/vc_row_inner][vc_separator][vc_row_inner][vc_column_inner width=&#8220;1\/4&#8243;]<div class=\"wl_einzelbild\"><p><img loading=\"lazy\" decoding=\"async\" class=\"alignleft size-full wp-image-nsm-3-35\" src=\"https:\/\/weltlaeden.de\/vorlage\/wp-content\/uploads\/sites\/3\/2018\/08\/pocket-watch-1637396_1920_150x150.png\" alt=\"\" width=\"150\" height=\"150\" \/><\/p><\/div>[\/vc_column_inner][vc_column_inner width=&#8220;3\/4&#8243;][vc_column_text]<\/p>\n<h3>Termine<\/h3>\n<p>Bei uns ist immer etwas los! Wir treffen uns regelm\u00e4\u00dfig Besprechungen und besuchen Fortbildungen, organisieren aber auch immer mal wieder eine Veranstaltung zum Fairen Handel und verwandten Themen. <a href=\"https:\/\/weltlaeden.de\/vorlage\/termine\/\">Hier erfahrt ihr was sich bei uns tut \u2026<\/a>[\/vc_column_text][\/vc_column_inner][\/vc_row_inner][vc_separator][vc_empty_space][\/vc_column][\/vc_row]<\/p>\n<\/div>","protected":false},"excerpt":{"rendered":"<p>[vc_row][vc_column][vc_empty_space height=&#8220;20px&#8220;][\/vc_column][\/vc_row][vc_row][vc_column][vc_column_text] Willkommen im Weltladen Schwelm! [\/vc_column_text][vc_column_text]Sch\u00f6n, dass ihr zu uns gefunden habt! Schaut euch gerne um, was es bei uns Sch\u00f6nes und Besonderes gibt und was gerade an Neuem reingekommen ist. Ihr findet uns in Schwelm an zentraler Stelle in der ehemaligen Adler-Apotheke, Altmarkt 2. St\u00f6bert gerne mal durch unsere Homepage oder kommt einfach&hellip;<\/p>\n","protected":false},"author":1,"featured_media":0,"parent":0,"menu_order":0,"comment_status":"closed","ping_status":"closed","template":"","meta":{"footnotes":""},"class_list":["post-20","page","type-page","status-publish","hentry","description-off"],"yoast_head":"<!-- This site is optimized with the Yoast SEO plugin v26.8 - https:\/\/yoast.com\/product\/yoast-seo-wordpress\/ -->\n<title>Weltladen Schwelm - Weltladen Schwelm<\/title>\n<meta name=\"robots\" content=\"index, follow, max-snippet:-1, max-image-preview:large, max-video-preview:-1\" \/>\n<link rel=\"canonical\" href=\"https:\/\/weltlaeden.de\/schwelm\/\" \/>\n<meta property=\"og:locale\" content=\"de_DE\" \/>\n<meta property=\"og:type\" content=\"article\" \/>\n<meta property=\"og:title\" content=\"Weltladen Schwelm - Weltladen Schwelm\" \/>\n<meta property=\"og:description\" content=\"[vc_row][vc_column][vc_empty_space height=&#8220;20px&#8220;][\/vc_column][\/vc_row][vc_row][vc_column][vc_column_text] Willkommen im Weltladen Schwelm! [\/vc_column_text][vc_column_text]Sch\u00f6n, dass ihr zu uns gefunden habt! Schaut euch gerne um, was es bei uns Sch\u00f6nes und Besonderes gibt und was gerade an Neuem reingekommen ist. Ihr findet uns in Schwelm an zentraler Stelle in der ehemaligen Adler-Apotheke, Altmarkt 2. St\u00f6bert gerne mal durch unsere Homepage oder kommt einfach&hellip;\" \/>\n<meta property=\"og:url\" content=\"https:\/\/weltlaeden.de\/schwelm\/\" \/>\n<meta property=\"og:site_name\" content=\"Weltladen Schwelm\" \/>\n<meta property=\"article:modified_time\" content=\"2022-10-20T15:17:47+00:00\" \/>\n<meta property=\"og:image\" content=\"https:\/\/weltlaeden.de\/schwelm\/wp-content\/uploads\/sites\/191\/2022\/10\/Weltladen-Schwelm-Willkommen-1024x579.jpg\" \/>\n<meta name=\"twitter:card\" content=\"summary_large_image\" \/>\n<meta name=\"twitter:label1\" content=\"Gesch\u00e4tzte Lesezeit\" \/>\n\t<meta name=\"twitter:data1\" content=\"3\u00a0Minuten\" \/>\n<script type=\"application\/ld+json\" class=\"yoast-schema-graph\">{\"@context\":\"https:\/\/schema.org\",\"@graph\":[{\"@type\":\"WebPage\",\"@id\":\"https:\/\/weltlaeden.de\/schwelm\/\",\"url\":\"https:\/\/weltlaeden.de\/schwelm\/\",\"name\":\"Weltladen Schwelm - Weltladen Schwelm\",\"isPartOf\":{\"@id\":\"https:\/\/weltlaeden.de\/schwelm\/#website\"},\"primaryImageOfPage\":{\"@id\":\"https:\/\/weltlaeden.de\/schwelm\/#primaryimage\"},\"image\":{\"@id\":\"https:\/\/weltlaeden.de\/schwelm\/#primaryimage\"},\"thumbnailUrl\":\"https:\/\/weltlaeden.de\/schwelm\/wp-content\/uploads\/sites\/191\/2022\/10\/Weltladen-Schwelm-Willkommen-1024x579.jpg\",\"datePublished\":\"2016-10-14T07:05:21+00:00\",\"dateModified\":\"2022-10-20T15:17:47+00:00\",\"breadcrumb\":{\"@id\":\"https:\/\/weltlaeden.de\/schwelm\/#breadcrumb\"},\"inLanguage\":\"de\",\"potentialAction\":[{\"@type\":\"ReadAction\",\"target\":[\"https:\/\/weltlaeden.de\/schwelm\/\"]}]},{\"@type\":\"ImageObject\",\"inLanguage\":\"de\",\"@id\":\"https:\/\/weltlaeden.de\/schwelm\/#primaryimage\",\"url\":\"https:\/\/weltlaeden.de\/schwelm\/wp-content\/uploads\/sites\/191\/2022\/10\/Weltladen-Schwelm-Willkommen-e1665857064775.jpg\",\"contentUrl\":\"https:\/\/weltlaeden.de\/schwelm\/wp-content\/uploads\/sites\/191\/2022\/10\/Weltladen-Schwelm-Willkommen-e1665857064775.jpg\",\"width\":468,\"height\":265,\"caption\":\"Willkommen im Weltladen Schwelm\"},{\"@type\":\"BreadcrumbList\",\"@id\":\"https:\/\/weltlaeden.de\/schwelm\/#breadcrumb\",\"itemListElement\":[{\"@type\":\"ListItem\",\"position\":1,\"name\":\"Startseite\",\"item\":\"https:\/\/weltlaeden.de\/schwelm\/\"},{\"@type\":\"ListItem\",\"position\":2,\"name\":\"Weltladen Schwelm\"}]},{\"@type\":\"WebSite\",\"@id\":\"https:\/\/weltlaeden.de\/schwelm\/#website\",\"url\":\"https:\/\/weltlaeden.de\/schwelm\/\",\"name\":\"Weltladen Schwelm\",\"description\":\"Faire Produkte seit 2022\",\"potentialAction\":[{\"@type\":\"SearchAction\",\"target\":{\"@type\":\"EntryPoint\",\"urlTemplate\":\"https:\/\/weltlaeden.de\/schwelm\/?s={search_term_string}\"},\"query-input\":{\"@type\":\"PropertyValueSpecification\",\"valueRequired\":true,\"valueName\":\"search_term_string\"}}],\"inLanguage\":\"de\"}]}<\/script>\n<!-- \/ Yoast SEO plugin. -->","yoast_head_json":{"title":"Weltladen Schwelm - Weltladen Schwelm","robots":{"index":"index","follow":"follow","max-snippet":"max-snippet:-1","max-image-preview":"max-image-preview:large","max-video-preview":"max-video-preview:-1"},"canonical":"https:\/\/weltlaeden.de\/schwelm\/","og_locale":"de_DE","og_type":"article","og_title":"Weltladen Schwelm - Weltladen Schwelm","og_description":"[vc_row][vc_column][vc_empty_space height=&#8220;20px&#8220;][\/vc_column][\/vc_row][vc_row][vc_column][vc_column_text] Willkommen im Weltladen Schwelm! [\/vc_column_text][vc_column_text]Sch\u00f6n, dass ihr zu uns gefunden habt! Schaut euch gerne um, was es bei uns Sch\u00f6nes und Besonderes gibt und was gerade an Neuem reingekommen ist. Ihr findet uns in Schwelm an zentraler Stelle in der ehemaligen Adler-Apotheke, Altmarkt 2. St\u00f6bert gerne mal durch unsere Homepage oder kommt einfach&hellip;","og_url":"https:\/\/weltlaeden.de\/schwelm\/","og_site_name":"Weltladen Schwelm","article_modified_time":"2022-10-20T15:17:47+00:00","og_image":[{"url":"https:\/\/weltlaeden.de\/schwelm\/wp-content\/uploads\/sites\/191\/2022\/10\/Weltladen-Schwelm-Willkommen-1024x579.jpg","type":"","width":"","height":""}],"twitter_card":"summary_large_image","twitter_misc":{"Gesch\u00e4tzte Lesezeit":"3\u00a0Minuten"},"schema":{"@context":"https:\/\/schema.org","@graph":[{"@type":"WebPage","@id":"https:\/\/weltlaeden.de\/schwelm\/","url":"https:\/\/weltlaeden.de\/schwelm\/","name":"Weltladen Schwelm - Weltladen Schwelm","isPartOf":{"@id":"https:\/\/weltlaeden.de\/schwelm\/#website"},"primaryImageOfPage":{"@id":"https:\/\/weltlaeden.de\/schwelm\/#primaryimage"},"image":{"@id":"https:\/\/weltlaeden.de\/schwelm\/#primaryimage"},"thumbnailUrl":"https:\/\/weltlaeden.de\/schwelm\/wp-content\/uploads\/sites\/191\/2022\/10\/Weltladen-Schwelm-Willkommen-1024x579.jpg","datePublished":"2016-10-14T07:05:21+00:00","dateModified":"2022-10-20T15:17:47+00:00","breadcrumb":{"@id":"https:\/\/weltlaeden.de\/schwelm\/#breadcrumb"},"inLanguage":"de","potentialAction":[{"@type":"ReadAction","target":["https:\/\/weltlaeden.de\/schwelm\/"]}]},{"@type":"ImageObject","inLanguage":"de","@id":"https:\/\/weltlaeden.de\/schwelm\/#primaryimage","url":"https:\/\/weltlaeden.de\/schwelm\/wp-content\/uploads\/sites\/191\/2022\/10\/Weltladen-Schwelm-Willkommen-e1665857064775.jpg","contentUrl":"https:\/\/weltlaeden.de\/schwelm\/wp-content\/uploads\/sites\/191\/2022\/10\/Weltladen-Schwelm-Willkommen-e1665857064775.jpg","width":468,"height":265,"caption":"Willkommen im Weltladen Schwelm"},{"@type":"BreadcrumbList","@id":"https:\/\/weltlaeden.de\/schwelm\/#breadcrumb","itemListElement":[{"@type":"ListItem","position":1,"name":"Startseite","item":"https:\/\/weltlaeden.de\/schwelm\/"},{"@type":"ListItem","position":2,"name":"Weltladen Schwelm"}]},{"@type":"WebSite","@id":"https:\/\/weltlaeden.de\/schwelm\/#website","url":"https:\/\/weltlaeden.de\/schwelm\/","name":"Weltladen Schwelm","description":"Faire Produkte seit 2022","potentialAction":[{"@type":"SearchAction","target":{"@type":"EntryPoint","urlTemplate":"https:\/\/weltlaeden.de\/schwelm\/?s={search_term_string}"},"query-input":{"@type":"PropertyValueSpecification","valueRequired":true,"valueName":"search_term_string"}}],"inLanguage":"de"}]}},"_links":{"self":[{"href":"https:\/\/weltlaeden.de\/schwelm\/wp-json\/wp\/v2\/pages\/20","targetHints":{"allow":["GET"]}}],"collection":[{"href":"https:\/\/weltlaeden.de\/schwelm\/wp-json\/wp\/v2\/pages"}],"about":[{"href":"https:\/\/weltlaeden.de\/schwelm\/wp-json\/wp\/v2\/types\/page"}],"author":[{"embeddable":true,"href":"https:\/\/weltlaeden.de\/schwelm\/wp-json\/wp\/v2\/users\/1"}],"replies":[{"embeddable":true,"href":"https:\/\/weltlaeden.de\/schwelm\/wp-json\/wp\/v2\/comments?post=20"}],"version-history":[{"count":41,"href":"https:\/\/weltlaeden.de\/schwelm\/wp-json\/wp\/v2\/pages\/20\/revisions"}],"predecessor-version":[{"id":614,"href":"https:\/\/weltlaeden.de\/schwelm\/wp-json\/wp\/v2\/pages\/20\/revisions\/614"}],"wp:attachment":[{"href":"https:\/\/weltlaeden.de\/schwelm\/wp-json\/wp\/v2\/media?parent=20"}],"curies":[{"name":"wp","href":"https:\/\/api.w.org\/{rel}","templated":true}]}}