{"id":841,"date":"2020-01-11T20:19:20","date_gmt":"2020-01-11T19:19:20","guid":{"rendered":"https:\/\/weltlaeden.de\/schweinfurt\/?page_id=841"},"modified":"2020-03-04T20:05:24","modified_gmt":"2020-03-04T19:05:24","slug":"testtermin","status":"publish","type":"page","link":"https:\/\/weltlaeden.de\/schweinfurt\/testtermin\/","title":{"rendered":"Termine"},"content":{"rendered":"<div class=\"wpb-content-wrapper\"><p>[vc_row][vc_column]<div class=\"wl_einzelbild\"><p><img loading=\"lazy\" decoding=\"async\" class=\"alignleft size-full wp-image-838\" src=\"https:\/\/weltlaeden.de\/schweinfurt\/wp-content\/uploads\/sites\/103\/2020\/01\/Terminkalender-mittel-e1578769297758.jpg\" alt=\"\" width=\"1059\" height=\"456\" srcset=\"https:\/\/weltlaeden.de\/schweinfurt\/wp-content\/uploads\/sites\/103\/2020\/01\/Terminkalender-mittel-e1578769297758.jpg 1059w, https:\/\/weltlaeden.de\/schweinfurt\/wp-content\/uploads\/sites\/103\/2020\/01\/Terminkalender-mittel-e1578769297758-300x129.jpg 300w, https:\/\/weltlaeden.de\/schweinfurt\/wp-content\/uploads\/sites\/103\/2020\/01\/Terminkalender-mittel-e1578769297758-768x331.jpg 768w, https:\/\/weltlaeden.de\/schweinfurt\/wp-content\/uploads\/sites\/103\/2020\/01\/Terminkalender-mittel-e1578769297758-1024x441.jpg 1024w\" sizes=\"auto, (max-width: 1059px) 100vw, 1059px\" \/><\/p><\/div>[vc_empty_space height=&#8220;30px&#8220;][vc_column_text]<\/p>\n<h1>Termine<\/h1>\n<h4><\/h4>\n<p>[\/vc_column_text][vc_empty_space height=&#8220;30px&#8220;][\/vc_column][\/vc_row][vc_row][vc_column width=&#8220;2\/3&#8243;][vc_column_text]<\/p>\n<h2>Kommende Termine<\/h2>\n<p>[\/vc_column_text]<ul class=\"termine-page current aktuell\">[vc_empty_space height=&#8220;30px&#8220;][vc_column_text]<\/p>\n<h2>Vergangene Termine<\/h2>\n<p>[\/vc_column_text]<ul class=\"termine-page past vergangen\"><li><h5 class=\"termine-titel\"><a href=\"https:\/\/weltlaeden.de\/schweinfurt\/termin\/fortbildung-fuer-lehrkraefte-sekundaerstufe-i\/\">Fortbildung f\u00fcr Lehrkr\u00e4fte &#8211; Sekund\u00e4rstufe I<\/a><\/h5><p class=\"termine-date\">Di., 25.02.2025, 14:00<\/p><p class=\"termine-auszug\"><strong>\"kritischer Konsum - gerechter Handel\"<\/strong> (Anmeldung erbeten) Sehr geehrte Lehrkr\u00e4fte, von Interesse ist diese Fortbildung vornehmlich f\u00fcr Kollegen und Kolleginnen aus den Bereichen Religionslehre\/Ethik, Geographie, Wirtschaft und Recht, PuG, aber ebenso auch \u00a0f\u00fcr Lehrkr\u00e4fte zur Gestaltung eines Wander- oder Projekttages (z.B. zu Alltagskompetenzen). Zur <strong>Anmeldung senden Sie bitte bis 06.02.2025<\/strong> eine Mail unter dem Betreff \u201eLehrkr\u00e4ftefortbildung\u201c mit Angabe von Namen, Schule und Telefonnummer an: weltladensw@t-online.de &nbsp; <p style=\"text-align: left;padding-left: 40px\"><strong>\"Kritischer Konsum \u2013 gerechter Handel\"<\/strong><\/p> <p style=\"text-align: left\"><strong>Fortbildung Weltladen Schweinfurt<\/strong> am 25.02.2025 von 14.00 bis 17.00 Uhr Casa Vielfalt, Raum \u201eWeitblick\u201c, St. Antonstr. 8, Schweinfurt<\/p> <p style=\"text-align: left\">Programm (geplanter Ablauf): Ab 14.00 Uhr Ankommen bei Kaffee und Imbiss 14.30 Uhr Begr\u00fc\u00dfung, \u00dcberblick \u00fcber das Angebot des Weltladens 15.00 Uhr Vorstellen und Ausprobieren<\/p> \u2022 \u201eFairraten und Fairsteckt-Tour\u201c \u2013 eine konsumkritische Schatzsuche in Schweinfurt \u2022 Materialkisten zu verschiedenen Themen, z.B. Schokolade \u2022 Digitales Angebot zu verschiedenen Themen, z.B. Handy <p style=\"text-align: left\">Ca. 17.00<\/p> [...] <a href=\"https:\/\/weltlaeden.de\/schweinfurt\/termin\/fortbildung-fuer-lehrkraefte-sekundaerstufe-i\/\"><small>[WEITERLESEN]<\/small><\/a><\/p><p class=termine-ort\"><small>Ort: <i>Casa Vielfalt<\/i><\/small><\/p><\/li><li><h5 class=\"termine-titel\"><a href=\"https:\/\/weltlaeden.de\/schweinfurt\/termin\/10-jahre-fairtrade-stadt-schweinfurt\/\">10 Jahre Fairtrade-Stadt Schweinfurt<\/a><\/h5><p class=\"termine-date\">Sa., 17.06.2023, 10:00<\/p><p class=\"termine-auszug\">25 Jahre Lokale Agenda - 10 Jahre Fairtrade-Stadt Schweinfurt am 17.06. von 10:00 - 17:00 Programm mit Musik und verschiedenen Vorf\u00fchrungen. F\u00fcr Essen und Getr\u00e4nke ist ebenso gesorgt. Der Weltladen versorgt Sie mit Kaffee und einem Gl\u00fccksrad. Feiern Sie mit uns!<p class=termine-ort\"><small>Ort: <i>Schweinfurt - Georg-Wichtermann-Platz<\/i><\/small><\/p><\/li><li><h5 class=\"termine-titel\"><a href=\"https:\/\/weltlaeden.de\/schweinfurt\/termin\/2083\/\">Mitgliederversammlung &#8222;Fair handeln Schweinfurt e.V.&#8220;<\/a><\/h5><p class=\"termine-date\">Do., 25.05.2023, 19:00<\/p><p class=\"termine-auszug\"><strong>Einladung zur ordentlichen Mitgliederversammlung des Vereins Fair handeln Schweinfurt e.V.<\/strong> am Donnerstag den 25.05.2023 um19:00 Uhr im Antonius-Saal der \"Casa Vielfalt\" in der katholischen Pfarrkirche St. Anton, St. Anton-Stra\u00dfe 8 in Schweinfurt.<\/li><li><h5 class=\"termine-titel\"><a href=\"https:\/\/weltlaeden.de\/schweinfurt\/termin\/weltladentag-13-05-2023\/\">Weltladentag 13.05.2023: M\u00e4chtig Fair!<\/a><\/h5><p class=\"termine-date\">Sa., 13.05.2023<\/p><p class=\"termine-auszug\"><strong>Pressemitteilung<\/strong> <strong>Fair-Handels-Organisationen fordern wirksames EU-Lieferkettengesetz<\/strong> <strong>Mainz\/Berlin, 08. Mai 2023 \u2013 Anl\u00e4sslich des Weltladentages (international: World Fair Trade <\/strong> <strong>Day) am 13. Mai rufen der Weltladen-Dachverband und das Forum Fairer Handel die <\/strong> <strong>Abgeordneten des Europ\u00e4ischen Parlaments auf, ihre Forderungen nach einem wirksamen EU-Lieferkettengesetz zu unterst\u00fctzen. Unter dem Motto \u201eM\u00e4chtig FAIR\u201c setzen bundesweit hunderte Weltl\u00e4den und Fair-Handels-Gruppen am 13. Mai ein Zeichen f\u00fcr die Dringlichkeit von sozial und \u00f6kologisch gerechten Wertsch\u00f6pfungsketten.<\/strong> Die Europ\u00e4ische Union hat es jetzt in der Hand, Menschenrechte und Umwelt mit einem Lieferkettengesetz wirksam zu sch\u00fctzen. Ein wichtiger Schritt auf diesem Weg war die Positionierung des federf\u00fchrenden Rechtsausschusses im EU-Parlament am 25. April. \u201eBedauerlicherweise haben konservative Abgeordnete erhebliche Schw\u00e4chungen in dieser Position durchgesetzt. Dennoch schlie\u00dft sie im Vergleich zum Gesetzentwurf der Kommission wichtige L\u00fccken. Wir begr\u00fc\u00dfen etwa, dass existenzsichernde Einkommen als Menschenrecht anerkannt werden, welches umgesetzt werden muss\u201d, so Stephanie Seeger, Kampagnen-Referentin des Weltladen-Dachverbandes. \u201eZudem sieht der Rechtsausschuss [...] <a href=\"https:\/\/weltlaeden.de\/schweinfurt\/termin\/weltladentag-13-05-2023\/\"><small>[WEITERLESEN]<\/small><\/a><\/p><\/li><li><h5 class=\"termine-titel\"><a href=\"https:\/\/weltlaeden.de\/schweinfurt\/termin\/1885\/\">Faire Woche<\/a><\/h5><p class=\"termine-date\">Fr., 16.09.2022<\/p><p class=\"termine-auszug\"><p style=\"text-align: center\">Faire Woche vom 16.-30.09.2022<\/p> <p style=\"text-align: center\">mit Verkostungen im Weltladen.<\/p> <p style=\"text-align: center\"><a href=\"https:\/\/weltlaeden.de\/schweinfurt\/termin\/1885\/fairewoche2022\/\" target=\"_blank\" rel=\"noopener\"><\/a><\/p><\/li><li><h5 class=\"termine-titel\"><a href=\"https:\/\/weltlaeden.de\/schweinfurt\/termin\/faire-woche-2021\/\">Faire Woche 2021<\/a><\/h5><p class=\"termine-date\">Sa., 11.09.2021 bis 24.09.2021<\/p><p class=\"termine-auszug\">Die Faire Woche 2021, vom 10. bis 24.09. - <strong>Zukunft fair gestalten<\/strong>. Welchen Beitrag leistet der faire Handel zu menschenw\u00fcrdigen Arbeitsbedingungen und nachhaltigem Wirtschaften? Menschenw\u00fcrdige Arbeit ist ein Menschenrecht. Aber gerade auch die Corona-Pandemie hat gezeigt, dass es weltweit nicht gut um die Arbeitsbedingungen bestellt ist. F\u00fcr weitere Infos und faire Kostproben kommen Sie einfach im Weltladen vorbei oder informieren Sie sich auf der Internetseite der <a href=\"https:\/\/www.faire-woche.de\/start\" target=\"_blank\" rel=\"noopener\">Fairen Woche.<\/a> &nbsp;<\/li><li><h5 class=\"termine-titel\"><a href=\"https:\/\/weltlaeden.de\/schweinfurt\/termin\/weltlaeden-und-klimawandel\/\">Weltl\u00e4den und Klimawandel<\/a><\/h5><p class=\"termine-date\">So., 18.07.2021 bis 05.09.2021<\/p><p class=\"termine-auszug\">Der Klimawandel geht uns alle an. Viele der ProduzentInnen des Fairen Handels leiden bereits unter den Folgen des Klimawandels. Lesen Sie die <a href=\"https:\/\/weltlaeden.de\/schweinfurt\/wp-content\/uploads\/sites\/103\/2021\/07\/2021-07-weltladen-standpunkt_01-klimawandel.pdf\" target=\"_blank\" rel=\"noopener\">Stellungnahme der Weltl\u00e4den<\/a> zum Klimawandel.<\/li><li><h5 class=\"termine-titel\"><a href=\"https:\/\/weltlaeden.de\/schweinfurt\/termin\/weltladen-fachtage-2021\/\">Weltladen-Fachtage 2021<\/a><\/h5><p class=\"termine-date\">Mi., 09.06.2021 bis 12.06.2021<\/p><p class=\"termine-auszug\">Weltladen-Fachtage: 09.-12. Juni 2021 Auch in diesem Jahr aufgrund der Corona-Pandemie im Online-Format. Die Fachmesse f\u00fcr Weltl\u00e4den und Fair-Handels-Aktive. \u00dcber 45 anerkannte Lieferanten und Dienstleister an virtuellen Messest\u00e4nden sowie interessante Fachtagungen. Weitere Infos und Anmeldung unter: <a href=\"http:\/\/www.weltladen.de\/fuer-weltlaeden\/weltladen-fachtage-online\/\">http:\/\/www.weltladen.de\/fuer-weltlaeden\/weltladen-fachtage-online\/<\/a> &nbsp; &nbsp;<\/li><li><h5 class=\"termine-titel\"><a href=\"https:\/\/weltlaeden.de\/schweinfurt\/termin\/digitales-lernen-rund-ums-handy\/\">Digitales Lernen &#8211; Rund ums Handy &#8211; Rund um die Schokolade<\/a><\/h5><p class=\"termine-date\">So., 20.12.2020 bis 13.02.2021<\/p><p class=\"termine-auszug\">Von der Herstellung bis zur Entsorgung - erfahren Sie mehr \u00fcber die Produktionskette eines Handys und\/oder \u00fcber den Weg der Schokolade vom Kakaoanbau bis zum Verkauf in unseren Superm\u00e4rkten. <a href=\"https:\/\/weltlaeden.de\/schweinfurt\/digitales-lernen\/\">Hier geht es weiter ...<\/a><\/li><li><h5 class=\"termine-titel\"><a href=\"https:\/\/weltlaeden.de\/schweinfurt\/termin\/weltladen-tag-am-9-mai\/\">Weltladen Tag am 9. Mai<\/a><\/h5><p class=\"termine-date\">Sa., 09.05.2020, 10:00<\/p><p class=\"termine-auszug\">Initiative \u201eLieferketten-Gesetz\u201c - F\u00fcr die Gewinne deutscher Unternehmen zahlen viele: &nbsp; &nbsp; Tote bei Fabrikbr\u00e4nden, ausbeuterische Kinderarbeit, zerst\u00f6rte Regenw\u00e4lder - Deutsche Unternehmen sind weltweit immer wieder an Menschenrechtsverletzungen und Umweltzerst\u00f6rung beteiligt \u2013 ohne dass sie daf\u00fcr rechtliche Konsequenzen f\u00fcrchten m\u00fcssen. Die Initiative \u201eLieferketten-Gesetz\u201c fordert von PolitikerInnen, sich aktiv f\u00fcr einen gesetzlichen Rahmen einzusetzen, mit dem Unternehmen verpflichtet werden auch im Ausland Menschenrechte und Umweltstandards zu achten. Unternehmen, die f\u00fcr Sch\u00e4den an Mensch und Umwelt verantwortlich sind, m\u00fcssen danach daf\u00fcr haften. Gesch\u00e4digte k\u00f6nnten dann auch vor deutschen Gerichten ihre Rechte einklagen. Der mangelhafte Brandschutz in einer Textilhandels-Zulieferfabrik in Pakistan f\u00fchrt zum Tod von 258 Menschen. Durch den Dammbruch bei einer brasilianischen Eisenerzmine sterben 272 Menschen \u2013 obwohl der T\u00dcV S\u00fcd Brasilien kurz zuvor die Sicherheit des Damms zertifiziert hat. Vor einer Platin-Mine in S\u00fcdafrika werden 34 streikende Arbeiter erschossen und deutsche Unternehmen machen mit dem Betreiber der Mine weiterhin gute Gesch\u00e4fte. [...] <a href=\"https:\/\/weltlaeden.de\/schweinfurt\/termin\/weltladen-tag-am-9-mai\/\"><small>[WEITERLESEN]<\/small><\/a><\/p><\/li><li><h5 class=\"termine-titel\"><a href=\"https:\/\/weltlaeden.de\/schweinfurt\/termin\/kunsthandwerk-fairer-handel-vortrag\/\">Kunsthandwerk &amp; Fairer Handel (Vortrag)<\/a><\/h5><p class=\"termine-date\">Mi., 12.02.2020, 19:00<\/p><p class=\"termine-auszug\">Einen ganz besonderen Blick verdient das Kunsthandwerk im Fairen Handel. Denn in jedem echten Kunsthandwerksprodukt steckt eine Geschichte, die die Traditionen seines Ursprungslandes widerspiegelt. Das schauen wir uns genauer an. Und wie die fairen Kooperativen den Menschen vor Ort helfen, das umzusetzen. Es gibt die M\u00f6glichkeit, faire Lebensmittel und Kunsthandwerk zu kaufen. Vortrag beim Frauenbund St. Josef Oberdorf, Referentin Ulrike Pfrang<p class=termine-ort\"><small>Ort: <i>Pfarrzentrum St. Josef Oberndorf<\/i><\/small><\/p><\/li><li><h5 class=\"termine-titel\"><a href=\"https:\/\/weltlaeden.de\/schweinfurt\/termin\/beispieltermin\/\">Teezeremonie<\/a><\/h5><p class=\"termine-date\">Do., 21.11.2019, 19:30<\/p><p class=\"termine-auszug\">Verkostung von Tees aus aller Welt\u00a0 - mit kleinem Imbiss und Teezeremonien &nbsp;<p class=termine-ort\"><small>Ort: <i>plusPunkt Schweinfurt<\/i><\/small><\/p><\/li><\/ul>[\/vc_column][\/vc_row][vc_row][\/vc_row]<\/p>\n<\/div>","protected":false},"excerpt":{"rendered":"<p>[vc_row][vc_column][vc_empty_space height=&#8220;30px&#8220;][vc_column_text] Termine [\/vc_column_text][vc_empty_space height=&#8220;30px&#8220;][\/vc_column][\/vc_row][vc_row][vc_column width=&#8220;2\/3&#8243;][vc_column_text] Kommende Termine [\/vc_column_text][vc_empty_space height=&#8220;30px&#8220;][vc_column_text] Vergangene Termine [\/vc_column_text][\/vc_column][\/vc_row][vc_row][\/vc_row]<\/p>\n","protected":false},"author":158,"featured_media":0,"parent":0,"menu_order":0,"comment_status":"closed","ping_status":"closed","template":"","meta":{"footnotes":""},"class_list":["post-841","page","type-page","status-publish","hentry","description-off"],"yoast_head":"<!-- This site is optimized with the Yoast SEO plugin v26.8 - https:\/\/yoast.com\/product\/yoast-seo-wordpress\/ -->\n<title>Termine - Weltladen Schweinfurt<\/title>\n<meta name=\"robots\" content=\"index, follow, max-snippet:-1, max-image-preview:large, max-video-preview:-1\" \/>\n<link rel=\"canonical\" href=\"https:\/\/weltlaeden.de\/schweinfurt\/testtermin\/\" \/>\n<meta property=\"og:locale\" content=\"de_DE\" \/>\n<meta property=\"og:type\" content=\"article\" \/>\n<meta property=\"og:title\" content=\"Termine - Weltladen Schweinfurt\" \/>\n<meta property=\"og:description\" content=\"[vc_row][vc_column][vc_empty_space height=&#8220;30px&#8220;][vc_column_text] Termine [\/vc_column_text][vc_empty_space height=&#8220;30px&#8220;][\/vc_column][\/vc_row][vc_row][vc_column width=&#8220;2\/3&#8243;][vc_column_text] Kommende Termine [\/vc_column_text][vc_empty_space height=&#8220;30px&#8220;][vc_column_text] Vergangene Termine [\/vc_column_text][\/vc_column][\/vc_row][vc_row][\/vc_row]\" \/>\n<meta property=\"og:url\" content=\"https:\/\/weltlaeden.de\/schweinfurt\/testtermin\/\" \/>\n<meta property=\"og:site_name\" content=\"Weltladen Schweinfurt\" \/>\n<meta property=\"article:modified_time\" content=\"2020-03-04T19:05:24+00:00\" \/>\n<meta property=\"og:image\" content=\"https:\/\/weltlaeden.de\/schweinfurt\/wp-content\/uploads\/sites\/103\/2020\/01\/Terminkalender-mittel-e1578769297758.jpg\" \/>\n<meta name=\"twitter:card\" content=\"summary_large_image\" \/>\n<script type=\"application\/ld+json\" class=\"yoast-schema-graph\">{\"@context\":\"https:\/\/schema.org\",\"@graph\":[{\"@type\":\"WebPage\",\"@id\":\"https:\/\/weltlaeden.de\/schweinfurt\/testtermin\/\",\"url\":\"https:\/\/weltlaeden.de\/schweinfurt\/testtermin\/\",\"name\":\"Termine - Weltladen Schweinfurt\",\"isPartOf\":{\"@id\":\"https:\/\/weltlaeden.de\/schweinfurt\/#website\"},\"primaryImageOfPage\":{\"@id\":\"https:\/\/weltlaeden.de\/schweinfurt\/testtermin\/#primaryimage\"},\"image\":{\"@id\":\"https:\/\/weltlaeden.de\/schweinfurt\/testtermin\/#primaryimage\"},\"thumbnailUrl\":\"https:\/\/weltlaeden.de\/schweinfurt\/wp-content\/uploads\/sites\/103\/2020\/01\/Terminkalender-mittel-e1578769297758.jpg\",\"datePublished\":\"2020-01-11T19:19:20+00:00\",\"dateModified\":\"2020-03-04T19:05:24+00:00\",\"breadcrumb\":{\"@id\":\"https:\/\/weltlaeden.de\/schweinfurt\/testtermin\/#breadcrumb\"},\"inLanguage\":\"de\",\"potentialAction\":[{\"@type\":\"ReadAction\",\"target\":[\"https:\/\/weltlaeden.de\/schweinfurt\/testtermin\/\"]}]},{\"@type\":\"ImageObject\",\"inLanguage\":\"de\",\"@id\":\"https:\/\/weltlaeden.de\/schweinfurt\/testtermin\/#primaryimage\",\"url\":\"https:\/\/weltlaeden.de\/schweinfurt\/wp-content\/uploads\/sites\/103\/2020\/01\/Terminkalender-mittel-e1578769297758.jpg\",\"contentUrl\":\"https:\/\/weltlaeden.de\/schweinfurt\/wp-content\/uploads\/sites\/103\/2020\/01\/Terminkalender-mittel-e1578769297758.jpg\",\"width\":1059,\"height\":456},{\"@type\":\"BreadcrumbList\",\"@id\":\"https:\/\/weltlaeden.de\/schweinfurt\/testtermin\/#breadcrumb\",\"itemListElement\":[{\"@type\":\"ListItem\",\"position\":1,\"name\":\"Startseite\",\"item\":\"https:\/\/weltlaeden.de\/schweinfurt\/\"},{\"@type\":\"ListItem\",\"position\":2,\"name\":\"Termine\"}]},{\"@type\":\"WebSite\",\"@id\":\"https:\/\/weltlaeden.de\/schweinfurt\/#website\",\"url\":\"https:\/\/weltlaeden.de\/schweinfurt\/\",\"name\":\"Weltladen Schweinfurt\",\"description\":\"Faire Produkte seit 1989\",\"potentialAction\":[{\"@type\":\"SearchAction\",\"target\":{\"@type\":\"EntryPoint\",\"urlTemplate\":\"https:\/\/weltlaeden.de\/schweinfurt\/?s={search_term_string}\"},\"query-input\":{\"@type\":\"PropertyValueSpecification\",\"valueRequired\":true,\"valueName\":\"search_term_string\"}}],\"inLanguage\":\"de\"}]}<\/script>\n<!-- \/ Yoast SEO plugin. -->","yoast_head_json":{"title":"Termine - Weltladen Schweinfurt","robots":{"index":"index","follow":"follow","max-snippet":"max-snippet:-1","max-image-preview":"max-image-preview:large","max-video-preview":"max-video-preview:-1"},"canonical":"https:\/\/weltlaeden.de\/schweinfurt\/testtermin\/","og_locale":"de_DE","og_type":"article","og_title":"Termine - Weltladen Schweinfurt","og_description":"[vc_row][vc_column][vc_empty_space height=&#8220;30px&#8220;][vc_column_text] Termine [\/vc_column_text][vc_empty_space height=&#8220;30px&#8220;][\/vc_column][\/vc_row][vc_row][vc_column width=&#8220;2\/3&#8243;][vc_column_text] Kommende Termine [\/vc_column_text][vc_empty_space height=&#8220;30px&#8220;][vc_column_text] Vergangene Termine [\/vc_column_text][\/vc_column][\/vc_row][vc_row][\/vc_row]","og_url":"https:\/\/weltlaeden.de\/schweinfurt\/testtermin\/","og_site_name":"Weltladen Schweinfurt","article_modified_time":"2020-03-04T19:05:24+00:00","og_image":[{"url":"https:\/\/weltlaeden.de\/schweinfurt\/wp-content\/uploads\/sites\/103\/2020\/01\/Terminkalender-mittel-e1578769297758.jpg","type":"","width":"","height":""}],"twitter_card":"summary_large_image","schema":{"@context":"https:\/\/schema.org","@graph":[{"@type":"WebPage","@id":"https:\/\/weltlaeden.de\/schweinfurt\/testtermin\/","url":"https:\/\/weltlaeden.de\/schweinfurt\/testtermin\/","name":"Termine - Weltladen Schweinfurt","isPartOf":{"@id":"https:\/\/weltlaeden.de\/schweinfurt\/#website"},"primaryImageOfPage":{"@id":"https:\/\/weltlaeden.de\/schweinfurt\/testtermin\/#primaryimage"},"image":{"@id":"https:\/\/weltlaeden.de\/schweinfurt\/testtermin\/#primaryimage"},"thumbnailUrl":"https:\/\/weltlaeden.de\/schweinfurt\/wp-content\/uploads\/sites\/103\/2020\/01\/Terminkalender-mittel-e1578769297758.jpg","datePublished":"2020-01-11T19:19:20+00:00","dateModified":"2020-03-04T19:05:24+00:00","breadcrumb":{"@id":"https:\/\/weltlaeden.de\/schweinfurt\/testtermin\/#breadcrumb"},"inLanguage":"de","potentialAction":[{"@type":"ReadAction","target":["https:\/\/weltlaeden.de\/schweinfurt\/testtermin\/"]}]},{"@type":"ImageObject","inLanguage":"de","@id":"https:\/\/weltlaeden.de\/schweinfurt\/testtermin\/#primaryimage","url":"https:\/\/weltlaeden.de\/schweinfurt\/wp-content\/uploads\/sites\/103\/2020\/01\/Terminkalender-mittel-e1578769297758.jpg","contentUrl":"https:\/\/weltlaeden.de\/schweinfurt\/wp-content\/uploads\/sites\/103\/2020\/01\/Terminkalender-mittel-e1578769297758.jpg","width":1059,"height":456},{"@type":"BreadcrumbList","@id":"https:\/\/weltlaeden.de\/schweinfurt\/testtermin\/#breadcrumb","itemListElement":[{"@type":"ListItem","position":1,"name":"Startseite","item":"https:\/\/weltlaeden.de\/schweinfurt\/"},{"@type":"ListItem","position":2,"name":"Termine"}]},{"@type":"WebSite","@id":"https:\/\/weltlaeden.de\/schweinfurt\/#website","url":"https:\/\/weltlaeden.de\/schweinfurt\/","name":"Weltladen Schweinfurt","description":"Faire Produkte seit 1989","potentialAction":[{"@type":"SearchAction","target":{"@type":"EntryPoint","urlTemplate":"https:\/\/weltlaeden.de\/schweinfurt\/?s={search_term_string}"},"query-input":{"@type":"PropertyValueSpecification","valueRequired":true,"valueName":"search_term_string"}}],"inLanguage":"de"}]}},"_links":{"self":[{"href":"https:\/\/weltlaeden.de\/schweinfurt\/wp-json\/wp\/v2\/pages\/841","targetHints":{"allow":["GET"]}}],"collection":[{"href":"https:\/\/weltlaeden.de\/schweinfurt\/wp-json\/wp\/v2\/pages"}],"about":[{"href":"https:\/\/weltlaeden.de\/schweinfurt\/wp-json\/wp\/v2\/types\/page"}],"author":[{"embeddable":true,"href":"https:\/\/weltlaeden.de\/schweinfurt\/wp-json\/wp\/v2\/users\/158"}],"replies":[{"embeddable":true,"href":"https:\/\/weltlaeden.de\/schweinfurt\/wp-json\/wp\/v2\/comments?post=841"}],"version-history":[{"count":4,"href":"https:\/\/weltlaeden.de\/schweinfurt\/wp-json\/wp\/v2\/pages\/841\/revisions"}],"predecessor-version":[{"id":944,"href":"https:\/\/weltlaeden.de\/schweinfurt\/wp-json\/wp\/v2\/pages\/841\/revisions\/944"}],"wp:attachment":[{"href":"https:\/\/weltlaeden.de\/schweinfurt\/wp-json\/wp\/v2\/media?parent=841"}],"curies":[{"name":"wp","href":"https:\/\/api.w.org\/{rel}","templated":true}]}}