{"id":641,"date":"2019-12-14T17:47:28","date_gmt":"2019-12-14T16:47:28","guid":{"rendered":"https:\/\/weltlaeden.de\/schweinfurt\/?page_id=641"},"modified":"2020-03-15T14:00:49","modified_gmt":"2020-03-15T13:00:49","slug":"verein","status":"publish","type":"page","link":"https:\/\/weltlaeden.de\/schweinfurt\/verein\/","title":{"rendered":"Verein"},"content":{"rendered":"<div class=\"wpb-content-wrapper\"><p>[vc_row][vc_column][vc_empty_space]<div class=\"wl_einzelbild\"><p><img loading=\"lazy\" decoding=\"async\" class=\"size-full wp-image-911 aligncenter\" src=\"https:\/\/weltlaeden.de\/schweinfurt\/wp-content\/uploads\/sites\/103\/2020\/01\/LogoVereinGeschn.jpg\" alt=\"\" width=\"765\" height=\"102\" srcset=\"https:\/\/weltlaeden.de\/schweinfurt\/wp-content\/uploads\/sites\/103\/2020\/01\/LogoVereinGeschn.jpg 765w, https:\/\/weltlaeden.de\/schweinfurt\/wp-content\/uploads\/sites\/103\/2020\/01\/LogoVereinGeschn-300x40.jpg 300w\" sizes=\"auto, (max-width: 765px) 100vw, 765px\" \/><\/p><\/div>[vc_empty_space][vc_empty_space height=&#8220;50px&#8220;][\/vc_column][\/vc_row][vc_row][vc_column][vc_column_text]<\/p>\n<h1>Tr\u00e4gerverein &#8222;fair handeln Schweinfurt e.V.&#8220;<\/h1>\n<p>[\/vc_column_text][vc_column_text]Der\u00a0 &#8222;fair handeln Schweinfurt e.V.&#8220; wurde 2010 als Tr\u00e4gerverein des Weltladens Schweinfurt gegr\u00fcndet. Der Verein ist als gemeinn\u00fctzig anerkannt.<\/p>\n<p>Nach der Idee &#8222;Wandel durch Handel&#8220; verfolgt er als Ziele:<\/p>\n<ul>\n<li>die Verbesserung der Lebens- und Arbeitsbedingungen der ProduzentInnen und die St\u00e4rkung ihrer politischen und wirtschaftlichen Situation<\/li>\n<li>die Unterst\u00fctzung einer nachhaltigen Entwicklung und die Sicherung der Lebensgrundlage zuk\u00fcnftiger Generationen vor Ort<\/li>\n<li>die Vermittlung von Wissen \u00fcber die Probleme benachteiligter Menschen und deren Ursachen<\/li>\n<li>die Ver\u00e4nderung des Bewusstsein der politischen Entscheidungstr\u00e4gerInnen und KonsumentInnen<\/li>\n<\/ul>\n<p>Wir freuen uns sehr, wenn Sie unseren Verein unterst\u00fctzen. Das k\u00f6nnen Sie durch eine Mitgliedschaft im Verein, Ihre <a href=\"https:\/\/weltlaeden.de\/schweinfurt\/ueber-uns\/\" target=\"_blank\" rel=\"noopener\">Mitarbeit<\/a> (z.B. in unseren Arbeitskreisen und im Weltladen) oder durch Spenden, die von der Steuer absetzbar sind. Die Spenden und der erwirtschaftete Gewinn flie\u00dfen in verschiedene Projekte, \u00fcber die die j\u00e4hrliche Mitgliederversammlung entscheidet.[\/vc_column_text][vc_empty_space height=&#8220;16px&#8220;][\/vc_column][vc_column][\/vc_column][\/vc_row][vc_row][vc_column width=&#8220;1\/2&#8243;][vc_column_text]fair handeln Schweinfurt e.V.<br \/>\nIBAN: DE95 7933 0111 0000 0014 99<br \/>\nBIC: FLESDEMMXXX<br \/>\nBank: Flessa-Bank Schweinfurt[\/vc_column_text][\/vc_column][vc_column width=&#8220;1\/2&#8243;]<a href=\"https:\/\/weltlaeden.de\/schweinfurt\/wp-content\/uploads\/sites\/103\/2020\/01\/MitgliedsantragNEUsepa.pdf\" class=\"btn-shortcode dt-btn-s dt-btn default-btn-color default-btn-hover-color default-btn-bg-color default-btn-bg-hover-color\" target=\"_blank\" id=\"dt-btn-1\" rel=\"noopener\"><span>Download Mitgliedsantrag<\/span><\/a>[\/vc_column][vc_column][\/vc_column][vc_column][\/vc_column][\/vc_row][vc_row][\/vc_row][vc_row][\/vc_row][vc_row][\/vc_row][vc_row][\/vc_row][vc_row][\/vc_row][vc_row][\/vc_row][vc_row][\/vc_row][vc_row][\/vc_row][vc_row][\/vc_row][vc_row][\/vc_row][vc_row][\/vc_row][vc_row][\/vc_row][vc_row][\/vc_row]<\/p>\n<\/div>","protected":false},"excerpt":{"rendered":"<p>[vc_row][vc_column][vc_empty_space][vc_empty_space][vc_empty_space height=&#8220;50px&#8220;][\/vc_column][\/vc_row][vc_row][vc_column][vc_column_text] Tr\u00e4gerverein &#8222;fair handeln Schweinfurt e.V.&#8220; [\/vc_column_text][vc_column_text]Der\u00a0 &#8222;fair handeln Schweinfurt e.V.&#8220; wurde 2010 als Tr\u00e4gerverein des Weltladens Schweinfurt gegr\u00fcndet. Der Verein ist als gemeinn\u00fctzig anerkannt. Nach der Idee &#8222;Wandel durch Handel&#8220; verfolgt er als Ziele: die Verbesserung der Lebens- und Arbeitsbedingungen der ProduzentInnen und die St\u00e4rkung ihrer politischen und wirtschaftlichen Situation die Unterst\u00fctzung einer&hellip;<\/p>\n","protected":false},"author":158,"featured_media":0,"parent":0,"menu_order":0,"comment_status":"closed","ping_status":"closed","template":"","meta":{"footnotes":""},"class_list":["post-641","page","type-page","status-publish","hentry","description-off"],"yoast_head":"<!-- This site is optimized with the Yoast SEO plugin v26.8 - https:\/\/yoast.com\/product\/yoast-seo-wordpress\/ -->\n<title>Verein - Weltladen Schweinfurt<\/title>\n<meta name=\"robots\" content=\"index, follow, max-snippet:-1, max-image-preview:large, max-video-preview:-1\" \/>\n<link rel=\"canonical\" href=\"https:\/\/weltlaeden.de\/schweinfurt\/verein\/\" \/>\n<meta property=\"og:locale\" content=\"de_DE\" \/>\n<meta property=\"og:type\" content=\"article\" \/>\n<meta property=\"og:title\" content=\"Verein - Weltladen Schweinfurt\" \/>\n<meta property=\"og:description\" content=\"[vc_row][vc_column][vc_empty_space][vc_empty_space][vc_empty_space height=&#8220;50px&#8220;][\/vc_column][\/vc_row][vc_row][vc_column][vc_column_text] Tr\u00e4gerverein &#8222;fair handeln Schweinfurt e.V.&#8220; [\/vc_column_text][vc_column_text]Der\u00a0 &#8222;fair handeln Schweinfurt e.V.&#8220; wurde 2010 als Tr\u00e4gerverein des Weltladens Schweinfurt gegr\u00fcndet. Der Verein ist als gemeinn\u00fctzig anerkannt. Nach der Idee &#8222;Wandel durch Handel&#8220; verfolgt er als Ziele: die Verbesserung der Lebens- und Arbeitsbedingungen der ProduzentInnen und die St\u00e4rkung ihrer politischen und wirtschaftlichen Situation die Unterst\u00fctzung einer&hellip;\" \/>\n<meta property=\"og:url\" content=\"https:\/\/weltlaeden.de\/schweinfurt\/verein\/\" \/>\n<meta property=\"og:site_name\" content=\"Weltladen Schweinfurt\" \/>\n<meta property=\"article:modified_time\" content=\"2020-03-15T13:00:49+00:00\" \/>\n<meta property=\"og:image\" content=\"https:\/\/weltlaeden.de\/schweinfurt\/wp-content\/uploads\/sites\/103\/2020\/01\/LogoVereinGeschn.jpg\" \/>\n<meta name=\"twitter:card\" content=\"summary_large_image\" \/>\n<meta name=\"twitter:label1\" content=\"Gesch\u00e4tzte Lesezeit\" \/>\n\t<meta name=\"twitter:data1\" content=\"2\u00a0Minuten\" \/>\n<script type=\"application\/ld+json\" class=\"yoast-schema-graph\">{\"@context\":\"https:\/\/schema.org\",\"@graph\":[{\"@type\":\"WebPage\",\"@id\":\"https:\/\/weltlaeden.de\/schweinfurt\/verein\/\",\"url\":\"https:\/\/weltlaeden.de\/schweinfurt\/verein\/\",\"name\":\"Verein - Weltladen Schweinfurt\",\"isPartOf\":{\"@id\":\"https:\/\/weltlaeden.de\/schweinfurt\/#website\"},\"primaryImageOfPage\":{\"@id\":\"https:\/\/weltlaeden.de\/schweinfurt\/verein\/#primaryimage\"},\"image\":{\"@id\":\"https:\/\/weltlaeden.de\/schweinfurt\/verein\/#primaryimage\"},\"thumbnailUrl\":\"https:\/\/weltlaeden.de\/schweinfurt\/wp-content\/uploads\/sites\/103\/2020\/01\/LogoVereinGeschn.jpg\",\"datePublished\":\"2019-12-14T16:47:28+00:00\",\"dateModified\":\"2020-03-15T13:00:49+00:00\",\"breadcrumb\":{\"@id\":\"https:\/\/weltlaeden.de\/schweinfurt\/verein\/#breadcrumb\"},\"inLanguage\":\"de\",\"potentialAction\":[{\"@type\":\"ReadAction\",\"target\":[\"https:\/\/weltlaeden.de\/schweinfurt\/verein\/\"]}]},{\"@type\":\"ImageObject\",\"inLanguage\":\"de\",\"@id\":\"https:\/\/weltlaeden.de\/schweinfurt\/verein\/#primaryimage\",\"url\":\"https:\/\/weltlaeden.de\/schweinfurt\/wp-content\/uploads\/sites\/103\/2020\/01\/LogoVereinGeschn.jpg\",\"contentUrl\":\"https:\/\/weltlaeden.de\/schweinfurt\/wp-content\/uploads\/sites\/103\/2020\/01\/LogoVereinGeschn.jpg\",\"width\":765,\"height\":102},{\"@type\":\"BreadcrumbList\",\"@id\":\"https:\/\/weltlaeden.de\/schweinfurt\/verein\/#breadcrumb\",\"itemListElement\":[{\"@type\":\"ListItem\",\"position\":1,\"name\":\"Startseite\",\"item\":\"https:\/\/weltlaeden.de\/schweinfurt\/\"},{\"@type\":\"ListItem\",\"position\":2,\"name\":\"Verein\"}]},{\"@type\":\"WebSite\",\"@id\":\"https:\/\/weltlaeden.de\/schweinfurt\/#website\",\"url\":\"https:\/\/weltlaeden.de\/schweinfurt\/\",\"name\":\"Weltladen Schweinfurt\",\"description\":\"Faire Produkte seit 1989\",\"potentialAction\":[{\"@type\":\"SearchAction\",\"target\":{\"@type\":\"EntryPoint\",\"urlTemplate\":\"https:\/\/weltlaeden.de\/schweinfurt\/?s={search_term_string}\"},\"query-input\":{\"@type\":\"PropertyValueSpecification\",\"valueRequired\":true,\"valueName\":\"search_term_string\"}}],\"inLanguage\":\"de\"}]}<\/script>\n<!-- \/ Yoast SEO plugin. -->","yoast_head_json":{"title":"Verein - Weltladen Schweinfurt","robots":{"index":"index","follow":"follow","max-snippet":"max-snippet:-1","max-image-preview":"max-image-preview:large","max-video-preview":"max-video-preview:-1"},"canonical":"https:\/\/weltlaeden.de\/schweinfurt\/verein\/","og_locale":"de_DE","og_type":"article","og_title":"Verein - Weltladen Schweinfurt","og_description":"[vc_row][vc_column][vc_empty_space][vc_empty_space][vc_empty_space height=&#8220;50px&#8220;][\/vc_column][\/vc_row][vc_row][vc_column][vc_column_text] Tr\u00e4gerverein &#8222;fair handeln Schweinfurt e.V.&#8220; [\/vc_column_text][vc_column_text]Der\u00a0 &#8222;fair handeln Schweinfurt e.V.&#8220; wurde 2010 als Tr\u00e4gerverein des Weltladens Schweinfurt gegr\u00fcndet. Der Verein ist als gemeinn\u00fctzig anerkannt. Nach der Idee &#8222;Wandel durch Handel&#8220; verfolgt er als Ziele: die Verbesserung der Lebens- und Arbeitsbedingungen der ProduzentInnen und die St\u00e4rkung ihrer politischen und wirtschaftlichen Situation die Unterst\u00fctzung einer&hellip;","og_url":"https:\/\/weltlaeden.de\/schweinfurt\/verein\/","og_site_name":"Weltladen Schweinfurt","article_modified_time":"2020-03-15T13:00:49+00:00","og_image":[{"url":"https:\/\/weltlaeden.de\/schweinfurt\/wp-content\/uploads\/sites\/103\/2020\/01\/LogoVereinGeschn.jpg","type":"","width":"","height":""}],"twitter_card":"summary_large_image","twitter_misc":{"Gesch\u00e4tzte Lesezeit":"2\u00a0Minuten"},"schema":{"@context":"https:\/\/schema.org","@graph":[{"@type":"WebPage","@id":"https:\/\/weltlaeden.de\/schweinfurt\/verein\/","url":"https:\/\/weltlaeden.de\/schweinfurt\/verein\/","name":"Verein - Weltladen Schweinfurt","isPartOf":{"@id":"https:\/\/weltlaeden.de\/schweinfurt\/#website"},"primaryImageOfPage":{"@id":"https:\/\/weltlaeden.de\/schweinfurt\/verein\/#primaryimage"},"image":{"@id":"https:\/\/weltlaeden.de\/schweinfurt\/verein\/#primaryimage"},"thumbnailUrl":"https:\/\/weltlaeden.de\/schweinfurt\/wp-content\/uploads\/sites\/103\/2020\/01\/LogoVereinGeschn.jpg","datePublished":"2019-12-14T16:47:28+00:00","dateModified":"2020-03-15T13:00:49+00:00","breadcrumb":{"@id":"https:\/\/weltlaeden.de\/schweinfurt\/verein\/#breadcrumb"},"inLanguage":"de","potentialAction":[{"@type":"ReadAction","target":["https:\/\/weltlaeden.de\/schweinfurt\/verein\/"]}]},{"@type":"ImageObject","inLanguage":"de","@id":"https:\/\/weltlaeden.de\/schweinfurt\/verein\/#primaryimage","url":"https:\/\/weltlaeden.de\/schweinfurt\/wp-content\/uploads\/sites\/103\/2020\/01\/LogoVereinGeschn.jpg","contentUrl":"https:\/\/weltlaeden.de\/schweinfurt\/wp-content\/uploads\/sites\/103\/2020\/01\/LogoVereinGeschn.jpg","width":765,"height":102},{"@type":"BreadcrumbList","@id":"https:\/\/weltlaeden.de\/schweinfurt\/verein\/#breadcrumb","itemListElement":[{"@type":"ListItem","position":1,"name":"Startseite","item":"https:\/\/weltlaeden.de\/schweinfurt\/"},{"@type":"ListItem","position":2,"name":"Verein"}]},{"@type":"WebSite","@id":"https:\/\/weltlaeden.de\/schweinfurt\/#website","url":"https:\/\/weltlaeden.de\/schweinfurt\/","name":"Weltladen Schweinfurt","description":"Faire Produkte seit 1989","potentialAction":[{"@type":"SearchAction","target":{"@type":"EntryPoint","urlTemplate":"https:\/\/weltlaeden.de\/schweinfurt\/?s={search_term_string}"},"query-input":{"@type":"PropertyValueSpecification","valueRequired":true,"valueName":"search_term_string"}}],"inLanguage":"de"}]}},"_links":{"self":[{"href":"https:\/\/weltlaeden.de\/schweinfurt\/wp-json\/wp\/v2\/pages\/641","targetHints":{"allow":["GET"]}}],"collection":[{"href":"https:\/\/weltlaeden.de\/schweinfurt\/wp-json\/wp\/v2\/pages"}],"about":[{"href":"https:\/\/weltlaeden.de\/schweinfurt\/wp-json\/wp\/v2\/types\/page"}],"author":[{"embeddable":true,"href":"https:\/\/weltlaeden.de\/schweinfurt\/wp-json\/wp\/v2\/users\/158"}],"replies":[{"embeddable":true,"href":"https:\/\/weltlaeden.de\/schweinfurt\/wp-json\/wp\/v2\/comments?post=641"}],"version-history":[{"count":28,"href":"https:\/\/weltlaeden.de\/schweinfurt\/wp-json\/wp\/v2\/pages\/641\/revisions"}],"predecessor-version":[{"id":646,"href":"https:\/\/weltlaeden.de\/schweinfurt\/wp-json\/wp\/v2\/pages\/641\/revisions\/646"}],"wp:attachment":[{"href":"https:\/\/weltlaeden.de\/schweinfurt\/wp-json\/wp\/v2\/media?parent=641"}],"curies":[{"name":"wp","href":"https:\/\/api.w.org\/{rel}","templated":true}]}}