{"id":595,"date":"2019-11-09T17:39:33","date_gmt":"2019-11-09T16:39:33","guid":{"rendered":"https:\/\/weltlaeden.de\/schweinfurt\/?page_id=595"},"modified":"2025-12-21T21:57:09","modified_gmt":"2025-12-21T20:57:09","slug":"bildungskiste","status":"publish","type":"page","link":"https:\/\/weltlaeden.de\/schweinfurt\/bildungskiste\/","title":{"rendered":"Bildungskiste"},"content":{"rendered":"<div class=\"wpb-content-wrapper\"><p>[vc_row][vc_column width=&#8220;1\/4&#8243;][vc_empty_space height=&#8220;73px&#8220;]<div class=\"wl_einzelbild\"><p><img loading=\"lazy\" decoding=\"async\" class=\"alignleft size-full wp-image-790\" src=\"https:\/\/weltlaeden.de\/schweinfurt\/wp-content\/uploads\/sites\/103\/2020\/01\/Schokokiste1-klein.jpg\" alt=\"\" width=\"386\" height=\"378\" srcset=\"https:\/\/weltlaeden.de\/schweinfurt\/wp-content\/uploads\/sites\/103\/2020\/01\/Schokokiste1-klein.jpg 386w, https:\/\/weltlaeden.de\/schweinfurt\/wp-content\/uploads\/sites\/103\/2020\/01\/Schokokiste1-klein-300x294.jpg 300w\" sizes=\"auto, (max-width: 386px) 100vw, 386px\" \/><\/p><\/div><div class=\"wl_einzelbild\"><p><img loading=\"lazy\" decoding=\"async\" class=\"alignleft size-full wp-image-791\" src=\"https:\/\/weltlaeden.de\/schweinfurt\/wp-content\/uploads\/sites\/103\/2020\/01\/Schokoladenkiste2-klein.jpg\" alt=\"\" width=\"386\" height=\"415\" srcset=\"https:\/\/weltlaeden.de\/schweinfurt\/wp-content\/uploads\/sites\/103\/2020\/01\/Schokoladenkiste2-klein.jpg 386w, https:\/\/weltlaeden.de\/schweinfurt\/wp-content\/uploads\/sites\/103\/2020\/01\/Schokoladenkiste2-klein-279x300.jpg 279w\" sizes=\"auto, (max-width: 386px) 100vw, 386px\" \/><\/p><\/div><div class=\"wl_einzelbild\"><p><img loading=\"lazy\" decoding=\"async\" class=\"alignleft wp-image-792 size-full\" src=\"https:\/\/weltlaeden.de\/schweinfurt\/wp-content\/uploads\/sites\/103\/2020\/01\/Karte-klein-386-e1578763217670.jpg\" alt=\"\" width=\"302\" height=\"295\" srcset=\"https:\/\/weltlaeden.de\/schweinfurt\/wp-content\/uploads\/sites\/103\/2020\/01\/Karte-klein-386-e1578763217670.jpg 302w, https:\/\/weltlaeden.de\/schweinfurt\/wp-content\/uploads\/sites\/103\/2020\/01\/Karte-klein-386-e1578763217670-300x293.jpg 300w\" sizes=\"auto, (max-width: 302px) 100vw, 302px\" \/><\/p><\/div>[vc_zigzag]<div class=\"wl_einzelbild\"><p><\/p>\n<p style=\"text-align: left\"><img loading=\"lazy\" decoding=\"async\" class=\"size-medium wp-image-2328\" src=\"https:\/\/weltlaeden.de\/schweinfurt\/wp-content\/uploads\/sites\/103\/2025\/03\/IMG_5453-225x300.jpeg\" alt=\"\" width=\"225\" height=\"300\" srcset=\"https:\/\/weltlaeden.de\/schweinfurt\/wp-content\/uploads\/sites\/103\/2025\/03\/IMG_5453-225x300.jpeg 225w, https:\/\/weltlaeden.de\/schweinfurt\/wp-content\/uploads\/sites\/103\/2025\/03\/IMG_5453-768x1024.jpeg 768w, https:\/\/weltlaeden.de\/schweinfurt\/wp-content\/uploads\/sites\/103\/2025\/03\/IMG_5453-1152x1536.jpeg 1152w, https:\/\/weltlaeden.de\/schweinfurt\/wp-content\/uploads\/sites\/103\/2025\/03\/IMG_5453-1536x2048.jpeg 1536w, https:\/\/weltlaeden.de\/schweinfurt\/wp-content\/uploads\/sites\/103\/2025\/03\/IMG_5453-scaled.jpeg 1920w\" sizes=\"auto, (max-width: 225px) 100vw, 225px\" \/><\/p>\n<p><\/p><\/div><div class=\"wl_einzelbild\"><p><img loading=\"lazy\" decoding=\"async\" class=\"size-medium wp-image-2327 alignleft\" src=\"https:\/\/weltlaeden.de\/schweinfurt\/wp-content\/uploads\/sites\/103\/2025\/03\/IMG_5455-300x225.jpeg\" alt=\"\" width=\"300\" height=\"225\" srcset=\"https:\/\/weltlaeden.de\/schweinfurt\/wp-content\/uploads\/sites\/103\/2025\/03\/IMG_5455-300x225.jpeg 300w, https:\/\/weltlaeden.de\/schweinfurt\/wp-content\/uploads\/sites\/103\/2025\/03\/IMG_5455-1024x768.jpeg 1024w, https:\/\/weltlaeden.de\/schweinfurt\/wp-content\/uploads\/sites\/103\/2025\/03\/IMG_5455-768x576.jpeg 768w, https:\/\/weltlaeden.de\/schweinfurt\/wp-content\/uploads\/sites\/103\/2025\/03\/IMG_5455-1536x1152.jpeg 1536w, https:\/\/weltlaeden.de\/schweinfurt\/wp-content\/uploads\/sites\/103\/2025\/03\/IMG_5455-2048x1536.jpeg 2048w\" sizes=\"auto, (max-width: 300px) 100vw, 300px\" \/><\/p><\/div>[\/vc_column][vc_column width=&#8220;3\/4&#8243;][vc_column_text css=&#8220;&#8220;]<\/p>\n<h1><strong>Schokoladenkiste + Kleiderkoffer<\/strong><\/h1>\n<p>Die Kisten sind nach den Prinzipien des Globalen Lernens p\u00e4dagogisch so aufbereitet, dass sie in Schule und Gemeinde schnell einen Einstieg in globale und komplexe Fragenstellungen erlauben.<\/p>\n<p>Nach kurzer Vorbereitungszeit k\u00f6nnen Sie mit einem fertig ausgearbeiteten Lernparcour ca. 90-120 Minuten zum Thema Kakao oder Kleidung gestalten. An verschiedenen Stationen werden die wichtigsten Aspekte der Thematik vorgestellt und mit allen Sinnen bearbeitet. Ein Stationenpass hilft bei der Selbstkontrolle und Ergebnissicherung. Schlie\u00dflich sollen konkrete Handlungsm\u00f6glichkeiten aufgezeigt werden.<\/p>\n<p>&nbsp;<\/p>\n<h2><span style=\"color: #000000\"><strong>Schokoladenkiste<\/strong><\/span><\/h2>\n<h3><strong>Stationen<\/strong>:<\/h3>\n<ul style=\"list-style-type: disc\">\n<li>Geschichte der Schokolade<\/li>\n<li>Anbau und Herstellung<\/li>\n<li>Wer verdient an der Schokolade?<\/li>\n<li>Wo w\u00e4chst Kakao, wo wird er gegessen?<\/li>\n<li>Vergleich der Lebensbedingungen<\/li>\n<li>Welche Marke geh\u00f6rt zu welchem Konzern?<\/li>\n<li>Zusatzstationen (z.B. Malvorlagen, Rechenaufgaben, Quiz)<\/li>\n<\/ul>\n<p>&nbsp;<\/p>\n<h2><strong>Kleiderkoffer<\/strong><\/h2>\n<h3>Stationen:<\/h3>\n<ul>\n<li>Weltreise einer Jeans<\/li>\n<li>Fair oder unfair?<\/li>\n<li>Wer verdient an deiner Kleidung?<\/li>\n<li>Spurensuche<\/li>\n<li>In der Textilfabrik<\/li>\n<li>Shoppen gehen<\/li>\n<li>Zusatzstationen (z.B. Kinderarbeit, gestalte ein T-Shirt, Quiz)<\/li>\n<\/ul>\n<p>&nbsp;<\/p>\n<p>F\u00fcr den Verleih erheben wir eine Pfandgeb\u00fchr von 20 \u20ac. Die Ausleihfrist betr\u00e4gt 14 Tage, Verl\u00e4ngerungen sind m\u00f6glich. Eine rechtzeitige Reservierung ist erforderlich.[\/vc_column_text][\/vc_column][vc_column][\/vc_column][vc_column][\/vc_column][\/vc_row]<\/p>\n<\/div>","protected":false},"excerpt":{"rendered":"<p>[vc_row][vc_column width=&#8220;1\/4&#8243;][vc_empty_space height=&#8220;73px&#8220;][vc_zigzag][\/vc_column][vc_column width=&#8220;3\/4&#8243;][vc_column_text css=&#8220;&#8220;] Schokoladenkiste + Kleiderkoffer Die Kisten sind nach den Prinzipien des Globalen Lernens p\u00e4dagogisch so aufbereitet, dass sie in Schule und Gemeinde schnell einen Einstieg in globale und komplexe Fragenstellungen erlauben. Nach kurzer Vorbereitungszeit k\u00f6nnen Sie mit einem fertig ausgearbeiteten Lernparcour ca. 90-120 Minuten zum Thema Kakao oder Kleidung gestalten. An&hellip;<\/p>\n","protected":false},"author":158,"featured_media":0,"parent":0,"menu_order":0,"comment_status":"closed","ping_status":"closed","template":"","meta":{"footnotes":""},"class_list":["post-595","page","type-page","status-publish","hentry","description-off"],"yoast_head":"<!-- This site is optimized with the Yoast SEO plugin v26.8 - https:\/\/yoast.com\/product\/yoast-seo-wordpress\/ -->\n<title>Bildungskiste - Weltladen Schweinfurt<\/title>\n<meta name=\"robots\" content=\"index, follow, max-snippet:-1, max-image-preview:large, max-video-preview:-1\" \/>\n<link rel=\"canonical\" href=\"https:\/\/weltlaeden.de\/schweinfurt\/bildungskiste\/\" \/>\n<meta property=\"og:locale\" content=\"de_DE\" \/>\n<meta property=\"og:type\" content=\"article\" \/>\n<meta property=\"og:title\" content=\"Bildungskiste - Weltladen Schweinfurt\" \/>\n<meta property=\"og:description\" content=\"[vc_row][vc_column width=&#8220;1\/4&#8243;][vc_empty_space height=&#8220;73px&#8220;][vc_zigzag][\/vc_column][vc_column width=&#8220;3\/4&#8243;][vc_column_text css=&#8220;&#8220;] Schokoladenkiste + Kleiderkoffer Die Kisten sind nach den Prinzipien des Globalen Lernens p\u00e4dagogisch so aufbereitet, dass sie in Schule und Gemeinde schnell einen Einstieg in globale und komplexe Fragenstellungen erlauben. Nach kurzer Vorbereitungszeit k\u00f6nnen Sie mit einem fertig ausgearbeiteten Lernparcour ca. 90-120 Minuten zum Thema Kakao oder Kleidung gestalten. An&hellip;\" \/>\n<meta property=\"og:url\" content=\"https:\/\/weltlaeden.de\/schweinfurt\/bildungskiste\/\" \/>\n<meta property=\"og:site_name\" content=\"Weltladen Schweinfurt\" \/>\n<meta property=\"article:modified_time\" content=\"2025-12-21T20:57:09+00:00\" \/>\n<meta property=\"og:image\" content=\"https:\/\/weltlaeden.de\/schweinfurt\/wp-content\/uploads\/sites\/103\/2020\/01\/Schokokiste1-klein.jpg\" \/>\n\t<meta property=\"og:image:width\" content=\"386\" \/>\n\t<meta property=\"og:image:height\" content=\"378\" \/>\n\t<meta property=\"og:image:type\" content=\"image\/jpeg\" \/>\n<meta name=\"twitter:card\" content=\"summary_large_image\" \/>\n<meta name=\"twitter:label1\" content=\"Gesch\u00e4tzte Lesezeit\" \/>\n\t<meta name=\"twitter:data1\" content=\"2\u00a0Minuten\" \/>\n<script type=\"application\/ld+json\" class=\"yoast-schema-graph\">{\"@context\":\"https:\/\/schema.org\",\"@graph\":[{\"@type\":\"WebPage\",\"@id\":\"https:\/\/weltlaeden.de\/schweinfurt\/bildungskiste\/\",\"url\":\"https:\/\/weltlaeden.de\/schweinfurt\/bildungskiste\/\",\"name\":\"Bildungskiste - Weltladen Schweinfurt\",\"isPartOf\":{\"@id\":\"https:\/\/weltlaeden.de\/schweinfurt\/#website\"},\"primaryImageOfPage\":{\"@id\":\"https:\/\/weltlaeden.de\/schweinfurt\/bildungskiste\/#primaryimage\"},\"image\":{\"@id\":\"https:\/\/weltlaeden.de\/schweinfurt\/bildungskiste\/#primaryimage\"},\"thumbnailUrl\":\"https:\/\/weltlaeden.de\/schweinfurt\/wp-content\/uploads\/sites\/103\/2020\/01\/Schokokiste1-klein.jpg\",\"datePublished\":\"2019-11-09T16:39:33+00:00\",\"dateModified\":\"2025-12-21T20:57:09+00:00\",\"breadcrumb\":{\"@id\":\"https:\/\/weltlaeden.de\/schweinfurt\/bildungskiste\/#breadcrumb\"},\"inLanguage\":\"de\",\"potentialAction\":[{\"@type\":\"ReadAction\",\"target\":[\"https:\/\/weltlaeden.de\/schweinfurt\/bildungskiste\/\"]}]},{\"@type\":\"ImageObject\",\"inLanguage\":\"de\",\"@id\":\"https:\/\/weltlaeden.de\/schweinfurt\/bildungskiste\/#primaryimage\",\"url\":\"https:\/\/weltlaeden.de\/schweinfurt\/wp-content\/uploads\/sites\/103\/2020\/01\/Schokokiste1-klein.jpg\",\"contentUrl\":\"https:\/\/weltlaeden.de\/schweinfurt\/wp-content\/uploads\/sites\/103\/2020\/01\/Schokokiste1-klein.jpg\",\"width\":386,\"height\":378},{\"@type\":\"BreadcrumbList\",\"@id\":\"https:\/\/weltlaeden.de\/schweinfurt\/bildungskiste\/#breadcrumb\",\"itemListElement\":[{\"@type\":\"ListItem\",\"position\":1,\"name\":\"Startseite\",\"item\":\"https:\/\/weltlaeden.de\/schweinfurt\/\"},{\"@type\":\"ListItem\",\"position\":2,\"name\":\"Bildungskiste\"}]},{\"@type\":\"WebSite\",\"@id\":\"https:\/\/weltlaeden.de\/schweinfurt\/#website\",\"url\":\"https:\/\/weltlaeden.de\/schweinfurt\/\",\"name\":\"Weltladen Schweinfurt\",\"description\":\"Faire Produkte seit 1989\",\"potentialAction\":[{\"@type\":\"SearchAction\",\"target\":{\"@type\":\"EntryPoint\",\"urlTemplate\":\"https:\/\/weltlaeden.de\/schweinfurt\/?s={search_term_string}\"},\"query-input\":{\"@type\":\"PropertyValueSpecification\",\"valueRequired\":true,\"valueName\":\"search_term_string\"}}],\"inLanguage\":\"de\"}]}<\/script>\n<!-- \/ Yoast SEO plugin. -->","yoast_head_json":{"title":"Bildungskiste - Weltladen Schweinfurt","robots":{"index":"index","follow":"follow","max-snippet":"max-snippet:-1","max-image-preview":"max-image-preview:large","max-video-preview":"max-video-preview:-1"},"canonical":"https:\/\/weltlaeden.de\/schweinfurt\/bildungskiste\/","og_locale":"de_DE","og_type":"article","og_title":"Bildungskiste - Weltladen Schweinfurt","og_description":"[vc_row][vc_column width=&#8220;1\/4&#8243;][vc_empty_space height=&#8220;73px&#8220;][vc_zigzag][\/vc_column][vc_column width=&#8220;3\/4&#8243;][vc_column_text css=&#8220;&#8220;] Schokoladenkiste + Kleiderkoffer Die Kisten sind nach den Prinzipien des Globalen Lernens p\u00e4dagogisch so aufbereitet, dass sie in Schule und Gemeinde schnell einen Einstieg in globale und komplexe Fragenstellungen erlauben. Nach kurzer Vorbereitungszeit k\u00f6nnen Sie mit einem fertig ausgearbeiteten Lernparcour ca. 90-120 Minuten zum Thema Kakao oder Kleidung gestalten. An&hellip;","og_url":"https:\/\/weltlaeden.de\/schweinfurt\/bildungskiste\/","og_site_name":"Weltladen Schweinfurt","article_modified_time":"2025-12-21T20:57:09+00:00","og_image":[{"width":386,"height":378,"url":"https:\/\/weltlaeden.de\/schweinfurt\/wp-content\/uploads\/sites\/103\/2020\/01\/Schokokiste1-klein.jpg","type":"image\/jpeg"}],"twitter_card":"summary_large_image","twitter_misc":{"Gesch\u00e4tzte Lesezeit":"2\u00a0Minuten"},"schema":{"@context":"https:\/\/schema.org","@graph":[{"@type":"WebPage","@id":"https:\/\/weltlaeden.de\/schweinfurt\/bildungskiste\/","url":"https:\/\/weltlaeden.de\/schweinfurt\/bildungskiste\/","name":"Bildungskiste - Weltladen Schweinfurt","isPartOf":{"@id":"https:\/\/weltlaeden.de\/schweinfurt\/#website"},"primaryImageOfPage":{"@id":"https:\/\/weltlaeden.de\/schweinfurt\/bildungskiste\/#primaryimage"},"image":{"@id":"https:\/\/weltlaeden.de\/schweinfurt\/bildungskiste\/#primaryimage"},"thumbnailUrl":"https:\/\/weltlaeden.de\/schweinfurt\/wp-content\/uploads\/sites\/103\/2020\/01\/Schokokiste1-klein.jpg","datePublished":"2019-11-09T16:39:33+00:00","dateModified":"2025-12-21T20:57:09+00:00","breadcrumb":{"@id":"https:\/\/weltlaeden.de\/schweinfurt\/bildungskiste\/#breadcrumb"},"inLanguage":"de","potentialAction":[{"@type":"ReadAction","target":["https:\/\/weltlaeden.de\/schweinfurt\/bildungskiste\/"]}]},{"@type":"ImageObject","inLanguage":"de","@id":"https:\/\/weltlaeden.de\/schweinfurt\/bildungskiste\/#primaryimage","url":"https:\/\/weltlaeden.de\/schweinfurt\/wp-content\/uploads\/sites\/103\/2020\/01\/Schokokiste1-klein.jpg","contentUrl":"https:\/\/weltlaeden.de\/schweinfurt\/wp-content\/uploads\/sites\/103\/2020\/01\/Schokokiste1-klein.jpg","width":386,"height":378},{"@type":"BreadcrumbList","@id":"https:\/\/weltlaeden.de\/schweinfurt\/bildungskiste\/#breadcrumb","itemListElement":[{"@type":"ListItem","position":1,"name":"Startseite","item":"https:\/\/weltlaeden.de\/schweinfurt\/"},{"@type":"ListItem","position":2,"name":"Bildungskiste"}]},{"@type":"WebSite","@id":"https:\/\/weltlaeden.de\/schweinfurt\/#website","url":"https:\/\/weltlaeden.de\/schweinfurt\/","name":"Weltladen Schweinfurt","description":"Faire Produkte seit 1989","potentialAction":[{"@type":"SearchAction","target":{"@type":"EntryPoint","urlTemplate":"https:\/\/weltlaeden.de\/schweinfurt\/?s={search_term_string}"},"query-input":{"@type":"PropertyValueSpecification","valueRequired":true,"valueName":"search_term_string"}}],"inLanguage":"de"}]}},"_links":{"self":[{"href":"https:\/\/weltlaeden.de\/schweinfurt\/wp-json\/wp\/v2\/pages\/595","targetHints":{"allow":["GET"]}}],"collection":[{"href":"https:\/\/weltlaeden.de\/schweinfurt\/wp-json\/wp\/v2\/pages"}],"about":[{"href":"https:\/\/weltlaeden.de\/schweinfurt\/wp-json\/wp\/v2\/types\/page"}],"author":[{"embeddable":true,"href":"https:\/\/weltlaeden.de\/schweinfurt\/wp-json\/wp\/v2\/users\/158"}],"replies":[{"embeddable":true,"href":"https:\/\/weltlaeden.de\/schweinfurt\/wp-json\/wp\/v2\/comments?post=595"}],"version-history":[{"count":22,"href":"https:\/\/weltlaeden.de\/schweinfurt\/wp-json\/wp\/v2\/pages\/595\/revisions"}],"predecessor-version":[{"id":2468,"href":"https:\/\/weltlaeden.de\/schweinfurt\/wp-json\/wp\/v2\/pages\/595\/revisions\/2468"}],"wp:attachment":[{"href":"https:\/\/weltlaeden.de\/schweinfurt\/wp-json\/wp\/v2\/media?parent=595"}],"curies":[{"name":"wp","href":"https:\/\/api.w.org\/{rel}","templated":true}]}}