{"id":567,"date":"2019-11-09T14:35:17","date_gmt":"2019-11-09T13:35:17","guid":{"rendered":"https:\/\/weltlaeden.de\/schweinfurt\/?page_id=567"},"modified":"2020-03-07T22:09:20","modified_gmt":"2020-03-07T21:09:20","slug":"lernort-weltladen","status":"publish","type":"page","link":"https:\/\/weltlaeden.de\/schweinfurt\/lernort-weltladen\/","title":{"rendered":"Lernort Weltladen"},"content":{"rendered":"<div class=\"wpb-content-wrapper\"><p>[vc_row][vc_column][vc_column_text]<\/p>\n<h1>Lernort Weltladen<\/h1>\n<p>[\/vc_column_text][vc_empty_space height=&#8220;20px&#8220;][vc_column_text]<img loading=\"lazy\" decoding=\"async\" class=\"wp-image-680 size-full alignleft\" src=\"https:\/\/weltlaeden.de\/schweinfurt\/wp-content\/uploads\/sites\/103\/2019\/12\/Lernort-WEltladen-klein-e1576354874257.jpg\" alt=\"\" width=\"344\" height=\"254\" srcset=\"https:\/\/weltlaeden.de\/schweinfurt\/wp-content\/uploads\/sites\/103\/2019\/12\/Lernort-WEltladen-klein-e1576354874257.jpg 344w, https:\/\/weltlaeden.de\/schweinfurt\/wp-content\/uploads\/sites\/103\/2019\/12\/Lernort-WEltladen-klein-e1576354874257-300x222.jpg 300w\" sizes=\"auto, (max-width: 344px) 100vw, 344px\" \/>Sie k\u00f6nnen uns besuchen und den Fairen Handel vor Ort im Weltladen kennenlernen. Wir bieten Weltladenf\u00fchrungen f\u00fcr Schulklassen, Kinder- und Jugendgruppen, Erwachsene: Spielerisches Kennenlernen der Produkte, globaler Zusammenh\u00e4nge und der Prinzipien des Fairen Handels.<\/p>\n<p>Bitte melden Sie sich zuvor (telefonisch) an.<\/p>\n<p>Gerne arbeiten wir auch beratend als externe Partner bei Projekten mit.[\/vc_column_text][\/vc_column][\/vc_row]<\/p>\n<\/div>","protected":false},"excerpt":{"rendered":"<p>[vc_row][vc_column][vc_column_text] Lernort Weltladen [\/vc_column_text][vc_empty_space height=&#8220;20px&#8220;][vc_column_text]Sie k\u00f6nnen uns besuchen und den Fairen Handel vor Ort im Weltladen kennenlernen. Wir bieten Weltladenf\u00fchrungen f\u00fcr Schulklassen, Kinder- und Jugendgruppen, Erwachsene: Spielerisches Kennenlernen der Produkte, globaler Zusammenh\u00e4nge und der Prinzipien des Fairen Handels. Bitte melden Sie sich zuvor (telefonisch) an. Gerne arbeiten wir auch beratend als externe Partner bei Projekten&hellip;<\/p>\n","protected":false},"author":158,"featured_media":0,"parent":0,"menu_order":0,"comment_status":"closed","ping_status":"closed","template":"","meta":{"footnotes":""},"class_list":["post-567","page","type-page","status-publish","hentry","description-off"],"yoast_head":"<!-- This site is optimized with the Yoast SEO plugin v26.8 - https:\/\/yoast.com\/product\/yoast-seo-wordpress\/ -->\n<title>Lernort Weltladen - Weltladen Schweinfurt<\/title>\n<meta name=\"robots\" content=\"index, follow, max-snippet:-1, max-image-preview:large, max-video-preview:-1\" \/>\n<link rel=\"canonical\" href=\"https:\/\/weltlaeden.de\/schweinfurt\/lernort-weltladen\/\" \/>\n<meta property=\"og:locale\" content=\"de_DE\" \/>\n<meta property=\"og:type\" content=\"article\" \/>\n<meta property=\"og:title\" content=\"Lernort Weltladen - Weltladen Schweinfurt\" \/>\n<meta property=\"og:description\" content=\"[vc_row][vc_column][vc_column_text] Lernort Weltladen [\/vc_column_text][vc_empty_space height=&#8220;20px&#8220;][vc_column_text]Sie k\u00f6nnen uns besuchen und den Fairen Handel vor Ort im Weltladen kennenlernen. Wir bieten Weltladenf\u00fchrungen f\u00fcr Schulklassen, Kinder- und Jugendgruppen, Erwachsene: Spielerisches Kennenlernen der Produkte, globaler Zusammenh\u00e4nge und der Prinzipien des Fairen Handels. Bitte melden Sie sich zuvor (telefonisch) an. Gerne arbeiten wir auch beratend als externe Partner bei Projekten&hellip;\" \/>\n<meta property=\"og:url\" content=\"https:\/\/weltlaeden.de\/schweinfurt\/lernort-weltladen\/\" \/>\n<meta property=\"og:site_name\" content=\"Weltladen Schweinfurt\" \/>\n<meta property=\"article:modified_time\" content=\"2020-03-07T21:09:20+00:00\" \/>\n<meta property=\"og:image\" content=\"https:\/\/weltlaeden.de\/schweinfurt\/wp-content\/uploads\/sites\/103\/2019\/12\/Lernort-WEltladen-klein-e1576354874257.jpg\" \/>\n<meta name=\"twitter:card\" content=\"summary_large_image\" \/>\n<script type=\"application\/ld+json\" class=\"yoast-schema-graph\">{\"@context\":\"https:\/\/schema.org\",\"@graph\":[{\"@type\":\"WebPage\",\"@id\":\"https:\/\/weltlaeden.de\/schweinfurt\/lernort-weltladen\/\",\"url\":\"https:\/\/weltlaeden.de\/schweinfurt\/lernort-weltladen\/\",\"name\":\"Lernort Weltladen - Weltladen Schweinfurt\",\"isPartOf\":{\"@id\":\"https:\/\/weltlaeden.de\/schweinfurt\/#website\"},\"primaryImageOfPage\":{\"@id\":\"https:\/\/weltlaeden.de\/schweinfurt\/lernort-weltladen\/#primaryimage\"},\"image\":{\"@id\":\"https:\/\/weltlaeden.de\/schweinfurt\/lernort-weltladen\/#primaryimage\"},\"thumbnailUrl\":\"https:\/\/weltlaeden.de\/schweinfurt\/wp-content\/uploads\/sites\/103\/2019\/12\/Lernort-WEltladen-klein-e1576354874257.jpg\",\"datePublished\":\"2019-11-09T13:35:17+00:00\",\"dateModified\":\"2020-03-07T21:09:20+00:00\",\"breadcrumb\":{\"@id\":\"https:\/\/weltlaeden.de\/schweinfurt\/lernort-weltladen\/#breadcrumb\"},\"inLanguage\":\"de\",\"potentialAction\":[{\"@type\":\"ReadAction\",\"target\":[\"https:\/\/weltlaeden.de\/schweinfurt\/lernort-weltladen\/\"]}]},{\"@type\":\"ImageObject\",\"inLanguage\":\"de\",\"@id\":\"https:\/\/weltlaeden.de\/schweinfurt\/lernort-weltladen\/#primaryimage\",\"url\":\"https:\/\/weltlaeden.de\/schweinfurt\/wp-content\/uploads\/sites\/103\/2019\/12\/Lernort-WEltladen-klein-e1576354874257.jpg\",\"contentUrl\":\"https:\/\/weltlaeden.de\/schweinfurt\/wp-content\/uploads\/sites\/103\/2019\/12\/Lernort-WEltladen-klein-e1576354874257.jpg\",\"width\":344,\"height\":254},{\"@type\":\"BreadcrumbList\",\"@id\":\"https:\/\/weltlaeden.de\/schweinfurt\/lernort-weltladen\/#breadcrumb\",\"itemListElement\":[{\"@type\":\"ListItem\",\"position\":1,\"name\":\"Startseite\",\"item\":\"https:\/\/weltlaeden.de\/schweinfurt\/\"},{\"@type\":\"ListItem\",\"position\":2,\"name\":\"Lernort Weltladen\"}]},{\"@type\":\"WebSite\",\"@id\":\"https:\/\/weltlaeden.de\/schweinfurt\/#website\",\"url\":\"https:\/\/weltlaeden.de\/schweinfurt\/\",\"name\":\"Weltladen Schweinfurt\",\"description\":\"Faire Produkte seit 1989\",\"potentialAction\":[{\"@type\":\"SearchAction\",\"target\":{\"@type\":\"EntryPoint\",\"urlTemplate\":\"https:\/\/weltlaeden.de\/schweinfurt\/?s={search_term_string}\"},\"query-input\":{\"@type\":\"PropertyValueSpecification\",\"valueRequired\":true,\"valueName\":\"search_term_string\"}}],\"inLanguage\":\"de\"}]}<\/script>\n<!-- \/ Yoast SEO plugin. -->","yoast_head_json":{"title":"Lernort Weltladen - Weltladen Schweinfurt","robots":{"index":"index","follow":"follow","max-snippet":"max-snippet:-1","max-image-preview":"max-image-preview:large","max-video-preview":"max-video-preview:-1"},"canonical":"https:\/\/weltlaeden.de\/schweinfurt\/lernort-weltladen\/","og_locale":"de_DE","og_type":"article","og_title":"Lernort Weltladen - Weltladen Schweinfurt","og_description":"[vc_row][vc_column][vc_column_text] Lernort Weltladen [\/vc_column_text][vc_empty_space height=&#8220;20px&#8220;][vc_column_text]Sie k\u00f6nnen uns besuchen und den Fairen Handel vor Ort im Weltladen kennenlernen. Wir bieten Weltladenf\u00fchrungen f\u00fcr Schulklassen, Kinder- und Jugendgruppen, Erwachsene: Spielerisches Kennenlernen der Produkte, globaler Zusammenh\u00e4nge und der Prinzipien des Fairen Handels. Bitte melden Sie sich zuvor (telefonisch) an. Gerne arbeiten wir auch beratend als externe Partner bei Projekten&hellip;","og_url":"https:\/\/weltlaeden.de\/schweinfurt\/lernort-weltladen\/","og_site_name":"Weltladen Schweinfurt","article_modified_time":"2020-03-07T21:09:20+00:00","og_image":[{"url":"https:\/\/weltlaeden.de\/schweinfurt\/wp-content\/uploads\/sites\/103\/2019\/12\/Lernort-WEltladen-klein-e1576354874257.jpg","type":"","width":"","height":""}],"twitter_card":"summary_large_image","schema":{"@context":"https:\/\/schema.org","@graph":[{"@type":"WebPage","@id":"https:\/\/weltlaeden.de\/schweinfurt\/lernort-weltladen\/","url":"https:\/\/weltlaeden.de\/schweinfurt\/lernort-weltladen\/","name":"Lernort Weltladen - Weltladen Schweinfurt","isPartOf":{"@id":"https:\/\/weltlaeden.de\/schweinfurt\/#website"},"primaryImageOfPage":{"@id":"https:\/\/weltlaeden.de\/schweinfurt\/lernort-weltladen\/#primaryimage"},"image":{"@id":"https:\/\/weltlaeden.de\/schweinfurt\/lernort-weltladen\/#primaryimage"},"thumbnailUrl":"https:\/\/weltlaeden.de\/schweinfurt\/wp-content\/uploads\/sites\/103\/2019\/12\/Lernort-WEltladen-klein-e1576354874257.jpg","datePublished":"2019-11-09T13:35:17+00:00","dateModified":"2020-03-07T21:09:20+00:00","breadcrumb":{"@id":"https:\/\/weltlaeden.de\/schweinfurt\/lernort-weltladen\/#breadcrumb"},"inLanguage":"de","potentialAction":[{"@type":"ReadAction","target":["https:\/\/weltlaeden.de\/schweinfurt\/lernort-weltladen\/"]}]},{"@type":"ImageObject","inLanguage":"de","@id":"https:\/\/weltlaeden.de\/schweinfurt\/lernort-weltladen\/#primaryimage","url":"https:\/\/weltlaeden.de\/schweinfurt\/wp-content\/uploads\/sites\/103\/2019\/12\/Lernort-WEltladen-klein-e1576354874257.jpg","contentUrl":"https:\/\/weltlaeden.de\/schweinfurt\/wp-content\/uploads\/sites\/103\/2019\/12\/Lernort-WEltladen-klein-e1576354874257.jpg","width":344,"height":254},{"@type":"BreadcrumbList","@id":"https:\/\/weltlaeden.de\/schweinfurt\/lernort-weltladen\/#breadcrumb","itemListElement":[{"@type":"ListItem","position":1,"name":"Startseite","item":"https:\/\/weltlaeden.de\/schweinfurt\/"},{"@type":"ListItem","position":2,"name":"Lernort Weltladen"}]},{"@type":"WebSite","@id":"https:\/\/weltlaeden.de\/schweinfurt\/#website","url":"https:\/\/weltlaeden.de\/schweinfurt\/","name":"Weltladen Schweinfurt","description":"Faire Produkte seit 1989","potentialAction":[{"@type":"SearchAction","target":{"@type":"EntryPoint","urlTemplate":"https:\/\/weltlaeden.de\/schweinfurt\/?s={search_term_string}"},"query-input":{"@type":"PropertyValueSpecification","valueRequired":true,"valueName":"search_term_string"}}],"inLanguage":"de"}]}},"_links":{"self":[{"href":"https:\/\/weltlaeden.de\/schweinfurt\/wp-json\/wp\/v2\/pages\/567","targetHints":{"allow":["GET"]}}],"collection":[{"href":"https:\/\/weltlaeden.de\/schweinfurt\/wp-json\/wp\/v2\/pages"}],"about":[{"href":"https:\/\/weltlaeden.de\/schweinfurt\/wp-json\/wp\/v2\/types\/page"}],"author":[{"embeddable":true,"href":"https:\/\/weltlaeden.de\/schweinfurt\/wp-json\/wp\/v2\/users\/158"}],"replies":[{"embeddable":true,"href":"https:\/\/weltlaeden.de\/schweinfurt\/wp-json\/wp\/v2\/comments?post=567"}],"version-history":[{"count":15,"href":"https:\/\/weltlaeden.de\/schweinfurt\/wp-json\/wp\/v2\/pages\/567\/revisions"}],"predecessor-version":[{"id":987,"href":"https:\/\/weltlaeden.de\/schweinfurt\/wp-json\/wp\/v2\/pages\/567\/revisions\/987"}],"wp:attachment":[{"href":"https:\/\/weltlaeden.de\/schweinfurt\/wp-json\/wp\/v2\/media?parent=567"}],"curies":[{"name":"wp","href":"https:\/\/api.w.org\/{rel}","templated":true}]}}