{"id":493,"date":"2019-10-12T14:28:37","date_gmt":"2019-10-12T12:28:37","guid":{"rendered":"https:\/\/weltlaeden.de\/schweinfurt\/bildungsangebot\/"},"modified":"2026-01-17T21:52:36","modified_gmt":"2026-01-17T20:52:36","slug":"bildungsangebot","status":"publish","type":"page","link":"https:\/\/weltlaeden.de\/schweinfurt\/bildungsangebot\/","title":{"rendered":"Bildungsangebot"},"content":{"rendered":"<div class=\"wpb-content-wrapper\"><p>[vc_row][vc_column]<div class=\"wl_einzelbild\"><p><img loading=\"lazy\" decoding=\"async\" class=\"alignleft wp-image-667 size-full\" src=\"https:\/\/weltlaeden.de\/schweinfurt\/wp-content\/uploads\/sites\/103\/2019\/12\/Bildung-gro\u00df-e1576352020823.jpg\" alt=\"\" width=\"1200\" height=\"603\" srcset=\"https:\/\/weltlaeden.de\/schweinfurt\/wp-content\/uploads\/sites\/103\/2019\/12\/Bildung-gro\u00df-e1576352020823.jpg 1200w, https:\/\/weltlaeden.de\/schweinfurt\/wp-content\/uploads\/sites\/103\/2019\/12\/Bildung-gro\u00df-e1576352020823-300x151.jpg 300w, https:\/\/weltlaeden.de\/schweinfurt\/wp-content\/uploads\/sites\/103\/2019\/12\/Bildung-gro\u00df-e1576352020823-768x386.jpg 768w, https:\/\/weltlaeden.de\/schweinfurt\/wp-content\/uploads\/sites\/103\/2019\/12\/Bildung-gro\u00df-e1576352020823-1024x515.jpg 1024w\" sizes=\"auto, (max-width: 1200px) 100vw, 1200px\" \/><\/p><\/div>[vc_empty_space height=&#8220;20px&#8220;][\/vc_column][\/vc_row][vc_row][vc_column][vc_column_text]<\/p>\n<h1 style=\"text-align: left\">Bildungsarbeit<\/h1>\n<p>[\/vc_column_text][vc_column_text css=&#8220;&#8220;]<span class=\"fs12lh1-5 cf1\"><span class=\"\">Ziel unserer Arbeit ist\u00a0 es, \u00fcber globale Zusammenh\u00e4nge zu informieren und die Idee des Fairen Handels Menschen n\u00e4her zu bringen. Sie finden bei uns Angebote f\u00fcr alle\u00a0Gelegenheiten und Altersgruppen: F\u00fcr Schule, Jugendarbeit oder Erwachsenenbildung.<\/span><\/span><\/p>\n<p>Einen kurzen \u00dcberblick \u00fcber unser Bildungsangebot gibt Ihnen auch unser Bildungsflyer, diesen k\u00f6nnen Sie unter dem folgenden Link herunterladen:\u00a0<a href=\"https:\/\/weltlaeden.de\/schweinfurt\/wp-content\/uploads\/sites\/103\/2026\/01\/Bildungsmaterial-Weltladen-Schweinfurt-.pdf\" target=\"_blank\" rel=\"noopener\">Bildungsmaterial Weltladen Schweinfurt<\/a><\/p>\n<p>Wir unterst\u00fctzen Sie gerne, kommen Sie im Weltladen vorbei oder nehmen Sie Kontakt mit uns auf.[\/vc_column_text][vc_empty_space height=&#8220;30px&#8220;][\/vc_column][\/vc_row][vc_row][vc_column width=&#8220;1\/3&#8243;][vc_column_text]<\/p>\n<h2 style=\"text-align: left\">Lernort Weltladen<\/h2>\n<p>[\/vc_column_text]<div class=\"wl_einzelbild\"><p><img loading=\"lazy\" decoding=\"async\" class=\"alignleft wp-image-680\" src=\"https:\/\/weltlaeden.de\/schweinfurt\/wp-content\/uploads\/sites\/103\/2019\/12\/Lernort-WEltladen-klein.jpg\" alt=\"\" width=\"220\" height=\"165\" \/><\/p><\/div>[vc_column_text css=&#8220;&#8220;]Sie m\u00f6chten mit einer Gruppe eine Weltladenf\u00fchrung machen und sich \u00fcber den Fairen Handel oder ein anderes Thema informieren?<\/p>\n<p><a href=\"https:\/\/weltlaeden.de\/schweinfurt\/lernort-weltladen\/\">(mehr)<\/a>[\/vc_column_text][\/vc_column][vc_column width=&#8220;1\/3&#8243;][vc_column_text]<\/p>\n<h2 style=\"text-align: left\">Referenten<\/h2>\n<p>[\/vc_column_text]<div class=\"wl_einzelbild\"><p><img loading=\"lazy\" decoding=\"async\" class=\"alignleft wp-image-686 \" src=\"https:\/\/weltlaeden.de\/schweinfurt\/wp-content\/uploads\/sites\/103\/2019\/12\/IMG_0891-2-e1576357178810.jpg\" alt=\"\" width=\"216\" height=\"167\" srcset=\"https:\/\/weltlaeden.de\/schweinfurt\/wp-content\/uploads\/sites\/103\/2019\/12\/IMG_0891-2-e1576357178810.jpg 304w, https:\/\/weltlaeden.de\/schweinfurt\/wp-content\/uploads\/sites\/103\/2019\/12\/IMG_0891-2-e1576357178810-300x231.jpg 300w\" sizes=\"auto, (max-width: 216px) 100vw, 216px\" \/><\/p><\/div>[vc_column_text]Sie m\u00f6chten fachkundige ReferentInnen f\u00fcr Ihre Veranstaltungen oder Ihren Unterricht?<\/p>\n<p><a href=\"https:\/\/weltlaeden.de\/schweinfurt\/test\/\">(mehr)<\/a>[\/vc_column_text][\/vc_column][vc_column width=&#8220;1\/3&#8243;][vc_column_text]<\/p>\n<h2 style=\"text-align: left\">Bildungsmaterial<\/h2>\n<p>[\/vc_column_text]<div class=\"wl_einzelbild\"><p><\/p>\n<p style=\"text-align: left\"><img loading=\"lazy\" decoding=\"async\" class=\"alignleft wp-image-669 \" src=\"https:\/\/weltlaeden.de\/schweinfurt\/wp-content\/uploads\/sites\/103\/2019\/12\/Bildung-klein-2--e1576357979628.jpg\" alt=\"\" width=\"213\" height=\"165\" \/><\/p>\n<p><\/p><\/div>[vc_column_text]Sie m\u00f6chten Materialien zu Themen des gobalen Lernens ausleihen oder einen konsumkritischen Stadtrundgang machen?<\/p>\n<p><a href=\"https:\/\/weltlaeden.de\/schweinfurt\/bildungsangebot-2\/\">(mehr)<\/a>[\/vc_column_text][\/vc_column][\/vc_row]<\/p>\n<\/div>","protected":false},"excerpt":{"rendered":"<p>[vc_row][vc_column][vc_empty_space height=&#8220;20px&#8220;][\/vc_column][\/vc_row][vc_row][vc_column][vc_column_text] Bildungsarbeit [\/vc_column_text][vc_column_text css=&#8220;&#8220;]Ziel unserer Arbeit ist\u00a0 es, \u00fcber globale Zusammenh\u00e4nge zu informieren und die Idee des Fairen Handels Menschen n\u00e4her zu bringen. Sie finden bei uns Angebote f\u00fcr alle\u00a0Gelegenheiten und Altersgruppen: F\u00fcr Schule, Jugendarbeit oder Erwachsenenbildung. Einen kurzen \u00dcberblick \u00fcber unser Bildungsangebot gibt Ihnen auch unser Bildungsflyer, diesen k\u00f6nnen Sie unter dem folgenden&hellip;<\/p>\n","protected":false},"author":158,"featured_media":0,"parent":0,"menu_order":0,"comment_status":"closed","ping_status":"closed","template":"","meta":{"footnotes":""},"class_list":["post-493","page","type-page","status-publish","hentry","description-off"],"yoast_head":"<!-- This site is optimized with the Yoast SEO plugin v26.8 - https:\/\/yoast.com\/product\/yoast-seo-wordpress\/ -->\n<title>Bildungsangebot - Weltladen Schweinfurt<\/title>\n<meta name=\"robots\" content=\"index, follow, max-snippet:-1, max-image-preview:large, max-video-preview:-1\" \/>\n<link rel=\"canonical\" href=\"https:\/\/weltlaeden.de\/schweinfurt\/bildungsangebot\/\" \/>\n<meta property=\"og:locale\" content=\"de_DE\" \/>\n<meta property=\"og:type\" content=\"article\" \/>\n<meta property=\"og:title\" content=\"Bildungsangebot - Weltladen Schweinfurt\" \/>\n<meta property=\"og:description\" content=\"[vc_row][vc_column][vc_empty_space height=&#8220;20px&#8220;][\/vc_column][\/vc_row][vc_row][vc_column][vc_column_text] Bildungsarbeit [\/vc_column_text][vc_column_text css=&#8220;&#8220;]Ziel unserer Arbeit ist\u00a0 es, \u00fcber globale Zusammenh\u00e4nge zu informieren und die Idee des Fairen Handels Menschen n\u00e4her zu bringen. Sie finden bei uns Angebote f\u00fcr alle\u00a0Gelegenheiten und Altersgruppen: F\u00fcr Schule, Jugendarbeit oder Erwachsenenbildung. Einen kurzen \u00dcberblick \u00fcber unser Bildungsangebot gibt Ihnen auch unser Bildungsflyer, diesen k\u00f6nnen Sie unter dem folgenden&hellip;\" \/>\n<meta property=\"og:url\" content=\"https:\/\/weltlaeden.de\/schweinfurt\/bildungsangebot\/\" \/>\n<meta property=\"og:site_name\" content=\"Weltladen Schweinfurt\" \/>\n<meta property=\"article:modified_time\" content=\"2026-01-17T20:52:36+00:00\" \/>\n<meta property=\"og:image\" content=\"https:\/\/weltlaeden.de\/schweinfurt\/wp-content\/uploads\/sites\/103\/2019\/12\/Lernort-WEltladen-klein.jpg\" \/>\n<meta name=\"twitter:card\" content=\"summary_large_image\" \/>\n<meta name=\"twitter:label1\" content=\"Gesch\u00e4tzte Lesezeit\" \/>\n\t<meta name=\"twitter:data1\" content=\"2\u00a0Minuten\" \/>\n<script type=\"application\/ld+json\" class=\"yoast-schema-graph\">{\"@context\":\"https:\/\/schema.org\",\"@graph\":[{\"@type\":\"WebPage\",\"@id\":\"https:\/\/weltlaeden.de\/schweinfurt\/bildungsangebot\/\",\"url\":\"https:\/\/weltlaeden.de\/schweinfurt\/bildungsangebot\/\",\"name\":\"Bildungsangebot - Weltladen Schweinfurt\",\"isPartOf\":{\"@id\":\"https:\/\/weltlaeden.de\/schweinfurt\/#website\"},\"primaryImageOfPage\":{\"@id\":\"https:\/\/weltlaeden.de\/schweinfurt\/bildungsangebot\/#primaryimage\"},\"image\":{\"@id\":\"https:\/\/weltlaeden.de\/schweinfurt\/bildungsangebot\/#primaryimage\"},\"thumbnailUrl\":\"https:\/\/weltlaeden.de\/schweinfurt\/wp-content\/uploads\/sites\/103\/2019\/12\/Lernort-WEltladen-klein.jpg\",\"datePublished\":\"2019-10-12T12:28:37+00:00\",\"dateModified\":\"2026-01-17T20:52:36+00:00\",\"breadcrumb\":{\"@id\":\"https:\/\/weltlaeden.de\/schweinfurt\/bildungsangebot\/#breadcrumb\"},\"inLanguage\":\"de\",\"potentialAction\":[{\"@type\":\"ReadAction\",\"target\":[\"https:\/\/weltlaeden.de\/schweinfurt\/bildungsangebot\/\"]}]},{\"@type\":\"ImageObject\",\"inLanguage\":\"de\",\"@id\":\"https:\/\/weltlaeden.de\/schweinfurt\/bildungsangebot\/#primaryimage\",\"url\":\"https:\/\/weltlaeden.de\/schweinfurt\/wp-content\/uploads\/sites\/103\/2019\/12\/Lernort-WEltladen-klein.jpg\",\"contentUrl\":\"https:\/\/weltlaeden.de\/schweinfurt\/wp-content\/uploads\/sites\/103\/2019\/12\/Lernort-WEltladen-klein.jpg\"},{\"@type\":\"BreadcrumbList\",\"@id\":\"https:\/\/weltlaeden.de\/schweinfurt\/bildungsangebot\/#breadcrumb\",\"itemListElement\":[{\"@type\":\"ListItem\",\"position\":1,\"name\":\"Startseite\",\"item\":\"https:\/\/weltlaeden.de\/schweinfurt\/\"},{\"@type\":\"ListItem\",\"position\":2,\"name\":\"Bildungsangebot\"}]},{\"@type\":\"WebSite\",\"@id\":\"https:\/\/weltlaeden.de\/schweinfurt\/#website\",\"url\":\"https:\/\/weltlaeden.de\/schweinfurt\/\",\"name\":\"Weltladen Schweinfurt\",\"description\":\"Faire Produkte seit 1989\",\"potentialAction\":[{\"@type\":\"SearchAction\",\"target\":{\"@type\":\"EntryPoint\",\"urlTemplate\":\"https:\/\/weltlaeden.de\/schweinfurt\/?s={search_term_string}\"},\"query-input\":{\"@type\":\"PropertyValueSpecification\",\"valueRequired\":true,\"valueName\":\"search_term_string\"}}],\"inLanguage\":\"de\"}]}<\/script>\n<!-- \/ Yoast SEO plugin. -->","yoast_head_json":{"title":"Bildungsangebot - Weltladen Schweinfurt","robots":{"index":"index","follow":"follow","max-snippet":"max-snippet:-1","max-image-preview":"max-image-preview:large","max-video-preview":"max-video-preview:-1"},"canonical":"https:\/\/weltlaeden.de\/schweinfurt\/bildungsangebot\/","og_locale":"de_DE","og_type":"article","og_title":"Bildungsangebot - Weltladen Schweinfurt","og_description":"[vc_row][vc_column][vc_empty_space height=&#8220;20px&#8220;][\/vc_column][\/vc_row][vc_row][vc_column][vc_column_text] Bildungsarbeit [\/vc_column_text][vc_column_text css=&#8220;&#8220;]Ziel unserer Arbeit ist\u00a0 es, \u00fcber globale Zusammenh\u00e4nge zu informieren und die Idee des Fairen Handels Menschen n\u00e4her zu bringen. Sie finden bei uns Angebote f\u00fcr alle\u00a0Gelegenheiten und Altersgruppen: F\u00fcr Schule, Jugendarbeit oder Erwachsenenbildung. Einen kurzen \u00dcberblick \u00fcber unser Bildungsangebot gibt Ihnen auch unser Bildungsflyer, diesen k\u00f6nnen Sie unter dem folgenden&hellip;","og_url":"https:\/\/weltlaeden.de\/schweinfurt\/bildungsangebot\/","og_site_name":"Weltladen Schweinfurt","article_modified_time":"2026-01-17T20:52:36+00:00","og_image":[{"url":"https:\/\/weltlaeden.de\/schweinfurt\/wp-content\/uploads\/sites\/103\/2019\/12\/Lernort-WEltladen-klein.jpg","type":"","width":"","height":""}],"twitter_card":"summary_large_image","twitter_misc":{"Gesch\u00e4tzte Lesezeit":"2\u00a0Minuten"},"schema":{"@context":"https:\/\/schema.org","@graph":[{"@type":"WebPage","@id":"https:\/\/weltlaeden.de\/schweinfurt\/bildungsangebot\/","url":"https:\/\/weltlaeden.de\/schweinfurt\/bildungsangebot\/","name":"Bildungsangebot - Weltladen Schweinfurt","isPartOf":{"@id":"https:\/\/weltlaeden.de\/schweinfurt\/#website"},"primaryImageOfPage":{"@id":"https:\/\/weltlaeden.de\/schweinfurt\/bildungsangebot\/#primaryimage"},"image":{"@id":"https:\/\/weltlaeden.de\/schweinfurt\/bildungsangebot\/#primaryimage"},"thumbnailUrl":"https:\/\/weltlaeden.de\/schweinfurt\/wp-content\/uploads\/sites\/103\/2019\/12\/Lernort-WEltladen-klein.jpg","datePublished":"2019-10-12T12:28:37+00:00","dateModified":"2026-01-17T20:52:36+00:00","breadcrumb":{"@id":"https:\/\/weltlaeden.de\/schweinfurt\/bildungsangebot\/#breadcrumb"},"inLanguage":"de","potentialAction":[{"@type":"ReadAction","target":["https:\/\/weltlaeden.de\/schweinfurt\/bildungsangebot\/"]}]},{"@type":"ImageObject","inLanguage":"de","@id":"https:\/\/weltlaeden.de\/schweinfurt\/bildungsangebot\/#primaryimage","url":"https:\/\/weltlaeden.de\/schweinfurt\/wp-content\/uploads\/sites\/103\/2019\/12\/Lernort-WEltladen-klein.jpg","contentUrl":"https:\/\/weltlaeden.de\/schweinfurt\/wp-content\/uploads\/sites\/103\/2019\/12\/Lernort-WEltladen-klein.jpg"},{"@type":"BreadcrumbList","@id":"https:\/\/weltlaeden.de\/schweinfurt\/bildungsangebot\/#breadcrumb","itemListElement":[{"@type":"ListItem","position":1,"name":"Startseite","item":"https:\/\/weltlaeden.de\/schweinfurt\/"},{"@type":"ListItem","position":2,"name":"Bildungsangebot"}]},{"@type":"WebSite","@id":"https:\/\/weltlaeden.de\/schweinfurt\/#website","url":"https:\/\/weltlaeden.de\/schweinfurt\/","name":"Weltladen Schweinfurt","description":"Faire Produkte seit 1989","potentialAction":[{"@type":"SearchAction","target":{"@type":"EntryPoint","urlTemplate":"https:\/\/weltlaeden.de\/schweinfurt\/?s={search_term_string}"},"query-input":{"@type":"PropertyValueSpecification","valueRequired":true,"valueName":"search_term_string"}}],"inLanguage":"de"}]}},"_links":{"self":[{"href":"https:\/\/weltlaeden.de\/schweinfurt\/wp-json\/wp\/v2\/pages\/493","targetHints":{"allow":["GET"]}}],"collection":[{"href":"https:\/\/weltlaeden.de\/schweinfurt\/wp-json\/wp\/v2\/pages"}],"about":[{"href":"https:\/\/weltlaeden.de\/schweinfurt\/wp-json\/wp\/v2\/types\/page"}],"author":[{"embeddable":true,"href":"https:\/\/weltlaeden.de\/schweinfurt\/wp-json\/wp\/v2\/users\/158"}],"replies":[{"embeddable":true,"href":"https:\/\/weltlaeden.de\/schweinfurt\/wp-json\/wp\/v2\/comments?post=493"}],"version-history":[{"count":55,"href":"https:\/\/weltlaeden.de\/schweinfurt\/wp-json\/wp\/v2\/pages\/493\/revisions"}],"predecessor-version":[{"id":2511,"href":"https:\/\/weltlaeden.de\/schweinfurt\/wp-json\/wp\/v2\/pages\/493\/revisions\/2511"}],"wp:attachment":[{"href":"https:\/\/weltlaeden.de\/schweinfurt\/wp-json\/wp\/v2\/media?parent=493"}],"curies":[{"name":"wp","href":"https:\/\/api.w.org\/{rel}","templated":true}]}}