{"id":464,"date":"2019-09-02T23:30:07","date_gmt":"2019-09-02T21:30:07","guid":{"rendered":"https:\/\/weltlaeden.de\/schweinfurt\/?page_id=464"},"modified":"2020-03-07T23:25:16","modified_gmt":"2020-03-07T22:25:16","slug":"test","status":"publish","type":"page","link":"https:\/\/weltlaeden.de\/schweinfurt\/test\/","title":{"rendered":"Referenten"},"content":{"rendered":"<div class=\"wpb-content-wrapper\"><p>[vc_row][vc_column][vc_column_text]<\/p>\n<h1>Referenten<\/h1>\n<p>[\/vc_column_text][vc_empty_space height=&#8220;20px&#8220;][vc_column_text]Sie sind Lehrkraft und m\u00f6chten das Thema Fairer Handel im Unterricht bearbeiten?<\/p>\n<p>Sie m\u00f6chten sich mit Ihrer Gruppe \u00fcber globale Zusammenh\u00e4nge, spezielle Produkte, Arbeitsbedingungen oder andere Themen des Fairen Handels informieren?<\/p>\n<p>Sie planen eine Veranstaltung und m\u00f6chten einen Referenten\/eine Referentin hinzuziehen?<\/p>\n<p>Kontaktieren Sie uns telefonisch oder per Email.[\/vc_column_text][\/vc_column][\/vc_row]<\/p>\n<\/div>","protected":false},"excerpt":{"rendered":"<p>[vc_row][vc_column][vc_column_text] Referenten [\/vc_column_text][vc_empty_space height=&#8220;20px&#8220;][vc_column_text]Sie sind Lehrkraft und m\u00f6chten das Thema Fairer Handel im Unterricht bearbeiten? Sie m\u00f6chten sich mit Ihrer Gruppe \u00fcber globale Zusammenh\u00e4nge, spezielle Produkte, Arbeitsbedingungen oder andere Themen des Fairen Handels informieren? Sie planen eine Veranstaltung und m\u00f6chten einen Referenten\/eine Referentin hinzuziehen? Kontaktieren Sie uns telefonisch oder per Email.[\/vc_column_text][\/vc_column][\/vc_row]<\/p>\n","protected":false},"author":158,"featured_media":0,"parent":0,"menu_order":7,"comment_status":"closed","ping_status":"closed","template":"","meta":{"footnotes":""},"class_list":["post-464","page","type-page","status-publish","hentry","description-off"],"yoast_head":"<!-- This site is optimized with the Yoast SEO plugin v26.8 - https:\/\/yoast.com\/product\/yoast-seo-wordpress\/ -->\n<title>Referenten - Weltladen Schweinfurt<\/title>\n<meta name=\"robots\" content=\"index, follow, max-snippet:-1, max-image-preview:large, max-video-preview:-1\" \/>\n<link rel=\"canonical\" href=\"https:\/\/weltlaeden.de\/schweinfurt\/test\/\" \/>\n<meta property=\"og:locale\" content=\"de_DE\" \/>\n<meta property=\"og:type\" content=\"article\" \/>\n<meta property=\"og:title\" content=\"Referenten - Weltladen Schweinfurt\" \/>\n<meta property=\"og:description\" content=\"[vc_row][vc_column][vc_column_text] Referenten [\/vc_column_text][vc_empty_space height=&#8220;20px&#8220;][vc_column_text]Sie sind Lehrkraft und m\u00f6chten das Thema Fairer Handel im Unterricht bearbeiten? Sie m\u00f6chten sich mit Ihrer Gruppe \u00fcber globale Zusammenh\u00e4nge, spezielle Produkte, Arbeitsbedingungen oder andere Themen des Fairen Handels informieren? Sie planen eine Veranstaltung und m\u00f6chten einen Referenten\/eine Referentin hinzuziehen? Kontaktieren Sie uns telefonisch oder per Email.[\/vc_column_text][\/vc_column][\/vc_row]\" \/>\n<meta property=\"og:url\" content=\"https:\/\/weltlaeden.de\/schweinfurt\/test\/\" \/>\n<meta property=\"og:site_name\" content=\"Weltladen Schweinfurt\" \/>\n<meta property=\"article:modified_time\" content=\"2020-03-07T22:25:16+00:00\" \/>\n<meta name=\"twitter:card\" content=\"summary_large_image\" \/>\n<script type=\"application\/ld+json\" class=\"yoast-schema-graph\">{\"@context\":\"https:\/\/schema.org\",\"@graph\":[{\"@type\":\"WebPage\",\"@id\":\"https:\/\/weltlaeden.de\/schweinfurt\/test\/\",\"url\":\"https:\/\/weltlaeden.de\/schweinfurt\/test\/\",\"name\":\"Referenten - Weltladen Schweinfurt\",\"isPartOf\":{\"@id\":\"https:\/\/weltlaeden.de\/schweinfurt\/#website\"},\"datePublished\":\"2019-09-02T21:30:07+00:00\",\"dateModified\":\"2020-03-07T22:25:16+00:00\",\"breadcrumb\":{\"@id\":\"https:\/\/weltlaeden.de\/schweinfurt\/test\/#breadcrumb\"},\"inLanguage\":\"de\",\"potentialAction\":[{\"@type\":\"ReadAction\",\"target\":[\"https:\/\/weltlaeden.de\/schweinfurt\/test\/\"]}]},{\"@type\":\"BreadcrumbList\",\"@id\":\"https:\/\/weltlaeden.de\/schweinfurt\/test\/#breadcrumb\",\"itemListElement\":[{\"@type\":\"ListItem\",\"position\":1,\"name\":\"Startseite\",\"item\":\"https:\/\/weltlaeden.de\/schweinfurt\/\"},{\"@type\":\"ListItem\",\"position\":2,\"name\":\"Referenten\"}]},{\"@type\":\"WebSite\",\"@id\":\"https:\/\/weltlaeden.de\/schweinfurt\/#website\",\"url\":\"https:\/\/weltlaeden.de\/schweinfurt\/\",\"name\":\"Weltladen Schweinfurt\",\"description\":\"Faire Produkte seit 1989\",\"potentialAction\":[{\"@type\":\"SearchAction\",\"target\":{\"@type\":\"EntryPoint\",\"urlTemplate\":\"https:\/\/weltlaeden.de\/schweinfurt\/?s={search_term_string}\"},\"query-input\":{\"@type\":\"PropertyValueSpecification\",\"valueRequired\":true,\"valueName\":\"search_term_string\"}}],\"inLanguage\":\"de\"}]}<\/script>\n<!-- \/ Yoast SEO plugin. -->","yoast_head_json":{"title":"Referenten - Weltladen Schweinfurt","robots":{"index":"index","follow":"follow","max-snippet":"max-snippet:-1","max-image-preview":"max-image-preview:large","max-video-preview":"max-video-preview:-1"},"canonical":"https:\/\/weltlaeden.de\/schweinfurt\/test\/","og_locale":"de_DE","og_type":"article","og_title":"Referenten - Weltladen Schweinfurt","og_description":"[vc_row][vc_column][vc_column_text] Referenten [\/vc_column_text][vc_empty_space height=&#8220;20px&#8220;][vc_column_text]Sie sind Lehrkraft und m\u00f6chten das Thema Fairer Handel im Unterricht bearbeiten? Sie m\u00f6chten sich mit Ihrer Gruppe \u00fcber globale Zusammenh\u00e4nge, spezielle Produkte, Arbeitsbedingungen oder andere Themen des Fairen Handels informieren? Sie planen eine Veranstaltung und m\u00f6chten einen Referenten\/eine Referentin hinzuziehen? Kontaktieren Sie uns telefonisch oder per Email.[\/vc_column_text][\/vc_column][\/vc_row]","og_url":"https:\/\/weltlaeden.de\/schweinfurt\/test\/","og_site_name":"Weltladen Schweinfurt","article_modified_time":"2020-03-07T22:25:16+00:00","twitter_card":"summary_large_image","schema":{"@context":"https:\/\/schema.org","@graph":[{"@type":"WebPage","@id":"https:\/\/weltlaeden.de\/schweinfurt\/test\/","url":"https:\/\/weltlaeden.de\/schweinfurt\/test\/","name":"Referenten - Weltladen Schweinfurt","isPartOf":{"@id":"https:\/\/weltlaeden.de\/schweinfurt\/#website"},"datePublished":"2019-09-02T21:30:07+00:00","dateModified":"2020-03-07T22:25:16+00:00","breadcrumb":{"@id":"https:\/\/weltlaeden.de\/schweinfurt\/test\/#breadcrumb"},"inLanguage":"de","potentialAction":[{"@type":"ReadAction","target":["https:\/\/weltlaeden.de\/schweinfurt\/test\/"]}]},{"@type":"BreadcrumbList","@id":"https:\/\/weltlaeden.de\/schweinfurt\/test\/#breadcrumb","itemListElement":[{"@type":"ListItem","position":1,"name":"Startseite","item":"https:\/\/weltlaeden.de\/schweinfurt\/"},{"@type":"ListItem","position":2,"name":"Referenten"}]},{"@type":"WebSite","@id":"https:\/\/weltlaeden.de\/schweinfurt\/#website","url":"https:\/\/weltlaeden.de\/schweinfurt\/","name":"Weltladen Schweinfurt","description":"Faire Produkte seit 1989","potentialAction":[{"@type":"SearchAction","target":{"@type":"EntryPoint","urlTemplate":"https:\/\/weltlaeden.de\/schweinfurt\/?s={search_term_string}"},"query-input":{"@type":"PropertyValueSpecification","valueRequired":true,"valueName":"search_term_string"}}],"inLanguage":"de"}]}},"_links":{"self":[{"href":"https:\/\/weltlaeden.de\/schweinfurt\/wp-json\/wp\/v2\/pages\/464","targetHints":{"allow":["GET"]}}],"collection":[{"href":"https:\/\/weltlaeden.de\/schweinfurt\/wp-json\/wp\/v2\/pages"}],"about":[{"href":"https:\/\/weltlaeden.de\/schweinfurt\/wp-json\/wp\/v2\/types\/page"}],"author":[{"embeddable":true,"href":"https:\/\/weltlaeden.de\/schweinfurt\/wp-json\/wp\/v2\/users\/158"}],"replies":[{"embeddable":true,"href":"https:\/\/weltlaeden.de\/schweinfurt\/wp-json\/wp\/v2\/comments?post=464"}],"version-history":[{"count":7,"href":"https:\/\/weltlaeden.de\/schweinfurt\/wp-json\/wp\/v2\/pages\/464\/revisions"}],"predecessor-version":[{"id":1006,"href":"https:\/\/weltlaeden.de\/schweinfurt\/wp-json\/wp\/v2\/pages\/464\/revisions\/1006"}],"wp:attachment":[{"href":"https:\/\/weltlaeden.de\/schweinfurt\/wp-json\/wp\/v2\/media?parent=464"}],"curies":[{"name":"wp","href":"https:\/\/api.w.org\/{rel}","templated":true}]}}