{"id":219,"date":"2016-10-28T13:34:47","date_gmt":"2016-10-28T11:34:47","guid":{"rendered":"https:\/\/wl.heimpixel.de\/vorlage\/ueber-uns\/"},"modified":"2024-10-27T19:34:59","modified_gmt":"2024-10-27T18:34:59","slug":"ueber-uns","status":"publish","type":"page","link":"https:\/\/weltlaeden.de\/schweinfurt\/ueber-uns\/","title":{"rendered":"\u00dcber uns"},"content":{"rendered":"<div class=\"wpb-content-wrapper\"><p>[vc_row][vc_column]<div class=\"wl_einzelbild\"><p><img loading=\"lazy\" decoding=\"async\" class=\"size-full wp-image-748 aligncenter\" src=\"https:\/\/weltlaeden.de\/schweinfurt\/wp-content\/uploads\/sites\/103\/2020\/01\/DSC09040-e1578173336991.jpg\" alt=\"\" width=\"787\" height=\"340\" \/><\/p><\/div>[vc_empty_space][vc_column_text]<\/p>\n<h1>Weltladen Schweinfurt<\/h1>\n<p>[\/vc_column_text][vc_column_text]Der Weltladen Schweinfurt wurde 1989 gegr\u00fcndet und ist Mitglied im <a href=\"http:\/\/www.weltladen.de\" target=\"_blank\" rel=\"noopener\">Weltladen Dachverband.<\/a> Seit 2010 ist der<a href=\"https:\/\/weltlaeden.de\/schweinfurt\/verein\/\"> &#8222;fair handeln Schweinfurt e.V.&#8220;<\/a> Tr\u00e4ger des Weltladens.<\/p>\n<p>Wir betreiben unseren Weltladen ausschlie\u00dflich mit ehrenamtlichem Engagement. Unser Ladenteam k\u00fcmmert sich um den Einkauf, die Sortimentsauswahl und den Verkauf. MitarbeiterInnen in verschiedenen Arbeitskreisen organisieren Veranstaltungen, \u00d6ffentlichkeits- und Bildungsarbeit.[\/vc_column_text][\/vc_column][\/vc_row][vc_row][vc_column][vc_empty_space][vc_column_text]<\/p>\n<h1>Was wir Ihnen bieten<\/h1>\n<p>[\/vc_column_text][vc_column_text]Im Laden verkaufen wir <a href=\"https:\/\/weltlaeden.de\/schweinfurt\/produkte\/\">fair gehandelte Waren<\/a>, sollten wir einmal das von Ihnen gew\u00fcnschte Produkt nicht vorr\u00e4tig haben, bestellen wir es gerne f\u00fcr Sie. Wenn Sie regelm\u00e4\u00dfig\u00a0 oder auch nur zu bestimmten Gelegenheiten (in der Schule, auf einem Markt, in der Pfarrgemeinde &#8230;.)\u00a0 Waren des Fairen Handels verkaufen wollen, stellen wir Ihnen gerne ein Sortiment zusammen (auf Kommissionsbasis).<\/p>\n<p>Wir bieten zahlreiche <a href=\"https:\/\/weltlaeden.de\/schweinfurt\/bildungsangebot\/\">Bildungsangebote<\/a> und Veranstaltungen, unterst\u00fctzen Sie auch gerne bei eigenen Projekten und Aktionen.[\/vc_column_text][\/vc_column][\/vc_row][vc_row][vc_column][vc_empty_space][vc_column_text]<\/p>\n<h1>Aktiv werden<\/h1>\n<p>[\/vc_column_text][vc_column_text css=&#8220;&#8220;]<strong>Wir suchen<\/strong> Menschen, die Lust haben, sich ehrenamtlich f\u00fcr eine offene, transparente, \u00f6kologische und nachhaltige Form des Wirtschaftens zu engagieren. Ob im Verkauf, der Informations- oder Bildungsarbeit &#8211; die M\u00f6glichkeiten, in unseren Teams mitzumachen, sind vielf\u00e4ltig. Neben regelm\u00e4\u00dfigen Aufgaben gibt es bei uns auch immer wieder einzelne zeitlich befristete Projekte, f\u00fcr die wir Unterst\u00fctzerInnen suchen. Viele Aufgaben erfordern keine speziellen Vorkenntnisse, sondern nur Bereitschaft, sich einzubringen und eventuell in neuen Bereichen dazuzulernen.<\/p>\n<p><strong>Wir bieten<\/strong> die M\u00f6glichkeit f\u00fcr ein sinnvolles soziales Engagement, handfeste Erfolgserlebnisse, viele Bereiche seine F\u00e4higkeiten einzubringen, Spa\u00df bei der Mitarbeit in einem netten Team. Wir arbeiten Sie gerne ein und stehen bei Fragen zur Verf\u00fcgung.<\/p>\n<p><strong>Ansprechpartner\/in:<\/strong><br \/>\nBarbara Leyrer<br \/>\n015778377459<br \/>\nweltladensw@t-online.de<\/p>\n<p>Oder sprechen Sie uns einfach im Laden an.<\/p>\n<p><strong>Wir freuen uns auf Sie!<\/strong>[\/vc_column_text][\/vc_column][\/vc_row]<\/p>\n<\/div>","protected":false},"excerpt":{"rendered":"<p>[vc_row][vc_column][vc_empty_space][vc_column_text] Weltladen Schweinfurt [\/vc_column_text][vc_column_text]Der Weltladen Schweinfurt wurde 1989 gegr\u00fcndet und ist Mitglied im Weltladen Dachverband. Seit 2010 ist der &#8222;fair handeln Schweinfurt e.V.&#8220; Tr\u00e4ger des Weltladens. Wir betreiben unseren Weltladen ausschlie\u00dflich mit ehrenamtlichem Engagement. Unser Ladenteam k\u00fcmmert sich um den Einkauf, die Sortimentsauswahl und den Verkauf. MitarbeiterInnen in verschiedenen Arbeitskreisen organisieren Veranstaltungen, \u00d6ffentlichkeits- und Bildungsarbeit.[\/vc_column_text][\/vc_column][\/vc_row][vc_row][vc_column][vc_empty_space][vc_column_text]&hellip;<\/p>\n","protected":false},"author":1,"featured_media":0,"parent":0,"menu_order":2,"comment_status":"closed","ping_status":"closed","template":"","meta":{"footnotes":""},"class_list":["post-219","page","type-page","status-publish","hentry","description-off"],"yoast_head":"<!-- This site is optimized with the Yoast SEO plugin v26.8 - https:\/\/yoast.com\/product\/yoast-seo-wordpress\/ -->\n<title>\u00dcber uns - Weltladen Schweinfurt<\/title>\n<meta name=\"robots\" content=\"index, follow, max-snippet:-1, max-image-preview:large, max-video-preview:-1\" \/>\n<link rel=\"canonical\" href=\"https:\/\/weltlaeden.de\/schweinfurt\/ueber-uns\/\" \/>\n<meta property=\"og:locale\" content=\"de_DE\" \/>\n<meta property=\"og:type\" content=\"article\" \/>\n<meta property=\"og:title\" content=\"\u00dcber uns - Weltladen Schweinfurt\" \/>\n<meta property=\"og:description\" content=\"[vc_row][vc_column][vc_empty_space][vc_column_text] Weltladen Schweinfurt [\/vc_column_text][vc_column_text]Der Weltladen Schweinfurt wurde 1989 gegr\u00fcndet und ist Mitglied im Weltladen Dachverband. Seit 2010 ist der &#8222;fair handeln Schweinfurt e.V.&#8220; Tr\u00e4ger des Weltladens. Wir betreiben unseren Weltladen ausschlie\u00dflich mit ehrenamtlichem Engagement. Unser Ladenteam k\u00fcmmert sich um den Einkauf, die Sortimentsauswahl und den Verkauf. MitarbeiterInnen in verschiedenen Arbeitskreisen organisieren Veranstaltungen, \u00d6ffentlichkeits- und Bildungsarbeit.[\/vc_column_text][\/vc_column][\/vc_row][vc_row][vc_column][vc_empty_space][vc_column_text]&hellip;\" \/>\n<meta property=\"og:url\" content=\"https:\/\/weltlaeden.de\/schweinfurt\/ueber-uns\/\" \/>\n<meta property=\"og:site_name\" content=\"Weltladen Schweinfurt\" \/>\n<meta property=\"article:modified_time\" content=\"2024-10-27T18:34:59+00:00\" \/>\n<meta property=\"og:image\" content=\"https:\/\/weltlaeden.de\/schweinfurt\/wp-content\/uploads\/sites\/103\/2020\/01\/DSC09040-e1578173336991.jpg\" \/>\n<meta name=\"twitter:card\" content=\"summary_large_image\" \/>\n<meta name=\"twitter:label1\" content=\"Gesch\u00e4tzte Lesezeit\" \/>\n\t<meta name=\"twitter:data1\" content=\"2\u00a0Minuten\" \/>\n<script type=\"application\/ld+json\" class=\"yoast-schema-graph\">{\"@context\":\"https:\/\/schema.org\",\"@graph\":[{\"@type\":\"WebPage\",\"@id\":\"https:\/\/weltlaeden.de\/schweinfurt\/ueber-uns\/\",\"url\":\"https:\/\/weltlaeden.de\/schweinfurt\/ueber-uns\/\",\"name\":\"\u00dcber uns - Weltladen Schweinfurt\",\"isPartOf\":{\"@id\":\"https:\/\/weltlaeden.de\/schweinfurt\/#website\"},\"primaryImageOfPage\":{\"@id\":\"https:\/\/weltlaeden.de\/schweinfurt\/ueber-uns\/#primaryimage\"},\"image\":{\"@id\":\"https:\/\/weltlaeden.de\/schweinfurt\/ueber-uns\/#primaryimage\"},\"thumbnailUrl\":\"https:\/\/weltlaeden.de\/schweinfurt\/wp-content\/uploads\/sites\/103\/2020\/01\/DSC09040-e1578173336991.jpg\",\"datePublished\":\"2016-10-28T11:34:47+00:00\",\"dateModified\":\"2024-10-27T18:34:59+00:00\",\"breadcrumb\":{\"@id\":\"https:\/\/weltlaeden.de\/schweinfurt\/ueber-uns\/#breadcrumb\"},\"inLanguage\":\"de\",\"potentialAction\":[{\"@type\":\"ReadAction\",\"target\":[\"https:\/\/weltlaeden.de\/schweinfurt\/ueber-uns\/\"]}]},{\"@type\":\"ImageObject\",\"inLanguage\":\"de\",\"@id\":\"https:\/\/weltlaeden.de\/schweinfurt\/ueber-uns\/#primaryimage\",\"url\":\"https:\/\/weltlaeden.de\/schweinfurt\/wp-content\/uploads\/sites\/103\/2020\/01\/DSC09040-e1578173336991.jpg\",\"contentUrl\":\"https:\/\/weltlaeden.de\/schweinfurt\/wp-content\/uploads\/sites\/103\/2020\/01\/DSC09040-e1578173336991.jpg\",\"width\":1915,\"height\":873},{\"@type\":\"BreadcrumbList\",\"@id\":\"https:\/\/weltlaeden.de\/schweinfurt\/ueber-uns\/#breadcrumb\",\"itemListElement\":[{\"@type\":\"ListItem\",\"position\":1,\"name\":\"Startseite\",\"item\":\"https:\/\/weltlaeden.de\/schweinfurt\/\"},{\"@type\":\"ListItem\",\"position\":2,\"name\":\"\u00dcber uns\"}]},{\"@type\":\"WebSite\",\"@id\":\"https:\/\/weltlaeden.de\/schweinfurt\/#website\",\"url\":\"https:\/\/weltlaeden.de\/schweinfurt\/\",\"name\":\"Weltladen Schweinfurt\",\"description\":\"Faire Produkte seit 1989\",\"potentialAction\":[{\"@type\":\"SearchAction\",\"target\":{\"@type\":\"EntryPoint\",\"urlTemplate\":\"https:\/\/weltlaeden.de\/schweinfurt\/?s={search_term_string}\"},\"query-input\":{\"@type\":\"PropertyValueSpecification\",\"valueRequired\":true,\"valueName\":\"search_term_string\"}}],\"inLanguage\":\"de\"}]}<\/script>\n<!-- \/ Yoast SEO plugin. -->","yoast_head_json":{"title":"\u00dcber uns - Weltladen Schweinfurt","robots":{"index":"index","follow":"follow","max-snippet":"max-snippet:-1","max-image-preview":"max-image-preview:large","max-video-preview":"max-video-preview:-1"},"canonical":"https:\/\/weltlaeden.de\/schweinfurt\/ueber-uns\/","og_locale":"de_DE","og_type":"article","og_title":"\u00dcber uns - Weltladen Schweinfurt","og_description":"[vc_row][vc_column][vc_empty_space][vc_column_text] Weltladen Schweinfurt [\/vc_column_text][vc_column_text]Der Weltladen Schweinfurt wurde 1989 gegr\u00fcndet und ist Mitglied im Weltladen Dachverband. Seit 2010 ist der &#8222;fair handeln Schweinfurt e.V.&#8220; Tr\u00e4ger des Weltladens. Wir betreiben unseren Weltladen ausschlie\u00dflich mit ehrenamtlichem Engagement. Unser Ladenteam k\u00fcmmert sich um den Einkauf, die Sortimentsauswahl und den Verkauf. MitarbeiterInnen in verschiedenen Arbeitskreisen organisieren Veranstaltungen, \u00d6ffentlichkeits- und Bildungsarbeit.[\/vc_column_text][\/vc_column][\/vc_row][vc_row][vc_column][vc_empty_space][vc_column_text]&hellip;","og_url":"https:\/\/weltlaeden.de\/schweinfurt\/ueber-uns\/","og_site_name":"Weltladen Schweinfurt","article_modified_time":"2024-10-27T18:34:59+00:00","og_image":[{"url":"https:\/\/weltlaeden.de\/schweinfurt\/wp-content\/uploads\/sites\/103\/2020\/01\/DSC09040-e1578173336991.jpg","type":"","width":"","height":""}],"twitter_card":"summary_large_image","twitter_misc":{"Gesch\u00e4tzte Lesezeit":"2\u00a0Minuten"},"schema":{"@context":"https:\/\/schema.org","@graph":[{"@type":"WebPage","@id":"https:\/\/weltlaeden.de\/schweinfurt\/ueber-uns\/","url":"https:\/\/weltlaeden.de\/schweinfurt\/ueber-uns\/","name":"\u00dcber uns - Weltladen Schweinfurt","isPartOf":{"@id":"https:\/\/weltlaeden.de\/schweinfurt\/#website"},"primaryImageOfPage":{"@id":"https:\/\/weltlaeden.de\/schweinfurt\/ueber-uns\/#primaryimage"},"image":{"@id":"https:\/\/weltlaeden.de\/schweinfurt\/ueber-uns\/#primaryimage"},"thumbnailUrl":"https:\/\/weltlaeden.de\/schweinfurt\/wp-content\/uploads\/sites\/103\/2020\/01\/DSC09040-e1578173336991.jpg","datePublished":"2016-10-28T11:34:47+00:00","dateModified":"2024-10-27T18:34:59+00:00","breadcrumb":{"@id":"https:\/\/weltlaeden.de\/schweinfurt\/ueber-uns\/#breadcrumb"},"inLanguage":"de","potentialAction":[{"@type":"ReadAction","target":["https:\/\/weltlaeden.de\/schweinfurt\/ueber-uns\/"]}]},{"@type":"ImageObject","inLanguage":"de","@id":"https:\/\/weltlaeden.de\/schweinfurt\/ueber-uns\/#primaryimage","url":"https:\/\/weltlaeden.de\/schweinfurt\/wp-content\/uploads\/sites\/103\/2020\/01\/DSC09040-e1578173336991.jpg","contentUrl":"https:\/\/weltlaeden.de\/schweinfurt\/wp-content\/uploads\/sites\/103\/2020\/01\/DSC09040-e1578173336991.jpg","width":1915,"height":873},{"@type":"BreadcrumbList","@id":"https:\/\/weltlaeden.de\/schweinfurt\/ueber-uns\/#breadcrumb","itemListElement":[{"@type":"ListItem","position":1,"name":"Startseite","item":"https:\/\/weltlaeden.de\/schweinfurt\/"},{"@type":"ListItem","position":2,"name":"\u00dcber uns"}]},{"@type":"WebSite","@id":"https:\/\/weltlaeden.de\/schweinfurt\/#website","url":"https:\/\/weltlaeden.de\/schweinfurt\/","name":"Weltladen Schweinfurt","description":"Faire Produkte seit 1989","potentialAction":[{"@type":"SearchAction","target":{"@type":"EntryPoint","urlTemplate":"https:\/\/weltlaeden.de\/schweinfurt\/?s={search_term_string}"},"query-input":{"@type":"PropertyValueSpecification","valueRequired":true,"valueName":"search_term_string"}}],"inLanguage":"de"}]}},"_links":{"self":[{"href":"https:\/\/weltlaeden.de\/schweinfurt\/wp-json\/wp\/v2\/pages\/219","targetHints":{"allow":["GET"]}}],"collection":[{"href":"https:\/\/weltlaeden.de\/schweinfurt\/wp-json\/wp\/v2\/pages"}],"about":[{"href":"https:\/\/weltlaeden.de\/schweinfurt\/wp-json\/wp\/v2\/types\/page"}],"author":[{"embeddable":true,"href":"https:\/\/weltlaeden.de\/schweinfurt\/wp-json\/wp\/v2\/users\/1"}],"replies":[{"embeddable":true,"href":"https:\/\/weltlaeden.de\/schweinfurt\/wp-json\/wp\/v2\/comments?post=219"}],"version-history":[{"count":22,"href":"https:\/\/weltlaeden.de\/schweinfurt\/wp-json\/wp\/v2\/pages\/219\/revisions"}],"predecessor-version":[{"id":2249,"href":"https:\/\/weltlaeden.de\/schweinfurt\/wp-json\/wp\/v2\/pages\/219\/revisions\/2249"}],"wp:attachment":[{"href":"https:\/\/weltlaeden.de\/schweinfurt\/wp-json\/wp\/v2\/media?parent=219"}],"curies":[{"name":"wp","href":"https:\/\/api.w.org\/{rel}","templated":true}]}}