{"id":20,"date":"2016-10-14T09:05:21","date_gmt":"2016-10-14T07:05:21","guid":{"rendered":"https:\/\/wl.heimpixel.de\/vorlage\/weltladen-musterdorf\/"},"modified":"2026-04-12T15:50:34","modified_gmt":"2026-04-12T13:50:34","slug":"weltladen-musterdorf","status":"publish","type":"page","link":"https:\/\/weltlaeden.de\/schweinfurt\/","title":{"rendered":"Weltladen Schweinfurt"},"content":{"rendered":"<div class=\"wpb-content-wrapper\"><p>[vc_row][vc_column]<div class=\"wl_einzelbild\"><p><img loading=\"lazy\" decoding=\"async\" class=\"aligncenter wp-image-654 size-full\" src=\"https:\/\/weltlaeden.de\/schweinfurt\/wp-content\/uploads\/sites\/103\/2019\/12\/WEltladen-au\u00dfen-e1576349187986.jpg\" alt=\"\" width=\"729\" height=\"345\" srcset=\"https:\/\/weltlaeden.de\/schweinfurt\/wp-content\/uploads\/sites\/103\/2019\/12\/WEltladen-au\u00dfen-e1576349187986.jpg 729w, https:\/\/weltlaeden.de\/schweinfurt\/wp-content\/uploads\/sites\/103\/2019\/12\/WEltladen-au\u00dfen-e1576349187986-300x142.jpg 300w\" sizes=\"auto, (max-width: 729px) 100vw, 729px\" \/><\/p><\/div>[vc_empty_space height=&#8220;10px&#8220;][\/vc_column][\/vc_row][vc_row][vc_column][\/vc_column][\/vc_row][vc_row][vc_column][vc_empty_space height=&#8220;2px&#8220;][vc_column_text]<\/p>\n<h1 style=\"text-align: left\">Willkommen im Weltladen\u00a0Schweinfurt!<\/h1>\n<p>[\/vc_column_text][vc_column_text]<span class=\"fs12lh1-5 cf1\">Wir freuen uns, Sie auf unserer Homepage begr\u00fc\u00dfen zu k\u00f6nnen. Informieren Sie sich \u00fcber den Weltladen,<\/span><span class=\"fs12lh1-5 cf1\"> unser Sortiment, <\/span><span class=\"fs12lh1-5 cf1\"> die Idee des Fairen Handels, unser Bildungsangebot, aktuelle Termine und die M\u00f6glichkeiten zur Mitarbeit!<\/span>[\/vc_column_text][vc_empty_space height=&#8220;10px&#8220;][vc_separator color=&#8220;orange&#8220; border_width=&#8220;2&#8243;][\/vc_column][vc_column][\/vc_column][\/vc_row][vc_row][vc_column width=&#8220;1\/4&#8243;][vc_single_image image=&#8220;2071&#8243; onclick=&#8220;link_image&#8220; css=&#8220;&#8220;][vc_empty_space height=&#8220;5px&#8220;][\/vc_column][vc_column width=&#8220;3\/4&#8243;][vc_column_text css=&#8220;&#8220;]Liebe Kundinnen und Kunden,<\/p>\n<p><span style=\"font-size: 14px;font-weight: normal\">In unserem <a href=\"https:\/\/weltlaeden.de\/schweinfurt\/oster-und-fruehlingsmarkt\/\">on-line Fr\u00fchlingsmarkt<\/a> k\u00f6nnen Sie sich einen kleinen \u00dcberblick \u00fcber unser breites Sortiment versc<\/span><span style=\"font-size: 14px;font-weight: normal\">haffen.<\/span>[\/vc_column_text][\/vc_column][\/vc_row][vc_row][vc_column][vc_separator color=&#8220;orange&#8220; border_width=&#8220;2&#8243;][vc_empty_space height=&#8220;10px&#8220;][vc_column_text]<\/p>\n<h2><strong><span class=\"fs12lh1-5 cf1\" style=\"color: #ff9900\">Neues aus dem Weltladen<\/span><\/strong><\/h2>\n<p>[\/vc_column_text][vc_empty_space height=&#8220;5px&#8220;]<!-- This slideshow output is generated with Advanced post slider a multipurpose responsive WordPress slideshow plugin - http:\/\/www.wpcue.com\/wordpress-plugins\/advanced-post-slider\/ -->\r\n<style>\r\n#advps_container3 .bx-wrapper .bx-viewport {\r\n\t\tbackground:#ffffff;\r\n}\r\n#advps_container3 .bx-wrapper .bx-pager{\r\n\ttext-align: right;\r\n\tpadding-right:5px;\r\n}\r\n#advps_container3 .bx-wrapper .bx-pager\r\n{\r\n\tbottom:-35px;\r\n\tz-index:999;\r\n}\r\n#advps_container3 .bx-wrapper .bx-controls-auto\r\n{\r\n\tbottom:6px;\r\n}\r\n#advps_container3 .bx-wrapper .bx-controls.bx-has-controls-auto.bx-has-pager .bx-pager {\r\n\ttext-align: right;\r\n}\r\n#advps_container3 .bx-wrapper .bx-controls-auto {\r\n\tz-index:99999;\r\n\ttext-align:center;width:100%;}\r\n\r\n#advps_container3 .bx-wrapper .bx-pager.bx-default-pager a {\r\n\tbackground: #666;\r\n\ttext-indent: -9999px;\r\n\tdisplay: block;\r\n\twidth: 10px;\r\n\theight: 10px;\r\n\tmargin: 0 5px;\r\n\toutline: 0;\r\n\t-moz-border-radius: 5px;\r\n\t-webkit-border-radius: 5px;\r\n\tborder-radius: 5px;\r\n\ttext-align:left;\r\n}\r\n#advps_container3 .bx-wrapper .bx-pager.bx-default-pager a:hover,\r\n#advps_container3 .bx-wrapper .bx-pager.bx-default-pager a.active {\r\n\tbackground: #000;\r\n}\r\n\r\n\/* thumbnail pager*\/\r\n#advps_container3 #bx-pager\r\n{\r\n\twidth:100%;\r\n\tposition:absolute;\r\n\tbottom:-35px;\r\n    text-align: right;\r\n\tz-index: 9999;\r\n}\r\n#advps_container3 #bx-pager a img\r\n{\r\n\tborder: 1px solid #CCCCCC;\r\n    padding: 3px;\r\n}\r\n#advps_container3 #bx-pager a:hover img, #advps_container3 #bx-pager a.active img\r\n{\r\n\tborder: 1px solid #666666;\r\n}\r\n\/* medai queries *\/\r\n#advps_container3 .advs-title,#advps_container3 .advs-title a\r\n{\r\n\tfont-size:20px;\r\n\tline-height:26px;\r\n}\r\n#advps_container3 .advps-slide p\r\n{\r\n\tfont-size:15px;\r\n\tline-height:22px;\r\n}\r\n@media screen and (max-width: 1024px){\r\n\t#advps_container3 .advs-title,#advps_container3 .advs-title a\r\n\t{\r\n\t\tfont-size:16px;\r\n\t\tline-height:26px;\r\n\t}\r\n\t#advps_container3 .advps-slide p\r\n\t{\r\n\t\tfont-size:15px;\r\n\t\tline-height:22px;\r\n\t}\r\n}\r\n@media screen and (max-width: 768px){\r\n\t#advps_container3 h2.advs-title, #advps_container3 h2.advs-title a\r\n\t{\r\n\t\tfont-size:16px;\r\n\t\tline-height:20px;\r\n\t}\r\n\t#advps_container3 .advps-slide p\r\n\t{\r\n\t\tfont-size:14px;\r\n\t\tline-height:18px;\r\n\t}\r\n}\r\n@media screen and (max-width: 650px){\r\n\t#advps_container3 h2.advs-title, #advps_container3 h2.advs-title a\r\n\t{\r\n\t\tfont-size:15px;\r\n\t\tline-height:18px;\r\n\t}\r\n\t#advps_container3 .advps-slide p\r\n\t{\r\n\t\tfont-size:13px;\r\n\t\tline-height:15px;\r\n\t}\r\n}\r\n@media screen and (max-width: 480px){\r\n\t#advps_container3 h2.advs-title, #advps_container3 h2.advs-title a\r\n\t{\r\n\t\tfont-size:13px;\r\n\t\tline-height:14px;\r\n\t}\r\n\t#advps_container3 .advps-slide p\r\n\t{\r\n\t\tfont-size:12px;\r\n\t\tline-height:13px;\r\n\t}\r\n}\r\n@media screen and (max-width: 320px){\r\n\t#advps_container3 h2.advs-title, #advps_container3 h2.advs-title a\r\n\t{\r\n\t\tfont-size:12px;\r\n\t\tline-height:13px;\r\n\t}\r\n\t#advps_container3 .advps-slide p\r\n\t{\r\n\t\tfont-size:11px;\r\n\t\tline-height:12px;\r\n\t}\r\n}\r\n<\/style>\r\n<script type=\"text\/javascript\">\r\n\t\tjQuery(document).ready(function($){\r\n\t\t\t$('#advpsslideshow_3').bxSlider({\r\n\t\t\t\tuseCSS:1,\r\n\t\t\t\tslideMargin: 0,\r\n\t\t\t\tspeed: 5000,\t\t\t\t\r\n\t\t\t\t\t\t\t\tmode: 'fade',\r\n\t\t\t\t\t\t\t\t\t\t\t\tauto: 1,\r\n\t\t\t\tautoHover: 0,\r\n\t\t\t\tpause: 5000,\r\n\t\t\t\teasing: 'linear',\r\n\t\t\t\tcontrols: 0,\r\n\t\t\t\tpager: 1,\r\n  \t\t\t\tautoControls: 0\t\t\t\t\t\t\t});\r\n\t\t\t\t\t\t\t$(\"#advpsslideshow_3 .advs-title a\").hover(function(){\r\n\t\t\t\t\t$(this).css('color','#5e5e5e');\r\n\t\t\t\t},function(){\r\n\t\t\t\t\t$(this).css('color','#ff7c00');\r\n\t\t\t\t});\r\n\t\t\t\t\t\t$(\"#advpsslideshow_3 .advps-slide\").hover(function(){\r\n\t\t\t\t  \t\t\t},function(){\r\n\t\t\t\t\t\t\t});\r\n\t\t});\r\n\t<\/script>\r\n<div id=\"advps_container3\" class=\"advps-slide-container\" style=\"overflow:hidden;max-width:1000px;\">\r\n \r\n  <div id=\"advpsslideshow_3\">\r\n        <div class=\"advps-slide\">\r\n\t      <img loading=\"lazy\" decoding=\"async\" width=\"400\" height=\"300\" src=\"https:\/\/weltlaeden.de\/schweinfurt\/wp-content\/uploads\/sites\/103\/2025\/11\/IMG_7316-scaled-e1762720780121.jpeg\" class=\"attachment-full size-full wp-post-image\" alt=\"\" \/>             \r\n      <div class=\"advps-excerpt-one\" style=\"width:27%;height:100%;top:0; right:0;\">\r\n      \t<div class=\"advps-overlay-one\" style=\"background-color:#ffffff; -moz-opacity:0.97;filter:alpha(opacity=97);opacity:0.97;\"><\/div>\r\n        <div class=\"advps-excerpt-block-one\" style=\"text-align:left;color:#383838;-moz-opacity:1;filter:alpha(opacity=100);opacity:1;\">        \r\n        <h2 class=\"advs-title\" style=\"margin:5px 0px 10px 0px;color:#ff7c00\">R\u00f6stung gegen Rechts<\/h2>\r\n          \r\n            <p>Ein Kaffee f\u00fcr alle, die an eine offene Welt glauben.<\/p>\n        <\/div>\r\n      <\/div>\r\n    <\/div>\r\n        <div class=\"advps-slide\">\r\n\t      <img loading=\"lazy\" decoding=\"async\" width=\"420\" height=\"293\" src=\"https:\/\/weltlaeden.de\/schweinfurt\/wp-content\/uploads\/sites\/103\/2025\/03\/Kinderspielzeug_klein-1-e1742940176411.jpg\" class=\"attachment-full size-full wp-post-image\" alt=\"\" \/>             \r\n      <div class=\"advps-excerpt-one\" style=\"width:27%;height:100%;top:0; right:0;\">\r\n      \t<div class=\"advps-overlay-one\" style=\"background-color:#ffffff; -moz-opacity:0.97;filter:alpha(opacity=97);opacity:0.97;\"><\/div>\r\n        <div class=\"advps-excerpt-block-one\" style=\"text-align:left;color:#383838;-moz-opacity:1;filter:alpha(opacity=100);opacity:1;\">        \r\n        <h2 class=\"advs-title\" style=\"margin:5px 0px 10px 0px;color:#ff7c00\">Kinderspielzeug<\/h2>\r\n          \r\n            <p>Kuscheltiere in verschiedensten Ausf\u00fchrungen<\/p>\n        <\/div>\r\n      <\/div>\r\n    <\/div>\r\n        <div class=\"advps-slide\">\r\n\t      <img loading=\"lazy\" decoding=\"async\" width=\"421\" height=\"267\" src=\"https:\/\/weltlaeden.de\/schweinfurt\/wp-content\/uploads\/sites\/103\/2023\/01\/20221126_163258-e1672773743574.jpg\" class=\"attachment-full size-full wp-post-image\" alt=\"\" srcset=\"https:\/\/weltlaeden.de\/schweinfurt\/wp-content\/uploads\/sites\/103\/2023\/01\/20221126_163258-e1672773743574.jpg 421w, https:\/\/weltlaeden.de\/schweinfurt\/wp-content\/uploads\/sites\/103\/2023\/01\/20221126_163258-e1672773743574-300x190.jpg 300w\" sizes=\"auto, (max-width: 421px) 100vw, 421px\" \/>             \r\n      <div class=\"advps-excerpt-one\" style=\"width:27%;height:100%;top:0; right:0;\">\r\n      \t<div class=\"advps-overlay-one\" style=\"background-color:#ffffff; -moz-opacity:0.97;filter:alpha(opacity=97);opacity:0.97;\"><\/div>\r\n        <div class=\"advps-excerpt-block-one\" style=\"text-align:left;color:#383838;-moz-opacity:1;filter:alpha(opacity=100);opacity:1;\">        \r\n        <h2 class=\"advs-title\" style=\"margin:5px 0px 10px 0px;color:#ff7c00\">sch\u00f6ner Schmuck<\/h2>\r\n          \r\n            <p>verschiedenste Schmuckk\u00e4stchen und Schmuck<\/p>\n        <\/div>\r\n      <\/div>\r\n    <\/div>\r\n        <div class=\"advps-slide\">\r\n\t      <img loading=\"lazy\" decoding=\"async\" width=\"420\" height=\"297\" src=\"https:\/\/weltlaeden.de\/schweinfurt\/wp-content\/uploads\/sites\/103\/2024\/03\/Safe-passage-bags_cropped-e1709498218991.jpg\" class=\"attachment-full size-full wp-post-image\" alt=\"\" srcset=\"https:\/\/weltlaeden.de\/schweinfurt\/wp-content\/uploads\/sites\/103\/2024\/03\/Safe-passage-bags_cropped-e1709498218991.jpg 420w, https:\/\/weltlaeden.de\/schweinfurt\/wp-content\/uploads\/sites\/103\/2024\/03\/Safe-passage-bags_cropped-e1709498218991-300x212.jpg 300w\" sizes=\"auto, (max-width: 420px) 100vw, 420px\" \/>             \r\n      <div class=\"advps-excerpt-one\" style=\"width:27%;height:100%;top:0; right:0;\">\r\n      \t<div class=\"advps-overlay-one\" style=\"background-color:#ffffff; -moz-opacity:0.97;filter:alpha(opacity=97);opacity:0.97;\"><\/div>\r\n        <div class=\"advps-excerpt-block-one\" style=\"text-align:left;color:#383838;-moz-opacity:1;filter:alpha(opacity=100);opacity:1;\">        \r\n        <h2 class=\"advs-title\" style=\"margin:5px 0px 10px 0px;color:#ff7c00\">Save Passage Bags<\/h2>\r\n          \r\n            <p>Taschen aus Rettungs- westen und anderen Materialien, gen\u00e4ht von gefl\u00fcchteten Menschen und Inselbewohnern. &nbsp; Produziert in Upcycling Workshops von Lesvos Solidarity! &nbsp;<\/p>\n        <\/div>\r\n      <\/div>\r\n    <\/div>\r\n      <\/div>\r\n  <\/div><!-- end advps-slide-container -->\r\n<!-- \/ Advanced post slider a multipurpose responsive slideshow plugin -->\r\n[\/vc_column][\/vc_row][vc_row][vc_column][vc_separator color=&#8220;orange&#8220; border_width=&#8220;2&#8243;][vc_empty_space height=&#8220;20px&#8220;][vc_column_text]<\/p>\n<h2>Was Sie auf dieser Website finden:<\/h2>\n<p>[\/vc_column_text][vc_empty_space height=&#8220;20px&#8220;][vc_row_inner][vc_column_inner width=&#8220;1\/4&#8243;]<div class=\"wl_einzelbild\"><p><img loading=\"lazy\" decoding=\"async\" class=\"alignleft size-thumbnail wp-image-768\" src=\"https:\/\/weltlaeden.de\/schweinfurt\/wp-content\/uploads\/sites\/103\/2020\/01\/Geschenkkorb-Produktgr\u00f6\u00dfe-e1578755111222-150x150.jpg\" alt=\"\" width=\"150\" height=\"150\" \/><\/p><\/div>[\/vc_column_inner][vc_column_inner width=&#8220;3\/4&#8243;][vc_column_text]<\/p>\n<h3>Produkte<\/h3>\n<p>Unsere Produkte im Weltladen sind nat\u00fcrlich aus Fairem Handel. Bei uns finden Sie Lebensmittel, Kunsthandwerk, Kosmetik und vieles mehr. <a href=\"https:\/\/weltlaeden.de\/schweinfurt\/produkte\/\">Hier zeigen wir Ihnen unser Sortiment &#8230;<\/a>[\/vc_column_text][\/vc_column_inner][\/vc_row_inner][vc_row_inner][vc_column_inner width=&#8220;1\/4&#8243;]<div class=\"wl_einzelbild\"><p><img loading=\"lazy\" decoding=\"async\" class=\"alignleft size-full wp-image-746\" src=\"https:\/\/weltlaeden.de\/schweinfurt\/wp-content\/uploads\/sites\/103\/2020\/01\/Bildung-Vorschau-e1576352620459_hell-e1578170187826.jpg\" alt=\"\" width=\"150\" height=\"150\" \/><\/p><\/div>[\/vc_column_inner][vc_column_inner width=&#8220;3\/4&#8243;][vc_column_text]<\/p>\n<h3>Bildungsangebote<\/h3>\n<p>Unser Ziel ist es zum besseren Verst\u00e4ndnis globaler Zusammenh\u00e4nge beizutragen. <a href=\"https:\/\/weltlaeden.de\/schweinfurt\/bildungsangebot\/\">Unser Angebot finden sie hier&#8230;<\/a><\/p>\n<p>.[\/vc_column_text][\/vc_column_inner][\/vc_row_inner][vc_row_inner][vc_column_inner width=&#8220;1\/4&#8243;]<div class=\"wl_einzelbild\"><p><img loading=\"lazy\" decoding=\"async\" class=\"alignleft size-thumbnail wp-image-634\" src=\"https:\/\/weltlaeden.de\/schweinfurt\/wp-content\/uploads\/sites\/103\/2019\/12\/1-P-1-4-cusco-san-blas-4a-kunstmarkt-2-e1576347963775-150x145.jpg\" alt=\"\" width=\"150\" height=\"150\" \/><\/p><\/div>[\/vc_column_inner][vc_column_inner width=&#8220;3\/4&#8243;][vc_column_text]<\/p>\n<h3>Fairer Handel<\/h3>\n<p>Was meint Fairer Handel \u00fcberhaupt? Welche Kriterien m\u00fcssen eingehalten werden und wer \u00fcberpr\u00fcft diese? <a href=\"https:\/\/weltlaeden.de\/schweinfurt\/fairer-handel\/\">Erfahren Sie mehr &#8230;<\/a>[\/vc_column_text][\/vc_column_inner][\/vc_row_inner][vc_row_inner][vc_column_inner width=&#8220;1\/4&#8243;]<div class=\"wl_einzelbild\"><p><img loading=\"lazy\" decoding=\"async\" class=\"alignleft size-thumbnail wp-image-748\" src=\"https:\/\/weltlaeden.de\/schweinfurt\/wp-content\/uploads\/sites\/103\/2020\/01\/DSC09040-e1578173336991-150x150.jpg\" alt=\"\" width=\"150\" height=\"150\" \/><\/p><\/div>[\/vc_column_inner][vc_column_inner width=&#8220;3\/4&#8243;][vc_column_text]<\/p>\n<h3>\u00dcber uns<\/h3>\n<p>Wer wir sind, warum wir uns f\u00fcr Fairen Handel engagieren und wie man bei uns mitmachen kann &#8211; <a href=\"https:\/\/weltlaeden.de\/schweinfurt\/ueber-uns\/\">hier stellen wir uns vor &#8230;<\/a>[\/vc_column_text][\/vc_column_inner][\/vc_row_inner][vc_separator color=&#8220;orange&#8220; border_width=&#8220;2&#8243;][vc_empty_space height=&#8220;15px&#8220;][vc_row_inner][vc_column_inner width=&#8220;1\/4&#8243;][vc_single_image image=&#8220;982&#8243; css=&#8220;&#8220;][\/vc_column_inner][vc_column_inner width=&#8220;3\/4&#8243;][vc_column_text css=&#8220;&#8220;]<\/p>\n<p style=\"text-align: center\"><strong>Handyaktion geht weiter!<\/strong><\/p>\n<p style=\"text-align: center\">Geben Sie ihr altes Handy im Weltladen ab,<\/p>\n<p style=\"text-align: center\">die gebrauchten Handys werden von uns der &#8222;Fairwertung&#8220; zugef\u00fchrt.<\/p>\n<p style=\"text-align: center\">Spenden Sie ihr altes Handy und leisten so einen Beitrag zum Ressourcenschutz.<\/p>\n<p>[\/vc_column_text][\/vc_column_inner][\/vc_row_inner][\/vc_column][\/vc_row]<\/p>\n<\/div>","protected":false},"excerpt":{"rendered":"<p>[vc_row][vc_column][vc_empty_space height=&#8220;10px&#8220;][\/vc_column][\/vc_row][vc_row][vc_column][\/vc_column][\/vc_row][vc_row][vc_column][vc_empty_space height=&#8220;2px&#8220;][vc_column_text] Willkommen im Weltladen\u00a0Schweinfurt! [\/vc_column_text][vc_column_text]Wir freuen uns, Sie auf unserer Homepage begr\u00fc\u00dfen zu k\u00f6nnen. Informieren Sie sich \u00fcber den Weltladen, unser Sortiment, die&hellip;<\/p>\n","protected":false},"author":1,"featured_media":0,"parent":0,"menu_order":1,"comment_status":"closed","ping_status":"closed","template":"","meta":{"footnotes":""},"class_list":["post-20","page","type-page","status-publish","hentry","description-off"],"yoast_head":"<!-- This site is optimized with the Yoast SEO plugin v26.8 - https:\/\/yoast.com\/product\/yoast-seo-wordpress\/ -->\n<title>Weltladen Schweinfurt - Weltladen Schweinfurt<\/title>\n<meta name=\"robots\" content=\"index, follow, max-snippet:-1, max-image-preview:large, max-video-preview:-1\" \/>\n<link rel=\"canonical\" href=\"https:\/\/weltlaeden.de\/schweinfurt\/\" \/>\n<meta property=\"og:locale\" content=\"de_DE\" \/>\n<meta property=\"og:type\" content=\"article\" \/>\n<meta property=\"og:title\" content=\"Weltladen Schweinfurt - Weltladen Schweinfurt\" \/>\n<meta property=\"og:description\" content=\"[vc_row][vc_column][vc_empty_space height=&#8220;10px&#8220;][\/vc_column][\/vc_row][vc_row][vc_column][\/vc_column][\/vc_row][vc_row][vc_column][vc_empty_space height=&#8220;2px&#8220;][vc_column_text] Willkommen im Weltladen\u00a0Schweinfurt! [\/vc_column_text][vc_column_text]Wir freuen uns, Sie auf unserer Homepage begr\u00fc\u00dfen zu k\u00f6nnen. Informieren Sie sich \u00fcber den Weltladen, unser Sortiment, die&hellip;\" \/>\n<meta property=\"og:url\" content=\"https:\/\/weltlaeden.de\/schweinfurt\/\" \/>\n<meta property=\"og:site_name\" content=\"Weltladen Schweinfurt\" \/>\n<meta property=\"article:modified_time\" content=\"2026-04-12T13:50:34+00:00\" \/>\n<meta property=\"og:image\" content=\"https:\/\/weltlaeden.de\/schweinfurt\/wp-content\/uploads\/sites\/103\/2020\/01\/Bildung-Vorschau-e1576352620459_hell-e1578170187826.jpg\" \/>\n<meta name=\"twitter:card\" content=\"summary_large_image\" \/>\n<meta name=\"twitter:label1\" content=\"Gesch\u00e4tzte Lesezeit\" \/>\n\t<meta name=\"twitter:data1\" content=\"3\u00a0Minuten\" \/>\n<script type=\"application\/ld+json\" class=\"yoast-schema-graph\">{\"@context\":\"https:\/\/schema.org\",\"@graph\":[{\"@type\":\"WebPage\",\"@id\":\"https:\/\/weltlaeden.de\/schweinfurt\/\",\"url\":\"https:\/\/weltlaeden.de\/schweinfurt\/\",\"name\":\"Weltladen Schweinfurt - Weltladen Schweinfurt\",\"isPartOf\":{\"@id\":\"https:\/\/weltlaeden.de\/schweinfurt\/#website\"},\"primaryImageOfPage\":{\"@id\":\"https:\/\/weltlaeden.de\/schweinfurt\/#primaryimage\"},\"image\":{\"@id\":\"https:\/\/weltlaeden.de\/schweinfurt\/#primaryimage\"},\"thumbnailUrl\":\"https:\/\/weltlaeden.de\/schweinfurt\/wp-content\/uploads\/sites\/103\/2020\/01\/Bildung-Vorschau-e1576352620459_hell-e1578170187826.jpg\",\"datePublished\":\"2016-10-14T07:05:21+00:00\",\"dateModified\":\"2026-04-12T13:50:34+00:00\",\"breadcrumb\":{\"@id\":\"https:\/\/weltlaeden.de\/schweinfurt\/#breadcrumb\"},\"inLanguage\":\"de\",\"potentialAction\":[{\"@type\":\"ReadAction\",\"target\":[\"https:\/\/weltlaeden.de\/schweinfurt\/\"]}]},{\"@type\":\"ImageObject\",\"inLanguage\":\"de\",\"@id\":\"https:\/\/weltlaeden.de\/schweinfurt\/#primaryimage\",\"url\":\"https:\/\/weltlaeden.de\/schweinfurt\/wp-content\/uploads\/sites\/103\/2020\/01\/Bildung-Vorschau-e1576352620459_hell-e1578170187826.jpg\",\"contentUrl\":\"https:\/\/weltlaeden.de\/schweinfurt\/wp-content\/uploads\/sites\/103\/2020\/01\/Bildung-Vorschau-e1576352620459_hell-e1578170187826.jpg\",\"width\":386,\"height\":363},{\"@type\":\"BreadcrumbList\",\"@id\":\"https:\/\/weltlaeden.de\/schweinfurt\/#breadcrumb\",\"itemListElement\":[{\"@type\":\"ListItem\",\"position\":1,\"name\":\"Startseite\",\"item\":\"https:\/\/weltlaeden.de\/schweinfurt\/\"},{\"@type\":\"ListItem\",\"position\":2,\"name\":\"Weltladen Schweinfurt\"}]},{\"@type\":\"WebSite\",\"@id\":\"https:\/\/weltlaeden.de\/schweinfurt\/#website\",\"url\":\"https:\/\/weltlaeden.de\/schweinfurt\/\",\"name\":\"Weltladen Schweinfurt\",\"description\":\"Faire Produkte seit 1989\",\"potentialAction\":[{\"@type\":\"SearchAction\",\"target\":{\"@type\":\"EntryPoint\",\"urlTemplate\":\"https:\/\/weltlaeden.de\/schweinfurt\/?s={search_term_string}\"},\"query-input\":{\"@type\":\"PropertyValueSpecification\",\"valueRequired\":true,\"valueName\":\"search_term_string\"}}],\"inLanguage\":\"de\"}]}<\/script>\n<!-- \/ Yoast SEO plugin. -->","yoast_head_json":{"title":"Weltladen Schweinfurt - Weltladen Schweinfurt","robots":{"index":"index","follow":"follow","max-snippet":"max-snippet:-1","max-image-preview":"max-image-preview:large","max-video-preview":"max-video-preview:-1"},"canonical":"https:\/\/weltlaeden.de\/schweinfurt\/","og_locale":"de_DE","og_type":"article","og_title":"Weltladen Schweinfurt - Weltladen Schweinfurt","og_description":"[vc_row][vc_column][vc_empty_space height=&#8220;10px&#8220;][\/vc_column][\/vc_row][vc_row][vc_column][\/vc_column][\/vc_row][vc_row][vc_column][vc_empty_space height=&#8220;2px&#8220;][vc_column_text] Willkommen im Weltladen\u00a0Schweinfurt! [\/vc_column_text][vc_column_text]Wir freuen uns, Sie auf unserer Homepage begr\u00fc\u00dfen zu k\u00f6nnen. Informieren Sie sich \u00fcber den Weltladen, unser Sortiment, die&hellip;","og_url":"https:\/\/weltlaeden.de\/schweinfurt\/","og_site_name":"Weltladen Schweinfurt","article_modified_time":"2026-04-12T13:50:34+00:00","og_image":[{"url":"https:\/\/weltlaeden.de\/schweinfurt\/wp-content\/uploads\/sites\/103\/2020\/01\/Bildung-Vorschau-e1576352620459_hell-e1578170187826.jpg","type":"","width":"","height":""}],"twitter_card":"summary_large_image","twitter_misc":{"Gesch\u00e4tzte Lesezeit":"3\u00a0Minuten"},"schema":{"@context":"https:\/\/schema.org","@graph":[{"@type":"WebPage","@id":"https:\/\/weltlaeden.de\/schweinfurt\/","url":"https:\/\/weltlaeden.de\/schweinfurt\/","name":"Weltladen Schweinfurt - Weltladen Schweinfurt","isPartOf":{"@id":"https:\/\/weltlaeden.de\/schweinfurt\/#website"},"primaryImageOfPage":{"@id":"https:\/\/weltlaeden.de\/schweinfurt\/#primaryimage"},"image":{"@id":"https:\/\/weltlaeden.de\/schweinfurt\/#primaryimage"},"thumbnailUrl":"https:\/\/weltlaeden.de\/schweinfurt\/wp-content\/uploads\/sites\/103\/2020\/01\/Bildung-Vorschau-e1576352620459_hell-e1578170187826.jpg","datePublished":"2016-10-14T07:05:21+00:00","dateModified":"2026-04-12T13:50:34+00:00","breadcrumb":{"@id":"https:\/\/weltlaeden.de\/schweinfurt\/#breadcrumb"},"inLanguage":"de","potentialAction":[{"@type":"ReadAction","target":["https:\/\/weltlaeden.de\/schweinfurt\/"]}]},{"@type":"ImageObject","inLanguage":"de","@id":"https:\/\/weltlaeden.de\/schweinfurt\/#primaryimage","url":"https:\/\/weltlaeden.de\/schweinfurt\/wp-content\/uploads\/sites\/103\/2020\/01\/Bildung-Vorschau-e1576352620459_hell-e1578170187826.jpg","contentUrl":"https:\/\/weltlaeden.de\/schweinfurt\/wp-content\/uploads\/sites\/103\/2020\/01\/Bildung-Vorschau-e1576352620459_hell-e1578170187826.jpg","width":386,"height":363},{"@type":"BreadcrumbList","@id":"https:\/\/weltlaeden.de\/schweinfurt\/#breadcrumb","itemListElement":[{"@type":"ListItem","position":1,"name":"Startseite","item":"https:\/\/weltlaeden.de\/schweinfurt\/"},{"@type":"ListItem","position":2,"name":"Weltladen Schweinfurt"}]},{"@type":"WebSite","@id":"https:\/\/weltlaeden.de\/schweinfurt\/#website","url":"https:\/\/weltlaeden.de\/schweinfurt\/","name":"Weltladen Schweinfurt","description":"Faire Produkte seit 1989","potentialAction":[{"@type":"SearchAction","target":{"@type":"EntryPoint","urlTemplate":"https:\/\/weltlaeden.de\/schweinfurt\/?s={search_term_string}"},"query-input":{"@type":"PropertyValueSpecification","valueRequired":true,"valueName":"search_term_string"}}],"inLanguage":"de"}]}},"_links":{"self":[{"href":"https:\/\/weltlaeden.de\/schweinfurt\/wp-json\/wp\/v2\/pages\/20","targetHints":{"allow":["GET"]}}],"collection":[{"href":"https:\/\/weltlaeden.de\/schweinfurt\/wp-json\/wp\/v2\/pages"}],"about":[{"href":"https:\/\/weltlaeden.de\/schweinfurt\/wp-json\/wp\/v2\/types\/page"}],"author":[{"embeddable":true,"href":"https:\/\/weltlaeden.de\/schweinfurt\/wp-json\/wp\/v2\/users\/1"}],"replies":[{"embeddable":true,"href":"https:\/\/weltlaeden.de\/schweinfurt\/wp-json\/wp\/v2\/comments?post=20"}],"version-history":[{"count":631,"href":"https:\/\/weltlaeden.de\/schweinfurt\/wp-json\/wp\/v2\/pages\/20\/revisions"}],"predecessor-version":[{"id":2549,"href":"https:\/\/weltlaeden.de\/schweinfurt\/wp-json\/wp\/v2\/pages\/20\/revisions\/2549"}],"wp:attachment":[{"href":"https:\/\/weltlaeden.de\/schweinfurt\/wp-json\/wp\/v2\/media?parent=20"}],"curies":[{"name":"wp","href":"https:\/\/api.w.org\/{rel}","templated":true}]}}